{"id":8888,"date":"2023-11-14T20:58:36","date_gmt":"2023-11-14T20:58:36","guid":{"rendered":"https:\/\/abaa.mx\/tienda\/?post_type=product&#038;p=8888"},"modified":"2023-11-14T20:58:36","modified_gmt":"2023-11-14T20:58:36","slug":"sonometro-analizador-octavas-de-banda-tipo-1-1358e","status":"publish","type":"product","link":"https:\/\/abaa.mx\/tienda\/sonometro-analizador-octavas-de-banda-tipo-1-1358e\/","title":{"rendered":"Sonometro Analizador Octavas de Banda Tipo 1 &#8211; 1358E"},"content":{"rendered":"<p>Sonometro Analizador Octavas de Banda Tipo 1 &#8211; 1358E.<\/p>\n","protected":false},"excerpt":{"rendered":"<p><b>TES-1358E<\/b>\u00a0Analizador de sonido<\/p>\n<p><b>Caracter\u00edsticas del producto:<\/b><\/p>\n<ul>\n<li>Rango din\u00e1mico de 90 dB.<\/li>\n<li>Reclamaci\u00f3n con norma IEC 61672-1 Class1.<\/li>\n<li>Tarjeta micro SD 4GB.<\/li>\n<li>La medici\u00f3n puede iniciarse mediante un disparador externo interno.<\/li>\n<li>Salidas AC y DC.<\/li>\n<li>An\u00e1lisis en tiempo real de 1\/1 de octava y 1\/3 de octava.<\/li>\n<li>Pantalla TFT LCD a color con retroiluminaci\u00f3n de muy alto contraste.<\/li>\n<li>Transferencia de datos mediante USB.<\/li>\n<li>Salida del comparador para disparar dispositivos externos.<\/li>\n<\/ul>\n","protected":false},"featured_media":8889,"comment_status":"open","ping_status":"closed","template":"","meta":{"_joinchat":[]},"product_brand":[],"product_cat":[131],"product_tag":[],"class_list":{"0":"post-8888","1":"product","2":"type-product","3":"status-publish","4":"has-post-thumbnail","6":"product_cat-sonometros","8":"first","9":"instock","10":"shipping-taxable","11":"product-type-simple"},"yoast_head":"<!-- This site is optimized with the Yoast SEO plugin v26.4 - https:\/\/yoast.com\/wordpress\/plugins\/seo\/ -->\n<title>Sonometro Analizador Octavas de Banda Tipo 1 - 1358E - Abaa tienda online<\/title>\n<meta name=\"robots\" content=\"index, follow, max-snippet:-1, max-image-preview:large, max-video-preview:-1\" \/>\n<link rel=\"canonical\" href=\"https:\/\/abaa.mx\/tienda\/sonometro-analizador-octavas-de-banda-tipo-1-1358e\/\" \/>\n<meta property=\"og:locale\" content=\"es_MX\" \/>\n<meta property=\"og:type\" content=\"article\" \/>\n<meta property=\"og:title\" content=\"Sonometro Analizador Octavas de Banda Tipo 1 - 1358E - Abaa tienda online\" \/>\n<meta property=\"og:description\" content=\"TES-1358E\u00a0Analizador de sonido  Caracter\u00edsticas del producto:   Rango din\u00e1mico de 90 dB.  Reclamaci\u00f3n con norma IEC 61672-1 Class1.  Tarjeta micro SD 4GB.  La medici\u00f3n puede iniciarse mediante un disparador externo interno.  Salidas AC y DC.  An\u00e1lisis en tiempo real de 1\/1 de octava y 1\/3 de octava.  Pantalla TFT LCD a color con retroiluminaci\u00f3n de muy alto contraste.  Transferencia de datos mediante USB.  Salida del comparador para disparar dispositivos externos.\" \/>\n<meta property=\"og:url\" content=\"https:\/\/abaa.mx\/tienda\/sonometro-analizador-octavas-de-banda-tipo-1-1358e\/\" \/>\n<meta property=\"og:site_name\" content=\"Abaa tienda online\" \/>\n<meta property=\"og:image\" content=\"https:\/\/abaa.mx\/tienda\/wp-content\/uploads\/2023\/11\/TES-1358E.jpg\" \/>\n\t<meta property=\"og:image:width\" content=\"381\" \/>\n\t<meta property=\"og:image:height\" content=\"451\" \/>\n\t<meta property=\"og:image:type\" content=\"image\/jpeg\" \/>\n<meta name=\"twitter:card\" content=\"summary_large_image\" \/>\n<meta name=\"twitter:label1\" content=\"Tiempo de lectura\" \/>\n\t<meta name=\"twitter:data1\" content=\"1 minuto\" \/>\n<script type=\"application\/ld+json\" class=\"yoast-schema-graph\">{\"@context\":\"https:\/\/schema.org\",\"@graph\":[{\"@type\":\"WebPage\",\"@id\":\"https:\/\/abaa.mx\/tienda\/sonometro-analizador-octavas-de-banda-tipo-1-1358e\/\",\"url\":\"https:\/\/abaa.mx\/tienda\/sonometro-analizador-octavas-de-banda-tipo-1-1358e\/\",\"name\":\"Sonometro Analizador Octavas de Banda Tipo 1 - 1358E - Abaa tienda online\",\"isPartOf\":{\"@id\":\"https:\/\/abaa.mx\/tienda\/#website\"},\"primaryImageOfPage\":{\"@id\":\"https:\/\/abaa.mx\/tienda\/sonometro-analizador-octavas-de-banda-tipo-1-1358e\/#primaryimage\"},\"image\":{\"@id\":\"https:\/\/abaa.mx\/tienda\/sonometro-analizador-octavas-de-banda-tipo-1-1358e\/#primaryimage\"},\"thumbnailUrl\":\"https:\/\/abaa.mx\/tienda\/wp-content\/uploads\/2023\/11\/TES-1358E.jpg\",\"datePublished\":\"2023-11-14T20:58:36+00:00\",\"breadcrumb\":{\"@id\":\"https:\/\/abaa.mx\/tienda\/sonometro-analizador-octavas-de-banda-tipo-1-1358e\/#breadcrumb\"},\"inLanguage\":\"es\",\"potentialAction\":[{\"@type\":\"ReadAction\",\"target\":[\"https:\/\/abaa.mx\/tienda\/sonometro-analizador-octavas-de-banda-tipo-1-1358e\/\"]}]},{\"@type\":\"ImageObject\",\"inLanguage\":\"es\",\"@id\":\"https:\/\/abaa.mx\/tienda\/sonometro-analizador-octavas-de-banda-tipo-1-1358e\/#primaryimage\",\"url\":\"https:\/\/abaa.mx\/tienda\/wp-content\/uploads\/2023\/11\/TES-1358E.jpg\",\"contentUrl\":\"https:\/\/abaa.mx\/tienda\/wp-content\/uploads\/2023\/11\/TES-1358E.jpg\",\"width\":381,\"height\":451,\"caption\":\"TES-1358E\"},{\"@type\":\"BreadcrumbList\",\"@id\":\"https:\/\/abaa.mx\/tienda\/sonometro-analizador-octavas-de-banda-tipo-1-1358e\/#breadcrumb\",\"itemListElement\":[{\"@type\":\"ListItem\",\"position\":1,\"name\":\"Inicio\",\"item\":\"https:\/\/abaa.mx\/tienda\/\"},{\"@type\":\"ListItem\",\"position\":2,\"name\":\"Tienda\",\"item\":\"https:\/\/abaa.mx\/tienda\/\"},{\"@type\":\"ListItem\",\"position\":3,\"name\":\"Sonometro Analizador Octavas de Banda Tipo 1 &#8211; 1358E\"}]},{\"@type\":\"WebSite\",\"@id\":\"https:\/\/abaa.mx\/tienda\/#website\",\"url\":\"https:\/\/abaa.mx\/tienda\/\",\"name\":\"Abaa tienda online\",\"description\":\"Instrumentos de medici\u00f3n\",\"publisher\":{\"@id\":\"https:\/\/abaa.mx\/tienda\/#organization\"},\"potentialAction\":[{\"@type\":\"SearchAction\",\"target\":{\"@type\":\"EntryPoint\",\"urlTemplate\":\"https:\/\/abaa.mx\/tienda\/?s={search_term_string}\"},\"query-input\":{\"@type\":\"PropertyValueSpecification\",\"valueRequired\":true,\"valueName\":\"search_term_string\"}}],\"inLanguage\":\"es\"},{\"@type\":\"Organization\",\"@id\":\"https:\/\/abaa.mx\/tienda\/#organization\",\"name\":\"Abaa tienda online\",\"url\":\"https:\/\/abaa.mx\/tienda\/\",\"logo\":{\"@type\":\"ImageObject\",\"inLanguage\":\"es\",\"@id\":\"https:\/\/abaa.mx\/tienda\/#\/schema\/logo\/image\/\",\"url\":\"https:\/\/abaa.mx\/tienda\/wp-content\/uploads\/2024\/01\/abaa-metrologia-tienda.png\",\"contentUrl\":\"https:\/\/abaa.mx\/tienda\/wp-content\/uploads\/2024\/01\/abaa-metrologia-tienda.png\",\"width\":300,\"height\":141,\"caption\":\"Abaa tienda online\"},\"image\":{\"@id\":\"https:\/\/abaa.mx\/tienda\/#\/schema\/logo\/image\/\"}}]}<\/script>\n<!-- \/ Yoast SEO plugin. -->","yoast_head_json":{"title":"Sonometro Analizador Octavas de Banda Tipo 1 - 1358E - Abaa tienda online","robots":{"index":"index","follow":"follow","max-snippet":"max-snippet:-1","max-image-preview":"max-image-preview:large","max-video-preview":"max-video-preview:-1"},"canonical":"https:\/\/abaa.mx\/tienda\/sonometro-analizador-octavas-de-banda-tipo-1-1358e\/","og_locale":"es_MX","og_type":"article","og_title":"Sonometro Analizador Octavas de Banda Tipo 1 - 1358E - Abaa tienda online","og_description":"TES-1358E\u00a0Analizador de sonido  Caracter\u00edsticas del producto:   Rango din\u00e1mico de 90 dB.  Reclamaci\u00f3n con norma IEC 61672-1 Class1.  Tarjeta micro SD 4GB.  La medici\u00f3n puede iniciarse mediante un disparador externo interno.  Salidas AC y DC.  An\u00e1lisis en tiempo real de 1\/1 de octava y 1\/3 de octava.  Pantalla TFT LCD a color con retroiluminaci\u00f3n de muy alto contraste.  Transferencia de datos mediante USB.  Salida del comparador para disparar dispositivos externos.","og_url":"https:\/\/abaa.mx\/tienda\/sonometro-analizador-octavas-de-banda-tipo-1-1358e\/","og_site_name":"Abaa tienda online","og_image":[{"width":381,"height":451,"url":"https:\/\/abaa.mx\/tienda\/wp-content\/uploads\/2023\/11\/TES-1358E.jpg","type":"image\/jpeg"}],"twitter_card":"summary_large_image","twitter_misc":{"Tiempo de lectura":"1 minuto"},"schema":{"@context":"https:\/\/schema.org","@graph":[{"@type":"WebPage","@id":"https:\/\/abaa.mx\/tienda\/sonometro-analizador-octavas-de-banda-tipo-1-1358e\/","url":"https:\/\/abaa.mx\/tienda\/sonometro-analizador-octavas-de-banda-tipo-1-1358e\/","name":"Sonometro Analizador Octavas de Banda Tipo 1 - 1358E - Abaa tienda online","isPartOf":{"@id":"https:\/\/abaa.mx\/tienda\/#website"},"primaryImageOfPage":{"@id":"https:\/\/abaa.mx\/tienda\/sonometro-analizador-octavas-de-banda-tipo-1-1358e\/#primaryimage"},"image":{"@id":"https:\/\/abaa.mx\/tienda\/sonometro-analizador-octavas-de-banda-tipo-1-1358e\/#primaryimage"},"thumbnailUrl":"https:\/\/abaa.mx\/tienda\/wp-content\/uploads\/2023\/11\/TES-1358E.jpg","datePublished":"2023-11-14T20:58:36+00:00","breadcrumb":{"@id":"https:\/\/abaa.mx\/tienda\/sonometro-analizador-octavas-de-banda-tipo-1-1358e\/#breadcrumb"},"inLanguage":"es","potentialAction":[{"@type":"ReadAction","target":["https:\/\/abaa.mx\/tienda\/sonometro-analizador-octavas-de-banda-tipo-1-1358e\/"]}]},{"@type":"ImageObject","inLanguage":"es","@id":"https:\/\/abaa.mx\/tienda\/sonometro-analizador-octavas-de-banda-tipo-1-1358e\/#primaryimage","url":"https:\/\/abaa.mx\/tienda\/wp-content\/uploads\/2023\/11\/TES-1358E.jpg","contentUrl":"https:\/\/abaa.mx\/tienda\/wp-content\/uploads\/2023\/11\/TES-1358E.jpg","width":381,"height":451,"caption":"TES-1358E"},{"@type":"BreadcrumbList","@id":"https:\/\/abaa.mx\/tienda\/sonometro-analizador-octavas-de-banda-tipo-1-1358e\/#breadcrumb","itemListElement":[{"@type":"ListItem","position":1,"name":"Inicio","item":"https:\/\/abaa.mx\/tienda\/"},{"@type":"ListItem","position":2,"name":"Tienda","item":"https:\/\/abaa.mx\/tienda\/"},{"@type":"ListItem","position":3,"name":"Sonometro Analizador Octavas de Banda Tipo 1 &#8211; 1358E"}]},{"@type":"WebSite","@id":"https:\/\/abaa.mx\/tienda\/#website","url":"https:\/\/abaa.mx\/tienda\/","name":"Abaa tienda online","description":"Instrumentos de medici\u00f3n","publisher":{"@id":"https:\/\/abaa.mx\/tienda\/#organization"},"potentialAction":[{"@type":"SearchAction","target":{"@type":"EntryPoint","urlTemplate":"https:\/\/abaa.mx\/tienda\/?s={search_term_string}"},"query-input":{"@type":"PropertyValueSpecification","valueRequired":true,"valueName":"search_term_string"}}],"inLanguage":"es"},{"@type":"Organization","@id":"https:\/\/abaa.mx\/tienda\/#organization","name":"Abaa tienda online","url":"https:\/\/abaa.mx\/tienda\/","logo":{"@type":"ImageObject","inLanguage":"es","@id":"https:\/\/abaa.mx\/tienda\/#\/schema\/logo\/image\/","url":"https:\/\/abaa.mx\/tienda\/wp-content\/uploads\/2024\/01\/abaa-metrologia-tienda.png","contentUrl":"https:\/\/abaa.mx\/tienda\/wp-content\/uploads\/2024\/01\/abaa-metrologia-tienda.png","width":300,"height":141,"caption":"Abaa tienda online"},"image":{"@id":"https:\/\/abaa.mx\/tienda\/#\/schema\/logo\/image\/"}}]}},"_links":{"self":[{"href":"https:\/\/abaa.mx\/tienda\/wp-json\/wp\/v2\/product\/8888","targetHints":{"allow":["GET"]}}],"collection":[{"href":"https:\/\/abaa.mx\/tienda\/wp-json\/wp\/v2\/product"}],"about":[{"href":"https:\/\/abaa.mx\/tienda\/wp-json\/wp\/v2\/types\/product"}],"replies":[{"embeddable":true,"href":"https:\/\/abaa.mx\/tienda\/wp-json\/wp\/v2\/comments?post=8888"}],"wp:featuredmedia":[{"embeddable":true,"href":"https:\/\/abaa.mx\/tienda\/wp-json\/wp\/v2\/media\/8889"}],"wp:attachment":[{"href":"https:\/\/abaa.mx\/tienda\/wp-json\/wp\/v2\/media?parent=8888"}],"wp:term":[{"taxonomy":"product_brand","embeddable":true,"href":"https:\/\/abaa.mx\/tienda\/wp-json\/wp\/v2\/product_brand?post=8888"},{"taxonomy":"product_cat","embeddable":true,"href":"https:\/\/abaa.mx\/tienda\/wp-json\/wp\/v2\/product_cat?post=8888"},{"taxonomy":"product_tag","embeddable":true,"href":"https:\/\/abaa.mx\/tienda\/wp-json\/wp\/v2\/product_tag?post=8888"}],"curies":[{"name":"wp","href":"https:\/\/api.w.org\/{rel}","templated":true}]}}