{"id":8886,"date":"2023-11-14T20:53:24","date_gmt":"2023-11-14T20:53:24","guid":{"rendered":"https:\/\/abaa.mx\/tienda\/?post_type=product&#038;p=8886"},"modified":"2023-11-14T20:53:24","modified_gmt":"2023-11-14T20:53:24","slug":"medidor-de-nivel-de-sonido-integrador-clase-1-tenmars-st106","status":"publish","type":"product","link":"https:\/\/abaa.mx\/tienda\/medidor-de-nivel-de-sonido-integrador-clase-1-tenmars-st106\/","title":{"rendered":"Medidor de nivel de sonido integrador, Clase 1, Tenmars &#8211; ST106"},"content":{"rendered":"<p>Medidor de nivel de sonido integrador, Clase 1, Tenmars &#8211; ST106.<\/p>\n","protected":false},"excerpt":{"rendered":"<p>F\u00e1cil de usar Precio competitivo Rango din\u00e1mico 110dB Alto rendimiento que mide Lxyi, Lxyp. Lxeq, Lxmax, Lxmin, LAE, Lcpeak, Lzpeak funcionan simult\u00e1neamente Cumple con IEC-61672-2013 Clase 1, NOM-081-SEMARNAT.<\/p>\n<p><b>Caracter\u00edsticas:<\/b><\/p>\n<ul>\n<li>Amplio rango de medici\u00f3n: 30 dB-130dB.<\/li>\n<li>Amplio rango din\u00e1mico: 110 dB.<\/li>\n<li>Ponderaci\u00f3n de frecuencia A \/ C \/ Z.<\/li>\n<li>Frecuencia de muestreo: 20.8?S (48 KHz).<\/li>\n<li>R\u00e1pido, lento, aumenta el tiempo de respuesta.<\/li>\n<li>Amplio rango de frecuencia: 10Hz-16KHz.<\/li>\n<\/ul>\n","protected":false},"featured_media":8887,"comment_status":"open","ping_status":"closed","template":"","meta":{"_joinchat":[]},"product_brand":[],"product_cat":[131],"product_tag":[],"class_list":{"0":"post-8886","1":"product","2":"type-product","3":"status-publish","4":"has-post-thumbnail","6":"product_cat-sonometros","8":"first","9":"instock","10":"shipping-taxable","11":"product-type-simple"},"yoast_head":"<!-- This site is optimized with the Yoast SEO plugin v26.4 - https:\/\/yoast.com\/wordpress\/plugins\/seo\/ -->\n<title>Medidor de nivel de sonido integrador, Clase 1, Tenmars - ST106 - Abaa tienda online<\/title>\n<meta name=\"robots\" content=\"index, follow, max-snippet:-1, max-image-preview:large, max-video-preview:-1\" \/>\n<link rel=\"canonical\" href=\"https:\/\/abaa.mx\/tienda\/medidor-de-nivel-de-sonido-integrador-clase-1-tenmars-st106\/\" \/>\n<meta property=\"og:locale\" content=\"es_MX\" \/>\n<meta property=\"og:type\" content=\"article\" \/>\n<meta property=\"og:title\" content=\"Medidor de nivel de sonido integrador, Clase 1, Tenmars - ST106 - Abaa tienda online\" \/>\n<meta property=\"og:description\" content=\"F\u00e1cil de usar Precio competitivo Rango din\u00e1mico 110dB Alto rendimiento que mide Lxyi, Lxyp. Lxeq, Lxmax, Lxmin, LAE, Lcpeak, Lzpeak funcionan simult\u00e1neamente Cumple con IEC-61672-2013 Clase 1, NOM-081-SEMARNAT.  Caracter\u00edsticas:   Amplio rango de medici\u00f3n: 30 dB-130dB.  Amplio rango din\u00e1mico: 110 dB.  Ponderaci\u00f3n de frecuencia A \/ C \/ Z.  Frecuencia de muestreo: 20.8?S (48 KHz).  R\u00e1pido, lento, aumenta el tiempo de respuesta.  Amplio rango de frecuencia: 10Hz-16KHz.\" \/>\n<meta property=\"og:url\" content=\"https:\/\/abaa.mx\/tienda\/medidor-de-nivel-de-sonido-integrador-clase-1-tenmars-st106\/\" \/>\n<meta property=\"og:site_name\" content=\"Abaa tienda online\" \/>\n<meta property=\"og:image\" content=\"https:\/\/abaa.mx\/tienda\/wp-content\/uploads\/2023\/11\/TENMARS-ST106.jpg\" \/>\n\t<meta property=\"og:image:width\" content=\"386\" \/>\n\t<meta property=\"og:image:height\" content=\"420\" \/>\n\t<meta property=\"og:image:type\" content=\"image\/jpeg\" \/>\n<meta name=\"twitter:card\" content=\"summary_large_image\" \/>\n<meta name=\"twitter:label1\" content=\"Tiempo de lectura\" \/>\n\t<meta name=\"twitter:data1\" content=\"1 minuto\" \/>\n<script type=\"application\/ld+json\" class=\"yoast-schema-graph\">{\"@context\":\"https:\/\/schema.org\",\"@graph\":[{\"@type\":\"WebPage\",\"@id\":\"https:\/\/abaa.mx\/tienda\/medidor-de-nivel-de-sonido-integrador-clase-1-tenmars-st106\/\",\"url\":\"https:\/\/abaa.mx\/tienda\/medidor-de-nivel-de-sonido-integrador-clase-1-tenmars-st106\/\",\"name\":\"Medidor de nivel de sonido integrador, Clase 1, Tenmars - ST106 - Abaa tienda online\",\"isPartOf\":{\"@id\":\"https:\/\/abaa.mx\/tienda\/#website\"},\"primaryImageOfPage\":{\"@id\":\"https:\/\/abaa.mx\/tienda\/medidor-de-nivel-de-sonido-integrador-clase-1-tenmars-st106\/#primaryimage\"},\"image\":{\"@id\":\"https:\/\/abaa.mx\/tienda\/medidor-de-nivel-de-sonido-integrador-clase-1-tenmars-st106\/#primaryimage\"},\"thumbnailUrl\":\"https:\/\/abaa.mx\/tienda\/wp-content\/uploads\/2023\/11\/TENMARS-ST106.jpg\",\"datePublished\":\"2023-11-14T20:53:24+00:00\",\"breadcrumb\":{\"@id\":\"https:\/\/abaa.mx\/tienda\/medidor-de-nivel-de-sonido-integrador-clase-1-tenmars-st106\/#breadcrumb\"},\"inLanguage\":\"es\",\"potentialAction\":[{\"@type\":\"ReadAction\",\"target\":[\"https:\/\/abaa.mx\/tienda\/medidor-de-nivel-de-sonido-integrador-clase-1-tenmars-st106\/\"]}]},{\"@type\":\"ImageObject\",\"inLanguage\":\"es\",\"@id\":\"https:\/\/abaa.mx\/tienda\/medidor-de-nivel-de-sonido-integrador-clase-1-tenmars-st106\/#primaryimage\",\"url\":\"https:\/\/abaa.mx\/tienda\/wp-content\/uploads\/2023\/11\/TENMARS-ST106.jpg\",\"contentUrl\":\"https:\/\/abaa.mx\/tienda\/wp-content\/uploads\/2023\/11\/TENMARS-ST106.jpg\",\"width\":386,\"height\":420,\"caption\":\"TENMARS-ST106\"},{\"@type\":\"BreadcrumbList\",\"@id\":\"https:\/\/abaa.mx\/tienda\/medidor-de-nivel-de-sonido-integrador-clase-1-tenmars-st106\/#breadcrumb\",\"itemListElement\":[{\"@type\":\"ListItem\",\"position\":1,\"name\":\"Inicio\",\"item\":\"https:\/\/abaa.mx\/tienda\/\"},{\"@type\":\"ListItem\",\"position\":2,\"name\":\"Tienda\",\"item\":\"https:\/\/abaa.mx\/tienda\/\"},{\"@type\":\"ListItem\",\"position\":3,\"name\":\"Medidor de nivel de sonido integrador, Clase 1, Tenmars &#8211; ST106\"}]},{\"@type\":\"WebSite\",\"@id\":\"https:\/\/abaa.mx\/tienda\/#website\",\"url\":\"https:\/\/abaa.mx\/tienda\/\",\"name\":\"Abaa tienda online\",\"description\":\"Instrumentos de medici\u00f3n\",\"publisher\":{\"@id\":\"https:\/\/abaa.mx\/tienda\/#organization\"},\"potentialAction\":[{\"@type\":\"SearchAction\",\"target\":{\"@type\":\"EntryPoint\",\"urlTemplate\":\"https:\/\/abaa.mx\/tienda\/?s={search_term_string}\"},\"query-input\":{\"@type\":\"PropertyValueSpecification\",\"valueRequired\":true,\"valueName\":\"search_term_string\"}}],\"inLanguage\":\"es\"},{\"@type\":\"Organization\",\"@id\":\"https:\/\/abaa.mx\/tienda\/#organization\",\"name\":\"Abaa tienda online\",\"url\":\"https:\/\/abaa.mx\/tienda\/\",\"logo\":{\"@type\":\"ImageObject\",\"inLanguage\":\"es\",\"@id\":\"https:\/\/abaa.mx\/tienda\/#\/schema\/logo\/image\/\",\"url\":\"https:\/\/abaa.mx\/tienda\/wp-content\/uploads\/2024\/01\/abaa-metrologia-tienda.png\",\"contentUrl\":\"https:\/\/abaa.mx\/tienda\/wp-content\/uploads\/2024\/01\/abaa-metrologia-tienda.png\",\"width\":300,\"height\":141,\"caption\":\"Abaa tienda online\"},\"image\":{\"@id\":\"https:\/\/abaa.mx\/tienda\/#\/schema\/logo\/image\/\"}}]}<\/script>\n<!-- \/ Yoast SEO plugin. -->","yoast_head_json":{"title":"Medidor de nivel de sonido integrador, Clase 1, Tenmars - ST106 - Abaa tienda online","robots":{"index":"index","follow":"follow","max-snippet":"max-snippet:-1","max-image-preview":"max-image-preview:large","max-video-preview":"max-video-preview:-1"},"canonical":"https:\/\/abaa.mx\/tienda\/medidor-de-nivel-de-sonido-integrador-clase-1-tenmars-st106\/","og_locale":"es_MX","og_type":"article","og_title":"Medidor de nivel de sonido integrador, Clase 1, Tenmars - ST106 - Abaa tienda online","og_description":"F\u00e1cil de usar Precio competitivo Rango din\u00e1mico 110dB Alto rendimiento que mide Lxyi, Lxyp. Lxeq, Lxmax, Lxmin, LAE, Lcpeak, Lzpeak funcionan simult\u00e1neamente Cumple con IEC-61672-2013 Clase 1, NOM-081-SEMARNAT.  Caracter\u00edsticas:   Amplio rango de medici\u00f3n: 30 dB-130dB.  Amplio rango din\u00e1mico: 110 dB.  Ponderaci\u00f3n de frecuencia A \/ C \/ Z.  Frecuencia de muestreo: 20.8?S (48 KHz).  R\u00e1pido, lento, aumenta el tiempo de respuesta.  Amplio rango de frecuencia: 10Hz-16KHz.","og_url":"https:\/\/abaa.mx\/tienda\/medidor-de-nivel-de-sonido-integrador-clase-1-tenmars-st106\/","og_site_name":"Abaa tienda online","og_image":[{"width":386,"height":420,"url":"https:\/\/abaa.mx\/tienda\/wp-content\/uploads\/2023\/11\/TENMARS-ST106.jpg","type":"image\/jpeg"}],"twitter_card":"summary_large_image","twitter_misc":{"Tiempo de lectura":"1 minuto"},"schema":{"@context":"https:\/\/schema.org","@graph":[{"@type":"WebPage","@id":"https:\/\/abaa.mx\/tienda\/medidor-de-nivel-de-sonido-integrador-clase-1-tenmars-st106\/","url":"https:\/\/abaa.mx\/tienda\/medidor-de-nivel-de-sonido-integrador-clase-1-tenmars-st106\/","name":"Medidor de nivel de sonido integrador, Clase 1, Tenmars - ST106 - Abaa tienda online","isPartOf":{"@id":"https:\/\/abaa.mx\/tienda\/#website"},"primaryImageOfPage":{"@id":"https:\/\/abaa.mx\/tienda\/medidor-de-nivel-de-sonido-integrador-clase-1-tenmars-st106\/#primaryimage"},"image":{"@id":"https:\/\/abaa.mx\/tienda\/medidor-de-nivel-de-sonido-integrador-clase-1-tenmars-st106\/#primaryimage"},"thumbnailUrl":"https:\/\/abaa.mx\/tienda\/wp-content\/uploads\/2023\/11\/TENMARS-ST106.jpg","datePublished":"2023-11-14T20:53:24+00:00","breadcrumb":{"@id":"https:\/\/abaa.mx\/tienda\/medidor-de-nivel-de-sonido-integrador-clase-1-tenmars-st106\/#breadcrumb"},"inLanguage":"es","potentialAction":[{"@type":"ReadAction","target":["https:\/\/abaa.mx\/tienda\/medidor-de-nivel-de-sonido-integrador-clase-1-tenmars-st106\/"]}]},{"@type":"ImageObject","inLanguage":"es","@id":"https:\/\/abaa.mx\/tienda\/medidor-de-nivel-de-sonido-integrador-clase-1-tenmars-st106\/#primaryimage","url":"https:\/\/abaa.mx\/tienda\/wp-content\/uploads\/2023\/11\/TENMARS-ST106.jpg","contentUrl":"https:\/\/abaa.mx\/tienda\/wp-content\/uploads\/2023\/11\/TENMARS-ST106.jpg","width":386,"height":420,"caption":"TENMARS-ST106"},{"@type":"BreadcrumbList","@id":"https:\/\/abaa.mx\/tienda\/medidor-de-nivel-de-sonido-integrador-clase-1-tenmars-st106\/#breadcrumb","itemListElement":[{"@type":"ListItem","position":1,"name":"Inicio","item":"https:\/\/abaa.mx\/tienda\/"},{"@type":"ListItem","position":2,"name":"Tienda","item":"https:\/\/abaa.mx\/tienda\/"},{"@type":"ListItem","position":3,"name":"Medidor de nivel de sonido integrador, Clase 1, Tenmars &#8211; ST106"}]},{"@type":"WebSite","@id":"https:\/\/abaa.mx\/tienda\/#website","url":"https:\/\/abaa.mx\/tienda\/","name":"Abaa tienda online","description":"Instrumentos de medici\u00f3n","publisher":{"@id":"https:\/\/abaa.mx\/tienda\/#organization"},"potentialAction":[{"@type":"SearchAction","target":{"@type":"EntryPoint","urlTemplate":"https:\/\/abaa.mx\/tienda\/?s={search_term_string}"},"query-input":{"@type":"PropertyValueSpecification","valueRequired":true,"valueName":"search_term_string"}}],"inLanguage":"es"},{"@type":"Organization","@id":"https:\/\/abaa.mx\/tienda\/#organization","name":"Abaa tienda online","url":"https:\/\/abaa.mx\/tienda\/","logo":{"@type":"ImageObject","inLanguage":"es","@id":"https:\/\/abaa.mx\/tienda\/#\/schema\/logo\/image\/","url":"https:\/\/abaa.mx\/tienda\/wp-content\/uploads\/2024\/01\/abaa-metrologia-tienda.png","contentUrl":"https:\/\/abaa.mx\/tienda\/wp-content\/uploads\/2024\/01\/abaa-metrologia-tienda.png","width":300,"height":141,"caption":"Abaa tienda online"},"image":{"@id":"https:\/\/abaa.mx\/tienda\/#\/schema\/logo\/image\/"}}]}},"_links":{"self":[{"href":"https:\/\/abaa.mx\/tienda\/wp-json\/wp\/v2\/product\/8886","targetHints":{"allow":["GET"]}}],"collection":[{"href":"https:\/\/abaa.mx\/tienda\/wp-json\/wp\/v2\/product"}],"about":[{"href":"https:\/\/abaa.mx\/tienda\/wp-json\/wp\/v2\/types\/product"}],"replies":[{"embeddable":true,"href":"https:\/\/abaa.mx\/tienda\/wp-json\/wp\/v2\/comments?post=8886"}],"wp:featuredmedia":[{"embeddable":true,"href":"https:\/\/abaa.mx\/tienda\/wp-json\/wp\/v2\/media\/8887"}],"wp:attachment":[{"href":"https:\/\/abaa.mx\/tienda\/wp-json\/wp\/v2\/media?parent=8886"}],"wp:term":[{"taxonomy":"product_brand","embeddable":true,"href":"https:\/\/abaa.mx\/tienda\/wp-json\/wp\/v2\/product_brand?post=8886"},{"taxonomy":"product_cat","embeddable":true,"href":"https:\/\/abaa.mx\/tienda\/wp-json\/wp\/v2\/product_cat?post=8886"},{"taxonomy":"product_tag","embeddable":true,"href":"https:\/\/abaa.mx\/tienda\/wp-json\/wp\/v2\/product_tag?post=8886"}],"curies":[{"name":"wp","href":"https:\/\/api.w.org\/{rel}","templated":true}]}}