{"id":8878,"date":"2023-11-14T20:37:02","date_gmt":"2023-11-14T20:37:02","guid":{"rendered":"https:\/\/abaa.mx\/tienda\/?post_type=product&#038;p=8878"},"modified":"2023-11-14T20:37:03","modified_gmt":"2023-11-14T20:37:03","slug":"sonometro-tercios-y-octavos-de-banda-tipo-2-1358c","status":"publish","type":"product","link":"https:\/\/abaa.mx\/tienda\/sonometro-tercios-y-octavos-de-banda-tipo-2-1358c\/","title":{"rendered":"Son\u00f3metro tercios y octavos de banda Tipo 2 &#8211; 1358C"},"content":{"rendered":"<p>Son\u00f3metro tercios y octavos de banda Tipo 2 &#8211; 1358C.<\/p>\n","protected":false},"excerpt":{"rendered":"<p><strong>Cumple con NOM-011-STPS-2001<\/strong>\u00a0El analizador de sonido modelo TE-1358C es un son\u00f3metro \u00fatil para an\u00e1lisis de sonido mas detallada en algunos efectos de sonido o sonido del medio ambiente. Incluye un dispositivo avanzado para Son\u00f3metros y Analizadores de frecuencia en tiempo real. Donde se puede realizar su an\u00e1lisis avanzado de forma simple y fiable con un espectro de sonido para descomponer una se\u00f1al compleja en partes m\u00e1s simples.<\/p>\n<p><strong>Caracter\u00edsticas principales:<\/strong>\u00a0Cumple con los est\u00e1ndares IEC 61672-1:2013 Clase2, IEC 61620-1:2014 clase 2, ANSI S1,11:2004 clase 2, ANSI 1S1.4:1983 tipo2, ANSI S1.43: 1997 tipo 2. Utiliza un micr\u00f3fono Electret de condensador de 1\/2&#8243; de di\u00e1metro. Mediciones de Lp, Leq, LE, Lmax, Lmin, L05, L10, L50, L90 y L95%. Rango de frecuencia de 25Hz hasta 10 kHz. Ponderaci\u00f3n de tiempo R\u00e1pido, Lento, Impulso y tiempo = 10 ms. Excelente pantalla de alto contraste retro iluminada TFT-LCD en color. An\u00e1lisis de 1\/1-Octavos y 1\/3-Octavos de banda en tiempo real. registra datos de medici\u00f3n en una memoria microSD de 4GB. Transferencia de datos mediante USB. Reloj en tiempo real con calendario. Salidas de AC y DC.<\/p>\n","protected":false},"featured_media":8880,"comment_status":"open","ping_status":"closed","template":"","meta":{"_joinchat":[]},"product_brand":[],"product_cat":[131],"product_tag":[],"class_list":{"0":"post-8878","1":"product","2":"type-product","3":"status-publish","4":"has-post-thumbnail","6":"product_cat-sonometros","8":"first","9":"instock","10":"shipping-taxable","11":"product-type-simple"},"yoast_head":"<!-- This site is optimized with the Yoast SEO plugin v26.4 - https:\/\/yoast.com\/wordpress\/plugins\/seo\/ -->\n<title>Son\u00f3metro tercios y octavos de banda Tipo 2 - 1358C - Abaa tienda online<\/title>\n<meta name=\"robots\" content=\"index, follow, max-snippet:-1, max-image-preview:large, max-video-preview:-1\" \/>\n<link rel=\"canonical\" href=\"https:\/\/abaa.mx\/tienda\/sonometro-tercios-y-octavos-de-banda-tipo-2-1358c\/\" \/>\n<meta property=\"og:locale\" content=\"es_MX\" \/>\n<meta property=\"og:type\" content=\"article\" \/>\n<meta property=\"og:title\" content=\"Son\u00f3metro tercios y octavos de banda Tipo 2 - 1358C - Abaa tienda online\" \/>\n<meta property=\"og:description\" content=\"Cumple con NOM-011-STPS-2001\u00a0El analizador de sonido modelo TE-1358C es un son\u00f3metro \u00fatil para an\u00e1lisis de sonido mas detallada en algunos efectos de sonido o sonido del medio ambiente. Incluye un dispositivo avanzado para Son\u00f3metros y Analizadores de frecuencia en tiempo real. Donde se puede realizar su an\u00e1lisis avanzado de forma simple y fiable con un espectro de sonido para descomponer una se\u00f1al compleja en partes m\u00e1s simples.  Caracter\u00edsticas principales:\u00a0Cumple con los est\u00e1ndares IEC 61672-1:2013 Clase2, IEC 61620-1:2014 clase 2, ANSI S1,11:2004 clase 2, ANSI 1S1.4:1983 tipo2, ANSI S1.43: 1997 tipo 2. Utiliza un micr\u00f3fono Electret de condensador de 1\/2&quot; de di\u00e1metro. Mediciones de Lp, Leq, LE, Lmax, Lmin, L05, L10, L50, L90 y L95%. Rango de frecuencia de 25Hz hasta 10 kHz. Ponderaci\u00f3n de tiempo R\u00e1pido, Lento, Impulso y tiempo = 10 ms. Excelente pantalla de alto contraste retro iluminada TFT-LCD en color. An\u00e1lisis de 1\/1-Octavos y 1\/3-Octavos de banda en tiempo real. registra datos de medici\u00f3n en una memoria microSD de 4GB. Transferencia de datos mediante USB. Reloj en tiempo real con calendario. Salidas de AC y DC.\" \/>\n<meta property=\"og:url\" content=\"https:\/\/abaa.mx\/tienda\/sonometro-tercios-y-octavos-de-banda-tipo-2-1358c\/\" \/>\n<meta property=\"og:site_name\" content=\"Abaa tienda online\" \/>\n<meta property=\"article:modified_time\" content=\"2023-11-14T20:37:03+00:00\" \/>\n<meta property=\"og:image\" content=\"https:\/\/abaa.mx\/tienda\/wp-content\/uploads\/2023\/11\/TES-1358C.jpg\" \/>\n\t<meta property=\"og:image:width\" content=\"379\" \/>\n\t<meta property=\"og:image:height\" content=\"405\" \/>\n\t<meta property=\"og:image:type\" content=\"image\/jpeg\" \/>\n<meta name=\"twitter:card\" content=\"summary_large_image\" \/>\n<meta name=\"twitter:label1\" content=\"Tiempo de lectura\" \/>\n\t<meta name=\"twitter:data1\" content=\"1 minuto\" \/>\n<script type=\"application\/ld+json\" class=\"yoast-schema-graph\">{\"@context\":\"https:\/\/schema.org\",\"@graph\":[{\"@type\":\"WebPage\",\"@id\":\"https:\/\/abaa.mx\/tienda\/sonometro-tercios-y-octavos-de-banda-tipo-2-1358c\/\",\"url\":\"https:\/\/abaa.mx\/tienda\/sonometro-tercios-y-octavos-de-banda-tipo-2-1358c\/\",\"name\":\"Son\u00f3metro tercios y octavos de banda Tipo 2 - 1358C - Abaa tienda online\",\"isPartOf\":{\"@id\":\"https:\/\/abaa.mx\/tienda\/#website\"},\"primaryImageOfPage\":{\"@id\":\"https:\/\/abaa.mx\/tienda\/sonometro-tercios-y-octavos-de-banda-tipo-2-1358c\/#primaryimage\"},\"image\":{\"@id\":\"https:\/\/abaa.mx\/tienda\/sonometro-tercios-y-octavos-de-banda-tipo-2-1358c\/#primaryimage\"},\"thumbnailUrl\":\"https:\/\/abaa.mx\/tienda\/wp-content\/uploads\/2023\/11\/TES-1358C.jpg\",\"datePublished\":\"2023-11-14T20:37:02+00:00\",\"dateModified\":\"2023-11-14T20:37:03+00:00\",\"breadcrumb\":{\"@id\":\"https:\/\/abaa.mx\/tienda\/sonometro-tercios-y-octavos-de-banda-tipo-2-1358c\/#breadcrumb\"},\"inLanguage\":\"es\",\"potentialAction\":[{\"@type\":\"ReadAction\",\"target\":[\"https:\/\/abaa.mx\/tienda\/sonometro-tercios-y-octavos-de-banda-tipo-2-1358c\/\"]}]},{\"@type\":\"ImageObject\",\"inLanguage\":\"es\",\"@id\":\"https:\/\/abaa.mx\/tienda\/sonometro-tercios-y-octavos-de-banda-tipo-2-1358c\/#primaryimage\",\"url\":\"https:\/\/abaa.mx\/tienda\/wp-content\/uploads\/2023\/11\/TES-1358C.jpg\",\"contentUrl\":\"https:\/\/abaa.mx\/tienda\/wp-content\/uploads\/2023\/11\/TES-1358C.jpg\",\"width\":379,\"height\":405,\"caption\":\"TES-1358C\"},{\"@type\":\"BreadcrumbList\",\"@id\":\"https:\/\/abaa.mx\/tienda\/sonometro-tercios-y-octavos-de-banda-tipo-2-1358c\/#breadcrumb\",\"itemListElement\":[{\"@type\":\"ListItem\",\"position\":1,\"name\":\"Inicio\",\"item\":\"https:\/\/abaa.mx\/tienda\/\"},{\"@type\":\"ListItem\",\"position\":2,\"name\":\"Tienda\",\"item\":\"https:\/\/abaa.mx\/tienda\/\"},{\"@type\":\"ListItem\",\"position\":3,\"name\":\"Son\u00f3metro tercios y octavos de banda Tipo 2 &#8211; 1358C\"}]},{\"@type\":\"WebSite\",\"@id\":\"https:\/\/abaa.mx\/tienda\/#website\",\"url\":\"https:\/\/abaa.mx\/tienda\/\",\"name\":\"Abaa tienda online\",\"description\":\"Instrumentos de medici\u00f3n\",\"publisher\":{\"@id\":\"https:\/\/abaa.mx\/tienda\/#organization\"},\"potentialAction\":[{\"@type\":\"SearchAction\",\"target\":{\"@type\":\"EntryPoint\",\"urlTemplate\":\"https:\/\/abaa.mx\/tienda\/?s={search_term_string}\"},\"query-input\":{\"@type\":\"PropertyValueSpecification\",\"valueRequired\":true,\"valueName\":\"search_term_string\"}}],\"inLanguage\":\"es\"},{\"@type\":\"Organization\",\"@id\":\"https:\/\/abaa.mx\/tienda\/#organization\",\"name\":\"Abaa tienda online\",\"url\":\"https:\/\/abaa.mx\/tienda\/\",\"logo\":{\"@type\":\"ImageObject\",\"inLanguage\":\"es\",\"@id\":\"https:\/\/abaa.mx\/tienda\/#\/schema\/logo\/image\/\",\"url\":\"https:\/\/abaa.mx\/tienda\/wp-content\/uploads\/2024\/01\/abaa-metrologia-tienda.png\",\"contentUrl\":\"https:\/\/abaa.mx\/tienda\/wp-content\/uploads\/2024\/01\/abaa-metrologia-tienda.png\",\"width\":300,\"height\":141,\"caption\":\"Abaa tienda online\"},\"image\":{\"@id\":\"https:\/\/abaa.mx\/tienda\/#\/schema\/logo\/image\/\"}}]}<\/script>\n<!-- \/ Yoast SEO plugin. -->","yoast_head_json":{"title":"Son\u00f3metro tercios y octavos de banda Tipo 2 - 1358C - Abaa tienda online","robots":{"index":"index","follow":"follow","max-snippet":"max-snippet:-1","max-image-preview":"max-image-preview:large","max-video-preview":"max-video-preview:-1"},"canonical":"https:\/\/abaa.mx\/tienda\/sonometro-tercios-y-octavos-de-banda-tipo-2-1358c\/","og_locale":"es_MX","og_type":"article","og_title":"Son\u00f3metro tercios y octavos de banda Tipo 2 - 1358C - Abaa tienda online","og_description":"Cumple con NOM-011-STPS-2001\u00a0El analizador de sonido modelo TE-1358C es un son\u00f3metro \u00fatil para an\u00e1lisis de sonido mas detallada en algunos efectos de sonido o sonido del medio ambiente. Incluye un dispositivo avanzado para Son\u00f3metros y Analizadores de frecuencia en tiempo real. Donde se puede realizar su an\u00e1lisis avanzado de forma simple y fiable con un espectro de sonido para descomponer una se\u00f1al compleja en partes m\u00e1s simples.  Caracter\u00edsticas principales:\u00a0Cumple con los est\u00e1ndares IEC 61672-1:2013 Clase2, IEC 61620-1:2014 clase 2, ANSI S1,11:2004 clase 2, ANSI 1S1.4:1983 tipo2, ANSI S1.43: 1997 tipo 2. Utiliza un micr\u00f3fono Electret de condensador de 1\/2\" de di\u00e1metro. Mediciones de Lp, Leq, LE, Lmax, Lmin, L05, L10, L50, L90 y L95%. Rango de frecuencia de 25Hz hasta 10 kHz. Ponderaci\u00f3n de tiempo R\u00e1pido, Lento, Impulso y tiempo = 10 ms. Excelente pantalla de alto contraste retro iluminada TFT-LCD en color. An\u00e1lisis de 1\/1-Octavos y 1\/3-Octavos de banda en tiempo real. registra datos de medici\u00f3n en una memoria microSD de 4GB. Transferencia de datos mediante USB. Reloj en tiempo real con calendario. Salidas de AC y DC.","og_url":"https:\/\/abaa.mx\/tienda\/sonometro-tercios-y-octavos-de-banda-tipo-2-1358c\/","og_site_name":"Abaa tienda online","article_modified_time":"2023-11-14T20:37:03+00:00","og_image":[{"width":379,"height":405,"url":"https:\/\/abaa.mx\/tienda\/wp-content\/uploads\/2023\/11\/TES-1358C.jpg","type":"image\/jpeg"}],"twitter_card":"summary_large_image","twitter_misc":{"Tiempo de lectura":"1 minuto"},"schema":{"@context":"https:\/\/schema.org","@graph":[{"@type":"WebPage","@id":"https:\/\/abaa.mx\/tienda\/sonometro-tercios-y-octavos-de-banda-tipo-2-1358c\/","url":"https:\/\/abaa.mx\/tienda\/sonometro-tercios-y-octavos-de-banda-tipo-2-1358c\/","name":"Son\u00f3metro tercios y octavos de banda Tipo 2 - 1358C - Abaa tienda online","isPartOf":{"@id":"https:\/\/abaa.mx\/tienda\/#website"},"primaryImageOfPage":{"@id":"https:\/\/abaa.mx\/tienda\/sonometro-tercios-y-octavos-de-banda-tipo-2-1358c\/#primaryimage"},"image":{"@id":"https:\/\/abaa.mx\/tienda\/sonometro-tercios-y-octavos-de-banda-tipo-2-1358c\/#primaryimage"},"thumbnailUrl":"https:\/\/abaa.mx\/tienda\/wp-content\/uploads\/2023\/11\/TES-1358C.jpg","datePublished":"2023-11-14T20:37:02+00:00","dateModified":"2023-11-14T20:37:03+00:00","breadcrumb":{"@id":"https:\/\/abaa.mx\/tienda\/sonometro-tercios-y-octavos-de-banda-tipo-2-1358c\/#breadcrumb"},"inLanguage":"es","potentialAction":[{"@type":"ReadAction","target":["https:\/\/abaa.mx\/tienda\/sonometro-tercios-y-octavos-de-banda-tipo-2-1358c\/"]}]},{"@type":"ImageObject","inLanguage":"es","@id":"https:\/\/abaa.mx\/tienda\/sonometro-tercios-y-octavos-de-banda-tipo-2-1358c\/#primaryimage","url":"https:\/\/abaa.mx\/tienda\/wp-content\/uploads\/2023\/11\/TES-1358C.jpg","contentUrl":"https:\/\/abaa.mx\/tienda\/wp-content\/uploads\/2023\/11\/TES-1358C.jpg","width":379,"height":405,"caption":"TES-1358C"},{"@type":"BreadcrumbList","@id":"https:\/\/abaa.mx\/tienda\/sonometro-tercios-y-octavos-de-banda-tipo-2-1358c\/#breadcrumb","itemListElement":[{"@type":"ListItem","position":1,"name":"Inicio","item":"https:\/\/abaa.mx\/tienda\/"},{"@type":"ListItem","position":2,"name":"Tienda","item":"https:\/\/abaa.mx\/tienda\/"},{"@type":"ListItem","position":3,"name":"Son\u00f3metro tercios y octavos de banda Tipo 2 &#8211; 1358C"}]},{"@type":"WebSite","@id":"https:\/\/abaa.mx\/tienda\/#website","url":"https:\/\/abaa.mx\/tienda\/","name":"Abaa tienda online","description":"Instrumentos de medici\u00f3n","publisher":{"@id":"https:\/\/abaa.mx\/tienda\/#organization"},"potentialAction":[{"@type":"SearchAction","target":{"@type":"EntryPoint","urlTemplate":"https:\/\/abaa.mx\/tienda\/?s={search_term_string}"},"query-input":{"@type":"PropertyValueSpecification","valueRequired":true,"valueName":"search_term_string"}}],"inLanguage":"es"},{"@type":"Organization","@id":"https:\/\/abaa.mx\/tienda\/#organization","name":"Abaa tienda online","url":"https:\/\/abaa.mx\/tienda\/","logo":{"@type":"ImageObject","inLanguage":"es","@id":"https:\/\/abaa.mx\/tienda\/#\/schema\/logo\/image\/","url":"https:\/\/abaa.mx\/tienda\/wp-content\/uploads\/2024\/01\/abaa-metrologia-tienda.png","contentUrl":"https:\/\/abaa.mx\/tienda\/wp-content\/uploads\/2024\/01\/abaa-metrologia-tienda.png","width":300,"height":141,"caption":"Abaa tienda online"},"image":{"@id":"https:\/\/abaa.mx\/tienda\/#\/schema\/logo\/image\/"}}]}},"_links":{"self":[{"href":"https:\/\/abaa.mx\/tienda\/wp-json\/wp\/v2\/product\/8878","targetHints":{"allow":["GET"]}}],"collection":[{"href":"https:\/\/abaa.mx\/tienda\/wp-json\/wp\/v2\/product"}],"about":[{"href":"https:\/\/abaa.mx\/tienda\/wp-json\/wp\/v2\/types\/product"}],"replies":[{"embeddable":true,"href":"https:\/\/abaa.mx\/tienda\/wp-json\/wp\/v2\/comments?post=8878"}],"wp:featuredmedia":[{"embeddable":true,"href":"https:\/\/abaa.mx\/tienda\/wp-json\/wp\/v2\/media\/8880"}],"wp:attachment":[{"href":"https:\/\/abaa.mx\/tienda\/wp-json\/wp\/v2\/media?parent=8878"}],"wp:term":[{"taxonomy":"product_brand","embeddable":true,"href":"https:\/\/abaa.mx\/tienda\/wp-json\/wp\/v2\/product_brand?post=8878"},{"taxonomy":"product_cat","embeddable":true,"href":"https:\/\/abaa.mx\/tienda\/wp-json\/wp\/v2\/product_cat?post=8878"},{"taxonomy":"product_tag","embeddable":true,"href":"https:\/\/abaa.mx\/tienda\/wp-json\/wp\/v2\/product_tag?post=8878"}],"curies":[{"name":"wp","href":"https:\/\/api.w.org\/{rel}","templated":true}]}}