{"id":8875,"date":"2023-11-14T20:23:57","date_gmt":"2023-11-14T20:23:57","guid":{"rendered":"https:\/\/abaa.mx\/tienda\/?post_type=product&#038;p=8875"},"modified":"2023-11-14T20:23:57","modified_gmt":"2023-11-14T20:23:57","slug":"sonometro-digital-programable-1352s","status":"publish","type":"product","link":"https:\/\/abaa.mx\/tienda\/sonometro-digital-programable-1352s\/","title":{"rendered":"Son\u00f3metro Digital Programable -1352S"},"content":{"rendered":"<p>Son\u00f3metro Digital Programable -1352S.<\/p>\n","protected":false},"excerpt":{"rendered":"<p>El son\u00f3metro programable TE-1352S tiene la aptitud de medir niveles de ruido y asimismo marchar como un registrador de datos a el mismo instante. Puede programarse para realizar evaluaciones en funci\u00f3n de tiempo.<\/p>\n<p><strong>Caracter\u00edsticas principales<\/strong>: Cumple con la norma IEC 61672-1 Clase 2, ANSI S1.4: 11983 tipo 2. Indicador de barra casi anal\u00f3gico de 60 barras, cada barra representa 1 dB y se actualiza cada 0.125 segundos. Puede medir nivel de presi\u00f3n de sonido (SPL) y nivel Pico al mismo tiempo (MaxL) Rango din\u00e1mico de 60 decibeles, rango de frecuencia de 31.5Hz hasta 8 kHz, ponderaci\u00f3n de frecuencias A y C. Linealidad 60 dB, Micr\u00f3fono de condensador tipo Electret de 1\/2&#8243;. Velocidad de ponderaci\u00f3n r\u00e1pida y lenta (F\/S). Reloj de tiempo real con calendario, Interface USB, transfiere registros a una tarjeta SD de hasta 4 Gb. Salida para alarma de nivel de ruido.<\/p>\n<p><strong>Rango<\/strong>: Cinco rangos desde 30 dB hasta 130 dB : 30 &#8211; 90 dB, 40 &#8211; 100 dB, 50 &#8211; 110 dB, 60-120 dB y 70 a 130 Db.<\/p>\n<p><strong>Precisi\u00f3n<\/strong>:\/-1.0 dB (ref 94dB @ 1 kHz).<\/p>\n<p><strong>Condiciones de Operaci\u00f3n<\/strong>: -10 hasta 50\u00baC, H.R &lt; 90% no condensante.<\/p>\n<p><strong>Aplicaciones<\/strong>: Salud en Higiene Laboral, an\u00e1lisis de ruido en \u00e1reas de trabajo.<\/p>\n<p><strong>Dimensiones y peso<\/strong>:265 x 72 x 210 mm, aproximadamente 310 g.<\/p>\n<p><strong>Contenido de la Caja<\/strong>: Son\u00f3metro, Manual de instrucciones, bater\u00eda, estuche, desarmador de ajuste, software (b\u00e1sico) pantalla de viento cable usb y conector macho de 3.5mm.<\/p>\n","protected":false},"featured_media":8876,"comment_status":"open","ping_status":"closed","template":"","meta":{"_joinchat":[]},"product_brand":[],"product_cat":[131],"product_tag":[],"class_list":{"0":"post-8875","1":"product","2":"type-product","3":"status-publish","4":"has-post-thumbnail","6":"product_cat-sonometros","8":"first","9":"instock","10":"shipping-taxable","11":"product-type-simple"},"yoast_head":"<!-- This site is optimized with the Yoast SEO plugin v26.4 - https:\/\/yoast.com\/wordpress\/plugins\/seo\/ -->\n<title>Son\u00f3metro Digital Programable -1352S - Abaa tienda online<\/title>\n<meta name=\"robots\" content=\"index, follow, max-snippet:-1, max-image-preview:large, max-video-preview:-1\" \/>\n<link rel=\"canonical\" href=\"https:\/\/abaa.mx\/tienda\/sonometro-digital-programable-1352s\/\" \/>\n<meta property=\"og:locale\" content=\"es_MX\" \/>\n<meta property=\"og:type\" content=\"article\" \/>\n<meta property=\"og:title\" content=\"Son\u00f3metro Digital Programable -1352S - Abaa tienda online\" \/>\n<meta property=\"og:description\" content=\"El son\u00f3metro programable TE-1352S tiene la aptitud de medir niveles de ruido y asimismo marchar como un registrador de datos a el mismo instante. Puede programarse para realizar evaluaciones en funci\u00f3n de tiempo.  Caracter\u00edsticas principales: Cumple con la norma IEC 61672-1 Clase 2, ANSI S1.4: 11983 tipo 2. Indicador de barra casi anal\u00f3gico de 60 barras, cada barra representa 1 dB y se actualiza cada 0.125 segundos. Puede medir nivel de presi\u00f3n de sonido (SPL) y nivel Pico al mismo tiempo (MaxL) Rango din\u00e1mico de 60 decibeles, rango de frecuencia de 31.5Hz hasta 8 kHz, ponderaci\u00f3n de frecuencias A y C. Linealidad 60 dB, Micr\u00f3fono de condensador tipo Electret de 1\/2&quot;. Velocidad de ponderaci\u00f3n r\u00e1pida y lenta (F\/S). Reloj de tiempo real con calendario, Interface USB, transfiere registros a una tarjeta SD de hasta 4 Gb. Salida para alarma de nivel de ruido.  Rango: Cinco rangos desde 30 dB hasta 130 dB : 30 - 90 dB, 40 - 100 dB, 50 - 110 dB, 60-120 dB y 70 a 130 Db.  Precisi\u00f3n:\/-1.0 dB (ref 94dB @ 1 kHz).  Condiciones de Operaci\u00f3n: -10 hasta 50\u00baC, H.R &lt; 90% no condensante.  Aplicaciones: Salud en Higiene Laboral, an\u00e1lisis de ruido en \u00e1reas de trabajo.  Dimensiones y peso:265 x 72 x 210 mm, aproximadamente 310 g.  Contenido de la Caja: Son\u00f3metro, Manual de instrucciones, bater\u00eda, estuche, desarmador de ajuste, software (b\u00e1sico) pantalla de viento cable usb y conector macho de 3.5mm.\" \/>\n<meta property=\"og:url\" content=\"https:\/\/abaa.mx\/tienda\/sonometro-digital-programable-1352s\/\" \/>\n<meta property=\"og:site_name\" content=\"Abaa tienda online\" \/>\n<meta property=\"og:image\" content=\"https:\/\/abaa.mx\/tienda\/wp-content\/uploads\/2023\/11\/TES-1352S.png\" \/>\n\t<meta property=\"og:image:width\" content=\"337\" \/>\n\t<meta property=\"og:image:height\" content=\"397\" \/>\n\t<meta property=\"og:image:type\" content=\"image\/png\" \/>\n<meta name=\"twitter:card\" content=\"summary_large_image\" \/>\n<meta name=\"twitter:label1\" content=\"Tiempo de lectura\" \/>\n\t<meta name=\"twitter:data1\" content=\"1 minuto\" \/>\n<script type=\"application\/ld+json\" class=\"yoast-schema-graph\">{\"@context\":\"https:\/\/schema.org\",\"@graph\":[{\"@type\":\"WebPage\",\"@id\":\"https:\/\/abaa.mx\/tienda\/sonometro-digital-programable-1352s\/\",\"url\":\"https:\/\/abaa.mx\/tienda\/sonometro-digital-programable-1352s\/\",\"name\":\"Son\u00f3metro Digital Programable -1352S - Abaa tienda online\",\"isPartOf\":{\"@id\":\"https:\/\/abaa.mx\/tienda\/#website\"},\"primaryImageOfPage\":{\"@id\":\"https:\/\/abaa.mx\/tienda\/sonometro-digital-programable-1352s\/#primaryimage\"},\"image\":{\"@id\":\"https:\/\/abaa.mx\/tienda\/sonometro-digital-programable-1352s\/#primaryimage\"},\"thumbnailUrl\":\"https:\/\/abaa.mx\/tienda\/wp-content\/uploads\/2023\/11\/TES-1352S.png\",\"datePublished\":\"2023-11-14T20:23:57+00:00\",\"breadcrumb\":{\"@id\":\"https:\/\/abaa.mx\/tienda\/sonometro-digital-programable-1352s\/#breadcrumb\"},\"inLanguage\":\"es\",\"potentialAction\":[{\"@type\":\"ReadAction\",\"target\":[\"https:\/\/abaa.mx\/tienda\/sonometro-digital-programable-1352s\/\"]}]},{\"@type\":\"ImageObject\",\"inLanguage\":\"es\",\"@id\":\"https:\/\/abaa.mx\/tienda\/sonometro-digital-programable-1352s\/#primaryimage\",\"url\":\"https:\/\/abaa.mx\/tienda\/wp-content\/uploads\/2023\/11\/TES-1352S.png\",\"contentUrl\":\"https:\/\/abaa.mx\/tienda\/wp-content\/uploads\/2023\/11\/TES-1352S.png\",\"width\":337,\"height\":397,\"caption\":\"TES-1352S\"},{\"@type\":\"BreadcrumbList\",\"@id\":\"https:\/\/abaa.mx\/tienda\/sonometro-digital-programable-1352s\/#breadcrumb\",\"itemListElement\":[{\"@type\":\"ListItem\",\"position\":1,\"name\":\"Inicio\",\"item\":\"https:\/\/abaa.mx\/tienda\/\"},{\"@type\":\"ListItem\",\"position\":2,\"name\":\"Tienda\",\"item\":\"https:\/\/abaa.mx\/tienda\/\"},{\"@type\":\"ListItem\",\"position\":3,\"name\":\"Son\u00f3metro Digital Programable -1352S\"}]},{\"@type\":\"WebSite\",\"@id\":\"https:\/\/abaa.mx\/tienda\/#website\",\"url\":\"https:\/\/abaa.mx\/tienda\/\",\"name\":\"Abaa tienda online\",\"description\":\"Instrumentos de medici\u00f3n\",\"publisher\":{\"@id\":\"https:\/\/abaa.mx\/tienda\/#organization\"},\"potentialAction\":[{\"@type\":\"SearchAction\",\"target\":{\"@type\":\"EntryPoint\",\"urlTemplate\":\"https:\/\/abaa.mx\/tienda\/?s={search_term_string}\"},\"query-input\":{\"@type\":\"PropertyValueSpecification\",\"valueRequired\":true,\"valueName\":\"search_term_string\"}}],\"inLanguage\":\"es\"},{\"@type\":\"Organization\",\"@id\":\"https:\/\/abaa.mx\/tienda\/#organization\",\"name\":\"Abaa tienda online\",\"url\":\"https:\/\/abaa.mx\/tienda\/\",\"logo\":{\"@type\":\"ImageObject\",\"inLanguage\":\"es\",\"@id\":\"https:\/\/abaa.mx\/tienda\/#\/schema\/logo\/image\/\",\"url\":\"https:\/\/abaa.mx\/tienda\/wp-content\/uploads\/2024\/01\/abaa-metrologia-tienda.png\",\"contentUrl\":\"https:\/\/abaa.mx\/tienda\/wp-content\/uploads\/2024\/01\/abaa-metrologia-tienda.png\",\"width\":300,\"height\":141,\"caption\":\"Abaa tienda online\"},\"image\":{\"@id\":\"https:\/\/abaa.mx\/tienda\/#\/schema\/logo\/image\/\"}}]}<\/script>\n<!-- \/ Yoast SEO plugin. -->","yoast_head_json":{"title":"Son\u00f3metro Digital Programable -1352S - Abaa tienda online","robots":{"index":"index","follow":"follow","max-snippet":"max-snippet:-1","max-image-preview":"max-image-preview:large","max-video-preview":"max-video-preview:-1"},"canonical":"https:\/\/abaa.mx\/tienda\/sonometro-digital-programable-1352s\/","og_locale":"es_MX","og_type":"article","og_title":"Son\u00f3metro Digital Programable -1352S - Abaa tienda online","og_description":"El son\u00f3metro programable TE-1352S tiene la aptitud de medir niveles de ruido y asimismo marchar como un registrador de datos a el mismo instante. Puede programarse para realizar evaluaciones en funci\u00f3n de tiempo.  Caracter\u00edsticas principales: Cumple con la norma IEC 61672-1 Clase 2, ANSI S1.4: 11983 tipo 2. Indicador de barra casi anal\u00f3gico de 60 barras, cada barra representa 1 dB y se actualiza cada 0.125 segundos. Puede medir nivel de presi\u00f3n de sonido (SPL) y nivel Pico al mismo tiempo (MaxL) Rango din\u00e1mico de 60 decibeles, rango de frecuencia de 31.5Hz hasta 8 kHz, ponderaci\u00f3n de frecuencias A y C. Linealidad 60 dB, Micr\u00f3fono de condensador tipo Electret de 1\/2\". Velocidad de ponderaci\u00f3n r\u00e1pida y lenta (F\/S). Reloj de tiempo real con calendario, Interface USB, transfiere registros a una tarjeta SD de hasta 4 Gb. Salida para alarma de nivel de ruido.  Rango: Cinco rangos desde 30 dB hasta 130 dB : 30 - 90 dB, 40 - 100 dB, 50 - 110 dB, 60-120 dB y 70 a 130 Db.  Precisi\u00f3n:\/-1.0 dB (ref 94dB @ 1 kHz).  Condiciones de Operaci\u00f3n: -10 hasta 50\u00baC, H.R &lt; 90% no condensante.  Aplicaciones: Salud en Higiene Laboral, an\u00e1lisis de ruido en \u00e1reas de trabajo.  Dimensiones y peso:265 x 72 x 210 mm, aproximadamente 310 g.  Contenido de la Caja: Son\u00f3metro, Manual de instrucciones, bater\u00eda, estuche, desarmador de ajuste, software (b\u00e1sico) pantalla de viento cable usb y conector macho de 3.5mm.","og_url":"https:\/\/abaa.mx\/tienda\/sonometro-digital-programable-1352s\/","og_site_name":"Abaa tienda online","og_image":[{"width":337,"height":397,"url":"https:\/\/abaa.mx\/tienda\/wp-content\/uploads\/2023\/11\/TES-1352S.png","type":"image\/png"}],"twitter_card":"summary_large_image","twitter_misc":{"Tiempo de lectura":"1 minuto"},"schema":{"@context":"https:\/\/schema.org","@graph":[{"@type":"WebPage","@id":"https:\/\/abaa.mx\/tienda\/sonometro-digital-programable-1352s\/","url":"https:\/\/abaa.mx\/tienda\/sonometro-digital-programable-1352s\/","name":"Son\u00f3metro Digital Programable -1352S - Abaa tienda online","isPartOf":{"@id":"https:\/\/abaa.mx\/tienda\/#website"},"primaryImageOfPage":{"@id":"https:\/\/abaa.mx\/tienda\/sonometro-digital-programable-1352s\/#primaryimage"},"image":{"@id":"https:\/\/abaa.mx\/tienda\/sonometro-digital-programable-1352s\/#primaryimage"},"thumbnailUrl":"https:\/\/abaa.mx\/tienda\/wp-content\/uploads\/2023\/11\/TES-1352S.png","datePublished":"2023-11-14T20:23:57+00:00","breadcrumb":{"@id":"https:\/\/abaa.mx\/tienda\/sonometro-digital-programable-1352s\/#breadcrumb"},"inLanguage":"es","potentialAction":[{"@type":"ReadAction","target":["https:\/\/abaa.mx\/tienda\/sonometro-digital-programable-1352s\/"]}]},{"@type":"ImageObject","inLanguage":"es","@id":"https:\/\/abaa.mx\/tienda\/sonometro-digital-programable-1352s\/#primaryimage","url":"https:\/\/abaa.mx\/tienda\/wp-content\/uploads\/2023\/11\/TES-1352S.png","contentUrl":"https:\/\/abaa.mx\/tienda\/wp-content\/uploads\/2023\/11\/TES-1352S.png","width":337,"height":397,"caption":"TES-1352S"},{"@type":"BreadcrumbList","@id":"https:\/\/abaa.mx\/tienda\/sonometro-digital-programable-1352s\/#breadcrumb","itemListElement":[{"@type":"ListItem","position":1,"name":"Inicio","item":"https:\/\/abaa.mx\/tienda\/"},{"@type":"ListItem","position":2,"name":"Tienda","item":"https:\/\/abaa.mx\/tienda\/"},{"@type":"ListItem","position":3,"name":"Son\u00f3metro Digital Programable -1352S"}]},{"@type":"WebSite","@id":"https:\/\/abaa.mx\/tienda\/#website","url":"https:\/\/abaa.mx\/tienda\/","name":"Abaa tienda online","description":"Instrumentos de medici\u00f3n","publisher":{"@id":"https:\/\/abaa.mx\/tienda\/#organization"},"potentialAction":[{"@type":"SearchAction","target":{"@type":"EntryPoint","urlTemplate":"https:\/\/abaa.mx\/tienda\/?s={search_term_string}"},"query-input":{"@type":"PropertyValueSpecification","valueRequired":true,"valueName":"search_term_string"}}],"inLanguage":"es"},{"@type":"Organization","@id":"https:\/\/abaa.mx\/tienda\/#organization","name":"Abaa tienda online","url":"https:\/\/abaa.mx\/tienda\/","logo":{"@type":"ImageObject","inLanguage":"es","@id":"https:\/\/abaa.mx\/tienda\/#\/schema\/logo\/image\/","url":"https:\/\/abaa.mx\/tienda\/wp-content\/uploads\/2024\/01\/abaa-metrologia-tienda.png","contentUrl":"https:\/\/abaa.mx\/tienda\/wp-content\/uploads\/2024\/01\/abaa-metrologia-tienda.png","width":300,"height":141,"caption":"Abaa tienda online"},"image":{"@id":"https:\/\/abaa.mx\/tienda\/#\/schema\/logo\/image\/"}}]}},"_links":{"self":[{"href":"https:\/\/abaa.mx\/tienda\/wp-json\/wp\/v2\/product\/8875","targetHints":{"allow":["GET"]}}],"collection":[{"href":"https:\/\/abaa.mx\/tienda\/wp-json\/wp\/v2\/product"}],"about":[{"href":"https:\/\/abaa.mx\/tienda\/wp-json\/wp\/v2\/types\/product"}],"replies":[{"embeddable":true,"href":"https:\/\/abaa.mx\/tienda\/wp-json\/wp\/v2\/comments?post=8875"}],"wp:featuredmedia":[{"embeddable":true,"href":"https:\/\/abaa.mx\/tienda\/wp-json\/wp\/v2\/media\/8876"}],"wp:attachment":[{"href":"https:\/\/abaa.mx\/tienda\/wp-json\/wp\/v2\/media?parent=8875"}],"wp:term":[{"taxonomy":"product_brand","embeddable":true,"href":"https:\/\/abaa.mx\/tienda\/wp-json\/wp\/v2\/product_brand?post=8875"},{"taxonomy":"product_cat","embeddable":true,"href":"https:\/\/abaa.mx\/tienda\/wp-json\/wp\/v2\/product_cat?post=8875"},{"taxonomy":"product_tag","embeddable":true,"href":"https:\/\/abaa.mx\/tienda\/wp-json\/wp\/v2\/product_tag?post=8875"}],"curies":[{"name":"wp","href":"https:\/\/api.w.org\/{rel}","templated":true}]}}