{"id":8872,"date":"2023-11-14T20:01:42","date_gmt":"2023-11-14T20:01:42","guid":{"rendered":"https:\/\/abaa.mx\/tienda\/?post_type=product&#038;p=8872"},"modified":"2023-11-14T20:01:43","modified_gmt":"2023-11-14T20:01:43","slug":"sonometro-digital-portatil-integrador-con-ranura-para-tarjeta-sd-tes-1353s","status":"publish","type":"product","link":"https:\/\/abaa.mx\/tienda\/sonometro-digital-portatil-integrador-con-ranura-para-tarjeta-sd-tes-1353s\/","title":{"rendered":"Son\u00f3metro Digital Port\u00e1til Integrador con ranura para tarjeta SD, TES &#8211; 1353S"},"content":{"rendered":"<p>Son\u00f3metro Digital Port\u00e1til Integrador con ranura para tarjeta SD, TES &#8211; 1353S.<\/p>\n","protected":false},"excerpt":{"rendered":"<p><strong>Caracter\u00edsticas:<\/strong><\/p>\n<ul>\n<li>Caracter\u00edstica din\u00e1mica Impulse \/ Fast \/ Slow<\/li>\n<li>F\u00e1cil de usar para el nivel de presi\u00f3n de sonido continuo equivalente, nivel de exposici\u00f3n de sonido, nivel de percentil, nivel m\u00e1ximo y nivel Premium se pueden medir simult\u00e1neamente.<\/li>\n<li>Interfaz USB<\/li>\n<li>Rango din\u00e1mico de 60bD<\/li>\n<li>200M registra la funci\u00f3n de registro de datos) Tarjeta microSD 4GB.<\/li>\n<li>Reloj en tiempo real con calendario<\/li>\n<li>Ponderaci\u00f3n de frecuencia de A y C<\/li>\n<li>Cumple con el est\u00e1ndar IEC 61672-1 Class2.<\/li>\n<li>Cinco rangos de 30 a 130dB<\/li>\n<li>Salida de alarma de nivel de sonido<\/li>\n<\/ul>\n","protected":false},"featured_media":8873,"comment_status":"open","ping_status":"closed","template":"","meta":{"_joinchat":[]},"product_brand":[],"product_cat":[131],"product_tag":[],"class_list":{"0":"post-8872","1":"product","2":"type-product","3":"status-publish","4":"has-post-thumbnail","6":"product_cat-sonometros","8":"first","9":"instock","10":"shipping-taxable","11":"product-type-simple"},"yoast_head":"<!-- This site is optimized with the Yoast SEO plugin v26.4 - https:\/\/yoast.com\/wordpress\/plugins\/seo\/ -->\n<title>Son\u00f3metro Digital Port\u00e1til Integrador con ranura para tarjeta SD, TES - 1353S - Abaa tienda online<\/title>\n<meta name=\"robots\" content=\"index, follow, max-snippet:-1, max-image-preview:large, max-video-preview:-1\" \/>\n<link rel=\"canonical\" href=\"https:\/\/abaa.mx\/tienda\/sonometro-digital-portatil-integrador-con-ranura-para-tarjeta-sd-tes-1353s\/\" \/>\n<meta property=\"og:locale\" content=\"es_MX\" \/>\n<meta property=\"og:type\" content=\"article\" \/>\n<meta property=\"og:title\" content=\"Son\u00f3metro Digital Port\u00e1til Integrador con ranura para tarjeta SD, TES - 1353S - Abaa tienda online\" \/>\n<meta property=\"og:description\" content=\"Caracter\u00edsticas:   Caracter\u00edstica din\u00e1mica Impulse \/ Fast \/ Slow  F\u00e1cil de usar para el nivel de presi\u00f3n de sonido continuo equivalente, nivel de exposici\u00f3n de sonido, nivel de percentil, nivel m\u00e1ximo y nivel Premium se pueden medir simult\u00e1neamente.  Interfaz USB  Rango din\u00e1mico de 60bD  200M registra la funci\u00f3n de registro de datos) Tarjeta microSD 4GB.  Reloj en tiempo real con calendario  Ponderaci\u00f3n de frecuencia de A y C  Cumple con el est\u00e1ndar IEC 61672-1 Class2.  Cinco rangos de 30 a 130dB  Salida de alarma de nivel de sonido\" \/>\n<meta property=\"og:url\" content=\"https:\/\/abaa.mx\/tienda\/sonometro-digital-portatil-integrador-con-ranura-para-tarjeta-sd-tes-1353s\/\" \/>\n<meta property=\"og:site_name\" content=\"Abaa tienda online\" \/>\n<meta property=\"article:modified_time\" content=\"2023-11-14T20:01:43+00:00\" \/>\n<meta property=\"og:image\" content=\"https:\/\/abaa.mx\/tienda\/wp-content\/uploads\/2023\/11\/TES-1353S.jpg\" \/>\n\t<meta property=\"og:image:width\" content=\"364\" \/>\n\t<meta property=\"og:image:height\" content=\"358\" \/>\n\t<meta property=\"og:image:type\" content=\"image\/jpeg\" \/>\n<meta name=\"twitter:card\" content=\"summary_large_image\" \/>\n<meta name=\"twitter:label1\" content=\"Tiempo de lectura\" \/>\n\t<meta name=\"twitter:data1\" content=\"1 minuto\" \/>\n<script type=\"application\/ld+json\" class=\"yoast-schema-graph\">{\"@context\":\"https:\/\/schema.org\",\"@graph\":[{\"@type\":\"WebPage\",\"@id\":\"https:\/\/abaa.mx\/tienda\/sonometro-digital-portatil-integrador-con-ranura-para-tarjeta-sd-tes-1353s\/\",\"url\":\"https:\/\/abaa.mx\/tienda\/sonometro-digital-portatil-integrador-con-ranura-para-tarjeta-sd-tes-1353s\/\",\"name\":\"Son\u00f3metro Digital Port\u00e1til Integrador con ranura para tarjeta SD, TES - 1353S - Abaa tienda online\",\"isPartOf\":{\"@id\":\"https:\/\/abaa.mx\/tienda\/#website\"},\"primaryImageOfPage\":{\"@id\":\"https:\/\/abaa.mx\/tienda\/sonometro-digital-portatil-integrador-con-ranura-para-tarjeta-sd-tes-1353s\/#primaryimage\"},\"image\":{\"@id\":\"https:\/\/abaa.mx\/tienda\/sonometro-digital-portatil-integrador-con-ranura-para-tarjeta-sd-tes-1353s\/#primaryimage\"},\"thumbnailUrl\":\"https:\/\/abaa.mx\/tienda\/wp-content\/uploads\/2023\/11\/TES-1353S.jpg\",\"datePublished\":\"2023-11-14T20:01:42+00:00\",\"dateModified\":\"2023-11-14T20:01:43+00:00\",\"breadcrumb\":{\"@id\":\"https:\/\/abaa.mx\/tienda\/sonometro-digital-portatil-integrador-con-ranura-para-tarjeta-sd-tes-1353s\/#breadcrumb\"},\"inLanguage\":\"es\",\"potentialAction\":[{\"@type\":\"ReadAction\",\"target\":[\"https:\/\/abaa.mx\/tienda\/sonometro-digital-portatil-integrador-con-ranura-para-tarjeta-sd-tes-1353s\/\"]}]},{\"@type\":\"ImageObject\",\"inLanguage\":\"es\",\"@id\":\"https:\/\/abaa.mx\/tienda\/sonometro-digital-portatil-integrador-con-ranura-para-tarjeta-sd-tes-1353s\/#primaryimage\",\"url\":\"https:\/\/abaa.mx\/tienda\/wp-content\/uploads\/2023\/11\/TES-1353S.jpg\",\"contentUrl\":\"https:\/\/abaa.mx\/tienda\/wp-content\/uploads\/2023\/11\/TES-1353S.jpg\",\"width\":364,\"height\":358,\"caption\":\"TES-1353S\"},{\"@type\":\"BreadcrumbList\",\"@id\":\"https:\/\/abaa.mx\/tienda\/sonometro-digital-portatil-integrador-con-ranura-para-tarjeta-sd-tes-1353s\/#breadcrumb\",\"itemListElement\":[{\"@type\":\"ListItem\",\"position\":1,\"name\":\"Inicio\",\"item\":\"https:\/\/abaa.mx\/tienda\/\"},{\"@type\":\"ListItem\",\"position\":2,\"name\":\"Tienda\",\"item\":\"https:\/\/abaa.mx\/tienda\/\"},{\"@type\":\"ListItem\",\"position\":3,\"name\":\"Son\u00f3metro Digital Port\u00e1til Integrador con ranura para tarjeta SD, TES &#8211; 1353S\"}]},{\"@type\":\"WebSite\",\"@id\":\"https:\/\/abaa.mx\/tienda\/#website\",\"url\":\"https:\/\/abaa.mx\/tienda\/\",\"name\":\"Abaa tienda online\",\"description\":\"Instrumentos de medici\u00f3n\",\"publisher\":{\"@id\":\"https:\/\/abaa.mx\/tienda\/#organization\"},\"potentialAction\":[{\"@type\":\"SearchAction\",\"target\":{\"@type\":\"EntryPoint\",\"urlTemplate\":\"https:\/\/abaa.mx\/tienda\/?s={search_term_string}\"},\"query-input\":{\"@type\":\"PropertyValueSpecification\",\"valueRequired\":true,\"valueName\":\"search_term_string\"}}],\"inLanguage\":\"es\"},{\"@type\":\"Organization\",\"@id\":\"https:\/\/abaa.mx\/tienda\/#organization\",\"name\":\"Abaa tienda online\",\"url\":\"https:\/\/abaa.mx\/tienda\/\",\"logo\":{\"@type\":\"ImageObject\",\"inLanguage\":\"es\",\"@id\":\"https:\/\/abaa.mx\/tienda\/#\/schema\/logo\/image\/\",\"url\":\"https:\/\/abaa.mx\/tienda\/wp-content\/uploads\/2024\/01\/abaa-metrologia-tienda.png\",\"contentUrl\":\"https:\/\/abaa.mx\/tienda\/wp-content\/uploads\/2024\/01\/abaa-metrologia-tienda.png\",\"width\":300,\"height\":141,\"caption\":\"Abaa tienda online\"},\"image\":{\"@id\":\"https:\/\/abaa.mx\/tienda\/#\/schema\/logo\/image\/\"}}]}<\/script>\n<!-- \/ Yoast SEO plugin. -->","yoast_head_json":{"title":"Son\u00f3metro Digital Port\u00e1til Integrador con ranura para tarjeta SD, TES - 1353S - Abaa tienda online","robots":{"index":"index","follow":"follow","max-snippet":"max-snippet:-1","max-image-preview":"max-image-preview:large","max-video-preview":"max-video-preview:-1"},"canonical":"https:\/\/abaa.mx\/tienda\/sonometro-digital-portatil-integrador-con-ranura-para-tarjeta-sd-tes-1353s\/","og_locale":"es_MX","og_type":"article","og_title":"Son\u00f3metro Digital Port\u00e1til Integrador con ranura para tarjeta SD, TES - 1353S - Abaa tienda online","og_description":"Caracter\u00edsticas:   Caracter\u00edstica din\u00e1mica Impulse \/ Fast \/ Slow  F\u00e1cil de usar para el nivel de presi\u00f3n de sonido continuo equivalente, nivel de exposici\u00f3n de sonido, nivel de percentil, nivel m\u00e1ximo y nivel Premium se pueden medir simult\u00e1neamente.  Interfaz USB  Rango din\u00e1mico de 60bD  200M registra la funci\u00f3n de registro de datos) Tarjeta microSD 4GB.  Reloj en tiempo real con calendario  Ponderaci\u00f3n de frecuencia de A y C  Cumple con el est\u00e1ndar IEC 61672-1 Class2.  Cinco rangos de 30 a 130dB  Salida de alarma de nivel de sonido","og_url":"https:\/\/abaa.mx\/tienda\/sonometro-digital-portatil-integrador-con-ranura-para-tarjeta-sd-tes-1353s\/","og_site_name":"Abaa tienda online","article_modified_time":"2023-11-14T20:01:43+00:00","og_image":[{"width":364,"height":358,"url":"https:\/\/abaa.mx\/tienda\/wp-content\/uploads\/2023\/11\/TES-1353S.jpg","type":"image\/jpeg"}],"twitter_card":"summary_large_image","twitter_misc":{"Tiempo de lectura":"1 minuto"},"schema":{"@context":"https:\/\/schema.org","@graph":[{"@type":"WebPage","@id":"https:\/\/abaa.mx\/tienda\/sonometro-digital-portatil-integrador-con-ranura-para-tarjeta-sd-tes-1353s\/","url":"https:\/\/abaa.mx\/tienda\/sonometro-digital-portatil-integrador-con-ranura-para-tarjeta-sd-tes-1353s\/","name":"Son\u00f3metro Digital Port\u00e1til Integrador con ranura para tarjeta SD, TES - 1353S - Abaa tienda online","isPartOf":{"@id":"https:\/\/abaa.mx\/tienda\/#website"},"primaryImageOfPage":{"@id":"https:\/\/abaa.mx\/tienda\/sonometro-digital-portatil-integrador-con-ranura-para-tarjeta-sd-tes-1353s\/#primaryimage"},"image":{"@id":"https:\/\/abaa.mx\/tienda\/sonometro-digital-portatil-integrador-con-ranura-para-tarjeta-sd-tes-1353s\/#primaryimage"},"thumbnailUrl":"https:\/\/abaa.mx\/tienda\/wp-content\/uploads\/2023\/11\/TES-1353S.jpg","datePublished":"2023-11-14T20:01:42+00:00","dateModified":"2023-11-14T20:01:43+00:00","breadcrumb":{"@id":"https:\/\/abaa.mx\/tienda\/sonometro-digital-portatil-integrador-con-ranura-para-tarjeta-sd-tes-1353s\/#breadcrumb"},"inLanguage":"es","potentialAction":[{"@type":"ReadAction","target":["https:\/\/abaa.mx\/tienda\/sonometro-digital-portatil-integrador-con-ranura-para-tarjeta-sd-tes-1353s\/"]}]},{"@type":"ImageObject","inLanguage":"es","@id":"https:\/\/abaa.mx\/tienda\/sonometro-digital-portatil-integrador-con-ranura-para-tarjeta-sd-tes-1353s\/#primaryimage","url":"https:\/\/abaa.mx\/tienda\/wp-content\/uploads\/2023\/11\/TES-1353S.jpg","contentUrl":"https:\/\/abaa.mx\/tienda\/wp-content\/uploads\/2023\/11\/TES-1353S.jpg","width":364,"height":358,"caption":"TES-1353S"},{"@type":"BreadcrumbList","@id":"https:\/\/abaa.mx\/tienda\/sonometro-digital-portatil-integrador-con-ranura-para-tarjeta-sd-tes-1353s\/#breadcrumb","itemListElement":[{"@type":"ListItem","position":1,"name":"Inicio","item":"https:\/\/abaa.mx\/tienda\/"},{"@type":"ListItem","position":2,"name":"Tienda","item":"https:\/\/abaa.mx\/tienda\/"},{"@type":"ListItem","position":3,"name":"Son\u00f3metro Digital Port\u00e1til Integrador con ranura para tarjeta SD, TES &#8211; 1353S"}]},{"@type":"WebSite","@id":"https:\/\/abaa.mx\/tienda\/#website","url":"https:\/\/abaa.mx\/tienda\/","name":"Abaa tienda online","description":"Instrumentos de medici\u00f3n","publisher":{"@id":"https:\/\/abaa.mx\/tienda\/#organization"},"potentialAction":[{"@type":"SearchAction","target":{"@type":"EntryPoint","urlTemplate":"https:\/\/abaa.mx\/tienda\/?s={search_term_string}"},"query-input":{"@type":"PropertyValueSpecification","valueRequired":true,"valueName":"search_term_string"}}],"inLanguage":"es"},{"@type":"Organization","@id":"https:\/\/abaa.mx\/tienda\/#organization","name":"Abaa tienda online","url":"https:\/\/abaa.mx\/tienda\/","logo":{"@type":"ImageObject","inLanguage":"es","@id":"https:\/\/abaa.mx\/tienda\/#\/schema\/logo\/image\/","url":"https:\/\/abaa.mx\/tienda\/wp-content\/uploads\/2024\/01\/abaa-metrologia-tienda.png","contentUrl":"https:\/\/abaa.mx\/tienda\/wp-content\/uploads\/2024\/01\/abaa-metrologia-tienda.png","width":300,"height":141,"caption":"Abaa tienda online"},"image":{"@id":"https:\/\/abaa.mx\/tienda\/#\/schema\/logo\/image\/"}}]}},"_links":{"self":[{"href":"https:\/\/abaa.mx\/tienda\/wp-json\/wp\/v2\/product\/8872","targetHints":{"allow":["GET"]}}],"collection":[{"href":"https:\/\/abaa.mx\/tienda\/wp-json\/wp\/v2\/product"}],"about":[{"href":"https:\/\/abaa.mx\/tienda\/wp-json\/wp\/v2\/types\/product"}],"replies":[{"embeddable":true,"href":"https:\/\/abaa.mx\/tienda\/wp-json\/wp\/v2\/comments?post=8872"}],"wp:featuredmedia":[{"embeddable":true,"href":"https:\/\/abaa.mx\/tienda\/wp-json\/wp\/v2\/media\/8873"}],"wp:attachment":[{"href":"https:\/\/abaa.mx\/tienda\/wp-json\/wp\/v2\/media?parent=8872"}],"wp:term":[{"taxonomy":"product_brand","embeddable":true,"href":"https:\/\/abaa.mx\/tienda\/wp-json\/wp\/v2\/product_brand?post=8872"},{"taxonomy":"product_cat","embeddable":true,"href":"https:\/\/abaa.mx\/tienda\/wp-json\/wp\/v2\/product_cat?post=8872"},{"taxonomy":"product_tag","embeddable":true,"href":"https:\/\/abaa.mx\/tienda\/wp-json\/wp\/v2\/product_tag?post=8872"}],"curies":[{"name":"wp","href":"https:\/\/api.w.org\/{rel}","templated":true}]}}