{"id":8867,"date":"2023-11-14T19:51:50","date_gmt":"2023-11-14T19:51:50","guid":{"rendered":"https:\/\/abaa.mx\/tienda\/?post_type=product&#038;p=8867"},"modified":"2023-11-29T19:28:21","modified_gmt":"2023-11-29T19:28:21","slug":"calibrador-acustico-1356","status":"publish","type":"product","link":"https:\/\/abaa.mx\/tienda\/calibrador-acustico-1356\/","title":{"rendered":"Calibrador ac\u00fastico &#8211; 1356"},"content":{"rendered":"<p>Calibrador ac\u00fastico &#8211; 1356.<\/p>\n<p>&nbsp;<\/p>\n","protected":false},"excerpt":{"rendered":"<p>El calibrador de son\u00f3metros modelo TE-1356 es la herramienta que puede usarse como patr\u00f3n de referencia para verificar la medici\u00f3n de sus son\u00f3metros. Emite una se\u00f1al en dos niveles de intensidad con una frecuencia de 1kHz.<\/p>\n<p><strong>Peculiaridades primordiales: <\/strong>Medici\u00f3n de sonido a 1KHz para 94dB y 114dB. F\u00e1cil de emplear y eficiente. Se acopla a micr\u00f3fonos con 1&#8243;, 1\/2&#8243; o_ 1\/4&#8243; de di\u00e1metro.<\/p>\n<p><strong>Aplicaciones:<\/strong> Laboratorio de calidad, laboratorio de medici\u00f3n.<\/p>\n<p><strong>\u00a0Dimensiones y peso:<\/strong> 103 mm x 63 mm x 54 mm, 200g incluyendo bater\u00edas. Peso Aprox. 200g (incluye bater\u00edas)<\/p>\n","protected":false},"featured_media":8869,"comment_status":"open","ping_status":"closed","template":"","meta":{"_joinchat":[]},"product_brand":[],"product_cat":[131],"product_tag":[],"class_list":{"0":"post-8867","1":"product","2":"type-product","3":"status-publish","4":"has-post-thumbnail","6":"product_cat-sonometros","8":"first","9":"instock","10":"shipping-taxable","11":"product-type-simple"},"yoast_head":"<!-- This site is optimized with the Yoast SEO plugin v26.4 - https:\/\/yoast.com\/wordpress\/plugins\/seo\/ -->\n<title>Calibrador ac\u00fastico - 1356 - Abaa tienda online<\/title>\n<meta name=\"robots\" content=\"index, follow, max-snippet:-1, max-image-preview:large, max-video-preview:-1\" \/>\n<link rel=\"canonical\" href=\"https:\/\/abaa.mx\/tienda\/calibrador-acustico-1356\/\" \/>\n<meta property=\"og:locale\" content=\"es_MX\" \/>\n<meta property=\"og:type\" content=\"article\" \/>\n<meta property=\"og:title\" content=\"Calibrador ac\u00fastico - 1356 - Abaa tienda online\" \/>\n<meta property=\"og:description\" content=\"El calibrador de son\u00f3metros modelo TE-1356 es la herramienta que puede usarse como patr\u00f3n de referencia para verificar la medici\u00f3n de sus son\u00f3metros. Emite una se\u00f1al en dos niveles de intensidad con una frecuencia de 1kHz.  Peculiaridades primordiales: Medici\u00f3n de sonido a 1KHz para 94dB y 114dB. F\u00e1cil de emplear y eficiente. Se acopla a micr\u00f3fonos con 1&quot;, 1\/2&quot; o_ 1\/4&quot; de di\u00e1metro.  Aplicaciones: Laboratorio de calidad, laboratorio de medici\u00f3n.  \u00a0Dimensiones y peso: 103 mm x 63 mm x 54 mm, 200g incluyendo bater\u00edas. Peso Aprox. 200g (incluye bater\u00edas)\" \/>\n<meta property=\"og:url\" content=\"https:\/\/abaa.mx\/tienda\/calibrador-acustico-1356\/\" \/>\n<meta property=\"og:site_name\" content=\"Abaa tienda online\" \/>\n<meta property=\"article:modified_time\" content=\"2023-11-29T19:28:21+00:00\" \/>\n<meta property=\"og:image\" content=\"https:\/\/abaa.mx\/tienda\/wp-content\/uploads\/2023\/11\/TES-1356.jpg\" \/>\n\t<meta property=\"og:image:width\" content=\"441\" \/>\n\t<meta property=\"og:image:height\" content=\"399\" \/>\n\t<meta property=\"og:image:type\" content=\"image\/jpeg\" \/>\n<meta name=\"twitter:card\" content=\"summary_large_image\" \/>\n<meta name=\"twitter:label1\" content=\"Tiempo de lectura\" \/>\n\t<meta name=\"twitter:data1\" content=\"1 minuto\" \/>\n<script type=\"application\/ld+json\" class=\"yoast-schema-graph\">{\"@context\":\"https:\/\/schema.org\",\"@graph\":[{\"@type\":\"WebPage\",\"@id\":\"https:\/\/abaa.mx\/tienda\/calibrador-acustico-1356\/\",\"url\":\"https:\/\/abaa.mx\/tienda\/calibrador-acustico-1356\/\",\"name\":\"Calibrador ac\u00fastico - 1356 - Abaa tienda online\",\"isPartOf\":{\"@id\":\"https:\/\/abaa.mx\/tienda\/#website\"},\"primaryImageOfPage\":{\"@id\":\"https:\/\/abaa.mx\/tienda\/calibrador-acustico-1356\/#primaryimage\"},\"image\":{\"@id\":\"https:\/\/abaa.mx\/tienda\/calibrador-acustico-1356\/#primaryimage\"},\"thumbnailUrl\":\"https:\/\/abaa.mx\/tienda\/wp-content\/uploads\/2023\/11\/TES-1356.jpg\",\"datePublished\":\"2023-11-14T19:51:50+00:00\",\"dateModified\":\"2023-11-29T19:28:21+00:00\",\"breadcrumb\":{\"@id\":\"https:\/\/abaa.mx\/tienda\/calibrador-acustico-1356\/#breadcrumb\"},\"inLanguage\":\"es\",\"potentialAction\":[{\"@type\":\"ReadAction\",\"target\":[\"https:\/\/abaa.mx\/tienda\/calibrador-acustico-1356\/\"]}]},{\"@type\":\"ImageObject\",\"inLanguage\":\"es\",\"@id\":\"https:\/\/abaa.mx\/tienda\/calibrador-acustico-1356\/#primaryimage\",\"url\":\"https:\/\/abaa.mx\/tienda\/wp-content\/uploads\/2023\/11\/TES-1356.jpg\",\"contentUrl\":\"https:\/\/abaa.mx\/tienda\/wp-content\/uploads\/2023\/11\/TES-1356.jpg\",\"width\":441,\"height\":399,\"caption\":\"TES-1356\"},{\"@type\":\"BreadcrumbList\",\"@id\":\"https:\/\/abaa.mx\/tienda\/calibrador-acustico-1356\/#breadcrumb\",\"itemListElement\":[{\"@type\":\"ListItem\",\"position\":1,\"name\":\"Inicio\",\"item\":\"https:\/\/abaa.mx\/tienda\/\"},{\"@type\":\"ListItem\",\"position\":2,\"name\":\"Tienda\",\"item\":\"https:\/\/abaa.mx\/tienda\/\"},{\"@type\":\"ListItem\",\"position\":3,\"name\":\"Calibrador ac\u00fastico &#8211; 1356\"}]},{\"@type\":\"WebSite\",\"@id\":\"https:\/\/abaa.mx\/tienda\/#website\",\"url\":\"https:\/\/abaa.mx\/tienda\/\",\"name\":\"Abaa tienda online\",\"description\":\"Instrumentos de medici\u00f3n\",\"publisher\":{\"@id\":\"https:\/\/abaa.mx\/tienda\/#organization\"},\"potentialAction\":[{\"@type\":\"SearchAction\",\"target\":{\"@type\":\"EntryPoint\",\"urlTemplate\":\"https:\/\/abaa.mx\/tienda\/?s={search_term_string}\"},\"query-input\":{\"@type\":\"PropertyValueSpecification\",\"valueRequired\":true,\"valueName\":\"search_term_string\"}}],\"inLanguage\":\"es\"},{\"@type\":\"Organization\",\"@id\":\"https:\/\/abaa.mx\/tienda\/#organization\",\"name\":\"Abaa tienda online\",\"url\":\"https:\/\/abaa.mx\/tienda\/\",\"logo\":{\"@type\":\"ImageObject\",\"inLanguage\":\"es\",\"@id\":\"https:\/\/abaa.mx\/tienda\/#\/schema\/logo\/image\/\",\"url\":\"https:\/\/abaa.mx\/tienda\/wp-content\/uploads\/2024\/01\/abaa-metrologia-tienda.png\",\"contentUrl\":\"https:\/\/abaa.mx\/tienda\/wp-content\/uploads\/2024\/01\/abaa-metrologia-tienda.png\",\"width\":300,\"height\":141,\"caption\":\"Abaa tienda online\"},\"image\":{\"@id\":\"https:\/\/abaa.mx\/tienda\/#\/schema\/logo\/image\/\"}}]}<\/script>\n<!-- \/ Yoast SEO plugin. -->","yoast_head_json":{"title":"Calibrador ac\u00fastico - 1356 - Abaa tienda online","robots":{"index":"index","follow":"follow","max-snippet":"max-snippet:-1","max-image-preview":"max-image-preview:large","max-video-preview":"max-video-preview:-1"},"canonical":"https:\/\/abaa.mx\/tienda\/calibrador-acustico-1356\/","og_locale":"es_MX","og_type":"article","og_title":"Calibrador ac\u00fastico - 1356 - Abaa tienda online","og_description":"El calibrador de son\u00f3metros modelo TE-1356 es la herramienta que puede usarse como patr\u00f3n de referencia para verificar la medici\u00f3n de sus son\u00f3metros. Emite una se\u00f1al en dos niveles de intensidad con una frecuencia de 1kHz.  Peculiaridades primordiales: Medici\u00f3n de sonido a 1KHz para 94dB y 114dB. F\u00e1cil de emplear y eficiente. Se acopla a micr\u00f3fonos con 1\", 1\/2\" o_ 1\/4\" de di\u00e1metro.  Aplicaciones: Laboratorio de calidad, laboratorio de medici\u00f3n.  \u00a0Dimensiones y peso: 103 mm x 63 mm x 54 mm, 200g incluyendo bater\u00edas. Peso Aprox. 200g (incluye bater\u00edas)","og_url":"https:\/\/abaa.mx\/tienda\/calibrador-acustico-1356\/","og_site_name":"Abaa tienda online","article_modified_time":"2023-11-29T19:28:21+00:00","og_image":[{"width":441,"height":399,"url":"https:\/\/abaa.mx\/tienda\/wp-content\/uploads\/2023\/11\/TES-1356.jpg","type":"image\/jpeg"}],"twitter_card":"summary_large_image","twitter_misc":{"Tiempo de lectura":"1 minuto"},"schema":{"@context":"https:\/\/schema.org","@graph":[{"@type":"WebPage","@id":"https:\/\/abaa.mx\/tienda\/calibrador-acustico-1356\/","url":"https:\/\/abaa.mx\/tienda\/calibrador-acustico-1356\/","name":"Calibrador ac\u00fastico - 1356 - Abaa tienda online","isPartOf":{"@id":"https:\/\/abaa.mx\/tienda\/#website"},"primaryImageOfPage":{"@id":"https:\/\/abaa.mx\/tienda\/calibrador-acustico-1356\/#primaryimage"},"image":{"@id":"https:\/\/abaa.mx\/tienda\/calibrador-acustico-1356\/#primaryimage"},"thumbnailUrl":"https:\/\/abaa.mx\/tienda\/wp-content\/uploads\/2023\/11\/TES-1356.jpg","datePublished":"2023-11-14T19:51:50+00:00","dateModified":"2023-11-29T19:28:21+00:00","breadcrumb":{"@id":"https:\/\/abaa.mx\/tienda\/calibrador-acustico-1356\/#breadcrumb"},"inLanguage":"es","potentialAction":[{"@type":"ReadAction","target":["https:\/\/abaa.mx\/tienda\/calibrador-acustico-1356\/"]}]},{"@type":"ImageObject","inLanguage":"es","@id":"https:\/\/abaa.mx\/tienda\/calibrador-acustico-1356\/#primaryimage","url":"https:\/\/abaa.mx\/tienda\/wp-content\/uploads\/2023\/11\/TES-1356.jpg","contentUrl":"https:\/\/abaa.mx\/tienda\/wp-content\/uploads\/2023\/11\/TES-1356.jpg","width":441,"height":399,"caption":"TES-1356"},{"@type":"BreadcrumbList","@id":"https:\/\/abaa.mx\/tienda\/calibrador-acustico-1356\/#breadcrumb","itemListElement":[{"@type":"ListItem","position":1,"name":"Inicio","item":"https:\/\/abaa.mx\/tienda\/"},{"@type":"ListItem","position":2,"name":"Tienda","item":"https:\/\/abaa.mx\/tienda\/"},{"@type":"ListItem","position":3,"name":"Calibrador ac\u00fastico &#8211; 1356"}]},{"@type":"WebSite","@id":"https:\/\/abaa.mx\/tienda\/#website","url":"https:\/\/abaa.mx\/tienda\/","name":"Abaa tienda online","description":"Instrumentos de medici\u00f3n","publisher":{"@id":"https:\/\/abaa.mx\/tienda\/#organization"},"potentialAction":[{"@type":"SearchAction","target":{"@type":"EntryPoint","urlTemplate":"https:\/\/abaa.mx\/tienda\/?s={search_term_string}"},"query-input":{"@type":"PropertyValueSpecification","valueRequired":true,"valueName":"search_term_string"}}],"inLanguage":"es"},{"@type":"Organization","@id":"https:\/\/abaa.mx\/tienda\/#organization","name":"Abaa tienda online","url":"https:\/\/abaa.mx\/tienda\/","logo":{"@type":"ImageObject","inLanguage":"es","@id":"https:\/\/abaa.mx\/tienda\/#\/schema\/logo\/image\/","url":"https:\/\/abaa.mx\/tienda\/wp-content\/uploads\/2024\/01\/abaa-metrologia-tienda.png","contentUrl":"https:\/\/abaa.mx\/tienda\/wp-content\/uploads\/2024\/01\/abaa-metrologia-tienda.png","width":300,"height":141,"caption":"Abaa tienda online"},"image":{"@id":"https:\/\/abaa.mx\/tienda\/#\/schema\/logo\/image\/"}}]}},"_links":{"self":[{"href":"https:\/\/abaa.mx\/tienda\/wp-json\/wp\/v2\/product\/8867","targetHints":{"allow":["GET"]}}],"collection":[{"href":"https:\/\/abaa.mx\/tienda\/wp-json\/wp\/v2\/product"}],"about":[{"href":"https:\/\/abaa.mx\/tienda\/wp-json\/wp\/v2\/types\/product"}],"replies":[{"embeddable":true,"href":"https:\/\/abaa.mx\/tienda\/wp-json\/wp\/v2\/comments?post=8867"}],"wp:featuredmedia":[{"embeddable":true,"href":"https:\/\/abaa.mx\/tienda\/wp-json\/wp\/v2\/media\/8869"}],"wp:attachment":[{"href":"https:\/\/abaa.mx\/tienda\/wp-json\/wp\/v2\/media?parent=8867"}],"wp:term":[{"taxonomy":"product_brand","embeddable":true,"href":"https:\/\/abaa.mx\/tienda\/wp-json\/wp\/v2\/product_brand?post=8867"},{"taxonomy":"product_cat","embeddable":true,"href":"https:\/\/abaa.mx\/tienda\/wp-json\/wp\/v2\/product_cat?post=8867"},{"taxonomy":"product_tag","embeddable":true,"href":"https:\/\/abaa.mx\/tienda\/wp-json\/wp\/v2\/product_tag?post=8867"}],"curies":[{"name":"wp","href":"https:\/\/api.w.org\/{rel}","templated":true}]}}