{"id":8846,"date":"2023-11-13T20:21:09","date_gmt":"2023-11-13T20:21:09","guid":{"rendered":"https:\/\/abaa.mx\/tienda\/?post_type=product&#038;p=8846"},"modified":"2023-11-13T20:21:10","modified_gmt":"2023-11-13T20:21:10","slug":"rugosimetro-digital-blue-tooth-gr270bt","status":"publish","type":"product","link":"https:\/\/abaa.mx\/tienda\/rugosimetro-digital-blue-tooth-gr270bt\/","title":{"rendered":"Rugos\u00edmetro Digital Blue Tooth &#8211; GR270BT"},"content":{"rendered":"<p>Rugos\u00edmetro Digital Blue Tooth &#8211; GR270BT.<\/p>\n","protected":false},"excerpt":{"rendered":"<p>El aparato incluye una plataforma de trabajo Bluetooth inal\u00e1mbrica para transferencia de datos a una PC, un (1) desarmador para ajuste, accesorio para nivelaci\u00f3n, protector del sensor, estuche de transporte, bloque de verificaci\u00f3n y manual de operaci\u00f3n. Certificado de calibraci\u00f3n emitido por nuestro laboratorio de medici\u00f3n acreditado bajo la norma ISO\/IEC17025 disponible bajo pedido. Consulta nuestro equipo de ventas<\/p>\n<p>El rugos\u00edmetro port\u00e1til modelo GL-GR270BT es el equipo aadecuado para empleo directamente en la l\u00ednea de producci\u00f3n y puede utilizarse para medir la rugosidad superficial de una variedad de piezas maquinadas, calcula distintos factores de rugosidad conforme a las configuraciones de medici\u00f3n seleccionadas.<\/p>\n<p>Tiene una pantalla LCD donde pueden visualizarse precisamente los factores de rugosidad y los resultados de la medici\u00f3n.<\/p>\n<p>Es extensamente utilizado en el sitio de producci\u00f3n para medir la rugosidad superficial de una pluralidad de piezas procesadas por tramado que no pueden ser transportadas o introducidas en el laboratorio de metrolog\u00eda. Se apega a los requerimientos de medici\u00f3n de los est\u00e1ndares de todo el mundo GB T6062, ISO 4287, DIN 4768, JIS B y ANSI 1461.<\/p>\n","protected":false},"featured_media":8847,"comment_status":"open","ping_status":"closed","template":"","meta":{"_joinchat":[]},"product_brand":[],"product_cat":[130],"product_tag":[],"class_list":{"0":"post-8846","1":"product","2":"type-product","3":"status-publish","4":"has-post-thumbnail","6":"product_cat-rugosimetros","8":"first","9":"instock","10":"shipping-taxable","11":"product-type-simple"},"yoast_head":"<!-- This site is optimized with the Yoast SEO plugin v26.4 - https:\/\/yoast.com\/wordpress\/plugins\/seo\/ -->\n<title>Rugos\u00edmetro Digital Blue Tooth - GR270BT - Abaa tienda online<\/title>\n<meta name=\"robots\" content=\"index, follow, max-snippet:-1, max-image-preview:large, max-video-preview:-1\" \/>\n<link rel=\"canonical\" href=\"https:\/\/abaa.mx\/tienda\/rugosimetro-digital-blue-tooth-gr270bt\/\" \/>\n<meta property=\"og:locale\" content=\"es_MX\" \/>\n<meta property=\"og:type\" content=\"article\" \/>\n<meta property=\"og:title\" content=\"Rugos\u00edmetro Digital Blue Tooth - GR270BT - Abaa tienda online\" \/>\n<meta property=\"og:description\" content=\"El aparato incluye una plataforma de trabajo Bluetooth inal\u00e1mbrica para transferencia de datos a una PC, un (1) desarmador para ajuste, accesorio para nivelaci\u00f3n, protector del sensor, estuche de transporte, bloque de verificaci\u00f3n y manual de operaci\u00f3n. Certificado de calibraci\u00f3n emitido por nuestro laboratorio de medici\u00f3n acreditado bajo la norma ISO\/IEC17025 disponible bajo pedido. Consulta nuestro equipo de ventas  El rugos\u00edmetro port\u00e1til modelo GL-GR270BT es el equipo aadecuado para empleo directamente en la l\u00ednea de producci\u00f3n y puede utilizarse para medir la rugosidad superficial de una variedad de piezas maquinadas, calcula distintos factores de rugosidad conforme a las configuraciones de medici\u00f3n seleccionadas.  Tiene una pantalla LCD donde pueden visualizarse precisamente los factores de rugosidad y los resultados de la medici\u00f3n.  Es extensamente utilizado en el sitio de producci\u00f3n para medir la rugosidad superficial de una pluralidad de piezas procesadas por tramado que no pueden ser transportadas o introducidas en el laboratorio de metrolog\u00eda. Se apega a los requerimientos de medici\u00f3n de los est\u00e1ndares de todo el mundo GB T6062, ISO 4287, DIN 4768, JIS B y ANSI 1461.\" \/>\n<meta property=\"og:url\" content=\"https:\/\/abaa.mx\/tienda\/rugosimetro-digital-blue-tooth-gr270bt\/\" \/>\n<meta property=\"og:site_name\" content=\"Abaa tienda online\" \/>\n<meta property=\"article:modified_time\" content=\"2023-11-13T20:21:10+00:00\" \/>\n<meta property=\"og:image\" content=\"https:\/\/abaa.mx\/tienda\/wp-content\/uploads\/2023\/11\/GALAXY-GR27OBT.jpg\" \/>\n\t<meta property=\"og:image:width\" content=\"510\" \/>\n\t<meta property=\"og:image:height\" content=\"344\" \/>\n\t<meta property=\"og:image:type\" content=\"image\/jpeg\" \/>\n<meta name=\"twitter:card\" content=\"summary_large_image\" \/>\n<meta name=\"twitter:label1\" content=\"Tiempo de lectura\" \/>\n\t<meta name=\"twitter:data1\" content=\"1 minuto\" \/>\n<script type=\"application\/ld+json\" class=\"yoast-schema-graph\">{\"@context\":\"https:\/\/schema.org\",\"@graph\":[{\"@type\":\"WebPage\",\"@id\":\"https:\/\/abaa.mx\/tienda\/rugosimetro-digital-blue-tooth-gr270bt\/\",\"url\":\"https:\/\/abaa.mx\/tienda\/rugosimetro-digital-blue-tooth-gr270bt\/\",\"name\":\"Rugos\u00edmetro Digital Blue Tooth - GR270BT - Abaa tienda online\",\"isPartOf\":{\"@id\":\"https:\/\/abaa.mx\/tienda\/#website\"},\"primaryImageOfPage\":{\"@id\":\"https:\/\/abaa.mx\/tienda\/rugosimetro-digital-blue-tooth-gr270bt\/#primaryimage\"},\"image\":{\"@id\":\"https:\/\/abaa.mx\/tienda\/rugosimetro-digital-blue-tooth-gr270bt\/#primaryimage\"},\"thumbnailUrl\":\"https:\/\/abaa.mx\/tienda\/wp-content\/uploads\/2023\/11\/GALAXY-GR27OBT.jpg\",\"datePublished\":\"2023-11-13T20:21:09+00:00\",\"dateModified\":\"2023-11-13T20:21:10+00:00\",\"breadcrumb\":{\"@id\":\"https:\/\/abaa.mx\/tienda\/rugosimetro-digital-blue-tooth-gr270bt\/#breadcrumb\"},\"inLanguage\":\"es\",\"potentialAction\":[{\"@type\":\"ReadAction\",\"target\":[\"https:\/\/abaa.mx\/tienda\/rugosimetro-digital-blue-tooth-gr270bt\/\"]}]},{\"@type\":\"ImageObject\",\"inLanguage\":\"es\",\"@id\":\"https:\/\/abaa.mx\/tienda\/rugosimetro-digital-blue-tooth-gr270bt\/#primaryimage\",\"url\":\"https:\/\/abaa.mx\/tienda\/wp-content\/uploads\/2023\/11\/GALAXY-GR27OBT.jpg\",\"contentUrl\":\"https:\/\/abaa.mx\/tienda\/wp-content\/uploads\/2023\/11\/GALAXY-GR27OBT.jpg\",\"width\":510,\"height\":344,\"caption\":\"GALAXY-GR27OBT\"},{\"@type\":\"BreadcrumbList\",\"@id\":\"https:\/\/abaa.mx\/tienda\/rugosimetro-digital-blue-tooth-gr270bt\/#breadcrumb\",\"itemListElement\":[{\"@type\":\"ListItem\",\"position\":1,\"name\":\"Inicio\",\"item\":\"https:\/\/abaa.mx\/tienda\/\"},{\"@type\":\"ListItem\",\"position\":2,\"name\":\"Tienda\",\"item\":\"https:\/\/abaa.mx\/tienda\/\"},{\"@type\":\"ListItem\",\"position\":3,\"name\":\"Rugos\u00edmetro Digital Blue Tooth &#8211; GR270BT\"}]},{\"@type\":\"WebSite\",\"@id\":\"https:\/\/abaa.mx\/tienda\/#website\",\"url\":\"https:\/\/abaa.mx\/tienda\/\",\"name\":\"Abaa tienda online\",\"description\":\"Instrumentos de medici\u00f3n\",\"publisher\":{\"@id\":\"https:\/\/abaa.mx\/tienda\/#organization\"},\"potentialAction\":[{\"@type\":\"SearchAction\",\"target\":{\"@type\":\"EntryPoint\",\"urlTemplate\":\"https:\/\/abaa.mx\/tienda\/?s={search_term_string}\"},\"query-input\":{\"@type\":\"PropertyValueSpecification\",\"valueRequired\":true,\"valueName\":\"search_term_string\"}}],\"inLanguage\":\"es\"},{\"@type\":\"Organization\",\"@id\":\"https:\/\/abaa.mx\/tienda\/#organization\",\"name\":\"Abaa tienda online\",\"url\":\"https:\/\/abaa.mx\/tienda\/\",\"logo\":{\"@type\":\"ImageObject\",\"inLanguage\":\"es\",\"@id\":\"https:\/\/abaa.mx\/tienda\/#\/schema\/logo\/image\/\",\"url\":\"https:\/\/abaa.mx\/tienda\/wp-content\/uploads\/2024\/01\/abaa-metrologia-tienda.png\",\"contentUrl\":\"https:\/\/abaa.mx\/tienda\/wp-content\/uploads\/2024\/01\/abaa-metrologia-tienda.png\",\"width\":300,\"height\":141,\"caption\":\"Abaa tienda online\"},\"image\":{\"@id\":\"https:\/\/abaa.mx\/tienda\/#\/schema\/logo\/image\/\"}}]}<\/script>\n<!-- \/ Yoast SEO plugin. -->","yoast_head_json":{"title":"Rugos\u00edmetro Digital Blue Tooth - GR270BT - Abaa tienda online","robots":{"index":"index","follow":"follow","max-snippet":"max-snippet:-1","max-image-preview":"max-image-preview:large","max-video-preview":"max-video-preview:-1"},"canonical":"https:\/\/abaa.mx\/tienda\/rugosimetro-digital-blue-tooth-gr270bt\/","og_locale":"es_MX","og_type":"article","og_title":"Rugos\u00edmetro Digital Blue Tooth - GR270BT - Abaa tienda online","og_description":"El aparato incluye una plataforma de trabajo Bluetooth inal\u00e1mbrica para transferencia de datos a una PC, un (1) desarmador para ajuste, accesorio para nivelaci\u00f3n, protector del sensor, estuche de transporte, bloque de verificaci\u00f3n y manual de operaci\u00f3n. Certificado de calibraci\u00f3n emitido por nuestro laboratorio de medici\u00f3n acreditado bajo la norma ISO\/IEC17025 disponible bajo pedido. Consulta nuestro equipo de ventas  El rugos\u00edmetro port\u00e1til modelo GL-GR270BT es el equipo aadecuado para empleo directamente en la l\u00ednea de producci\u00f3n y puede utilizarse para medir la rugosidad superficial de una variedad de piezas maquinadas, calcula distintos factores de rugosidad conforme a las configuraciones de medici\u00f3n seleccionadas.  Tiene una pantalla LCD donde pueden visualizarse precisamente los factores de rugosidad y los resultados de la medici\u00f3n.  Es extensamente utilizado en el sitio de producci\u00f3n para medir la rugosidad superficial de una pluralidad de piezas procesadas por tramado que no pueden ser transportadas o introducidas en el laboratorio de metrolog\u00eda. Se apega a los requerimientos de medici\u00f3n de los est\u00e1ndares de todo el mundo GB T6062, ISO 4287, DIN 4768, JIS B y ANSI 1461.","og_url":"https:\/\/abaa.mx\/tienda\/rugosimetro-digital-blue-tooth-gr270bt\/","og_site_name":"Abaa tienda online","article_modified_time":"2023-11-13T20:21:10+00:00","og_image":[{"width":510,"height":344,"url":"https:\/\/abaa.mx\/tienda\/wp-content\/uploads\/2023\/11\/GALAXY-GR27OBT.jpg","type":"image\/jpeg"}],"twitter_card":"summary_large_image","twitter_misc":{"Tiempo de lectura":"1 minuto"},"schema":{"@context":"https:\/\/schema.org","@graph":[{"@type":"WebPage","@id":"https:\/\/abaa.mx\/tienda\/rugosimetro-digital-blue-tooth-gr270bt\/","url":"https:\/\/abaa.mx\/tienda\/rugosimetro-digital-blue-tooth-gr270bt\/","name":"Rugos\u00edmetro Digital Blue Tooth - GR270BT - Abaa tienda online","isPartOf":{"@id":"https:\/\/abaa.mx\/tienda\/#website"},"primaryImageOfPage":{"@id":"https:\/\/abaa.mx\/tienda\/rugosimetro-digital-blue-tooth-gr270bt\/#primaryimage"},"image":{"@id":"https:\/\/abaa.mx\/tienda\/rugosimetro-digital-blue-tooth-gr270bt\/#primaryimage"},"thumbnailUrl":"https:\/\/abaa.mx\/tienda\/wp-content\/uploads\/2023\/11\/GALAXY-GR27OBT.jpg","datePublished":"2023-11-13T20:21:09+00:00","dateModified":"2023-11-13T20:21:10+00:00","breadcrumb":{"@id":"https:\/\/abaa.mx\/tienda\/rugosimetro-digital-blue-tooth-gr270bt\/#breadcrumb"},"inLanguage":"es","potentialAction":[{"@type":"ReadAction","target":["https:\/\/abaa.mx\/tienda\/rugosimetro-digital-blue-tooth-gr270bt\/"]}]},{"@type":"ImageObject","inLanguage":"es","@id":"https:\/\/abaa.mx\/tienda\/rugosimetro-digital-blue-tooth-gr270bt\/#primaryimage","url":"https:\/\/abaa.mx\/tienda\/wp-content\/uploads\/2023\/11\/GALAXY-GR27OBT.jpg","contentUrl":"https:\/\/abaa.mx\/tienda\/wp-content\/uploads\/2023\/11\/GALAXY-GR27OBT.jpg","width":510,"height":344,"caption":"GALAXY-GR27OBT"},{"@type":"BreadcrumbList","@id":"https:\/\/abaa.mx\/tienda\/rugosimetro-digital-blue-tooth-gr270bt\/#breadcrumb","itemListElement":[{"@type":"ListItem","position":1,"name":"Inicio","item":"https:\/\/abaa.mx\/tienda\/"},{"@type":"ListItem","position":2,"name":"Tienda","item":"https:\/\/abaa.mx\/tienda\/"},{"@type":"ListItem","position":3,"name":"Rugos\u00edmetro Digital Blue Tooth &#8211; GR270BT"}]},{"@type":"WebSite","@id":"https:\/\/abaa.mx\/tienda\/#website","url":"https:\/\/abaa.mx\/tienda\/","name":"Abaa tienda online","description":"Instrumentos de medici\u00f3n","publisher":{"@id":"https:\/\/abaa.mx\/tienda\/#organization"},"potentialAction":[{"@type":"SearchAction","target":{"@type":"EntryPoint","urlTemplate":"https:\/\/abaa.mx\/tienda\/?s={search_term_string}"},"query-input":{"@type":"PropertyValueSpecification","valueRequired":true,"valueName":"search_term_string"}}],"inLanguage":"es"},{"@type":"Organization","@id":"https:\/\/abaa.mx\/tienda\/#organization","name":"Abaa tienda online","url":"https:\/\/abaa.mx\/tienda\/","logo":{"@type":"ImageObject","inLanguage":"es","@id":"https:\/\/abaa.mx\/tienda\/#\/schema\/logo\/image\/","url":"https:\/\/abaa.mx\/tienda\/wp-content\/uploads\/2024\/01\/abaa-metrologia-tienda.png","contentUrl":"https:\/\/abaa.mx\/tienda\/wp-content\/uploads\/2024\/01\/abaa-metrologia-tienda.png","width":300,"height":141,"caption":"Abaa tienda online"},"image":{"@id":"https:\/\/abaa.mx\/tienda\/#\/schema\/logo\/image\/"}}]}},"_links":{"self":[{"href":"https:\/\/abaa.mx\/tienda\/wp-json\/wp\/v2\/product\/8846","targetHints":{"allow":["GET"]}}],"collection":[{"href":"https:\/\/abaa.mx\/tienda\/wp-json\/wp\/v2\/product"}],"about":[{"href":"https:\/\/abaa.mx\/tienda\/wp-json\/wp\/v2\/types\/product"}],"replies":[{"embeddable":true,"href":"https:\/\/abaa.mx\/tienda\/wp-json\/wp\/v2\/comments?post=8846"}],"wp:featuredmedia":[{"embeddable":true,"href":"https:\/\/abaa.mx\/tienda\/wp-json\/wp\/v2\/media\/8847"}],"wp:attachment":[{"href":"https:\/\/abaa.mx\/tienda\/wp-json\/wp\/v2\/media?parent=8846"}],"wp:term":[{"taxonomy":"product_brand","embeddable":true,"href":"https:\/\/abaa.mx\/tienda\/wp-json\/wp\/v2\/product_brand?post=8846"},{"taxonomy":"product_cat","embeddable":true,"href":"https:\/\/abaa.mx\/tienda\/wp-json\/wp\/v2\/product_cat?post=8846"},{"taxonomy":"product_tag","embeddable":true,"href":"https:\/\/abaa.mx\/tienda\/wp-json\/wp\/v2\/product_tag?post=8846"}],"curies":[{"name":"wp","href":"https:\/\/api.w.org\/{rel}","templated":true}]}}