{"id":8844,"date":"2023-11-13T20:13:09","date_gmt":"2023-11-13T20:13:09","guid":{"rendered":"https:\/\/abaa.mx\/tienda\/?post_type=product&#038;p=8844"},"modified":"2023-11-13T20:13:09","modified_gmt":"2023-11-13T20:13:09","slug":"rugosimetro-digital-gr260","status":"publish","type":"product","link":"https:\/\/abaa.mx\/tienda\/rugosimetro-digital-gr260\/","title":{"rendered":"Rugos\u00edmetro Digital-GR260"},"content":{"rendered":"<p>Rugos\u00edmetro Digital-GR260.<\/p>\n","protected":false},"excerpt":{"rendered":"<p>El rugos\u00edmetro port\u00e1til modelo GR260 es un equipo correspondiente para uso de forma directa en la l\u00ednea de producci\u00f3n y puede utilizarse para medir la rugosidad superficial de una variedad de piezas maquinadas, calcula distintos par\u00e1metros de rugosidad de conformidad con las configuraciones de medici\u00f3n elegidas.<\/p>\n<p>Es ampliamente empleado en el lugar de producci\u00f3n para medir la rugosidad superficial de una variedad de piezas procesadas por tramado que no pueden ser transportadas o introducidas en el laboratorio de metrolog\u00eda. Se apega a los requerimientos de medici\u00f3n de los est\u00e1ndares internacionales GB T6062, ISO 4287, DIN 4768, JIS B y ANSI 1461.<\/p>\n<p>El aparato incluye un desarmador para ajuste, accesorio para nivelaci\u00f3n, asegurador del sensor, estuche de transporte, bloque de verificaci\u00f3n y manual de operaci\u00f3n. Certificado de calibraci\u00f3n emitido por nuestro laboratorio de calibraci\u00f3n acreditado bajo la norma ISO\/IEC17025 libre bajo pedido. Consulta nuestro equipo de ventas.<\/p>\n<p><strong>Par\u00e1metros:<\/strong><\/p>\n<div class=\"scrollable-wrapper\">\n<table style=\"height: 653px;\" border=\"1\" width=\"549\">\n<tbody>\n<tr>\n<td width=\"161\">Ra: Rugosidad media aritm\u00e9tica<\/td>\n<td width=\"312\">Cuando sea necesario el control de la rugosidad en forma continua en las l\u00edneas de producci\u00f3n, debido \u2028a la facilidad de obtenci\u00f3n del resultado. \u2028Es el par\u00e1metro m\u00e1s utilizado en todo el mundo.<\/td>\n<\/tr>\n<tr>\n<td width=\"161\">Rz: Rugosidad media<\/td>\n<td width=\"312\">Por ejemplo, superficies de apoyo de deslizamiento, ajustes prensados, etc. \u2028En superficies donde el perfil es peri\u00f3dico y conocido.<\/td>\n<\/tr>\n<tr>\n<td width=\"161\">Rq: rugosidad Media cuadr\u00e1tica<\/td>\n<td width=\"312\">Superficies donde el acabado presenta los surcos bien orientados (torneado, fresado, etc.) Superficies donde Ra presenta poca resoluci\u00f3n<\/td>\n<\/tr>\n<tr>\n<td width=\"161\">Rt: Profundidad total de la rugosidad<\/td>\n<td width=\"312\">Considera la longitud de medici\u00f3n igual a la longitud de palpado del equipo. Es m\u00e1s r\u00edgido en la evaluaci\u00f3n que Rm\u00e1x, pues considera toda la longitud de evaluaci\u00f3n (carrera del \u2028palpador) y no como el caso de Rm\u00e1x que desprecia un trecho al comienzo y al fin de la carrera de \u2028medici\u00f3n.<\/td>\n<\/tr>\n<\/tbody>\n<\/table>\n<\/div>\n<p>&nbsp;<\/p>\n<div class=\"scrollable-wrapper\">\n<table border=\"1\">\n<tbody>\n<tr>\n<td width=\"150\"><strong>Rango<\/strong><\/td>\n<td width=\"150\"><strong>Sistema M\u00e9trico<\/strong><\/td>\n<td width=\"150\"><strong>Sistema Ingl\u00e9s<\/strong><\/td>\n<\/tr>\n<tr>\n<td width=\"150\">Ra<\/td>\n<td width=\"150\">0.005 a 16 \u03bcm<\/td>\n<td width=\"150\">0.020 a 629.9 \u03bcinch<\/td>\n<\/tr>\n<tr>\n<td width=\"150\">Rq<\/td>\n<td width=\"150\">0.005 a 16 \u03bcm<\/td>\n<td width=\"150\">0.020 a 629.9 \u03bcinch<\/td>\n<\/tr>\n<tr>\n<td width=\"150\">Rz<\/td>\n<td width=\"150\">0.020 a 160 \u03bcm<\/td>\n<td width=\"150\">0.780 a 6299 \u03bcinch<\/td>\n<\/tr>\n<tr>\n<td width=\"150\">Rt<\/td>\n<td width=\"150\">0.020 a 160 \u03bcm<\/td>\n<td width=\"150\">0.780 a 6299 \u03bcinch<\/td>\n<\/tr>\n<\/tbody>\n<\/table>\n<\/div>\n<p>&nbsp;<\/p>\n<p><strong>Especificaciones T\u00e9cnicas:<\/strong><\/p>\n<div class=\"scrollable-wrapper\">\n<table border=\"1\">\n<tbody>\n<tr>\n<td width=\"224\">\u00a0Precisi\u00f3n<\/td>\n<td width=\"224\">\u2264 +\/-10%<\/td>\n<\/tr>\n<tr>\n<td width=\"224\">Repetitividad:<\/td>\n<td width=\"224\">+\/- 6%<\/td>\n<\/tr>\n<tr>\n<td width=\"224\">Resoluci\u00f3n:<\/td>\n<td width=\"224\">&lt; 10 micras: 0.001 \u03bcm<\/p>\n<p>10 a 100 micras: 0.01 \u03bcm<\/p>\n<p>&gt;100 Micras: 0.1 \u03bcm<\/td>\n<\/tr>\n<tr>\n<td width=\"224\">Recorridos del sensor:<\/td>\n<td width=\"224\">\u00a00.25 mm, 0.8 mm, 2.5 mm<\/td>\n<\/tr>\n<tr>\n<td width=\"224\">Filtros digitales:<\/td>\n<td width=\"224\">RC, PC-RC, Gauss, D-P<\/td>\n<\/tr>\n<tr>\n<td width=\"224\">Dimensiones:<\/td>\n<td width=\"224\">106 x 70 x 24 mm<\/td>\n<\/tr>\n<tr>\n<td width=\"224\">Peso:<\/td>\n<td width=\"224\">200g<\/td>\n<\/tr>\n<tr>\n<td width=\"224\">Fuente de poder<\/td>\n<td width=\"224\">Pila recargable de Ion Litio<\/td>\n<\/tr>\n<\/tbody>\n<\/table>\n<\/div>\n","protected":false},"featured_media":8845,"comment_status":"open","ping_status":"closed","template":"","meta":{"_joinchat":[]},"product_brand":[],"product_cat":[130],"product_tag":[],"class_list":{"0":"post-8844","1":"product","2":"type-product","3":"status-publish","4":"has-post-thumbnail","6":"product_cat-rugosimetros","8":"first","9":"instock","10":"shipping-taxable","11":"product-type-simple"},"yoast_head":"<!-- This site is optimized with the Yoast SEO plugin v26.4 - https:\/\/yoast.com\/wordpress\/plugins\/seo\/ -->\n<title>Rugos\u00edmetro Digital-GR260 - Abaa tienda online<\/title>\n<meta name=\"robots\" content=\"index, follow, max-snippet:-1, max-image-preview:large, max-video-preview:-1\" \/>\n<link rel=\"canonical\" href=\"https:\/\/abaa.mx\/tienda\/rugosimetro-digital-gr260\/\" \/>\n<meta property=\"og:locale\" content=\"es_MX\" \/>\n<meta property=\"og:type\" content=\"article\" \/>\n<meta property=\"og:title\" content=\"Rugos\u00edmetro Digital-GR260 - Abaa tienda online\" \/>\n<meta property=\"og:description\" content=\"El rugos\u00edmetro port\u00e1til modelo GR260 es un equipo correspondiente para uso de forma directa en la l\u00ednea de producci\u00f3n y puede utilizarse para medir la rugosidad superficial de una variedad de piezas maquinadas, calcula distintos par\u00e1metros de rugosidad de conformidad con las configuraciones de medici\u00f3n elegidas.  Es ampliamente empleado en el lugar de producci\u00f3n para medir la rugosidad superficial de una variedad de piezas procesadas por tramado que no pueden ser transportadas o introducidas en el laboratorio de metrolog\u00eda. Se apega a los requerimientos de medici\u00f3n de los est\u00e1ndares internacionales GB T6062, ISO 4287, DIN 4768, JIS B y ANSI 1461.  El aparato incluye un desarmador para ajuste, accesorio para nivelaci\u00f3n, asegurador del sensor, estuche de transporte, bloque de verificaci\u00f3n y manual de operaci\u00f3n. Certificado de calibraci\u00f3n emitido por nuestro laboratorio de calibraci\u00f3n acreditado bajo la norma ISO\/IEC17025 libre bajo pedido. Consulta nuestro equipo de ventas.  Par\u00e1metros:     Ra: Rugosidad media aritm\u00e9tica Cuando sea necesario el control de la rugosidad en forma continua en las l\u00edneas de producci\u00f3n, debido \u2028a la facilidad de obtenci\u00f3n del resultado. \u2028Es el par\u00e1metro m\u00e1s utilizado en todo el mundo.   Rz: Rugosidad media Por ejemplo, superficies de apoyo de deslizamiento, ajustes prensados, etc. \u2028En superficies donde el perfil es peri\u00f3dico y conocido.   Rq: rugosidad Media cuadr\u00e1tica Superficies donde el acabado presenta los surcos bien orientados (torneado, fresado, etc.) Superficies donde Ra presenta poca resoluci\u00f3n   Rt: Profundidad total de la rugosidad Considera la longitud de medici\u00f3n igual a la longitud de palpado del equipo. Es m\u00e1s r\u00edgido en la evaluaci\u00f3n que Rm\u00e1x, pues considera toda la longitud de evaluaci\u00f3n (carrera del \u2028palpador) y no como el caso de Rm\u00e1x que desprecia un trecho al comienzo y al fin de la carrera de \u2028medici\u00f3n.     &nbsp;     Rango Sistema M\u00e9trico Sistema Ingl\u00e9s   Ra 0.005 a 16 \u03bcm 0.020 a 629.9 \u03bcinch   Rq 0.005 a 16 \u03bcm 0.020 a 629.9 \u03bcinch   Rz 0.020 a 160 \u03bcm 0.780 a 6299 \u03bcinch   Rt 0.020 a 160 \u03bcm 0.780 a 6299 \u03bcinch     &nbsp;  Especificaciones T\u00e9cnicas:     \u00a0Precisi\u00f3n \u2264 +\/-10%   Repetitividad: +\/- 6%   Resoluci\u00f3n: &lt; 10 micras: 0.001 \u03bcm  10 a 100 micras: 0.01 \u03bcm  &gt;100 Micras: 0.1 \u03bcm   Recorridos del sensor: \u00a00.25 mm, 0.8 mm, 2.5 mm   Filtros digitales: RC, PC-RC, Gauss, D-P   Dimensiones: 106 x 70 x 24 mm   Peso: 200g   Fuente de poder Pila recargable de Ion Litio\" \/>\n<meta property=\"og:url\" content=\"https:\/\/abaa.mx\/tienda\/rugosimetro-digital-gr260\/\" \/>\n<meta property=\"og:site_name\" content=\"Abaa tienda online\" \/>\n<meta property=\"og:image\" content=\"https:\/\/abaa.mx\/tienda\/wp-content\/uploads\/2023\/11\/GALAXY-GR260.jpg\" \/>\n\t<meta property=\"og:image:width\" content=\"516\" \/>\n\t<meta property=\"og:image:height\" content=\"336\" \/>\n\t<meta property=\"og:image:type\" content=\"image\/jpeg\" \/>\n<meta name=\"twitter:card\" content=\"summary_large_image\" \/>\n<meta name=\"twitter:label1\" content=\"Tiempo de lectura\" \/>\n\t<meta name=\"twitter:data1\" content=\"1 minuto\" \/>\n<script type=\"application\/ld+json\" class=\"yoast-schema-graph\">{\"@context\":\"https:\/\/schema.org\",\"@graph\":[{\"@type\":\"WebPage\",\"@id\":\"https:\/\/abaa.mx\/tienda\/rugosimetro-digital-gr260\/\",\"url\":\"https:\/\/abaa.mx\/tienda\/rugosimetro-digital-gr260\/\",\"name\":\"Rugos\u00edmetro Digital-GR260 - Abaa tienda online\",\"isPartOf\":{\"@id\":\"https:\/\/abaa.mx\/tienda\/#website\"},\"primaryImageOfPage\":{\"@id\":\"https:\/\/abaa.mx\/tienda\/rugosimetro-digital-gr260\/#primaryimage\"},\"image\":{\"@id\":\"https:\/\/abaa.mx\/tienda\/rugosimetro-digital-gr260\/#primaryimage\"},\"thumbnailUrl\":\"https:\/\/abaa.mx\/tienda\/wp-content\/uploads\/2023\/11\/GALAXY-GR260.jpg\",\"datePublished\":\"2023-11-13T20:13:09+00:00\",\"breadcrumb\":{\"@id\":\"https:\/\/abaa.mx\/tienda\/rugosimetro-digital-gr260\/#breadcrumb\"},\"inLanguage\":\"es\",\"potentialAction\":[{\"@type\":\"ReadAction\",\"target\":[\"https:\/\/abaa.mx\/tienda\/rugosimetro-digital-gr260\/\"]}]},{\"@type\":\"ImageObject\",\"inLanguage\":\"es\",\"@id\":\"https:\/\/abaa.mx\/tienda\/rugosimetro-digital-gr260\/#primaryimage\",\"url\":\"https:\/\/abaa.mx\/tienda\/wp-content\/uploads\/2023\/11\/GALAXY-GR260.jpg\",\"contentUrl\":\"https:\/\/abaa.mx\/tienda\/wp-content\/uploads\/2023\/11\/GALAXY-GR260.jpg\",\"width\":516,\"height\":336,\"caption\":\"GALAXY-GR260\"},{\"@type\":\"BreadcrumbList\",\"@id\":\"https:\/\/abaa.mx\/tienda\/rugosimetro-digital-gr260\/#breadcrumb\",\"itemListElement\":[{\"@type\":\"ListItem\",\"position\":1,\"name\":\"Inicio\",\"item\":\"https:\/\/abaa.mx\/tienda\/\"},{\"@type\":\"ListItem\",\"position\":2,\"name\":\"Tienda\",\"item\":\"https:\/\/abaa.mx\/tienda\/\"},{\"@type\":\"ListItem\",\"position\":3,\"name\":\"Rugos\u00edmetro Digital-GR260\"}]},{\"@type\":\"WebSite\",\"@id\":\"https:\/\/abaa.mx\/tienda\/#website\",\"url\":\"https:\/\/abaa.mx\/tienda\/\",\"name\":\"Abaa tienda online\",\"description\":\"Instrumentos de medici\u00f3n\",\"publisher\":{\"@id\":\"https:\/\/abaa.mx\/tienda\/#organization\"},\"potentialAction\":[{\"@type\":\"SearchAction\",\"target\":{\"@type\":\"EntryPoint\",\"urlTemplate\":\"https:\/\/abaa.mx\/tienda\/?s={search_term_string}\"},\"query-input\":{\"@type\":\"PropertyValueSpecification\",\"valueRequired\":true,\"valueName\":\"search_term_string\"}}],\"inLanguage\":\"es\"},{\"@type\":\"Organization\",\"@id\":\"https:\/\/abaa.mx\/tienda\/#organization\",\"name\":\"Abaa tienda online\",\"url\":\"https:\/\/abaa.mx\/tienda\/\",\"logo\":{\"@type\":\"ImageObject\",\"inLanguage\":\"es\",\"@id\":\"https:\/\/abaa.mx\/tienda\/#\/schema\/logo\/image\/\",\"url\":\"https:\/\/abaa.mx\/tienda\/wp-content\/uploads\/2024\/01\/abaa-metrologia-tienda.png\",\"contentUrl\":\"https:\/\/abaa.mx\/tienda\/wp-content\/uploads\/2024\/01\/abaa-metrologia-tienda.png\",\"width\":300,\"height\":141,\"caption\":\"Abaa tienda online\"},\"image\":{\"@id\":\"https:\/\/abaa.mx\/tienda\/#\/schema\/logo\/image\/\"}}]}<\/script>\n<!-- \/ Yoast SEO plugin. -->","yoast_head_json":{"title":"Rugos\u00edmetro Digital-GR260 - Abaa tienda online","robots":{"index":"index","follow":"follow","max-snippet":"max-snippet:-1","max-image-preview":"max-image-preview:large","max-video-preview":"max-video-preview:-1"},"canonical":"https:\/\/abaa.mx\/tienda\/rugosimetro-digital-gr260\/","og_locale":"es_MX","og_type":"article","og_title":"Rugos\u00edmetro Digital-GR260 - Abaa tienda online","og_description":"El rugos\u00edmetro port\u00e1til modelo GR260 es un equipo correspondiente para uso de forma directa en la l\u00ednea de producci\u00f3n y puede utilizarse para medir la rugosidad superficial de una variedad de piezas maquinadas, calcula distintos par\u00e1metros de rugosidad de conformidad con las configuraciones de medici\u00f3n elegidas.  Es ampliamente empleado en el lugar de producci\u00f3n para medir la rugosidad superficial de una variedad de piezas procesadas por tramado que no pueden ser transportadas o introducidas en el laboratorio de metrolog\u00eda. Se apega a los requerimientos de medici\u00f3n de los est\u00e1ndares internacionales GB T6062, ISO 4287, DIN 4768, JIS B y ANSI 1461.  El aparato incluye un desarmador para ajuste, accesorio para nivelaci\u00f3n, asegurador del sensor, estuche de transporte, bloque de verificaci\u00f3n y manual de operaci\u00f3n. Certificado de calibraci\u00f3n emitido por nuestro laboratorio de calibraci\u00f3n acreditado bajo la norma ISO\/IEC17025 libre bajo pedido. Consulta nuestro equipo de ventas.  Par\u00e1metros:     Ra: Rugosidad media aritm\u00e9tica Cuando sea necesario el control de la rugosidad en forma continua en las l\u00edneas de producci\u00f3n, debido \u2028a la facilidad de obtenci\u00f3n del resultado. \u2028Es el par\u00e1metro m\u00e1s utilizado en todo el mundo.   Rz: Rugosidad media Por ejemplo, superficies de apoyo de deslizamiento, ajustes prensados, etc. \u2028En superficies donde el perfil es peri\u00f3dico y conocido.   Rq: rugosidad Media cuadr\u00e1tica Superficies donde el acabado presenta los surcos bien orientados (torneado, fresado, etc.) Superficies donde Ra presenta poca resoluci\u00f3n   Rt: Profundidad total de la rugosidad Considera la longitud de medici\u00f3n igual a la longitud de palpado del equipo. Es m\u00e1s r\u00edgido en la evaluaci\u00f3n que Rm\u00e1x, pues considera toda la longitud de evaluaci\u00f3n (carrera del \u2028palpador) y no como el caso de Rm\u00e1x que desprecia un trecho al comienzo y al fin de la carrera de \u2028medici\u00f3n.     &nbsp;     Rango Sistema M\u00e9trico Sistema Ingl\u00e9s   Ra 0.005 a 16 \u03bcm 0.020 a 629.9 \u03bcinch   Rq 0.005 a 16 \u03bcm 0.020 a 629.9 \u03bcinch   Rz 0.020 a 160 \u03bcm 0.780 a 6299 \u03bcinch   Rt 0.020 a 160 \u03bcm 0.780 a 6299 \u03bcinch     &nbsp;  Especificaciones T\u00e9cnicas:     \u00a0Precisi\u00f3n \u2264 +\/-10%   Repetitividad: +\/- 6%   Resoluci\u00f3n: &lt; 10 micras: 0.001 \u03bcm  10 a 100 micras: 0.01 \u03bcm  &gt;100 Micras: 0.1 \u03bcm   Recorridos del sensor: \u00a00.25 mm, 0.8 mm, 2.5 mm   Filtros digitales: RC, PC-RC, Gauss, D-P   Dimensiones: 106 x 70 x 24 mm   Peso: 200g   Fuente de poder Pila recargable de Ion Litio","og_url":"https:\/\/abaa.mx\/tienda\/rugosimetro-digital-gr260\/","og_site_name":"Abaa tienda online","og_image":[{"width":516,"height":336,"url":"https:\/\/abaa.mx\/tienda\/wp-content\/uploads\/2023\/11\/GALAXY-GR260.jpg","type":"image\/jpeg"}],"twitter_card":"summary_large_image","twitter_misc":{"Tiempo de lectura":"1 minuto"},"schema":{"@context":"https:\/\/schema.org","@graph":[{"@type":"WebPage","@id":"https:\/\/abaa.mx\/tienda\/rugosimetro-digital-gr260\/","url":"https:\/\/abaa.mx\/tienda\/rugosimetro-digital-gr260\/","name":"Rugos\u00edmetro Digital-GR260 - Abaa tienda online","isPartOf":{"@id":"https:\/\/abaa.mx\/tienda\/#website"},"primaryImageOfPage":{"@id":"https:\/\/abaa.mx\/tienda\/rugosimetro-digital-gr260\/#primaryimage"},"image":{"@id":"https:\/\/abaa.mx\/tienda\/rugosimetro-digital-gr260\/#primaryimage"},"thumbnailUrl":"https:\/\/abaa.mx\/tienda\/wp-content\/uploads\/2023\/11\/GALAXY-GR260.jpg","datePublished":"2023-11-13T20:13:09+00:00","breadcrumb":{"@id":"https:\/\/abaa.mx\/tienda\/rugosimetro-digital-gr260\/#breadcrumb"},"inLanguage":"es","potentialAction":[{"@type":"ReadAction","target":["https:\/\/abaa.mx\/tienda\/rugosimetro-digital-gr260\/"]}]},{"@type":"ImageObject","inLanguage":"es","@id":"https:\/\/abaa.mx\/tienda\/rugosimetro-digital-gr260\/#primaryimage","url":"https:\/\/abaa.mx\/tienda\/wp-content\/uploads\/2023\/11\/GALAXY-GR260.jpg","contentUrl":"https:\/\/abaa.mx\/tienda\/wp-content\/uploads\/2023\/11\/GALAXY-GR260.jpg","width":516,"height":336,"caption":"GALAXY-GR260"},{"@type":"BreadcrumbList","@id":"https:\/\/abaa.mx\/tienda\/rugosimetro-digital-gr260\/#breadcrumb","itemListElement":[{"@type":"ListItem","position":1,"name":"Inicio","item":"https:\/\/abaa.mx\/tienda\/"},{"@type":"ListItem","position":2,"name":"Tienda","item":"https:\/\/abaa.mx\/tienda\/"},{"@type":"ListItem","position":3,"name":"Rugos\u00edmetro Digital-GR260"}]},{"@type":"WebSite","@id":"https:\/\/abaa.mx\/tienda\/#website","url":"https:\/\/abaa.mx\/tienda\/","name":"Abaa tienda online","description":"Instrumentos de medici\u00f3n","publisher":{"@id":"https:\/\/abaa.mx\/tienda\/#organization"},"potentialAction":[{"@type":"SearchAction","target":{"@type":"EntryPoint","urlTemplate":"https:\/\/abaa.mx\/tienda\/?s={search_term_string}"},"query-input":{"@type":"PropertyValueSpecification","valueRequired":true,"valueName":"search_term_string"}}],"inLanguage":"es"},{"@type":"Organization","@id":"https:\/\/abaa.mx\/tienda\/#organization","name":"Abaa tienda online","url":"https:\/\/abaa.mx\/tienda\/","logo":{"@type":"ImageObject","inLanguage":"es","@id":"https:\/\/abaa.mx\/tienda\/#\/schema\/logo\/image\/","url":"https:\/\/abaa.mx\/tienda\/wp-content\/uploads\/2024\/01\/abaa-metrologia-tienda.png","contentUrl":"https:\/\/abaa.mx\/tienda\/wp-content\/uploads\/2024\/01\/abaa-metrologia-tienda.png","width":300,"height":141,"caption":"Abaa tienda online"},"image":{"@id":"https:\/\/abaa.mx\/tienda\/#\/schema\/logo\/image\/"}}]}},"_links":{"self":[{"href":"https:\/\/abaa.mx\/tienda\/wp-json\/wp\/v2\/product\/8844","targetHints":{"allow":["GET"]}}],"collection":[{"href":"https:\/\/abaa.mx\/tienda\/wp-json\/wp\/v2\/product"}],"about":[{"href":"https:\/\/abaa.mx\/tienda\/wp-json\/wp\/v2\/types\/product"}],"replies":[{"embeddable":true,"href":"https:\/\/abaa.mx\/tienda\/wp-json\/wp\/v2\/comments?post=8844"}],"wp:featuredmedia":[{"embeddable":true,"href":"https:\/\/abaa.mx\/tienda\/wp-json\/wp\/v2\/media\/8845"}],"wp:attachment":[{"href":"https:\/\/abaa.mx\/tienda\/wp-json\/wp\/v2\/media?parent=8844"}],"wp:term":[{"taxonomy":"product_brand","embeddable":true,"href":"https:\/\/abaa.mx\/tienda\/wp-json\/wp\/v2\/product_brand?post=8844"},{"taxonomy":"product_cat","embeddable":true,"href":"https:\/\/abaa.mx\/tienda\/wp-json\/wp\/v2\/product_cat?post=8844"},{"taxonomy":"product_tag","embeddable":true,"href":"https:\/\/abaa.mx\/tienda\/wp-json\/wp\/v2\/product_tag?post=8844"}],"curies":[{"name":"wp","href":"https:\/\/api.w.org\/{rel}","templated":true}]}}