{"id":8841,"date":"2023-11-13T19:44:26","date_gmt":"2023-11-13T19:44:26","guid":{"rendered":"https:\/\/abaa.mx\/tienda\/?post_type=product&#038;p=8841"},"modified":"2023-11-13T19:44:26","modified_gmt":"2023-11-13T19:44:26","slug":"retrorreflectometro-para-lineas-de-pavimento-carreteras-norma-en-1436-y-astm-e-1710-tbt","status":"publish","type":"product","link":"https:\/\/abaa.mx\/tienda\/retrorreflectometro-para-lineas-de-pavimento-carreteras-norma-en-1436-y-astm-e-1710-tbt\/","title":{"rendered":"Retrorreflect\u00f3metro para lineas de pavimento-carreteras, Norma EN 1436 y ASTM E 1710, TBT"},"content":{"rendered":"<p>Retrorreflect\u00f3metro para lineas de pavimento\/carreteras, Norma EN 1436 y ASTM E 1710, TBT.<\/p>\n","protected":false},"excerpt":{"rendered":"<p><strong>Especificaciones:<\/strong><\/p>\n<ul>\n<li>Retrorreflect\u00f3metro TBTRMR-1 para marcas viales<\/li>\n<li>El retrorreflect\u00f3metro de senalizaci\u00f3n vial TBTRMR-1 es un instrumento de medici\u00f3n, utilizado para medir la retrorreflexi\u00f3n caracter\u00edstica de la senalizaci\u00f3n vial.<\/li>\n<li>Este instrumento es para simular el brillo de las marcas viales que puede ser visto por el conductor bajo la iluminaci\u00f3n del motor, veh\u00edculos por la noche, y el par\u00e1metro medido es el coeficiente de brillo de retrorrefecci\u00f3n por la noche, a saber, valor RL.<\/li>\n<li>Norma de EN 1436 y ASTM E 1710.<\/li>\n<\/ul>\n<p>&nbsp;<\/p>\n","protected":false},"featured_media":8843,"comment_status":"open","ping_status":"closed","template":"","meta":{"_joinchat":[]},"product_brand":[],"product_cat":[129],"product_tag":[],"class_list":{"0":"post-8841","1":"product","2":"type-product","3":"status-publish","4":"has-post-thumbnail","6":"product_cat-retroreflectometros","8":"first","9":"instock","10":"shipping-taxable","11":"product-type-simple"},"yoast_head":"<!-- This site is optimized with the Yoast SEO plugin v26.4 - https:\/\/yoast.com\/wordpress\/plugins\/seo\/ -->\n<title>Retrorreflect\u00f3metro para lineas de pavimento-carreteras, Norma EN 1436 y ASTM E 1710, TBT - Abaa tienda online<\/title>\n<meta name=\"robots\" content=\"index, follow, max-snippet:-1, max-image-preview:large, max-video-preview:-1\" \/>\n<link rel=\"canonical\" href=\"https:\/\/abaa.mx\/tienda\/retrorreflectometro-para-lineas-de-pavimento-carreteras-norma-en-1436-y-astm-e-1710-tbt\/\" \/>\n<meta property=\"og:locale\" content=\"es_MX\" \/>\n<meta property=\"og:type\" content=\"article\" \/>\n<meta property=\"og:title\" content=\"Retrorreflect\u00f3metro para lineas de pavimento-carreteras, Norma EN 1436 y ASTM E 1710, TBT - Abaa tienda online\" \/>\n<meta property=\"og:description\" content=\"Especificaciones:   Retrorreflect\u00f3metro TBTRMR-1 para marcas viales  El retrorreflect\u00f3metro de senalizaci\u00f3n vial TBTRMR-1 es un instrumento de medici\u00f3n, utilizado para medir la retrorreflexi\u00f3n caracter\u00edstica de la senalizaci\u00f3n vial.  Este instrumento es para simular el brillo de las marcas viales que puede ser visto por el conductor bajo la iluminaci\u00f3n del motor, veh\u00edculos por la noche, y el par\u00e1metro medido es el coeficiente de brillo de retrorrefecci\u00f3n por la noche, a saber, valor RL.  Norma de EN 1436 y ASTM E 1710.  &nbsp;\" \/>\n<meta property=\"og:url\" content=\"https:\/\/abaa.mx\/tienda\/retrorreflectometro-para-lineas-de-pavimento-carreteras-norma-en-1436-y-astm-e-1710-tbt\/\" \/>\n<meta property=\"og:site_name\" content=\"Abaa tienda online\" \/>\n<meta property=\"og:image\" content=\"https:\/\/abaa.mx\/tienda\/wp-content\/uploads\/2023\/11\/TBT-ASTM-E-1710.jpg\" \/>\n\t<meta property=\"og:image:width\" content=\"503\" \/>\n\t<meta property=\"og:image:height\" content=\"273\" \/>\n\t<meta property=\"og:image:type\" content=\"image\/jpeg\" \/>\n<meta name=\"twitter:card\" content=\"summary_large_image\" \/>\n<meta name=\"twitter:label1\" content=\"Tiempo de lectura\" \/>\n\t<meta name=\"twitter:data1\" content=\"1 minuto\" \/>\n<script type=\"application\/ld+json\" class=\"yoast-schema-graph\">{\"@context\":\"https:\/\/schema.org\",\"@graph\":[{\"@type\":\"WebPage\",\"@id\":\"https:\/\/abaa.mx\/tienda\/retrorreflectometro-para-lineas-de-pavimento-carreteras-norma-en-1436-y-astm-e-1710-tbt\/\",\"url\":\"https:\/\/abaa.mx\/tienda\/retrorreflectometro-para-lineas-de-pavimento-carreteras-norma-en-1436-y-astm-e-1710-tbt\/\",\"name\":\"Retrorreflect\u00f3metro para lineas de pavimento-carreteras, Norma EN 1436 y ASTM E 1710, TBT - Abaa tienda online\",\"isPartOf\":{\"@id\":\"https:\/\/abaa.mx\/tienda\/#website\"},\"primaryImageOfPage\":{\"@id\":\"https:\/\/abaa.mx\/tienda\/retrorreflectometro-para-lineas-de-pavimento-carreteras-norma-en-1436-y-astm-e-1710-tbt\/#primaryimage\"},\"image\":{\"@id\":\"https:\/\/abaa.mx\/tienda\/retrorreflectometro-para-lineas-de-pavimento-carreteras-norma-en-1436-y-astm-e-1710-tbt\/#primaryimage\"},\"thumbnailUrl\":\"https:\/\/abaa.mx\/tienda\/wp-content\/uploads\/2023\/11\/TBT-ASTM-E-1710.jpg\",\"datePublished\":\"2023-11-13T19:44:26+00:00\",\"breadcrumb\":{\"@id\":\"https:\/\/abaa.mx\/tienda\/retrorreflectometro-para-lineas-de-pavimento-carreteras-norma-en-1436-y-astm-e-1710-tbt\/#breadcrumb\"},\"inLanguage\":\"es\",\"potentialAction\":[{\"@type\":\"ReadAction\",\"target\":[\"https:\/\/abaa.mx\/tienda\/retrorreflectometro-para-lineas-de-pavimento-carreteras-norma-en-1436-y-astm-e-1710-tbt\/\"]}]},{\"@type\":\"ImageObject\",\"inLanguage\":\"es\",\"@id\":\"https:\/\/abaa.mx\/tienda\/retrorreflectometro-para-lineas-de-pavimento-carreteras-norma-en-1436-y-astm-e-1710-tbt\/#primaryimage\",\"url\":\"https:\/\/abaa.mx\/tienda\/wp-content\/uploads\/2023\/11\/TBT-ASTM-E-1710.jpg\",\"contentUrl\":\"https:\/\/abaa.mx\/tienda\/wp-content\/uploads\/2023\/11\/TBT-ASTM-E-1710.jpg\",\"width\":503,\"height\":273,\"caption\":\"TBT-ASTM E-1710\"},{\"@type\":\"BreadcrumbList\",\"@id\":\"https:\/\/abaa.mx\/tienda\/retrorreflectometro-para-lineas-de-pavimento-carreteras-norma-en-1436-y-astm-e-1710-tbt\/#breadcrumb\",\"itemListElement\":[{\"@type\":\"ListItem\",\"position\":1,\"name\":\"Inicio\",\"item\":\"https:\/\/abaa.mx\/tienda\/\"},{\"@type\":\"ListItem\",\"position\":2,\"name\":\"Tienda\",\"item\":\"https:\/\/abaa.mx\/tienda\/\"},{\"@type\":\"ListItem\",\"position\":3,\"name\":\"Retrorreflect\u00f3metro para lineas de pavimento-carreteras, Norma EN 1436 y ASTM E 1710, TBT\"}]},{\"@type\":\"WebSite\",\"@id\":\"https:\/\/abaa.mx\/tienda\/#website\",\"url\":\"https:\/\/abaa.mx\/tienda\/\",\"name\":\"Abaa tienda online\",\"description\":\"Instrumentos de medici\u00f3n\",\"publisher\":{\"@id\":\"https:\/\/abaa.mx\/tienda\/#organization\"},\"potentialAction\":[{\"@type\":\"SearchAction\",\"target\":{\"@type\":\"EntryPoint\",\"urlTemplate\":\"https:\/\/abaa.mx\/tienda\/?s={search_term_string}\"},\"query-input\":{\"@type\":\"PropertyValueSpecification\",\"valueRequired\":true,\"valueName\":\"search_term_string\"}}],\"inLanguage\":\"es\"},{\"@type\":\"Organization\",\"@id\":\"https:\/\/abaa.mx\/tienda\/#organization\",\"name\":\"Abaa tienda online\",\"url\":\"https:\/\/abaa.mx\/tienda\/\",\"logo\":{\"@type\":\"ImageObject\",\"inLanguage\":\"es\",\"@id\":\"https:\/\/abaa.mx\/tienda\/#\/schema\/logo\/image\/\",\"url\":\"https:\/\/abaa.mx\/tienda\/wp-content\/uploads\/2024\/01\/abaa-metrologia-tienda.png\",\"contentUrl\":\"https:\/\/abaa.mx\/tienda\/wp-content\/uploads\/2024\/01\/abaa-metrologia-tienda.png\",\"width\":300,\"height\":141,\"caption\":\"Abaa tienda online\"},\"image\":{\"@id\":\"https:\/\/abaa.mx\/tienda\/#\/schema\/logo\/image\/\"}}]}<\/script>\n<!-- \/ Yoast SEO plugin. -->","yoast_head_json":{"title":"Retrorreflect\u00f3metro para lineas de pavimento-carreteras, Norma EN 1436 y ASTM E 1710, TBT - Abaa tienda online","robots":{"index":"index","follow":"follow","max-snippet":"max-snippet:-1","max-image-preview":"max-image-preview:large","max-video-preview":"max-video-preview:-1"},"canonical":"https:\/\/abaa.mx\/tienda\/retrorreflectometro-para-lineas-de-pavimento-carreteras-norma-en-1436-y-astm-e-1710-tbt\/","og_locale":"es_MX","og_type":"article","og_title":"Retrorreflect\u00f3metro para lineas de pavimento-carreteras, Norma EN 1436 y ASTM E 1710, TBT - Abaa tienda online","og_description":"Especificaciones:   Retrorreflect\u00f3metro TBTRMR-1 para marcas viales  El retrorreflect\u00f3metro de senalizaci\u00f3n vial TBTRMR-1 es un instrumento de medici\u00f3n, utilizado para medir la retrorreflexi\u00f3n caracter\u00edstica de la senalizaci\u00f3n vial.  Este instrumento es para simular el brillo de las marcas viales que puede ser visto por el conductor bajo la iluminaci\u00f3n del motor, veh\u00edculos por la noche, y el par\u00e1metro medido es el coeficiente de brillo de retrorrefecci\u00f3n por la noche, a saber, valor RL.  Norma de EN 1436 y ASTM E 1710.  &nbsp;","og_url":"https:\/\/abaa.mx\/tienda\/retrorreflectometro-para-lineas-de-pavimento-carreteras-norma-en-1436-y-astm-e-1710-tbt\/","og_site_name":"Abaa tienda online","og_image":[{"width":503,"height":273,"url":"https:\/\/abaa.mx\/tienda\/wp-content\/uploads\/2023\/11\/TBT-ASTM-E-1710.jpg","type":"image\/jpeg"}],"twitter_card":"summary_large_image","twitter_misc":{"Tiempo de lectura":"1 minuto"},"schema":{"@context":"https:\/\/schema.org","@graph":[{"@type":"WebPage","@id":"https:\/\/abaa.mx\/tienda\/retrorreflectometro-para-lineas-de-pavimento-carreteras-norma-en-1436-y-astm-e-1710-tbt\/","url":"https:\/\/abaa.mx\/tienda\/retrorreflectometro-para-lineas-de-pavimento-carreteras-norma-en-1436-y-astm-e-1710-tbt\/","name":"Retrorreflect\u00f3metro para lineas de pavimento-carreteras, Norma EN 1436 y ASTM E 1710, TBT - Abaa tienda online","isPartOf":{"@id":"https:\/\/abaa.mx\/tienda\/#website"},"primaryImageOfPage":{"@id":"https:\/\/abaa.mx\/tienda\/retrorreflectometro-para-lineas-de-pavimento-carreteras-norma-en-1436-y-astm-e-1710-tbt\/#primaryimage"},"image":{"@id":"https:\/\/abaa.mx\/tienda\/retrorreflectometro-para-lineas-de-pavimento-carreteras-norma-en-1436-y-astm-e-1710-tbt\/#primaryimage"},"thumbnailUrl":"https:\/\/abaa.mx\/tienda\/wp-content\/uploads\/2023\/11\/TBT-ASTM-E-1710.jpg","datePublished":"2023-11-13T19:44:26+00:00","breadcrumb":{"@id":"https:\/\/abaa.mx\/tienda\/retrorreflectometro-para-lineas-de-pavimento-carreteras-norma-en-1436-y-astm-e-1710-tbt\/#breadcrumb"},"inLanguage":"es","potentialAction":[{"@type":"ReadAction","target":["https:\/\/abaa.mx\/tienda\/retrorreflectometro-para-lineas-de-pavimento-carreteras-norma-en-1436-y-astm-e-1710-tbt\/"]}]},{"@type":"ImageObject","inLanguage":"es","@id":"https:\/\/abaa.mx\/tienda\/retrorreflectometro-para-lineas-de-pavimento-carreteras-norma-en-1436-y-astm-e-1710-tbt\/#primaryimage","url":"https:\/\/abaa.mx\/tienda\/wp-content\/uploads\/2023\/11\/TBT-ASTM-E-1710.jpg","contentUrl":"https:\/\/abaa.mx\/tienda\/wp-content\/uploads\/2023\/11\/TBT-ASTM-E-1710.jpg","width":503,"height":273,"caption":"TBT-ASTM E-1710"},{"@type":"BreadcrumbList","@id":"https:\/\/abaa.mx\/tienda\/retrorreflectometro-para-lineas-de-pavimento-carreteras-norma-en-1436-y-astm-e-1710-tbt\/#breadcrumb","itemListElement":[{"@type":"ListItem","position":1,"name":"Inicio","item":"https:\/\/abaa.mx\/tienda\/"},{"@type":"ListItem","position":2,"name":"Tienda","item":"https:\/\/abaa.mx\/tienda\/"},{"@type":"ListItem","position":3,"name":"Retrorreflect\u00f3metro para lineas de pavimento-carreteras, Norma EN 1436 y ASTM E 1710, TBT"}]},{"@type":"WebSite","@id":"https:\/\/abaa.mx\/tienda\/#website","url":"https:\/\/abaa.mx\/tienda\/","name":"Abaa tienda online","description":"Instrumentos de medici\u00f3n","publisher":{"@id":"https:\/\/abaa.mx\/tienda\/#organization"},"potentialAction":[{"@type":"SearchAction","target":{"@type":"EntryPoint","urlTemplate":"https:\/\/abaa.mx\/tienda\/?s={search_term_string}"},"query-input":{"@type":"PropertyValueSpecification","valueRequired":true,"valueName":"search_term_string"}}],"inLanguage":"es"},{"@type":"Organization","@id":"https:\/\/abaa.mx\/tienda\/#organization","name":"Abaa tienda online","url":"https:\/\/abaa.mx\/tienda\/","logo":{"@type":"ImageObject","inLanguage":"es","@id":"https:\/\/abaa.mx\/tienda\/#\/schema\/logo\/image\/","url":"https:\/\/abaa.mx\/tienda\/wp-content\/uploads\/2024\/01\/abaa-metrologia-tienda.png","contentUrl":"https:\/\/abaa.mx\/tienda\/wp-content\/uploads\/2024\/01\/abaa-metrologia-tienda.png","width":300,"height":141,"caption":"Abaa tienda online"},"image":{"@id":"https:\/\/abaa.mx\/tienda\/#\/schema\/logo\/image\/"}}]}},"_links":{"self":[{"href":"https:\/\/abaa.mx\/tienda\/wp-json\/wp\/v2\/product\/8841","targetHints":{"allow":["GET"]}}],"collection":[{"href":"https:\/\/abaa.mx\/tienda\/wp-json\/wp\/v2\/product"}],"about":[{"href":"https:\/\/abaa.mx\/tienda\/wp-json\/wp\/v2\/types\/product"}],"replies":[{"embeddable":true,"href":"https:\/\/abaa.mx\/tienda\/wp-json\/wp\/v2\/comments?post=8841"}],"wp:featuredmedia":[{"embeddable":true,"href":"https:\/\/abaa.mx\/tienda\/wp-json\/wp\/v2\/media\/8843"}],"wp:attachment":[{"href":"https:\/\/abaa.mx\/tienda\/wp-json\/wp\/v2\/media?parent=8841"}],"wp:term":[{"taxonomy":"product_brand","embeddable":true,"href":"https:\/\/abaa.mx\/tienda\/wp-json\/wp\/v2\/product_brand?post=8841"},{"taxonomy":"product_cat","embeddable":true,"href":"https:\/\/abaa.mx\/tienda\/wp-json\/wp\/v2\/product_cat?post=8841"},{"taxonomy":"product_tag","embeddable":true,"href":"https:\/\/abaa.mx\/tienda\/wp-json\/wp\/v2\/product_tag?post=8841"}],"curies":[{"name":"wp","href":"https:\/\/api.w.org\/{rel}","templated":true}]}}