{"id":8836,"date":"2023-11-13T19:28:04","date_gmt":"2023-11-13T19:28:04","guid":{"rendered":"https:\/\/abaa.mx\/tienda\/?post_type=product&#038;p=8836"},"modified":"2023-11-13T19:28:05","modified_gmt":"2023-11-13T19:28:05","slug":"retroreflectometro-para-senales-de-trafico-tbttsr1","status":"publish","type":"product","link":"https:\/\/abaa.mx\/tienda\/retroreflectometro-para-senales-de-trafico-tbttsr1\/","title":{"rendered":"Retroreflect\u00f3metro para senales de tr\u00e1fico &#8211; TBTTSR1"},"content":{"rendered":"<p>Retroreflect\u00f3metro para senales de tr\u00e1fico &#8211; TBTTSR1.<\/p>\n","protected":false},"excerpt":{"rendered":"<p>El Retrorreflect\u00f3metro es un instrumento de medici\u00f3n de precisi\u00f3n port\u00e1til, a bater\u00eda recargable, para la determinaci\u00f3n de la visibilidad nocturna (coeficiente de retrorreflexi\u00f3n RA y R \u2019) de senales de tr\u00e1fico y prendas de seguridad, con un desempe\u00f1o bastante bueno; ASTM 1709? M\u00e9todo de prueba para la medici\u00f3n de senales retrorreflectantes?;<\/p>\n<p><b>Principales caracter\u00edsticas t\u00e9cnicas:<\/b><\/p>\n<ul>\n<li>Restablezca y ajuste el est\u00e1ndar de medici\u00f3n autom\u00e1ticamente.<\/li>\n<li>Admite almacenar m\u00e1s de 99,999 informaci\u00f3n de datos de prueba, incluidos datos de medici\u00f3n, operador, informaci\u00f3n de la secci\u00f3n de la carretera y tiempo de prueba, etc.<\/li>\n<li>Pantalla LCD de alto brillo para mostrar los datos medidos.<\/li>\n<li>Sistema de medici\u00f3n \u00f3ptica avanzado.<\/li>\n<li>Sistema de entrada: escritura a mano o mediante teclado virtual.<\/li>\n<li>Verificaci\u00f3n autom\u00e1tica del cero y est\u00e1ndar de medici\u00f3n de calibraci\u00f3n.<\/li>\n<li>Baja iluminaci\u00f3n y alta sensibilidad.<\/li>\n<li>Admite el almacenamiento de datos de la tarjeta SD 8G y admite el almacenamiento de datos en formato Excel, y los datos se pueden exportar a la computadora a trav\u00e9s del disco U;<\/li>\n<li>Se pueden preestablecer los par\u00e1metros, la fecha, la hora, el sitio de prueba y otra informaci\u00f3n del sistema.<\/li>\n<li>Gesti\u00f3n inteligente en espera. Apague el sistema de visualizaci\u00f3n cuando deje de operar eldetector.<\/li>\n<\/ul>\n<p>&nbsp;<\/p>\n","protected":false},"featured_media":8838,"comment_status":"open","ping_status":"closed","template":"","meta":{"_joinchat":[]},"product_brand":[],"product_cat":[129],"product_tag":[],"class_list":{"0":"post-8836","1":"product","2":"type-product","3":"status-publish","4":"has-post-thumbnail","6":"product_cat-retroreflectometros","8":"first","9":"instock","10":"shipping-taxable","11":"product-type-simple"},"yoast_head":"<!-- This site is optimized with the Yoast SEO plugin v26.4 - https:\/\/yoast.com\/wordpress\/plugins\/seo\/ -->\n<title>Retroreflect\u00f3metro para senales de tr\u00e1fico - TBTTSR1 - Abaa tienda online<\/title>\n<meta name=\"robots\" content=\"index, follow, max-snippet:-1, max-image-preview:large, max-video-preview:-1\" \/>\n<link rel=\"canonical\" href=\"https:\/\/abaa.mx\/tienda\/retroreflectometro-para-senales-de-trafico-tbttsr1\/\" \/>\n<meta property=\"og:locale\" content=\"es_MX\" \/>\n<meta property=\"og:type\" content=\"article\" \/>\n<meta property=\"og:title\" content=\"Retroreflect\u00f3metro para senales de tr\u00e1fico - TBTTSR1 - Abaa tienda online\" \/>\n<meta property=\"og:description\" content=\"El Retrorreflect\u00f3metro es un instrumento de medici\u00f3n de precisi\u00f3n port\u00e1til, a bater\u00eda recargable, para la determinaci\u00f3n de la visibilidad nocturna (coeficiente de retrorreflexi\u00f3n RA y R \u2019) de senales de tr\u00e1fico y prendas de seguridad, con un desempe\u00f1o bastante bueno; ASTM 1709? M\u00e9todo de prueba para la medici\u00f3n de senales retrorreflectantes?;  Principales caracter\u00edsticas t\u00e9cnicas:   Restablezca y ajuste el est\u00e1ndar de medici\u00f3n autom\u00e1ticamente.  Admite almacenar m\u00e1s de 99,999 informaci\u00f3n de datos de prueba, incluidos datos de medici\u00f3n, operador, informaci\u00f3n de la secci\u00f3n de la carretera y tiempo de prueba, etc.  Pantalla LCD de alto brillo para mostrar los datos medidos.  Sistema de medici\u00f3n \u00f3ptica avanzado.  Sistema de entrada: escritura a mano o mediante teclado virtual.  Verificaci\u00f3n autom\u00e1tica del cero y est\u00e1ndar de medici\u00f3n de calibraci\u00f3n.  Baja iluminaci\u00f3n y alta sensibilidad.  Admite el almacenamiento de datos de la tarjeta SD 8G y admite el almacenamiento de datos en formato Excel, y los datos se pueden exportar a la computadora a trav\u00e9s del disco U;  Se pueden preestablecer los par\u00e1metros, la fecha, la hora, el sitio de prueba y otra informaci\u00f3n del sistema.  Gesti\u00f3n inteligente en espera. Apague el sistema de visualizaci\u00f3n cuando deje de operar eldetector.  &nbsp;\" \/>\n<meta property=\"og:url\" content=\"https:\/\/abaa.mx\/tienda\/retroreflectometro-para-senales-de-trafico-tbttsr1\/\" \/>\n<meta property=\"og:site_name\" content=\"Abaa tienda online\" \/>\n<meta property=\"article:modified_time\" content=\"2023-11-13T19:28:05+00:00\" \/>\n<meta property=\"og:image\" content=\"https:\/\/abaa.mx\/tienda\/wp-content\/uploads\/2023\/11\/TBT-TBTTSR1.jpg\" \/>\n\t<meta property=\"og:image:width\" content=\"411\" \/>\n\t<meta property=\"og:image:height\" content=\"381\" \/>\n\t<meta property=\"og:image:type\" content=\"image\/jpeg\" \/>\n<meta name=\"twitter:card\" content=\"summary_large_image\" \/>\n<meta name=\"twitter:label1\" content=\"Tiempo de lectura\" \/>\n\t<meta name=\"twitter:data1\" content=\"1 minuto\" \/>\n<script type=\"application\/ld+json\" class=\"yoast-schema-graph\">{\"@context\":\"https:\/\/schema.org\",\"@graph\":[{\"@type\":\"WebPage\",\"@id\":\"https:\/\/abaa.mx\/tienda\/retroreflectometro-para-senales-de-trafico-tbttsr1\/\",\"url\":\"https:\/\/abaa.mx\/tienda\/retroreflectometro-para-senales-de-trafico-tbttsr1\/\",\"name\":\"Retroreflect\u00f3metro para senales de tr\u00e1fico - TBTTSR1 - Abaa tienda online\",\"isPartOf\":{\"@id\":\"https:\/\/abaa.mx\/tienda\/#website\"},\"primaryImageOfPage\":{\"@id\":\"https:\/\/abaa.mx\/tienda\/retroreflectometro-para-senales-de-trafico-tbttsr1\/#primaryimage\"},\"image\":{\"@id\":\"https:\/\/abaa.mx\/tienda\/retroreflectometro-para-senales-de-trafico-tbttsr1\/#primaryimage\"},\"thumbnailUrl\":\"https:\/\/abaa.mx\/tienda\/wp-content\/uploads\/2023\/11\/TBT-TBTTSR1.jpg\",\"datePublished\":\"2023-11-13T19:28:04+00:00\",\"dateModified\":\"2023-11-13T19:28:05+00:00\",\"breadcrumb\":{\"@id\":\"https:\/\/abaa.mx\/tienda\/retroreflectometro-para-senales-de-trafico-tbttsr1\/#breadcrumb\"},\"inLanguage\":\"es\",\"potentialAction\":[{\"@type\":\"ReadAction\",\"target\":[\"https:\/\/abaa.mx\/tienda\/retroreflectometro-para-senales-de-trafico-tbttsr1\/\"]}]},{\"@type\":\"ImageObject\",\"inLanguage\":\"es\",\"@id\":\"https:\/\/abaa.mx\/tienda\/retroreflectometro-para-senales-de-trafico-tbttsr1\/#primaryimage\",\"url\":\"https:\/\/abaa.mx\/tienda\/wp-content\/uploads\/2023\/11\/TBT-TBTTSR1.jpg\",\"contentUrl\":\"https:\/\/abaa.mx\/tienda\/wp-content\/uploads\/2023\/11\/TBT-TBTTSR1.jpg\",\"width\":411,\"height\":381,\"caption\":\"TBT-TBTTSR1\"},{\"@type\":\"BreadcrumbList\",\"@id\":\"https:\/\/abaa.mx\/tienda\/retroreflectometro-para-senales-de-trafico-tbttsr1\/#breadcrumb\",\"itemListElement\":[{\"@type\":\"ListItem\",\"position\":1,\"name\":\"Inicio\",\"item\":\"https:\/\/abaa.mx\/tienda\/\"},{\"@type\":\"ListItem\",\"position\":2,\"name\":\"Tienda\",\"item\":\"https:\/\/abaa.mx\/tienda\/\"},{\"@type\":\"ListItem\",\"position\":3,\"name\":\"Retroreflect\u00f3metro para senales de tr\u00e1fico &#8211; TBTTSR1\"}]},{\"@type\":\"WebSite\",\"@id\":\"https:\/\/abaa.mx\/tienda\/#website\",\"url\":\"https:\/\/abaa.mx\/tienda\/\",\"name\":\"Abaa tienda online\",\"description\":\"Instrumentos de medici\u00f3n\",\"publisher\":{\"@id\":\"https:\/\/abaa.mx\/tienda\/#organization\"},\"potentialAction\":[{\"@type\":\"SearchAction\",\"target\":{\"@type\":\"EntryPoint\",\"urlTemplate\":\"https:\/\/abaa.mx\/tienda\/?s={search_term_string}\"},\"query-input\":{\"@type\":\"PropertyValueSpecification\",\"valueRequired\":true,\"valueName\":\"search_term_string\"}}],\"inLanguage\":\"es\"},{\"@type\":\"Organization\",\"@id\":\"https:\/\/abaa.mx\/tienda\/#organization\",\"name\":\"Abaa tienda online\",\"url\":\"https:\/\/abaa.mx\/tienda\/\",\"logo\":{\"@type\":\"ImageObject\",\"inLanguage\":\"es\",\"@id\":\"https:\/\/abaa.mx\/tienda\/#\/schema\/logo\/image\/\",\"url\":\"https:\/\/abaa.mx\/tienda\/wp-content\/uploads\/2024\/01\/abaa-metrologia-tienda.png\",\"contentUrl\":\"https:\/\/abaa.mx\/tienda\/wp-content\/uploads\/2024\/01\/abaa-metrologia-tienda.png\",\"width\":300,\"height\":141,\"caption\":\"Abaa tienda online\"},\"image\":{\"@id\":\"https:\/\/abaa.mx\/tienda\/#\/schema\/logo\/image\/\"}}]}<\/script>\n<!-- \/ Yoast SEO plugin. -->","yoast_head_json":{"title":"Retroreflect\u00f3metro para senales de tr\u00e1fico - TBTTSR1 - Abaa tienda online","robots":{"index":"index","follow":"follow","max-snippet":"max-snippet:-1","max-image-preview":"max-image-preview:large","max-video-preview":"max-video-preview:-1"},"canonical":"https:\/\/abaa.mx\/tienda\/retroreflectometro-para-senales-de-trafico-tbttsr1\/","og_locale":"es_MX","og_type":"article","og_title":"Retroreflect\u00f3metro para senales de tr\u00e1fico - TBTTSR1 - Abaa tienda online","og_description":"El Retrorreflect\u00f3metro es un instrumento de medici\u00f3n de precisi\u00f3n port\u00e1til, a bater\u00eda recargable, para la determinaci\u00f3n de la visibilidad nocturna (coeficiente de retrorreflexi\u00f3n RA y R \u2019) de senales de tr\u00e1fico y prendas de seguridad, con un desempe\u00f1o bastante bueno; ASTM 1709? M\u00e9todo de prueba para la medici\u00f3n de senales retrorreflectantes?;  Principales caracter\u00edsticas t\u00e9cnicas:   Restablezca y ajuste el est\u00e1ndar de medici\u00f3n autom\u00e1ticamente.  Admite almacenar m\u00e1s de 99,999 informaci\u00f3n de datos de prueba, incluidos datos de medici\u00f3n, operador, informaci\u00f3n de la secci\u00f3n de la carretera y tiempo de prueba, etc.  Pantalla LCD de alto brillo para mostrar los datos medidos.  Sistema de medici\u00f3n \u00f3ptica avanzado.  Sistema de entrada: escritura a mano o mediante teclado virtual.  Verificaci\u00f3n autom\u00e1tica del cero y est\u00e1ndar de medici\u00f3n de calibraci\u00f3n.  Baja iluminaci\u00f3n y alta sensibilidad.  Admite el almacenamiento de datos de la tarjeta SD 8G y admite el almacenamiento de datos en formato Excel, y los datos se pueden exportar a la computadora a trav\u00e9s del disco U;  Se pueden preestablecer los par\u00e1metros, la fecha, la hora, el sitio de prueba y otra informaci\u00f3n del sistema.  Gesti\u00f3n inteligente en espera. Apague el sistema de visualizaci\u00f3n cuando deje de operar eldetector.  &nbsp;","og_url":"https:\/\/abaa.mx\/tienda\/retroreflectometro-para-senales-de-trafico-tbttsr1\/","og_site_name":"Abaa tienda online","article_modified_time":"2023-11-13T19:28:05+00:00","og_image":[{"width":411,"height":381,"url":"https:\/\/abaa.mx\/tienda\/wp-content\/uploads\/2023\/11\/TBT-TBTTSR1.jpg","type":"image\/jpeg"}],"twitter_card":"summary_large_image","twitter_misc":{"Tiempo de lectura":"1 minuto"},"schema":{"@context":"https:\/\/schema.org","@graph":[{"@type":"WebPage","@id":"https:\/\/abaa.mx\/tienda\/retroreflectometro-para-senales-de-trafico-tbttsr1\/","url":"https:\/\/abaa.mx\/tienda\/retroreflectometro-para-senales-de-trafico-tbttsr1\/","name":"Retroreflect\u00f3metro para senales de tr\u00e1fico - TBTTSR1 - Abaa tienda online","isPartOf":{"@id":"https:\/\/abaa.mx\/tienda\/#website"},"primaryImageOfPage":{"@id":"https:\/\/abaa.mx\/tienda\/retroreflectometro-para-senales-de-trafico-tbttsr1\/#primaryimage"},"image":{"@id":"https:\/\/abaa.mx\/tienda\/retroreflectometro-para-senales-de-trafico-tbttsr1\/#primaryimage"},"thumbnailUrl":"https:\/\/abaa.mx\/tienda\/wp-content\/uploads\/2023\/11\/TBT-TBTTSR1.jpg","datePublished":"2023-11-13T19:28:04+00:00","dateModified":"2023-11-13T19:28:05+00:00","breadcrumb":{"@id":"https:\/\/abaa.mx\/tienda\/retroreflectometro-para-senales-de-trafico-tbttsr1\/#breadcrumb"},"inLanguage":"es","potentialAction":[{"@type":"ReadAction","target":["https:\/\/abaa.mx\/tienda\/retroreflectometro-para-senales-de-trafico-tbttsr1\/"]}]},{"@type":"ImageObject","inLanguage":"es","@id":"https:\/\/abaa.mx\/tienda\/retroreflectometro-para-senales-de-trafico-tbttsr1\/#primaryimage","url":"https:\/\/abaa.mx\/tienda\/wp-content\/uploads\/2023\/11\/TBT-TBTTSR1.jpg","contentUrl":"https:\/\/abaa.mx\/tienda\/wp-content\/uploads\/2023\/11\/TBT-TBTTSR1.jpg","width":411,"height":381,"caption":"TBT-TBTTSR1"},{"@type":"BreadcrumbList","@id":"https:\/\/abaa.mx\/tienda\/retroreflectometro-para-senales-de-trafico-tbttsr1\/#breadcrumb","itemListElement":[{"@type":"ListItem","position":1,"name":"Inicio","item":"https:\/\/abaa.mx\/tienda\/"},{"@type":"ListItem","position":2,"name":"Tienda","item":"https:\/\/abaa.mx\/tienda\/"},{"@type":"ListItem","position":3,"name":"Retroreflect\u00f3metro para senales de tr\u00e1fico &#8211; TBTTSR1"}]},{"@type":"WebSite","@id":"https:\/\/abaa.mx\/tienda\/#website","url":"https:\/\/abaa.mx\/tienda\/","name":"Abaa tienda online","description":"Instrumentos de medici\u00f3n","publisher":{"@id":"https:\/\/abaa.mx\/tienda\/#organization"},"potentialAction":[{"@type":"SearchAction","target":{"@type":"EntryPoint","urlTemplate":"https:\/\/abaa.mx\/tienda\/?s={search_term_string}"},"query-input":{"@type":"PropertyValueSpecification","valueRequired":true,"valueName":"search_term_string"}}],"inLanguage":"es"},{"@type":"Organization","@id":"https:\/\/abaa.mx\/tienda\/#organization","name":"Abaa tienda online","url":"https:\/\/abaa.mx\/tienda\/","logo":{"@type":"ImageObject","inLanguage":"es","@id":"https:\/\/abaa.mx\/tienda\/#\/schema\/logo\/image\/","url":"https:\/\/abaa.mx\/tienda\/wp-content\/uploads\/2024\/01\/abaa-metrologia-tienda.png","contentUrl":"https:\/\/abaa.mx\/tienda\/wp-content\/uploads\/2024\/01\/abaa-metrologia-tienda.png","width":300,"height":141,"caption":"Abaa tienda online"},"image":{"@id":"https:\/\/abaa.mx\/tienda\/#\/schema\/logo\/image\/"}}]}},"_links":{"self":[{"href":"https:\/\/abaa.mx\/tienda\/wp-json\/wp\/v2\/product\/8836","targetHints":{"allow":["GET"]}}],"collection":[{"href":"https:\/\/abaa.mx\/tienda\/wp-json\/wp\/v2\/product"}],"about":[{"href":"https:\/\/abaa.mx\/tienda\/wp-json\/wp\/v2\/types\/product"}],"replies":[{"embeddable":true,"href":"https:\/\/abaa.mx\/tienda\/wp-json\/wp\/v2\/comments?post=8836"}],"wp:featuredmedia":[{"embeddable":true,"href":"https:\/\/abaa.mx\/tienda\/wp-json\/wp\/v2\/media\/8838"}],"wp:attachment":[{"href":"https:\/\/abaa.mx\/tienda\/wp-json\/wp\/v2\/media?parent=8836"}],"wp:term":[{"taxonomy":"product_brand","embeddable":true,"href":"https:\/\/abaa.mx\/tienda\/wp-json\/wp\/v2\/product_brand?post=8836"},{"taxonomy":"product_cat","embeddable":true,"href":"https:\/\/abaa.mx\/tienda\/wp-json\/wp\/v2\/product_cat?post=8836"},{"taxonomy":"product_tag","embeddable":true,"href":"https:\/\/abaa.mx\/tienda\/wp-json\/wp\/v2\/product_tag?post=8836"}],"curies":[{"name":"wp","href":"https:\/\/api.w.org\/{rel}","templated":true}]}}