{"id":8833,"date":"2023-11-13T19:22:32","date_gmt":"2023-11-13T19:22:32","guid":{"rendered":"https:\/\/abaa.mx\/tienda\/?post_type=product&#038;p=8833"},"modified":"2023-11-13T19:22:48","modified_gmt":"2023-11-13T19:22:48","slug":"medidor-de-espesor-en-lineas-de-pavimento-carreteras-tbt-tbtrmt1","status":"publish","type":"product","link":"https:\/\/abaa.mx\/tienda\/medidor-de-espesor-en-lineas-de-pavimento-carreteras-tbt-tbtrmt1\/","title":{"rendered":"Medidor de espesor en lineas de pavimento &#8211; carreteras, TBT &#8211; TBTRMT1"},"content":{"rendered":"<p>Medidor de espesor en lineas de pavimento \/ carreteras, TBT &#8211; TBTRMT1.<\/p>\n","protected":false},"excerpt":{"rendered":"<p><b>Caracter\u00edsticas principales:<\/b><\/p>\n<ul>\n<li>Perfil de aleaci\u00f3n de aluminio, gu\u00eda doble de precisi\u00f3n, estable y duradera.<\/li>\n<li>Apague autom\u00e1ticamente para ahorrar energ\u00eda.<\/li>\n<li>Pequeno volumen, f\u00e1cil de transportar, operaci\u00f3n con una sola mano.<\/li>\n<li>Bater\u00eda de litio de gran capacidad incorporada, tiempo de espera prolongado.<\/li>\n<li>Tablero de demarcaci\u00f3n de m\u00e1rmol de 00 niveles, medici\u00f3n de datos m\u00e1s precisa.<\/li>\n<li>Pantalla OLED para mostrar los datos con mayor claridad.<\/li>\n<\/ul>\n<p><b>Especificaciones t\u00e9cnicas:<\/b><\/p>\n<ul>\n<li>Rango de medici\u00f3n: +\/-13mm.<\/li>\n<li>Dimensiones: Alrededor de 140x110x30 mm.<\/li>\n<li>Temp de trabajo y humedad: -15C ~ 60C \/ &lt;98%.<\/li>\n<li>Display: OLED.<\/li>\n<li>Resoluci\u00f3n de medici\u00f3n:0.01mm.<\/li>\n<li>Tiempo de trabajo de la bater\u00eda de litio:&gt;30hr continuas.<\/li>\n<li>Exactitud:0.02mm.<\/li>\n<li>Precisi\u00f3n del bloque de calibraci\u00f3n: Grado 00.<\/li>\n<li>Fuente de alimentaci\u00f3n:12V 5.2Ah.<\/li>\n<\/ul>\n<p>&nbsp;<\/p>\n<p>&nbsp;<\/p>\n","protected":false},"featured_media":8834,"comment_status":"open","ping_status":"closed","template":"","meta":{"_joinchat":[]},"product_brand":[],"product_cat":[129],"product_tag":[],"class_list":{"0":"post-8833","1":"product","2":"type-product","3":"status-publish","4":"has-post-thumbnail","6":"product_cat-retroreflectometros","8":"first","9":"instock","10":"shipping-taxable","11":"product-type-simple"},"yoast_head":"<!-- This site is optimized with the Yoast SEO plugin v26.4 - https:\/\/yoast.com\/wordpress\/plugins\/seo\/ -->\n<title>Medidor de espesor en lineas de pavimento - carreteras, TBT - TBTRMT1 - Abaa tienda online<\/title>\n<meta name=\"robots\" content=\"index, follow, max-snippet:-1, max-image-preview:large, max-video-preview:-1\" \/>\n<link rel=\"canonical\" href=\"https:\/\/abaa.mx\/tienda\/medidor-de-espesor-en-lineas-de-pavimento-carreteras-tbt-tbtrmt1\/\" \/>\n<meta property=\"og:locale\" content=\"es_MX\" \/>\n<meta property=\"og:type\" content=\"article\" \/>\n<meta property=\"og:title\" content=\"Medidor de espesor en lineas de pavimento - carreteras, TBT - TBTRMT1 - Abaa tienda online\" \/>\n<meta property=\"og:description\" content=\"Caracter\u00edsticas principales:   Perfil de aleaci\u00f3n de aluminio, gu\u00eda doble de precisi\u00f3n, estable y duradera.  Apague autom\u00e1ticamente para ahorrar energ\u00eda.  Pequeno volumen, f\u00e1cil de transportar, operaci\u00f3n con una sola mano.  Bater\u00eda de litio de gran capacidad incorporada, tiempo de espera prolongado.  Tablero de demarcaci\u00f3n de m\u00e1rmol de 00 niveles, medici\u00f3n de datos m\u00e1s precisa.  Pantalla OLED para mostrar los datos con mayor claridad.  Especificaciones t\u00e9cnicas:   Rango de medici\u00f3n: +\/-13mm.  Dimensiones: Alrededor de 140x110x30 mm.  Temp de trabajo y humedad: -15C ~ 60C \/ &lt;98%.  Display: OLED.  Resoluci\u00f3n de medici\u00f3n:0.01mm.  Tiempo de trabajo de la bater\u00eda de litio:&gt;30hr continuas.  Exactitud:0.02mm.  Precisi\u00f3n del bloque de calibraci\u00f3n: Grado 00.  Fuente de alimentaci\u00f3n:12V 5.2Ah.  &nbsp;  &nbsp;\" \/>\n<meta property=\"og:url\" content=\"https:\/\/abaa.mx\/tienda\/medidor-de-espesor-en-lineas-de-pavimento-carreteras-tbt-tbtrmt1\/\" \/>\n<meta property=\"og:site_name\" content=\"Abaa tienda online\" \/>\n<meta property=\"article:modified_time\" content=\"2023-11-13T19:22:48+00:00\" \/>\n<meta property=\"og:image\" content=\"https:\/\/abaa.mx\/tienda\/wp-content\/uploads\/2023\/11\/TBT-TBTRMT1.jpg\" \/>\n\t<meta property=\"og:image:width\" content=\"580\" \/>\n\t<meta property=\"og:image:height\" content=\"293\" \/>\n\t<meta property=\"og:image:type\" content=\"image\/jpeg\" \/>\n<meta name=\"twitter:card\" content=\"summary_large_image\" \/>\n<meta name=\"twitter:label1\" content=\"Tiempo de lectura\" \/>\n\t<meta name=\"twitter:data1\" content=\"1 minuto\" \/>\n<script type=\"application\/ld+json\" class=\"yoast-schema-graph\">{\"@context\":\"https:\/\/schema.org\",\"@graph\":[{\"@type\":\"WebPage\",\"@id\":\"https:\/\/abaa.mx\/tienda\/medidor-de-espesor-en-lineas-de-pavimento-carreteras-tbt-tbtrmt1\/\",\"url\":\"https:\/\/abaa.mx\/tienda\/medidor-de-espesor-en-lineas-de-pavimento-carreteras-tbt-tbtrmt1\/\",\"name\":\"Medidor de espesor en lineas de pavimento - carreteras, TBT - TBTRMT1 - Abaa tienda online\",\"isPartOf\":{\"@id\":\"https:\/\/abaa.mx\/tienda\/#website\"},\"primaryImageOfPage\":{\"@id\":\"https:\/\/abaa.mx\/tienda\/medidor-de-espesor-en-lineas-de-pavimento-carreteras-tbt-tbtrmt1\/#primaryimage\"},\"image\":{\"@id\":\"https:\/\/abaa.mx\/tienda\/medidor-de-espesor-en-lineas-de-pavimento-carreteras-tbt-tbtrmt1\/#primaryimage\"},\"thumbnailUrl\":\"https:\/\/abaa.mx\/tienda\/wp-content\/uploads\/2023\/11\/TBT-TBTRMT1.jpg\",\"datePublished\":\"2023-11-13T19:22:32+00:00\",\"dateModified\":\"2023-11-13T19:22:48+00:00\",\"breadcrumb\":{\"@id\":\"https:\/\/abaa.mx\/tienda\/medidor-de-espesor-en-lineas-de-pavimento-carreteras-tbt-tbtrmt1\/#breadcrumb\"},\"inLanguage\":\"es\",\"potentialAction\":[{\"@type\":\"ReadAction\",\"target\":[\"https:\/\/abaa.mx\/tienda\/medidor-de-espesor-en-lineas-de-pavimento-carreteras-tbt-tbtrmt1\/\"]}]},{\"@type\":\"ImageObject\",\"inLanguage\":\"es\",\"@id\":\"https:\/\/abaa.mx\/tienda\/medidor-de-espesor-en-lineas-de-pavimento-carreteras-tbt-tbtrmt1\/#primaryimage\",\"url\":\"https:\/\/abaa.mx\/tienda\/wp-content\/uploads\/2023\/11\/TBT-TBTRMT1.jpg\",\"contentUrl\":\"https:\/\/abaa.mx\/tienda\/wp-content\/uploads\/2023\/11\/TBT-TBTRMT1.jpg\",\"width\":580,\"height\":293,\"caption\":\"TBT-TBTRMT1\"},{\"@type\":\"BreadcrumbList\",\"@id\":\"https:\/\/abaa.mx\/tienda\/medidor-de-espesor-en-lineas-de-pavimento-carreteras-tbt-tbtrmt1\/#breadcrumb\",\"itemListElement\":[{\"@type\":\"ListItem\",\"position\":1,\"name\":\"Inicio\",\"item\":\"https:\/\/abaa.mx\/tienda\/\"},{\"@type\":\"ListItem\",\"position\":2,\"name\":\"Tienda\",\"item\":\"https:\/\/abaa.mx\/tienda\/\"},{\"@type\":\"ListItem\",\"position\":3,\"name\":\"Medidor de espesor en lineas de pavimento &#8211; carreteras, TBT &#8211; TBTRMT1\"}]},{\"@type\":\"WebSite\",\"@id\":\"https:\/\/abaa.mx\/tienda\/#website\",\"url\":\"https:\/\/abaa.mx\/tienda\/\",\"name\":\"Abaa tienda online\",\"description\":\"Instrumentos de medici\u00f3n\",\"publisher\":{\"@id\":\"https:\/\/abaa.mx\/tienda\/#organization\"},\"potentialAction\":[{\"@type\":\"SearchAction\",\"target\":{\"@type\":\"EntryPoint\",\"urlTemplate\":\"https:\/\/abaa.mx\/tienda\/?s={search_term_string}\"},\"query-input\":{\"@type\":\"PropertyValueSpecification\",\"valueRequired\":true,\"valueName\":\"search_term_string\"}}],\"inLanguage\":\"es\"},{\"@type\":\"Organization\",\"@id\":\"https:\/\/abaa.mx\/tienda\/#organization\",\"name\":\"Abaa tienda online\",\"url\":\"https:\/\/abaa.mx\/tienda\/\",\"logo\":{\"@type\":\"ImageObject\",\"inLanguage\":\"es\",\"@id\":\"https:\/\/abaa.mx\/tienda\/#\/schema\/logo\/image\/\",\"url\":\"https:\/\/abaa.mx\/tienda\/wp-content\/uploads\/2024\/01\/abaa-metrologia-tienda.png\",\"contentUrl\":\"https:\/\/abaa.mx\/tienda\/wp-content\/uploads\/2024\/01\/abaa-metrologia-tienda.png\",\"width\":300,\"height\":141,\"caption\":\"Abaa tienda online\"},\"image\":{\"@id\":\"https:\/\/abaa.mx\/tienda\/#\/schema\/logo\/image\/\"}}]}<\/script>\n<!-- \/ Yoast SEO plugin. -->","yoast_head_json":{"title":"Medidor de espesor en lineas de pavimento - carreteras, TBT - TBTRMT1 - Abaa tienda online","robots":{"index":"index","follow":"follow","max-snippet":"max-snippet:-1","max-image-preview":"max-image-preview:large","max-video-preview":"max-video-preview:-1"},"canonical":"https:\/\/abaa.mx\/tienda\/medidor-de-espesor-en-lineas-de-pavimento-carreteras-tbt-tbtrmt1\/","og_locale":"es_MX","og_type":"article","og_title":"Medidor de espesor en lineas de pavimento - carreteras, TBT - TBTRMT1 - Abaa tienda online","og_description":"Caracter\u00edsticas principales:   Perfil de aleaci\u00f3n de aluminio, gu\u00eda doble de precisi\u00f3n, estable y duradera.  Apague autom\u00e1ticamente para ahorrar energ\u00eda.  Pequeno volumen, f\u00e1cil de transportar, operaci\u00f3n con una sola mano.  Bater\u00eda de litio de gran capacidad incorporada, tiempo de espera prolongado.  Tablero de demarcaci\u00f3n de m\u00e1rmol de 00 niveles, medici\u00f3n de datos m\u00e1s precisa.  Pantalla OLED para mostrar los datos con mayor claridad.  Especificaciones t\u00e9cnicas:   Rango de medici\u00f3n: +\/-13mm.  Dimensiones: Alrededor de 140x110x30 mm.  Temp de trabajo y humedad: -15C ~ 60C \/ &lt;98%.  Display: OLED.  Resoluci\u00f3n de medici\u00f3n:0.01mm.  Tiempo de trabajo de la bater\u00eda de litio:&gt;30hr continuas.  Exactitud:0.02mm.  Precisi\u00f3n del bloque de calibraci\u00f3n: Grado 00.  Fuente de alimentaci\u00f3n:12V 5.2Ah.  &nbsp;  &nbsp;","og_url":"https:\/\/abaa.mx\/tienda\/medidor-de-espesor-en-lineas-de-pavimento-carreteras-tbt-tbtrmt1\/","og_site_name":"Abaa tienda online","article_modified_time":"2023-11-13T19:22:48+00:00","og_image":[{"width":580,"height":293,"url":"https:\/\/abaa.mx\/tienda\/wp-content\/uploads\/2023\/11\/TBT-TBTRMT1.jpg","type":"image\/jpeg"}],"twitter_card":"summary_large_image","twitter_misc":{"Tiempo de lectura":"1 minuto"},"schema":{"@context":"https:\/\/schema.org","@graph":[{"@type":"WebPage","@id":"https:\/\/abaa.mx\/tienda\/medidor-de-espesor-en-lineas-de-pavimento-carreteras-tbt-tbtrmt1\/","url":"https:\/\/abaa.mx\/tienda\/medidor-de-espesor-en-lineas-de-pavimento-carreteras-tbt-tbtrmt1\/","name":"Medidor de espesor en lineas de pavimento - carreteras, TBT - TBTRMT1 - Abaa tienda online","isPartOf":{"@id":"https:\/\/abaa.mx\/tienda\/#website"},"primaryImageOfPage":{"@id":"https:\/\/abaa.mx\/tienda\/medidor-de-espesor-en-lineas-de-pavimento-carreteras-tbt-tbtrmt1\/#primaryimage"},"image":{"@id":"https:\/\/abaa.mx\/tienda\/medidor-de-espesor-en-lineas-de-pavimento-carreteras-tbt-tbtrmt1\/#primaryimage"},"thumbnailUrl":"https:\/\/abaa.mx\/tienda\/wp-content\/uploads\/2023\/11\/TBT-TBTRMT1.jpg","datePublished":"2023-11-13T19:22:32+00:00","dateModified":"2023-11-13T19:22:48+00:00","breadcrumb":{"@id":"https:\/\/abaa.mx\/tienda\/medidor-de-espesor-en-lineas-de-pavimento-carreteras-tbt-tbtrmt1\/#breadcrumb"},"inLanguage":"es","potentialAction":[{"@type":"ReadAction","target":["https:\/\/abaa.mx\/tienda\/medidor-de-espesor-en-lineas-de-pavimento-carreteras-tbt-tbtrmt1\/"]}]},{"@type":"ImageObject","inLanguage":"es","@id":"https:\/\/abaa.mx\/tienda\/medidor-de-espesor-en-lineas-de-pavimento-carreteras-tbt-tbtrmt1\/#primaryimage","url":"https:\/\/abaa.mx\/tienda\/wp-content\/uploads\/2023\/11\/TBT-TBTRMT1.jpg","contentUrl":"https:\/\/abaa.mx\/tienda\/wp-content\/uploads\/2023\/11\/TBT-TBTRMT1.jpg","width":580,"height":293,"caption":"TBT-TBTRMT1"},{"@type":"BreadcrumbList","@id":"https:\/\/abaa.mx\/tienda\/medidor-de-espesor-en-lineas-de-pavimento-carreteras-tbt-tbtrmt1\/#breadcrumb","itemListElement":[{"@type":"ListItem","position":1,"name":"Inicio","item":"https:\/\/abaa.mx\/tienda\/"},{"@type":"ListItem","position":2,"name":"Tienda","item":"https:\/\/abaa.mx\/tienda\/"},{"@type":"ListItem","position":3,"name":"Medidor de espesor en lineas de pavimento &#8211; carreteras, TBT &#8211; TBTRMT1"}]},{"@type":"WebSite","@id":"https:\/\/abaa.mx\/tienda\/#website","url":"https:\/\/abaa.mx\/tienda\/","name":"Abaa tienda online","description":"Instrumentos de medici\u00f3n","publisher":{"@id":"https:\/\/abaa.mx\/tienda\/#organization"},"potentialAction":[{"@type":"SearchAction","target":{"@type":"EntryPoint","urlTemplate":"https:\/\/abaa.mx\/tienda\/?s={search_term_string}"},"query-input":{"@type":"PropertyValueSpecification","valueRequired":true,"valueName":"search_term_string"}}],"inLanguage":"es"},{"@type":"Organization","@id":"https:\/\/abaa.mx\/tienda\/#organization","name":"Abaa tienda online","url":"https:\/\/abaa.mx\/tienda\/","logo":{"@type":"ImageObject","inLanguage":"es","@id":"https:\/\/abaa.mx\/tienda\/#\/schema\/logo\/image\/","url":"https:\/\/abaa.mx\/tienda\/wp-content\/uploads\/2024\/01\/abaa-metrologia-tienda.png","contentUrl":"https:\/\/abaa.mx\/tienda\/wp-content\/uploads\/2024\/01\/abaa-metrologia-tienda.png","width":300,"height":141,"caption":"Abaa tienda online"},"image":{"@id":"https:\/\/abaa.mx\/tienda\/#\/schema\/logo\/image\/"}}]}},"_links":{"self":[{"href":"https:\/\/abaa.mx\/tienda\/wp-json\/wp\/v2\/product\/8833","targetHints":{"allow":["GET"]}}],"collection":[{"href":"https:\/\/abaa.mx\/tienda\/wp-json\/wp\/v2\/product"}],"about":[{"href":"https:\/\/abaa.mx\/tienda\/wp-json\/wp\/v2\/types\/product"}],"replies":[{"embeddable":true,"href":"https:\/\/abaa.mx\/tienda\/wp-json\/wp\/v2\/comments?post=8833"}],"wp:featuredmedia":[{"embeddable":true,"href":"https:\/\/abaa.mx\/tienda\/wp-json\/wp\/v2\/media\/8834"}],"wp:attachment":[{"href":"https:\/\/abaa.mx\/tienda\/wp-json\/wp\/v2\/media?parent=8833"}],"wp:term":[{"taxonomy":"product_brand","embeddable":true,"href":"https:\/\/abaa.mx\/tienda\/wp-json\/wp\/v2\/product_brand?post=8833"},{"taxonomy":"product_cat","embeddable":true,"href":"https:\/\/abaa.mx\/tienda\/wp-json\/wp\/v2\/product_cat?post=8833"},{"taxonomy":"product_tag","embeddable":true,"href":"https:\/\/abaa.mx\/tienda\/wp-json\/wp\/v2\/product_tag?post=8833"}],"curies":[{"name":"wp","href":"https:\/\/api.w.org\/{rel}","templated":true}]}}