{"id":8829,"date":"2023-11-13T17:31:53","date_gmt":"2023-11-13T17:31:53","guid":{"rendered":"https:\/\/abaa.mx\/tienda\/?post_type=product&#038;p=8829"},"modified":"2023-11-13T17:31:53","modified_gmt":"2023-11-13T17:31:53","slug":"analizador-de-aleaciones-edxp3000","status":"publish","type":"product","link":"https:\/\/abaa.mx\/tienda\/analizador-de-aleaciones-edxp3000\/","title":{"rendered":"Analizador de aleaciones &#8211; EDXP3000"},"content":{"rendered":"<p>Analizador de aleaciones &#8211; EDXP3000.<\/p>\n","protected":false},"excerpt":{"rendered":"<p><b>Especificaciones t\u00e9cnicas:<\/b><\/p>\n<ul>\n<li>Detector: detector de alta resoluci\u00f3n de Si-Pin, la resoluci\u00f3n puede ser 129 \u00b1 5 eV;<\/li>\n<li>Fuente de la excitaci\u00f3n: 50KV \/ 200uA-Ag de la ventana del \u00e1nodo en miniatura tubo ligero de X y fuente de alto voltaje.<\/li>\n<li>Filtro: 4 tipos de grupos de filtros, se ajustan autom\u00e1ticamente.<\/li>\n<li>Bater\u00eda de litio de alta capacidad, 7800mAh sigue trabajando 8 horas,<\/li>\n<li>Windows Mobile 6.<\/li>\n<li>Rango de medici\u00f3n de elementos: Na a U, El l\u00edmite de detecci\u00f3n de elementos: 0.001% -0.01%. 6.<\/li>\n<li>Tiempo de prueba: 3-60 segundos, ajustable.<\/li>\n<li>Dimensi\u00f3n: 260mm x 85mm x 350mm.<\/li>\n<li>Peso: 1.6 kg.<\/li>\n<\/ul>\n<p><strong>Caracter\u00edsticas:<\/strong><\/p>\n<ul>\n<li>Fuente de excitaci\u00f3n de apagado autom\u00e1tico de la telemetr\u00eda para proteger la seguridad del operador.<\/li>\n<li>Dispositivo de colocaci\u00f3n del laser, colocaci\u00f3n exacta del \u00e1rea de prueba de la muestra;<\/li>\n<li>Cuatro grupos de filtros y ajuste autom\u00e1tico.<\/li>\n<li>El software integra gran variedad de aleaci\u00f3nes y podr\u00eda a\u00f1adir m\u00e1s de acuerdo a la demanda del cliente.<\/li>\n<li>Detector de alta resoluci\u00f3n de Si-Pin, la resoluci\u00f3n puede ser 129 \u00b1 5 eV;<\/li>\n<li>CPU: 667MHz, ROM: 265M; Memoria: 2G (entrega est\u00e1ndar), ampliable hasta 32G seg\u00fan la tarjeta de memoria.<\/li>\n<li>Software para PC, dise\u00f1o de interfaz de usuario amigable.<\/li>\n<li>Cuerpo peque\u00f1o. F\u00e1cil de cargar. Conveniente para el trabajo rudo. Puede operar en el sitio e in situ an\u00e1lisis en cualquier momento o en cualquier lugar.<\/li>\n<li>Utilice HP PDA, pantalla grande de 4 pulgadas y tarjeta de memoria SD;<\/li>\n<\/ul>\n","protected":false},"featured_media":8830,"comment_status":"open","ping_status":"closed","template":"","meta":{"_joinchat":[]},"product_brand":[],"product_cat":[128],"product_tag":[],"class_list":{"0":"post-8829","1":"product","2":"type-product","3":"status-publish","4":"has-post-thumbnail","6":"product_cat-pruebas-no-destructivas","8":"first","9":"instock","10":"shipping-taxable","11":"product-type-simple"},"yoast_head":"<!-- This site is optimized with the Yoast SEO plugin v26.4 - https:\/\/yoast.com\/wordpress\/plugins\/seo\/ -->\n<title>Analizador de aleaciones - EDXP3000 - Abaa tienda online<\/title>\n<meta name=\"robots\" content=\"index, follow, max-snippet:-1, max-image-preview:large, max-video-preview:-1\" \/>\n<link rel=\"canonical\" href=\"https:\/\/abaa.mx\/tienda\/analizador-de-aleaciones-edxp3000\/\" \/>\n<meta property=\"og:locale\" content=\"es_MX\" \/>\n<meta property=\"og:type\" content=\"article\" \/>\n<meta property=\"og:title\" content=\"Analizador de aleaciones - EDXP3000 - Abaa tienda online\" \/>\n<meta property=\"og:description\" content=\"Especificaciones t\u00e9cnicas:   Detector: detector de alta resoluci\u00f3n de Si-Pin, la resoluci\u00f3n puede ser 129 \u00b1 5 eV;  Fuente de la excitaci\u00f3n: 50KV \/ 200uA-Ag de la ventana del \u00e1nodo en miniatura tubo ligero de X y fuente de alto voltaje.  Filtro: 4 tipos de grupos de filtros, se ajustan autom\u00e1ticamente.  Bater\u00eda de litio de alta capacidad, 7800mAh sigue trabajando 8 horas,  Windows Mobile 6.  Rango de medici\u00f3n de elementos: Na a U, El l\u00edmite de detecci\u00f3n de elementos: 0.001% -0.01%. 6.  Tiempo de prueba: 3-60 segundos, ajustable.  Dimensi\u00f3n: 260mm x 85mm x 350mm.  Peso: 1.6 kg.  Caracter\u00edsticas:   Fuente de excitaci\u00f3n de apagado autom\u00e1tico de la telemetr\u00eda para proteger la seguridad del operador.  Dispositivo de colocaci\u00f3n del laser, colocaci\u00f3n exacta del \u00e1rea de prueba de la muestra;  Cuatro grupos de filtros y ajuste autom\u00e1tico.  El software integra gran variedad de aleaci\u00f3nes y podr\u00eda a\u00f1adir m\u00e1s de acuerdo a la demanda del cliente.  Detector de alta resoluci\u00f3n de Si-Pin, la resoluci\u00f3n puede ser 129 \u00b1 5 eV;  CPU: 667MHz, ROM: 265M; Memoria: 2G (entrega est\u00e1ndar), ampliable hasta 32G seg\u00fan la tarjeta de memoria.  Software para PC, dise\u00f1o de interfaz de usuario amigable.  Cuerpo peque\u00f1o. F\u00e1cil de cargar. Conveniente para el trabajo rudo. Puede operar en el sitio e in situ an\u00e1lisis en cualquier momento o en cualquier lugar.  Utilice HP PDA, pantalla grande de 4 pulgadas y tarjeta de memoria SD;\" \/>\n<meta property=\"og:url\" content=\"https:\/\/abaa.mx\/tienda\/analizador-de-aleaciones-edxp3000\/\" \/>\n<meta property=\"og:site_name\" content=\"Abaa tienda online\" \/>\n<meta property=\"og:image\" content=\"https:\/\/abaa.mx\/tienda\/wp-content\/uploads\/2023\/11\/GALAXY-EDXP3000.jpg\" \/>\n\t<meta property=\"og:image:width\" content=\"435\" \/>\n\t<meta property=\"og:image:height\" content=\"451\" \/>\n\t<meta property=\"og:image:type\" content=\"image\/jpeg\" \/>\n<meta name=\"twitter:card\" content=\"summary_large_image\" \/>\n<meta name=\"twitter:label1\" content=\"Tiempo de lectura\" \/>\n\t<meta name=\"twitter:data1\" content=\"1 minuto\" \/>\n<script type=\"application\/ld+json\" class=\"yoast-schema-graph\">{\"@context\":\"https:\/\/schema.org\",\"@graph\":[{\"@type\":\"WebPage\",\"@id\":\"https:\/\/abaa.mx\/tienda\/analizador-de-aleaciones-edxp3000\/\",\"url\":\"https:\/\/abaa.mx\/tienda\/analizador-de-aleaciones-edxp3000\/\",\"name\":\"Analizador de aleaciones - EDXP3000 - Abaa tienda online\",\"isPartOf\":{\"@id\":\"https:\/\/abaa.mx\/tienda\/#website\"},\"primaryImageOfPage\":{\"@id\":\"https:\/\/abaa.mx\/tienda\/analizador-de-aleaciones-edxp3000\/#primaryimage\"},\"image\":{\"@id\":\"https:\/\/abaa.mx\/tienda\/analizador-de-aleaciones-edxp3000\/#primaryimage\"},\"thumbnailUrl\":\"https:\/\/abaa.mx\/tienda\/wp-content\/uploads\/2023\/11\/GALAXY-EDXP3000.jpg\",\"datePublished\":\"2023-11-13T17:31:53+00:00\",\"breadcrumb\":{\"@id\":\"https:\/\/abaa.mx\/tienda\/analizador-de-aleaciones-edxp3000\/#breadcrumb\"},\"inLanguage\":\"es\",\"potentialAction\":[{\"@type\":\"ReadAction\",\"target\":[\"https:\/\/abaa.mx\/tienda\/analizador-de-aleaciones-edxp3000\/\"]}]},{\"@type\":\"ImageObject\",\"inLanguage\":\"es\",\"@id\":\"https:\/\/abaa.mx\/tienda\/analizador-de-aleaciones-edxp3000\/#primaryimage\",\"url\":\"https:\/\/abaa.mx\/tienda\/wp-content\/uploads\/2023\/11\/GALAXY-EDXP3000.jpg\",\"contentUrl\":\"https:\/\/abaa.mx\/tienda\/wp-content\/uploads\/2023\/11\/GALAXY-EDXP3000.jpg\",\"width\":435,\"height\":451,\"caption\":\"GALAXY-EDXP3000\"},{\"@type\":\"BreadcrumbList\",\"@id\":\"https:\/\/abaa.mx\/tienda\/analizador-de-aleaciones-edxp3000\/#breadcrumb\",\"itemListElement\":[{\"@type\":\"ListItem\",\"position\":1,\"name\":\"Inicio\",\"item\":\"https:\/\/abaa.mx\/tienda\/\"},{\"@type\":\"ListItem\",\"position\":2,\"name\":\"Tienda\",\"item\":\"https:\/\/abaa.mx\/tienda\/\"},{\"@type\":\"ListItem\",\"position\":3,\"name\":\"Analizador de aleaciones &#8211; EDXP3000\"}]},{\"@type\":\"WebSite\",\"@id\":\"https:\/\/abaa.mx\/tienda\/#website\",\"url\":\"https:\/\/abaa.mx\/tienda\/\",\"name\":\"Abaa tienda online\",\"description\":\"Instrumentos de medici\u00f3n\",\"publisher\":{\"@id\":\"https:\/\/abaa.mx\/tienda\/#organization\"},\"potentialAction\":[{\"@type\":\"SearchAction\",\"target\":{\"@type\":\"EntryPoint\",\"urlTemplate\":\"https:\/\/abaa.mx\/tienda\/?s={search_term_string}\"},\"query-input\":{\"@type\":\"PropertyValueSpecification\",\"valueRequired\":true,\"valueName\":\"search_term_string\"}}],\"inLanguage\":\"es\"},{\"@type\":\"Organization\",\"@id\":\"https:\/\/abaa.mx\/tienda\/#organization\",\"name\":\"Abaa tienda online\",\"url\":\"https:\/\/abaa.mx\/tienda\/\",\"logo\":{\"@type\":\"ImageObject\",\"inLanguage\":\"es\",\"@id\":\"https:\/\/abaa.mx\/tienda\/#\/schema\/logo\/image\/\",\"url\":\"https:\/\/abaa.mx\/tienda\/wp-content\/uploads\/2024\/01\/abaa-metrologia-tienda.png\",\"contentUrl\":\"https:\/\/abaa.mx\/tienda\/wp-content\/uploads\/2024\/01\/abaa-metrologia-tienda.png\",\"width\":300,\"height\":141,\"caption\":\"Abaa tienda online\"},\"image\":{\"@id\":\"https:\/\/abaa.mx\/tienda\/#\/schema\/logo\/image\/\"}}]}<\/script>\n<!-- \/ Yoast SEO plugin. -->","yoast_head_json":{"title":"Analizador de aleaciones - EDXP3000 - Abaa tienda online","robots":{"index":"index","follow":"follow","max-snippet":"max-snippet:-1","max-image-preview":"max-image-preview:large","max-video-preview":"max-video-preview:-1"},"canonical":"https:\/\/abaa.mx\/tienda\/analizador-de-aleaciones-edxp3000\/","og_locale":"es_MX","og_type":"article","og_title":"Analizador de aleaciones - EDXP3000 - Abaa tienda online","og_description":"Especificaciones t\u00e9cnicas:   Detector: detector de alta resoluci\u00f3n de Si-Pin, la resoluci\u00f3n puede ser 129 \u00b1 5 eV;  Fuente de la excitaci\u00f3n: 50KV \/ 200uA-Ag de la ventana del \u00e1nodo en miniatura tubo ligero de X y fuente de alto voltaje.  Filtro: 4 tipos de grupos de filtros, se ajustan autom\u00e1ticamente.  Bater\u00eda de litio de alta capacidad, 7800mAh sigue trabajando 8 horas,  Windows Mobile 6.  Rango de medici\u00f3n de elementos: Na a U, El l\u00edmite de detecci\u00f3n de elementos: 0.001% -0.01%. 6.  Tiempo de prueba: 3-60 segundos, ajustable.  Dimensi\u00f3n: 260mm x 85mm x 350mm.  Peso: 1.6 kg.  Caracter\u00edsticas:   Fuente de excitaci\u00f3n de apagado autom\u00e1tico de la telemetr\u00eda para proteger la seguridad del operador.  Dispositivo de colocaci\u00f3n del laser, colocaci\u00f3n exacta del \u00e1rea de prueba de la muestra;  Cuatro grupos de filtros y ajuste autom\u00e1tico.  El software integra gran variedad de aleaci\u00f3nes y podr\u00eda a\u00f1adir m\u00e1s de acuerdo a la demanda del cliente.  Detector de alta resoluci\u00f3n de Si-Pin, la resoluci\u00f3n puede ser 129 \u00b1 5 eV;  CPU: 667MHz, ROM: 265M; Memoria: 2G (entrega est\u00e1ndar), ampliable hasta 32G seg\u00fan la tarjeta de memoria.  Software para PC, dise\u00f1o de interfaz de usuario amigable.  Cuerpo peque\u00f1o. F\u00e1cil de cargar. Conveniente para el trabajo rudo. Puede operar en el sitio e in situ an\u00e1lisis en cualquier momento o en cualquier lugar.  Utilice HP PDA, pantalla grande de 4 pulgadas y tarjeta de memoria SD;","og_url":"https:\/\/abaa.mx\/tienda\/analizador-de-aleaciones-edxp3000\/","og_site_name":"Abaa tienda online","og_image":[{"width":435,"height":451,"url":"https:\/\/abaa.mx\/tienda\/wp-content\/uploads\/2023\/11\/GALAXY-EDXP3000.jpg","type":"image\/jpeg"}],"twitter_card":"summary_large_image","twitter_misc":{"Tiempo de lectura":"1 minuto"},"schema":{"@context":"https:\/\/schema.org","@graph":[{"@type":"WebPage","@id":"https:\/\/abaa.mx\/tienda\/analizador-de-aleaciones-edxp3000\/","url":"https:\/\/abaa.mx\/tienda\/analizador-de-aleaciones-edxp3000\/","name":"Analizador de aleaciones - EDXP3000 - Abaa tienda online","isPartOf":{"@id":"https:\/\/abaa.mx\/tienda\/#website"},"primaryImageOfPage":{"@id":"https:\/\/abaa.mx\/tienda\/analizador-de-aleaciones-edxp3000\/#primaryimage"},"image":{"@id":"https:\/\/abaa.mx\/tienda\/analizador-de-aleaciones-edxp3000\/#primaryimage"},"thumbnailUrl":"https:\/\/abaa.mx\/tienda\/wp-content\/uploads\/2023\/11\/GALAXY-EDXP3000.jpg","datePublished":"2023-11-13T17:31:53+00:00","breadcrumb":{"@id":"https:\/\/abaa.mx\/tienda\/analizador-de-aleaciones-edxp3000\/#breadcrumb"},"inLanguage":"es","potentialAction":[{"@type":"ReadAction","target":["https:\/\/abaa.mx\/tienda\/analizador-de-aleaciones-edxp3000\/"]}]},{"@type":"ImageObject","inLanguage":"es","@id":"https:\/\/abaa.mx\/tienda\/analizador-de-aleaciones-edxp3000\/#primaryimage","url":"https:\/\/abaa.mx\/tienda\/wp-content\/uploads\/2023\/11\/GALAXY-EDXP3000.jpg","contentUrl":"https:\/\/abaa.mx\/tienda\/wp-content\/uploads\/2023\/11\/GALAXY-EDXP3000.jpg","width":435,"height":451,"caption":"GALAXY-EDXP3000"},{"@type":"BreadcrumbList","@id":"https:\/\/abaa.mx\/tienda\/analizador-de-aleaciones-edxp3000\/#breadcrumb","itemListElement":[{"@type":"ListItem","position":1,"name":"Inicio","item":"https:\/\/abaa.mx\/tienda\/"},{"@type":"ListItem","position":2,"name":"Tienda","item":"https:\/\/abaa.mx\/tienda\/"},{"@type":"ListItem","position":3,"name":"Analizador de aleaciones &#8211; EDXP3000"}]},{"@type":"WebSite","@id":"https:\/\/abaa.mx\/tienda\/#website","url":"https:\/\/abaa.mx\/tienda\/","name":"Abaa tienda online","description":"Instrumentos de medici\u00f3n","publisher":{"@id":"https:\/\/abaa.mx\/tienda\/#organization"},"potentialAction":[{"@type":"SearchAction","target":{"@type":"EntryPoint","urlTemplate":"https:\/\/abaa.mx\/tienda\/?s={search_term_string}"},"query-input":{"@type":"PropertyValueSpecification","valueRequired":true,"valueName":"search_term_string"}}],"inLanguage":"es"},{"@type":"Organization","@id":"https:\/\/abaa.mx\/tienda\/#organization","name":"Abaa tienda online","url":"https:\/\/abaa.mx\/tienda\/","logo":{"@type":"ImageObject","inLanguage":"es","@id":"https:\/\/abaa.mx\/tienda\/#\/schema\/logo\/image\/","url":"https:\/\/abaa.mx\/tienda\/wp-content\/uploads\/2024\/01\/abaa-metrologia-tienda.png","contentUrl":"https:\/\/abaa.mx\/tienda\/wp-content\/uploads\/2024\/01\/abaa-metrologia-tienda.png","width":300,"height":141,"caption":"Abaa tienda online"},"image":{"@id":"https:\/\/abaa.mx\/tienda\/#\/schema\/logo\/image\/"}}]}},"_links":{"self":[{"href":"https:\/\/abaa.mx\/tienda\/wp-json\/wp\/v2\/product\/8829","targetHints":{"allow":["GET"]}}],"collection":[{"href":"https:\/\/abaa.mx\/tienda\/wp-json\/wp\/v2\/product"}],"about":[{"href":"https:\/\/abaa.mx\/tienda\/wp-json\/wp\/v2\/types\/product"}],"replies":[{"embeddable":true,"href":"https:\/\/abaa.mx\/tienda\/wp-json\/wp\/v2\/comments?post=8829"}],"wp:featuredmedia":[{"embeddable":true,"href":"https:\/\/abaa.mx\/tienda\/wp-json\/wp\/v2\/media\/8830"}],"wp:attachment":[{"href":"https:\/\/abaa.mx\/tienda\/wp-json\/wp\/v2\/media?parent=8829"}],"wp:term":[{"taxonomy":"product_brand","embeddable":true,"href":"https:\/\/abaa.mx\/tienda\/wp-json\/wp\/v2\/product_brand?post=8829"},{"taxonomy":"product_cat","embeddable":true,"href":"https:\/\/abaa.mx\/tienda\/wp-json\/wp\/v2\/product_cat?post=8829"},{"taxonomy":"product_tag","embeddable":true,"href":"https:\/\/abaa.mx\/tienda\/wp-json\/wp\/v2\/product_tag?post=8829"}],"curies":[{"name":"wp","href":"https:\/\/api.w.org\/{rel}","templated":true}]}}