{"id":8820,"date":"2023-11-13T17:17:06","date_gmt":"2023-11-13T17:17:06","guid":{"rendered":"https:\/\/abaa.mx\/tienda\/?post_type=product&#038;p=8820"},"modified":"2023-11-13T17:17:07","modified_gmt":"2023-11-13T17:17:07","slug":"localizador-de-varillas-de-concreto-galaxy-a60","status":"publish","type":"product","link":"https:\/\/abaa.mx\/tienda\/localizador-de-varillas-de-concreto-galaxy-a60\/","title":{"rendered":"Localizador de varillas de concreto, Galaxy &#8211; A60+"},"content":{"rendered":"<p>Localizador de varillas de concreto, Galaxy &#8211; A60+.<\/p>\n","protected":false},"excerpt":{"rendered":"<p>El localizador de varillas modelo GL-A60+ es un instrumento que permite explorar las columnas y muros de forma no destructiva a fin de localizar la ubicaci\u00f3n de varillas, el di\u00e1metro de la varilla de refuerzo y el espesor de concreto entre la superficie y la varilla de construcci\u00f3n. Adem\u00e1s de esto , puede detectar la localizaci\u00f3n de otras piezas met\u00e1licas y conductores el\u00e9ctricos encapsulados en medios no magn\u00e9ticos y no-conductivos, y tambi\u00e9n g. cable de cobre dentro de cilindros de conduit o de PVC por en el cuerpo de la pared; adem\u00e1s de esto puede detectar dentro del muro ca\u00f1er\u00edas de agua, gas, calefacci\u00f3n, etc\u00e9tera. Es un aparato de pruebas no destructivas capaz que tiene las funciones de detecci\u00f3n autom\u00e1tica, memoria y salida de datos.<\/p>\n<p><strong>Caracter\u00edsticas :<\/strong> Mide el espesor de preciso sobre tubos de metal y varillas de refuerzo de acero. Mide la ubicaci\u00f3n de la varilla y el di\u00e1metro extrerior.Tiene una amplia pantalla gr\u00e1fica con pantalla retro-alumbrada. Barra de intensidad se\u00f1al del sensor en pantalla y alarma audible al encontrar una varilla. Salida gr\u00e1fica a pantalla y tambi\u00e9n impresora a el mismo instante. Software de procesamiento de datos para PC. Medici\u00f3n autom\u00e1tica con correcci\u00f3n de error del sistema.<\/p>\n<p><b>Tres modos de exploraci\u00f3n:<\/b>\u00a0Patr\u00f3n de cuadr\u00edcula, exploraci\u00f3n del perfil y exploraci\u00f3n de \u00e1rea grande.<\/p>\n","protected":false},"featured_media":8823,"comment_status":"open","ping_status":"closed","template":"","meta":{"_joinchat":[]},"product_brand":[],"product_cat":[128],"product_tag":[],"class_list":{"0":"post-8820","1":"product","2":"type-product","3":"status-publish","4":"has-post-thumbnail","6":"product_cat-pruebas-no-destructivas","8":"first","9":"instock","10":"shipping-taxable","11":"product-type-simple"},"yoast_head":"<!-- This site is optimized with the Yoast SEO plugin v26.4 - https:\/\/yoast.com\/wordpress\/plugins\/seo\/ -->\n<title>Localizador de varillas de concreto, Galaxy - A60+ - Abaa tienda online<\/title>\n<meta name=\"robots\" content=\"index, follow, max-snippet:-1, max-image-preview:large, max-video-preview:-1\" \/>\n<link rel=\"canonical\" href=\"https:\/\/abaa.mx\/tienda\/localizador-de-varillas-de-concreto-galaxy-a60\/\" \/>\n<meta property=\"og:locale\" content=\"es_MX\" \/>\n<meta property=\"og:type\" content=\"article\" \/>\n<meta property=\"og:title\" content=\"Localizador de varillas de concreto, Galaxy - A60+ - Abaa tienda online\" \/>\n<meta property=\"og:description\" content=\"El localizador de varillas modelo GL-A60+ es un instrumento que permite explorar las columnas y muros de forma no destructiva a fin de localizar la ubicaci\u00f3n de varillas, el di\u00e1metro de la varilla de refuerzo y el espesor de concreto entre la superficie y la varilla de construcci\u00f3n. Adem\u00e1s de esto , puede detectar la localizaci\u00f3n de otras piezas met\u00e1licas y conductores el\u00e9ctricos encapsulados en medios no magn\u00e9ticos y no-conductivos, y tambi\u00e9n g. cable de cobre dentro de cilindros de conduit o de PVC por en el cuerpo de la pared; adem\u00e1s de esto puede detectar dentro del muro ca\u00f1er\u00edas de agua, gas, calefacci\u00f3n, etc\u00e9tera. Es un aparato de pruebas no destructivas capaz que tiene las funciones de detecci\u00f3n autom\u00e1tica, memoria y salida de datos.  Caracter\u00edsticas : Mide el espesor de preciso sobre tubos de metal y varillas de refuerzo de acero. Mide la ubicaci\u00f3n de la varilla y el di\u00e1metro extrerior.Tiene una amplia pantalla gr\u00e1fica con pantalla retro-alumbrada. Barra de intensidad se\u00f1al del sensor en pantalla y alarma audible al encontrar una varilla. Salida gr\u00e1fica a pantalla y tambi\u00e9n impresora a el mismo instante. Software de procesamiento de datos para PC. Medici\u00f3n autom\u00e1tica con correcci\u00f3n de error del sistema.  Tres modos de exploraci\u00f3n:\u00a0Patr\u00f3n de cuadr\u00edcula, exploraci\u00f3n del perfil y exploraci\u00f3n de \u00e1rea grande.\" \/>\n<meta property=\"og:url\" content=\"https:\/\/abaa.mx\/tienda\/localizador-de-varillas-de-concreto-galaxy-a60\/\" \/>\n<meta property=\"og:site_name\" content=\"Abaa tienda online\" \/>\n<meta property=\"article:modified_time\" content=\"2023-11-13T17:17:07+00:00\" \/>\n<meta property=\"og:image\" content=\"https:\/\/abaa.mx\/tienda\/wp-content\/uploads\/2023\/11\/GALAXY-A60T-1.jpg\" \/>\n\t<meta property=\"og:image:width\" content=\"500\" \/>\n\t<meta property=\"og:image:height\" content=\"364\" \/>\n\t<meta property=\"og:image:type\" content=\"image\/jpeg\" \/>\n<meta name=\"twitter:card\" content=\"summary_large_image\" \/>\n<meta name=\"twitter:label1\" content=\"Tiempo de lectura\" \/>\n\t<meta name=\"twitter:data1\" content=\"1 minuto\" \/>\n<script type=\"application\/ld+json\" class=\"yoast-schema-graph\">{\"@context\":\"https:\/\/schema.org\",\"@graph\":[{\"@type\":\"WebPage\",\"@id\":\"https:\/\/abaa.mx\/tienda\/localizador-de-varillas-de-concreto-galaxy-a60\/\",\"url\":\"https:\/\/abaa.mx\/tienda\/localizador-de-varillas-de-concreto-galaxy-a60\/\",\"name\":\"Localizador de varillas de concreto, Galaxy - A60+ - Abaa tienda online\",\"isPartOf\":{\"@id\":\"https:\/\/abaa.mx\/tienda\/#website\"},\"primaryImageOfPage\":{\"@id\":\"https:\/\/abaa.mx\/tienda\/localizador-de-varillas-de-concreto-galaxy-a60\/#primaryimage\"},\"image\":{\"@id\":\"https:\/\/abaa.mx\/tienda\/localizador-de-varillas-de-concreto-galaxy-a60\/#primaryimage\"},\"thumbnailUrl\":\"https:\/\/abaa.mx\/tienda\/wp-content\/uploads\/2023\/11\/GALAXY-A60T-1.jpg\",\"datePublished\":\"2023-11-13T17:17:06+00:00\",\"dateModified\":\"2023-11-13T17:17:07+00:00\",\"breadcrumb\":{\"@id\":\"https:\/\/abaa.mx\/tienda\/localizador-de-varillas-de-concreto-galaxy-a60\/#breadcrumb\"},\"inLanguage\":\"es\",\"potentialAction\":[{\"@type\":\"ReadAction\",\"target\":[\"https:\/\/abaa.mx\/tienda\/localizador-de-varillas-de-concreto-galaxy-a60\/\"]}]},{\"@type\":\"ImageObject\",\"inLanguage\":\"es\",\"@id\":\"https:\/\/abaa.mx\/tienda\/localizador-de-varillas-de-concreto-galaxy-a60\/#primaryimage\",\"url\":\"https:\/\/abaa.mx\/tienda\/wp-content\/uploads\/2023\/11\/GALAXY-A60T-1.jpg\",\"contentUrl\":\"https:\/\/abaa.mx\/tienda\/wp-content\/uploads\/2023\/11\/GALAXY-A60T-1.jpg\",\"width\":500,\"height\":364,\"caption\":\"GALAXY-A60T\"},{\"@type\":\"BreadcrumbList\",\"@id\":\"https:\/\/abaa.mx\/tienda\/localizador-de-varillas-de-concreto-galaxy-a60\/#breadcrumb\",\"itemListElement\":[{\"@type\":\"ListItem\",\"position\":1,\"name\":\"Inicio\",\"item\":\"https:\/\/abaa.mx\/tienda\/\"},{\"@type\":\"ListItem\",\"position\":2,\"name\":\"Tienda\",\"item\":\"https:\/\/abaa.mx\/tienda\/\"},{\"@type\":\"ListItem\",\"position\":3,\"name\":\"Localizador de varillas de concreto, Galaxy &#8211; A60+\"}]},{\"@type\":\"WebSite\",\"@id\":\"https:\/\/abaa.mx\/tienda\/#website\",\"url\":\"https:\/\/abaa.mx\/tienda\/\",\"name\":\"Abaa tienda online\",\"description\":\"Instrumentos de medici\u00f3n\",\"publisher\":{\"@id\":\"https:\/\/abaa.mx\/tienda\/#organization\"},\"potentialAction\":[{\"@type\":\"SearchAction\",\"target\":{\"@type\":\"EntryPoint\",\"urlTemplate\":\"https:\/\/abaa.mx\/tienda\/?s={search_term_string}\"},\"query-input\":{\"@type\":\"PropertyValueSpecification\",\"valueRequired\":true,\"valueName\":\"search_term_string\"}}],\"inLanguage\":\"es\"},{\"@type\":\"Organization\",\"@id\":\"https:\/\/abaa.mx\/tienda\/#organization\",\"name\":\"Abaa tienda online\",\"url\":\"https:\/\/abaa.mx\/tienda\/\",\"logo\":{\"@type\":\"ImageObject\",\"inLanguage\":\"es\",\"@id\":\"https:\/\/abaa.mx\/tienda\/#\/schema\/logo\/image\/\",\"url\":\"https:\/\/abaa.mx\/tienda\/wp-content\/uploads\/2024\/01\/abaa-metrologia-tienda.png\",\"contentUrl\":\"https:\/\/abaa.mx\/tienda\/wp-content\/uploads\/2024\/01\/abaa-metrologia-tienda.png\",\"width\":300,\"height\":141,\"caption\":\"Abaa tienda online\"},\"image\":{\"@id\":\"https:\/\/abaa.mx\/tienda\/#\/schema\/logo\/image\/\"}}]}<\/script>\n<!-- \/ Yoast SEO plugin. -->","yoast_head_json":{"title":"Localizador de varillas de concreto, Galaxy - A60+ - Abaa tienda online","robots":{"index":"index","follow":"follow","max-snippet":"max-snippet:-1","max-image-preview":"max-image-preview:large","max-video-preview":"max-video-preview:-1"},"canonical":"https:\/\/abaa.mx\/tienda\/localizador-de-varillas-de-concreto-galaxy-a60\/","og_locale":"es_MX","og_type":"article","og_title":"Localizador de varillas de concreto, Galaxy - A60+ - Abaa tienda online","og_description":"El localizador de varillas modelo GL-A60+ es un instrumento que permite explorar las columnas y muros de forma no destructiva a fin de localizar la ubicaci\u00f3n de varillas, el di\u00e1metro de la varilla de refuerzo y el espesor de concreto entre la superficie y la varilla de construcci\u00f3n. Adem\u00e1s de esto , puede detectar la localizaci\u00f3n de otras piezas met\u00e1licas y conductores el\u00e9ctricos encapsulados en medios no magn\u00e9ticos y no-conductivos, y tambi\u00e9n g. cable de cobre dentro de cilindros de conduit o de PVC por en el cuerpo de la pared; adem\u00e1s de esto puede detectar dentro del muro ca\u00f1er\u00edas de agua, gas, calefacci\u00f3n, etc\u00e9tera. Es un aparato de pruebas no destructivas capaz que tiene las funciones de detecci\u00f3n autom\u00e1tica, memoria y salida de datos.  Caracter\u00edsticas : Mide el espesor de preciso sobre tubos de metal y varillas de refuerzo de acero. Mide la ubicaci\u00f3n de la varilla y el di\u00e1metro extrerior.Tiene una amplia pantalla gr\u00e1fica con pantalla retro-alumbrada. Barra de intensidad se\u00f1al del sensor en pantalla y alarma audible al encontrar una varilla. Salida gr\u00e1fica a pantalla y tambi\u00e9n impresora a el mismo instante. Software de procesamiento de datos para PC. Medici\u00f3n autom\u00e1tica con correcci\u00f3n de error del sistema.  Tres modos de exploraci\u00f3n:\u00a0Patr\u00f3n de cuadr\u00edcula, exploraci\u00f3n del perfil y exploraci\u00f3n de \u00e1rea grande.","og_url":"https:\/\/abaa.mx\/tienda\/localizador-de-varillas-de-concreto-galaxy-a60\/","og_site_name":"Abaa tienda online","article_modified_time":"2023-11-13T17:17:07+00:00","og_image":[{"width":500,"height":364,"url":"https:\/\/abaa.mx\/tienda\/wp-content\/uploads\/2023\/11\/GALAXY-A60T-1.jpg","type":"image\/jpeg"}],"twitter_card":"summary_large_image","twitter_misc":{"Tiempo de lectura":"1 minuto"},"schema":{"@context":"https:\/\/schema.org","@graph":[{"@type":"WebPage","@id":"https:\/\/abaa.mx\/tienda\/localizador-de-varillas-de-concreto-galaxy-a60\/","url":"https:\/\/abaa.mx\/tienda\/localizador-de-varillas-de-concreto-galaxy-a60\/","name":"Localizador de varillas de concreto, Galaxy - A60+ - Abaa tienda online","isPartOf":{"@id":"https:\/\/abaa.mx\/tienda\/#website"},"primaryImageOfPage":{"@id":"https:\/\/abaa.mx\/tienda\/localizador-de-varillas-de-concreto-galaxy-a60\/#primaryimage"},"image":{"@id":"https:\/\/abaa.mx\/tienda\/localizador-de-varillas-de-concreto-galaxy-a60\/#primaryimage"},"thumbnailUrl":"https:\/\/abaa.mx\/tienda\/wp-content\/uploads\/2023\/11\/GALAXY-A60T-1.jpg","datePublished":"2023-11-13T17:17:06+00:00","dateModified":"2023-11-13T17:17:07+00:00","breadcrumb":{"@id":"https:\/\/abaa.mx\/tienda\/localizador-de-varillas-de-concreto-galaxy-a60\/#breadcrumb"},"inLanguage":"es","potentialAction":[{"@type":"ReadAction","target":["https:\/\/abaa.mx\/tienda\/localizador-de-varillas-de-concreto-galaxy-a60\/"]}]},{"@type":"ImageObject","inLanguage":"es","@id":"https:\/\/abaa.mx\/tienda\/localizador-de-varillas-de-concreto-galaxy-a60\/#primaryimage","url":"https:\/\/abaa.mx\/tienda\/wp-content\/uploads\/2023\/11\/GALAXY-A60T-1.jpg","contentUrl":"https:\/\/abaa.mx\/tienda\/wp-content\/uploads\/2023\/11\/GALAXY-A60T-1.jpg","width":500,"height":364,"caption":"GALAXY-A60T"},{"@type":"BreadcrumbList","@id":"https:\/\/abaa.mx\/tienda\/localizador-de-varillas-de-concreto-galaxy-a60\/#breadcrumb","itemListElement":[{"@type":"ListItem","position":1,"name":"Inicio","item":"https:\/\/abaa.mx\/tienda\/"},{"@type":"ListItem","position":2,"name":"Tienda","item":"https:\/\/abaa.mx\/tienda\/"},{"@type":"ListItem","position":3,"name":"Localizador de varillas de concreto, Galaxy &#8211; A60+"}]},{"@type":"WebSite","@id":"https:\/\/abaa.mx\/tienda\/#website","url":"https:\/\/abaa.mx\/tienda\/","name":"Abaa tienda online","description":"Instrumentos de medici\u00f3n","publisher":{"@id":"https:\/\/abaa.mx\/tienda\/#organization"},"potentialAction":[{"@type":"SearchAction","target":{"@type":"EntryPoint","urlTemplate":"https:\/\/abaa.mx\/tienda\/?s={search_term_string}"},"query-input":{"@type":"PropertyValueSpecification","valueRequired":true,"valueName":"search_term_string"}}],"inLanguage":"es"},{"@type":"Organization","@id":"https:\/\/abaa.mx\/tienda\/#organization","name":"Abaa tienda online","url":"https:\/\/abaa.mx\/tienda\/","logo":{"@type":"ImageObject","inLanguage":"es","@id":"https:\/\/abaa.mx\/tienda\/#\/schema\/logo\/image\/","url":"https:\/\/abaa.mx\/tienda\/wp-content\/uploads\/2024\/01\/abaa-metrologia-tienda.png","contentUrl":"https:\/\/abaa.mx\/tienda\/wp-content\/uploads\/2024\/01\/abaa-metrologia-tienda.png","width":300,"height":141,"caption":"Abaa tienda online"},"image":{"@id":"https:\/\/abaa.mx\/tienda\/#\/schema\/logo\/image\/"}}]}},"_links":{"self":[{"href":"https:\/\/abaa.mx\/tienda\/wp-json\/wp\/v2\/product\/8820","targetHints":{"allow":["GET"]}}],"collection":[{"href":"https:\/\/abaa.mx\/tienda\/wp-json\/wp\/v2\/product"}],"about":[{"href":"https:\/\/abaa.mx\/tienda\/wp-json\/wp\/v2\/types\/product"}],"replies":[{"embeddable":true,"href":"https:\/\/abaa.mx\/tienda\/wp-json\/wp\/v2\/comments?post=8820"}],"wp:featuredmedia":[{"embeddable":true,"href":"https:\/\/abaa.mx\/tienda\/wp-json\/wp\/v2\/media\/8823"}],"wp:attachment":[{"href":"https:\/\/abaa.mx\/tienda\/wp-json\/wp\/v2\/media?parent=8820"}],"wp:term":[{"taxonomy":"product_brand","embeddable":true,"href":"https:\/\/abaa.mx\/tienda\/wp-json\/wp\/v2\/product_brand?post=8820"},{"taxonomy":"product_cat","embeddable":true,"href":"https:\/\/abaa.mx\/tienda\/wp-json\/wp\/v2\/product_cat?post=8820"},{"taxonomy":"product_tag","embeddable":true,"href":"https:\/\/abaa.mx\/tienda\/wp-json\/wp\/v2\/product_tag?post=8820"}],"curies":[{"name":"wp","href":"https:\/\/api.w.org\/{rel}","templated":true}]}}