{"id":8815,"date":"2023-11-13T16:58:36","date_gmt":"2023-11-13T16:58:36","guid":{"rendered":"https:\/\/abaa.mx\/tienda\/?post_type=product&#038;p=8815"},"modified":"2023-11-28T16:30:52","modified_gmt":"2023-11-28T16:30:52","slug":"localizador-de-varillas-pachometro-lrg200","status":"publish","type":"product","link":"https:\/\/abaa.mx\/tienda\/localizador-de-varillas-pachometro-lrg200\/","title":{"rendered":"Localizador de Varillas &#8211; Pach\u00f3metro &#8211; LRG200"},"content":{"rendered":"<p>Localizador de Varillas \/ Pach\u00f3metro &#8211; LRG200.<\/p>\n","protected":false},"excerpt":{"rendered":"<p>El descubridor de barra de acero que viene dentro -G200 usa un diseno de m\u00faltiples bobinas, que se carga de manera regular por el pulso actual , generando as\u00ed un campo imantado. Cuando un material conductor entra en un campo imantado , la superficie del material conductor produce v\u00f3rtice, que induce un campo magn\u00e9tico inverso. El instrumento emplear\u00e1 los cambios de voltaje resultantes para medir. Se usa principalmente para advertir la posici\u00f3n de la barra de acero, la distribuci\u00f3n y direcci\u00f3n de la barra de acero, el grosor de la capa protectora y el di\u00e1metro de la barra de acero en la estructura de hormig\u00f3n.<\/p>\n<p><strong>Caracter\u00edsticas :<\/strong><\/p>\n<ul>\n<li>\u00bf\u00bfEl m\u00e9todo de detecci\u00f3n combinado de la bobina transmisora??de alta potencia y m\u00faltiples grupos de bobinas pequenas tiene una mayor precisi\u00f3n y una resoluci\u00f3n m\u00e1s fuerte.<\/li>\n<li>El uso del sensor de rejilla de alta precisi\u00f3n para escanear el desplazamiento y el espaciado de la barra de acero es m\u00e1s preciso.<\/li>\n<li>Diseno integrado de sensor host, tamano pequeno, m\u00e1s conveniente y r\u00e1pido de usar.<\/li>\n<\/ul>\n<p>&nbsp;<\/p>\n","protected":false},"featured_media":8816,"comment_status":"open","ping_status":"closed","template":"","meta":{"_joinchat":[]},"product_brand":[],"product_cat":[128],"product_tag":[],"class_list":{"0":"post-8815","1":"product","2":"type-product","3":"status-publish","4":"has-post-thumbnail","6":"product_cat-pruebas-no-destructivas","8":"first","9":"instock","10":"shipping-taxable","11":"product-type-simple"},"yoast_head":"<!-- This site is optimized with the Yoast SEO plugin v26.4 - https:\/\/yoast.com\/wordpress\/plugins\/seo\/ -->\n<title>Localizador de Varillas - Pach\u00f3metro - LRG200 - Abaa tienda online<\/title>\n<meta name=\"robots\" content=\"index, follow, max-snippet:-1, max-image-preview:large, max-video-preview:-1\" \/>\n<link rel=\"canonical\" href=\"https:\/\/abaa.mx\/tienda\/localizador-de-varillas-pachometro-lrg200\/\" \/>\n<meta property=\"og:locale\" content=\"es_MX\" \/>\n<meta property=\"og:type\" content=\"article\" \/>\n<meta property=\"og:title\" content=\"Localizador de Varillas - Pach\u00f3metro - LRG200 - Abaa tienda online\" \/>\n<meta property=\"og:description\" content=\"El descubridor de barra de acero que viene dentro -G200 usa un diseno de m\u00faltiples bobinas, que se carga de manera regular por el pulso actual , generando as\u00ed un campo imantado. Cuando un material conductor entra en un campo imantado , la superficie del material conductor produce v\u00f3rtice, que induce un campo magn\u00e9tico inverso. El instrumento emplear\u00e1 los cambios de voltaje resultantes para medir. Se usa principalmente para advertir la posici\u00f3n de la barra de acero, la distribuci\u00f3n y direcci\u00f3n de la barra de acero, el grosor de la capa protectora y el di\u00e1metro de la barra de acero en la estructura de hormig\u00f3n.  Caracter\u00edsticas :   \u00bf\u00bfEl m\u00e9todo de detecci\u00f3n combinado de la bobina transmisora??de alta potencia y m\u00faltiples grupos de bobinas pequenas tiene una mayor precisi\u00f3n y una resoluci\u00f3n m\u00e1s fuerte.  El uso del sensor de rejilla de alta precisi\u00f3n para escanear el desplazamiento y el espaciado de la barra de acero es m\u00e1s preciso.  Diseno integrado de sensor host, tamano pequeno, m\u00e1s conveniente y r\u00e1pido de usar.  &nbsp;\" \/>\n<meta property=\"og:url\" content=\"https:\/\/abaa.mx\/tienda\/localizador-de-varillas-pachometro-lrg200\/\" \/>\n<meta property=\"og:site_name\" content=\"Abaa tienda online\" \/>\n<meta property=\"article:modified_time\" content=\"2023-11-28T16:30:52+00:00\" \/>\n<meta property=\"og:image\" content=\"https:\/\/abaa.mx\/tienda\/wp-content\/uploads\/2023\/11\/JINAN-LANGRUI-LG200.jpg\" \/>\n\t<meta property=\"og:image:width\" content=\"605\" \/>\n\t<meta property=\"og:image:height\" content=\"397\" \/>\n\t<meta property=\"og:image:type\" content=\"image\/jpeg\" \/>\n<meta name=\"twitter:card\" content=\"summary_large_image\" \/>\n<meta name=\"twitter:label1\" content=\"Tiempo de lectura\" \/>\n\t<meta name=\"twitter:data1\" content=\"1 minuto\" \/>\n<script type=\"application\/ld+json\" class=\"yoast-schema-graph\">{\"@context\":\"https:\/\/schema.org\",\"@graph\":[{\"@type\":\"WebPage\",\"@id\":\"https:\/\/abaa.mx\/tienda\/localizador-de-varillas-pachometro-lrg200\/\",\"url\":\"https:\/\/abaa.mx\/tienda\/localizador-de-varillas-pachometro-lrg200\/\",\"name\":\"Localizador de Varillas - Pach\u00f3metro - LRG200 - Abaa tienda online\",\"isPartOf\":{\"@id\":\"https:\/\/abaa.mx\/tienda\/#website\"},\"primaryImageOfPage\":{\"@id\":\"https:\/\/abaa.mx\/tienda\/localizador-de-varillas-pachometro-lrg200\/#primaryimage\"},\"image\":{\"@id\":\"https:\/\/abaa.mx\/tienda\/localizador-de-varillas-pachometro-lrg200\/#primaryimage\"},\"thumbnailUrl\":\"https:\/\/abaa.mx\/tienda\/wp-content\/uploads\/2023\/11\/JINAN-LANGRUI-LG200.jpg\",\"datePublished\":\"2023-11-13T16:58:36+00:00\",\"dateModified\":\"2023-11-28T16:30:52+00:00\",\"breadcrumb\":{\"@id\":\"https:\/\/abaa.mx\/tienda\/localizador-de-varillas-pachometro-lrg200\/#breadcrumb\"},\"inLanguage\":\"es\",\"potentialAction\":[{\"@type\":\"ReadAction\",\"target\":[\"https:\/\/abaa.mx\/tienda\/localizador-de-varillas-pachometro-lrg200\/\"]}]},{\"@type\":\"ImageObject\",\"inLanguage\":\"es\",\"@id\":\"https:\/\/abaa.mx\/tienda\/localizador-de-varillas-pachometro-lrg200\/#primaryimage\",\"url\":\"https:\/\/abaa.mx\/tienda\/wp-content\/uploads\/2023\/11\/JINAN-LANGRUI-LG200.jpg\",\"contentUrl\":\"https:\/\/abaa.mx\/tienda\/wp-content\/uploads\/2023\/11\/JINAN-LANGRUI-LG200.jpg\",\"width\":605,\"height\":397,\"caption\":\"JINAN LANGRUI-LG200\"},{\"@type\":\"BreadcrumbList\",\"@id\":\"https:\/\/abaa.mx\/tienda\/localizador-de-varillas-pachometro-lrg200\/#breadcrumb\",\"itemListElement\":[{\"@type\":\"ListItem\",\"position\":1,\"name\":\"Inicio\",\"item\":\"https:\/\/abaa.mx\/tienda\/\"},{\"@type\":\"ListItem\",\"position\":2,\"name\":\"Tienda\",\"item\":\"https:\/\/abaa.mx\/tienda\/\"},{\"@type\":\"ListItem\",\"position\":3,\"name\":\"Localizador de Varillas &#8211; Pach\u00f3metro &#8211; LRG200\"}]},{\"@type\":\"WebSite\",\"@id\":\"https:\/\/abaa.mx\/tienda\/#website\",\"url\":\"https:\/\/abaa.mx\/tienda\/\",\"name\":\"Abaa tienda online\",\"description\":\"Instrumentos de medici\u00f3n\",\"publisher\":{\"@id\":\"https:\/\/abaa.mx\/tienda\/#organization\"},\"potentialAction\":[{\"@type\":\"SearchAction\",\"target\":{\"@type\":\"EntryPoint\",\"urlTemplate\":\"https:\/\/abaa.mx\/tienda\/?s={search_term_string}\"},\"query-input\":{\"@type\":\"PropertyValueSpecification\",\"valueRequired\":true,\"valueName\":\"search_term_string\"}}],\"inLanguage\":\"es\"},{\"@type\":\"Organization\",\"@id\":\"https:\/\/abaa.mx\/tienda\/#organization\",\"name\":\"Abaa tienda online\",\"url\":\"https:\/\/abaa.mx\/tienda\/\",\"logo\":{\"@type\":\"ImageObject\",\"inLanguage\":\"es\",\"@id\":\"https:\/\/abaa.mx\/tienda\/#\/schema\/logo\/image\/\",\"url\":\"https:\/\/abaa.mx\/tienda\/wp-content\/uploads\/2024\/01\/abaa-metrologia-tienda.png\",\"contentUrl\":\"https:\/\/abaa.mx\/tienda\/wp-content\/uploads\/2024\/01\/abaa-metrologia-tienda.png\",\"width\":300,\"height\":141,\"caption\":\"Abaa tienda online\"},\"image\":{\"@id\":\"https:\/\/abaa.mx\/tienda\/#\/schema\/logo\/image\/\"}}]}<\/script>\n<!-- \/ Yoast SEO plugin. -->","yoast_head_json":{"title":"Localizador de Varillas - Pach\u00f3metro - LRG200 - Abaa tienda online","robots":{"index":"index","follow":"follow","max-snippet":"max-snippet:-1","max-image-preview":"max-image-preview:large","max-video-preview":"max-video-preview:-1"},"canonical":"https:\/\/abaa.mx\/tienda\/localizador-de-varillas-pachometro-lrg200\/","og_locale":"es_MX","og_type":"article","og_title":"Localizador de Varillas - Pach\u00f3metro - LRG200 - Abaa tienda online","og_description":"El descubridor de barra de acero que viene dentro -G200 usa un diseno de m\u00faltiples bobinas, que se carga de manera regular por el pulso actual , generando as\u00ed un campo imantado. Cuando un material conductor entra en un campo imantado , la superficie del material conductor produce v\u00f3rtice, que induce un campo magn\u00e9tico inverso. El instrumento emplear\u00e1 los cambios de voltaje resultantes para medir. Se usa principalmente para advertir la posici\u00f3n de la barra de acero, la distribuci\u00f3n y direcci\u00f3n de la barra de acero, el grosor de la capa protectora y el di\u00e1metro de la barra de acero en la estructura de hormig\u00f3n.  Caracter\u00edsticas :   \u00bf\u00bfEl m\u00e9todo de detecci\u00f3n combinado de la bobina transmisora??de alta potencia y m\u00faltiples grupos de bobinas pequenas tiene una mayor precisi\u00f3n y una resoluci\u00f3n m\u00e1s fuerte.  El uso del sensor de rejilla de alta precisi\u00f3n para escanear el desplazamiento y el espaciado de la barra de acero es m\u00e1s preciso.  Diseno integrado de sensor host, tamano pequeno, m\u00e1s conveniente y r\u00e1pido de usar.  &nbsp;","og_url":"https:\/\/abaa.mx\/tienda\/localizador-de-varillas-pachometro-lrg200\/","og_site_name":"Abaa tienda online","article_modified_time":"2023-11-28T16:30:52+00:00","og_image":[{"width":605,"height":397,"url":"https:\/\/abaa.mx\/tienda\/wp-content\/uploads\/2023\/11\/JINAN-LANGRUI-LG200.jpg","type":"image\/jpeg"}],"twitter_card":"summary_large_image","twitter_misc":{"Tiempo de lectura":"1 minuto"},"schema":{"@context":"https:\/\/schema.org","@graph":[{"@type":"WebPage","@id":"https:\/\/abaa.mx\/tienda\/localizador-de-varillas-pachometro-lrg200\/","url":"https:\/\/abaa.mx\/tienda\/localizador-de-varillas-pachometro-lrg200\/","name":"Localizador de Varillas - Pach\u00f3metro - LRG200 - Abaa tienda online","isPartOf":{"@id":"https:\/\/abaa.mx\/tienda\/#website"},"primaryImageOfPage":{"@id":"https:\/\/abaa.mx\/tienda\/localizador-de-varillas-pachometro-lrg200\/#primaryimage"},"image":{"@id":"https:\/\/abaa.mx\/tienda\/localizador-de-varillas-pachometro-lrg200\/#primaryimage"},"thumbnailUrl":"https:\/\/abaa.mx\/tienda\/wp-content\/uploads\/2023\/11\/JINAN-LANGRUI-LG200.jpg","datePublished":"2023-11-13T16:58:36+00:00","dateModified":"2023-11-28T16:30:52+00:00","breadcrumb":{"@id":"https:\/\/abaa.mx\/tienda\/localizador-de-varillas-pachometro-lrg200\/#breadcrumb"},"inLanguage":"es","potentialAction":[{"@type":"ReadAction","target":["https:\/\/abaa.mx\/tienda\/localizador-de-varillas-pachometro-lrg200\/"]}]},{"@type":"ImageObject","inLanguage":"es","@id":"https:\/\/abaa.mx\/tienda\/localizador-de-varillas-pachometro-lrg200\/#primaryimage","url":"https:\/\/abaa.mx\/tienda\/wp-content\/uploads\/2023\/11\/JINAN-LANGRUI-LG200.jpg","contentUrl":"https:\/\/abaa.mx\/tienda\/wp-content\/uploads\/2023\/11\/JINAN-LANGRUI-LG200.jpg","width":605,"height":397,"caption":"JINAN LANGRUI-LG200"},{"@type":"BreadcrumbList","@id":"https:\/\/abaa.mx\/tienda\/localizador-de-varillas-pachometro-lrg200\/#breadcrumb","itemListElement":[{"@type":"ListItem","position":1,"name":"Inicio","item":"https:\/\/abaa.mx\/tienda\/"},{"@type":"ListItem","position":2,"name":"Tienda","item":"https:\/\/abaa.mx\/tienda\/"},{"@type":"ListItem","position":3,"name":"Localizador de Varillas &#8211; Pach\u00f3metro &#8211; LRG200"}]},{"@type":"WebSite","@id":"https:\/\/abaa.mx\/tienda\/#website","url":"https:\/\/abaa.mx\/tienda\/","name":"Abaa tienda online","description":"Instrumentos de medici\u00f3n","publisher":{"@id":"https:\/\/abaa.mx\/tienda\/#organization"},"potentialAction":[{"@type":"SearchAction","target":{"@type":"EntryPoint","urlTemplate":"https:\/\/abaa.mx\/tienda\/?s={search_term_string}"},"query-input":{"@type":"PropertyValueSpecification","valueRequired":true,"valueName":"search_term_string"}}],"inLanguage":"es"},{"@type":"Organization","@id":"https:\/\/abaa.mx\/tienda\/#organization","name":"Abaa tienda online","url":"https:\/\/abaa.mx\/tienda\/","logo":{"@type":"ImageObject","inLanguage":"es","@id":"https:\/\/abaa.mx\/tienda\/#\/schema\/logo\/image\/","url":"https:\/\/abaa.mx\/tienda\/wp-content\/uploads\/2024\/01\/abaa-metrologia-tienda.png","contentUrl":"https:\/\/abaa.mx\/tienda\/wp-content\/uploads\/2024\/01\/abaa-metrologia-tienda.png","width":300,"height":141,"caption":"Abaa tienda online"},"image":{"@id":"https:\/\/abaa.mx\/tienda\/#\/schema\/logo\/image\/"}}]}},"_links":{"self":[{"href":"https:\/\/abaa.mx\/tienda\/wp-json\/wp\/v2\/product\/8815","targetHints":{"allow":["GET"]}}],"collection":[{"href":"https:\/\/abaa.mx\/tienda\/wp-json\/wp\/v2\/product"}],"about":[{"href":"https:\/\/abaa.mx\/tienda\/wp-json\/wp\/v2\/types\/product"}],"replies":[{"embeddable":true,"href":"https:\/\/abaa.mx\/tienda\/wp-json\/wp\/v2\/comments?post=8815"}],"wp:featuredmedia":[{"embeddable":true,"href":"https:\/\/abaa.mx\/tienda\/wp-json\/wp\/v2\/media\/8816"}],"wp:attachment":[{"href":"https:\/\/abaa.mx\/tienda\/wp-json\/wp\/v2\/media?parent=8815"}],"wp:term":[{"taxonomy":"product_brand","embeddable":true,"href":"https:\/\/abaa.mx\/tienda\/wp-json\/wp\/v2\/product_brand?post=8815"},{"taxonomy":"product_cat","embeddable":true,"href":"https:\/\/abaa.mx\/tienda\/wp-json\/wp\/v2\/product_cat?post=8815"},{"taxonomy":"product_tag","embeddable":true,"href":"https:\/\/abaa.mx\/tienda\/wp-json\/wp\/v2\/product_tag?post=8815"}],"curies":[{"name":"wp","href":"https:\/\/api.w.org\/{rel}","templated":true}]}}