{"id":8811,"date":"2023-11-13T15:57:00","date_gmt":"2023-11-13T15:57:00","guid":{"rendered":"https:\/\/abaa.mx\/tienda\/?post_type=product&#038;p=8811"},"modified":"2023-11-13T16:01:22","modified_gmt":"2023-11-13T16:01:22","slug":"yugo-magnetico-um-9-helling","status":"publish","type":"product","link":"https:\/\/abaa.mx\/tienda\/yugo-magnetico-um-9-helling\/","title":{"rendered":"Yugo Magnetico UM-9 Helling"},"content":{"rendered":"<p>Yugo Magnetico UM-9 Helling.<\/p>\n","protected":false},"excerpt":{"rendered":"<p>El im\u00e1n del yugo de la mano de CA UM 9 \/ HANSA-42 funciona con un voltaje de entrada de 42 V. Se puede lograr un \u00e1rea de trabajo significativamente m\u00e1s grande mediante la disposici\u00f3n de los devanados directamente en los polos y los polos m\u00f3viles disponibles opcionalmente. Es conveniente usar este yugo debido a su mango estrecho y su bajo peso. Permiten una operaci\u00f3n larga y sin fatiga.<\/p>\n<ul>\n<li>Secci\u00f3n transversal del poste:25 x 25 mm.<\/li>\n<li>Corriente de funcionamiento:8.5 A.<\/li>\n<li>Espaciado de polos (Centro\/Centro):170 mm.<\/li>\n<li>Fuerza de campo tangencial (sin polos):32 A\/cm.<\/li>\n<li>Dimensiones:250 x 135 x 49 mm.<\/li>\n<li>Sistema de protecci\u00f3n: IP 65.<\/li>\n<li>Longitud del cable:3 m.<\/li>\n<li>Voltaje:110V (50-60 Hz).<\/li>\n<li>Tiempo de encendido:50 %.<\/li>\n<li>Peso (Sin Cable):2.9 kg.<\/li>\n<\/ul>\n","protected":false},"featured_media":8813,"comment_status":"open","ping_status":"closed","template":"","meta":{"_joinchat":[]},"product_brand":[],"product_cat":[127],"product_tag":[],"class_list":{"0":"post-8811","1":"product","2":"type-product","3":"status-publish","4":"has-post-thumbnail","6":"product_cat-probadores-magneticos","8":"first","9":"instock","10":"shipping-taxable","11":"product-type-simple"},"yoast_head":"<!-- This site is optimized with the Yoast SEO plugin v26.4 - https:\/\/yoast.com\/wordpress\/plugins\/seo\/ -->\n<title>Yugo Magnetico UM-9 Helling - Abaa tienda online<\/title>\n<meta name=\"robots\" content=\"index, follow, max-snippet:-1, max-image-preview:large, max-video-preview:-1\" \/>\n<link rel=\"canonical\" href=\"https:\/\/abaa.mx\/tienda\/yugo-magnetico-um-9-helling\/\" \/>\n<meta property=\"og:locale\" content=\"es_MX\" \/>\n<meta property=\"og:type\" content=\"article\" \/>\n<meta property=\"og:title\" content=\"Yugo Magnetico UM-9 Helling - Abaa tienda online\" \/>\n<meta property=\"og:description\" content=\"El im\u00e1n del yugo de la mano de CA UM 9 \/ HANSA-42 funciona con un voltaje de entrada de 42 V. Se puede lograr un \u00e1rea de trabajo significativamente m\u00e1s grande mediante la disposici\u00f3n de los devanados directamente en los polos y los polos m\u00f3viles disponibles opcionalmente. Es conveniente usar este yugo debido a su mango estrecho y su bajo peso. Permiten una operaci\u00f3n larga y sin fatiga.   Secci\u00f3n transversal del poste:25 x 25 mm.  Corriente de funcionamiento:8.5 A.  Espaciado de polos (Centro\/Centro):170 mm.  Fuerza de campo tangencial (sin polos):32 A\/cm.  Dimensiones:250 x 135 x 49 mm.  Sistema de protecci\u00f3n: IP 65.  Longitud del cable:3 m.  Voltaje:110V (50-60 Hz).  Tiempo de encendido:50 %.  Peso (Sin Cable):2.9 kg.\" \/>\n<meta property=\"og:url\" content=\"https:\/\/abaa.mx\/tienda\/yugo-magnetico-um-9-helling\/\" \/>\n<meta property=\"og:site_name\" content=\"Abaa tienda online\" \/>\n<meta property=\"article:modified_time\" content=\"2023-11-13T16:01:22+00:00\" \/>\n<meta property=\"og:image\" content=\"https:\/\/abaa.mx\/tienda\/wp-content\/uploads\/2023\/11\/HELLING-UM-9-HELLING.jpg\" \/>\n\t<meta property=\"og:image:width\" content=\"544\" \/>\n\t<meta property=\"og:image:height\" content=\"381\" \/>\n\t<meta property=\"og:image:type\" content=\"image\/jpeg\" \/>\n<meta name=\"twitter:card\" content=\"summary_large_image\" \/>\n<meta name=\"twitter:label1\" content=\"Tiempo de lectura\" \/>\n\t<meta name=\"twitter:data1\" content=\"1 minuto\" \/>\n<script type=\"application\/ld+json\" class=\"yoast-schema-graph\">{\"@context\":\"https:\/\/schema.org\",\"@graph\":[{\"@type\":\"WebPage\",\"@id\":\"https:\/\/abaa.mx\/tienda\/yugo-magnetico-um-9-helling\/\",\"url\":\"https:\/\/abaa.mx\/tienda\/yugo-magnetico-um-9-helling\/\",\"name\":\"Yugo Magnetico UM-9 Helling - Abaa tienda online\",\"isPartOf\":{\"@id\":\"https:\/\/abaa.mx\/tienda\/#website\"},\"primaryImageOfPage\":{\"@id\":\"https:\/\/abaa.mx\/tienda\/yugo-magnetico-um-9-helling\/#primaryimage\"},\"image\":{\"@id\":\"https:\/\/abaa.mx\/tienda\/yugo-magnetico-um-9-helling\/#primaryimage\"},\"thumbnailUrl\":\"https:\/\/abaa.mx\/tienda\/wp-content\/uploads\/2023\/11\/HELLING-UM-9-HELLING.jpg\",\"datePublished\":\"2023-11-13T15:57:00+00:00\",\"dateModified\":\"2023-11-13T16:01:22+00:00\",\"breadcrumb\":{\"@id\":\"https:\/\/abaa.mx\/tienda\/yugo-magnetico-um-9-helling\/#breadcrumb\"},\"inLanguage\":\"es\",\"potentialAction\":[{\"@type\":\"ReadAction\",\"target\":[\"https:\/\/abaa.mx\/tienda\/yugo-magnetico-um-9-helling\/\"]}]},{\"@type\":\"ImageObject\",\"inLanguage\":\"es\",\"@id\":\"https:\/\/abaa.mx\/tienda\/yugo-magnetico-um-9-helling\/#primaryimage\",\"url\":\"https:\/\/abaa.mx\/tienda\/wp-content\/uploads\/2023\/11\/HELLING-UM-9-HELLING.jpg\",\"contentUrl\":\"https:\/\/abaa.mx\/tienda\/wp-content\/uploads\/2023\/11\/HELLING-UM-9-HELLING.jpg\",\"width\":544,\"height\":381,\"caption\":\"HELLING-UM-9-HELLING\"},{\"@type\":\"BreadcrumbList\",\"@id\":\"https:\/\/abaa.mx\/tienda\/yugo-magnetico-um-9-helling\/#breadcrumb\",\"itemListElement\":[{\"@type\":\"ListItem\",\"position\":1,\"name\":\"Inicio\",\"item\":\"https:\/\/abaa.mx\/tienda\/\"},{\"@type\":\"ListItem\",\"position\":2,\"name\":\"Tienda\",\"item\":\"https:\/\/abaa.mx\/tienda\/\"},{\"@type\":\"ListItem\",\"position\":3,\"name\":\"Yugo Magnetico UM-9 Helling\"}]},{\"@type\":\"WebSite\",\"@id\":\"https:\/\/abaa.mx\/tienda\/#website\",\"url\":\"https:\/\/abaa.mx\/tienda\/\",\"name\":\"Abaa tienda online\",\"description\":\"Instrumentos de medici\u00f3n\",\"publisher\":{\"@id\":\"https:\/\/abaa.mx\/tienda\/#organization\"},\"potentialAction\":[{\"@type\":\"SearchAction\",\"target\":{\"@type\":\"EntryPoint\",\"urlTemplate\":\"https:\/\/abaa.mx\/tienda\/?s={search_term_string}\"},\"query-input\":{\"@type\":\"PropertyValueSpecification\",\"valueRequired\":true,\"valueName\":\"search_term_string\"}}],\"inLanguage\":\"es\"},{\"@type\":\"Organization\",\"@id\":\"https:\/\/abaa.mx\/tienda\/#organization\",\"name\":\"Abaa tienda online\",\"url\":\"https:\/\/abaa.mx\/tienda\/\",\"logo\":{\"@type\":\"ImageObject\",\"inLanguage\":\"es\",\"@id\":\"https:\/\/abaa.mx\/tienda\/#\/schema\/logo\/image\/\",\"url\":\"https:\/\/abaa.mx\/tienda\/wp-content\/uploads\/2024\/01\/abaa-metrologia-tienda.png\",\"contentUrl\":\"https:\/\/abaa.mx\/tienda\/wp-content\/uploads\/2024\/01\/abaa-metrologia-tienda.png\",\"width\":300,\"height\":141,\"caption\":\"Abaa tienda online\"},\"image\":{\"@id\":\"https:\/\/abaa.mx\/tienda\/#\/schema\/logo\/image\/\"}}]}<\/script>\n<!-- \/ Yoast SEO plugin. -->","yoast_head_json":{"title":"Yugo Magnetico UM-9 Helling - Abaa tienda online","robots":{"index":"index","follow":"follow","max-snippet":"max-snippet:-1","max-image-preview":"max-image-preview:large","max-video-preview":"max-video-preview:-1"},"canonical":"https:\/\/abaa.mx\/tienda\/yugo-magnetico-um-9-helling\/","og_locale":"es_MX","og_type":"article","og_title":"Yugo Magnetico UM-9 Helling - Abaa tienda online","og_description":"El im\u00e1n del yugo de la mano de CA UM 9 \/ HANSA-42 funciona con un voltaje de entrada de 42 V. Se puede lograr un \u00e1rea de trabajo significativamente m\u00e1s grande mediante la disposici\u00f3n de los devanados directamente en los polos y los polos m\u00f3viles disponibles opcionalmente. Es conveniente usar este yugo debido a su mango estrecho y su bajo peso. Permiten una operaci\u00f3n larga y sin fatiga.   Secci\u00f3n transversal del poste:25 x 25 mm.  Corriente de funcionamiento:8.5 A.  Espaciado de polos (Centro\/Centro):170 mm.  Fuerza de campo tangencial (sin polos):32 A\/cm.  Dimensiones:250 x 135 x 49 mm.  Sistema de protecci\u00f3n: IP 65.  Longitud del cable:3 m.  Voltaje:110V (50-60 Hz).  Tiempo de encendido:50 %.  Peso (Sin Cable):2.9 kg.","og_url":"https:\/\/abaa.mx\/tienda\/yugo-magnetico-um-9-helling\/","og_site_name":"Abaa tienda online","article_modified_time":"2023-11-13T16:01:22+00:00","og_image":[{"width":544,"height":381,"url":"https:\/\/abaa.mx\/tienda\/wp-content\/uploads\/2023\/11\/HELLING-UM-9-HELLING.jpg","type":"image\/jpeg"}],"twitter_card":"summary_large_image","twitter_misc":{"Tiempo de lectura":"1 minuto"},"schema":{"@context":"https:\/\/schema.org","@graph":[{"@type":"WebPage","@id":"https:\/\/abaa.mx\/tienda\/yugo-magnetico-um-9-helling\/","url":"https:\/\/abaa.mx\/tienda\/yugo-magnetico-um-9-helling\/","name":"Yugo Magnetico UM-9 Helling - Abaa tienda online","isPartOf":{"@id":"https:\/\/abaa.mx\/tienda\/#website"},"primaryImageOfPage":{"@id":"https:\/\/abaa.mx\/tienda\/yugo-magnetico-um-9-helling\/#primaryimage"},"image":{"@id":"https:\/\/abaa.mx\/tienda\/yugo-magnetico-um-9-helling\/#primaryimage"},"thumbnailUrl":"https:\/\/abaa.mx\/tienda\/wp-content\/uploads\/2023\/11\/HELLING-UM-9-HELLING.jpg","datePublished":"2023-11-13T15:57:00+00:00","dateModified":"2023-11-13T16:01:22+00:00","breadcrumb":{"@id":"https:\/\/abaa.mx\/tienda\/yugo-magnetico-um-9-helling\/#breadcrumb"},"inLanguage":"es","potentialAction":[{"@type":"ReadAction","target":["https:\/\/abaa.mx\/tienda\/yugo-magnetico-um-9-helling\/"]}]},{"@type":"ImageObject","inLanguage":"es","@id":"https:\/\/abaa.mx\/tienda\/yugo-magnetico-um-9-helling\/#primaryimage","url":"https:\/\/abaa.mx\/tienda\/wp-content\/uploads\/2023\/11\/HELLING-UM-9-HELLING.jpg","contentUrl":"https:\/\/abaa.mx\/tienda\/wp-content\/uploads\/2023\/11\/HELLING-UM-9-HELLING.jpg","width":544,"height":381,"caption":"HELLING-UM-9-HELLING"},{"@type":"BreadcrumbList","@id":"https:\/\/abaa.mx\/tienda\/yugo-magnetico-um-9-helling\/#breadcrumb","itemListElement":[{"@type":"ListItem","position":1,"name":"Inicio","item":"https:\/\/abaa.mx\/tienda\/"},{"@type":"ListItem","position":2,"name":"Tienda","item":"https:\/\/abaa.mx\/tienda\/"},{"@type":"ListItem","position":3,"name":"Yugo Magnetico UM-9 Helling"}]},{"@type":"WebSite","@id":"https:\/\/abaa.mx\/tienda\/#website","url":"https:\/\/abaa.mx\/tienda\/","name":"Abaa tienda online","description":"Instrumentos de medici\u00f3n","publisher":{"@id":"https:\/\/abaa.mx\/tienda\/#organization"},"potentialAction":[{"@type":"SearchAction","target":{"@type":"EntryPoint","urlTemplate":"https:\/\/abaa.mx\/tienda\/?s={search_term_string}"},"query-input":{"@type":"PropertyValueSpecification","valueRequired":true,"valueName":"search_term_string"}}],"inLanguage":"es"},{"@type":"Organization","@id":"https:\/\/abaa.mx\/tienda\/#organization","name":"Abaa tienda online","url":"https:\/\/abaa.mx\/tienda\/","logo":{"@type":"ImageObject","inLanguage":"es","@id":"https:\/\/abaa.mx\/tienda\/#\/schema\/logo\/image\/","url":"https:\/\/abaa.mx\/tienda\/wp-content\/uploads\/2024\/01\/abaa-metrologia-tienda.png","contentUrl":"https:\/\/abaa.mx\/tienda\/wp-content\/uploads\/2024\/01\/abaa-metrologia-tienda.png","width":300,"height":141,"caption":"Abaa tienda online"},"image":{"@id":"https:\/\/abaa.mx\/tienda\/#\/schema\/logo\/image\/"}}]}},"_links":{"self":[{"href":"https:\/\/abaa.mx\/tienda\/wp-json\/wp\/v2\/product\/8811","targetHints":{"allow":["GET"]}}],"collection":[{"href":"https:\/\/abaa.mx\/tienda\/wp-json\/wp\/v2\/product"}],"about":[{"href":"https:\/\/abaa.mx\/tienda\/wp-json\/wp\/v2\/types\/product"}],"replies":[{"embeddable":true,"href":"https:\/\/abaa.mx\/tienda\/wp-json\/wp\/v2\/comments?post=8811"}],"wp:featuredmedia":[{"embeddable":true,"href":"https:\/\/abaa.mx\/tienda\/wp-json\/wp\/v2\/media\/8813"}],"wp:attachment":[{"href":"https:\/\/abaa.mx\/tienda\/wp-json\/wp\/v2\/media?parent=8811"}],"wp:term":[{"taxonomy":"product_brand","embeddable":true,"href":"https:\/\/abaa.mx\/tienda\/wp-json\/wp\/v2\/product_brand?post=8811"},{"taxonomy":"product_cat","embeddable":true,"href":"https:\/\/abaa.mx\/tienda\/wp-json\/wp\/v2\/product_cat?post=8811"},{"taxonomy":"product_tag","embeddable":true,"href":"https:\/\/abaa.mx\/tienda\/wp-json\/wp\/v2\/product_tag?post=8811"}],"curies":[{"name":"wp","href":"https:\/\/api.w.org\/{rel}","templated":true}]}}