{"id":8804,"date":"2023-11-13T15:44:50","date_gmt":"2023-11-13T15:44:50","guid":{"rendered":"https:\/\/abaa.mx\/tienda\/?post_type=product&#038;p=8804"},"modified":"2023-11-13T15:44:51","modified_gmt":"2023-11-13T15:44:51","slug":"probador-de-transformadores-ttr-trifasico-impresora-integrada-6810a","status":"publish","type":"product","link":"https:\/\/abaa.mx\/tienda\/probador-de-transformadores-ttr-trifasico-impresora-integrada-6810a\/","title":{"rendered":"Probador de transformadores TTR Trif\u00e1sico impresora integrada 6810A"},"content":{"rendered":"<p>Probador de transformadores TTR Trif\u00e1sico impresora integrada 6810A.<\/p>\n","protected":false},"excerpt":{"rendered":"<p>Durante el procesamiento de los productos semiacabados y los modelos finalizados en la producci\u00f3n de transformadores, la nueva instalaci\u00f3n del transformador antes de emplear , o seg\u00fan IEC y el est\u00e1ndar nacional, la relaci\u00f3n de vueltas o la relaci\u00f3n de voltaje deben probarse en la tasa circular. El procedimiento de puente tradicional es dif\u00edcil y no puede leer los datos de manera directa , y debe efectuar la conversi\u00f3n, los resultados de las pruebas son datos de una fase. El probador de relaci\u00f3n de giros de HZBB-10A supera las deficiencias del m\u00e9todo de puente cl\u00e1sico. El monitor adopta un display grande con cristal l\u00edquido de celos\u00eda, que tiene la funci\u00f3n de indicar por men\u00fa, operando f\u00e1cil y de forma directa. Acaba la prueba de relaci\u00f3n de voltaje trif\u00e1sico o relaci\u00f3n de vueltas una vez, prueba r\u00e1pida y alta precisi\u00f3n.<\/p>\n<p><strong>Funciones:<\/strong><\/p>\n<p>1. La fuente de nutrici\u00f3n del inversor de precisi\u00f3n trif\u00e1sica se usa dentro del instrumento, lo que suprime la influencia de los arm\u00f3nicos de la tensi\u00f3n de red durante la medici\u00f3n, y la medici\u00f3n es mucho m\u00e1s precisa. Cuando la fuente de energ\u00eda de trabajo es un generador, no hay encontronazo.<\/p>\n<p>2. Se adopta un voltaje de salida trif\u00e1sico para prosperar la velocidad de prueba. El \u00e1ngulo entre fases se puede medir y el conjunto de cableado 0-11 se puede identificar de forma autom\u00e1tica. Para transformadores rectificadores de bajo voltaje con devanados m\u00faltiples, no es requisito desconectar el lado de bajo voltaje para medir la relaci\u00f3n de transformaci\u00f3n y la desviaci\u00f3n de \u00e1ngulo de 7,5\u00b0.<\/p>\n<p>3. Es conveniente para una amplia variedad de transformadores, especialmente adecuado para la medici\u00f3n de transformadores tipo Z, transformadores rectificadores, transformadores de puesta a tierra, transformadores de hornos el\u00e9ctricos, transformadores de cambio de fase , transformadores de equilibrio, etc\u00e9tera. 4. Tiene voltaje prominente y<br \/>\nbajo protecci\u00f3n de conexi\u00f3n inversa, protecci\u00f3n contra cortocircuitos de giro del transformador, protecci\u00f3n contra fallas del interruptor de derivaci\u00f3n, protecci\u00f3n total contra cortocircuitos de salida y mayor seguridad del instrumento.<\/p>\n<p>5. Despu\u00e9s de entrar el par\u00e1metro nominal, puede medir autom\u00e1ticamente el valor de la relaci\u00f3n del transformador, el valor de error y la posici\u00f3n del cambiador de tomas bajo carga.<\/p>\n<p>6. Adopte un display LCD t\u00e1ctil a color de alta definici\u00f3n de 7 pulgadas, pantalla modular, pantalla clara aun bajo una luz fuerte.<\/p>\n<p>7. El dispositivo puede pertrecharse con salida de impresi\u00f3n, puerto USB y puerto RS232, lo que es recomendable para la oficina sin papel.<\/p>\n<p>8. La utilizaci\u00f3n de caja de pl\u00e1stico de ingenier\u00eda resistente al fr\u00edo y al calor, sellada, impermeable, antichoque y multifunci\u00f3n, prueba de campo simple.<\/p>\n<p><b>Par\u00e1metros t\u00e9cnicos:<\/b><\/p>\n<ol>\n<li>Fuente de alimentaci\u00f3n de trabajo: CA 220V \u00b1 10% 50Hz.<\/li>\n<li>Resoluci\u00f3n: el m\u00ednimo es 0,0001, \u00e1ngulo &#8211; 0,01\u00b0.<\/li>\n<li>Dimensi\u00f3n; probador: 360*290*170 (mm) Caja de cables: 360*290*170 (mm).<\/li>\n<li>Voltaje de salida: ajustado autom\u00e1ticamente seg\u00fan la carga.<\/li>\n<li>Clasificaci\u00f3n: relaci\u00f3n variable &#8211; 0.9~10000 \u00c1ngulo &#8211; 0-360\u00b0.<\/li>\n<li>Peso: probador 5,9 KG caja de alambre: 5,65 KG.<\/li>\n<li>Humedad relativa: \u226485 %, sin condensaci\u00f3n.<\/li>\n<li>Temperatura aplicada: -10 \u2103 ~ 40 \u2103.<\/li>\n<li>Medici\u00f3n del \u00e1ngulo: 0-360 \u00b0.<\/li>\n<li>Precisi\u00f3n: \u00b1 0,1 % (por debajo de 500) 0,2 % (501-2000) 0,5 % (2001-10000).<\/li>\n<\/ol>\n<p>&nbsp;<\/p>\n","protected":false},"featured_media":8805,"comment_status":"open","ping_status":"closed","template":"","meta":{"_joinchat":[]},"product_brand":[],"product_cat":[126],"product_tag":[],"class_list":{"0":"post-8804","1":"product","2":"type-product","3":"status-publish","4":"has-post-thumbnail","6":"product_cat-probadores-de-transformadores","8":"first","9":"instock","10":"shipping-taxable","11":"product-type-simple"},"yoast_head":"<!-- This site is optimized with the Yoast SEO plugin v26.4 - https:\/\/yoast.com\/wordpress\/plugins\/seo\/ -->\n<title>Probador de transformadores TTR Trif\u00e1sico impresora integrada 6810A - Abaa tienda online<\/title>\n<meta name=\"robots\" content=\"index, follow, max-snippet:-1, max-image-preview:large, max-video-preview:-1\" \/>\n<link rel=\"canonical\" href=\"https:\/\/abaa.mx\/tienda\/probador-de-transformadores-ttr-trifasico-impresora-integrada-6810a\/\" \/>\n<meta property=\"og:locale\" content=\"es_MX\" \/>\n<meta property=\"og:type\" content=\"article\" \/>\n<meta property=\"og:title\" content=\"Probador de transformadores TTR Trif\u00e1sico impresora integrada 6810A - Abaa tienda online\" \/>\n<meta property=\"og:description\" content=\"Durante el procesamiento de los productos semiacabados y los modelos finalizados en la producci\u00f3n de transformadores, la nueva instalaci\u00f3n del transformador antes de emplear , o seg\u00fan IEC y el est\u00e1ndar nacional, la relaci\u00f3n de vueltas o la relaci\u00f3n de voltaje deben probarse en la tasa circular. El procedimiento de puente tradicional es dif\u00edcil y no puede leer los datos de manera directa , y debe efectuar la conversi\u00f3n, los resultados de las pruebas son datos de una fase. El probador de relaci\u00f3n de giros de HZBB-10A supera las deficiencias del m\u00e9todo de puente cl\u00e1sico. El monitor adopta un display grande con cristal l\u00edquido de celos\u00eda, que tiene la funci\u00f3n de indicar por men\u00fa, operando f\u00e1cil y de forma directa. Acaba la prueba de relaci\u00f3n de voltaje trif\u00e1sico o relaci\u00f3n de vueltas una vez, prueba r\u00e1pida y alta precisi\u00f3n.  Funciones:  1. La fuente de nutrici\u00f3n del inversor de precisi\u00f3n trif\u00e1sica se usa dentro del instrumento, lo que suprime la influencia de los arm\u00f3nicos de la tensi\u00f3n de red durante la medici\u00f3n, y la medici\u00f3n es mucho m\u00e1s precisa. Cuando la fuente de energ\u00eda de trabajo es un generador, no hay encontronazo.  2. Se adopta un voltaje de salida trif\u00e1sico para prosperar la velocidad de prueba. El \u00e1ngulo entre fases se puede medir y el conjunto de cableado 0-11 se puede identificar de forma autom\u00e1tica. Para transformadores rectificadores de bajo voltaje con devanados m\u00faltiples, no es requisito desconectar el lado de bajo voltaje para medir la relaci\u00f3n de transformaci\u00f3n y la desviaci\u00f3n de \u00e1ngulo de 7,5\u00b0.  3. Es conveniente para una amplia variedad de transformadores, especialmente adecuado para la medici\u00f3n de transformadores tipo Z, transformadores rectificadores, transformadores de puesta a tierra, transformadores de hornos el\u00e9ctricos, transformadores de cambio de fase , transformadores de equilibrio, etc\u00e9tera. 4. Tiene voltaje prominente y bajo protecci\u00f3n de conexi\u00f3n inversa, protecci\u00f3n contra cortocircuitos de giro del transformador, protecci\u00f3n contra fallas del interruptor de derivaci\u00f3n, protecci\u00f3n total contra cortocircuitos de salida y mayor seguridad del instrumento.  5. Despu\u00e9s de entrar el par\u00e1metro nominal, puede medir autom\u00e1ticamente el valor de la relaci\u00f3n del transformador, el valor de error y la posici\u00f3n del cambiador de tomas bajo carga.  6. Adopte un display LCD t\u00e1ctil a color de alta definici\u00f3n de 7 pulgadas, pantalla modular, pantalla clara aun bajo una luz fuerte.  7. El dispositivo puede pertrecharse con salida de impresi\u00f3n, puerto USB y puerto RS232, lo que es recomendable para la oficina sin papel.  8. La utilizaci\u00f3n de caja de pl\u00e1stico de ingenier\u00eda resistente al fr\u00edo y al calor, sellada, impermeable, antichoque y multifunci\u00f3n, prueba de campo simple.  Par\u00e1metros t\u00e9cnicos:   Fuente de alimentaci\u00f3n de trabajo: CA 220V \u00b1 10% 50Hz.  Resoluci\u00f3n: el m\u00ednimo es 0,0001, \u00e1ngulo - 0,01\u00b0.  Dimensi\u00f3n; probador: 360*290*170 (mm) Caja de cables: 360*290*170 (mm).  Voltaje de salida: ajustado autom\u00e1ticamente seg\u00fan la carga.  Clasificaci\u00f3n: relaci\u00f3n variable - 0.9~10000 \u00c1ngulo - 0-360\u00b0.  Peso: probador 5,9 KG caja de alambre: 5,65 KG.  Humedad relativa: \u226485 %, sin condensaci\u00f3n.  Temperatura aplicada: -10 \u2103 ~ 40 \u2103.  Medici\u00f3n del \u00e1ngulo: 0-360 \u00b0.  Precisi\u00f3n: \u00b1 0,1 % (por debajo de 500) 0,2 % (501-2000) 0,5 % (2001-10000).  &nbsp;\" \/>\n<meta property=\"og:url\" content=\"https:\/\/abaa.mx\/tienda\/probador-de-transformadores-ttr-trifasico-impresora-integrada-6810a\/\" \/>\n<meta property=\"og:site_name\" content=\"Abaa tienda online\" \/>\n<meta property=\"article:modified_time\" content=\"2023-11-13T15:44:51+00:00\" \/>\n<meta property=\"og:image\" content=\"https:\/\/abaa.mx\/tienda\/wp-content\/uploads\/2023\/11\/ALFAMETRIC-68104.jpg\" \/>\n\t<meta property=\"og:image:width\" content=\"520\" \/>\n\t<meta property=\"og:image:height\" content=\"508\" \/>\n\t<meta property=\"og:image:type\" content=\"image\/jpeg\" \/>\n<meta name=\"twitter:card\" content=\"summary_large_image\" \/>\n<meta name=\"twitter:label1\" content=\"Tiempo de lectura\" \/>\n\t<meta name=\"twitter:data1\" content=\"1 minuto\" \/>\n<script type=\"application\/ld+json\" class=\"yoast-schema-graph\">{\"@context\":\"https:\/\/schema.org\",\"@graph\":[{\"@type\":\"WebPage\",\"@id\":\"https:\/\/abaa.mx\/tienda\/probador-de-transformadores-ttr-trifasico-impresora-integrada-6810a\/\",\"url\":\"https:\/\/abaa.mx\/tienda\/probador-de-transformadores-ttr-trifasico-impresora-integrada-6810a\/\",\"name\":\"Probador de transformadores TTR Trif\u00e1sico impresora integrada 6810A - Abaa tienda online\",\"isPartOf\":{\"@id\":\"https:\/\/abaa.mx\/tienda\/#website\"},\"primaryImageOfPage\":{\"@id\":\"https:\/\/abaa.mx\/tienda\/probador-de-transformadores-ttr-trifasico-impresora-integrada-6810a\/#primaryimage\"},\"image\":{\"@id\":\"https:\/\/abaa.mx\/tienda\/probador-de-transformadores-ttr-trifasico-impresora-integrada-6810a\/#primaryimage\"},\"thumbnailUrl\":\"https:\/\/abaa.mx\/tienda\/wp-content\/uploads\/2023\/11\/ALFAMETRIC-68104.jpg\",\"datePublished\":\"2023-11-13T15:44:50+00:00\",\"dateModified\":\"2023-11-13T15:44:51+00:00\",\"breadcrumb\":{\"@id\":\"https:\/\/abaa.mx\/tienda\/probador-de-transformadores-ttr-trifasico-impresora-integrada-6810a\/#breadcrumb\"},\"inLanguage\":\"es\",\"potentialAction\":[{\"@type\":\"ReadAction\",\"target\":[\"https:\/\/abaa.mx\/tienda\/probador-de-transformadores-ttr-trifasico-impresora-integrada-6810a\/\"]}]},{\"@type\":\"ImageObject\",\"inLanguage\":\"es\",\"@id\":\"https:\/\/abaa.mx\/tienda\/probador-de-transformadores-ttr-trifasico-impresora-integrada-6810a\/#primaryimage\",\"url\":\"https:\/\/abaa.mx\/tienda\/wp-content\/uploads\/2023\/11\/ALFAMETRIC-68104.jpg\",\"contentUrl\":\"https:\/\/abaa.mx\/tienda\/wp-content\/uploads\/2023\/11\/ALFAMETRIC-68104.jpg\",\"width\":520,\"height\":508,\"caption\":\"ALFAMETRIC-68104\"},{\"@type\":\"BreadcrumbList\",\"@id\":\"https:\/\/abaa.mx\/tienda\/probador-de-transformadores-ttr-trifasico-impresora-integrada-6810a\/#breadcrumb\",\"itemListElement\":[{\"@type\":\"ListItem\",\"position\":1,\"name\":\"Inicio\",\"item\":\"https:\/\/abaa.mx\/tienda\/\"},{\"@type\":\"ListItem\",\"position\":2,\"name\":\"Tienda\",\"item\":\"https:\/\/abaa.mx\/tienda\/\"},{\"@type\":\"ListItem\",\"position\":3,\"name\":\"Probador de transformadores TTR Trif\u00e1sico impresora integrada 6810A\"}]},{\"@type\":\"WebSite\",\"@id\":\"https:\/\/abaa.mx\/tienda\/#website\",\"url\":\"https:\/\/abaa.mx\/tienda\/\",\"name\":\"Abaa tienda online\",\"description\":\"Instrumentos de medici\u00f3n\",\"publisher\":{\"@id\":\"https:\/\/abaa.mx\/tienda\/#organization\"},\"potentialAction\":[{\"@type\":\"SearchAction\",\"target\":{\"@type\":\"EntryPoint\",\"urlTemplate\":\"https:\/\/abaa.mx\/tienda\/?s={search_term_string}\"},\"query-input\":{\"@type\":\"PropertyValueSpecification\",\"valueRequired\":true,\"valueName\":\"search_term_string\"}}],\"inLanguage\":\"es\"},{\"@type\":\"Organization\",\"@id\":\"https:\/\/abaa.mx\/tienda\/#organization\",\"name\":\"Abaa tienda online\",\"url\":\"https:\/\/abaa.mx\/tienda\/\",\"logo\":{\"@type\":\"ImageObject\",\"inLanguage\":\"es\",\"@id\":\"https:\/\/abaa.mx\/tienda\/#\/schema\/logo\/image\/\",\"url\":\"https:\/\/abaa.mx\/tienda\/wp-content\/uploads\/2024\/01\/abaa-metrologia-tienda.png\",\"contentUrl\":\"https:\/\/abaa.mx\/tienda\/wp-content\/uploads\/2024\/01\/abaa-metrologia-tienda.png\",\"width\":300,\"height\":141,\"caption\":\"Abaa tienda online\"},\"image\":{\"@id\":\"https:\/\/abaa.mx\/tienda\/#\/schema\/logo\/image\/\"}}]}<\/script>\n<!-- \/ Yoast SEO plugin. -->","yoast_head_json":{"title":"Probador de transformadores TTR Trif\u00e1sico impresora integrada 6810A - Abaa tienda online","robots":{"index":"index","follow":"follow","max-snippet":"max-snippet:-1","max-image-preview":"max-image-preview:large","max-video-preview":"max-video-preview:-1"},"canonical":"https:\/\/abaa.mx\/tienda\/probador-de-transformadores-ttr-trifasico-impresora-integrada-6810a\/","og_locale":"es_MX","og_type":"article","og_title":"Probador de transformadores TTR Trif\u00e1sico impresora integrada 6810A - Abaa tienda online","og_description":"Durante el procesamiento de los productos semiacabados y los modelos finalizados en la producci\u00f3n de transformadores, la nueva instalaci\u00f3n del transformador antes de emplear , o seg\u00fan IEC y el est\u00e1ndar nacional, la relaci\u00f3n de vueltas o la relaci\u00f3n de voltaje deben probarse en la tasa circular. El procedimiento de puente tradicional es dif\u00edcil y no puede leer los datos de manera directa , y debe efectuar la conversi\u00f3n, los resultados de las pruebas son datos de una fase. El probador de relaci\u00f3n de giros de HZBB-10A supera las deficiencias del m\u00e9todo de puente cl\u00e1sico. El monitor adopta un display grande con cristal l\u00edquido de celos\u00eda, que tiene la funci\u00f3n de indicar por men\u00fa, operando f\u00e1cil y de forma directa. Acaba la prueba de relaci\u00f3n de voltaje trif\u00e1sico o relaci\u00f3n de vueltas una vez, prueba r\u00e1pida y alta precisi\u00f3n.  Funciones:  1. La fuente de nutrici\u00f3n del inversor de precisi\u00f3n trif\u00e1sica se usa dentro del instrumento, lo que suprime la influencia de los arm\u00f3nicos de la tensi\u00f3n de red durante la medici\u00f3n, y la medici\u00f3n es mucho m\u00e1s precisa. Cuando la fuente de energ\u00eda de trabajo es un generador, no hay encontronazo.  2. Se adopta un voltaje de salida trif\u00e1sico para prosperar la velocidad de prueba. El \u00e1ngulo entre fases se puede medir y el conjunto de cableado 0-11 se puede identificar de forma autom\u00e1tica. Para transformadores rectificadores de bajo voltaje con devanados m\u00faltiples, no es requisito desconectar el lado de bajo voltaje para medir la relaci\u00f3n de transformaci\u00f3n y la desviaci\u00f3n de \u00e1ngulo de 7,5\u00b0.  3. Es conveniente para una amplia variedad de transformadores, especialmente adecuado para la medici\u00f3n de transformadores tipo Z, transformadores rectificadores, transformadores de puesta a tierra, transformadores de hornos el\u00e9ctricos, transformadores de cambio de fase , transformadores de equilibrio, etc\u00e9tera. 4. Tiene voltaje prominente y bajo protecci\u00f3n de conexi\u00f3n inversa, protecci\u00f3n contra cortocircuitos de giro del transformador, protecci\u00f3n contra fallas del interruptor de derivaci\u00f3n, protecci\u00f3n total contra cortocircuitos de salida y mayor seguridad del instrumento.  5. Despu\u00e9s de entrar el par\u00e1metro nominal, puede medir autom\u00e1ticamente el valor de la relaci\u00f3n del transformador, el valor de error y la posici\u00f3n del cambiador de tomas bajo carga.  6. Adopte un display LCD t\u00e1ctil a color de alta definici\u00f3n de 7 pulgadas, pantalla modular, pantalla clara aun bajo una luz fuerte.  7. El dispositivo puede pertrecharse con salida de impresi\u00f3n, puerto USB y puerto RS232, lo que es recomendable para la oficina sin papel.  8. La utilizaci\u00f3n de caja de pl\u00e1stico de ingenier\u00eda resistente al fr\u00edo y al calor, sellada, impermeable, antichoque y multifunci\u00f3n, prueba de campo simple.  Par\u00e1metros t\u00e9cnicos:   Fuente de alimentaci\u00f3n de trabajo: CA 220V \u00b1 10% 50Hz.  Resoluci\u00f3n: el m\u00ednimo es 0,0001, \u00e1ngulo - 0,01\u00b0.  Dimensi\u00f3n; probador: 360*290*170 (mm) Caja de cables: 360*290*170 (mm).  Voltaje de salida: ajustado autom\u00e1ticamente seg\u00fan la carga.  Clasificaci\u00f3n: relaci\u00f3n variable - 0.9~10000 \u00c1ngulo - 0-360\u00b0.  Peso: probador 5,9 KG caja de alambre: 5,65 KG.  Humedad relativa: \u226485 %, sin condensaci\u00f3n.  Temperatura aplicada: -10 \u2103 ~ 40 \u2103.  Medici\u00f3n del \u00e1ngulo: 0-360 \u00b0.  Precisi\u00f3n: \u00b1 0,1 % (por debajo de 500) 0,2 % (501-2000) 0,5 % (2001-10000).  &nbsp;","og_url":"https:\/\/abaa.mx\/tienda\/probador-de-transformadores-ttr-trifasico-impresora-integrada-6810a\/","og_site_name":"Abaa tienda online","article_modified_time":"2023-11-13T15:44:51+00:00","og_image":[{"width":520,"height":508,"url":"https:\/\/abaa.mx\/tienda\/wp-content\/uploads\/2023\/11\/ALFAMETRIC-68104.jpg","type":"image\/jpeg"}],"twitter_card":"summary_large_image","twitter_misc":{"Tiempo de lectura":"1 minuto"},"schema":{"@context":"https:\/\/schema.org","@graph":[{"@type":"WebPage","@id":"https:\/\/abaa.mx\/tienda\/probador-de-transformadores-ttr-trifasico-impresora-integrada-6810a\/","url":"https:\/\/abaa.mx\/tienda\/probador-de-transformadores-ttr-trifasico-impresora-integrada-6810a\/","name":"Probador de transformadores TTR Trif\u00e1sico impresora integrada 6810A - Abaa tienda online","isPartOf":{"@id":"https:\/\/abaa.mx\/tienda\/#website"},"primaryImageOfPage":{"@id":"https:\/\/abaa.mx\/tienda\/probador-de-transformadores-ttr-trifasico-impresora-integrada-6810a\/#primaryimage"},"image":{"@id":"https:\/\/abaa.mx\/tienda\/probador-de-transformadores-ttr-trifasico-impresora-integrada-6810a\/#primaryimage"},"thumbnailUrl":"https:\/\/abaa.mx\/tienda\/wp-content\/uploads\/2023\/11\/ALFAMETRIC-68104.jpg","datePublished":"2023-11-13T15:44:50+00:00","dateModified":"2023-11-13T15:44:51+00:00","breadcrumb":{"@id":"https:\/\/abaa.mx\/tienda\/probador-de-transformadores-ttr-trifasico-impresora-integrada-6810a\/#breadcrumb"},"inLanguage":"es","potentialAction":[{"@type":"ReadAction","target":["https:\/\/abaa.mx\/tienda\/probador-de-transformadores-ttr-trifasico-impresora-integrada-6810a\/"]}]},{"@type":"ImageObject","inLanguage":"es","@id":"https:\/\/abaa.mx\/tienda\/probador-de-transformadores-ttr-trifasico-impresora-integrada-6810a\/#primaryimage","url":"https:\/\/abaa.mx\/tienda\/wp-content\/uploads\/2023\/11\/ALFAMETRIC-68104.jpg","contentUrl":"https:\/\/abaa.mx\/tienda\/wp-content\/uploads\/2023\/11\/ALFAMETRIC-68104.jpg","width":520,"height":508,"caption":"ALFAMETRIC-68104"},{"@type":"BreadcrumbList","@id":"https:\/\/abaa.mx\/tienda\/probador-de-transformadores-ttr-trifasico-impresora-integrada-6810a\/#breadcrumb","itemListElement":[{"@type":"ListItem","position":1,"name":"Inicio","item":"https:\/\/abaa.mx\/tienda\/"},{"@type":"ListItem","position":2,"name":"Tienda","item":"https:\/\/abaa.mx\/tienda\/"},{"@type":"ListItem","position":3,"name":"Probador de transformadores TTR Trif\u00e1sico impresora integrada 6810A"}]},{"@type":"WebSite","@id":"https:\/\/abaa.mx\/tienda\/#website","url":"https:\/\/abaa.mx\/tienda\/","name":"Abaa tienda online","description":"Instrumentos de medici\u00f3n","publisher":{"@id":"https:\/\/abaa.mx\/tienda\/#organization"},"potentialAction":[{"@type":"SearchAction","target":{"@type":"EntryPoint","urlTemplate":"https:\/\/abaa.mx\/tienda\/?s={search_term_string}"},"query-input":{"@type":"PropertyValueSpecification","valueRequired":true,"valueName":"search_term_string"}}],"inLanguage":"es"},{"@type":"Organization","@id":"https:\/\/abaa.mx\/tienda\/#organization","name":"Abaa tienda online","url":"https:\/\/abaa.mx\/tienda\/","logo":{"@type":"ImageObject","inLanguage":"es","@id":"https:\/\/abaa.mx\/tienda\/#\/schema\/logo\/image\/","url":"https:\/\/abaa.mx\/tienda\/wp-content\/uploads\/2024\/01\/abaa-metrologia-tienda.png","contentUrl":"https:\/\/abaa.mx\/tienda\/wp-content\/uploads\/2024\/01\/abaa-metrologia-tienda.png","width":300,"height":141,"caption":"Abaa tienda online"},"image":{"@id":"https:\/\/abaa.mx\/tienda\/#\/schema\/logo\/image\/"}}]}},"_links":{"self":[{"href":"https:\/\/abaa.mx\/tienda\/wp-json\/wp\/v2\/product\/8804","targetHints":{"allow":["GET"]}}],"collection":[{"href":"https:\/\/abaa.mx\/tienda\/wp-json\/wp\/v2\/product"}],"about":[{"href":"https:\/\/abaa.mx\/tienda\/wp-json\/wp\/v2\/types\/product"}],"replies":[{"embeddable":true,"href":"https:\/\/abaa.mx\/tienda\/wp-json\/wp\/v2\/comments?post=8804"}],"wp:featuredmedia":[{"embeddable":true,"href":"https:\/\/abaa.mx\/tienda\/wp-json\/wp\/v2\/media\/8805"}],"wp:attachment":[{"href":"https:\/\/abaa.mx\/tienda\/wp-json\/wp\/v2\/media?parent=8804"}],"wp:term":[{"taxonomy":"product_brand","embeddable":true,"href":"https:\/\/abaa.mx\/tienda\/wp-json\/wp\/v2\/product_brand?post=8804"},{"taxonomy":"product_cat","embeddable":true,"href":"https:\/\/abaa.mx\/tienda\/wp-json\/wp\/v2\/product_cat?post=8804"},{"taxonomy":"product_tag","embeddable":true,"href":"https:\/\/abaa.mx\/tienda\/wp-json\/wp\/v2\/product_tag?post=8804"}],"curies":[{"name":"wp","href":"https:\/\/api.w.org\/{rel}","templated":true}]}}