{"id":8798,"date":"2023-11-13T15:05:56","date_gmt":"2023-11-13T15:05:56","guid":{"rendered":"https:\/\/abaa.mx\/tienda\/?post_type=product&#038;p=8798"},"modified":"2023-11-13T15:05:57","modified_gmt":"2023-11-13T15:05:57","slug":"probador-de-agua-yk30wa","status":"publish","type":"product","link":"https:\/\/abaa.mx\/tienda\/probador-de-agua-yk30wa\/","title":{"rendered":"Probador de Agua &#8211; YK30WA"},"content":{"rendered":"<p>Probador de Agua &#8211; YK30WA.<\/p>\n","protected":false},"excerpt":{"rendered":"<p><strong>Caracter\u00edsticas principales :<\/strong> Port\u00e1til y de simple operaci\u00f3n. Tiene una sonda separada por cable para sencillez de acceso al interior de contenedores o envases. Pantalla LED digital con 4 d\u00edgitos de n\u00fameros grandes para facilitar lectura.<\/p>\n<p><strong>Aplicaciones<\/strong> <strong>:<\/strong> Acuarios, plantas tratadoras de agua, bebidas granjas acu\u00edcolas, procesamiento de alimentos, laboratorio de fotograf\u00eda, industrial del papel, electro plateado (galvanizado), control de calidad, educaci\u00f3n y evaluaci\u00f3n de filtros. Obtener resultados de conductividad nos da un indicio para determinar el grado de poluci\u00f3n del agua. Valora la eficiencia de los m\u00e9todos de purificaci\u00f3n o el desempe\u00f1o de filtros o sistemas de purificaci\u00f3n de agua.<\/p>\n<p><strong>Especificaciones:<\/strong><\/p>\n<ul>\n<li>Aviso de Sobrecarga:Un s\u00edmbolo &#8220;1&#8221; aparecer\u00e1 en pantalla.<\/li>\n<li>Temperatura de Operaci\u00f3n:0 a 50\u00b0C (32\u00b0F a 122\u00b0F).<\/li>\n<li>Humedad de Operaci\u00f3n:M\u00e1ximo 80% R.H.<\/li>\n<li>Resoluci\u00f3n:1 uS.<\/li>\n<li>Retenci\u00f3n de Datos:Retenga la lectura en pantalla.<\/li>\n<li>Consumo de Poder:Aproximadamente DC 5 mA.<\/li>\n<li>Efectividad:\u00b1 (1% + 1) F.S. (Escala Completa) 25 \u00b1 5\u00b0.<\/li>\n<li>Grabado en Memorias:Graba las mediciones m\u00e1xima y m\u00ednima.<\/li>\n<li>Mediciones:de 0 a 1999 uS (micro Siemens).<\/li>\n<li>Compensaci\u00f3n de temperatura:Autom\u00e1tica de 0 a 50\u00b0C (32\u00b0F a 122\u00b0F).<\/li>\n<\/ul>\n<p>&nbsp;<\/p>\n","protected":false},"featured_media":8799,"comment_status":"open","ping_status":"closed","template":"","meta":{"_joinchat":[]},"product_brand":[],"product_cat":[125],"product_tag":[],"class_list":{"0":"post-8798","1":"product","2":"type-product","3":"status-publish","4":"has-post-thumbnail","6":"product_cat-probadores-de-calidad-de-agua","8":"first","9":"instock","10":"shipping-taxable","11":"product-type-simple"},"yoast_head":"<!-- This site is optimized with the Yoast SEO plugin v26.4 - https:\/\/yoast.com\/wordpress\/plugins\/seo\/ -->\n<title>Probador de Agua - YK30WA - Abaa tienda online<\/title>\n<meta name=\"robots\" content=\"index, follow, max-snippet:-1, max-image-preview:large, max-video-preview:-1\" \/>\n<link rel=\"canonical\" href=\"https:\/\/abaa.mx\/tienda\/probador-de-agua-yk30wa\/\" \/>\n<meta property=\"og:locale\" content=\"es_MX\" \/>\n<meta property=\"og:type\" content=\"article\" \/>\n<meta property=\"og:title\" content=\"Probador de Agua - YK30WA - Abaa tienda online\" \/>\n<meta property=\"og:description\" content=\"Caracter\u00edsticas principales : Port\u00e1til y de simple operaci\u00f3n. Tiene una sonda separada por cable para sencillez de acceso al interior de contenedores o envases. Pantalla LED digital con 4 d\u00edgitos de n\u00fameros grandes para facilitar lectura.  Aplicaciones : Acuarios, plantas tratadoras de agua, bebidas granjas acu\u00edcolas, procesamiento de alimentos, laboratorio de fotograf\u00eda, industrial del papel, electro plateado (galvanizado), control de calidad, educaci\u00f3n y evaluaci\u00f3n de filtros. Obtener resultados de conductividad nos da un indicio para determinar el grado de poluci\u00f3n del agua. Valora la eficiencia de los m\u00e9todos de purificaci\u00f3n o el desempe\u00f1o de filtros o sistemas de purificaci\u00f3n de agua.  Especificaciones:   Aviso de Sobrecarga:Un s\u00edmbolo &quot;1&quot; aparecer\u00e1 en pantalla.  Temperatura de Operaci\u00f3n:0 a 50\u00b0C (32\u00b0F a 122\u00b0F).  Humedad de Operaci\u00f3n:M\u00e1ximo 80% R.H.  Resoluci\u00f3n:1 uS.  Retenci\u00f3n de Datos:Retenga la lectura en pantalla.  Consumo de Poder:Aproximadamente DC 5 mA.  Efectividad:\u00b1 (1% + 1) F.S. (Escala Completa) 25 \u00b1 5\u00b0.  Grabado en Memorias:Graba las mediciones m\u00e1xima y m\u00ednima.  Mediciones:de 0 a 1999 uS (micro Siemens).  Compensaci\u00f3n de temperatura:Autom\u00e1tica de 0 a 50\u00b0C (32\u00b0F a 122\u00b0F).  &nbsp;\" \/>\n<meta property=\"og:url\" content=\"https:\/\/abaa.mx\/tienda\/probador-de-agua-yk30wa\/\" \/>\n<meta property=\"og:site_name\" content=\"Abaa tienda online\" \/>\n<meta property=\"article:modified_time\" content=\"2023-11-13T15:05:57+00:00\" \/>\n<meta property=\"og:image\" content=\"https:\/\/abaa.mx\/tienda\/wp-content\/uploads\/2023\/11\/LUTRON-YK30WA.jpg\" \/>\n\t<meta property=\"og:image:width\" content=\"461\" \/>\n\t<meta property=\"og:image:height\" content=\"553\" \/>\n\t<meta property=\"og:image:type\" content=\"image\/jpeg\" \/>\n<meta name=\"twitter:card\" content=\"summary_large_image\" \/>\n<meta name=\"twitter:label1\" content=\"Tiempo de lectura\" \/>\n\t<meta name=\"twitter:data1\" content=\"1 minuto\" \/>\n<script type=\"application\/ld+json\" class=\"yoast-schema-graph\">{\"@context\":\"https:\/\/schema.org\",\"@graph\":[{\"@type\":\"WebPage\",\"@id\":\"https:\/\/abaa.mx\/tienda\/probador-de-agua-yk30wa\/\",\"url\":\"https:\/\/abaa.mx\/tienda\/probador-de-agua-yk30wa\/\",\"name\":\"Probador de Agua - YK30WA - Abaa tienda online\",\"isPartOf\":{\"@id\":\"https:\/\/abaa.mx\/tienda\/#website\"},\"primaryImageOfPage\":{\"@id\":\"https:\/\/abaa.mx\/tienda\/probador-de-agua-yk30wa\/#primaryimage\"},\"image\":{\"@id\":\"https:\/\/abaa.mx\/tienda\/probador-de-agua-yk30wa\/#primaryimage\"},\"thumbnailUrl\":\"https:\/\/abaa.mx\/tienda\/wp-content\/uploads\/2023\/11\/LUTRON-YK30WA.jpg\",\"datePublished\":\"2023-11-13T15:05:56+00:00\",\"dateModified\":\"2023-11-13T15:05:57+00:00\",\"breadcrumb\":{\"@id\":\"https:\/\/abaa.mx\/tienda\/probador-de-agua-yk30wa\/#breadcrumb\"},\"inLanguage\":\"es\",\"potentialAction\":[{\"@type\":\"ReadAction\",\"target\":[\"https:\/\/abaa.mx\/tienda\/probador-de-agua-yk30wa\/\"]}]},{\"@type\":\"ImageObject\",\"inLanguage\":\"es\",\"@id\":\"https:\/\/abaa.mx\/tienda\/probador-de-agua-yk30wa\/#primaryimage\",\"url\":\"https:\/\/abaa.mx\/tienda\/wp-content\/uploads\/2023\/11\/LUTRON-YK30WA.jpg\",\"contentUrl\":\"https:\/\/abaa.mx\/tienda\/wp-content\/uploads\/2023\/11\/LUTRON-YK30WA.jpg\",\"width\":461,\"height\":553,\"caption\":\"LUTRON-YK30WA\"},{\"@type\":\"BreadcrumbList\",\"@id\":\"https:\/\/abaa.mx\/tienda\/probador-de-agua-yk30wa\/#breadcrumb\",\"itemListElement\":[{\"@type\":\"ListItem\",\"position\":1,\"name\":\"Inicio\",\"item\":\"https:\/\/abaa.mx\/tienda\/\"},{\"@type\":\"ListItem\",\"position\":2,\"name\":\"Tienda\",\"item\":\"https:\/\/abaa.mx\/tienda\/\"},{\"@type\":\"ListItem\",\"position\":3,\"name\":\"Probador de Agua &#8211; YK30WA\"}]},{\"@type\":\"WebSite\",\"@id\":\"https:\/\/abaa.mx\/tienda\/#website\",\"url\":\"https:\/\/abaa.mx\/tienda\/\",\"name\":\"Abaa tienda online\",\"description\":\"Instrumentos de medici\u00f3n\",\"publisher\":{\"@id\":\"https:\/\/abaa.mx\/tienda\/#organization\"},\"potentialAction\":[{\"@type\":\"SearchAction\",\"target\":{\"@type\":\"EntryPoint\",\"urlTemplate\":\"https:\/\/abaa.mx\/tienda\/?s={search_term_string}\"},\"query-input\":{\"@type\":\"PropertyValueSpecification\",\"valueRequired\":true,\"valueName\":\"search_term_string\"}}],\"inLanguage\":\"es\"},{\"@type\":\"Organization\",\"@id\":\"https:\/\/abaa.mx\/tienda\/#organization\",\"name\":\"Abaa tienda online\",\"url\":\"https:\/\/abaa.mx\/tienda\/\",\"logo\":{\"@type\":\"ImageObject\",\"inLanguage\":\"es\",\"@id\":\"https:\/\/abaa.mx\/tienda\/#\/schema\/logo\/image\/\",\"url\":\"https:\/\/abaa.mx\/tienda\/wp-content\/uploads\/2024\/01\/abaa-metrologia-tienda.png\",\"contentUrl\":\"https:\/\/abaa.mx\/tienda\/wp-content\/uploads\/2024\/01\/abaa-metrologia-tienda.png\",\"width\":300,\"height\":141,\"caption\":\"Abaa tienda online\"},\"image\":{\"@id\":\"https:\/\/abaa.mx\/tienda\/#\/schema\/logo\/image\/\"}}]}<\/script>\n<!-- \/ Yoast SEO plugin. -->","yoast_head_json":{"title":"Probador de Agua - YK30WA - Abaa tienda online","robots":{"index":"index","follow":"follow","max-snippet":"max-snippet:-1","max-image-preview":"max-image-preview:large","max-video-preview":"max-video-preview:-1"},"canonical":"https:\/\/abaa.mx\/tienda\/probador-de-agua-yk30wa\/","og_locale":"es_MX","og_type":"article","og_title":"Probador de Agua - YK30WA - Abaa tienda online","og_description":"Caracter\u00edsticas principales : Port\u00e1til y de simple operaci\u00f3n. Tiene una sonda separada por cable para sencillez de acceso al interior de contenedores o envases. Pantalla LED digital con 4 d\u00edgitos de n\u00fameros grandes para facilitar lectura.  Aplicaciones : Acuarios, plantas tratadoras de agua, bebidas granjas acu\u00edcolas, procesamiento de alimentos, laboratorio de fotograf\u00eda, industrial del papel, electro plateado (galvanizado), control de calidad, educaci\u00f3n y evaluaci\u00f3n de filtros. Obtener resultados de conductividad nos da un indicio para determinar el grado de poluci\u00f3n del agua. Valora la eficiencia de los m\u00e9todos de purificaci\u00f3n o el desempe\u00f1o de filtros o sistemas de purificaci\u00f3n de agua.  Especificaciones:   Aviso de Sobrecarga:Un s\u00edmbolo \"1\" aparecer\u00e1 en pantalla.  Temperatura de Operaci\u00f3n:0 a 50\u00b0C (32\u00b0F a 122\u00b0F).  Humedad de Operaci\u00f3n:M\u00e1ximo 80% R.H.  Resoluci\u00f3n:1 uS.  Retenci\u00f3n de Datos:Retenga la lectura en pantalla.  Consumo de Poder:Aproximadamente DC 5 mA.  Efectividad:\u00b1 (1% + 1) F.S. (Escala Completa) 25 \u00b1 5\u00b0.  Grabado en Memorias:Graba las mediciones m\u00e1xima y m\u00ednima.  Mediciones:de 0 a 1999 uS (micro Siemens).  Compensaci\u00f3n de temperatura:Autom\u00e1tica de 0 a 50\u00b0C (32\u00b0F a 122\u00b0F).  &nbsp;","og_url":"https:\/\/abaa.mx\/tienda\/probador-de-agua-yk30wa\/","og_site_name":"Abaa tienda online","article_modified_time":"2023-11-13T15:05:57+00:00","og_image":[{"width":461,"height":553,"url":"https:\/\/abaa.mx\/tienda\/wp-content\/uploads\/2023\/11\/LUTRON-YK30WA.jpg","type":"image\/jpeg"}],"twitter_card":"summary_large_image","twitter_misc":{"Tiempo de lectura":"1 minuto"},"schema":{"@context":"https:\/\/schema.org","@graph":[{"@type":"WebPage","@id":"https:\/\/abaa.mx\/tienda\/probador-de-agua-yk30wa\/","url":"https:\/\/abaa.mx\/tienda\/probador-de-agua-yk30wa\/","name":"Probador de Agua - YK30WA - Abaa tienda online","isPartOf":{"@id":"https:\/\/abaa.mx\/tienda\/#website"},"primaryImageOfPage":{"@id":"https:\/\/abaa.mx\/tienda\/probador-de-agua-yk30wa\/#primaryimage"},"image":{"@id":"https:\/\/abaa.mx\/tienda\/probador-de-agua-yk30wa\/#primaryimage"},"thumbnailUrl":"https:\/\/abaa.mx\/tienda\/wp-content\/uploads\/2023\/11\/LUTRON-YK30WA.jpg","datePublished":"2023-11-13T15:05:56+00:00","dateModified":"2023-11-13T15:05:57+00:00","breadcrumb":{"@id":"https:\/\/abaa.mx\/tienda\/probador-de-agua-yk30wa\/#breadcrumb"},"inLanguage":"es","potentialAction":[{"@type":"ReadAction","target":["https:\/\/abaa.mx\/tienda\/probador-de-agua-yk30wa\/"]}]},{"@type":"ImageObject","inLanguage":"es","@id":"https:\/\/abaa.mx\/tienda\/probador-de-agua-yk30wa\/#primaryimage","url":"https:\/\/abaa.mx\/tienda\/wp-content\/uploads\/2023\/11\/LUTRON-YK30WA.jpg","contentUrl":"https:\/\/abaa.mx\/tienda\/wp-content\/uploads\/2023\/11\/LUTRON-YK30WA.jpg","width":461,"height":553,"caption":"LUTRON-YK30WA"},{"@type":"BreadcrumbList","@id":"https:\/\/abaa.mx\/tienda\/probador-de-agua-yk30wa\/#breadcrumb","itemListElement":[{"@type":"ListItem","position":1,"name":"Inicio","item":"https:\/\/abaa.mx\/tienda\/"},{"@type":"ListItem","position":2,"name":"Tienda","item":"https:\/\/abaa.mx\/tienda\/"},{"@type":"ListItem","position":3,"name":"Probador de Agua &#8211; YK30WA"}]},{"@type":"WebSite","@id":"https:\/\/abaa.mx\/tienda\/#website","url":"https:\/\/abaa.mx\/tienda\/","name":"Abaa tienda online","description":"Instrumentos de medici\u00f3n","publisher":{"@id":"https:\/\/abaa.mx\/tienda\/#organization"},"potentialAction":[{"@type":"SearchAction","target":{"@type":"EntryPoint","urlTemplate":"https:\/\/abaa.mx\/tienda\/?s={search_term_string}"},"query-input":{"@type":"PropertyValueSpecification","valueRequired":true,"valueName":"search_term_string"}}],"inLanguage":"es"},{"@type":"Organization","@id":"https:\/\/abaa.mx\/tienda\/#organization","name":"Abaa tienda online","url":"https:\/\/abaa.mx\/tienda\/","logo":{"@type":"ImageObject","inLanguage":"es","@id":"https:\/\/abaa.mx\/tienda\/#\/schema\/logo\/image\/","url":"https:\/\/abaa.mx\/tienda\/wp-content\/uploads\/2024\/01\/abaa-metrologia-tienda.png","contentUrl":"https:\/\/abaa.mx\/tienda\/wp-content\/uploads\/2024\/01\/abaa-metrologia-tienda.png","width":300,"height":141,"caption":"Abaa tienda online"},"image":{"@id":"https:\/\/abaa.mx\/tienda\/#\/schema\/logo\/image\/"}}]}},"_links":{"self":[{"href":"https:\/\/abaa.mx\/tienda\/wp-json\/wp\/v2\/product\/8798","targetHints":{"allow":["GET"]}}],"collection":[{"href":"https:\/\/abaa.mx\/tienda\/wp-json\/wp\/v2\/product"}],"about":[{"href":"https:\/\/abaa.mx\/tienda\/wp-json\/wp\/v2\/types\/product"}],"replies":[{"embeddable":true,"href":"https:\/\/abaa.mx\/tienda\/wp-json\/wp\/v2\/comments?post=8798"}],"wp:featuredmedia":[{"embeddable":true,"href":"https:\/\/abaa.mx\/tienda\/wp-json\/wp\/v2\/media\/8799"}],"wp:attachment":[{"href":"https:\/\/abaa.mx\/tienda\/wp-json\/wp\/v2\/media?parent=8798"}],"wp:term":[{"taxonomy":"product_brand","embeddable":true,"href":"https:\/\/abaa.mx\/tienda\/wp-json\/wp\/v2\/product_brand?post=8798"},{"taxonomy":"product_cat","embeddable":true,"href":"https:\/\/abaa.mx\/tienda\/wp-json\/wp\/v2\/product_cat?post=8798"},{"taxonomy":"product_tag","embeddable":true,"href":"https:\/\/abaa.mx\/tienda\/wp-json\/wp\/v2\/product_tag?post=8798"}],"curies":[{"name":"wp","href":"https:\/\/api.w.org\/{rel}","templated":true}]}}