{"id":8795,"date":"2023-11-13T14:53:00","date_gmt":"2023-11-13T14:53:00","guid":{"rendered":"https:\/\/abaa.mx\/tienda\/?post_type=product&#038;p=8795"},"modified":"2023-11-13T14:53:00","modified_gmt":"2023-11-13T14:53:00","slug":"medidor-de-cloro-cl2006","status":"publish","type":"product","link":"https:\/\/abaa.mx\/tienda\/medidor-de-cloro-cl2006\/","title":{"rendered":"Medidor de cloro &#8211; CL2006"},"content":{"rendered":"<p>Medidor de cloro &#8211; CL2006.<\/p>\n","protected":false},"excerpt":{"rendered":"<p>El clor\u00edmetro digital LT-CL2006 es capaz de medir los escenarios de cloro libre y total en una soluci\u00f3n acuosa. Es id\u00f3neo para apps en piscinas, aguas municipales, comida, bebidas y en cualquier otra soluci\u00f3n donde sea esencial la claridad del agua.<\/p>\n<p><strong>Caracter\u00edsticas:<\/strong><\/p>\n<ul>\n<li>Pantalla lcd grande para facil lectura.<\/li>\n<li>Cuenta con funci\u00f3n de retenci\u00f3n de registros para congelar el valor actual en pantalla.<\/li>\n<li>Cuenta con un circuito de microprocesador que garantiza la mejor precisi\u00f3n posible adem\u00e1s de brindar funciones y caracter\u00edsticas especiales.<\/li>\n<li>Almacena los registros m\u00e1ximo y m\u00ednimo.<\/li>\n<li>Se opera con bater\u00edas para su uso en campo sin dificultades.<\/li>\n<li>Cuenta con una soluci\u00f3n est\u00e1ndar libre de 1.00 ppm y otra soluci\u00f3n est\u00e1ndar total de 1.00 ppm como accesorios predeterminados.<\/li>\n<li>El medidor tiene como rango de cloro libre y total (cl) desde 0.00 ppm a 3.50 ppm (mg\/l)<\/li>\n<li>Cuenta con funci\u00f3n de apagado autom\u00e1tico para ahorrar la vida de las bater\u00edas.<\/li>\n<li>El panel frontal es a prueba de salpicaduras de agua.<\/li>\n<li>Aplicaciones en piscinas, aguas municipales, comida y agua potable, u otras soluciones acuosas en donde la claridad del agua es importante.<\/li>\n<li>Cuenta con una funci\u00f3n de calibraci\u00f3n sencilla y eficaz para validar el buen desempe\u00f1o del medidor en cualquier momento.<\/li>\n<li>La estructura \u00f3ptica \u00fanica del instrumento le permite tomar lecturas con alta resoluci\u00f3n: 0.01 ppm (mg\/l).<\/li>\n<li>El sistema \u00f3ptico avanzado est\u00e1 basado en una l\u00e1mpara led de banda angosta especial que permite lecturas precisas y repetitivas.<\/li>\n<li>El m\u00e9todo de medici\u00f3n es una adaptaci\u00f3n del m\u00e9todo usepa 330.5 para aguas residuales y del m\u00e9todo est\u00e1ndar 4500-Cl g para agua potable.<\/li>\n<li>Cuenta con anatom\u00eda resistente as\u00ed como con un estuche dise\u00f1ado para transportar y operar el instrumento facilmente.<\/li>\n<\/ul>\n<p>&nbsp;<\/p>\n<p>&nbsp;<\/p>\n","protected":false},"featured_media":8797,"comment_status":"open","ping_status":"closed","template":"","meta":{"_joinchat":[]},"product_brand":[],"product_cat":[125],"product_tag":[],"class_list":{"0":"post-8795","1":"product","2":"type-product","3":"status-publish","4":"has-post-thumbnail","6":"product_cat-probadores-de-calidad-de-agua","8":"first","9":"instock","10":"shipping-taxable","11":"product-type-simple"},"yoast_head":"<!-- This site is optimized with the Yoast SEO plugin v26.4 - https:\/\/yoast.com\/wordpress\/plugins\/seo\/ -->\n<title>Medidor de cloro - CL2006 - Abaa tienda online<\/title>\n<meta name=\"robots\" content=\"index, follow, max-snippet:-1, max-image-preview:large, max-video-preview:-1\" \/>\n<link rel=\"canonical\" href=\"https:\/\/abaa.mx\/tienda\/medidor-de-cloro-cl2006\/\" \/>\n<meta property=\"og:locale\" content=\"es_MX\" \/>\n<meta property=\"og:type\" content=\"article\" \/>\n<meta property=\"og:title\" content=\"Medidor de cloro - CL2006 - Abaa tienda online\" \/>\n<meta property=\"og:description\" content=\"El clor\u00edmetro digital LT-CL2006 es capaz de medir los escenarios de cloro libre y total en una soluci\u00f3n acuosa. Es id\u00f3neo para apps en piscinas, aguas municipales, comida, bebidas y en cualquier otra soluci\u00f3n donde sea esencial la claridad del agua.  Caracter\u00edsticas:   Pantalla lcd grande para facil lectura.  Cuenta con funci\u00f3n de retenci\u00f3n de registros para congelar el valor actual en pantalla.  Cuenta con un circuito de microprocesador que garantiza la mejor precisi\u00f3n posible adem\u00e1s de brindar funciones y caracter\u00edsticas especiales.  Almacena los registros m\u00e1ximo y m\u00ednimo.  Se opera con bater\u00edas para su uso en campo sin dificultades.  Cuenta con una soluci\u00f3n est\u00e1ndar libre de 1.00 ppm y otra soluci\u00f3n est\u00e1ndar total de 1.00 ppm como accesorios predeterminados.  El medidor tiene como rango de cloro libre y total (cl) desde 0.00 ppm a 3.50 ppm (mg\/l)  Cuenta con funci\u00f3n de apagado autom\u00e1tico para ahorrar la vida de las bater\u00edas.  El panel frontal es a prueba de salpicaduras de agua.  Aplicaciones en piscinas, aguas municipales, comida y agua potable, u otras soluciones acuosas en donde la claridad del agua es importante.  Cuenta con una funci\u00f3n de calibraci\u00f3n sencilla y eficaz para validar el buen desempe\u00f1o del medidor en cualquier momento.  La estructura \u00f3ptica \u00fanica del instrumento le permite tomar lecturas con alta resoluci\u00f3n: 0.01 ppm (mg\/l).  El sistema \u00f3ptico avanzado est\u00e1 basado en una l\u00e1mpara led de banda angosta especial que permite lecturas precisas y repetitivas.  El m\u00e9todo de medici\u00f3n es una adaptaci\u00f3n del m\u00e9todo usepa 330.5 para aguas residuales y del m\u00e9todo est\u00e1ndar 4500-Cl g para agua potable.  Cuenta con anatom\u00eda resistente as\u00ed como con un estuche dise\u00f1ado para transportar y operar el instrumento facilmente.  &nbsp;  &nbsp;\" \/>\n<meta property=\"og:url\" content=\"https:\/\/abaa.mx\/tienda\/medidor-de-cloro-cl2006\/\" \/>\n<meta property=\"og:site_name\" content=\"Abaa tienda online\" \/>\n<meta property=\"og:image\" content=\"https:\/\/abaa.mx\/tienda\/wp-content\/uploads\/2023\/11\/LUTRON-CL2006.jpg\" \/>\n\t<meta property=\"og:image:width\" content=\"444\" \/>\n\t<meta property=\"og:image:height\" content=\"474\" \/>\n\t<meta property=\"og:image:type\" content=\"image\/jpeg\" \/>\n<meta name=\"twitter:card\" content=\"summary_large_image\" \/>\n<meta name=\"twitter:label1\" content=\"Tiempo de lectura\" \/>\n\t<meta name=\"twitter:data1\" content=\"1 minuto\" \/>\n<script type=\"application\/ld+json\" class=\"yoast-schema-graph\">{\"@context\":\"https:\/\/schema.org\",\"@graph\":[{\"@type\":\"WebPage\",\"@id\":\"https:\/\/abaa.mx\/tienda\/medidor-de-cloro-cl2006\/\",\"url\":\"https:\/\/abaa.mx\/tienda\/medidor-de-cloro-cl2006\/\",\"name\":\"Medidor de cloro - CL2006 - Abaa tienda online\",\"isPartOf\":{\"@id\":\"https:\/\/abaa.mx\/tienda\/#website\"},\"primaryImageOfPage\":{\"@id\":\"https:\/\/abaa.mx\/tienda\/medidor-de-cloro-cl2006\/#primaryimage\"},\"image\":{\"@id\":\"https:\/\/abaa.mx\/tienda\/medidor-de-cloro-cl2006\/#primaryimage\"},\"thumbnailUrl\":\"https:\/\/abaa.mx\/tienda\/wp-content\/uploads\/2023\/11\/LUTRON-CL2006.jpg\",\"datePublished\":\"2023-11-13T14:53:00+00:00\",\"breadcrumb\":{\"@id\":\"https:\/\/abaa.mx\/tienda\/medidor-de-cloro-cl2006\/#breadcrumb\"},\"inLanguage\":\"es\",\"potentialAction\":[{\"@type\":\"ReadAction\",\"target\":[\"https:\/\/abaa.mx\/tienda\/medidor-de-cloro-cl2006\/\"]}]},{\"@type\":\"ImageObject\",\"inLanguage\":\"es\",\"@id\":\"https:\/\/abaa.mx\/tienda\/medidor-de-cloro-cl2006\/#primaryimage\",\"url\":\"https:\/\/abaa.mx\/tienda\/wp-content\/uploads\/2023\/11\/LUTRON-CL2006.jpg\",\"contentUrl\":\"https:\/\/abaa.mx\/tienda\/wp-content\/uploads\/2023\/11\/LUTRON-CL2006.jpg\",\"width\":444,\"height\":474,\"caption\":\"LUTRON-CL2006\"},{\"@type\":\"BreadcrumbList\",\"@id\":\"https:\/\/abaa.mx\/tienda\/medidor-de-cloro-cl2006\/#breadcrumb\",\"itemListElement\":[{\"@type\":\"ListItem\",\"position\":1,\"name\":\"Inicio\",\"item\":\"https:\/\/abaa.mx\/tienda\/\"},{\"@type\":\"ListItem\",\"position\":2,\"name\":\"Tienda\",\"item\":\"https:\/\/abaa.mx\/tienda\/\"},{\"@type\":\"ListItem\",\"position\":3,\"name\":\"Medidor de cloro &#8211; CL2006\"}]},{\"@type\":\"WebSite\",\"@id\":\"https:\/\/abaa.mx\/tienda\/#website\",\"url\":\"https:\/\/abaa.mx\/tienda\/\",\"name\":\"Abaa tienda online\",\"description\":\"Instrumentos de medici\u00f3n\",\"publisher\":{\"@id\":\"https:\/\/abaa.mx\/tienda\/#organization\"},\"potentialAction\":[{\"@type\":\"SearchAction\",\"target\":{\"@type\":\"EntryPoint\",\"urlTemplate\":\"https:\/\/abaa.mx\/tienda\/?s={search_term_string}\"},\"query-input\":{\"@type\":\"PropertyValueSpecification\",\"valueRequired\":true,\"valueName\":\"search_term_string\"}}],\"inLanguage\":\"es\"},{\"@type\":\"Organization\",\"@id\":\"https:\/\/abaa.mx\/tienda\/#organization\",\"name\":\"Abaa tienda online\",\"url\":\"https:\/\/abaa.mx\/tienda\/\",\"logo\":{\"@type\":\"ImageObject\",\"inLanguage\":\"es\",\"@id\":\"https:\/\/abaa.mx\/tienda\/#\/schema\/logo\/image\/\",\"url\":\"https:\/\/abaa.mx\/tienda\/wp-content\/uploads\/2024\/01\/abaa-metrologia-tienda.png\",\"contentUrl\":\"https:\/\/abaa.mx\/tienda\/wp-content\/uploads\/2024\/01\/abaa-metrologia-tienda.png\",\"width\":300,\"height\":141,\"caption\":\"Abaa tienda online\"},\"image\":{\"@id\":\"https:\/\/abaa.mx\/tienda\/#\/schema\/logo\/image\/\"}}]}<\/script>\n<!-- \/ Yoast SEO plugin. -->","yoast_head_json":{"title":"Medidor de cloro - CL2006 - Abaa tienda online","robots":{"index":"index","follow":"follow","max-snippet":"max-snippet:-1","max-image-preview":"max-image-preview:large","max-video-preview":"max-video-preview:-1"},"canonical":"https:\/\/abaa.mx\/tienda\/medidor-de-cloro-cl2006\/","og_locale":"es_MX","og_type":"article","og_title":"Medidor de cloro - CL2006 - Abaa tienda online","og_description":"El clor\u00edmetro digital LT-CL2006 es capaz de medir los escenarios de cloro libre y total en una soluci\u00f3n acuosa. Es id\u00f3neo para apps en piscinas, aguas municipales, comida, bebidas y en cualquier otra soluci\u00f3n donde sea esencial la claridad del agua.  Caracter\u00edsticas:   Pantalla lcd grande para facil lectura.  Cuenta con funci\u00f3n de retenci\u00f3n de registros para congelar el valor actual en pantalla.  Cuenta con un circuito de microprocesador que garantiza la mejor precisi\u00f3n posible adem\u00e1s de brindar funciones y caracter\u00edsticas especiales.  Almacena los registros m\u00e1ximo y m\u00ednimo.  Se opera con bater\u00edas para su uso en campo sin dificultades.  Cuenta con una soluci\u00f3n est\u00e1ndar libre de 1.00 ppm y otra soluci\u00f3n est\u00e1ndar total de 1.00 ppm como accesorios predeterminados.  El medidor tiene como rango de cloro libre y total (cl) desde 0.00 ppm a 3.50 ppm (mg\/l)  Cuenta con funci\u00f3n de apagado autom\u00e1tico para ahorrar la vida de las bater\u00edas.  El panel frontal es a prueba de salpicaduras de agua.  Aplicaciones en piscinas, aguas municipales, comida y agua potable, u otras soluciones acuosas en donde la claridad del agua es importante.  Cuenta con una funci\u00f3n de calibraci\u00f3n sencilla y eficaz para validar el buen desempe\u00f1o del medidor en cualquier momento.  La estructura \u00f3ptica \u00fanica del instrumento le permite tomar lecturas con alta resoluci\u00f3n: 0.01 ppm (mg\/l).  El sistema \u00f3ptico avanzado est\u00e1 basado en una l\u00e1mpara led de banda angosta especial que permite lecturas precisas y repetitivas.  El m\u00e9todo de medici\u00f3n es una adaptaci\u00f3n del m\u00e9todo usepa 330.5 para aguas residuales y del m\u00e9todo est\u00e1ndar 4500-Cl g para agua potable.  Cuenta con anatom\u00eda resistente as\u00ed como con un estuche dise\u00f1ado para transportar y operar el instrumento facilmente.  &nbsp;  &nbsp;","og_url":"https:\/\/abaa.mx\/tienda\/medidor-de-cloro-cl2006\/","og_site_name":"Abaa tienda online","og_image":[{"width":444,"height":474,"url":"https:\/\/abaa.mx\/tienda\/wp-content\/uploads\/2023\/11\/LUTRON-CL2006.jpg","type":"image\/jpeg"}],"twitter_card":"summary_large_image","twitter_misc":{"Tiempo de lectura":"1 minuto"},"schema":{"@context":"https:\/\/schema.org","@graph":[{"@type":"WebPage","@id":"https:\/\/abaa.mx\/tienda\/medidor-de-cloro-cl2006\/","url":"https:\/\/abaa.mx\/tienda\/medidor-de-cloro-cl2006\/","name":"Medidor de cloro - CL2006 - Abaa tienda online","isPartOf":{"@id":"https:\/\/abaa.mx\/tienda\/#website"},"primaryImageOfPage":{"@id":"https:\/\/abaa.mx\/tienda\/medidor-de-cloro-cl2006\/#primaryimage"},"image":{"@id":"https:\/\/abaa.mx\/tienda\/medidor-de-cloro-cl2006\/#primaryimage"},"thumbnailUrl":"https:\/\/abaa.mx\/tienda\/wp-content\/uploads\/2023\/11\/LUTRON-CL2006.jpg","datePublished":"2023-11-13T14:53:00+00:00","breadcrumb":{"@id":"https:\/\/abaa.mx\/tienda\/medidor-de-cloro-cl2006\/#breadcrumb"},"inLanguage":"es","potentialAction":[{"@type":"ReadAction","target":["https:\/\/abaa.mx\/tienda\/medidor-de-cloro-cl2006\/"]}]},{"@type":"ImageObject","inLanguage":"es","@id":"https:\/\/abaa.mx\/tienda\/medidor-de-cloro-cl2006\/#primaryimage","url":"https:\/\/abaa.mx\/tienda\/wp-content\/uploads\/2023\/11\/LUTRON-CL2006.jpg","contentUrl":"https:\/\/abaa.mx\/tienda\/wp-content\/uploads\/2023\/11\/LUTRON-CL2006.jpg","width":444,"height":474,"caption":"LUTRON-CL2006"},{"@type":"BreadcrumbList","@id":"https:\/\/abaa.mx\/tienda\/medidor-de-cloro-cl2006\/#breadcrumb","itemListElement":[{"@type":"ListItem","position":1,"name":"Inicio","item":"https:\/\/abaa.mx\/tienda\/"},{"@type":"ListItem","position":2,"name":"Tienda","item":"https:\/\/abaa.mx\/tienda\/"},{"@type":"ListItem","position":3,"name":"Medidor de cloro &#8211; CL2006"}]},{"@type":"WebSite","@id":"https:\/\/abaa.mx\/tienda\/#website","url":"https:\/\/abaa.mx\/tienda\/","name":"Abaa tienda online","description":"Instrumentos de medici\u00f3n","publisher":{"@id":"https:\/\/abaa.mx\/tienda\/#organization"},"potentialAction":[{"@type":"SearchAction","target":{"@type":"EntryPoint","urlTemplate":"https:\/\/abaa.mx\/tienda\/?s={search_term_string}"},"query-input":{"@type":"PropertyValueSpecification","valueRequired":true,"valueName":"search_term_string"}}],"inLanguage":"es"},{"@type":"Organization","@id":"https:\/\/abaa.mx\/tienda\/#organization","name":"Abaa tienda online","url":"https:\/\/abaa.mx\/tienda\/","logo":{"@type":"ImageObject","inLanguage":"es","@id":"https:\/\/abaa.mx\/tienda\/#\/schema\/logo\/image\/","url":"https:\/\/abaa.mx\/tienda\/wp-content\/uploads\/2024\/01\/abaa-metrologia-tienda.png","contentUrl":"https:\/\/abaa.mx\/tienda\/wp-content\/uploads\/2024\/01\/abaa-metrologia-tienda.png","width":300,"height":141,"caption":"Abaa tienda online"},"image":{"@id":"https:\/\/abaa.mx\/tienda\/#\/schema\/logo\/image\/"}}]}},"_links":{"self":[{"href":"https:\/\/abaa.mx\/tienda\/wp-json\/wp\/v2\/product\/8795","targetHints":{"allow":["GET"]}}],"collection":[{"href":"https:\/\/abaa.mx\/tienda\/wp-json\/wp\/v2\/product"}],"about":[{"href":"https:\/\/abaa.mx\/tienda\/wp-json\/wp\/v2\/types\/product"}],"replies":[{"embeddable":true,"href":"https:\/\/abaa.mx\/tienda\/wp-json\/wp\/v2\/comments?post=8795"}],"wp:featuredmedia":[{"embeddable":true,"href":"https:\/\/abaa.mx\/tienda\/wp-json\/wp\/v2\/media\/8797"}],"wp:attachment":[{"href":"https:\/\/abaa.mx\/tienda\/wp-json\/wp\/v2\/media?parent=8795"}],"wp:term":[{"taxonomy":"product_brand","embeddable":true,"href":"https:\/\/abaa.mx\/tienda\/wp-json\/wp\/v2\/product_brand?post=8795"},{"taxonomy":"product_cat","embeddable":true,"href":"https:\/\/abaa.mx\/tienda\/wp-json\/wp\/v2\/product_cat?post=8795"},{"taxonomy":"product_tag","embeddable":true,"href":"https:\/\/abaa.mx\/tienda\/wp-json\/wp\/v2\/product_tag?post=8795"}],"curies":[{"name":"wp","href":"https:\/\/api.w.org\/{rel}","templated":true}]}}