{"id":8782,"date":"2023-11-10T20:36:39","date_gmt":"2023-11-10T20:36:39","guid":{"rendered":"https:\/\/abaa.mx\/tienda\/?post_type=product&#038;p=8782"},"modified":"2023-11-10T20:36:40","modified_gmt":"2023-11-10T20:36:40","slug":"probador-de-alta-potencia-10-kv-cs2671bx","status":"publish","type":"product","link":"https:\/\/abaa.mx\/tienda\/probador-de-alta-potencia-10-kv-cs2671bx\/","title":{"rendered":"Probador de Alta Potencia 10 kV &#8211; CS2671BX"},"content":{"rendered":"<p>Probador de Alta Potencia 10 kV &#8211; CS2671BX.<\/p>\n<p>&nbsp;<\/p>\n","protected":false},"excerpt":{"rendered":"<p>El Hi-Pot modelo CS2671BX le da una se\u00f1al de alto voltaje de prueba para una evaluaci\u00f3n de alta precisi\u00f3n con ajuste contin\u00fao de corriente de fuga y tiempo de prueba en prominente voltaje con baja corriente.<\/p>\n<p><strong>Caracter\u00edsticas :<\/strong> Medici\u00f3n de precisi\u00f3n con ajuste contin\u00fao de corriente de fuga y tiempo de prueba en prominente voltaje con baja corriente. Despliega en pantalla m\u00faltiples pruebas simult\u00e1neamente (tiempo, voltaje y corriente). Puedes detallar una alarma visual y auditiva con el sistema de descalificaci\u00f3n. Tiene pruebas manuales y de control remoto ; as\u00ed como protecci\u00f3n de interrupci\u00f3n de Hi-pot.<\/p>\n<p><strong>Aplicaciones :<\/strong> El instrumento puede ser \u00fatil para varios prop\u00f3sitos, por poner un ejemplo : prueba de voltaje residual y fuga de corriente de capacitor, voltaje inverso y fuga de corriente inversa de transistor y varillas de silicio de prominente voltaje.<\/p>\n<p>&nbsp;<\/p>\n","protected":false},"featured_media":8783,"comment_status":"open","ping_status":"closed","template":"","meta":{"_joinchat":[]},"product_brand":[],"product_cat":[123],"product_tag":[],"class_list":{"0":"post-8782","1":"product","2":"type-product","3":"status-publish","4":"has-post-thumbnail","6":"product_cat-probadores-de-alta-potencia","8":"first","9":"instock","10":"shipping-taxable","11":"product-type-simple"},"yoast_head":"<!-- This site is optimized with the Yoast SEO plugin v26.4 - https:\/\/yoast.com\/wordpress\/plugins\/seo\/ -->\n<title>Probador de Alta Potencia 10 kV - CS2671BX - Abaa tienda online<\/title>\n<meta name=\"robots\" content=\"index, follow, max-snippet:-1, max-image-preview:large, max-video-preview:-1\" \/>\n<link rel=\"canonical\" href=\"https:\/\/abaa.mx\/tienda\/probador-de-alta-potencia-10-kv-cs2671bx\/\" \/>\n<meta property=\"og:locale\" content=\"es_MX\" \/>\n<meta property=\"og:type\" content=\"article\" \/>\n<meta property=\"og:title\" content=\"Probador de Alta Potencia 10 kV - CS2671BX - Abaa tienda online\" \/>\n<meta property=\"og:description\" content=\"El Hi-Pot modelo CS2671BX le da una se\u00f1al de alto voltaje de prueba para una evaluaci\u00f3n de alta precisi\u00f3n con ajuste contin\u00fao de corriente de fuga y tiempo de prueba en prominente voltaje con baja corriente.  Caracter\u00edsticas : Medici\u00f3n de precisi\u00f3n con ajuste contin\u00fao de corriente de fuga y tiempo de prueba en prominente voltaje con baja corriente. Despliega en pantalla m\u00faltiples pruebas simult\u00e1neamente (tiempo, voltaje y corriente). Puedes detallar una alarma visual y auditiva con el sistema de descalificaci\u00f3n. Tiene pruebas manuales y de control remoto ; as\u00ed como protecci\u00f3n de interrupci\u00f3n de Hi-pot.  Aplicaciones : El instrumento puede ser \u00fatil para varios prop\u00f3sitos, por poner un ejemplo : prueba de voltaje residual y fuga de corriente de capacitor, voltaje inverso y fuga de corriente inversa de transistor y varillas de silicio de prominente voltaje.  &nbsp;\" \/>\n<meta property=\"og:url\" content=\"https:\/\/abaa.mx\/tienda\/probador-de-alta-potencia-10-kv-cs2671bx\/\" \/>\n<meta property=\"og:site_name\" content=\"Abaa tienda online\" \/>\n<meta property=\"article:modified_time\" content=\"2023-11-10T20:36:40+00:00\" \/>\n<meta property=\"og:image\" content=\"https:\/\/abaa.mx\/tienda\/wp-content\/uploads\/2023\/11\/ALLWIN-CS2671BX.jpg\" \/>\n\t<meta property=\"og:image:width\" content=\"553\" \/>\n\t<meta property=\"og:image:height\" content=\"406\" \/>\n\t<meta property=\"og:image:type\" content=\"image\/jpeg\" \/>\n<meta name=\"twitter:card\" content=\"summary_large_image\" \/>\n<meta name=\"twitter:label1\" content=\"Tiempo de lectura\" \/>\n\t<meta name=\"twitter:data1\" content=\"1 minuto\" \/>\n<script type=\"application\/ld+json\" class=\"yoast-schema-graph\">{\"@context\":\"https:\/\/schema.org\",\"@graph\":[{\"@type\":\"WebPage\",\"@id\":\"https:\/\/abaa.mx\/tienda\/probador-de-alta-potencia-10-kv-cs2671bx\/\",\"url\":\"https:\/\/abaa.mx\/tienda\/probador-de-alta-potencia-10-kv-cs2671bx\/\",\"name\":\"Probador de Alta Potencia 10 kV - CS2671BX - Abaa tienda online\",\"isPartOf\":{\"@id\":\"https:\/\/abaa.mx\/tienda\/#website\"},\"primaryImageOfPage\":{\"@id\":\"https:\/\/abaa.mx\/tienda\/probador-de-alta-potencia-10-kv-cs2671bx\/#primaryimage\"},\"image\":{\"@id\":\"https:\/\/abaa.mx\/tienda\/probador-de-alta-potencia-10-kv-cs2671bx\/#primaryimage\"},\"thumbnailUrl\":\"https:\/\/abaa.mx\/tienda\/wp-content\/uploads\/2023\/11\/ALLWIN-CS2671BX.jpg\",\"datePublished\":\"2023-11-10T20:36:39+00:00\",\"dateModified\":\"2023-11-10T20:36:40+00:00\",\"breadcrumb\":{\"@id\":\"https:\/\/abaa.mx\/tienda\/probador-de-alta-potencia-10-kv-cs2671bx\/#breadcrumb\"},\"inLanguage\":\"es\",\"potentialAction\":[{\"@type\":\"ReadAction\",\"target\":[\"https:\/\/abaa.mx\/tienda\/probador-de-alta-potencia-10-kv-cs2671bx\/\"]}]},{\"@type\":\"ImageObject\",\"inLanguage\":\"es\",\"@id\":\"https:\/\/abaa.mx\/tienda\/probador-de-alta-potencia-10-kv-cs2671bx\/#primaryimage\",\"url\":\"https:\/\/abaa.mx\/tienda\/wp-content\/uploads\/2023\/11\/ALLWIN-CS2671BX.jpg\",\"contentUrl\":\"https:\/\/abaa.mx\/tienda\/wp-content\/uploads\/2023\/11\/ALLWIN-CS2671BX.jpg\",\"width\":553,\"height\":406,\"caption\":\"ALLWIN-CS2671BX\"},{\"@type\":\"BreadcrumbList\",\"@id\":\"https:\/\/abaa.mx\/tienda\/probador-de-alta-potencia-10-kv-cs2671bx\/#breadcrumb\",\"itemListElement\":[{\"@type\":\"ListItem\",\"position\":1,\"name\":\"Inicio\",\"item\":\"https:\/\/abaa.mx\/tienda\/\"},{\"@type\":\"ListItem\",\"position\":2,\"name\":\"Tienda\",\"item\":\"https:\/\/abaa.mx\/tienda\/\"},{\"@type\":\"ListItem\",\"position\":3,\"name\":\"Probador de Alta Potencia 10 kV &#8211; CS2671BX\"}]},{\"@type\":\"WebSite\",\"@id\":\"https:\/\/abaa.mx\/tienda\/#website\",\"url\":\"https:\/\/abaa.mx\/tienda\/\",\"name\":\"Abaa tienda online\",\"description\":\"Instrumentos de medici\u00f3n\",\"publisher\":{\"@id\":\"https:\/\/abaa.mx\/tienda\/#organization\"},\"potentialAction\":[{\"@type\":\"SearchAction\",\"target\":{\"@type\":\"EntryPoint\",\"urlTemplate\":\"https:\/\/abaa.mx\/tienda\/?s={search_term_string}\"},\"query-input\":{\"@type\":\"PropertyValueSpecification\",\"valueRequired\":true,\"valueName\":\"search_term_string\"}}],\"inLanguage\":\"es\"},{\"@type\":\"Organization\",\"@id\":\"https:\/\/abaa.mx\/tienda\/#organization\",\"name\":\"Abaa tienda online\",\"url\":\"https:\/\/abaa.mx\/tienda\/\",\"logo\":{\"@type\":\"ImageObject\",\"inLanguage\":\"es\",\"@id\":\"https:\/\/abaa.mx\/tienda\/#\/schema\/logo\/image\/\",\"url\":\"https:\/\/abaa.mx\/tienda\/wp-content\/uploads\/2024\/01\/abaa-metrologia-tienda.png\",\"contentUrl\":\"https:\/\/abaa.mx\/tienda\/wp-content\/uploads\/2024\/01\/abaa-metrologia-tienda.png\",\"width\":300,\"height\":141,\"caption\":\"Abaa tienda online\"},\"image\":{\"@id\":\"https:\/\/abaa.mx\/tienda\/#\/schema\/logo\/image\/\"}}]}<\/script>\n<!-- \/ Yoast SEO plugin. -->","yoast_head_json":{"title":"Probador de Alta Potencia 10 kV - CS2671BX - Abaa tienda online","robots":{"index":"index","follow":"follow","max-snippet":"max-snippet:-1","max-image-preview":"max-image-preview:large","max-video-preview":"max-video-preview:-1"},"canonical":"https:\/\/abaa.mx\/tienda\/probador-de-alta-potencia-10-kv-cs2671bx\/","og_locale":"es_MX","og_type":"article","og_title":"Probador de Alta Potencia 10 kV - CS2671BX - Abaa tienda online","og_description":"El Hi-Pot modelo CS2671BX le da una se\u00f1al de alto voltaje de prueba para una evaluaci\u00f3n de alta precisi\u00f3n con ajuste contin\u00fao de corriente de fuga y tiempo de prueba en prominente voltaje con baja corriente.  Caracter\u00edsticas : Medici\u00f3n de precisi\u00f3n con ajuste contin\u00fao de corriente de fuga y tiempo de prueba en prominente voltaje con baja corriente. Despliega en pantalla m\u00faltiples pruebas simult\u00e1neamente (tiempo, voltaje y corriente). Puedes detallar una alarma visual y auditiva con el sistema de descalificaci\u00f3n. Tiene pruebas manuales y de control remoto ; as\u00ed como protecci\u00f3n de interrupci\u00f3n de Hi-pot.  Aplicaciones : El instrumento puede ser \u00fatil para varios prop\u00f3sitos, por poner un ejemplo : prueba de voltaje residual y fuga de corriente de capacitor, voltaje inverso y fuga de corriente inversa de transistor y varillas de silicio de prominente voltaje.  &nbsp;","og_url":"https:\/\/abaa.mx\/tienda\/probador-de-alta-potencia-10-kv-cs2671bx\/","og_site_name":"Abaa tienda online","article_modified_time":"2023-11-10T20:36:40+00:00","og_image":[{"width":553,"height":406,"url":"https:\/\/abaa.mx\/tienda\/wp-content\/uploads\/2023\/11\/ALLWIN-CS2671BX.jpg","type":"image\/jpeg"}],"twitter_card":"summary_large_image","twitter_misc":{"Tiempo de lectura":"1 minuto"},"schema":{"@context":"https:\/\/schema.org","@graph":[{"@type":"WebPage","@id":"https:\/\/abaa.mx\/tienda\/probador-de-alta-potencia-10-kv-cs2671bx\/","url":"https:\/\/abaa.mx\/tienda\/probador-de-alta-potencia-10-kv-cs2671bx\/","name":"Probador de Alta Potencia 10 kV - CS2671BX - Abaa tienda online","isPartOf":{"@id":"https:\/\/abaa.mx\/tienda\/#website"},"primaryImageOfPage":{"@id":"https:\/\/abaa.mx\/tienda\/probador-de-alta-potencia-10-kv-cs2671bx\/#primaryimage"},"image":{"@id":"https:\/\/abaa.mx\/tienda\/probador-de-alta-potencia-10-kv-cs2671bx\/#primaryimage"},"thumbnailUrl":"https:\/\/abaa.mx\/tienda\/wp-content\/uploads\/2023\/11\/ALLWIN-CS2671BX.jpg","datePublished":"2023-11-10T20:36:39+00:00","dateModified":"2023-11-10T20:36:40+00:00","breadcrumb":{"@id":"https:\/\/abaa.mx\/tienda\/probador-de-alta-potencia-10-kv-cs2671bx\/#breadcrumb"},"inLanguage":"es","potentialAction":[{"@type":"ReadAction","target":["https:\/\/abaa.mx\/tienda\/probador-de-alta-potencia-10-kv-cs2671bx\/"]}]},{"@type":"ImageObject","inLanguage":"es","@id":"https:\/\/abaa.mx\/tienda\/probador-de-alta-potencia-10-kv-cs2671bx\/#primaryimage","url":"https:\/\/abaa.mx\/tienda\/wp-content\/uploads\/2023\/11\/ALLWIN-CS2671BX.jpg","contentUrl":"https:\/\/abaa.mx\/tienda\/wp-content\/uploads\/2023\/11\/ALLWIN-CS2671BX.jpg","width":553,"height":406,"caption":"ALLWIN-CS2671BX"},{"@type":"BreadcrumbList","@id":"https:\/\/abaa.mx\/tienda\/probador-de-alta-potencia-10-kv-cs2671bx\/#breadcrumb","itemListElement":[{"@type":"ListItem","position":1,"name":"Inicio","item":"https:\/\/abaa.mx\/tienda\/"},{"@type":"ListItem","position":2,"name":"Tienda","item":"https:\/\/abaa.mx\/tienda\/"},{"@type":"ListItem","position":3,"name":"Probador de Alta Potencia 10 kV &#8211; CS2671BX"}]},{"@type":"WebSite","@id":"https:\/\/abaa.mx\/tienda\/#website","url":"https:\/\/abaa.mx\/tienda\/","name":"Abaa tienda online","description":"Instrumentos de medici\u00f3n","publisher":{"@id":"https:\/\/abaa.mx\/tienda\/#organization"},"potentialAction":[{"@type":"SearchAction","target":{"@type":"EntryPoint","urlTemplate":"https:\/\/abaa.mx\/tienda\/?s={search_term_string}"},"query-input":{"@type":"PropertyValueSpecification","valueRequired":true,"valueName":"search_term_string"}}],"inLanguage":"es"},{"@type":"Organization","@id":"https:\/\/abaa.mx\/tienda\/#organization","name":"Abaa tienda online","url":"https:\/\/abaa.mx\/tienda\/","logo":{"@type":"ImageObject","inLanguage":"es","@id":"https:\/\/abaa.mx\/tienda\/#\/schema\/logo\/image\/","url":"https:\/\/abaa.mx\/tienda\/wp-content\/uploads\/2024\/01\/abaa-metrologia-tienda.png","contentUrl":"https:\/\/abaa.mx\/tienda\/wp-content\/uploads\/2024\/01\/abaa-metrologia-tienda.png","width":300,"height":141,"caption":"Abaa tienda online"},"image":{"@id":"https:\/\/abaa.mx\/tienda\/#\/schema\/logo\/image\/"}}]}},"_links":{"self":[{"href":"https:\/\/abaa.mx\/tienda\/wp-json\/wp\/v2\/product\/8782","targetHints":{"allow":["GET"]}}],"collection":[{"href":"https:\/\/abaa.mx\/tienda\/wp-json\/wp\/v2\/product"}],"about":[{"href":"https:\/\/abaa.mx\/tienda\/wp-json\/wp\/v2\/types\/product"}],"replies":[{"embeddable":true,"href":"https:\/\/abaa.mx\/tienda\/wp-json\/wp\/v2\/comments?post=8782"}],"wp:featuredmedia":[{"embeddable":true,"href":"https:\/\/abaa.mx\/tienda\/wp-json\/wp\/v2\/media\/8783"}],"wp:attachment":[{"href":"https:\/\/abaa.mx\/tienda\/wp-json\/wp\/v2\/media?parent=8782"}],"wp:term":[{"taxonomy":"product_brand","embeddable":true,"href":"https:\/\/abaa.mx\/tienda\/wp-json\/wp\/v2\/product_brand?post=8782"},{"taxonomy":"product_cat","embeddable":true,"href":"https:\/\/abaa.mx\/tienda\/wp-json\/wp\/v2\/product_cat?post=8782"},{"taxonomy":"product_tag","embeddable":true,"href":"https:\/\/abaa.mx\/tienda\/wp-json\/wp\/v2\/product_tag?post=8782"}],"curies":[{"name":"wp","href":"https:\/\/api.w.org\/{rel}","templated":true}]}}