{"id":8777,"date":"2023-11-10T20:29:38","date_gmt":"2023-11-10T20:29:38","guid":{"rendered":"https:\/\/abaa.mx\/tienda\/?post_type=product&#038;p=8777"},"modified":"2023-11-10T20:30:52","modified_gmt":"2023-11-10T20:30:52","slug":"probador-de-alta-potencia-5kv-cs2672cx","status":"publish","type":"product","link":"https:\/\/abaa.mx\/tienda\/probador-de-alta-potencia-5kv-cs2672cx\/","title":{"rendered":"Probador de Alta Potencia 5kV &#8211; CS2672CX"},"content":{"rendered":"<p>Probador de Alta Potencia 5kV &#8211; CS2672CX.<\/p>\n","protected":false},"excerpt":{"rendered":"<p>Aplicaciones : El instrumento puede ser \u00fatil para m\u00faltiples prop\u00f3sitos, por servirnos de un ejemplo : prueba de voltaje residual y fuga de corriente de capacitor, voltaje inverso y fuga de corriente inversa de transistor y varillas de silicio de prominente voltaje.<\/p>\n<p>Caracter\u00edsticas : Medici\u00f3n de precisi\u00f3n con ajuste contin\u00fao de corriente de fuga y tiempo de prueba en alto voltaje con baja corriente. Despliega en pantalla m\u00faltiples pruebas simult\u00e1neamente (tiempo, voltaje y corriente). Puedes entablar una alarma visual y auditiva con el sistema de descalificaci\u00f3n. Cuenta con pruebas manuales y de control a distancia ; as\u00ed como protecci\u00f3n de interrupci\u00f3n de Hi-pot.<\/p>\n<p>Medici\u00f3n de precisi\u00f3n con ajuste contin\u00fao de corriente de fuga y tiempo de prueba en prominente voltaje con baja corriente.<\/p>\n<p>&nbsp;<\/p>\n<p><b>Especificaciones:<\/b><\/p>\n<ul>\n<li>Rango:0-10KV CA\/CD, 0-00 a 10.00 A.<\/li>\n<li>Precisi\u00f3n: +\/- 5% + 5 cuentas.<\/li>\n<li>Condiciones de Operaci\u00f3n:20% a 70 % HR, 5 a 45 \u00baC.<\/li>\n<li>Unidades de medici\u00f3n: KV, mA.<\/li>\n<li>Dimensiones y peso: 375 x 190 x 280 mm.<\/li>\n<li>Contenido de la Caja: Hi-Pot, Sonda remota tipo F, Cable con caim\u00e1n Rojo. tipo F, Cable con caim\u00e1n Negro tipo F, Cable de alimentacion de corriente.<\/li>\n<\/ul>\n","protected":false},"featured_media":8780,"comment_status":"open","ping_status":"closed","template":"","meta":{"_joinchat":[]},"product_brand":[],"product_cat":[123],"product_tag":[],"class_list":{"0":"post-8777","1":"product","2":"type-product","3":"status-publish","4":"has-post-thumbnail","6":"product_cat-probadores-de-alta-potencia","8":"first","9":"instock","10":"shipping-taxable","11":"product-type-simple"},"yoast_head":"<!-- This site is optimized with the Yoast SEO plugin v26.4 - https:\/\/yoast.com\/wordpress\/plugins\/seo\/ -->\n<title>Probador de Alta Potencia 5kV - CS2672CX - Abaa tienda online<\/title>\n<meta name=\"robots\" content=\"index, follow, max-snippet:-1, max-image-preview:large, max-video-preview:-1\" \/>\n<link rel=\"canonical\" href=\"https:\/\/abaa.mx\/tienda\/probador-de-alta-potencia-5kv-cs2672cx\/\" \/>\n<meta property=\"og:locale\" content=\"es_MX\" \/>\n<meta property=\"og:type\" content=\"article\" \/>\n<meta property=\"og:title\" content=\"Probador de Alta Potencia 5kV - CS2672CX - Abaa tienda online\" \/>\n<meta property=\"og:description\" content=\"Aplicaciones : El instrumento puede ser \u00fatil para m\u00faltiples prop\u00f3sitos, por servirnos de un ejemplo : prueba de voltaje residual y fuga de corriente de capacitor, voltaje inverso y fuga de corriente inversa de transistor y varillas de silicio de prominente voltaje.  Caracter\u00edsticas : Medici\u00f3n de precisi\u00f3n con ajuste contin\u00fao de corriente de fuga y tiempo de prueba en alto voltaje con baja corriente. Despliega en pantalla m\u00faltiples pruebas simult\u00e1neamente (tiempo, voltaje y corriente). Puedes entablar una alarma visual y auditiva con el sistema de descalificaci\u00f3n. Cuenta con pruebas manuales y de control a distancia ; as\u00ed como protecci\u00f3n de interrupci\u00f3n de Hi-pot.  Medici\u00f3n de precisi\u00f3n con ajuste contin\u00fao de corriente de fuga y tiempo de prueba en prominente voltaje con baja corriente.  &nbsp;  Especificaciones:   Rango:0-10KV CA\/CD, 0-00 a 10.00 A.  Precisi\u00f3n: +\/- 5% + 5 cuentas.  Condiciones de Operaci\u00f3n:20% a 70 % HR, 5 a 45 \u00baC.  Unidades de medici\u00f3n: KV, mA.  Dimensiones y peso: 375 x 190 x 280 mm.  Contenido de la Caja: Hi-Pot, Sonda remota tipo F, Cable con caim\u00e1n Rojo. tipo F, Cable con caim\u00e1n Negro tipo F, Cable de alimentacion de corriente.\" \/>\n<meta property=\"og:url\" content=\"https:\/\/abaa.mx\/tienda\/probador-de-alta-potencia-5kv-cs2672cx\/\" \/>\n<meta property=\"og:site_name\" content=\"Abaa tienda online\" \/>\n<meta property=\"article:modified_time\" content=\"2023-11-10T20:30:52+00:00\" \/>\n<meta property=\"og:image\" content=\"https:\/\/abaa.mx\/tienda\/wp-content\/uploads\/2023\/11\/ALLWIN-CS2672CX.jpg\" \/>\n\t<meta property=\"og:image:width\" content=\"594\" \/>\n\t<meta property=\"og:image:height\" content=\"421\" \/>\n\t<meta property=\"og:image:type\" content=\"image\/jpeg\" \/>\n<meta name=\"twitter:card\" content=\"summary_large_image\" \/>\n<meta name=\"twitter:label1\" content=\"Tiempo de lectura\" \/>\n\t<meta name=\"twitter:data1\" content=\"1 minuto\" \/>\n<script type=\"application\/ld+json\" class=\"yoast-schema-graph\">{\"@context\":\"https:\/\/schema.org\",\"@graph\":[{\"@type\":\"WebPage\",\"@id\":\"https:\/\/abaa.mx\/tienda\/probador-de-alta-potencia-5kv-cs2672cx\/\",\"url\":\"https:\/\/abaa.mx\/tienda\/probador-de-alta-potencia-5kv-cs2672cx\/\",\"name\":\"Probador de Alta Potencia 5kV - CS2672CX - Abaa tienda online\",\"isPartOf\":{\"@id\":\"https:\/\/abaa.mx\/tienda\/#website\"},\"primaryImageOfPage\":{\"@id\":\"https:\/\/abaa.mx\/tienda\/probador-de-alta-potencia-5kv-cs2672cx\/#primaryimage\"},\"image\":{\"@id\":\"https:\/\/abaa.mx\/tienda\/probador-de-alta-potencia-5kv-cs2672cx\/#primaryimage\"},\"thumbnailUrl\":\"https:\/\/abaa.mx\/tienda\/wp-content\/uploads\/2023\/11\/ALLWIN-CS2672CX.jpg\",\"datePublished\":\"2023-11-10T20:29:38+00:00\",\"dateModified\":\"2023-11-10T20:30:52+00:00\",\"breadcrumb\":{\"@id\":\"https:\/\/abaa.mx\/tienda\/probador-de-alta-potencia-5kv-cs2672cx\/#breadcrumb\"},\"inLanguage\":\"es\",\"potentialAction\":[{\"@type\":\"ReadAction\",\"target\":[\"https:\/\/abaa.mx\/tienda\/probador-de-alta-potencia-5kv-cs2672cx\/\"]}]},{\"@type\":\"ImageObject\",\"inLanguage\":\"es\",\"@id\":\"https:\/\/abaa.mx\/tienda\/probador-de-alta-potencia-5kv-cs2672cx\/#primaryimage\",\"url\":\"https:\/\/abaa.mx\/tienda\/wp-content\/uploads\/2023\/11\/ALLWIN-CS2672CX.jpg\",\"contentUrl\":\"https:\/\/abaa.mx\/tienda\/wp-content\/uploads\/2023\/11\/ALLWIN-CS2672CX.jpg\",\"width\":594,\"height\":421,\"caption\":\"ALLWIN-CS2672CX\"},{\"@type\":\"BreadcrumbList\",\"@id\":\"https:\/\/abaa.mx\/tienda\/probador-de-alta-potencia-5kv-cs2672cx\/#breadcrumb\",\"itemListElement\":[{\"@type\":\"ListItem\",\"position\":1,\"name\":\"Inicio\",\"item\":\"https:\/\/abaa.mx\/tienda\/\"},{\"@type\":\"ListItem\",\"position\":2,\"name\":\"Tienda\",\"item\":\"https:\/\/abaa.mx\/tienda\/\"},{\"@type\":\"ListItem\",\"position\":3,\"name\":\"Probador de Alta Potencia 5kV &#8211; CS2672CX\"}]},{\"@type\":\"WebSite\",\"@id\":\"https:\/\/abaa.mx\/tienda\/#website\",\"url\":\"https:\/\/abaa.mx\/tienda\/\",\"name\":\"Abaa tienda online\",\"description\":\"Instrumentos de medici\u00f3n\",\"publisher\":{\"@id\":\"https:\/\/abaa.mx\/tienda\/#organization\"},\"potentialAction\":[{\"@type\":\"SearchAction\",\"target\":{\"@type\":\"EntryPoint\",\"urlTemplate\":\"https:\/\/abaa.mx\/tienda\/?s={search_term_string}\"},\"query-input\":{\"@type\":\"PropertyValueSpecification\",\"valueRequired\":true,\"valueName\":\"search_term_string\"}}],\"inLanguage\":\"es\"},{\"@type\":\"Organization\",\"@id\":\"https:\/\/abaa.mx\/tienda\/#organization\",\"name\":\"Abaa tienda online\",\"url\":\"https:\/\/abaa.mx\/tienda\/\",\"logo\":{\"@type\":\"ImageObject\",\"inLanguage\":\"es\",\"@id\":\"https:\/\/abaa.mx\/tienda\/#\/schema\/logo\/image\/\",\"url\":\"https:\/\/abaa.mx\/tienda\/wp-content\/uploads\/2024\/01\/abaa-metrologia-tienda.png\",\"contentUrl\":\"https:\/\/abaa.mx\/tienda\/wp-content\/uploads\/2024\/01\/abaa-metrologia-tienda.png\",\"width\":300,\"height\":141,\"caption\":\"Abaa tienda online\"},\"image\":{\"@id\":\"https:\/\/abaa.mx\/tienda\/#\/schema\/logo\/image\/\"}}]}<\/script>\n<!-- \/ Yoast SEO plugin. -->","yoast_head_json":{"title":"Probador de Alta Potencia 5kV - CS2672CX - Abaa tienda online","robots":{"index":"index","follow":"follow","max-snippet":"max-snippet:-1","max-image-preview":"max-image-preview:large","max-video-preview":"max-video-preview:-1"},"canonical":"https:\/\/abaa.mx\/tienda\/probador-de-alta-potencia-5kv-cs2672cx\/","og_locale":"es_MX","og_type":"article","og_title":"Probador de Alta Potencia 5kV - CS2672CX - Abaa tienda online","og_description":"Aplicaciones : El instrumento puede ser \u00fatil para m\u00faltiples prop\u00f3sitos, por servirnos de un ejemplo : prueba de voltaje residual y fuga de corriente de capacitor, voltaje inverso y fuga de corriente inversa de transistor y varillas de silicio de prominente voltaje.  Caracter\u00edsticas : Medici\u00f3n de precisi\u00f3n con ajuste contin\u00fao de corriente de fuga y tiempo de prueba en alto voltaje con baja corriente. Despliega en pantalla m\u00faltiples pruebas simult\u00e1neamente (tiempo, voltaje y corriente). Puedes entablar una alarma visual y auditiva con el sistema de descalificaci\u00f3n. Cuenta con pruebas manuales y de control a distancia ; as\u00ed como protecci\u00f3n de interrupci\u00f3n de Hi-pot.  Medici\u00f3n de precisi\u00f3n con ajuste contin\u00fao de corriente de fuga y tiempo de prueba en prominente voltaje con baja corriente.  &nbsp;  Especificaciones:   Rango:0-10KV CA\/CD, 0-00 a 10.00 A.  Precisi\u00f3n: +\/- 5% + 5 cuentas.  Condiciones de Operaci\u00f3n:20% a 70 % HR, 5 a 45 \u00baC.  Unidades de medici\u00f3n: KV, mA.  Dimensiones y peso: 375 x 190 x 280 mm.  Contenido de la Caja: Hi-Pot, Sonda remota tipo F, Cable con caim\u00e1n Rojo. tipo F, Cable con caim\u00e1n Negro tipo F, Cable de alimentacion de corriente.","og_url":"https:\/\/abaa.mx\/tienda\/probador-de-alta-potencia-5kv-cs2672cx\/","og_site_name":"Abaa tienda online","article_modified_time":"2023-11-10T20:30:52+00:00","og_image":[{"width":594,"height":421,"url":"https:\/\/abaa.mx\/tienda\/wp-content\/uploads\/2023\/11\/ALLWIN-CS2672CX.jpg","type":"image\/jpeg"}],"twitter_card":"summary_large_image","twitter_misc":{"Tiempo de lectura":"1 minuto"},"schema":{"@context":"https:\/\/schema.org","@graph":[{"@type":"WebPage","@id":"https:\/\/abaa.mx\/tienda\/probador-de-alta-potencia-5kv-cs2672cx\/","url":"https:\/\/abaa.mx\/tienda\/probador-de-alta-potencia-5kv-cs2672cx\/","name":"Probador de Alta Potencia 5kV - CS2672CX - Abaa tienda online","isPartOf":{"@id":"https:\/\/abaa.mx\/tienda\/#website"},"primaryImageOfPage":{"@id":"https:\/\/abaa.mx\/tienda\/probador-de-alta-potencia-5kv-cs2672cx\/#primaryimage"},"image":{"@id":"https:\/\/abaa.mx\/tienda\/probador-de-alta-potencia-5kv-cs2672cx\/#primaryimage"},"thumbnailUrl":"https:\/\/abaa.mx\/tienda\/wp-content\/uploads\/2023\/11\/ALLWIN-CS2672CX.jpg","datePublished":"2023-11-10T20:29:38+00:00","dateModified":"2023-11-10T20:30:52+00:00","breadcrumb":{"@id":"https:\/\/abaa.mx\/tienda\/probador-de-alta-potencia-5kv-cs2672cx\/#breadcrumb"},"inLanguage":"es","potentialAction":[{"@type":"ReadAction","target":["https:\/\/abaa.mx\/tienda\/probador-de-alta-potencia-5kv-cs2672cx\/"]}]},{"@type":"ImageObject","inLanguage":"es","@id":"https:\/\/abaa.mx\/tienda\/probador-de-alta-potencia-5kv-cs2672cx\/#primaryimage","url":"https:\/\/abaa.mx\/tienda\/wp-content\/uploads\/2023\/11\/ALLWIN-CS2672CX.jpg","contentUrl":"https:\/\/abaa.mx\/tienda\/wp-content\/uploads\/2023\/11\/ALLWIN-CS2672CX.jpg","width":594,"height":421,"caption":"ALLWIN-CS2672CX"},{"@type":"BreadcrumbList","@id":"https:\/\/abaa.mx\/tienda\/probador-de-alta-potencia-5kv-cs2672cx\/#breadcrumb","itemListElement":[{"@type":"ListItem","position":1,"name":"Inicio","item":"https:\/\/abaa.mx\/tienda\/"},{"@type":"ListItem","position":2,"name":"Tienda","item":"https:\/\/abaa.mx\/tienda\/"},{"@type":"ListItem","position":3,"name":"Probador de Alta Potencia 5kV &#8211; CS2672CX"}]},{"@type":"WebSite","@id":"https:\/\/abaa.mx\/tienda\/#website","url":"https:\/\/abaa.mx\/tienda\/","name":"Abaa tienda online","description":"Instrumentos de medici\u00f3n","publisher":{"@id":"https:\/\/abaa.mx\/tienda\/#organization"},"potentialAction":[{"@type":"SearchAction","target":{"@type":"EntryPoint","urlTemplate":"https:\/\/abaa.mx\/tienda\/?s={search_term_string}"},"query-input":{"@type":"PropertyValueSpecification","valueRequired":true,"valueName":"search_term_string"}}],"inLanguage":"es"},{"@type":"Organization","@id":"https:\/\/abaa.mx\/tienda\/#organization","name":"Abaa tienda online","url":"https:\/\/abaa.mx\/tienda\/","logo":{"@type":"ImageObject","inLanguage":"es","@id":"https:\/\/abaa.mx\/tienda\/#\/schema\/logo\/image\/","url":"https:\/\/abaa.mx\/tienda\/wp-content\/uploads\/2024\/01\/abaa-metrologia-tienda.png","contentUrl":"https:\/\/abaa.mx\/tienda\/wp-content\/uploads\/2024\/01\/abaa-metrologia-tienda.png","width":300,"height":141,"caption":"Abaa tienda online"},"image":{"@id":"https:\/\/abaa.mx\/tienda\/#\/schema\/logo\/image\/"}}]}},"_links":{"self":[{"href":"https:\/\/abaa.mx\/tienda\/wp-json\/wp\/v2\/product\/8777","targetHints":{"allow":["GET"]}}],"collection":[{"href":"https:\/\/abaa.mx\/tienda\/wp-json\/wp\/v2\/product"}],"about":[{"href":"https:\/\/abaa.mx\/tienda\/wp-json\/wp\/v2\/types\/product"}],"replies":[{"embeddable":true,"href":"https:\/\/abaa.mx\/tienda\/wp-json\/wp\/v2\/comments?post=8777"}],"wp:featuredmedia":[{"embeddable":true,"href":"https:\/\/abaa.mx\/tienda\/wp-json\/wp\/v2\/media\/8780"}],"wp:attachment":[{"href":"https:\/\/abaa.mx\/tienda\/wp-json\/wp\/v2\/media?parent=8777"}],"wp:term":[{"taxonomy":"product_brand","embeddable":true,"href":"https:\/\/abaa.mx\/tienda\/wp-json\/wp\/v2\/product_brand?post=8777"},{"taxonomy":"product_cat","embeddable":true,"href":"https:\/\/abaa.mx\/tienda\/wp-json\/wp\/v2\/product_cat?post=8777"},{"taxonomy":"product_tag","embeddable":true,"href":"https:\/\/abaa.mx\/tienda\/wp-json\/wp\/v2\/product_tag?post=8777"}],"curies":[{"name":"wp","href":"https:\/\/api.w.org\/{rel}","templated":true}]}}