{"id":8767,"date":"2023-11-10T20:02:32","date_gmt":"2023-11-10T20:02:32","guid":{"rendered":"https:\/\/abaa.mx\/tienda\/?post_type=product&#038;p=8767"},"modified":"2023-11-10T20:02:33","modified_gmt":"2023-11-10T20:02:33","slug":"medidor-industrial-de-ph-orp-temperatura-phg-1901-2","status":"publish","type":"product","link":"https:\/\/abaa.mx\/tienda\/medidor-industrial-de-ph-orp-temperatura-phg-1901-2\/","title":{"rendered":"Medidor industrial de pH-ORP-Temperatura, pHG-1901"},"content":{"rendered":"<p>Medidor industrial de pH-ORP-Temperatura, pHG-1901.<\/p>\n","protected":false},"excerpt":{"rendered":"<p>El medidor de pH industrial on-line PHG-1901 es un medidor de precisi\u00f3n para medir el valor de pH de la soluci\u00f3n. Con funciones completas , rendimiento estable , operaci\u00f3n f\u00e1cil y otras virtudes , son instrumentos \u00f3ptimos para la medici\u00f3n industrial y el control del valor de PH. Se tienen la posibilidad de emplear varios electrodos de pH en el medidor de pH industrial on line pHG-1901.<\/p>\n<ul>\n<li>Rango de medici\u00f3n:0 ~ 14.00pH, Resoluci\u00f3n: 0.01pH.<\/li>\n<li>Interfaz de control:Contacto de salida de rel\u00e9 ON \/ OFF.<\/li>\n<li>Fuente de alimentaci\u00f3n:AC220V \u00b1 22V, 50Hz \u00b1 1Hz.<\/li>\n<li>Interfaz de comunicaci\u00f3n:RS485 (opcional).<\/li>\n<li>Senal de salida:Salida de protecci\u00f3n aislada de 4-20 mA, salida de corriente dual.<\/li>\n<li>Compensaci\u00f3n manual de temperatura:0 ~ 80?(pH).<\/li>\n<li>Resistencia de aislamiento:?20M.<\/li>\n<li>Compensaci\u00f3n autom\u00e1tica de temperatura:0 ~ 100?(pH).<\/li>\n<li>Estabilidad:?0.05pH \/ 24h.<\/li>\n<li>Retraso del rel\u00e9:Ajustable.<\/li>\n<li>Carga de rel\u00e9:M\u00e1ximo 240 V 5A; M\u00e1ximo l l5V 10\u00aa.<\/li>\n<li>Precisi\u00f3n:0.05pH, \u00b1 0.3?.<\/li>\n<li>Carga de salida actual:Max.750?.<\/li>\n<li>Condiciones de trabajo:Temperatura ambiente: 0 ~ 60?, humedad relativa del aire: ?90%<\/li>\n<li>Peso:0.6kg.<\/li>\n<li>Dimensi\u00f3n total:96 (largo) x96 (ancho) x110 (profundidad) mm; dimensi\u00f3n del agujero: 92x92mm.<\/li>\n<\/ul>\n","protected":false},"featured_media":8773,"comment_status":"open","ping_status":"closed","template":"","meta":{"_joinchat":[]},"product_brand":[],"product_cat":[122],"product_tag":[],"class_list":{"0":"post-8767","1":"product","2":"type-product","3":"status-publish","4":"has-post-thumbnail","6":"product_cat-phimetros","8":"first","9":"instock","10":"shipping-taxable","11":"product-type-simple"},"yoast_head":"<!-- This site is optimized with the Yoast SEO plugin v26.4 - https:\/\/yoast.com\/wordpress\/plugins\/seo\/ -->\n<title>Medidor industrial de pH-ORP-Temperatura, pHG-1901 - Abaa tienda online<\/title>\n<meta name=\"robots\" content=\"index, follow, max-snippet:-1, max-image-preview:large, max-video-preview:-1\" \/>\n<link rel=\"canonical\" href=\"https:\/\/abaa.mx\/tienda\/medidor-industrial-de-ph-orp-temperatura-phg-1901-2\/\" \/>\n<meta property=\"og:locale\" content=\"es_MX\" \/>\n<meta property=\"og:type\" content=\"article\" \/>\n<meta property=\"og:title\" content=\"Medidor industrial de pH-ORP-Temperatura, pHG-1901 - Abaa tienda online\" \/>\n<meta property=\"og:description\" content=\"El medidor de pH industrial on-line PHG-1901 es un medidor de precisi\u00f3n para medir el valor de pH de la soluci\u00f3n. Con funciones completas , rendimiento estable , operaci\u00f3n f\u00e1cil y otras virtudes , son instrumentos \u00f3ptimos para la medici\u00f3n industrial y el control del valor de PH. Se tienen la posibilidad de emplear varios electrodos de pH en el medidor de pH industrial on line pHG-1901.   Rango de medici\u00f3n:0 ~ 14.00pH, Resoluci\u00f3n: 0.01pH.  Interfaz de control:Contacto de salida de rel\u00e9 ON \/ OFF.  Fuente de alimentaci\u00f3n:AC220V \u00b1 22V, 50Hz \u00b1 1Hz.  Interfaz de comunicaci\u00f3n:RS485 (opcional).  Senal de salida:Salida de protecci\u00f3n aislada de 4-20 mA, salida de corriente dual.  Compensaci\u00f3n manual de temperatura:0 ~ 80?(pH).  Resistencia de aislamiento:?20M.  Compensaci\u00f3n autom\u00e1tica de temperatura:0 ~ 100?(pH).  Estabilidad:?0.05pH \/ 24h.  Retraso del rel\u00e9:Ajustable.  Carga de rel\u00e9:M\u00e1ximo 240 V 5A; M\u00e1ximo l l5V 10\u00aa.  Precisi\u00f3n:0.05pH, \u00b1 0.3?.  Carga de salida actual:Max.750?.  Condiciones de trabajo:Temperatura ambiente: 0 ~ 60?, humedad relativa del aire: ?90%  Peso:0.6kg.  Dimensi\u00f3n total:96 (largo) x96 (ancho) x110 (profundidad) mm; dimensi\u00f3n del agujero: 92x92mm.\" \/>\n<meta property=\"og:url\" content=\"https:\/\/abaa.mx\/tienda\/medidor-industrial-de-ph-orp-temperatura-phg-1901-2\/\" \/>\n<meta property=\"og:site_name\" content=\"Abaa tienda online\" \/>\n<meta property=\"article:modified_time\" content=\"2023-11-10T20:02:33+00:00\" \/>\n<meta property=\"og:image\" content=\"https:\/\/abaa.mx\/tienda\/wp-content\/uploads\/2023\/11\/PH-METER-PHG-1901.jpg\" \/>\n\t<meta property=\"og:image:width\" content=\"453\" \/>\n\t<meta property=\"og:image:height\" content=\"435\" \/>\n\t<meta property=\"og:image:type\" content=\"image\/jpeg\" \/>\n<meta name=\"twitter:card\" content=\"summary_large_image\" \/>\n<meta name=\"twitter:label1\" content=\"Tiempo de lectura\" \/>\n\t<meta name=\"twitter:data1\" content=\"1 minuto\" \/>\n<script type=\"application\/ld+json\" class=\"yoast-schema-graph\">{\"@context\":\"https:\/\/schema.org\",\"@graph\":[{\"@type\":\"WebPage\",\"@id\":\"https:\/\/abaa.mx\/tienda\/medidor-industrial-de-ph-orp-temperatura-phg-1901-2\/\",\"url\":\"https:\/\/abaa.mx\/tienda\/medidor-industrial-de-ph-orp-temperatura-phg-1901-2\/\",\"name\":\"Medidor industrial de pH-ORP-Temperatura, pHG-1901 - Abaa tienda online\",\"isPartOf\":{\"@id\":\"https:\/\/abaa.mx\/tienda\/#website\"},\"primaryImageOfPage\":{\"@id\":\"https:\/\/abaa.mx\/tienda\/medidor-industrial-de-ph-orp-temperatura-phg-1901-2\/#primaryimage\"},\"image\":{\"@id\":\"https:\/\/abaa.mx\/tienda\/medidor-industrial-de-ph-orp-temperatura-phg-1901-2\/#primaryimage\"},\"thumbnailUrl\":\"https:\/\/abaa.mx\/tienda\/wp-content\/uploads\/2023\/11\/PH-METER-PHG-1901.jpg\",\"datePublished\":\"2023-11-10T20:02:32+00:00\",\"dateModified\":\"2023-11-10T20:02:33+00:00\",\"breadcrumb\":{\"@id\":\"https:\/\/abaa.mx\/tienda\/medidor-industrial-de-ph-orp-temperatura-phg-1901-2\/#breadcrumb\"},\"inLanguage\":\"es\",\"potentialAction\":[{\"@type\":\"ReadAction\",\"target\":[\"https:\/\/abaa.mx\/tienda\/medidor-industrial-de-ph-orp-temperatura-phg-1901-2\/\"]}]},{\"@type\":\"ImageObject\",\"inLanguage\":\"es\",\"@id\":\"https:\/\/abaa.mx\/tienda\/medidor-industrial-de-ph-orp-temperatura-phg-1901-2\/#primaryimage\",\"url\":\"https:\/\/abaa.mx\/tienda\/wp-content\/uploads\/2023\/11\/PH-METER-PHG-1901.jpg\",\"contentUrl\":\"https:\/\/abaa.mx\/tienda\/wp-content\/uploads\/2023\/11\/PH-METER-PHG-1901.jpg\",\"width\":453,\"height\":435,\"caption\":\"PH METER PHG-1901\"},{\"@type\":\"BreadcrumbList\",\"@id\":\"https:\/\/abaa.mx\/tienda\/medidor-industrial-de-ph-orp-temperatura-phg-1901-2\/#breadcrumb\",\"itemListElement\":[{\"@type\":\"ListItem\",\"position\":1,\"name\":\"Inicio\",\"item\":\"https:\/\/abaa.mx\/tienda\/\"},{\"@type\":\"ListItem\",\"position\":2,\"name\":\"Tienda\",\"item\":\"https:\/\/abaa.mx\/tienda\/\"},{\"@type\":\"ListItem\",\"position\":3,\"name\":\"Medidor industrial de pH-ORP-Temperatura, pHG-1901\"}]},{\"@type\":\"WebSite\",\"@id\":\"https:\/\/abaa.mx\/tienda\/#website\",\"url\":\"https:\/\/abaa.mx\/tienda\/\",\"name\":\"Abaa tienda online\",\"description\":\"Instrumentos de medici\u00f3n\",\"publisher\":{\"@id\":\"https:\/\/abaa.mx\/tienda\/#organization\"},\"potentialAction\":[{\"@type\":\"SearchAction\",\"target\":{\"@type\":\"EntryPoint\",\"urlTemplate\":\"https:\/\/abaa.mx\/tienda\/?s={search_term_string}\"},\"query-input\":{\"@type\":\"PropertyValueSpecification\",\"valueRequired\":true,\"valueName\":\"search_term_string\"}}],\"inLanguage\":\"es\"},{\"@type\":\"Organization\",\"@id\":\"https:\/\/abaa.mx\/tienda\/#organization\",\"name\":\"Abaa tienda online\",\"url\":\"https:\/\/abaa.mx\/tienda\/\",\"logo\":{\"@type\":\"ImageObject\",\"inLanguage\":\"es\",\"@id\":\"https:\/\/abaa.mx\/tienda\/#\/schema\/logo\/image\/\",\"url\":\"https:\/\/abaa.mx\/tienda\/wp-content\/uploads\/2024\/01\/abaa-metrologia-tienda.png\",\"contentUrl\":\"https:\/\/abaa.mx\/tienda\/wp-content\/uploads\/2024\/01\/abaa-metrologia-tienda.png\",\"width\":300,\"height\":141,\"caption\":\"Abaa tienda online\"},\"image\":{\"@id\":\"https:\/\/abaa.mx\/tienda\/#\/schema\/logo\/image\/\"}}]}<\/script>\n<!-- \/ Yoast SEO plugin. -->","yoast_head_json":{"title":"Medidor industrial de pH-ORP-Temperatura, pHG-1901 - Abaa tienda online","robots":{"index":"index","follow":"follow","max-snippet":"max-snippet:-1","max-image-preview":"max-image-preview:large","max-video-preview":"max-video-preview:-1"},"canonical":"https:\/\/abaa.mx\/tienda\/medidor-industrial-de-ph-orp-temperatura-phg-1901-2\/","og_locale":"es_MX","og_type":"article","og_title":"Medidor industrial de pH-ORP-Temperatura, pHG-1901 - Abaa tienda online","og_description":"El medidor de pH industrial on-line PHG-1901 es un medidor de precisi\u00f3n para medir el valor de pH de la soluci\u00f3n. Con funciones completas , rendimiento estable , operaci\u00f3n f\u00e1cil y otras virtudes , son instrumentos \u00f3ptimos para la medici\u00f3n industrial y el control del valor de PH. Se tienen la posibilidad de emplear varios electrodos de pH en el medidor de pH industrial on line pHG-1901.   Rango de medici\u00f3n:0 ~ 14.00pH, Resoluci\u00f3n: 0.01pH.  Interfaz de control:Contacto de salida de rel\u00e9 ON \/ OFF.  Fuente de alimentaci\u00f3n:AC220V \u00b1 22V, 50Hz \u00b1 1Hz.  Interfaz de comunicaci\u00f3n:RS485 (opcional).  Senal de salida:Salida de protecci\u00f3n aislada de 4-20 mA, salida de corriente dual.  Compensaci\u00f3n manual de temperatura:0 ~ 80?(pH).  Resistencia de aislamiento:?20M.  Compensaci\u00f3n autom\u00e1tica de temperatura:0 ~ 100?(pH).  Estabilidad:?0.05pH \/ 24h.  Retraso del rel\u00e9:Ajustable.  Carga de rel\u00e9:M\u00e1ximo 240 V 5A; M\u00e1ximo l l5V 10\u00aa.  Precisi\u00f3n:0.05pH, \u00b1 0.3?.  Carga de salida actual:Max.750?.  Condiciones de trabajo:Temperatura ambiente: 0 ~ 60?, humedad relativa del aire: ?90%  Peso:0.6kg.  Dimensi\u00f3n total:96 (largo) x96 (ancho) x110 (profundidad) mm; dimensi\u00f3n del agujero: 92x92mm.","og_url":"https:\/\/abaa.mx\/tienda\/medidor-industrial-de-ph-orp-temperatura-phg-1901-2\/","og_site_name":"Abaa tienda online","article_modified_time":"2023-11-10T20:02:33+00:00","og_image":[{"width":453,"height":435,"url":"https:\/\/abaa.mx\/tienda\/wp-content\/uploads\/2023\/11\/PH-METER-PHG-1901.jpg","type":"image\/jpeg"}],"twitter_card":"summary_large_image","twitter_misc":{"Tiempo de lectura":"1 minuto"},"schema":{"@context":"https:\/\/schema.org","@graph":[{"@type":"WebPage","@id":"https:\/\/abaa.mx\/tienda\/medidor-industrial-de-ph-orp-temperatura-phg-1901-2\/","url":"https:\/\/abaa.mx\/tienda\/medidor-industrial-de-ph-orp-temperatura-phg-1901-2\/","name":"Medidor industrial de pH-ORP-Temperatura, pHG-1901 - Abaa tienda online","isPartOf":{"@id":"https:\/\/abaa.mx\/tienda\/#website"},"primaryImageOfPage":{"@id":"https:\/\/abaa.mx\/tienda\/medidor-industrial-de-ph-orp-temperatura-phg-1901-2\/#primaryimage"},"image":{"@id":"https:\/\/abaa.mx\/tienda\/medidor-industrial-de-ph-orp-temperatura-phg-1901-2\/#primaryimage"},"thumbnailUrl":"https:\/\/abaa.mx\/tienda\/wp-content\/uploads\/2023\/11\/PH-METER-PHG-1901.jpg","datePublished":"2023-11-10T20:02:32+00:00","dateModified":"2023-11-10T20:02:33+00:00","breadcrumb":{"@id":"https:\/\/abaa.mx\/tienda\/medidor-industrial-de-ph-orp-temperatura-phg-1901-2\/#breadcrumb"},"inLanguage":"es","potentialAction":[{"@type":"ReadAction","target":["https:\/\/abaa.mx\/tienda\/medidor-industrial-de-ph-orp-temperatura-phg-1901-2\/"]}]},{"@type":"ImageObject","inLanguage":"es","@id":"https:\/\/abaa.mx\/tienda\/medidor-industrial-de-ph-orp-temperatura-phg-1901-2\/#primaryimage","url":"https:\/\/abaa.mx\/tienda\/wp-content\/uploads\/2023\/11\/PH-METER-PHG-1901.jpg","contentUrl":"https:\/\/abaa.mx\/tienda\/wp-content\/uploads\/2023\/11\/PH-METER-PHG-1901.jpg","width":453,"height":435,"caption":"PH METER PHG-1901"},{"@type":"BreadcrumbList","@id":"https:\/\/abaa.mx\/tienda\/medidor-industrial-de-ph-orp-temperatura-phg-1901-2\/#breadcrumb","itemListElement":[{"@type":"ListItem","position":1,"name":"Inicio","item":"https:\/\/abaa.mx\/tienda\/"},{"@type":"ListItem","position":2,"name":"Tienda","item":"https:\/\/abaa.mx\/tienda\/"},{"@type":"ListItem","position":3,"name":"Medidor industrial de pH-ORP-Temperatura, pHG-1901"}]},{"@type":"WebSite","@id":"https:\/\/abaa.mx\/tienda\/#website","url":"https:\/\/abaa.mx\/tienda\/","name":"Abaa tienda online","description":"Instrumentos de medici\u00f3n","publisher":{"@id":"https:\/\/abaa.mx\/tienda\/#organization"},"potentialAction":[{"@type":"SearchAction","target":{"@type":"EntryPoint","urlTemplate":"https:\/\/abaa.mx\/tienda\/?s={search_term_string}"},"query-input":{"@type":"PropertyValueSpecification","valueRequired":true,"valueName":"search_term_string"}}],"inLanguage":"es"},{"@type":"Organization","@id":"https:\/\/abaa.mx\/tienda\/#organization","name":"Abaa tienda online","url":"https:\/\/abaa.mx\/tienda\/","logo":{"@type":"ImageObject","inLanguage":"es","@id":"https:\/\/abaa.mx\/tienda\/#\/schema\/logo\/image\/","url":"https:\/\/abaa.mx\/tienda\/wp-content\/uploads\/2024\/01\/abaa-metrologia-tienda.png","contentUrl":"https:\/\/abaa.mx\/tienda\/wp-content\/uploads\/2024\/01\/abaa-metrologia-tienda.png","width":300,"height":141,"caption":"Abaa tienda online"},"image":{"@id":"https:\/\/abaa.mx\/tienda\/#\/schema\/logo\/image\/"}}]}},"_links":{"self":[{"href":"https:\/\/abaa.mx\/tienda\/wp-json\/wp\/v2\/product\/8767","targetHints":{"allow":["GET"]}}],"collection":[{"href":"https:\/\/abaa.mx\/tienda\/wp-json\/wp\/v2\/product"}],"about":[{"href":"https:\/\/abaa.mx\/tienda\/wp-json\/wp\/v2\/types\/product"}],"replies":[{"embeddable":true,"href":"https:\/\/abaa.mx\/tienda\/wp-json\/wp\/v2\/comments?post=8767"}],"wp:featuredmedia":[{"embeddable":true,"href":"https:\/\/abaa.mx\/tienda\/wp-json\/wp\/v2\/media\/8773"}],"wp:attachment":[{"href":"https:\/\/abaa.mx\/tienda\/wp-json\/wp\/v2\/media?parent=8767"}],"wp:term":[{"taxonomy":"product_brand","embeddable":true,"href":"https:\/\/abaa.mx\/tienda\/wp-json\/wp\/v2\/product_brand?post=8767"},{"taxonomy":"product_cat","embeddable":true,"href":"https:\/\/abaa.mx\/tienda\/wp-json\/wp\/v2\/product_cat?post=8767"},{"taxonomy":"product_tag","embeddable":true,"href":"https:\/\/abaa.mx\/tienda\/wp-json\/wp\/v2\/product_tag?post=8767"}],"curies":[{"name":"wp","href":"https:\/\/api.w.org\/{rel}","templated":true}]}}