{"id":8766,"date":"2023-11-10T19:50:26","date_gmt":"2023-11-10T19:50:26","guid":{"rendered":"https:\/\/abaa.mx\/tienda\/?post_type=product&#038;p=8766"},"modified":"2023-11-10T19:50:26","modified_gmt":"2023-11-10T19:50:26","slug":"medidor-de-ph-digital-yk21ph","status":"publish","type":"product","link":"https:\/\/abaa.mx\/tienda\/medidor-de-ph-digital-yk21ph\/","title":{"rendered":"Medidor de PH digital &#8211; YK21PH"},"content":{"rendered":"<p>Medidor de PH digital &#8211; YK21PH.<\/p>\n","protected":false},"excerpt":{"rendered":"<p>Peach\u00edmetro de empleo general modelo YK21PH El aparato es b\u00e1sico para aplicaci\u00f3n diaria en el campo y necesita un electrodo de PH modelo LT-PE11 para realizar mediciones.<\/p>\n<p><strong>Caracter\u00edsticas principales :<\/strong> Alta calidad em mediciones de PH en sus diferentes apps. De simple operaci\u00f3n, de tama\u00f1o peque\u00f1o. Resistencia al agua del panel frontal. Todas las teclas est\u00e1n hechas de hule resistente.<\/p>\n<p><strong>Aplicaci\u00f3n de campo:<\/strong> Acuarios, Fotograf\u00eda, Brebajes, Laboratorios, Viveros de Peces, Academias y Institutos , Industria del Papel, Albercas, Galvanizadoras, Tratado de Aguas, Control de Calidad, Procesamiento de Alimentos.<\/p>\n<p>&nbsp;<\/p>\n","protected":false},"featured_media":8769,"comment_status":"open","ping_status":"closed","template":"","meta":{"_joinchat":[]},"product_brand":[],"product_cat":[122],"product_tag":[],"class_list":{"0":"post-8766","1":"product","2":"type-product","3":"status-publish","4":"has-post-thumbnail","6":"product_cat-phimetros","8":"first","9":"instock","10":"shipping-taxable","11":"product-type-simple"},"yoast_head":"<!-- This site is optimized with the Yoast SEO plugin v26.4 - https:\/\/yoast.com\/wordpress\/plugins\/seo\/ -->\n<title>Medidor de PH digital - YK21PH - Abaa tienda online<\/title>\n<meta name=\"robots\" content=\"index, follow, max-snippet:-1, max-image-preview:large, max-video-preview:-1\" \/>\n<link rel=\"canonical\" href=\"https:\/\/abaa.mx\/tienda\/medidor-de-ph-digital-yk21ph\/\" \/>\n<meta property=\"og:locale\" content=\"es_MX\" \/>\n<meta property=\"og:type\" content=\"article\" \/>\n<meta property=\"og:title\" content=\"Medidor de PH digital - YK21PH - Abaa tienda online\" \/>\n<meta property=\"og:description\" content=\"Peach\u00edmetro de empleo general modelo YK21PH El aparato es b\u00e1sico para aplicaci\u00f3n diaria en el campo y necesita un electrodo de PH modelo LT-PE11 para realizar mediciones.  Caracter\u00edsticas principales : Alta calidad em mediciones de PH en sus diferentes apps. De simple operaci\u00f3n, de tama\u00f1o peque\u00f1o. Resistencia al agua del panel frontal. Todas las teclas est\u00e1n hechas de hule resistente.  Aplicaci\u00f3n de campo: Acuarios, Fotograf\u00eda, Brebajes, Laboratorios, Viveros de Peces, Academias y Institutos , Industria del Papel, Albercas, Galvanizadoras, Tratado de Aguas, Control de Calidad, Procesamiento de Alimentos.  &nbsp;\" \/>\n<meta property=\"og:url\" content=\"https:\/\/abaa.mx\/tienda\/medidor-de-ph-digital-yk21ph\/\" \/>\n<meta property=\"og:site_name\" content=\"Abaa tienda online\" \/>\n<meta property=\"og:image\" content=\"https:\/\/abaa.mx\/tienda\/wp-content\/uploads\/2023\/11\/LUTRON-YK21PH.jpg\" \/>\n\t<meta property=\"og:image:width\" content=\"430\" \/>\n\t<meta property=\"og:image:height\" content=\"525\" \/>\n\t<meta property=\"og:image:type\" content=\"image\/jpeg\" \/>\n<meta name=\"twitter:card\" content=\"summary_large_image\" \/>\n<meta name=\"twitter:label1\" content=\"Tiempo de lectura\" \/>\n\t<meta name=\"twitter:data1\" content=\"1 minuto\" \/>\n<script type=\"application\/ld+json\" class=\"yoast-schema-graph\">{\"@context\":\"https:\/\/schema.org\",\"@graph\":[{\"@type\":\"WebPage\",\"@id\":\"https:\/\/abaa.mx\/tienda\/medidor-de-ph-digital-yk21ph\/\",\"url\":\"https:\/\/abaa.mx\/tienda\/medidor-de-ph-digital-yk21ph\/\",\"name\":\"Medidor de PH digital - YK21PH - Abaa tienda online\",\"isPartOf\":{\"@id\":\"https:\/\/abaa.mx\/tienda\/#website\"},\"primaryImageOfPage\":{\"@id\":\"https:\/\/abaa.mx\/tienda\/medidor-de-ph-digital-yk21ph\/#primaryimage\"},\"image\":{\"@id\":\"https:\/\/abaa.mx\/tienda\/medidor-de-ph-digital-yk21ph\/#primaryimage\"},\"thumbnailUrl\":\"https:\/\/abaa.mx\/tienda\/wp-content\/uploads\/2023\/11\/LUTRON-YK21PH.jpg\",\"datePublished\":\"2023-11-10T19:50:26+00:00\",\"breadcrumb\":{\"@id\":\"https:\/\/abaa.mx\/tienda\/medidor-de-ph-digital-yk21ph\/#breadcrumb\"},\"inLanguage\":\"es\",\"potentialAction\":[{\"@type\":\"ReadAction\",\"target\":[\"https:\/\/abaa.mx\/tienda\/medidor-de-ph-digital-yk21ph\/\"]}]},{\"@type\":\"ImageObject\",\"inLanguage\":\"es\",\"@id\":\"https:\/\/abaa.mx\/tienda\/medidor-de-ph-digital-yk21ph\/#primaryimage\",\"url\":\"https:\/\/abaa.mx\/tienda\/wp-content\/uploads\/2023\/11\/LUTRON-YK21PH.jpg\",\"contentUrl\":\"https:\/\/abaa.mx\/tienda\/wp-content\/uploads\/2023\/11\/LUTRON-YK21PH.jpg\",\"width\":430,\"height\":525,\"caption\":\"LUTRON-YK21PH\"},{\"@type\":\"BreadcrumbList\",\"@id\":\"https:\/\/abaa.mx\/tienda\/medidor-de-ph-digital-yk21ph\/#breadcrumb\",\"itemListElement\":[{\"@type\":\"ListItem\",\"position\":1,\"name\":\"Inicio\",\"item\":\"https:\/\/abaa.mx\/tienda\/\"},{\"@type\":\"ListItem\",\"position\":2,\"name\":\"Tienda\",\"item\":\"https:\/\/abaa.mx\/tienda\/\"},{\"@type\":\"ListItem\",\"position\":3,\"name\":\"Medidor de PH digital &#8211; YK21PH\"}]},{\"@type\":\"WebSite\",\"@id\":\"https:\/\/abaa.mx\/tienda\/#website\",\"url\":\"https:\/\/abaa.mx\/tienda\/\",\"name\":\"Abaa tienda online\",\"description\":\"Instrumentos de medici\u00f3n\",\"publisher\":{\"@id\":\"https:\/\/abaa.mx\/tienda\/#organization\"},\"potentialAction\":[{\"@type\":\"SearchAction\",\"target\":{\"@type\":\"EntryPoint\",\"urlTemplate\":\"https:\/\/abaa.mx\/tienda\/?s={search_term_string}\"},\"query-input\":{\"@type\":\"PropertyValueSpecification\",\"valueRequired\":true,\"valueName\":\"search_term_string\"}}],\"inLanguage\":\"es\"},{\"@type\":\"Organization\",\"@id\":\"https:\/\/abaa.mx\/tienda\/#organization\",\"name\":\"Abaa tienda online\",\"url\":\"https:\/\/abaa.mx\/tienda\/\",\"logo\":{\"@type\":\"ImageObject\",\"inLanguage\":\"es\",\"@id\":\"https:\/\/abaa.mx\/tienda\/#\/schema\/logo\/image\/\",\"url\":\"https:\/\/abaa.mx\/tienda\/wp-content\/uploads\/2024\/01\/abaa-metrologia-tienda.png\",\"contentUrl\":\"https:\/\/abaa.mx\/tienda\/wp-content\/uploads\/2024\/01\/abaa-metrologia-tienda.png\",\"width\":300,\"height\":141,\"caption\":\"Abaa tienda online\"},\"image\":{\"@id\":\"https:\/\/abaa.mx\/tienda\/#\/schema\/logo\/image\/\"}}]}<\/script>\n<!-- \/ Yoast SEO plugin. -->","yoast_head_json":{"title":"Medidor de PH digital - YK21PH - Abaa tienda online","robots":{"index":"index","follow":"follow","max-snippet":"max-snippet:-1","max-image-preview":"max-image-preview:large","max-video-preview":"max-video-preview:-1"},"canonical":"https:\/\/abaa.mx\/tienda\/medidor-de-ph-digital-yk21ph\/","og_locale":"es_MX","og_type":"article","og_title":"Medidor de PH digital - YK21PH - Abaa tienda online","og_description":"Peach\u00edmetro de empleo general modelo YK21PH El aparato es b\u00e1sico para aplicaci\u00f3n diaria en el campo y necesita un electrodo de PH modelo LT-PE11 para realizar mediciones.  Caracter\u00edsticas principales : Alta calidad em mediciones de PH en sus diferentes apps. De simple operaci\u00f3n, de tama\u00f1o peque\u00f1o. Resistencia al agua del panel frontal. Todas las teclas est\u00e1n hechas de hule resistente.  Aplicaci\u00f3n de campo: Acuarios, Fotograf\u00eda, Brebajes, Laboratorios, Viveros de Peces, Academias y Institutos , Industria del Papel, Albercas, Galvanizadoras, Tratado de Aguas, Control de Calidad, Procesamiento de Alimentos.  &nbsp;","og_url":"https:\/\/abaa.mx\/tienda\/medidor-de-ph-digital-yk21ph\/","og_site_name":"Abaa tienda online","og_image":[{"width":430,"height":525,"url":"https:\/\/abaa.mx\/tienda\/wp-content\/uploads\/2023\/11\/LUTRON-YK21PH.jpg","type":"image\/jpeg"}],"twitter_card":"summary_large_image","twitter_misc":{"Tiempo de lectura":"1 minuto"},"schema":{"@context":"https:\/\/schema.org","@graph":[{"@type":"WebPage","@id":"https:\/\/abaa.mx\/tienda\/medidor-de-ph-digital-yk21ph\/","url":"https:\/\/abaa.mx\/tienda\/medidor-de-ph-digital-yk21ph\/","name":"Medidor de PH digital - YK21PH - Abaa tienda online","isPartOf":{"@id":"https:\/\/abaa.mx\/tienda\/#website"},"primaryImageOfPage":{"@id":"https:\/\/abaa.mx\/tienda\/medidor-de-ph-digital-yk21ph\/#primaryimage"},"image":{"@id":"https:\/\/abaa.mx\/tienda\/medidor-de-ph-digital-yk21ph\/#primaryimage"},"thumbnailUrl":"https:\/\/abaa.mx\/tienda\/wp-content\/uploads\/2023\/11\/LUTRON-YK21PH.jpg","datePublished":"2023-11-10T19:50:26+00:00","breadcrumb":{"@id":"https:\/\/abaa.mx\/tienda\/medidor-de-ph-digital-yk21ph\/#breadcrumb"},"inLanguage":"es","potentialAction":[{"@type":"ReadAction","target":["https:\/\/abaa.mx\/tienda\/medidor-de-ph-digital-yk21ph\/"]}]},{"@type":"ImageObject","inLanguage":"es","@id":"https:\/\/abaa.mx\/tienda\/medidor-de-ph-digital-yk21ph\/#primaryimage","url":"https:\/\/abaa.mx\/tienda\/wp-content\/uploads\/2023\/11\/LUTRON-YK21PH.jpg","contentUrl":"https:\/\/abaa.mx\/tienda\/wp-content\/uploads\/2023\/11\/LUTRON-YK21PH.jpg","width":430,"height":525,"caption":"LUTRON-YK21PH"},{"@type":"BreadcrumbList","@id":"https:\/\/abaa.mx\/tienda\/medidor-de-ph-digital-yk21ph\/#breadcrumb","itemListElement":[{"@type":"ListItem","position":1,"name":"Inicio","item":"https:\/\/abaa.mx\/tienda\/"},{"@type":"ListItem","position":2,"name":"Tienda","item":"https:\/\/abaa.mx\/tienda\/"},{"@type":"ListItem","position":3,"name":"Medidor de PH digital &#8211; YK21PH"}]},{"@type":"WebSite","@id":"https:\/\/abaa.mx\/tienda\/#website","url":"https:\/\/abaa.mx\/tienda\/","name":"Abaa tienda online","description":"Instrumentos de medici\u00f3n","publisher":{"@id":"https:\/\/abaa.mx\/tienda\/#organization"},"potentialAction":[{"@type":"SearchAction","target":{"@type":"EntryPoint","urlTemplate":"https:\/\/abaa.mx\/tienda\/?s={search_term_string}"},"query-input":{"@type":"PropertyValueSpecification","valueRequired":true,"valueName":"search_term_string"}}],"inLanguage":"es"},{"@type":"Organization","@id":"https:\/\/abaa.mx\/tienda\/#organization","name":"Abaa tienda online","url":"https:\/\/abaa.mx\/tienda\/","logo":{"@type":"ImageObject","inLanguage":"es","@id":"https:\/\/abaa.mx\/tienda\/#\/schema\/logo\/image\/","url":"https:\/\/abaa.mx\/tienda\/wp-content\/uploads\/2024\/01\/abaa-metrologia-tienda.png","contentUrl":"https:\/\/abaa.mx\/tienda\/wp-content\/uploads\/2024\/01\/abaa-metrologia-tienda.png","width":300,"height":141,"caption":"Abaa tienda online"},"image":{"@id":"https:\/\/abaa.mx\/tienda\/#\/schema\/logo\/image\/"}}]}},"_links":{"self":[{"href":"https:\/\/abaa.mx\/tienda\/wp-json\/wp\/v2\/product\/8766","targetHints":{"allow":["GET"]}}],"collection":[{"href":"https:\/\/abaa.mx\/tienda\/wp-json\/wp\/v2\/product"}],"about":[{"href":"https:\/\/abaa.mx\/tienda\/wp-json\/wp\/v2\/types\/product"}],"replies":[{"embeddable":true,"href":"https:\/\/abaa.mx\/tienda\/wp-json\/wp\/v2\/comments?post=8766"}],"wp:featuredmedia":[{"embeddable":true,"href":"https:\/\/abaa.mx\/tienda\/wp-json\/wp\/v2\/media\/8769"}],"wp:attachment":[{"href":"https:\/\/abaa.mx\/tienda\/wp-json\/wp\/v2\/media?parent=8766"}],"wp:term":[{"taxonomy":"product_brand","embeddable":true,"href":"https:\/\/abaa.mx\/tienda\/wp-json\/wp\/v2\/product_brand?post=8766"},{"taxonomy":"product_cat","embeddable":true,"href":"https:\/\/abaa.mx\/tienda\/wp-json\/wp\/v2\/product_cat?post=8766"},{"taxonomy":"product_tag","embeddable":true,"href":"https:\/\/abaa.mx\/tienda\/wp-json\/wp\/v2\/product_tag?post=8766"}],"curies":[{"name":"wp","href":"https:\/\/api.w.org\/{rel}","templated":true}]}}