{"id":8753,"date":"2023-12-08T19:58:56","date_gmt":"2023-12-08T19:58:56","guid":{"rendered":"https:\/\/abaa.mx\/tienda\/?post_type=product&#038;p=8753"},"modified":"2023-12-11T14:23:18","modified_gmt":"2023-12-11T14:23:18","slug":"detector-de-voltaje-be15-trotec","status":"publish","type":"product","link":"https:\/\/abaa.mx\/tienda\/detector-de-voltaje-be15-trotec\/","title":{"rendered":"Detector de voltaje be15 trotec"},"content":{"rendered":"<p>Mediante m\u00e9todos de medici\u00f3n capacitivos es posible realizar el control de la tensi\u00f3n de manera r\u00e1pida, sencilla y sin contacto.<br \/>\nEn el momento en que la punta del medidor detecta tensi\u00f3n en el \u00e1rea de localizaci\u00f3n, la luz LED roja empieza a parpadear, acompa\u00f1ada por una alarma ac\u00fastica. Si no hay voltaje, la luz LED verde brillar\u00e1. Adem\u00e1s, la sensibilidad puede reducirse a hasta 24 voltios.<\/p>\n<p>&nbsp;<\/p>\n<p><strong>Ventajas pr\u00e1cticas:<\/strong><\/p>\n<ul>\n<li>Detecci\u00f3n r\u00e1pida y sin contacto de tensi\u00f3n alterna.<\/li>\n<li>Indicador LED multicolor integrado en la punta de medici\u00f3n (verde: OK, rojo: ATENCI\u00d3N! Voltaje!, Naranja (en lugar de verde): Cambio a una sensibilidad m\u00e1s alta (24 V) activa)<\/li>\n<li>Dos niveles de sensibilidad diferentes seleccionables (200\u00a0V, 24 V)<\/li>\n<li>Alarma visual y audible cuando se aplica energ\u00eda.<\/li>\n<li>Interruptor de encendido \/ apagado para desactivar por completo el dispositivo cuando no est\u00e9 en uso (modo de ahorro de energ\u00eda).<\/li>\n<li>Dise\u00f1o compacto en forma de pluma con clip de bolsillo.<\/li>\n<li>Luz LED integrada para trabajar bajo condiciones de iluminaci\u00f3n desfavorables.<\/li>\n<li>\u00d3ptima relaci\u00f3n costo-beneficio.<\/li>\n<\/ul>\n<p>&nbsp;<\/p>\n<p><strong>Detalles pr\u00e1cticos:<\/strong><\/p>\n<p>En el lado del clip del BE15, se integra una poderosa linterna LED, con la que incluso las \u00e1reas oscuras del punto de medici\u00f3n pueden iluminarse de forma \u00f3ptima.<\/p>\n<p>&nbsp;<\/p>\n<p><strong>Detalles t\u00e9cnicos del BE15:<\/strong><\/p>\n<ul>\n<li>Categor\u00eda de circuito de medici\u00f3n: CAT III 1000 V \/ CAT IV 600 V.<\/li>\n<li>Rango de medici\u00f3n UAC: 24 a 1,000 V.<\/li>\n<li>Microambiente: grado de contaminaci\u00f3n 2.<\/li>\n<li>Tipo de inspecci\u00f3n: unipolar, sin contacto.<\/li>\n<li>Indicaci\u00f3n de la tensi\u00f3n: LED.<\/li>\n<li>Funciones: pantalla de continuidad visual y ac\u00fastica, linterna integrada para medir la iluminaci\u00f3n del punto.<\/li>\n<li>Seguridad: EN 61326, EN 61010-1, EN 61010-02-033.<\/li>\n<li>Fuente de alimentaci\u00f3n: 2 x 1.5 V, IEC LR03.<\/li>\n<li>Temperatura de funcionamiento m\u00edn. 0 \u00b0 C a + 40 \u00b0 C.<\/li>\n<li>Rango de humedad m\u00e1x. 80% R.F.<\/li>\n<li>Dimensiones: 158 x 21 x 25 mm.<\/li>\n<li>Peso: 48 g (incluidas las pilas).<\/li>\n<li>Suministrado: dispositivo de medici\u00f3n, bater\u00edas, manual de funcionamiento.<\/li>\n<\/ul>\n","protected":false},"excerpt":{"rendered":"<p>El BE15 es un detector de tensi\u00f3n sin necesidad de contacto que no s\u00f3lo posibilita la localizaci\u00f3n r\u00e1pida de cortes en la l\u00ednea o cables abiertos, sino que tambi\u00e9n detecta conductores que conduzcan corriente tales como enchufes, interruptores o cables conectores.<\/p>\n","protected":false},"featured_media":9707,"comment_status":"open","ping_status":"closed","template":"","meta":{"_joinchat":[]},"product_brand":[],"product_cat":[15],"product_tag":[],"class_list":{"0":"post-8753","1":"product","2":"type-product","3":"status-publish","4":"has-post-thumbnail","6":"product_cat-sin-categorizar","8":"first","9":"instock","10":"shipping-taxable","11":"product-type-simple"},"yoast_head":"<!-- This site is optimized with the Yoast SEO plugin v26.4 - https:\/\/yoast.com\/wordpress\/plugins\/seo\/ -->\n<title>Detector de voltaje be15 trotec - Abaa tienda online<\/title>\n<meta name=\"robots\" content=\"index, follow, max-snippet:-1, max-image-preview:large, max-video-preview:-1\" \/>\n<link rel=\"canonical\" href=\"https:\/\/abaa.mx\/tienda\/detector-de-voltaje-be15-trotec\/\" \/>\n<meta property=\"og:locale\" content=\"es_MX\" \/>\n<meta property=\"og:type\" content=\"article\" \/>\n<meta property=\"og:title\" content=\"Detector de voltaje be15 trotec - Abaa tienda online\" \/>\n<meta property=\"og:description\" content=\"El BE15 es un detector de tensi\u00f3n sin necesidad de contacto que no s\u00f3lo posibilita la localizaci\u00f3n r\u00e1pida de cortes en la l\u00ednea o cables abiertos, sino que tambi\u00e9n detecta conductores que conduzcan corriente tales como enchufes, interruptores o cables conectores.\" \/>\n<meta property=\"og:url\" content=\"https:\/\/abaa.mx\/tienda\/detector-de-voltaje-be15-trotec\/\" \/>\n<meta property=\"og:site_name\" content=\"Abaa tienda online\" \/>\n<meta property=\"article:modified_time\" content=\"2023-12-11T14:23:18+00:00\" \/>\n<meta property=\"og:image\" content=\"https:\/\/abaa.mx\/tienda\/wp-content\/uploads\/2023\/12\/Detector-de-voltaje-be15.jpg\" \/>\n\t<meta property=\"og:image:width\" content=\"950\" \/>\n\t<meta property=\"og:image:height\" content=\"950\" \/>\n\t<meta property=\"og:image:type\" content=\"image\/jpeg\" \/>\n<meta name=\"twitter:card\" content=\"summary_large_image\" \/>\n<meta name=\"twitter:label1\" content=\"Tiempo de lectura\" \/>\n\t<meta name=\"twitter:data1\" content=\"2 minutos\" \/>\n<script type=\"application\/ld+json\" class=\"yoast-schema-graph\">{\"@context\":\"https:\/\/schema.org\",\"@graph\":[{\"@type\":\"WebPage\",\"@id\":\"https:\/\/abaa.mx\/tienda\/detector-de-voltaje-be15-trotec\/\",\"url\":\"https:\/\/abaa.mx\/tienda\/detector-de-voltaje-be15-trotec\/\",\"name\":\"Detector de voltaje be15 trotec - Abaa tienda online\",\"isPartOf\":{\"@id\":\"https:\/\/abaa.mx\/tienda\/#website\"},\"primaryImageOfPage\":{\"@id\":\"https:\/\/abaa.mx\/tienda\/detector-de-voltaje-be15-trotec\/#primaryimage\"},\"image\":{\"@id\":\"https:\/\/abaa.mx\/tienda\/detector-de-voltaje-be15-trotec\/#primaryimage\"},\"thumbnailUrl\":\"https:\/\/abaa.mx\/tienda\/wp-content\/uploads\/2023\/12\/Detector-de-voltaje-be15.jpg\",\"datePublished\":\"2023-12-08T19:58:56+00:00\",\"dateModified\":\"2023-12-11T14:23:18+00:00\",\"breadcrumb\":{\"@id\":\"https:\/\/abaa.mx\/tienda\/detector-de-voltaje-be15-trotec\/#breadcrumb\"},\"inLanguage\":\"es\",\"potentialAction\":[{\"@type\":\"ReadAction\",\"target\":[\"https:\/\/abaa.mx\/tienda\/detector-de-voltaje-be15-trotec\/\"]}]},{\"@type\":\"ImageObject\",\"inLanguage\":\"es\",\"@id\":\"https:\/\/abaa.mx\/tienda\/detector-de-voltaje-be15-trotec\/#primaryimage\",\"url\":\"https:\/\/abaa.mx\/tienda\/wp-content\/uploads\/2023\/12\/Detector-de-voltaje-be15.jpg\",\"contentUrl\":\"https:\/\/abaa.mx\/tienda\/wp-content\/uploads\/2023\/12\/Detector-de-voltaje-be15.jpg\",\"width\":950,\"height\":950,\"caption\":\"Detector de voltaje be15\"},{\"@type\":\"BreadcrumbList\",\"@id\":\"https:\/\/abaa.mx\/tienda\/detector-de-voltaje-be15-trotec\/#breadcrumb\",\"itemListElement\":[{\"@type\":\"ListItem\",\"position\":1,\"name\":\"Inicio\",\"item\":\"https:\/\/abaa.mx\/tienda\/\"},{\"@type\":\"ListItem\",\"position\":2,\"name\":\"Tienda\",\"item\":\"https:\/\/abaa.mx\/tienda\/\"},{\"@type\":\"ListItem\",\"position\":3,\"name\":\"Detector de voltaje be15 trotec\"}]},{\"@type\":\"WebSite\",\"@id\":\"https:\/\/abaa.mx\/tienda\/#website\",\"url\":\"https:\/\/abaa.mx\/tienda\/\",\"name\":\"Abaa tienda online\",\"description\":\"Instrumentos de medici\u00f3n\",\"publisher\":{\"@id\":\"https:\/\/abaa.mx\/tienda\/#organization\"},\"potentialAction\":[{\"@type\":\"SearchAction\",\"target\":{\"@type\":\"EntryPoint\",\"urlTemplate\":\"https:\/\/abaa.mx\/tienda\/?s={search_term_string}\"},\"query-input\":{\"@type\":\"PropertyValueSpecification\",\"valueRequired\":true,\"valueName\":\"search_term_string\"}}],\"inLanguage\":\"es\"},{\"@type\":\"Organization\",\"@id\":\"https:\/\/abaa.mx\/tienda\/#organization\",\"name\":\"Abaa tienda online\",\"url\":\"https:\/\/abaa.mx\/tienda\/\",\"logo\":{\"@type\":\"ImageObject\",\"inLanguage\":\"es\",\"@id\":\"https:\/\/abaa.mx\/tienda\/#\/schema\/logo\/image\/\",\"url\":\"https:\/\/abaa.mx\/tienda\/wp-content\/uploads\/2024\/01\/abaa-metrologia-tienda.png\",\"contentUrl\":\"https:\/\/abaa.mx\/tienda\/wp-content\/uploads\/2024\/01\/abaa-metrologia-tienda.png\",\"width\":300,\"height\":141,\"caption\":\"Abaa tienda online\"},\"image\":{\"@id\":\"https:\/\/abaa.mx\/tienda\/#\/schema\/logo\/image\/\"}}]}<\/script>\n<!-- \/ Yoast SEO plugin. -->","yoast_head_json":{"title":"Detector de voltaje be15 trotec - Abaa tienda online","robots":{"index":"index","follow":"follow","max-snippet":"max-snippet:-1","max-image-preview":"max-image-preview:large","max-video-preview":"max-video-preview:-1"},"canonical":"https:\/\/abaa.mx\/tienda\/detector-de-voltaje-be15-trotec\/","og_locale":"es_MX","og_type":"article","og_title":"Detector de voltaje be15 trotec - Abaa tienda online","og_description":"El BE15 es un detector de tensi\u00f3n sin necesidad de contacto que no s\u00f3lo posibilita la localizaci\u00f3n r\u00e1pida de cortes en la l\u00ednea o cables abiertos, sino que tambi\u00e9n detecta conductores que conduzcan corriente tales como enchufes, interruptores o cables conectores.","og_url":"https:\/\/abaa.mx\/tienda\/detector-de-voltaje-be15-trotec\/","og_site_name":"Abaa tienda online","article_modified_time":"2023-12-11T14:23:18+00:00","og_image":[{"width":950,"height":950,"url":"https:\/\/abaa.mx\/tienda\/wp-content\/uploads\/2023\/12\/Detector-de-voltaje-be15.jpg","type":"image\/jpeg"}],"twitter_card":"summary_large_image","twitter_misc":{"Tiempo de lectura":"2 minutos"},"schema":{"@context":"https:\/\/schema.org","@graph":[{"@type":"WebPage","@id":"https:\/\/abaa.mx\/tienda\/detector-de-voltaje-be15-trotec\/","url":"https:\/\/abaa.mx\/tienda\/detector-de-voltaje-be15-trotec\/","name":"Detector de voltaje be15 trotec - Abaa tienda online","isPartOf":{"@id":"https:\/\/abaa.mx\/tienda\/#website"},"primaryImageOfPage":{"@id":"https:\/\/abaa.mx\/tienda\/detector-de-voltaje-be15-trotec\/#primaryimage"},"image":{"@id":"https:\/\/abaa.mx\/tienda\/detector-de-voltaje-be15-trotec\/#primaryimage"},"thumbnailUrl":"https:\/\/abaa.mx\/tienda\/wp-content\/uploads\/2023\/12\/Detector-de-voltaje-be15.jpg","datePublished":"2023-12-08T19:58:56+00:00","dateModified":"2023-12-11T14:23:18+00:00","breadcrumb":{"@id":"https:\/\/abaa.mx\/tienda\/detector-de-voltaje-be15-trotec\/#breadcrumb"},"inLanguage":"es","potentialAction":[{"@type":"ReadAction","target":["https:\/\/abaa.mx\/tienda\/detector-de-voltaje-be15-trotec\/"]}]},{"@type":"ImageObject","inLanguage":"es","@id":"https:\/\/abaa.mx\/tienda\/detector-de-voltaje-be15-trotec\/#primaryimage","url":"https:\/\/abaa.mx\/tienda\/wp-content\/uploads\/2023\/12\/Detector-de-voltaje-be15.jpg","contentUrl":"https:\/\/abaa.mx\/tienda\/wp-content\/uploads\/2023\/12\/Detector-de-voltaje-be15.jpg","width":950,"height":950,"caption":"Detector de voltaje be15"},{"@type":"BreadcrumbList","@id":"https:\/\/abaa.mx\/tienda\/detector-de-voltaje-be15-trotec\/#breadcrumb","itemListElement":[{"@type":"ListItem","position":1,"name":"Inicio","item":"https:\/\/abaa.mx\/tienda\/"},{"@type":"ListItem","position":2,"name":"Tienda","item":"https:\/\/abaa.mx\/tienda\/"},{"@type":"ListItem","position":3,"name":"Detector de voltaje be15 trotec"}]},{"@type":"WebSite","@id":"https:\/\/abaa.mx\/tienda\/#website","url":"https:\/\/abaa.mx\/tienda\/","name":"Abaa tienda online","description":"Instrumentos de medici\u00f3n","publisher":{"@id":"https:\/\/abaa.mx\/tienda\/#organization"},"potentialAction":[{"@type":"SearchAction","target":{"@type":"EntryPoint","urlTemplate":"https:\/\/abaa.mx\/tienda\/?s={search_term_string}"},"query-input":{"@type":"PropertyValueSpecification","valueRequired":true,"valueName":"search_term_string"}}],"inLanguage":"es"},{"@type":"Organization","@id":"https:\/\/abaa.mx\/tienda\/#organization","name":"Abaa tienda online","url":"https:\/\/abaa.mx\/tienda\/","logo":{"@type":"ImageObject","inLanguage":"es","@id":"https:\/\/abaa.mx\/tienda\/#\/schema\/logo\/image\/","url":"https:\/\/abaa.mx\/tienda\/wp-content\/uploads\/2024\/01\/abaa-metrologia-tienda.png","contentUrl":"https:\/\/abaa.mx\/tienda\/wp-content\/uploads\/2024\/01\/abaa-metrologia-tienda.png","width":300,"height":141,"caption":"Abaa tienda online"},"image":{"@id":"https:\/\/abaa.mx\/tienda\/#\/schema\/logo\/image\/"}}]}},"_links":{"self":[{"href":"https:\/\/abaa.mx\/tienda\/wp-json\/wp\/v2\/product\/8753","targetHints":{"allow":["GET"]}}],"collection":[{"href":"https:\/\/abaa.mx\/tienda\/wp-json\/wp\/v2\/product"}],"about":[{"href":"https:\/\/abaa.mx\/tienda\/wp-json\/wp\/v2\/types\/product"}],"replies":[{"embeddable":true,"href":"https:\/\/abaa.mx\/tienda\/wp-json\/wp\/v2\/comments?post=8753"}],"wp:featuredmedia":[{"embeddable":true,"href":"https:\/\/abaa.mx\/tienda\/wp-json\/wp\/v2\/media\/9707"}],"wp:attachment":[{"href":"https:\/\/abaa.mx\/tienda\/wp-json\/wp\/v2\/media?parent=8753"}],"wp:term":[{"taxonomy":"product_brand","embeddable":true,"href":"https:\/\/abaa.mx\/tienda\/wp-json\/wp\/v2\/product_brand?post=8753"},{"taxonomy":"product_cat","embeddable":true,"href":"https:\/\/abaa.mx\/tienda\/wp-json\/wp\/v2\/product_cat?post=8753"},{"taxonomy":"product_tag","embeddable":true,"href":"https:\/\/abaa.mx\/tienda\/wp-json\/wp\/v2\/product_tag?post=8753"}],"curies":[{"name":"wp","href":"https:\/\/api.w.org\/{rel}","templated":true}]}}