{"id":8751,"date":"2023-11-10T17:28:35","date_gmt":"2023-11-10T17:28:35","guid":{"rendered":"https:\/\/abaa.mx\/tienda\/?post_type=product&#038;p=8751"},"modified":"2023-11-10T17:28:36","modified_gmt":"2023-11-10T17:28:36","slug":"probador-multiple-wa2017sd","status":"publish","type":"product","link":"https:\/\/abaa.mx\/tienda\/probador-multiple-wa2017sd\/","title":{"rendered":"Probador Multiple &#8211; WA2017SD"},"content":{"rendered":"<p>Probador Multiple &#8211; WA2017SD.<\/p>\n","protected":false},"excerpt":{"rendered":"<p><b>Caracter\u00edsticas principales:<\/b><\/p>\n<ul>\n<li>Registro de 99 posiciones para grabar y leer datos.<\/li>\n<li>Interface con PC v\u00eda cable USB.<\/li>\n<li>Cuenta con compensaci\u00f3n de temperatura manual y autom\u00e1tica en la opci\u00f3n de PH.<\/li>\n<li>Alta resoluci\u00f3n con definici\u00f3n de 0.001 pH.<\/li>\n<li>Ideal para la mayor\u00eda de aplicaciones en agua.<\/li>\n<li>Pantalla de dos l\u00edneas puede desplegar el valor de medici\u00f3n y temperatura al mismo tiempo.<\/li>\n<li>R\u00e1pido y sencillo de operar.<\/li>\n<li>Modo de concentraci\u00f3n de datos, le permitir\u00e1 crear una tabla de valores definida por el usuario.<\/li>\n<li>Indicador de estado del electrodo de PH.<\/li>\n<li>Mide pH, mV, conductividad, resistividad, salinidad concentraci\u00f3n y temperatura.<\/li>\n<li>Constante de celda disponible K=0.1, K=1.0 y K=10.<\/li>\n<\/ul>\n<p><strong><b>Aplicaciones:<\/b><\/strong><\/p>\n<ul>\n<li>Plantas tratadoras de agua y purificadoras.<\/li>\n<li>Pruebas de calidad del agua, preparaciones industriales, agropecuarias y alimenticias.<\/li>\n<\/ul>\n","protected":false},"featured_media":8754,"comment_status":"open","ping_status":"closed","template":"","meta":{"_joinchat":[]},"product_brand":[],"product_cat":[122],"product_tag":[],"class_list":{"0":"post-8751","1":"product","2":"type-product","3":"status-publish","4":"has-post-thumbnail","6":"product_cat-phimetros","8":"first","9":"instock","10":"shipping-taxable","11":"product-type-simple"},"yoast_head":"<!-- This site is optimized with the Yoast SEO plugin v26.4 - https:\/\/yoast.com\/wordpress\/plugins\/seo\/ -->\n<title>Probador Multiple - WA2017SD - Abaa tienda online<\/title>\n<meta name=\"robots\" content=\"index, follow, max-snippet:-1, max-image-preview:large, max-video-preview:-1\" \/>\n<link rel=\"canonical\" href=\"https:\/\/abaa.mx\/tienda\/probador-multiple-wa2017sd\/\" \/>\n<meta property=\"og:locale\" content=\"es_MX\" \/>\n<meta property=\"og:type\" content=\"article\" \/>\n<meta property=\"og:title\" content=\"Probador Multiple - WA2017SD - Abaa tienda online\" \/>\n<meta property=\"og:description\" content=\"Caracter\u00edsticas principales:   Registro de 99 posiciones para grabar y leer datos.  Interface con PC v\u00eda cable USB.  Cuenta con compensaci\u00f3n de temperatura manual y autom\u00e1tica en la opci\u00f3n de PH.  Alta resoluci\u00f3n con definici\u00f3n de 0.001 pH.  Ideal para la mayor\u00eda de aplicaciones en agua.  Pantalla de dos l\u00edneas puede desplegar el valor de medici\u00f3n y temperatura al mismo tiempo.  R\u00e1pido y sencillo de operar.  Modo de concentraci\u00f3n de datos, le permitir\u00e1 crear una tabla de valores definida por el usuario.  Indicador de estado del electrodo de PH.  Mide pH, mV, conductividad, resistividad, salinidad concentraci\u00f3n y temperatura.  Constante de celda disponible K=0.1, K=1.0 y K=10.  Aplicaciones:   Plantas tratadoras de agua y purificadoras.  Pruebas de calidad del agua, preparaciones industriales, agropecuarias y alimenticias.\" \/>\n<meta property=\"og:url\" content=\"https:\/\/abaa.mx\/tienda\/probador-multiple-wa2017sd\/\" \/>\n<meta property=\"og:site_name\" content=\"Abaa tienda online\" \/>\n<meta property=\"article:modified_time\" content=\"2023-11-10T17:28:36+00:00\" \/>\n<meta property=\"og:image\" content=\"https:\/\/abaa.mx\/tienda\/wp-content\/uploads\/2023\/11\/LUTRON-WA2017SD.jpg\" \/>\n\t<meta property=\"og:image:width\" content=\"362\" \/>\n\t<meta property=\"og:image:height\" content=\"444\" \/>\n\t<meta property=\"og:image:type\" content=\"image\/jpeg\" \/>\n<meta name=\"twitter:card\" content=\"summary_large_image\" \/>\n<meta name=\"twitter:label1\" content=\"Tiempo de lectura\" \/>\n\t<meta name=\"twitter:data1\" content=\"1 minuto\" \/>\n<script type=\"application\/ld+json\" class=\"yoast-schema-graph\">{\"@context\":\"https:\/\/schema.org\",\"@graph\":[{\"@type\":\"WebPage\",\"@id\":\"https:\/\/abaa.mx\/tienda\/probador-multiple-wa2017sd\/\",\"url\":\"https:\/\/abaa.mx\/tienda\/probador-multiple-wa2017sd\/\",\"name\":\"Probador Multiple - WA2017SD - Abaa tienda online\",\"isPartOf\":{\"@id\":\"https:\/\/abaa.mx\/tienda\/#website\"},\"primaryImageOfPage\":{\"@id\":\"https:\/\/abaa.mx\/tienda\/probador-multiple-wa2017sd\/#primaryimage\"},\"image\":{\"@id\":\"https:\/\/abaa.mx\/tienda\/probador-multiple-wa2017sd\/#primaryimage\"},\"thumbnailUrl\":\"https:\/\/abaa.mx\/tienda\/wp-content\/uploads\/2023\/11\/LUTRON-WA2017SD.jpg\",\"datePublished\":\"2023-11-10T17:28:35+00:00\",\"dateModified\":\"2023-11-10T17:28:36+00:00\",\"breadcrumb\":{\"@id\":\"https:\/\/abaa.mx\/tienda\/probador-multiple-wa2017sd\/#breadcrumb\"},\"inLanguage\":\"es\",\"potentialAction\":[{\"@type\":\"ReadAction\",\"target\":[\"https:\/\/abaa.mx\/tienda\/probador-multiple-wa2017sd\/\"]}]},{\"@type\":\"ImageObject\",\"inLanguage\":\"es\",\"@id\":\"https:\/\/abaa.mx\/tienda\/probador-multiple-wa2017sd\/#primaryimage\",\"url\":\"https:\/\/abaa.mx\/tienda\/wp-content\/uploads\/2023\/11\/LUTRON-WA2017SD.jpg\",\"contentUrl\":\"https:\/\/abaa.mx\/tienda\/wp-content\/uploads\/2023\/11\/LUTRON-WA2017SD.jpg\",\"width\":362,\"height\":444,\"caption\":\"LUTRON-WA2017SD\"},{\"@type\":\"BreadcrumbList\",\"@id\":\"https:\/\/abaa.mx\/tienda\/probador-multiple-wa2017sd\/#breadcrumb\",\"itemListElement\":[{\"@type\":\"ListItem\",\"position\":1,\"name\":\"Inicio\",\"item\":\"https:\/\/abaa.mx\/tienda\/\"},{\"@type\":\"ListItem\",\"position\":2,\"name\":\"Tienda\",\"item\":\"https:\/\/abaa.mx\/tienda\/\"},{\"@type\":\"ListItem\",\"position\":3,\"name\":\"Probador Multiple &#8211; WA2017SD\"}]},{\"@type\":\"WebSite\",\"@id\":\"https:\/\/abaa.mx\/tienda\/#website\",\"url\":\"https:\/\/abaa.mx\/tienda\/\",\"name\":\"Abaa tienda online\",\"description\":\"Instrumentos de medici\u00f3n\",\"publisher\":{\"@id\":\"https:\/\/abaa.mx\/tienda\/#organization\"},\"potentialAction\":[{\"@type\":\"SearchAction\",\"target\":{\"@type\":\"EntryPoint\",\"urlTemplate\":\"https:\/\/abaa.mx\/tienda\/?s={search_term_string}\"},\"query-input\":{\"@type\":\"PropertyValueSpecification\",\"valueRequired\":true,\"valueName\":\"search_term_string\"}}],\"inLanguage\":\"es\"},{\"@type\":\"Organization\",\"@id\":\"https:\/\/abaa.mx\/tienda\/#organization\",\"name\":\"Abaa tienda online\",\"url\":\"https:\/\/abaa.mx\/tienda\/\",\"logo\":{\"@type\":\"ImageObject\",\"inLanguage\":\"es\",\"@id\":\"https:\/\/abaa.mx\/tienda\/#\/schema\/logo\/image\/\",\"url\":\"https:\/\/abaa.mx\/tienda\/wp-content\/uploads\/2024\/01\/abaa-metrologia-tienda.png\",\"contentUrl\":\"https:\/\/abaa.mx\/tienda\/wp-content\/uploads\/2024\/01\/abaa-metrologia-tienda.png\",\"width\":300,\"height\":141,\"caption\":\"Abaa tienda online\"},\"image\":{\"@id\":\"https:\/\/abaa.mx\/tienda\/#\/schema\/logo\/image\/\"}}]}<\/script>\n<!-- \/ Yoast SEO plugin. -->","yoast_head_json":{"title":"Probador Multiple - WA2017SD - Abaa tienda online","robots":{"index":"index","follow":"follow","max-snippet":"max-snippet:-1","max-image-preview":"max-image-preview:large","max-video-preview":"max-video-preview:-1"},"canonical":"https:\/\/abaa.mx\/tienda\/probador-multiple-wa2017sd\/","og_locale":"es_MX","og_type":"article","og_title":"Probador Multiple - WA2017SD - Abaa tienda online","og_description":"Caracter\u00edsticas principales:   Registro de 99 posiciones para grabar y leer datos.  Interface con PC v\u00eda cable USB.  Cuenta con compensaci\u00f3n de temperatura manual y autom\u00e1tica en la opci\u00f3n de PH.  Alta resoluci\u00f3n con definici\u00f3n de 0.001 pH.  Ideal para la mayor\u00eda de aplicaciones en agua.  Pantalla de dos l\u00edneas puede desplegar el valor de medici\u00f3n y temperatura al mismo tiempo.  R\u00e1pido y sencillo de operar.  Modo de concentraci\u00f3n de datos, le permitir\u00e1 crear una tabla de valores definida por el usuario.  Indicador de estado del electrodo de PH.  Mide pH, mV, conductividad, resistividad, salinidad concentraci\u00f3n y temperatura.  Constante de celda disponible K=0.1, K=1.0 y K=10.  Aplicaciones:   Plantas tratadoras de agua y purificadoras.  Pruebas de calidad del agua, preparaciones industriales, agropecuarias y alimenticias.","og_url":"https:\/\/abaa.mx\/tienda\/probador-multiple-wa2017sd\/","og_site_name":"Abaa tienda online","article_modified_time":"2023-11-10T17:28:36+00:00","og_image":[{"width":362,"height":444,"url":"https:\/\/abaa.mx\/tienda\/wp-content\/uploads\/2023\/11\/LUTRON-WA2017SD.jpg","type":"image\/jpeg"}],"twitter_card":"summary_large_image","twitter_misc":{"Tiempo de lectura":"1 minuto"},"schema":{"@context":"https:\/\/schema.org","@graph":[{"@type":"WebPage","@id":"https:\/\/abaa.mx\/tienda\/probador-multiple-wa2017sd\/","url":"https:\/\/abaa.mx\/tienda\/probador-multiple-wa2017sd\/","name":"Probador Multiple - WA2017SD - Abaa tienda online","isPartOf":{"@id":"https:\/\/abaa.mx\/tienda\/#website"},"primaryImageOfPage":{"@id":"https:\/\/abaa.mx\/tienda\/probador-multiple-wa2017sd\/#primaryimage"},"image":{"@id":"https:\/\/abaa.mx\/tienda\/probador-multiple-wa2017sd\/#primaryimage"},"thumbnailUrl":"https:\/\/abaa.mx\/tienda\/wp-content\/uploads\/2023\/11\/LUTRON-WA2017SD.jpg","datePublished":"2023-11-10T17:28:35+00:00","dateModified":"2023-11-10T17:28:36+00:00","breadcrumb":{"@id":"https:\/\/abaa.mx\/tienda\/probador-multiple-wa2017sd\/#breadcrumb"},"inLanguage":"es","potentialAction":[{"@type":"ReadAction","target":["https:\/\/abaa.mx\/tienda\/probador-multiple-wa2017sd\/"]}]},{"@type":"ImageObject","inLanguage":"es","@id":"https:\/\/abaa.mx\/tienda\/probador-multiple-wa2017sd\/#primaryimage","url":"https:\/\/abaa.mx\/tienda\/wp-content\/uploads\/2023\/11\/LUTRON-WA2017SD.jpg","contentUrl":"https:\/\/abaa.mx\/tienda\/wp-content\/uploads\/2023\/11\/LUTRON-WA2017SD.jpg","width":362,"height":444,"caption":"LUTRON-WA2017SD"},{"@type":"BreadcrumbList","@id":"https:\/\/abaa.mx\/tienda\/probador-multiple-wa2017sd\/#breadcrumb","itemListElement":[{"@type":"ListItem","position":1,"name":"Inicio","item":"https:\/\/abaa.mx\/tienda\/"},{"@type":"ListItem","position":2,"name":"Tienda","item":"https:\/\/abaa.mx\/tienda\/"},{"@type":"ListItem","position":3,"name":"Probador Multiple &#8211; WA2017SD"}]},{"@type":"WebSite","@id":"https:\/\/abaa.mx\/tienda\/#website","url":"https:\/\/abaa.mx\/tienda\/","name":"Abaa tienda online","description":"Instrumentos de medici\u00f3n","publisher":{"@id":"https:\/\/abaa.mx\/tienda\/#organization"},"potentialAction":[{"@type":"SearchAction","target":{"@type":"EntryPoint","urlTemplate":"https:\/\/abaa.mx\/tienda\/?s={search_term_string}"},"query-input":{"@type":"PropertyValueSpecification","valueRequired":true,"valueName":"search_term_string"}}],"inLanguage":"es"},{"@type":"Organization","@id":"https:\/\/abaa.mx\/tienda\/#organization","name":"Abaa tienda online","url":"https:\/\/abaa.mx\/tienda\/","logo":{"@type":"ImageObject","inLanguage":"es","@id":"https:\/\/abaa.mx\/tienda\/#\/schema\/logo\/image\/","url":"https:\/\/abaa.mx\/tienda\/wp-content\/uploads\/2024\/01\/abaa-metrologia-tienda.png","contentUrl":"https:\/\/abaa.mx\/tienda\/wp-content\/uploads\/2024\/01\/abaa-metrologia-tienda.png","width":300,"height":141,"caption":"Abaa tienda online"},"image":{"@id":"https:\/\/abaa.mx\/tienda\/#\/schema\/logo\/image\/"}}]}},"_links":{"self":[{"href":"https:\/\/abaa.mx\/tienda\/wp-json\/wp\/v2\/product\/8751","targetHints":{"allow":["GET"]}}],"collection":[{"href":"https:\/\/abaa.mx\/tienda\/wp-json\/wp\/v2\/product"}],"about":[{"href":"https:\/\/abaa.mx\/tienda\/wp-json\/wp\/v2\/types\/product"}],"replies":[{"embeddable":true,"href":"https:\/\/abaa.mx\/tienda\/wp-json\/wp\/v2\/comments?post=8751"}],"wp:featuredmedia":[{"embeddable":true,"href":"https:\/\/abaa.mx\/tienda\/wp-json\/wp\/v2\/media\/8754"}],"wp:attachment":[{"href":"https:\/\/abaa.mx\/tienda\/wp-json\/wp\/v2\/media?parent=8751"}],"wp:term":[{"taxonomy":"product_brand","embeddable":true,"href":"https:\/\/abaa.mx\/tienda\/wp-json\/wp\/v2\/product_brand?post=8751"},{"taxonomy":"product_cat","embeddable":true,"href":"https:\/\/abaa.mx\/tienda\/wp-json\/wp\/v2\/product_cat?post=8751"},{"taxonomy":"product_tag","embeddable":true,"href":"https:\/\/abaa.mx\/tienda\/wp-json\/wp\/v2\/product_tag?post=8751"}],"curies":[{"name":"wp","href":"https:\/\/api.w.org\/{rel}","templated":true}]}}