{"id":8744,"date":"2023-11-10T16:38:04","date_gmt":"2023-11-10T16:38:04","guid":{"rendered":"https:\/\/abaa.mx\/tienda\/?post_type=product&#038;p=8744"},"modified":"2023-11-10T16:38:04","modified_gmt":"2023-11-10T16:38:04","slug":"nivel-magnetico-digital-544224501","status":"publish","type":"product","link":"https:\/\/abaa.mx\/tienda\/nivel-magnetico-digital-544224501\/","title":{"rendered":"Nivel Magn\u00e9tico Digital &#8211; 544224501"},"content":{"rendered":"<p>Nivel Magn\u00e9tico Digital &#8211; 544224501.<\/p>\n","protected":false},"excerpt":{"rendered":"<p><b>Descripci\u00f3n:<\/b><\/p>\n<p>El mini-MAG Protractor proporciona una visualizaci\u00f3n instant\u00e1nea de inclinaci\u00f3n digital de 360 ??\u00b0 de cualquier \u00e1ngulo con la caracter\u00edstica \u00fanica de imanes incrustados en ambos lados y la parte inferior que lo hacen ideal para una variedad de medidas.<\/p>\n<ul>\n<li>Rango de medici\u00f3n: 360\u00b0 (4 x 90\u00b0).<\/li>\n<li>Repetitividad: .05\u00b0.<\/li>\n<li>Funci\u00f3n de retenci\u00f3n.<\/li>\n<li>Resoluci\u00f3n: .05\u00b0.<\/li>\n<li>Imanes incrustados con 3.5 libras. Halar.<\/li>\n<li>Utiliza una bater\u00eda est\u00e1ndar de 9V (250 hrs.).<\/li>\n<li>Display invertido para facilitar la lectura.<\/li>\n<li>Precisi\u00f3n: \u00b1 .2\u00b0.<\/li>\n<\/ul>\n<p><strong>Dimensiones:<\/strong><\/p>\n<ul>\n<li>Largo: 2.375?<\/li>\n<li>Alto: 2.375?<\/li>\n<li>Ancho: 1.375?<\/li>\n<\/ul>\n","protected":false},"featured_media":8745,"comment_status":"open","ping_status":"closed","template":"","meta":{"_joinchat":[]},"product_brand":[],"product_cat":[121],"product_tag":[],"class_list":{"0":"post-8744","1":"product","2":"type-product","3":"status-publish","4":"has-post-thumbnail","6":"product_cat-niveles","8":"first","9":"instock","10":"shipping-taxable","11":"product-type-simple"},"yoast_head":"<!-- This site is optimized with the Yoast SEO plugin v26.4 - https:\/\/yoast.com\/wordpress\/plugins\/seo\/ -->\n<title>Nivel Magn\u00e9tico Digital - 544224501 - Abaa tienda online<\/title>\n<meta name=\"robots\" content=\"index, follow, max-snippet:-1, max-image-preview:large, max-video-preview:-1\" \/>\n<link rel=\"canonical\" href=\"https:\/\/abaa.mx\/tienda\/nivel-magnetico-digital-544224501\/\" \/>\n<meta property=\"og:locale\" content=\"es_MX\" \/>\n<meta property=\"og:type\" content=\"article\" \/>\n<meta property=\"og:title\" content=\"Nivel Magn\u00e9tico Digital - 544224501 - Abaa tienda online\" \/>\n<meta property=\"og:description\" content=\"Descripci\u00f3n:  El mini-MAG Protractor proporciona una visualizaci\u00f3n instant\u00e1nea de inclinaci\u00f3n digital de 360 ??\u00b0 de cualquier \u00e1ngulo con la caracter\u00edstica \u00fanica de imanes incrustados en ambos lados y la parte inferior que lo hacen ideal para una variedad de medidas.   Rango de medici\u00f3n: 360\u00b0 (4 x 90\u00b0).  Repetitividad: .05\u00b0.  Funci\u00f3n de retenci\u00f3n.  Resoluci\u00f3n: .05\u00b0.  Imanes incrustados con 3.5 libras. Halar.  Utiliza una bater\u00eda est\u00e1ndar de 9V (250 hrs.).  Display invertido para facilitar la lectura.  Precisi\u00f3n: \u00b1 .2\u00b0.  Dimensiones:   Largo: 2.375?  Alto: 2.375?  Ancho: 1.375?\" \/>\n<meta property=\"og:url\" content=\"https:\/\/abaa.mx\/tienda\/nivel-magnetico-digital-544224501\/\" \/>\n<meta property=\"og:site_name\" content=\"Abaa tienda online\" \/>\n<meta property=\"og:image\" content=\"https:\/\/abaa.mx\/tienda\/wp-content\/uploads\/2023\/11\/FOWLER-544224501.jpg\" \/>\n\t<meta property=\"og:image:width\" content=\"558\" \/>\n\t<meta property=\"og:image:height\" content=\"536\" \/>\n\t<meta property=\"og:image:type\" content=\"image\/jpeg\" \/>\n<meta name=\"twitter:card\" content=\"summary_large_image\" \/>\n<meta name=\"twitter:label1\" content=\"Tiempo de lectura\" \/>\n\t<meta name=\"twitter:data1\" content=\"1 minuto\" \/>\n<script type=\"application\/ld+json\" class=\"yoast-schema-graph\">{\"@context\":\"https:\/\/schema.org\",\"@graph\":[{\"@type\":\"WebPage\",\"@id\":\"https:\/\/abaa.mx\/tienda\/nivel-magnetico-digital-544224501\/\",\"url\":\"https:\/\/abaa.mx\/tienda\/nivel-magnetico-digital-544224501\/\",\"name\":\"Nivel Magn\u00e9tico Digital - 544224501 - Abaa tienda online\",\"isPartOf\":{\"@id\":\"https:\/\/abaa.mx\/tienda\/#website\"},\"primaryImageOfPage\":{\"@id\":\"https:\/\/abaa.mx\/tienda\/nivel-magnetico-digital-544224501\/#primaryimage\"},\"image\":{\"@id\":\"https:\/\/abaa.mx\/tienda\/nivel-magnetico-digital-544224501\/#primaryimage\"},\"thumbnailUrl\":\"https:\/\/abaa.mx\/tienda\/wp-content\/uploads\/2023\/11\/FOWLER-544224501.jpg\",\"datePublished\":\"2023-11-10T16:38:04+00:00\",\"breadcrumb\":{\"@id\":\"https:\/\/abaa.mx\/tienda\/nivel-magnetico-digital-544224501\/#breadcrumb\"},\"inLanguage\":\"es\",\"potentialAction\":[{\"@type\":\"ReadAction\",\"target\":[\"https:\/\/abaa.mx\/tienda\/nivel-magnetico-digital-544224501\/\"]}]},{\"@type\":\"ImageObject\",\"inLanguage\":\"es\",\"@id\":\"https:\/\/abaa.mx\/tienda\/nivel-magnetico-digital-544224501\/#primaryimage\",\"url\":\"https:\/\/abaa.mx\/tienda\/wp-content\/uploads\/2023\/11\/FOWLER-544224501.jpg\",\"contentUrl\":\"https:\/\/abaa.mx\/tienda\/wp-content\/uploads\/2023\/11\/FOWLER-544224501.jpg\",\"width\":558,\"height\":536,\"caption\":\"FOWLER-544224501\"},{\"@type\":\"BreadcrumbList\",\"@id\":\"https:\/\/abaa.mx\/tienda\/nivel-magnetico-digital-544224501\/#breadcrumb\",\"itemListElement\":[{\"@type\":\"ListItem\",\"position\":1,\"name\":\"Inicio\",\"item\":\"https:\/\/abaa.mx\/tienda\/\"},{\"@type\":\"ListItem\",\"position\":2,\"name\":\"Tienda\",\"item\":\"https:\/\/abaa.mx\/tienda\/\"},{\"@type\":\"ListItem\",\"position\":3,\"name\":\"Nivel Magn\u00e9tico Digital &#8211; 544224501\"}]},{\"@type\":\"WebSite\",\"@id\":\"https:\/\/abaa.mx\/tienda\/#website\",\"url\":\"https:\/\/abaa.mx\/tienda\/\",\"name\":\"Abaa tienda online\",\"description\":\"Instrumentos de medici\u00f3n\",\"publisher\":{\"@id\":\"https:\/\/abaa.mx\/tienda\/#organization\"},\"potentialAction\":[{\"@type\":\"SearchAction\",\"target\":{\"@type\":\"EntryPoint\",\"urlTemplate\":\"https:\/\/abaa.mx\/tienda\/?s={search_term_string}\"},\"query-input\":{\"@type\":\"PropertyValueSpecification\",\"valueRequired\":true,\"valueName\":\"search_term_string\"}}],\"inLanguage\":\"es\"},{\"@type\":\"Organization\",\"@id\":\"https:\/\/abaa.mx\/tienda\/#organization\",\"name\":\"Abaa tienda online\",\"url\":\"https:\/\/abaa.mx\/tienda\/\",\"logo\":{\"@type\":\"ImageObject\",\"inLanguage\":\"es\",\"@id\":\"https:\/\/abaa.mx\/tienda\/#\/schema\/logo\/image\/\",\"url\":\"https:\/\/abaa.mx\/tienda\/wp-content\/uploads\/2024\/01\/abaa-metrologia-tienda.png\",\"contentUrl\":\"https:\/\/abaa.mx\/tienda\/wp-content\/uploads\/2024\/01\/abaa-metrologia-tienda.png\",\"width\":300,\"height\":141,\"caption\":\"Abaa tienda online\"},\"image\":{\"@id\":\"https:\/\/abaa.mx\/tienda\/#\/schema\/logo\/image\/\"}}]}<\/script>\n<!-- \/ Yoast SEO plugin. -->","yoast_head_json":{"title":"Nivel Magn\u00e9tico Digital - 544224501 - Abaa tienda online","robots":{"index":"index","follow":"follow","max-snippet":"max-snippet:-1","max-image-preview":"max-image-preview:large","max-video-preview":"max-video-preview:-1"},"canonical":"https:\/\/abaa.mx\/tienda\/nivel-magnetico-digital-544224501\/","og_locale":"es_MX","og_type":"article","og_title":"Nivel Magn\u00e9tico Digital - 544224501 - Abaa tienda online","og_description":"Descripci\u00f3n:  El mini-MAG Protractor proporciona una visualizaci\u00f3n instant\u00e1nea de inclinaci\u00f3n digital de 360 ??\u00b0 de cualquier \u00e1ngulo con la caracter\u00edstica \u00fanica de imanes incrustados en ambos lados y la parte inferior que lo hacen ideal para una variedad de medidas.   Rango de medici\u00f3n: 360\u00b0 (4 x 90\u00b0).  Repetitividad: .05\u00b0.  Funci\u00f3n de retenci\u00f3n.  Resoluci\u00f3n: .05\u00b0.  Imanes incrustados con 3.5 libras. Halar.  Utiliza una bater\u00eda est\u00e1ndar de 9V (250 hrs.).  Display invertido para facilitar la lectura.  Precisi\u00f3n: \u00b1 .2\u00b0.  Dimensiones:   Largo: 2.375?  Alto: 2.375?  Ancho: 1.375?","og_url":"https:\/\/abaa.mx\/tienda\/nivel-magnetico-digital-544224501\/","og_site_name":"Abaa tienda online","og_image":[{"width":558,"height":536,"url":"https:\/\/abaa.mx\/tienda\/wp-content\/uploads\/2023\/11\/FOWLER-544224501.jpg","type":"image\/jpeg"}],"twitter_card":"summary_large_image","twitter_misc":{"Tiempo de lectura":"1 minuto"},"schema":{"@context":"https:\/\/schema.org","@graph":[{"@type":"WebPage","@id":"https:\/\/abaa.mx\/tienda\/nivel-magnetico-digital-544224501\/","url":"https:\/\/abaa.mx\/tienda\/nivel-magnetico-digital-544224501\/","name":"Nivel Magn\u00e9tico Digital - 544224501 - Abaa tienda online","isPartOf":{"@id":"https:\/\/abaa.mx\/tienda\/#website"},"primaryImageOfPage":{"@id":"https:\/\/abaa.mx\/tienda\/nivel-magnetico-digital-544224501\/#primaryimage"},"image":{"@id":"https:\/\/abaa.mx\/tienda\/nivel-magnetico-digital-544224501\/#primaryimage"},"thumbnailUrl":"https:\/\/abaa.mx\/tienda\/wp-content\/uploads\/2023\/11\/FOWLER-544224501.jpg","datePublished":"2023-11-10T16:38:04+00:00","breadcrumb":{"@id":"https:\/\/abaa.mx\/tienda\/nivel-magnetico-digital-544224501\/#breadcrumb"},"inLanguage":"es","potentialAction":[{"@type":"ReadAction","target":["https:\/\/abaa.mx\/tienda\/nivel-magnetico-digital-544224501\/"]}]},{"@type":"ImageObject","inLanguage":"es","@id":"https:\/\/abaa.mx\/tienda\/nivel-magnetico-digital-544224501\/#primaryimage","url":"https:\/\/abaa.mx\/tienda\/wp-content\/uploads\/2023\/11\/FOWLER-544224501.jpg","contentUrl":"https:\/\/abaa.mx\/tienda\/wp-content\/uploads\/2023\/11\/FOWLER-544224501.jpg","width":558,"height":536,"caption":"FOWLER-544224501"},{"@type":"BreadcrumbList","@id":"https:\/\/abaa.mx\/tienda\/nivel-magnetico-digital-544224501\/#breadcrumb","itemListElement":[{"@type":"ListItem","position":1,"name":"Inicio","item":"https:\/\/abaa.mx\/tienda\/"},{"@type":"ListItem","position":2,"name":"Tienda","item":"https:\/\/abaa.mx\/tienda\/"},{"@type":"ListItem","position":3,"name":"Nivel Magn\u00e9tico Digital &#8211; 544224501"}]},{"@type":"WebSite","@id":"https:\/\/abaa.mx\/tienda\/#website","url":"https:\/\/abaa.mx\/tienda\/","name":"Abaa tienda online","description":"Instrumentos de medici\u00f3n","publisher":{"@id":"https:\/\/abaa.mx\/tienda\/#organization"},"potentialAction":[{"@type":"SearchAction","target":{"@type":"EntryPoint","urlTemplate":"https:\/\/abaa.mx\/tienda\/?s={search_term_string}"},"query-input":{"@type":"PropertyValueSpecification","valueRequired":true,"valueName":"search_term_string"}}],"inLanguage":"es"},{"@type":"Organization","@id":"https:\/\/abaa.mx\/tienda\/#organization","name":"Abaa tienda online","url":"https:\/\/abaa.mx\/tienda\/","logo":{"@type":"ImageObject","inLanguage":"es","@id":"https:\/\/abaa.mx\/tienda\/#\/schema\/logo\/image\/","url":"https:\/\/abaa.mx\/tienda\/wp-content\/uploads\/2024\/01\/abaa-metrologia-tienda.png","contentUrl":"https:\/\/abaa.mx\/tienda\/wp-content\/uploads\/2024\/01\/abaa-metrologia-tienda.png","width":300,"height":141,"caption":"Abaa tienda online"},"image":{"@id":"https:\/\/abaa.mx\/tienda\/#\/schema\/logo\/image\/"}}]}},"_links":{"self":[{"href":"https:\/\/abaa.mx\/tienda\/wp-json\/wp\/v2\/product\/8744","targetHints":{"allow":["GET"]}}],"collection":[{"href":"https:\/\/abaa.mx\/tienda\/wp-json\/wp\/v2\/product"}],"about":[{"href":"https:\/\/abaa.mx\/tienda\/wp-json\/wp\/v2\/types\/product"}],"replies":[{"embeddable":true,"href":"https:\/\/abaa.mx\/tienda\/wp-json\/wp\/v2\/comments?post=8744"}],"wp:featuredmedia":[{"embeddable":true,"href":"https:\/\/abaa.mx\/tienda\/wp-json\/wp\/v2\/media\/8745"}],"wp:attachment":[{"href":"https:\/\/abaa.mx\/tienda\/wp-json\/wp\/v2\/media?parent=8744"}],"wp:term":[{"taxonomy":"product_brand","embeddable":true,"href":"https:\/\/abaa.mx\/tienda\/wp-json\/wp\/v2\/product_brand?post=8744"},{"taxonomy":"product_cat","embeddable":true,"href":"https:\/\/abaa.mx\/tienda\/wp-json\/wp\/v2\/product_cat?post=8744"},{"taxonomy":"product_tag","embeddable":true,"href":"https:\/\/abaa.mx\/tienda\/wp-json\/wp\/v2\/product_tag?post=8744"}],"curies":[{"name":"wp","href":"https:\/\/api.w.org\/{rel}","templated":true}]}}