{"id":8730,"date":"2023-11-10T15:41:06","date_gmt":"2023-11-10T15:41:06","guid":{"rendered":"https:\/\/abaa.mx\/tienda\/?post_type=product&#038;p=8730"},"modified":"2023-11-10T15:41:07","modified_gmt":"2023-11-10T15:41:07","slug":"negatoscopio-de-mesa-fv2010","status":"publish","type":"product","link":"https:\/\/abaa.mx\/tienda\/negatoscopio-de-mesa-fv2010\/","title":{"rendered":"Negatoscopio de Mesa &#8211; FV2010"},"content":{"rendered":"<h6 class=\"product-single__title\">Negatoscopio de Mesa &#8211; FV2010.<\/h6>\n<div class=\"product__price\">\n<div class=\"price__vendor\"><\/div>\n<\/div>\n","protected":false},"excerpt":{"rendered":"<p>Negatoscopio industrial de Mesa modelo FV2010. Este equipo se desarrolla para realizar los requisitos b\u00e1sicos de la norma ISO-5580 para iluminadores radiogr\u00e1ficos industriales. Esta indicado para campos de aplicaci\u00f3n donde se examinan radiograf\u00edas de dimensiones amplias. Las especificaciones del negatoscopio incorporan un \u00e1rea alumbrada con luz LED de alta iluminancia y incre\u00edble uniformidad.<\/p>\n<p>Cuenta con una funci\u00f3n llamada \u201cmascara de luz electr\u00f3nica\u201d con la que unicamente se encienden ciertas \u00e1reas en la pantalla con dimensiones pre-establecidas para no encender el cien % de la pantalla cuando se necesita evaluar radiograf\u00edas de dimensiones peque\u00f1as.<\/p>\n<p>La fuente de luz esta cuidada de tal manera que su vida \u00fatil es extensa en comparaci\u00f3n con otros equipos del mercado. El per\u00edodo de vida teor\u00e9tico fu\u00e9 calculado en aproximadamente 50,000 horas.<\/p>\n<p>Su construcci\u00f3n es muy fuerte y adecuada para el trabajo de campo. Puede ver placas radiogr\u00e1ficas de 4.1 H\/D. Fuente de poder de corriente directa con convertidor AC\/DC. Equipado con \u201cdimmer\u201d (atenuador) para protecci\u00f3n de la fuente de luz. Modo manual y de pedal integrados en el equipo. Ventilador de baja emisi\u00f3n de ruido.<\/p>\n","protected":false},"featured_media":8735,"comment_status":"open","ping_status":"closed","template":"","meta":{"_joinchat":[]},"product_brand":[],"product_cat":[120],"product_tag":[],"class_list":{"0":"post-8730","1":"product","2":"type-product","3":"status-publish","4":"has-post-thumbnail","6":"product_cat-negatoscopios","8":"first","9":"instock","10":"shipping-taxable","11":"product-type-simple"},"yoast_head":"<!-- This site is optimized with the Yoast SEO plugin v26.4 - https:\/\/yoast.com\/wordpress\/plugins\/seo\/ -->\n<title>Negatoscopio de Mesa - FV2010 - Abaa tienda online<\/title>\n<meta name=\"robots\" content=\"index, follow, max-snippet:-1, max-image-preview:large, max-video-preview:-1\" \/>\n<link rel=\"canonical\" href=\"https:\/\/abaa.mx\/tienda\/negatoscopio-de-mesa-fv2010\/\" \/>\n<meta property=\"og:locale\" content=\"es_MX\" \/>\n<meta property=\"og:type\" content=\"article\" \/>\n<meta property=\"og:title\" content=\"Negatoscopio de Mesa - FV2010 - Abaa tienda online\" \/>\n<meta property=\"og:description\" content=\"Negatoscopio industrial de Mesa modelo FV2010. Este equipo se desarrolla para realizar los requisitos b\u00e1sicos de la norma ISO-5580 para iluminadores radiogr\u00e1ficos industriales. Esta indicado para campos de aplicaci\u00f3n donde se examinan radiograf\u00edas de dimensiones amplias. Las especificaciones del negatoscopio incorporan un \u00e1rea alumbrada con luz LED de alta iluminancia y incre\u00edble uniformidad.  Cuenta con una funci\u00f3n llamada \u201cmascara de luz electr\u00f3nica\u201d con la que unicamente se encienden ciertas \u00e1reas en la pantalla con dimensiones pre-establecidas para no encender el cien % de la pantalla cuando se necesita evaluar radiograf\u00edas de dimensiones peque\u00f1as.  La fuente de luz esta cuidada de tal manera que su vida \u00fatil es extensa en comparaci\u00f3n con otros equipos del mercado. El per\u00edodo de vida teor\u00e9tico fu\u00e9 calculado en aproximadamente 50,000 horas.  Su construcci\u00f3n es muy fuerte y adecuada para el trabajo de campo. Puede ver placas radiogr\u00e1ficas de 4.1 H\/D. Fuente de poder de corriente directa con convertidor AC\/DC. Equipado con \u201cdimmer\u201d (atenuador) para protecci\u00f3n de la fuente de luz. Modo manual y de pedal integrados en el equipo. Ventilador de baja emisi\u00f3n de ruido.\" \/>\n<meta property=\"og:url\" content=\"https:\/\/abaa.mx\/tienda\/negatoscopio-de-mesa-fv2010\/\" \/>\n<meta property=\"og:site_name\" content=\"Abaa tienda online\" \/>\n<meta property=\"article:modified_time\" content=\"2023-11-10T15:41:07+00:00\" \/>\n<meta property=\"og:image\" content=\"https:\/\/abaa.mx\/tienda\/wp-content\/uploads\/2023\/11\/LCNDT-FV2010.jpg\" \/>\n\t<meta property=\"og:image:width\" content=\"600\" \/>\n\t<meta property=\"og:image:height\" content=\"468\" \/>\n\t<meta property=\"og:image:type\" content=\"image\/jpeg\" \/>\n<meta name=\"twitter:card\" content=\"summary_large_image\" \/>\n<meta name=\"twitter:label1\" content=\"Tiempo de lectura\" \/>\n\t<meta name=\"twitter:data1\" content=\"1 minuto\" \/>\n<script type=\"application\/ld+json\" class=\"yoast-schema-graph\">{\"@context\":\"https:\/\/schema.org\",\"@graph\":[{\"@type\":\"WebPage\",\"@id\":\"https:\/\/abaa.mx\/tienda\/negatoscopio-de-mesa-fv2010\/\",\"url\":\"https:\/\/abaa.mx\/tienda\/negatoscopio-de-mesa-fv2010\/\",\"name\":\"Negatoscopio de Mesa - FV2010 - Abaa tienda online\",\"isPartOf\":{\"@id\":\"https:\/\/abaa.mx\/tienda\/#website\"},\"primaryImageOfPage\":{\"@id\":\"https:\/\/abaa.mx\/tienda\/negatoscopio-de-mesa-fv2010\/#primaryimage\"},\"image\":{\"@id\":\"https:\/\/abaa.mx\/tienda\/negatoscopio-de-mesa-fv2010\/#primaryimage\"},\"thumbnailUrl\":\"https:\/\/abaa.mx\/tienda\/wp-content\/uploads\/2023\/11\/LCNDT-FV2010.jpg\",\"datePublished\":\"2023-11-10T15:41:06+00:00\",\"dateModified\":\"2023-11-10T15:41:07+00:00\",\"breadcrumb\":{\"@id\":\"https:\/\/abaa.mx\/tienda\/negatoscopio-de-mesa-fv2010\/#breadcrumb\"},\"inLanguage\":\"es\",\"potentialAction\":[{\"@type\":\"ReadAction\",\"target\":[\"https:\/\/abaa.mx\/tienda\/negatoscopio-de-mesa-fv2010\/\"]}]},{\"@type\":\"ImageObject\",\"inLanguage\":\"es\",\"@id\":\"https:\/\/abaa.mx\/tienda\/negatoscopio-de-mesa-fv2010\/#primaryimage\",\"url\":\"https:\/\/abaa.mx\/tienda\/wp-content\/uploads\/2023\/11\/LCNDT-FV2010.jpg\",\"contentUrl\":\"https:\/\/abaa.mx\/tienda\/wp-content\/uploads\/2023\/11\/LCNDT-FV2010.jpg\",\"width\":600,\"height\":468,\"caption\":\"LCNDT-FV2010\"},{\"@type\":\"BreadcrumbList\",\"@id\":\"https:\/\/abaa.mx\/tienda\/negatoscopio-de-mesa-fv2010\/#breadcrumb\",\"itemListElement\":[{\"@type\":\"ListItem\",\"position\":1,\"name\":\"Inicio\",\"item\":\"https:\/\/abaa.mx\/tienda\/\"},{\"@type\":\"ListItem\",\"position\":2,\"name\":\"Tienda\",\"item\":\"https:\/\/abaa.mx\/tienda\/\"},{\"@type\":\"ListItem\",\"position\":3,\"name\":\"Negatoscopio de Mesa &#8211; FV2010\"}]},{\"@type\":\"WebSite\",\"@id\":\"https:\/\/abaa.mx\/tienda\/#website\",\"url\":\"https:\/\/abaa.mx\/tienda\/\",\"name\":\"Abaa tienda online\",\"description\":\"Instrumentos de medici\u00f3n\",\"publisher\":{\"@id\":\"https:\/\/abaa.mx\/tienda\/#organization\"},\"potentialAction\":[{\"@type\":\"SearchAction\",\"target\":{\"@type\":\"EntryPoint\",\"urlTemplate\":\"https:\/\/abaa.mx\/tienda\/?s={search_term_string}\"},\"query-input\":{\"@type\":\"PropertyValueSpecification\",\"valueRequired\":true,\"valueName\":\"search_term_string\"}}],\"inLanguage\":\"es\"},{\"@type\":\"Organization\",\"@id\":\"https:\/\/abaa.mx\/tienda\/#organization\",\"name\":\"Abaa tienda online\",\"url\":\"https:\/\/abaa.mx\/tienda\/\",\"logo\":{\"@type\":\"ImageObject\",\"inLanguage\":\"es\",\"@id\":\"https:\/\/abaa.mx\/tienda\/#\/schema\/logo\/image\/\",\"url\":\"https:\/\/abaa.mx\/tienda\/wp-content\/uploads\/2024\/01\/abaa-metrologia-tienda.png\",\"contentUrl\":\"https:\/\/abaa.mx\/tienda\/wp-content\/uploads\/2024\/01\/abaa-metrologia-tienda.png\",\"width\":300,\"height\":141,\"caption\":\"Abaa tienda online\"},\"image\":{\"@id\":\"https:\/\/abaa.mx\/tienda\/#\/schema\/logo\/image\/\"}}]}<\/script>\n<!-- \/ Yoast SEO plugin. -->","yoast_head_json":{"title":"Negatoscopio de Mesa - FV2010 - Abaa tienda online","robots":{"index":"index","follow":"follow","max-snippet":"max-snippet:-1","max-image-preview":"max-image-preview:large","max-video-preview":"max-video-preview:-1"},"canonical":"https:\/\/abaa.mx\/tienda\/negatoscopio-de-mesa-fv2010\/","og_locale":"es_MX","og_type":"article","og_title":"Negatoscopio de Mesa - FV2010 - Abaa tienda online","og_description":"Negatoscopio industrial de Mesa modelo FV2010. Este equipo se desarrolla para realizar los requisitos b\u00e1sicos de la norma ISO-5580 para iluminadores radiogr\u00e1ficos industriales. Esta indicado para campos de aplicaci\u00f3n donde se examinan radiograf\u00edas de dimensiones amplias. Las especificaciones del negatoscopio incorporan un \u00e1rea alumbrada con luz LED de alta iluminancia y incre\u00edble uniformidad.  Cuenta con una funci\u00f3n llamada \u201cmascara de luz electr\u00f3nica\u201d con la que unicamente se encienden ciertas \u00e1reas en la pantalla con dimensiones pre-establecidas para no encender el cien % de la pantalla cuando se necesita evaluar radiograf\u00edas de dimensiones peque\u00f1as.  La fuente de luz esta cuidada de tal manera que su vida \u00fatil es extensa en comparaci\u00f3n con otros equipos del mercado. El per\u00edodo de vida teor\u00e9tico fu\u00e9 calculado en aproximadamente 50,000 horas.  Su construcci\u00f3n es muy fuerte y adecuada para el trabajo de campo. Puede ver placas radiogr\u00e1ficas de 4.1 H\/D. Fuente de poder de corriente directa con convertidor AC\/DC. Equipado con \u201cdimmer\u201d (atenuador) para protecci\u00f3n de la fuente de luz. Modo manual y de pedal integrados en el equipo. Ventilador de baja emisi\u00f3n de ruido.","og_url":"https:\/\/abaa.mx\/tienda\/negatoscopio-de-mesa-fv2010\/","og_site_name":"Abaa tienda online","article_modified_time":"2023-11-10T15:41:07+00:00","og_image":[{"width":600,"height":468,"url":"https:\/\/abaa.mx\/tienda\/wp-content\/uploads\/2023\/11\/LCNDT-FV2010.jpg","type":"image\/jpeg"}],"twitter_card":"summary_large_image","twitter_misc":{"Tiempo de lectura":"1 minuto"},"schema":{"@context":"https:\/\/schema.org","@graph":[{"@type":"WebPage","@id":"https:\/\/abaa.mx\/tienda\/negatoscopio-de-mesa-fv2010\/","url":"https:\/\/abaa.mx\/tienda\/negatoscopio-de-mesa-fv2010\/","name":"Negatoscopio de Mesa - FV2010 - Abaa tienda online","isPartOf":{"@id":"https:\/\/abaa.mx\/tienda\/#website"},"primaryImageOfPage":{"@id":"https:\/\/abaa.mx\/tienda\/negatoscopio-de-mesa-fv2010\/#primaryimage"},"image":{"@id":"https:\/\/abaa.mx\/tienda\/negatoscopio-de-mesa-fv2010\/#primaryimage"},"thumbnailUrl":"https:\/\/abaa.mx\/tienda\/wp-content\/uploads\/2023\/11\/LCNDT-FV2010.jpg","datePublished":"2023-11-10T15:41:06+00:00","dateModified":"2023-11-10T15:41:07+00:00","breadcrumb":{"@id":"https:\/\/abaa.mx\/tienda\/negatoscopio-de-mesa-fv2010\/#breadcrumb"},"inLanguage":"es","potentialAction":[{"@type":"ReadAction","target":["https:\/\/abaa.mx\/tienda\/negatoscopio-de-mesa-fv2010\/"]}]},{"@type":"ImageObject","inLanguage":"es","@id":"https:\/\/abaa.mx\/tienda\/negatoscopio-de-mesa-fv2010\/#primaryimage","url":"https:\/\/abaa.mx\/tienda\/wp-content\/uploads\/2023\/11\/LCNDT-FV2010.jpg","contentUrl":"https:\/\/abaa.mx\/tienda\/wp-content\/uploads\/2023\/11\/LCNDT-FV2010.jpg","width":600,"height":468,"caption":"LCNDT-FV2010"},{"@type":"BreadcrumbList","@id":"https:\/\/abaa.mx\/tienda\/negatoscopio-de-mesa-fv2010\/#breadcrumb","itemListElement":[{"@type":"ListItem","position":1,"name":"Inicio","item":"https:\/\/abaa.mx\/tienda\/"},{"@type":"ListItem","position":2,"name":"Tienda","item":"https:\/\/abaa.mx\/tienda\/"},{"@type":"ListItem","position":3,"name":"Negatoscopio de Mesa &#8211; FV2010"}]},{"@type":"WebSite","@id":"https:\/\/abaa.mx\/tienda\/#website","url":"https:\/\/abaa.mx\/tienda\/","name":"Abaa tienda online","description":"Instrumentos de medici\u00f3n","publisher":{"@id":"https:\/\/abaa.mx\/tienda\/#organization"},"potentialAction":[{"@type":"SearchAction","target":{"@type":"EntryPoint","urlTemplate":"https:\/\/abaa.mx\/tienda\/?s={search_term_string}"},"query-input":{"@type":"PropertyValueSpecification","valueRequired":true,"valueName":"search_term_string"}}],"inLanguage":"es"},{"@type":"Organization","@id":"https:\/\/abaa.mx\/tienda\/#organization","name":"Abaa tienda online","url":"https:\/\/abaa.mx\/tienda\/","logo":{"@type":"ImageObject","inLanguage":"es","@id":"https:\/\/abaa.mx\/tienda\/#\/schema\/logo\/image\/","url":"https:\/\/abaa.mx\/tienda\/wp-content\/uploads\/2024\/01\/abaa-metrologia-tienda.png","contentUrl":"https:\/\/abaa.mx\/tienda\/wp-content\/uploads\/2024\/01\/abaa-metrologia-tienda.png","width":300,"height":141,"caption":"Abaa tienda online"},"image":{"@id":"https:\/\/abaa.mx\/tienda\/#\/schema\/logo\/image\/"}}]}},"_links":{"self":[{"href":"https:\/\/abaa.mx\/tienda\/wp-json\/wp\/v2\/product\/8730","targetHints":{"allow":["GET"]}}],"collection":[{"href":"https:\/\/abaa.mx\/tienda\/wp-json\/wp\/v2\/product"}],"about":[{"href":"https:\/\/abaa.mx\/tienda\/wp-json\/wp\/v2\/types\/product"}],"replies":[{"embeddable":true,"href":"https:\/\/abaa.mx\/tienda\/wp-json\/wp\/v2\/comments?post=8730"}],"wp:featuredmedia":[{"embeddable":true,"href":"https:\/\/abaa.mx\/tienda\/wp-json\/wp\/v2\/media\/8735"}],"wp:attachment":[{"href":"https:\/\/abaa.mx\/tienda\/wp-json\/wp\/v2\/media?parent=8730"}],"wp:term":[{"taxonomy":"product_brand","embeddable":true,"href":"https:\/\/abaa.mx\/tienda\/wp-json\/wp\/v2\/product_brand?post=8730"},{"taxonomy":"product_cat","embeddable":true,"href":"https:\/\/abaa.mx\/tienda\/wp-json\/wp\/v2\/product_cat?post=8730"},{"taxonomy":"product_tag","embeddable":true,"href":"https:\/\/abaa.mx\/tienda\/wp-json\/wp\/v2\/product_tag?post=8730"}],"curies":[{"name":"wp","href":"https:\/\/api.w.org\/{rel}","templated":true}]}}