{"id":8726,"date":"2023-11-10T14:52:15","date_gmt":"2023-11-10T14:52:15","guid":{"rendered":"https:\/\/abaa.mx\/tienda\/?post_type=product&#038;p=8726"},"modified":"2023-11-10T14:52:15","modified_gmt":"2023-11-10T14:52:15","slug":"multimetro-digital-600v-basico-hioki-dt4224","status":"publish","type":"product","link":"https:\/\/abaa.mx\/tienda\/multimetro-digital-600v-basico-hioki-dt4224\/","title":{"rendered":"Multimetro Digital 600V B\u00e1sico, Hioki &#8211; DT4224"},"content":{"rendered":"<p>Multimetro Digital 600V B\u00e1sico, Hioki &#8211; DT4224.<\/p>\n","protected":false},"excerpt":{"rendered":"<p>La serie de mult\u00edmetros digitales DT4200 de Hioki consta de una extensa selecci\u00f3n de medidores que van desde medidores expertos hasta industriales y de bolsillo, que dan una agilidad de respuesta s\u00faper r\u00e1pida y peculiaridades de seguridad que llevan las pruebas el\u00e9ctricas a un nivel superior. El Hioki DT4224 es un mult\u00edmetro digital de bolsillo con un revolucionario interruptor autom\u00e1tico, funci\u00f3n de prevenci\u00f3n de falsos viajes para prosperar las pruebas de seguridad, capacitancia y funciones de prueba de diodos, perfecto para todos los trabajos el\u00e9ctricos generales. CAT IV 300 V, CAT III 600 V.<\/p>\n<p><b>Caracter\u00edsticas principales:<\/b><\/p>\n<p>\u2022 Dise\u00f1o robusto capaz de resistir una ca\u00edda desde una altura de 1 m.<br \/>\n\u2022 Funci\u00f3n m\u00e1s conveniente: resistencia, medici\u00f3n de capacitancia y prueba de diodos (DT4224).<br \/>\n\u2022 Precisi\u00f3n b\u00e1sica de \u00b1 0,5% DC V, amplia de 40 Hz a 1 kHz Caracter\u00edsticas de frecuencia de CA V.<br \/>\n\u2022 La funci\u00f3n de prevenci\u00f3n de falsos disparos del interruptor autom\u00e1tico ayuda a evitar accidentes resultantes de interruptores que se disparan err\u00f3neamente debido a una entrada incorrecta.<br \/>\n\u2022 Los cables de prueba se envuelven convenientemente alrededor de la parte posterior.<br \/>\n\u2022 Amplio rango de temperatura de funcionamiento de -10 (14 \u00b0 F) a 65 \u00b0 C (149 \u00b0 F).<br \/>\n\u2022 Alcanzar un alto nivel de seguridad en un cuerpo compacto y dise\u00f1o liviano.<\/p>\n<p>\u2022 Luz de fondo de la pantalla.<br \/>\n\u2022 Arm\u00f3nicos altos de filtro de paso bajo (al medir formas de onda de inversor fundamentales).<\/p>\n","protected":false},"featured_media":8727,"comment_status":"open","ping_status":"closed","template":"","meta":{"_joinchat":[]},"product_brand":[],"product_cat":[119],"product_tag":[],"class_list":{"0":"post-8726","1":"product","2":"type-product","3":"status-publish","4":"has-post-thumbnail","6":"product_cat-multimetros-digitales","8":"first","9":"instock","10":"shipping-taxable","11":"product-type-simple"},"yoast_head":"<!-- This site is optimized with the Yoast SEO plugin v26.4 - https:\/\/yoast.com\/wordpress\/plugins\/seo\/ -->\n<title>Multimetro Digital 600V B\u00e1sico, Hioki - DT4224 - Abaa tienda online<\/title>\n<meta name=\"robots\" content=\"index, follow, max-snippet:-1, max-image-preview:large, max-video-preview:-1\" \/>\n<link rel=\"canonical\" href=\"https:\/\/abaa.mx\/tienda\/multimetro-digital-600v-basico-hioki-dt4224\/\" \/>\n<meta property=\"og:locale\" content=\"es_MX\" \/>\n<meta property=\"og:type\" content=\"article\" \/>\n<meta property=\"og:title\" content=\"Multimetro Digital 600V B\u00e1sico, Hioki - DT4224 - Abaa tienda online\" \/>\n<meta property=\"og:description\" content=\"La serie de mult\u00edmetros digitales DT4200 de Hioki consta de una extensa selecci\u00f3n de medidores que van desde medidores expertos hasta industriales y de bolsillo, que dan una agilidad de respuesta s\u00faper r\u00e1pida y peculiaridades de seguridad que llevan las pruebas el\u00e9ctricas a un nivel superior. El Hioki DT4224 es un mult\u00edmetro digital de bolsillo con un revolucionario interruptor autom\u00e1tico, funci\u00f3n de prevenci\u00f3n de falsos viajes para prosperar las pruebas de seguridad, capacitancia y funciones de prueba de diodos, perfecto para todos los trabajos el\u00e9ctricos generales. CAT IV 300 V, CAT III 600 V.  Caracter\u00edsticas principales:  \u2022 Dise\u00f1o robusto capaz de resistir una ca\u00edda desde una altura de 1 m. \u2022 Funci\u00f3n m\u00e1s conveniente: resistencia, medici\u00f3n de capacitancia y prueba de diodos (DT4224). \u2022 Precisi\u00f3n b\u00e1sica de \u00b1 0,5% DC V, amplia de 40 Hz a 1 kHz Caracter\u00edsticas de frecuencia de CA V. \u2022 La funci\u00f3n de prevenci\u00f3n de falsos disparos del interruptor autom\u00e1tico ayuda a evitar accidentes resultantes de interruptores que se disparan err\u00f3neamente debido a una entrada incorrecta. \u2022 Los cables de prueba se envuelven convenientemente alrededor de la parte posterior. \u2022 Amplio rango de temperatura de funcionamiento de -10 (14 \u00b0 F) a 65 \u00b0 C (149 \u00b0 F). \u2022 Alcanzar un alto nivel de seguridad en un cuerpo compacto y dise\u00f1o liviano.  \u2022 Luz de fondo de la pantalla. \u2022 Arm\u00f3nicos altos de filtro de paso bajo (al medir formas de onda de inversor fundamentales).\" \/>\n<meta property=\"og:url\" content=\"https:\/\/abaa.mx\/tienda\/multimetro-digital-600v-basico-hioki-dt4224\/\" \/>\n<meta property=\"og:site_name\" content=\"Abaa tienda online\" \/>\n<meta property=\"og:image\" content=\"https:\/\/abaa.mx\/tienda\/wp-content\/uploads\/2023\/11\/HIOKI-DT4224.jpg\" \/>\n\t<meta property=\"og:image:width\" content=\"413\" \/>\n\t<meta property=\"og:image:height\" content=\"470\" \/>\n\t<meta property=\"og:image:type\" content=\"image\/jpeg\" \/>\n<meta name=\"twitter:card\" content=\"summary_large_image\" \/>\n<meta name=\"twitter:label1\" content=\"Tiempo de lectura\" \/>\n\t<meta name=\"twitter:data1\" content=\"1 minuto\" \/>\n<script type=\"application\/ld+json\" class=\"yoast-schema-graph\">{\"@context\":\"https:\/\/schema.org\",\"@graph\":[{\"@type\":\"WebPage\",\"@id\":\"https:\/\/abaa.mx\/tienda\/multimetro-digital-600v-basico-hioki-dt4224\/\",\"url\":\"https:\/\/abaa.mx\/tienda\/multimetro-digital-600v-basico-hioki-dt4224\/\",\"name\":\"Multimetro Digital 600V B\u00e1sico, Hioki - DT4224 - Abaa tienda online\",\"isPartOf\":{\"@id\":\"https:\/\/abaa.mx\/tienda\/#website\"},\"primaryImageOfPage\":{\"@id\":\"https:\/\/abaa.mx\/tienda\/multimetro-digital-600v-basico-hioki-dt4224\/#primaryimage\"},\"image\":{\"@id\":\"https:\/\/abaa.mx\/tienda\/multimetro-digital-600v-basico-hioki-dt4224\/#primaryimage\"},\"thumbnailUrl\":\"https:\/\/abaa.mx\/tienda\/wp-content\/uploads\/2023\/11\/HIOKI-DT4224.jpg\",\"datePublished\":\"2023-11-10T14:52:15+00:00\",\"breadcrumb\":{\"@id\":\"https:\/\/abaa.mx\/tienda\/multimetro-digital-600v-basico-hioki-dt4224\/#breadcrumb\"},\"inLanguage\":\"es\",\"potentialAction\":[{\"@type\":\"ReadAction\",\"target\":[\"https:\/\/abaa.mx\/tienda\/multimetro-digital-600v-basico-hioki-dt4224\/\"]}]},{\"@type\":\"ImageObject\",\"inLanguage\":\"es\",\"@id\":\"https:\/\/abaa.mx\/tienda\/multimetro-digital-600v-basico-hioki-dt4224\/#primaryimage\",\"url\":\"https:\/\/abaa.mx\/tienda\/wp-content\/uploads\/2023\/11\/HIOKI-DT4224.jpg\",\"contentUrl\":\"https:\/\/abaa.mx\/tienda\/wp-content\/uploads\/2023\/11\/HIOKI-DT4224.jpg\",\"width\":413,\"height\":470,\"caption\":\"HIOKI-DT4224\"},{\"@type\":\"BreadcrumbList\",\"@id\":\"https:\/\/abaa.mx\/tienda\/multimetro-digital-600v-basico-hioki-dt4224\/#breadcrumb\",\"itemListElement\":[{\"@type\":\"ListItem\",\"position\":1,\"name\":\"Inicio\",\"item\":\"https:\/\/abaa.mx\/tienda\/\"},{\"@type\":\"ListItem\",\"position\":2,\"name\":\"Tienda\",\"item\":\"https:\/\/abaa.mx\/tienda\/\"},{\"@type\":\"ListItem\",\"position\":3,\"name\":\"Multimetro Digital 600V B\u00e1sico, Hioki &#8211; DT4224\"}]},{\"@type\":\"WebSite\",\"@id\":\"https:\/\/abaa.mx\/tienda\/#website\",\"url\":\"https:\/\/abaa.mx\/tienda\/\",\"name\":\"Abaa tienda online\",\"description\":\"Instrumentos de medici\u00f3n\",\"publisher\":{\"@id\":\"https:\/\/abaa.mx\/tienda\/#organization\"},\"potentialAction\":[{\"@type\":\"SearchAction\",\"target\":{\"@type\":\"EntryPoint\",\"urlTemplate\":\"https:\/\/abaa.mx\/tienda\/?s={search_term_string}\"},\"query-input\":{\"@type\":\"PropertyValueSpecification\",\"valueRequired\":true,\"valueName\":\"search_term_string\"}}],\"inLanguage\":\"es\"},{\"@type\":\"Organization\",\"@id\":\"https:\/\/abaa.mx\/tienda\/#organization\",\"name\":\"Abaa tienda online\",\"url\":\"https:\/\/abaa.mx\/tienda\/\",\"logo\":{\"@type\":\"ImageObject\",\"inLanguage\":\"es\",\"@id\":\"https:\/\/abaa.mx\/tienda\/#\/schema\/logo\/image\/\",\"url\":\"https:\/\/abaa.mx\/tienda\/wp-content\/uploads\/2024\/01\/abaa-metrologia-tienda.png\",\"contentUrl\":\"https:\/\/abaa.mx\/tienda\/wp-content\/uploads\/2024\/01\/abaa-metrologia-tienda.png\",\"width\":300,\"height\":141,\"caption\":\"Abaa tienda online\"},\"image\":{\"@id\":\"https:\/\/abaa.mx\/tienda\/#\/schema\/logo\/image\/\"}}]}<\/script>\n<!-- \/ Yoast SEO plugin. -->","yoast_head_json":{"title":"Multimetro Digital 600V B\u00e1sico, Hioki - DT4224 - Abaa tienda online","robots":{"index":"index","follow":"follow","max-snippet":"max-snippet:-1","max-image-preview":"max-image-preview:large","max-video-preview":"max-video-preview:-1"},"canonical":"https:\/\/abaa.mx\/tienda\/multimetro-digital-600v-basico-hioki-dt4224\/","og_locale":"es_MX","og_type":"article","og_title":"Multimetro Digital 600V B\u00e1sico, Hioki - DT4224 - Abaa tienda online","og_description":"La serie de mult\u00edmetros digitales DT4200 de Hioki consta de una extensa selecci\u00f3n de medidores que van desde medidores expertos hasta industriales y de bolsillo, que dan una agilidad de respuesta s\u00faper r\u00e1pida y peculiaridades de seguridad que llevan las pruebas el\u00e9ctricas a un nivel superior. El Hioki DT4224 es un mult\u00edmetro digital de bolsillo con un revolucionario interruptor autom\u00e1tico, funci\u00f3n de prevenci\u00f3n de falsos viajes para prosperar las pruebas de seguridad, capacitancia y funciones de prueba de diodos, perfecto para todos los trabajos el\u00e9ctricos generales. CAT IV 300 V, CAT III 600 V.  Caracter\u00edsticas principales:  \u2022 Dise\u00f1o robusto capaz de resistir una ca\u00edda desde una altura de 1 m. \u2022 Funci\u00f3n m\u00e1s conveniente: resistencia, medici\u00f3n de capacitancia y prueba de diodos (DT4224). \u2022 Precisi\u00f3n b\u00e1sica de \u00b1 0,5% DC V, amplia de 40 Hz a 1 kHz Caracter\u00edsticas de frecuencia de CA V. \u2022 La funci\u00f3n de prevenci\u00f3n de falsos disparos del interruptor autom\u00e1tico ayuda a evitar accidentes resultantes de interruptores que se disparan err\u00f3neamente debido a una entrada incorrecta. \u2022 Los cables de prueba se envuelven convenientemente alrededor de la parte posterior. \u2022 Amplio rango de temperatura de funcionamiento de -10 (14 \u00b0 F) a 65 \u00b0 C (149 \u00b0 F). \u2022 Alcanzar un alto nivel de seguridad en un cuerpo compacto y dise\u00f1o liviano.  \u2022 Luz de fondo de la pantalla. \u2022 Arm\u00f3nicos altos de filtro de paso bajo (al medir formas de onda de inversor fundamentales).","og_url":"https:\/\/abaa.mx\/tienda\/multimetro-digital-600v-basico-hioki-dt4224\/","og_site_name":"Abaa tienda online","og_image":[{"width":413,"height":470,"url":"https:\/\/abaa.mx\/tienda\/wp-content\/uploads\/2023\/11\/HIOKI-DT4224.jpg","type":"image\/jpeg"}],"twitter_card":"summary_large_image","twitter_misc":{"Tiempo de lectura":"1 minuto"},"schema":{"@context":"https:\/\/schema.org","@graph":[{"@type":"WebPage","@id":"https:\/\/abaa.mx\/tienda\/multimetro-digital-600v-basico-hioki-dt4224\/","url":"https:\/\/abaa.mx\/tienda\/multimetro-digital-600v-basico-hioki-dt4224\/","name":"Multimetro Digital 600V B\u00e1sico, Hioki - DT4224 - Abaa tienda online","isPartOf":{"@id":"https:\/\/abaa.mx\/tienda\/#website"},"primaryImageOfPage":{"@id":"https:\/\/abaa.mx\/tienda\/multimetro-digital-600v-basico-hioki-dt4224\/#primaryimage"},"image":{"@id":"https:\/\/abaa.mx\/tienda\/multimetro-digital-600v-basico-hioki-dt4224\/#primaryimage"},"thumbnailUrl":"https:\/\/abaa.mx\/tienda\/wp-content\/uploads\/2023\/11\/HIOKI-DT4224.jpg","datePublished":"2023-11-10T14:52:15+00:00","breadcrumb":{"@id":"https:\/\/abaa.mx\/tienda\/multimetro-digital-600v-basico-hioki-dt4224\/#breadcrumb"},"inLanguage":"es","potentialAction":[{"@type":"ReadAction","target":["https:\/\/abaa.mx\/tienda\/multimetro-digital-600v-basico-hioki-dt4224\/"]}]},{"@type":"ImageObject","inLanguage":"es","@id":"https:\/\/abaa.mx\/tienda\/multimetro-digital-600v-basico-hioki-dt4224\/#primaryimage","url":"https:\/\/abaa.mx\/tienda\/wp-content\/uploads\/2023\/11\/HIOKI-DT4224.jpg","contentUrl":"https:\/\/abaa.mx\/tienda\/wp-content\/uploads\/2023\/11\/HIOKI-DT4224.jpg","width":413,"height":470,"caption":"HIOKI-DT4224"},{"@type":"BreadcrumbList","@id":"https:\/\/abaa.mx\/tienda\/multimetro-digital-600v-basico-hioki-dt4224\/#breadcrumb","itemListElement":[{"@type":"ListItem","position":1,"name":"Inicio","item":"https:\/\/abaa.mx\/tienda\/"},{"@type":"ListItem","position":2,"name":"Tienda","item":"https:\/\/abaa.mx\/tienda\/"},{"@type":"ListItem","position":3,"name":"Multimetro Digital 600V B\u00e1sico, Hioki &#8211; DT4224"}]},{"@type":"WebSite","@id":"https:\/\/abaa.mx\/tienda\/#website","url":"https:\/\/abaa.mx\/tienda\/","name":"Abaa tienda online","description":"Instrumentos de medici\u00f3n","publisher":{"@id":"https:\/\/abaa.mx\/tienda\/#organization"},"potentialAction":[{"@type":"SearchAction","target":{"@type":"EntryPoint","urlTemplate":"https:\/\/abaa.mx\/tienda\/?s={search_term_string}"},"query-input":{"@type":"PropertyValueSpecification","valueRequired":true,"valueName":"search_term_string"}}],"inLanguage":"es"},{"@type":"Organization","@id":"https:\/\/abaa.mx\/tienda\/#organization","name":"Abaa tienda online","url":"https:\/\/abaa.mx\/tienda\/","logo":{"@type":"ImageObject","inLanguage":"es","@id":"https:\/\/abaa.mx\/tienda\/#\/schema\/logo\/image\/","url":"https:\/\/abaa.mx\/tienda\/wp-content\/uploads\/2024\/01\/abaa-metrologia-tienda.png","contentUrl":"https:\/\/abaa.mx\/tienda\/wp-content\/uploads\/2024\/01\/abaa-metrologia-tienda.png","width":300,"height":141,"caption":"Abaa tienda online"},"image":{"@id":"https:\/\/abaa.mx\/tienda\/#\/schema\/logo\/image\/"}}]}},"_links":{"self":[{"href":"https:\/\/abaa.mx\/tienda\/wp-json\/wp\/v2\/product\/8726","targetHints":{"allow":["GET"]}}],"collection":[{"href":"https:\/\/abaa.mx\/tienda\/wp-json\/wp\/v2\/product"}],"about":[{"href":"https:\/\/abaa.mx\/tienda\/wp-json\/wp\/v2\/types\/product"}],"replies":[{"embeddable":true,"href":"https:\/\/abaa.mx\/tienda\/wp-json\/wp\/v2\/comments?post=8726"}],"wp:featuredmedia":[{"embeddable":true,"href":"https:\/\/abaa.mx\/tienda\/wp-json\/wp\/v2\/media\/8727"}],"wp:attachment":[{"href":"https:\/\/abaa.mx\/tienda\/wp-json\/wp\/v2\/media?parent=8726"}],"wp:term":[{"taxonomy":"product_brand","embeddable":true,"href":"https:\/\/abaa.mx\/tienda\/wp-json\/wp\/v2\/product_brand?post=8726"},{"taxonomy":"product_cat","embeddable":true,"href":"https:\/\/abaa.mx\/tienda\/wp-json\/wp\/v2\/product_cat?post=8726"},{"taxonomy":"product_tag","embeddable":true,"href":"https:\/\/abaa.mx\/tienda\/wp-json\/wp\/v2\/product_tag?post=8726"}],"curies":[{"name":"wp","href":"https:\/\/api.w.org\/{rel}","templated":true}]}}