{"id":8719,"date":"2023-11-09T21:01:53","date_gmt":"2023-11-09T21:01:53","guid":{"rendered":"https:\/\/abaa.mx\/tienda\/?post_type=product&#038;p=8719"},"modified":"2023-11-09T21:02:31","modified_gmt":"2023-11-09T21:02:31","slug":"multimetro-digital-standard-terminales-protegidas-hioki-dt4255","status":"publish","type":"product","link":"https:\/\/abaa.mx\/tienda\/multimetro-digital-standard-terminales-protegidas-hioki-dt4255\/","title":{"rendered":"Multimetro Digital Standard Terminales Protegidas, Hioki &#8211; DT4255"},"content":{"rendered":"<p>Multimetro Digital Standard Terminales Protegidas, Hioki &#8211; DT4255.<\/p>\n","protected":false},"excerpt":{"rendered":"<p>Las series de mult\u00edmetros digitales DT4200 de Hioki consisten en una l\u00ednea completa de 9 modelos que van desde medidores profesionales hasta industriales y de bolsillo, que ofrecen una velocidad de respuesta s\u00faper r\u00e1pida y caracter\u00edsticas de seguridad que llevan las pruebas el\u00e9ctricas a un nivel superior. El DT4255 es un mult\u00edmetro digital dise\u00f1ado para la m\u00e1xima seguridad con terminales de medici\u00f3n de voltaje protegidos por un fusible. CAT IV 600 V, CAT III 1000 V.<\/p>\n<p><b>Caracter\u00edsticas principales:<\/b><\/p>\n<ul>\n<li>El filtro de paso bajo (100 Hz\/500 Hz) corta los arm\u00f3nicos altos (al medir las formas de onda fundamentales del inversor).<\/li>\n<li>Precisi\u00f3n b\u00e1sica de \u00b1 0.3% de CC V, amplia de 40 Hz a 1 kHz caracter\u00edsticas de frecuencia de CA V.<\/li>\n<li>M\u00e1xima seguridad en el campo al evitar por completo accidentes de cortocircuito con terminales de medici\u00f3n fusionados y resistencia limitadora de corriente.<\/li>\n<li>Conectar a la PC con la funci\u00f3n de comunicaci\u00f3n USB (opcional).<\/li>\n<li>Amplio rango de temperatura de funcionamiento de -25\u00b0C (-13\u00b0F) a 65\u00b0C (149\u00b0F).<\/li>\n<\/ul>\n","protected":false},"featured_media":8723,"comment_status":"open","ping_status":"closed","template":"","meta":{"_joinchat":[]},"product_brand":[],"product_cat":[119],"product_tag":[],"class_list":{"0":"post-8719","1":"product","2":"type-product","3":"status-publish","4":"has-post-thumbnail","6":"product_cat-multimetros-digitales","8":"first","9":"instock","10":"shipping-taxable","11":"product-type-simple"},"yoast_head":"<!-- This site is optimized with the Yoast SEO plugin v26.4 - https:\/\/yoast.com\/wordpress\/plugins\/seo\/ -->\n<title>Multimetro Digital Standard Terminales Protegidas, Hioki - DT4255 - Abaa tienda online<\/title>\n<meta name=\"robots\" content=\"index, follow, max-snippet:-1, max-image-preview:large, max-video-preview:-1\" \/>\n<link rel=\"canonical\" href=\"https:\/\/abaa.mx\/tienda\/multimetro-digital-standard-terminales-protegidas-hioki-dt4255\/\" \/>\n<meta property=\"og:locale\" content=\"es_MX\" \/>\n<meta property=\"og:type\" content=\"article\" \/>\n<meta property=\"og:title\" content=\"Multimetro Digital Standard Terminales Protegidas, Hioki - DT4255 - Abaa tienda online\" \/>\n<meta property=\"og:description\" content=\"Las series de mult\u00edmetros digitales DT4200 de Hioki consisten en una l\u00ednea completa de 9 modelos que van desde medidores profesionales hasta industriales y de bolsillo, que ofrecen una velocidad de respuesta s\u00faper r\u00e1pida y caracter\u00edsticas de seguridad que llevan las pruebas el\u00e9ctricas a un nivel superior. El DT4255 es un mult\u00edmetro digital dise\u00f1ado para la m\u00e1xima seguridad con terminales de medici\u00f3n de voltaje protegidos por un fusible. CAT IV 600 V, CAT III 1000 V.  Caracter\u00edsticas principales:   El filtro de paso bajo (100 Hz\/500 Hz) corta los arm\u00f3nicos altos (al medir las formas de onda fundamentales del inversor).  Precisi\u00f3n b\u00e1sica de \u00b1 0.3% de CC V, amplia de 40 Hz a 1 kHz caracter\u00edsticas de frecuencia de CA V.  M\u00e1xima seguridad en el campo al evitar por completo accidentes de cortocircuito con terminales de medici\u00f3n fusionados y resistencia limitadora de corriente.  Conectar a la PC con la funci\u00f3n de comunicaci\u00f3n USB (opcional).  Amplio rango de temperatura de funcionamiento de -25\u00b0C (-13\u00b0F) a 65\u00b0C (149\u00b0F).\" \/>\n<meta property=\"og:url\" content=\"https:\/\/abaa.mx\/tienda\/multimetro-digital-standard-terminales-protegidas-hioki-dt4255\/\" \/>\n<meta property=\"og:site_name\" content=\"Abaa tienda online\" \/>\n<meta property=\"article:modified_time\" content=\"2023-11-09T21:02:31+00:00\" \/>\n<meta property=\"og:image\" content=\"https:\/\/abaa.mx\/tienda\/wp-content\/uploads\/2023\/11\/HIOKI-DT4255.jpg\" \/>\n\t<meta property=\"og:image:width\" content=\"362\" \/>\n\t<meta property=\"og:image:height\" content=\"434\" \/>\n\t<meta property=\"og:image:type\" content=\"image\/jpeg\" \/>\n<meta name=\"twitter:card\" content=\"summary_large_image\" \/>\n<meta name=\"twitter:label1\" content=\"Tiempo de lectura\" \/>\n\t<meta name=\"twitter:data1\" content=\"1 minuto\" \/>\n<script type=\"application\/ld+json\" class=\"yoast-schema-graph\">{\"@context\":\"https:\/\/schema.org\",\"@graph\":[{\"@type\":\"WebPage\",\"@id\":\"https:\/\/abaa.mx\/tienda\/multimetro-digital-standard-terminales-protegidas-hioki-dt4255\/\",\"url\":\"https:\/\/abaa.mx\/tienda\/multimetro-digital-standard-terminales-protegidas-hioki-dt4255\/\",\"name\":\"Multimetro Digital Standard Terminales Protegidas, Hioki - DT4255 - Abaa tienda online\",\"isPartOf\":{\"@id\":\"https:\/\/abaa.mx\/tienda\/#website\"},\"primaryImageOfPage\":{\"@id\":\"https:\/\/abaa.mx\/tienda\/multimetro-digital-standard-terminales-protegidas-hioki-dt4255\/#primaryimage\"},\"image\":{\"@id\":\"https:\/\/abaa.mx\/tienda\/multimetro-digital-standard-terminales-protegidas-hioki-dt4255\/#primaryimage\"},\"thumbnailUrl\":\"https:\/\/abaa.mx\/tienda\/wp-content\/uploads\/2023\/11\/HIOKI-DT4255.jpg\",\"datePublished\":\"2023-11-09T21:01:53+00:00\",\"dateModified\":\"2023-11-09T21:02:31+00:00\",\"breadcrumb\":{\"@id\":\"https:\/\/abaa.mx\/tienda\/multimetro-digital-standard-terminales-protegidas-hioki-dt4255\/#breadcrumb\"},\"inLanguage\":\"es\",\"potentialAction\":[{\"@type\":\"ReadAction\",\"target\":[\"https:\/\/abaa.mx\/tienda\/multimetro-digital-standard-terminales-protegidas-hioki-dt4255\/\"]}]},{\"@type\":\"ImageObject\",\"inLanguage\":\"es\",\"@id\":\"https:\/\/abaa.mx\/tienda\/multimetro-digital-standard-terminales-protegidas-hioki-dt4255\/#primaryimage\",\"url\":\"https:\/\/abaa.mx\/tienda\/wp-content\/uploads\/2023\/11\/HIOKI-DT4255.jpg\",\"contentUrl\":\"https:\/\/abaa.mx\/tienda\/wp-content\/uploads\/2023\/11\/HIOKI-DT4255.jpg\",\"width\":362,\"height\":434,\"caption\":\"Multimetro Digital Standard Terminales Protegidas, Hioki - DT4255\"},{\"@type\":\"BreadcrumbList\",\"@id\":\"https:\/\/abaa.mx\/tienda\/multimetro-digital-standard-terminales-protegidas-hioki-dt4255\/#breadcrumb\",\"itemListElement\":[{\"@type\":\"ListItem\",\"position\":1,\"name\":\"Inicio\",\"item\":\"https:\/\/abaa.mx\/tienda\/\"},{\"@type\":\"ListItem\",\"position\":2,\"name\":\"Tienda\",\"item\":\"https:\/\/abaa.mx\/tienda\/\"},{\"@type\":\"ListItem\",\"position\":3,\"name\":\"Multimetro Digital Standard Terminales Protegidas, Hioki &#8211; DT4255\"}]},{\"@type\":\"WebSite\",\"@id\":\"https:\/\/abaa.mx\/tienda\/#website\",\"url\":\"https:\/\/abaa.mx\/tienda\/\",\"name\":\"Abaa tienda online\",\"description\":\"Instrumentos de medici\u00f3n\",\"publisher\":{\"@id\":\"https:\/\/abaa.mx\/tienda\/#organization\"},\"potentialAction\":[{\"@type\":\"SearchAction\",\"target\":{\"@type\":\"EntryPoint\",\"urlTemplate\":\"https:\/\/abaa.mx\/tienda\/?s={search_term_string}\"},\"query-input\":{\"@type\":\"PropertyValueSpecification\",\"valueRequired\":true,\"valueName\":\"search_term_string\"}}],\"inLanguage\":\"es\"},{\"@type\":\"Organization\",\"@id\":\"https:\/\/abaa.mx\/tienda\/#organization\",\"name\":\"Abaa tienda online\",\"url\":\"https:\/\/abaa.mx\/tienda\/\",\"logo\":{\"@type\":\"ImageObject\",\"inLanguage\":\"es\",\"@id\":\"https:\/\/abaa.mx\/tienda\/#\/schema\/logo\/image\/\",\"url\":\"https:\/\/abaa.mx\/tienda\/wp-content\/uploads\/2024\/01\/abaa-metrologia-tienda.png\",\"contentUrl\":\"https:\/\/abaa.mx\/tienda\/wp-content\/uploads\/2024\/01\/abaa-metrologia-tienda.png\",\"width\":300,\"height\":141,\"caption\":\"Abaa tienda online\"},\"image\":{\"@id\":\"https:\/\/abaa.mx\/tienda\/#\/schema\/logo\/image\/\"}}]}<\/script>\n<!-- \/ Yoast SEO plugin. -->","yoast_head_json":{"title":"Multimetro Digital Standard Terminales Protegidas, Hioki - DT4255 - Abaa tienda online","robots":{"index":"index","follow":"follow","max-snippet":"max-snippet:-1","max-image-preview":"max-image-preview:large","max-video-preview":"max-video-preview:-1"},"canonical":"https:\/\/abaa.mx\/tienda\/multimetro-digital-standard-terminales-protegidas-hioki-dt4255\/","og_locale":"es_MX","og_type":"article","og_title":"Multimetro Digital Standard Terminales Protegidas, Hioki - DT4255 - Abaa tienda online","og_description":"Las series de mult\u00edmetros digitales DT4200 de Hioki consisten en una l\u00ednea completa de 9 modelos que van desde medidores profesionales hasta industriales y de bolsillo, que ofrecen una velocidad de respuesta s\u00faper r\u00e1pida y caracter\u00edsticas de seguridad que llevan las pruebas el\u00e9ctricas a un nivel superior. El DT4255 es un mult\u00edmetro digital dise\u00f1ado para la m\u00e1xima seguridad con terminales de medici\u00f3n de voltaje protegidos por un fusible. CAT IV 600 V, CAT III 1000 V.  Caracter\u00edsticas principales:   El filtro de paso bajo (100 Hz\/500 Hz) corta los arm\u00f3nicos altos (al medir las formas de onda fundamentales del inversor).  Precisi\u00f3n b\u00e1sica de \u00b1 0.3% de CC V, amplia de 40 Hz a 1 kHz caracter\u00edsticas de frecuencia de CA V.  M\u00e1xima seguridad en el campo al evitar por completo accidentes de cortocircuito con terminales de medici\u00f3n fusionados y resistencia limitadora de corriente.  Conectar a la PC con la funci\u00f3n de comunicaci\u00f3n USB (opcional).  Amplio rango de temperatura de funcionamiento de -25\u00b0C (-13\u00b0F) a 65\u00b0C (149\u00b0F).","og_url":"https:\/\/abaa.mx\/tienda\/multimetro-digital-standard-terminales-protegidas-hioki-dt4255\/","og_site_name":"Abaa tienda online","article_modified_time":"2023-11-09T21:02:31+00:00","og_image":[{"width":362,"height":434,"url":"https:\/\/abaa.mx\/tienda\/wp-content\/uploads\/2023\/11\/HIOKI-DT4255.jpg","type":"image\/jpeg"}],"twitter_card":"summary_large_image","twitter_misc":{"Tiempo de lectura":"1 minuto"},"schema":{"@context":"https:\/\/schema.org","@graph":[{"@type":"WebPage","@id":"https:\/\/abaa.mx\/tienda\/multimetro-digital-standard-terminales-protegidas-hioki-dt4255\/","url":"https:\/\/abaa.mx\/tienda\/multimetro-digital-standard-terminales-protegidas-hioki-dt4255\/","name":"Multimetro Digital Standard Terminales Protegidas, Hioki - DT4255 - Abaa tienda online","isPartOf":{"@id":"https:\/\/abaa.mx\/tienda\/#website"},"primaryImageOfPage":{"@id":"https:\/\/abaa.mx\/tienda\/multimetro-digital-standard-terminales-protegidas-hioki-dt4255\/#primaryimage"},"image":{"@id":"https:\/\/abaa.mx\/tienda\/multimetro-digital-standard-terminales-protegidas-hioki-dt4255\/#primaryimage"},"thumbnailUrl":"https:\/\/abaa.mx\/tienda\/wp-content\/uploads\/2023\/11\/HIOKI-DT4255.jpg","datePublished":"2023-11-09T21:01:53+00:00","dateModified":"2023-11-09T21:02:31+00:00","breadcrumb":{"@id":"https:\/\/abaa.mx\/tienda\/multimetro-digital-standard-terminales-protegidas-hioki-dt4255\/#breadcrumb"},"inLanguage":"es","potentialAction":[{"@type":"ReadAction","target":["https:\/\/abaa.mx\/tienda\/multimetro-digital-standard-terminales-protegidas-hioki-dt4255\/"]}]},{"@type":"ImageObject","inLanguage":"es","@id":"https:\/\/abaa.mx\/tienda\/multimetro-digital-standard-terminales-protegidas-hioki-dt4255\/#primaryimage","url":"https:\/\/abaa.mx\/tienda\/wp-content\/uploads\/2023\/11\/HIOKI-DT4255.jpg","contentUrl":"https:\/\/abaa.mx\/tienda\/wp-content\/uploads\/2023\/11\/HIOKI-DT4255.jpg","width":362,"height":434,"caption":"Multimetro Digital Standard Terminales Protegidas, Hioki - DT4255"},{"@type":"BreadcrumbList","@id":"https:\/\/abaa.mx\/tienda\/multimetro-digital-standard-terminales-protegidas-hioki-dt4255\/#breadcrumb","itemListElement":[{"@type":"ListItem","position":1,"name":"Inicio","item":"https:\/\/abaa.mx\/tienda\/"},{"@type":"ListItem","position":2,"name":"Tienda","item":"https:\/\/abaa.mx\/tienda\/"},{"@type":"ListItem","position":3,"name":"Multimetro Digital Standard Terminales Protegidas, Hioki &#8211; DT4255"}]},{"@type":"WebSite","@id":"https:\/\/abaa.mx\/tienda\/#website","url":"https:\/\/abaa.mx\/tienda\/","name":"Abaa tienda online","description":"Instrumentos de medici\u00f3n","publisher":{"@id":"https:\/\/abaa.mx\/tienda\/#organization"},"potentialAction":[{"@type":"SearchAction","target":{"@type":"EntryPoint","urlTemplate":"https:\/\/abaa.mx\/tienda\/?s={search_term_string}"},"query-input":{"@type":"PropertyValueSpecification","valueRequired":true,"valueName":"search_term_string"}}],"inLanguage":"es"},{"@type":"Organization","@id":"https:\/\/abaa.mx\/tienda\/#organization","name":"Abaa tienda online","url":"https:\/\/abaa.mx\/tienda\/","logo":{"@type":"ImageObject","inLanguage":"es","@id":"https:\/\/abaa.mx\/tienda\/#\/schema\/logo\/image\/","url":"https:\/\/abaa.mx\/tienda\/wp-content\/uploads\/2024\/01\/abaa-metrologia-tienda.png","contentUrl":"https:\/\/abaa.mx\/tienda\/wp-content\/uploads\/2024\/01\/abaa-metrologia-tienda.png","width":300,"height":141,"caption":"Abaa tienda online"},"image":{"@id":"https:\/\/abaa.mx\/tienda\/#\/schema\/logo\/image\/"}}]}},"_links":{"self":[{"href":"https:\/\/abaa.mx\/tienda\/wp-json\/wp\/v2\/product\/8719","targetHints":{"allow":["GET"]}}],"collection":[{"href":"https:\/\/abaa.mx\/tienda\/wp-json\/wp\/v2\/product"}],"about":[{"href":"https:\/\/abaa.mx\/tienda\/wp-json\/wp\/v2\/types\/product"}],"replies":[{"embeddable":true,"href":"https:\/\/abaa.mx\/tienda\/wp-json\/wp\/v2\/comments?post=8719"}],"wp:featuredmedia":[{"embeddable":true,"href":"https:\/\/abaa.mx\/tienda\/wp-json\/wp\/v2\/media\/8723"}],"wp:attachment":[{"href":"https:\/\/abaa.mx\/tienda\/wp-json\/wp\/v2\/media?parent=8719"}],"wp:term":[{"taxonomy":"product_brand","embeddable":true,"href":"https:\/\/abaa.mx\/tienda\/wp-json\/wp\/v2\/product_brand?post=8719"},{"taxonomy":"product_cat","embeddable":true,"href":"https:\/\/abaa.mx\/tienda\/wp-json\/wp\/v2\/product_cat?post=8719"},{"taxonomy":"product_tag","embeddable":true,"href":"https:\/\/abaa.mx\/tienda\/wp-json\/wp\/v2\/product_tag?post=8719"}],"curies":[{"name":"wp","href":"https:\/\/api.w.org\/{rel}","templated":true}]}}