{"id":8713,"date":"2023-11-09T20:38:36","date_gmt":"2023-11-09T20:38:36","guid":{"rendered":"https:\/\/abaa.mx\/tienda\/?post_type=product&#038;p=8713"},"modified":"2023-11-09T20:38:37","modified_gmt":"2023-11-09T20:38:37","slug":"multimetro-digital-advanced-high-precision-laboratorio-de-calidad-hioki-dt4282","status":"publish","type":"product","link":"https:\/\/abaa.mx\/tienda\/multimetro-digital-advanced-high-precision-laboratorio-de-calidad-hioki-dt4282\/","title":{"rendered":"Mult\u00edmetro Digital Advanced High Precision Laboratorio de calidad, Hioki &#8211; DT4282"},"content":{"rendered":"<p>Mult\u00edmetro Digital Advanced High Precision Laboratorio de calidad, Hioki &#8211; DT4282.<\/p>\n","protected":false},"excerpt":{"rendered":"<p>La serie de mult\u00edmetros digitales Hioki DT4200 consta de una l\u00ednea completa de 9 modelos que van desde expertos hasta industriales y de bolsillo. El DT4282 es un mult\u00edmetro digital de 60,000 conteos de alta precisi\u00f3n con entrada directa de 10A y todas y cada una de las funciones y peculiaridades requeridas para pruebas destacadas en laboratorios y tambi\u00e9n I + D. CAT IV 600 V, CAT III 1000 V.<\/p>\n<p><b>Caracter\u00edsticas principales:<\/b><\/p>\n<ul>\n<li>Pantalla de 60,000, 5 d\u00edgitos, mediciones de alta resoluci\u00f3n.<\/li>\n<li>Precisi\u00f3n b\u00e1sica de \u00b1 0.025% DC V, amplia de 20 Hz a 100 kHz Caracter\u00edsticas de frecuencia de CA V.<\/li>\n<li>El filtro de paso bajo corta los arm\u00f3nicos altos (cuando se miden las formas de onda fundamentales del inversor).<\/li>\n<li>Incluye m\u00faltiples funciones de medici\u00f3n como DC + ACV, temperatura, capacitancia y frecuencia.<\/li>\n<li>Incluye mecanismo de obturador de terminal para la prevenci\u00f3n de accidentes (evita la inserci\u00f3n err\u00f3nea del cable de prueba).<\/li>\n<li>La funci\u00f3n de comunicaciones USB admite mediciones de PC (opcional).<\/li>\n<li>Amplio rango de temperatura de funcionamiento de -15 (5\u00b0F) a 55\u00b0C (131\u00b0F) terminales de entrada de abrazadera directa y actual.<\/li>\n<\/ul>\n","protected":false},"featured_media":8714,"comment_status":"open","ping_status":"closed","template":"","meta":{"_joinchat":[]},"product_brand":[],"product_cat":[119],"product_tag":[],"class_list":{"0":"post-8713","1":"product","2":"type-product","3":"status-publish","4":"has-post-thumbnail","6":"product_cat-multimetros-digitales","8":"first","9":"instock","10":"shipping-taxable","11":"product-type-simple"},"yoast_head":"<!-- This site is optimized with the Yoast SEO plugin v26.4 - https:\/\/yoast.com\/wordpress\/plugins\/seo\/ -->\n<title>Mult\u00edmetro Digital Advanced High Precision Laboratorio de calidad, Hioki - DT4282 - Abaa tienda online<\/title>\n<meta name=\"robots\" content=\"index, follow, max-snippet:-1, max-image-preview:large, max-video-preview:-1\" \/>\n<link rel=\"canonical\" href=\"https:\/\/abaa.mx\/tienda\/multimetro-digital-advanced-high-precision-laboratorio-de-calidad-hioki-dt4282\/\" \/>\n<meta property=\"og:locale\" content=\"es_MX\" \/>\n<meta property=\"og:type\" content=\"article\" \/>\n<meta property=\"og:title\" content=\"Mult\u00edmetro Digital Advanced High Precision Laboratorio de calidad, Hioki - DT4282 - Abaa tienda online\" \/>\n<meta property=\"og:description\" content=\"La serie de mult\u00edmetros digitales Hioki DT4200 consta de una l\u00ednea completa de 9 modelos que van desde expertos hasta industriales y de bolsillo. El DT4282 es un mult\u00edmetro digital de 60,000 conteos de alta precisi\u00f3n con entrada directa de 10A y todas y cada una de las funciones y peculiaridades requeridas para pruebas destacadas en laboratorios y tambi\u00e9n I + D. CAT IV 600 V, CAT III 1000 V.  Caracter\u00edsticas principales:   Pantalla de 60,000, 5 d\u00edgitos, mediciones de alta resoluci\u00f3n.  Precisi\u00f3n b\u00e1sica de \u00b1 0.025% DC V, amplia de 20 Hz a 100 kHz Caracter\u00edsticas de frecuencia de CA V.  El filtro de paso bajo corta los arm\u00f3nicos altos (cuando se miden las formas de onda fundamentales del inversor).  Incluye m\u00faltiples funciones de medici\u00f3n como DC + ACV, temperatura, capacitancia y frecuencia.  Incluye mecanismo de obturador de terminal para la prevenci\u00f3n de accidentes (evita la inserci\u00f3n err\u00f3nea del cable de prueba).  La funci\u00f3n de comunicaciones USB admite mediciones de PC (opcional).  Amplio rango de temperatura de funcionamiento de -15 (5\u00b0F) a 55\u00b0C (131\u00b0F) terminales de entrada de abrazadera directa y actual.\" \/>\n<meta property=\"og:url\" content=\"https:\/\/abaa.mx\/tienda\/multimetro-digital-advanced-high-precision-laboratorio-de-calidad-hioki-dt4282\/\" \/>\n<meta property=\"og:site_name\" content=\"Abaa tienda online\" \/>\n<meta property=\"article:modified_time\" content=\"2023-11-09T20:38:37+00:00\" \/>\n<meta property=\"og:image\" content=\"https:\/\/abaa.mx\/tienda\/wp-content\/uploads\/2023\/11\/HIOKI-DT4282.jpg\" \/>\n\t<meta property=\"og:image:width\" content=\"428\" \/>\n\t<meta property=\"og:image:height\" content=\"454\" \/>\n\t<meta property=\"og:image:type\" content=\"image\/jpeg\" \/>\n<meta name=\"twitter:card\" content=\"summary_large_image\" \/>\n<meta name=\"twitter:label1\" content=\"Tiempo de lectura\" \/>\n\t<meta name=\"twitter:data1\" content=\"1 minuto\" \/>\n<script type=\"application\/ld+json\" class=\"yoast-schema-graph\">{\"@context\":\"https:\/\/schema.org\",\"@graph\":[{\"@type\":\"WebPage\",\"@id\":\"https:\/\/abaa.mx\/tienda\/multimetro-digital-advanced-high-precision-laboratorio-de-calidad-hioki-dt4282\/\",\"url\":\"https:\/\/abaa.mx\/tienda\/multimetro-digital-advanced-high-precision-laboratorio-de-calidad-hioki-dt4282\/\",\"name\":\"Mult\u00edmetro Digital Advanced High Precision Laboratorio de calidad, Hioki - DT4282 - Abaa tienda online\",\"isPartOf\":{\"@id\":\"https:\/\/abaa.mx\/tienda\/#website\"},\"primaryImageOfPage\":{\"@id\":\"https:\/\/abaa.mx\/tienda\/multimetro-digital-advanced-high-precision-laboratorio-de-calidad-hioki-dt4282\/#primaryimage\"},\"image\":{\"@id\":\"https:\/\/abaa.mx\/tienda\/multimetro-digital-advanced-high-precision-laboratorio-de-calidad-hioki-dt4282\/#primaryimage\"},\"thumbnailUrl\":\"https:\/\/abaa.mx\/tienda\/wp-content\/uploads\/2023\/11\/HIOKI-DT4282.jpg\",\"datePublished\":\"2023-11-09T20:38:36+00:00\",\"dateModified\":\"2023-11-09T20:38:37+00:00\",\"breadcrumb\":{\"@id\":\"https:\/\/abaa.mx\/tienda\/multimetro-digital-advanced-high-precision-laboratorio-de-calidad-hioki-dt4282\/#breadcrumb\"},\"inLanguage\":\"es\",\"potentialAction\":[{\"@type\":\"ReadAction\",\"target\":[\"https:\/\/abaa.mx\/tienda\/multimetro-digital-advanced-high-precision-laboratorio-de-calidad-hioki-dt4282\/\"]}]},{\"@type\":\"ImageObject\",\"inLanguage\":\"es\",\"@id\":\"https:\/\/abaa.mx\/tienda\/multimetro-digital-advanced-high-precision-laboratorio-de-calidad-hioki-dt4282\/#primaryimage\",\"url\":\"https:\/\/abaa.mx\/tienda\/wp-content\/uploads\/2023\/11\/HIOKI-DT4282.jpg\",\"contentUrl\":\"https:\/\/abaa.mx\/tienda\/wp-content\/uploads\/2023\/11\/HIOKI-DT4282.jpg\",\"width\":428,\"height\":454,\"caption\":\"HIOKI-DT4282\"},{\"@type\":\"BreadcrumbList\",\"@id\":\"https:\/\/abaa.mx\/tienda\/multimetro-digital-advanced-high-precision-laboratorio-de-calidad-hioki-dt4282\/#breadcrumb\",\"itemListElement\":[{\"@type\":\"ListItem\",\"position\":1,\"name\":\"Inicio\",\"item\":\"https:\/\/abaa.mx\/tienda\/\"},{\"@type\":\"ListItem\",\"position\":2,\"name\":\"Tienda\",\"item\":\"https:\/\/abaa.mx\/tienda\/\"},{\"@type\":\"ListItem\",\"position\":3,\"name\":\"Mult\u00edmetro Digital Advanced High Precision Laboratorio de calidad, Hioki &#8211; DT4282\"}]},{\"@type\":\"WebSite\",\"@id\":\"https:\/\/abaa.mx\/tienda\/#website\",\"url\":\"https:\/\/abaa.mx\/tienda\/\",\"name\":\"Abaa tienda online\",\"description\":\"Instrumentos de medici\u00f3n\",\"publisher\":{\"@id\":\"https:\/\/abaa.mx\/tienda\/#organization\"},\"potentialAction\":[{\"@type\":\"SearchAction\",\"target\":{\"@type\":\"EntryPoint\",\"urlTemplate\":\"https:\/\/abaa.mx\/tienda\/?s={search_term_string}\"},\"query-input\":{\"@type\":\"PropertyValueSpecification\",\"valueRequired\":true,\"valueName\":\"search_term_string\"}}],\"inLanguage\":\"es\"},{\"@type\":\"Organization\",\"@id\":\"https:\/\/abaa.mx\/tienda\/#organization\",\"name\":\"Abaa tienda online\",\"url\":\"https:\/\/abaa.mx\/tienda\/\",\"logo\":{\"@type\":\"ImageObject\",\"inLanguage\":\"es\",\"@id\":\"https:\/\/abaa.mx\/tienda\/#\/schema\/logo\/image\/\",\"url\":\"https:\/\/abaa.mx\/tienda\/wp-content\/uploads\/2024\/01\/abaa-metrologia-tienda.png\",\"contentUrl\":\"https:\/\/abaa.mx\/tienda\/wp-content\/uploads\/2024\/01\/abaa-metrologia-tienda.png\",\"width\":300,\"height\":141,\"caption\":\"Abaa tienda online\"},\"image\":{\"@id\":\"https:\/\/abaa.mx\/tienda\/#\/schema\/logo\/image\/\"}}]}<\/script>\n<!-- \/ Yoast SEO plugin. -->","yoast_head_json":{"title":"Mult\u00edmetro Digital Advanced High Precision Laboratorio de calidad, Hioki - DT4282 - Abaa tienda online","robots":{"index":"index","follow":"follow","max-snippet":"max-snippet:-1","max-image-preview":"max-image-preview:large","max-video-preview":"max-video-preview:-1"},"canonical":"https:\/\/abaa.mx\/tienda\/multimetro-digital-advanced-high-precision-laboratorio-de-calidad-hioki-dt4282\/","og_locale":"es_MX","og_type":"article","og_title":"Mult\u00edmetro Digital Advanced High Precision Laboratorio de calidad, Hioki - DT4282 - Abaa tienda online","og_description":"La serie de mult\u00edmetros digitales Hioki DT4200 consta de una l\u00ednea completa de 9 modelos que van desde expertos hasta industriales y de bolsillo. El DT4282 es un mult\u00edmetro digital de 60,000 conteos de alta precisi\u00f3n con entrada directa de 10A y todas y cada una de las funciones y peculiaridades requeridas para pruebas destacadas en laboratorios y tambi\u00e9n I + D. CAT IV 600 V, CAT III 1000 V.  Caracter\u00edsticas principales:   Pantalla de 60,000, 5 d\u00edgitos, mediciones de alta resoluci\u00f3n.  Precisi\u00f3n b\u00e1sica de \u00b1 0.025% DC V, amplia de 20 Hz a 100 kHz Caracter\u00edsticas de frecuencia de CA V.  El filtro de paso bajo corta los arm\u00f3nicos altos (cuando se miden las formas de onda fundamentales del inversor).  Incluye m\u00faltiples funciones de medici\u00f3n como DC + ACV, temperatura, capacitancia y frecuencia.  Incluye mecanismo de obturador de terminal para la prevenci\u00f3n de accidentes (evita la inserci\u00f3n err\u00f3nea del cable de prueba).  La funci\u00f3n de comunicaciones USB admite mediciones de PC (opcional).  Amplio rango de temperatura de funcionamiento de -15 (5\u00b0F) a 55\u00b0C (131\u00b0F) terminales de entrada de abrazadera directa y actual.","og_url":"https:\/\/abaa.mx\/tienda\/multimetro-digital-advanced-high-precision-laboratorio-de-calidad-hioki-dt4282\/","og_site_name":"Abaa tienda online","article_modified_time":"2023-11-09T20:38:37+00:00","og_image":[{"width":428,"height":454,"url":"https:\/\/abaa.mx\/tienda\/wp-content\/uploads\/2023\/11\/HIOKI-DT4282.jpg","type":"image\/jpeg"}],"twitter_card":"summary_large_image","twitter_misc":{"Tiempo de lectura":"1 minuto"},"schema":{"@context":"https:\/\/schema.org","@graph":[{"@type":"WebPage","@id":"https:\/\/abaa.mx\/tienda\/multimetro-digital-advanced-high-precision-laboratorio-de-calidad-hioki-dt4282\/","url":"https:\/\/abaa.mx\/tienda\/multimetro-digital-advanced-high-precision-laboratorio-de-calidad-hioki-dt4282\/","name":"Mult\u00edmetro Digital Advanced High Precision Laboratorio de calidad, Hioki - DT4282 - Abaa tienda online","isPartOf":{"@id":"https:\/\/abaa.mx\/tienda\/#website"},"primaryImageOfPage":{"@id":"https:\/\/abaa.mx\/tienda\/multimetro-digital-advanced-high-precision-laboratorio-de-calidad-hioki-dt4282\/#primaryimage"},"image":{"@id":"https:\/\/abaa.mx\/tienda\/multimetro-digital-advanced-high-precision-laboratorio-de-calidad-hioki-dt4282\/#primaryimage"},"thumbnailUrl":"https:\/\/abaa.mx\/tienda\/wp-content\/uploads\/2023\/11\/HIOKI-DT4282.jpg","datePublished":"2023-11-09T20:38:36+00:00","dateModified":"2023-11-09T20:38:37+00:00","breadcrumb":{"@id":"https:\/\/abaa.mx\/tienda\/multimetro-digital-advanced-high-precision-laboratorio-de-calidad-hioki-dt4282\/#breadcrumb"},"inLanguage":"es","potentialAction":[{"@type":"ReadAction","target":["https:\/\/abaa.mx\/tienda\/multimetro-digital-advanced-high-precision-laboratorio-de-calidad-hioki-dt4282\/"]}]},{"@type":"ImageObject","inLanguage":"es","@id":"https:\/\/abaa.mx\/tienda\/multimetro-digital-advanced-high-precision-laboratorio-de-calidad-hioki-dt4282\/#primaryimage","url":"https:\/\/abaa.mx\/tienda\/wp-content\/uploads\/2023\/11\/HIOKI-DT4282.jpg","contentUrl":"https:\/\/abaa.mx\/tienda\/wp-content\/uploads\/2023\/11\/HIOKI-DT4282.jpg","width":428,"height":454,"caption":"HIOKI-DT4282"},{"@type":"BreadcrumbList","@id":"https:\/\/abaa.mx\/tienda\/multimetro-digital-advanced-high-precision-laboratorio-de-calidad-hioki-dt4282\/#breadcrumb","itemListElement":[{"@type":"ListItem","position":1,"name":"Inicio","item":"https:\/\/abaa.mx\/tienda\/"},{"@type":"ListItem","position":2,"name":"Tienda","item":"https:\/\/abaa.mx\/tienda\/"},{"@type":"ListItem","position":3,"name":"Mult\u00edmetro Digital Advanced High Precision Laboratorio de calidad, Hioki &#8211; DT4282"}]},{"@type":"WebSite","@id":"https:\/\/abaa.mx\/tienda\/#website","url":"https:\/\/abaa.mx\/tienda\/","name":"Abaa tienda online","description":"Instrumentos de medici\u00f3n","publisher":{"@id":"https:\/\/abaa.mx\/tienda\/#organization"},"potentialAction":[{"@type":"SearchAction","target":{"@type":"EntryPoint","urlTemplate":"https:\/\/abaa.mx\/tienda\/?s={search_term_string}"},"query-input":{"@type":"PropertyValueSpecification","valueRequired":true,"valueName":"search_term_string"}}],"inLanguage":"es"},{"@type":"Organization","@id":"https:\/\/abaa.mx\/tienda\/#organization","name":"Abaa tienda online","url":"https:\/\/abaa.mx\/tienda\/","logo":{"@type":"ImageObject","inLanguage":"es","@id":"https:\/\/abaa.mx\/tienda\/#\/schema\/logo\/image\/","url":"https:\/\/abaa.mx\/tienda\/wp-content\/uploads\/2024\/01\/abaa-metrologia-tienda.png","contentUrl":"https:\/\/abaa.mx\/tienda\/wp-content\/uploads\/2024\/01\/abaa-metrologia-tienda.png","width":300,"height":141,"caption":"Abaa tienda online"},"image":{"@id":"https:\/\/abaa.mx\/tienda\/#\/schema\/logo\/image\/"}}]}},"_links":{"self":[{"href":"https:\/\/abaa.mx\/tienda\/wp-json\/wp\/v2\/product\/8713","targetHints":{"allow":["GET"]}}],"collection":[{"href":"https:\/\/abaa.mx\/tienda\/wp-json\/wp\/v2\/product"}],"about":[{"href":"https:\/\/abaa.mx\/tienda\/wp-json\/wp\/v2\/types\/product"}],"replies":[{"embeddable":true,"href":"https:\/\/abaa.mx\/tienda\/wp-json\/wp\/v2\/comments?post=8713"}],"wp:featuredmedia":[{"embeddable":true,"href":"https:\/\/abaa.mx\/tienda\/wp-json\/wp\/v2\/media\/8714"}],"wp:attachment":[{"href":"https:\/\/abaa.mx\/tienda\/wp-json\/wp\/v2\/media?parent=8713"}],"wp:term":[{"taxonomy":"product_brand","embeddable":true,"href":"https:\/\/abaa.mx\/tienda\/wp-json\/wp\/v2\/product_brand?post=8713"},{"taxonomy":"product_cat","embeddable":true,"href":"https:\/\/abaa.mx\/tienda\/wp-json\/wp\/v2\/product_cat?post=8713"},{"taxonomy":"product_tag","embeddable":true,"href":"https:\/\/abaa.mx\/tienda\/wp-json\/wp\/v2\/product_tag?post=8713"}],"curies":[{"name":"wp","href":"https:\/\/api.w.org\/{rel}","templated":true}]}}