{"id":8711,"date":"2023-11-09T20:20:00","date_gmt":"2023-11-09T20:20:00","guid":{"rendered":"https:\/\/abaa.mx\/tienda\/?post_type=product&#038;p=8711"},"modified":"2023-11-09T20:20:01","modified_gmt":"2023-11-09T20:20:01","slug":"multimetro-digital-1000v-dm9961","status":"publish","type":"product","link":"https:\/\/abaa.mx\/tienda\/multimetro-digital-1000v-dm9961\/","title":{"rendered":"Mult\u00edmetro Digital 1000V &#8211; DM9961"},"content":{"rendered":"<p>Mult\u00edmetro Digital 1000V &#8211; DM9961.<\/p>\n","protected":false},"excerpt":{"rendered":"<p>El mult\u00edmetro digital modelo LT-DM99621 tiene una pantalla LCD con indicio gr\u00e1fico de barras. Medici\u00f3n de multi funci\u00f3n: DCVACV, DCA, ACA, resistencia, capacidad , continuidad , temperatura, diodo y beeper de continuidad. Retenci\u00f3n de datos relativos y valores m\u00e1ximos. Cuenta con funci\u00f3n de rango autom\u00e1tico con selecci\u00f3n de rango manual. Medici\u00f3n real de RMS, ACV, y ACA. Cuenta con 4000AD de alta resoluci\u00f3n. Cuenta con fusibles para ambos diez A, mA, la gama de hoy de la uA.<\/p>\n<p>Entrada de impedancia de 10M ohm para el circuito de voltaje. Cumple con el requisito de seguridad IEC 1010 CAT III 1000 V. Cuenta de protecci\u00f3n de sobrecarga incorporado para la mayor parte de las gamas. En el momento en que se hace el ACV, la medici\u00f3n de ACA tambi\u00e9n puede medir el porcentaje de continuidad de se\u00f1al al tiempo. L\u00ednea completa de adaptadores opcionales: adaptador de abrazadera, adaptador de taqu\u00edmetro, adaptador de presi\u00f3n, adaptador de humedad, adaptador del nivel de sonido, adaptador de anem\u00f3metro, adaptador de luz, adaptador de EMF.<\/p>\n","protected":false},"featured_media":8712,"comment_status":"open","ping_status":"closed","template":"","meta":{"_joinchat":[]},"product_brand":[],"product_cat":[119],"product_tag":[],"class_list":{"0":"post-8711","1":"product","2":"type-product","3":"status-publish","4":"has-post-thumbnail","6":"product_cat-multimetros-digitales","8":"first","9":"instock","10":"shipping-taxable","11":"product-type-simple"},"yoast_head":"<!-- This site is optimized with the Yoast SEO plugin v26.4 - https:\/\/yoast.com\/wordpress\/plugins\/seo\/ -->\n<title>Mult\u00edmetro Digital 1000V - DM9961 - Abaa tienda online<\/title>\n<meta name=\"robots\" content=\"index, follow, max-snippet:-1, max-image-preview:large, max-video-preview:-1\" \/>\n<link rel=\"canonical\" href=\"https:\/\/abaa.mx\/tienda\/multimetro-digital-1000v-dm9961\/\" \/>\n<meta property=\"og:locale\" content=\"es_MX\" \/>\n<meta property=\"og:type\" content=\"article\" \/>\n<meta property=\"og:title\" content=\"Mult\u00edmetro Digital 1000V - DM9961 - Abaa tienda online\" \/>\n<meta property=\"og:description\" content=\"El mult\u00edmetro digital modelo LT-DM99621 tiene una pantalla LCD con indicio gr\u00e1fico de barras. Medici\u00f3n de multi funci\u00f3n: DCVACV, DCA, ACA, resistencia, capacidad , continuidad , temperatura, diodo y beeper de continuidad. Retenci\u00f3n de datos relativos y valores m\u00e1ximos. Cuenta con funci\u00f3n de rango autom\u00e1tico con selecci\u00f3n de rango manual. Medici\u00f3n real de RMS, ACV, y ACA. Cuenta con 4000AD de alta resoluci\u00f3n. Cuenta con fusibles para ambos diez A, mA, la gama de hoy de la uA.  Entrada de impedancia de 10M ohm para el circuito de voltaje. Cumple con el requisito de seguridad IEC 1010 CAT III 1000 V. Cuenta de protecci\u00f3n de sobrecarga incorporado para la mayor parte de las gamas. En el momento en que se hace el ACV, la medici\u00f3n de ACA tambi\u00e9n puede medir el porcentaje de continuidad de se\u00f1al al tiempo. L\u00ednea completa de adaptadores opcionales: adaptador de abrazadera, adaptador de taqu\u00edmetro, adaptador de presi\u00f3n, adaptador de humedad, adaptador del nivel de sonido, adaptador de anem\u00f3metro, adaptador de luz, adaptador de EMF.\" \/>\n<meta property=\"og:url\" content=\"https:\/\/abaa.mx\/tienda\/multimetro-digital-1000v-dm9961\/\" \/>\n<meta property=\"og:site_name\" content=\"Abaa tienda online\" \/>\n<meta property=\"article:modified_time\" content=\"2023-11-09T20:20:01+00:00\" \/>\n<meta property=\"og:image\" content=\"https:\/\/abaa.mx\/tienda\/wp-content\/uploads\/2023\/11\/LUTRON-DM9961.jpg\" \/>\n\t<meta property=\"og:image:width\" content=\"324\" \/>\n\t<meta property=\"og:image:height\" content=\"483\" \/>\n\t<meta property=\"og:image:type\" content=\"image\/jpeg\" \/>\n<meta name=\"twitter:card\" content=\"summary_large_image\" \/>\n<meta name=\"twitter:label1\" content=\"Tiempo de lectura\" \/>\n\t<meta name=\"twitter:data1\" content=\"1 minuto\" \/>\n<script type=\"application\/ld+json\" class=\"yoast-schema-graph\">{\"@context\":\"https:\/\/schema.org\",\"@graph\":[{\"@type\":\"WebPage\",\"@id\":\"https:\/\/abaa.mx\/tienda\/multimetro-digital-1000v-dm9961\/\",\"url\":\"https:\/\/abaa.mx\/tienda\/multimetro-digital-1000v-dm9961\/\",\"name\":\"Mult\u00edmetro Digital 1000V - DM9961 - Abaa tienda online\",\"isPartOf\":{\"@id\":\"https:\/\/abaa.mx\/tienda\/#website\"},\"primaryImageOfPage\":{\"@id\":\"https:\/\/abaa.mx\/tienda\/multimetro-digital-1000v-dm9961\/#primaryimage\"},\"image\":{\"@id\":\"https:\/\/abaa.mx\/tienda\/multimetro-digital-1000v-dm9961\/#primaryimage\"},\"thumbnailUrl\":\"https:\/\/abaa.mx\/tienda\/wp-content\/uploads\/2023\/11\/LUTRON-DM9961.jpg\",\"datePublished\":\"2023-11-09T20:20:00+00:00\",\"dateModified\":\"2023-11-09T20:20:01+00:00\",\"breadcrumb\":{\"@id\":\"https:\/\/abaa.mx\/tienda\/multimetro-digital-1000v-dm9961\/#breadcrumb\"},\"inLanguage\":\"es\",\"potentialAction\":[{\"@type\":\"ReadAction\",\"target\":[\"https:\/\/abaa.mx\/tienda\/multimetro-digital-1000v-dm9961\/\"]}]},{\"@type\":\"ImageObject\",\"inLanguage\":\"es\",\"@id\":\"https:\/\/abaa.mx\/tienda\/multimetro-digital-1000v-dm9961\/#primaryimage\",\"url\":\"https:\/\/abaa.mx\/tienda\/wp-content\/uploads\/2023\/11\/LUTRON-DM9961.jpg\",\"contentUrl\":\"https:\/\/abaa.mx\/tienda\/wp-content\/uploads\/2023\/11\/LUTRON-DM9961.jpg\",\"width\":324,\"height\":483,\"caption\":\"LUTRON-DM9961\"},{\"@type\":\"BreadcrumbList\",\"@id\":\"https:\/\/abaa.mx\/tienda\/multimetro-digital-1000v-dm9961\/#breadcrumb\",\"itemListElement\":[{\"@type\":\"ListItem\",\"position\":1,\"name\":\"Inicio\",\"item\":\"https:\/\/abaa.mx\/tienda\/\"},{\"@type\":\"ListItem\",\"position\":2,\"name\":\"Tienda\",\"item\":\"https:\/\/abaa.mx\/tienda\/\"},{\"@type\":\"ListItem\",\"position\":3,\"name\":\"Mult\u00edmetro Digital 1000V &#8211; DM9961\"}]},{\"@type\":\"WebSite\",\"@id\":\"https:\/\/abaa.mx\/tienda\/#website\",\"url\":\"https:\/\/abaa.mx\/tienda\/\",\"name\":\"Abaa tienda online\",\"description\":\"Instrumentos de medici\u00f3n\",\"publisher\":{\"@id\":\"https:\/\/abaa.mx\/tienda\/#organization\"},\"potentialAction\":[{\"@type\":\"SearchAction\",\"target\":{\"@type\":\"EntryPoint\",\"urlTemplate\":\"https:\/\/abaa.mx\/tienda\/?s={search_term_string}\"},\"query-input\":{\"@type\":\"PropertyValueSpecification\",\"valueRequired\":true,\"valueName\":\"search_term_string\"}}],\"inLanguage\":\"es\"},{\"@type\":\"Organization\",\"@id\":\"https:\/\/abaa.mx\/tienda\/#organization\",\"name\":\"Abaa tienda online\",\"url\":\"https:\/\/abaa.mx\/tienda\/\",\"logo\":{\"@type\":\"ImageObject\",\"inLanguage\":\"es\",\"@id\":\"https:\/\/abaa.mx\/tienda\/#\/schema\/logo\/image\/\",\"url\":\"https:\/\/abaa.mx\/tienda\/wp-content\/uploads\/2024\/01\/abaa-metrologia-tienda.png\",\"contentUrl\":\"https:\/\/abaa.mx\/tienda\/wp-content\/uploads\/2024\/01\/abaa-metrologia-tienda.png\",\"width\":300,\"height\":141,\"caption\":\"Abaa tienda online\"},\"image\":{\"@id\":\"https:\/\/abaa.mx\/tienda\/#\/schema\/logo\/image\/\"}}]}<\/script>\n<!-- \/ Yoast SEO plugin. -->","yoast_head_json":{"title":"Mult\u00edmetro Digital 1000V - DM9961 - Abaa tienda online","robots":{"index":"index","follow":"follow","max-snippet":"max-snippet:-1","max-image-preview":"max-image-preview:large","max-video-preview":"max-video-preview:-1"},"canonical":"https:\/\/abaa.mx\/tienda\/multimetro-digital-1000v-dm9961\/","og_locale":"es_MX","og_type":"article","og_title":"Mult\u00edmetro Digital 1000V - DM9961 - Abaa tienda online","og_description":"El mult\u00edmetro digital modelo LT-DM99621 tiene una pantalla LCD con indicio gr\u00e1fico de barras. Medici\u00f3n de multi funci\u00f3n: DCVACV, DCA, ACA, resistencia, capacidad , continuidad , temperatura, diodo y beeper de continuidad. Retenci\u00f3n de datos relativos y valores m\u00e1ximos. Cuenta con funci\u00f3n de rango autom\u00e1tico con selecci\u00f3n de rango manual. Medici\u00f3n real de RMS, ACV, y ACA. Cuenta con 4000AD de alta resoluci\u00f3n. Cuenta con fusibles para ambos diez A, mA, la gama de hoy de la uA.  Entrada de impedancia de 10M ohm para el circuito de voltaje. Cumple con el requisito de seguridad IEC 1010 CAT III 1000 V. Cuenta de protecci\u00f3n de sobrecarga incorporado para la mayor parte de las gamas. En el momento en que se hace el ACV, la medici\u00f3n de ACA tambi\u00e9n puede medir el porcentaje de continuidad de se\u00f1al al tiempo. L\u00ednea completa de adaptadores opcionales: adaptador de abrazadera, adaptador de taqu\u00edmetro, adaptador de presi\u00f3n, adaptador de humedad, adaptador del nivel de sonido, adaptador de anem\u00f3metro, adaptador de luz, adaptador de EMF.","og_url":"https:\/\/abaa.mx\/tienda\/multimetro-digital-1000v-dm9961\/","og_site_name":"Abaa tienda online","article_modified_time":"2023-11-09T20:20:01+00:00","og_image":[{"width":324,"height":483,"url":"https:\/\/abaa.mx\/tienda\/wp-content\/uploads\/2023\/11\/LUTRON-DM9961.jpg","type":"image\/jpeg"}],"twitter_card":"summary_large_image","twitter_misc":{"Tiempo de lectura":"1 minuto"},"schema":{"@context":"https:\/\/schema.org","@graph":[{"@type":"WebPage","@id":"https:\/\/abaa.mx\/tienda\/multimetro-digital-1000v-dm9961\/","url":"https:\/\/abaa.mx\/tienda\/multimetro-digital-1000v-dm9961\/","name":"Mult\u00edmetro Digital 1000V - DM9961 - Abaa tienda online","isPartOf":{"@id":"https:\/\/abaa.mx\/tienda\/#website"},"primaryImageOfPage":{"@id":"https:\/\/abaa.mx\/tienda\/multimetro-digital-1000v-dm9961\/#primaryimage"},"image":{"@id":"https:\/\/abaa.mx\/tienda\/multimetro-digital-1000v-dm9961\/#primaryimage"},"thumbnailUrl":"https:\/\/abaa.mx\/tienda\/wp-content\/uploads\/2023\/11\/LUTRON-DM9961.jpg","datePublished":"2023-11-09T20:20:00+00:00","dateModified":"2023-11-09T20:20:01+00:00","breadcrumb":{"@id":"https:\/\/abaa.mx\/tienda\/multimetro-digital-1000v-dm9961\/#breadcrumb"},"inLanguage":"es","potentialAction":[{"@type":"ReadAction","target":["https:\/\/abaa.mx\/tienda\/multimetro-digital-1000v-dm9961\/"]}]},{"@type":"ImageObject","inLanguage":"es","@id":"https:\/\/abaa.mx\/tienda\/multimetro-digital-1000v-dm9961\/#primaryimage","url":"https:\/\/abaa.mx\/tienda\/wp-content\/uploads\/2023\/11\/LUTRON-DM9961.jpg","contentUrl":"https:\/\/abaa.mx\/tienda\/wp-content\/uploads\/2023\/11\/LUTRON-DM9961.jpg","width":324,"height":483,"caption":"LUTRON-DM9961"},{"@type":"BreadcrumbList","@id":"https:\/\/abaa.mx\/tienda\/multimetro-digital-1000v-dm9961\/#breadcrumb","itemListElement":[{"@type":"ListItem","position":1,"name":"Inicio","item":"https:\/\/abaa.mx\/tienda\/"},{"@type":"ListItem","position":2,"name":"Tienda","item":"https:\/\/abaa.mx\/tienda\/"},{"@type":"ListItem","position":3,"name":"Mult\u00edmetro Digital 1000V &#8211; DM9961"}]},{"@type":"WebSite","@id":"https:\/\/abaa.mx\/tienda\/#website","url":"https:\/\/abaa.mx\/tienda\/","name":"Abaa tienda online","description":"Instrumentos de medici\u00f3n","publisher":{"@id":"https:\/\/abaa.mx\/tienda\/#organization"},"potentialAction":[{"@type":"SearchAction","target":{"@type":"EntryPoint","urlTemplate":"https:\/\/abaa.mx\/tienda\/?s={search_term_string}"},"query-input":{"@type":"PropertyValueSpecification","valueRequired":true,"valueName":"search_term_string"}}],"inLanguage":"es"},{"@type":"Organization","@id":"https:\/\/abaa.mx\/tienda\/#organization","name":"Abaa tienda online","url":"https:\/\/abaa.mx\/tienda\/","logo":{"@type":"ImageObject","inLanguage":"es","@id":"https:\/\/abaa.mx\/tienda\/#\/schema\/logo\/image\/","url":"https:\/\/abaa.mx\/tienda\/wp-content\/uploads\/2024\/01\/abaa-metrologia-tienda.png","contentUrl":"https:\/\/abaa.mx\/tienda\/wp-content\/uploads\/2024\/01\/abaa-metrologia-tienda.png","width":300,"height":141,"caption":"Abaa tienda online"},"image":{"@id":"https:\/\/abaa.mx\/tienda\/#\/schema\/logo\/image\/"}}]}},"_links":{"self":[{"href":"https:\/\/abaa.mx\/tienda\/wp-json\/wp\/v2\/product\/8711","targetHints":{"allow":["GET"]}}],"collection":[{"href":"https:\/\/abaa.mx\/tienda\/wp-json\/wp\/v2\/product"}],"about":[{"href":"https:\/\/abaa.mx\/tienda\/wp-json\/wp\/v2\/types\/product"}],"replies":[{"embeddable":true,"href":"https:\/\/abaa.mx\/tienda\/wp-json\/wp\/v2\/comments?post=8711"}],"wp:featuredmedia":[{"embeddable":true,"href":"https:\/\/abaa.mx\/tienda\/wp-json\/wp\/v2\/media\/8712"}],"wp:attachment":[{"href":"https:\/\/abaa.mx\/tienda\/wp-json\/wp\/v2\/media?parent=8711"}],"wp:term":[{"taxonomy":"product_brand","embeddable":true,"href":"https:\/\/abaa.mx\/tienda\/wp-json\/wp\/v2\/product_brand?post=8711"},{"taxonomy":"product_cat","embeddable":true,"href":"https:\/\/abaa.mx\/tienda\/wp-json\/wp\/v2\/product_cat?post=8711"},{"taxonomy":"product_tag","embeddable":true,"href":"https:\/\/abaa.mx\/tienda\/wp-json\/wp\/v2\/product_tag?post=8711"}],"curies":[{"name":"wp","href":"https:\/\/api.w.org\/{rel}","templated":true}]}}