{"id":8700,"date":"2023-11-09T17:47:07","date_gmt":"2023-11-09T17:47:07","guid":{"rendered":"https:\/\/abaa.mx\/tienda\/?post_type=product&#038;p=8700"},"modified":"2023-11-09T17:47:08","modified_gmt":"2023-11-09T17:47:08","slug":"medidor-de-sal-yk31sa","status":"publish","type":"product","link":"https:\/\/abaa.mx\/tienda\/medidor-de-sal-yk31sa\/","title":{"rendered":"Medidor de Sal &#8211; YK31SA"},"content":{"rendered":"<h5 class=\"product-single__title\">Medidor de Sal &#8211; YK31SA.<\/h5>\n<div class=\"product__price\">\n<div class=\"price__vendor\"><\/div>\n<\/div>\n","protected":false},"excerpt":{"rendered":"<p>Medidor de salinidad con electrodo separado modelo LT-YK31SA con compensaci\u00f3n de temperatura autom\u00e1tica. Calculo de salinidad por procedimiento resistivo, se reporta en pantalla el contenido de sal en % del peso de la muestra.<\/p>\n<p><strong>Peculiaridades primordiales :<\/strong> Electrodo separado, de simple operaci\u00f3n. Puede medir rangos de salinidad &gt; 10 % al diluir la exhibe en agua des ionizada en proporci\u00f3n de 1:10 y multiplicando por 10 el resultado en pantalla. El medidor de sal provee una r\u00e1pida y eficaz lectura, con legibilidad digital y la conveniencia de una sonda separada remota. Compensaci\u00f3n de temperatura en la sonda. Pantalla LCD de bajo consumo de energ\u00eda y simple lectura, incluso en sitios con luz brillante. Retenci\u00f3n de datos (hold). Indicador de bater\u00eda baja incorporado.<\/p>\n<p><strong>Aplicaciones :<\/strong> Acondicionamiento de agua, acuarios, brebajes, cosecha de pescados, procesamiento de comida, fotograf\u00eda, laboratorios, industria del papel, industria de la plata, control de calidad y en escuelas o universidades.<\/p>\n<p><strong> Dimensiones y peso:<\/strong> Medidor; 200 mm. x 68 mm.x 30 mm., ( 7.9&#8243; pulg. x 2.7&#8243; pulg. x 1.2&#8243; pulg.) Electrodo; 22mm de di\u00e1metro x 120 mm de longitud. Peso: 270g.\/0.60 Lb. (Con Bater\u00edas y Electrodo).<\/p>\n","protected":false},"featured_media":8701,"comment_status":"open","ping_status":"closed","template":"","meta":{"_joinchat":[]},"product_brand":[],"product_cat":[118],"product_tag":[],"class_list":{"0":"post-8700","1":"product","2":"type-product","3":"status-publish","4":"has-post-thumbnail","6":"product_cat-medidores-de-sal","8":"first","9":"instock","10":"shipping-taxable","11":"product-type-simple"},"yoast_head":"<!-- This site is optimized with the Yoast SEO plugin v26.4 - https:\/\/yoast.com\/wordpress\/plugins\/seo\/ -->\n<title>Medidor de Sal - YK31SA - Abaa tienda online<\/title>\n<meta name=\"robots\" content=\"index, follow, max-snippet:-1, max-image-preview:large, max-video-preview:-1\" \/>\n<link rel=\"canonical\" href=\"https:\/\/abaa.mx\/tienda\/medidor-de-sal-yk31sa\/\" \/>\n<meta property=\"og:locale\" content=\"es_MX\" \/>\n<meta property=\"og:type\" content=\"article\" \/>\n<meta property=\"og:title\" content=\"Medidor de Sal - YK31SA - Abaa tienda online\" \/>\n<meta property=\"og:description\" content=\"Medidor de salinidad con electrodo separado modelo LT-YK31SA con compensaci\u00f3n de temperatura autom\u00e1tica. Calculo de salinidad por procedimiento resistivo, se reporta en pantalla el contenido de sal en % del peso de la muestra.  Peculiaridades primordiales : Electrodo separado, de simple operaci\u00f3n. Puede medir rangos de salinidad &gt; 10 % al diluir la exhibe en agua des ionizada en proporci\u00f3n de 1:10 y multiplicando por 10 el resultado en pantalla. El medidor de sal provee una r\u00e1pida y eficaz lectura, con legibilidad digital y la conveniencia de una sonda separada remota. Compensaci\u00f3n de temperatura en la sonda. Pantalla LCD de bajo consumo de energ\u00eda y simple lectura, incluso en sitios con luz brillante. Retenci\u00f3n de datos (hold). Indicador de bater\u00eda baja incorporado.  Aplicaciones : Acondicionamiento de agua, acuarios, brebajes, cosecha de pescados, procesamiento de comida, fotograf\u00eda, laboratorios, industria del papel, industria de la plata, control de calidad y en escuelas o universidades.   Dimensiones y peso: Medidor; 200 mm. x 68 mm.x 30 mm., ( 7.9&quot; pulg. x 2.7&quot; pulg. x 1.2&quot; pulg.) Electrodo; 22mm de di\u00e1metro x 120 mm de longitud. Peso: 270g.\/0.60 Lb. (Con Bater\u00edas y Electrodo).\" \/>\n<meta property=\"og:url\" content=\"https:\/\/abaa.mx\/tienda\/medidor-de-sal-yk31sa\/\" \/>\n<meta property=\"og:site_name\" content=\"Abaa tienda online\" \/>\n<meta property=\"article:modified_time\" content=\"2023-11-09T17:47:08+00:00\" \/>\n<meta property=\"og:image\" content=\"https:\/\/abaa.mx\/tienda\/wp-content\/uploads\/2023\/11\/LUTRON-YK31SA.jpg\" \/>\n\t<meta property=\"og:image:width\" content=\"492\" \/>\n\t<meta property=\"og:image:height\" content=\"450\" \/>\n\t<meta property=\"og:image:type\" content=\"image\/jpeg\" \/>\n<meta name=\"twitter:card\" content=\"summary_large_image\" \/>\n<meta name=\"twitter:label1\" content=\"Tiempo de lectura\" \/>\n\t<meta name=\"twitter:data1\" content=\"1 minuto\" \/>\n<script type=\"application\/ld+json\" class=\"yoast-schema-graph\">{\"@context\":\"https:\/\/schema.org\",\"@graph\":[{\"@type\":\"WebPage\",\"@id\":\"https:\/\/abaa.mx\/tienda\/medidor-de-sal-yk31sa\/\",\"url\":\"https:\/\/abaa.mx\/tienda\/medidor-de-sal-yk31sa\/\",\"name\":\"Medidor de Sal - YK31SA - Abaa tienda online\",\"isPartOf\":{\"@id\":\"https:\/\/abaa.mx\/tienda\/#website\"},\"primaryImageOfPage\":{\"@id\":\"https:\/\/abaa.mx\/tienda\/medidor-de-sal-yk31sa\/#primaryimage\"},\"image\":{\"@id\":\"https:\/\/abaa.mx\/tienda\/medidor-de-sal-yk31sa\/#primaryimage\"},\"thumbnailUrl\":\"https:\/\/abaa.mx\/tienda\/wp-content\/uploads\/2023\/11\/LUTRON-YK31SA.jpg\",\"datePublished\":\"2023-11-09T17:47:07+00:00\",\"dateModified\":\"2023-11-09T17:47:08+00:00\",\"breadcrumb\":{\"@id\":\"https:\/\/abaa.mx\/tienda\/medidor-de-sal-yk31sa\/#breadcrumb\"},\"inLanguage\":\"es\",\"potentialAction\":[{\"@type\":\"ReadAction\",\"target\":[\"https:\/\/abaa.mx\/tienda\/medidor-de-sal-yk31sa\/\"]}]},{\"@type\":\"ImageObject\",\"inLanguage\":\"es\",\"@id\":\"https:\/\/abaa.mx\/tienda\/medidor-de-sal-yk31sa\/#primaryimage\",\"url\":\"https:\/\/abaa.mx\/tienda\/wp-content\/uploads\/2023\/11\/LUTRON-YK31SA.jpg\",\"contentUrl\":\"https:\/\/abaa.mx\/tienda\/wp-content\/uploads\/2023\/11\/LUTRON-YK31SA.jpg\",\"width\":492,\"height\":450,\"caption\":\"LUTRON-YK31SA\"},{\"@type\":\"BreadcrumbList\",\"@id\":\"https:\/\/abaa.mx\/tienda\/medidor-de-sal-yk31sa\/#breadcrumb\",\"itemListElement\":[{\"@type\":\"ListItem\",\"position\":1,\"name\":\"Inicio\",\"item\":\"https:\/\/abaa.mx\/tienda\/\"},{\"@type\":\"ListItem\",\"position\":2,\"name\":\"Tienda\",\"item\":\"https:\/\/abaa.mx\/tienda\/\"},{\"@type\":\"ListItem\",\"position\":3,\"name\":\"Medidor de Sal &#8211; YK31SA\"}]},{\"@type\":\"WebSite\",\"@id\":\"https:\/\/abaa.mx\/tienda\/#website\",\"url\":\"https:\/\/abaa.mx\/tienda\/\",\"name\":\"Abaa tienda online\",\"description\":\"Instrumentos de medici\u00f3n\",\"publisher\":{\"@id\":\"https:\/\/abaa.mx\/tienda\/#organization\"},\"potentialAction\":[{\"@type\":\"SearchAction\",\"target\":{\"@type\":\"EntryPoint\",\"urlTemplate\":\"https:\/\/abaa.mx\/tienda\/?s={search_term_string}\"},\"query-input\":{\"@type\":\"PropertyValueSpecification\",\"valueRequired\":true,\"valueName\":\"search_term_string\"}}],\"inLanguage\":\"es\"},{\"@type\":\"Organization\",\"@id\":\"https:\/\/abaa.mx\/tienda\/#organization\",\"name\":\"Abaa tienda online\",\"url\":\"https:\/\/abaa.mx\/tienda\/\",\"logo\":{\"@type\":\"ImageObject\",\"inLanguage\":\"es\",\"@id\":\"https:\/\/abaa.mx\/tienda\/#\/schema\/logo\/image\/\",\"url\":\"https:\/\/abaa.mx\/tienda\/wp-content\/uploads\/2024\/01\/abaa-metrologia-tienda.png\",\"contentUrl\":\"https:\/\/abaa.mx\/tienda\/wp-content\/uploads\/2024\/01\/abaa-metrologia-tienda.png\",\"width\":300,\"height\":141,\"caption\":\"Abaa tienda online\"},\"image\":{\"@id\":\"https:\/\/abaa.mx\/tienda\/#\/schema\/logo\/image\/\"}}]}<\/script>\n<!-- \/ Yoast SEO plugin. -->","yoast_head_json":{"title":"Medidor de Sal - YK31SA - Abaa tienda online","robots":{"index":"index","follow":"follow","max-snippet":"max-snippet:-1","max-image-preview":"max-image-preview:large","max-video-preview":"max-video-preview:-1"},"canonical":"https:\/\/abaa.mx\/tienda\/medidor-de-sal-yk31sa\/","og_locale":"es_MX","og_type":"article","og_title":"Medidor de Sal - YK31SA - Abaa tienda online","og_description":"Medidor de salinidad con electrodo separado modelo LT-YK31SA con compensaci\u00f3n de temperatura autom\u00e1tica. Calculo de salinidad por procedimiento resistivo, se reporta en pantalla el contenido de sal en % del peso de la muestra.  Peculiaridades primordiales : Electrodo separado, de simple operaci\u00f3n. Puede medir rangos de salinidad &gt; 10 % al diluir la exhibe en agua des ionizada en proporci\u00f3n de 1:10 y multiplicando por 10 el resultado en pantalla. El medidor de sal provee una r\u00e1pida y eficaz lectura, con legibilidad digital y la conveniencia de una sonda separada remota. Compensaci\u00f3n de temperatura en la sonda. Pantalla LCD de bajo consumo de energ\u00eda y simple lectura, incluso en sitios con luz brillante. Retenci\u00f3n de datos (hold). Indicador de bater\u00eda baja incorporado.  Aplicaciones : Acondicionamiento de agua, acuarios, brebajes, cosecha de pescados, procesamiento de comida, fotograf\u00eda, laboratorios, industria del papel, industria de la plata, control de calidad y en escuelas o universidades.   Dimensiones y peso: Medidor; 200 mm. x 68 mm.x 30 mm., ( 7.9\" pulg. x 2.7\" pulg. x 1.2\" pulg.) Electrodo; 22mm de di\u00e1metro x 120 mm de longitud. Peso: 270g.\/0.60 Lb. (Con Bater\u00edas y Electrodo).","og_url":"https:\/\/abaa.mx\/tienda\/medidor-de-sal-yk31sa\/","og_site_name":"Abaa tienda online","article_modified_time":"2023-11-09T17:47:08+00:00","og_image":[{"width":492,"height":450,"url":"https:\/\/abaa.mx\/tienda\/wp-content\/uploads\/2023\/11\/LUTRON-YK31SA.jpg","type":"image\/jpeg"}],"twitter_card":"summary_large_image","twitter_misc":{"Tiempo de lectura":"1 minuto"},"schema":{"@context":"https:\/\/schema.org","@graph":[{"@type":"WebPage","@id":"https:\/\/abaa.mx\/tienda\/medidor-de-sal-yk31sa\/","url":"https:\/\/abaa.mx\/tienda\/medidor-de-sal-yk31sa\/","name":"Medidor de Sal - YK31SA - Abaa tienda online","isPartOf":{"@id":"https:\/\/abaa.mx\/tienda\/#website"},"primaryImageOfPage":{"@id":"https:\/\/abaa.mx\/tienda\/medidor-de-sal-yk31sa\/#primaryimage"},"image":{"@id":"https:\/\/abaa.mx\/tienda\/medidor-de-sal-yk31sa\/#primaryimage"},"thumbnailUrl":"https:\/\/abaa.mx\/tienda\/wp-content\/uploads\/2023\/11\/LUTRON-YK31SA.jpg","datePublished":"2023-11-09T17:47:07+00:00","dateModified":"2023-11-09T17:47:08+00:00","breadcrumb":{"@id":"https:\/\/abaa.mx\/tienda\/medidor-de-sal-yk31sa\/#breadcrumb"},"inLanguage":"es","potentialAction":[{"@type":"ReadAction","target":["https:\/\/abaa.mx\/tienda\/medidor-de-sal-yk31sa\/"]}]},{"@type":"ImageObject","inLanguage":"es","@id":"https:\/\/abaa.mx\/tienda\/medidor-de-sal-yk31sa\/#primaryimage","url":"https:\/\/abaa.mx\/tienda\/wp-content\/uploads\/2023\/11\/LUTRON-YK31SA.jpg","contentUrl":"https:\/\/abaa.mx\/tienda\/wp-content\/uploads\/2023\/11\/LUTRON-YK31SA.jpg","width":492,"height":450,"caption":"LUTRON-YK31SA"},{"@type":"BreadcrumbList","@id":"https:\/\/abaa.mx\/tienda\/medidor-de-sal-yk31sa\/#breadcrumb","itemListElement":[{"@type":"ListItem","position":1,"name":"Inicio","item":"https:\/\/abaa.mx\/tienda\/"},{"@type":"ListItem","position":2,"name":"Tienda","item":"https:\/\/abaa.mx\/tienda\/"},{"@type":"ListItem","position":3,"name":"Medidor de Sal &#8211; YK31SA"}]},{"@type":"WebSite","@id":"https:\/\/abaa.mx\/tienda\/#website","url":"https:\/\/abaa.mx\/tienda\/","name":"Abaa tienda online","description":"Instrumentos de medici\u00f3n","publisher":{"@id":"https:\/\/abaa.mx\/tienda\/#organization"},"potentialAction":[{"@type":"SearchAction","target":{"@type":"EntryPoint","urlTemplate":"https:\/\/abaa.mx\/tienda\/?s={search_term_string}"},"query-input":{"@type":"PropertyValueSpecification","valueRequired":true,"valueName":"search_term_string"}}],"inLanguage":"es"},{"@type":"Organization","@id":"https:\/\/abaa.mx\/tienda\/#organization","name":"Abaa tienda online","url":"https:\/\/abaa.mx\/tienda\/","logo":{"@type":"ImageObject","inLanguage":"es","@id":"https:\/\/abaa.mx\/tienda\/#\/schema\/logo\/image\/","url":"https:\/\/abaa.mx\/tienda\/wp-content\/uploads\/2024\/01\/abaa-metrologia-tienda.png","contentUrl":"https:\/\/abaa.mx\/tienda\/wp-content\/uploads\/2024\/01\/abaa-metrologia-tienda.png","width":300,"height":141,"caption":"Abaa tienda online"},"image":{"@id":"https:\/\/abaa.mx\/tienda\/#\/schema\/logo\/image\/"}}]}},"_links":{"self":[{"href":"https:\/\/abaa.mx\/tienda\/wp-json\/wp\/v2\/product\/8700","targetHints":{"allow":["GET"]}}],"collection":[{"href":"https:\/\/abaa.mx\/tienda\/wp-json\/wp\/v2\/product"}],"about":[{"href":"https:\/\/abaa.mx\/tienda\/wp-json\/wp\/v2\/types\/product"}],"replies":[{"embeddable":true,"href":"https:\/\/abaa.mx\/tienda\/wp-json\/wp\/v2\/comments?post=8700"}],"wp:featuredmedia":[{"embeddable":true,"href":"https:\/\/abaa.mx\/tienda\/wp-json\/wp\/v2\/media\/8701"}],"wp:attachment":[{"href":"https:\/\/abaa.mx\/tienda\/wp-json\/wp\/v2\/media?parent=8700"}],"wp:term":[{"taxonomy":"product_brand","embeddable":true,"href":"https:\/\/abaa.mx\/tienda\/wp-json\/wp\/v2\/product_brand?post=8700"},{"taxonomy":"product_cat","embeddable":true,"href":"https:\/\/abaa.mx\/tienda\/wp-json\/wp\/v2\/product_cat?post=8700"},{"taxonomy":"product_tag","embeddable":true,"href":"https:\/\/abaa.mx\/tienda\/wp-json\/wp\/v2\/product_tag?post=8700"}],"curies":[{"name":"wp","href":"https:\/\/api.w.org\/{rel}","templated":true}]}}