{"id":8696,"date":"2023-12-12T20:48:52","date_gmt":"2023-12-12T20:48:52","guid":{"rendered":"https:\/\/abaa.mx\/tienda\/?post_type=product&#038;p=8696"},"modified":"2023-12-12T20:48:53","modified_gmt":"2023-12-12T20:48:53","slug":"bf06-luxometro-0-a-40-000-lx-0-a-3-716-fc","status":"publish","type":"product","link":"https:\/\/abaa.mx\/tienda\/bf06-luxometro-0-a-40-000-lx-0-a-3-716-fc\/","title":{"rendered":"Bf06-luxometro 0 a 40.000 lx (0 a 3.716 fc)"},"content":{"rendered":"<p class=\"csc-firstHeader\">Medici\u00f3n de la iluminancia y de la incidencia de la luz en el lugar de trabajo, en casa o para una iluminaci\u00f3n \u00f3ptima de los plat\u00f3s de cine y fotograf\u00eda La medici\u00f3n precisa de la luz no tiene por qu\u00e9 ser un lujo: El BF06 es un dispositivo muy compacto y ligero que permite una medici\u00f3n precisa de la intensidad luminosa en interiores y exteriores.<\/p>\n<p class=\"bodytext\">El detector del BF06 cumple los requisitos de la Comisi\u00f3n Internacional de la Iluminaci\u00f3n (CIE) aprobada por la ISO \u2013 gracias al filtro espectral integrado, el BF06 filtra de manera confiable todos los elementos infrarrojos de modo que solo se capta el espectro de luz relevante. La lograda combinaci\u00f3n de una t\u00e9cnica de medici\u00f3n segura, un dise\u00f1o ergon\u00f3mico y una relaci\u00f3n calidad-precio imbatible, convierte al BF06 en el lux\u00f3metro universal para m\u00faltiples campos de aplicaci\u00f3n:<\/p>\n<p class=\"bodytext\">Use el BF06, por ejemplo, para medir la intensidad de la luz en el puesto de trabajo o en el hogar, como medio auxiliar para decorar escaparates, en el montaje de ferias o para una iluminaci\u00f3n \u00f3ptima de los plat\u00f3s de cine o fotograf\u00eda \u2013 y no por \u00faltimo para la medici\u00f3n de la incidencia de la luz en plantaciones en zonas verdes, invernaderos o es su propio jard\u00edn. El BF06 es tambi\u00e9n \u00fatil para los arquitectos durante la planificaci\u00f3n o el control del funcionamiento de los sistemas de iluminaci\u00f3n interiores y exteriores.<\/p>\n","protected":false},"excerpt":{"rendered":"<p><strong>Ventajas en la pr\u00e1ctica:<\/strong><\/p>\n<ul class=\"list-grid grid-md-2 csc-default csc-bulletlist-1-a\">\n<li class=\"column\">Desarrollo, dise\u00f1o, fabricaci\u00f3n 100 % Trotec.<\/li>\n<li class=\"column\">Medici\u00f3n de la iluminancia y la incidencia de la luz.<\/li>\n<li class=\"column\">Relaci\u00f3n calidad-precio \u00f3ptima.<\/li>\n<li class=\"column\">Pantalla de resultados grande y de f\u00e1cil lectura.<\/li>\n<li class=\"column\">Funci\u00f3n de valor m\u00e1ximo.<\/li>\n<li class=\"column\">Manejo extremadamente sencillo.<\/li>\n<li class=\"column\">Display retroiluminado con sensor de control cuando hay poca luz.<\/li>\n<li class=\"column\">Desconexi\u00f3n autom\u00e1tica.<\/li>\n<li class=\"column\">Montaje de tr\u00edpode.<\/li>\n<li class=\"column\">Dise\u00f1o industrial alem\u00e1n optimizado para la pr\u00e1ctica &#8211; modelo registrado.<\/li>\n<\/ul>\n","protected":false},"featured_media":9786,"comment_status":"open","ping_status":"closed","template":"","meta":{"_joinchat":[]},"product_brand":[],"product_cat":[15],"product_tag":[],"class_list":{"0":"post-8696","1":"product","2":"type-product","3":"status-publish","4":"has-post-thumbnail","6":"product_cat-sin-categorizar","8":"first","9":"instock","10":"shipping-taxable","11":"product-type-simple"},"yoast_head":"<!-- This site is optimized with the Yoast SEO plugin v26.4 - https:\/\/yoast.com\/wordpress\/plugins\/seo\/ -->\n<title>Bf06-luxometro 0 a 40.000 lx (0 a 3.716 fc) - Abaa tienda online<\/title>\n<meta name=\"robots\" content=\"index, follow, max-snippet:-1, max-image-preview:large, max-video-preview:-1\" \/>\n<link rel=\"canonical\" href=\"https:\/\/abaa.mx\/tienda\/bf06-luxometro-0-a-40-000-lx-0-a-3-716-fc\/\" \/>\n<meta property=\"og:locale\" content=\"es_MX\" \/>\n<meta property=\"og:type\" content=\"article\" \/>\n<meta property=\"og:title\" content=\"Bf06-luxometro 0 a 40.000 lx (0 a 3.716 fc) - Abaa tienda online\" \/>\n<meta property=\"og:description\" content=\"Ventajas en la pr\u00e1ctica:   Desarrollo, dise\u00f1o, fabricaci\u00f3n 100 % Trotec.  Medici\u00f3n de la iluminancia y la incidencia de la luz.  Relaci\u00f3n calidad-precio \u00f3ptima.  Pantalla de resultados grande y de f\u00e1cil lectura.  Funci\u00f3n de valor m\u00e1ximo.  Manejo extremadamente sencillo.  Display retroiluminado con sensor de control cuando hay poca luz.  Desconexi\u00f3n autom\u00e1tica.  Montaje de tr\u00edpode.  Dise\u00f1o industrial alem\u00e1n optimizado para la pr\u00e1ctica - modelo registrado.\" \/>\n<meta property=\"og:url\" content=\"https:\/\/abaa.mx\/tienda\/bf06-luxometro-0-a-40-000-lx-0-a-3-716-fc\/\" \/>\n<meta property=\"og:site_name\" content=\"Abaa tienda online\" \/>\n<meta property=\"article:modified_time\" content=\"2023-12-12T20:48:53+00:00\" \/>\n<meta property=\"og:image\" content=\"https:\/\/abaa.mx\/tienda\/wp-content\/uploads\/2023\/12\/Bf06-luxometro.jpg\" \/>\n\t<meta property=\"og:image:width\" content=\"800\" \/>\n\t<meta property=\"og:image:height\" content=\"800\" \/>\n\t<meta property=\"og:image:type\" content=\"image\/jpeg\" \/>\n<meta name=\"twitter:card\" content=\"summary_large_image\" \/>\n<meta name=\"twitter:label1\" content=\"Tiempo de lectura\" \/>\n\t<meta name=\"twitter:data1\" content=\"2 minutos\" \/>\n<script type=\"application\/ld+json\" class=\"yoast-schema-graph\">{\"@context\":\"https:\/\/schema.org\",\"@graph\":[{\"@type\":\"WebPage\",\"@id\":\"https:\/\/abaa.mx\/tienda\/bf06-luxometro-0-a-40-000-lx-0-a-3-716-fc\/\",\"url\":\"https:\/\/abaa.mx\/tienda\/bf06-luxometro-0-a-40-000-lx-0-a-3-716-fc\/\",\"name\":\"Bf06-luxometro 0 a 40.000 lx (0 a 3.716 fc) - Abaa tienda online\",\"isPartOf\":{\"@id\":\"https:\/\/abaa.mx\/tienda\/#website\"},\"primaryImageOfPage\":{\"@id\":\"https:\/\/abaa.mx\/tienda\/bf06-luxometro-0-a-40-000-lx-0-a-3-716-fc\/#primaryimage\"},\"image\":{\"@id\":\"https:\/\/abaa.mx\/tienda\/bf06-luxometro-0-a-40-000-lx-0-a-3-716-fc\/#primaryimage\"},\"thumbnailUrl\":\"https:\/\/abaa.mx\/tienda\/wp-content\/uploads\/2023\/12\/Bf06-luxometro.jpg\",\"datePublished\":\"2023-12-12T20:48:52+00:00\",\"dateModified\":\"2023-12-12T20:48:53+00:00\",\"breadcrumb\":{\"@id\":\"https:\/\/abaa.mx\/tienda\/bf06-luxometro-0-a-40-000-lx-0-a-3-716-fc\/#breadcrumb\"},\"inLanguage\":\"es\",\"potentialAction\":[{\"@type\":\"ReadAction\",\"target\":[\"https:\/\/abaa.mx\/tienda\/bf06-luxometro-0-a-40-000-lx-0-a-3-716-fc\/\"]}]},{\"@type\":\"ImageObject\",\"inLanguage\":\"es\",\"@id\":\"https:\/\/abaa.mx\/tienda\/bf06-luxometro-0-a-40-000-lx-0-a-3-716-fc\/#primaryimage\",\"url\":\"https:\/\/abaa.mx\/tienda\/wp-content\/uploads\/2023\/12\/Bf06-luxometro.jpg\",\"contentUrl\":\"https:\/\/abaa.mx\/tienda\/wp-content\/uploads\/2023\/12\/Bf06-luxometro.jpg\",\"width\":800,\"height\":800,\"caption\":\"Bf06-luxometro\"},{\"@type\":\"BreadcrumbList\",\"@id\":\"https:\/\/abaa.mx\/tienda\/bf06-luxometro-0-a-40-000-lx-0-a-3-716-fc\/#breadcrumb\",\"itemListElement\":[{\"@type\":\"ListItem\",\"position\":1,\"name\":\"Inicio\",\"item\":\"https:\/\/abaa.mx\/tienda\/\"},{\"@type\":\"ListItem\",\"position\":2,\"name\":\"Tienda\",\"item\":\"https:\/\/abaa.mx\/tienda\/\"},{\"@type\":\"ListItem\",\"position\":3,\"name\":\"Bf06-luxometro 0 a 40.000 lx (0 a 3.716 fc)\"}]},{\"@type\":\"WebSite\",\"@id\":\"https:\/\/abaa.mx\/tienda\/#website\",\"url\":\"https:\/\/abaa.mx\/tienda\/\",\"name\":\"Abaa tienda online\",\"description\":\"Instrumentos de medici\u00f3n\",\"publisher\":{\"@id\":\"https:\/\/abaa.mx\/tienda\/#organization\"},\"potentialAction\":[{\"@type\":\"SearchAction\",\"target\":{\"@type\":\"EntryPoint\",\"urlTemplate\":\"https:\/\/abaa.mx\/tienda\/?s={search_term_string}\"},\"query-input\":{\"@type\":\"PropertyValueSpecification\",\"valueRequired\":true,\"valueName\":\"search_term_string\"}}],\"inLanguage\":\"es\"},{\"@type\":\"Organization\",\"@id\":\"https:\/\/abaa.mx\/tienda\/#organization\",\"name\":\"Abaa tienda online\",\"url\":\"https:\/\/abaa.mx\/tienda\/\",\"logo\":{\"@type\":\"ImageObject\",\"inLanguage\":\"es\",\"@id\":\"https:\/\/abaa.mx\/tienda\/#\/schema\/logo\/image\/\",\"url\":\"https:\/\/abaa.mx\/tienda\/wp-content\/uploads\/2024\/01\/abaa-metrologia-tienda.png\",\"contentUrl\":\"https:\/\/abaa.mx\/tienda\/wp-content\/uploads\/2024\/01\/abaa-metrologia-tienda.png\",\"width\":300,\"height\":141,\"caption\":\"Abaa tienda online\"},\"image\":{\"@id\":\"https:\/\/abaa.mx\/tienda\/#\/schema\/logo\/image\/\"}}]}<\/script>\n<!-- \/ Yoast SEO plugin. -->","yoast_head_json":{"title":"Bf06-luxometro 0 a 40.000 lx (0 a 3.716 fc) - Abaa tienda online","robots":{"index":"index","follow":"follow","max-snippet":"max-snippet:-1","max-image-preview":"max-image-preview:large","max-video-preview":"max-video-preview:-1"},"canonical":"https:\/\/abaa.mx\/tienda\/bf06-luxometro-0-a-40-000-lx-0-a-3-716-fc\/","og_locale":"es_MX","og_type":"article","og_title":"Bf06-luxometro 0 a 40.000 lx (0 a 3.716 fc) - Abaa tienda online","og_description":"Ventajas en la pr\u00e1ctica:   Desarrollo, dise\u00f1o, fabricaci\u00f3n 100 % Trotec.  Medici\u00f3n de la iluminancia y la incidencia de la luz.  Relaci\u00f3n calidad-precio \u00f3ptima.  Pantalla de resultados grande y de f\u00e1cil lectura.  Funci\u00f3n de valor m\u00e1ximo.  Manejo extremadamente sencillo.  Display retroiluminado con sensor de control cuando hay poca luz.  Desconexi\u00f3n autom\u00e1tica.  Montaje de tr\u00edpode.  Dise\u00f1o industrial alem\u00e1n optimizado para la pr\u00e1ctica - modelo registrado.","og_url":"https:\/\/abaa.mx\/tienda\/bf06-luxometro-0-a-40-000-lx-0-a-3-716-fc\/","og_site_name":"Abaa tienda online","article_modified_time":"2023-12-12T20:48:53+00:00","og_image":[{"width":800,"height":800,"url":"https:\/\/abaa.mx\/tienda\/wp-content\/uploads\/2023\/12\/Bf06-luxometro.jpg","type":"image\/jpeg"}],"twitter_card":"summary_large_image","twitter_misc":{"Tiempo de lectura":"2 minutos"},"schema":{"@context":"https:\/\/schema.org","@graph":[{"@type":"WebPage","@id":"https:\/\/abaa.mx\/tienda\/bf06-luxometro-0-a-40-000-lx-0-a-3-716-fc\/","url":"https:\/\/abaa.mx\/tienda\/bf06-luxometro-0-a-40-000-lx-0-a-3-716-fc\/","name":"Bf06-luxometro 0 a 40.000 lx (0 a 3.716 fc) - Abaa tienda online","isPartOf":{"@id":"https:\/\/abaa.mx\/tienda\/#website"},"primaryImageOfPage":{"@id":"https:\/\/abaa.mx\/tienda\/bf06-luxometro-0-a-40-000-lx-0-a-3-716-fc\/#primaryimage"},"image":{"@id":"https:\/\/abaa.mx\/tienda\/bf06-luxometro-0-a-40-000-lx-0-a-3-716-fc\/#primaryimage"},"thumbnailUrl":"https:\/\/abaa.mx\/tienda\/wp-content\/uploads\/2023\/12\/Bf06-luxometro.jpg","datePublished":"2023-12-12T20:48:52+00:00","dateModified":"2023-12-12T20:48:53+00:00","breadcrumb":{"@id":"https:\/\/abaa.mx\/tienda\/bf06-luxometro-0-a-40-000-lx-0-a-3-716-fc\/#breadcrumb"},"inLanguage":"es","potentialAction":[{"@type":"ReadAction","target":["https:\/\/abaa.mx\/tienda\/bf06-luxometro-0-a-40-000-lx-0-a-3-716-fc\/"]}]},{"@type":"ImageObject","inLanguage":"es","@id":"https:\/\/abaa.mx\/tienda\/bf06-luxometro-0-a-40-000-lx-0-a-3-716-fc\/#primaryimage","url":"https:\/\/abaa.mx\/tienda\/wp-content\/uploads\/2023\/12\/Bf06-luxometro.jpg","contentUrl":"https:\/\/abaa.mx\/tienda\/wp-content\/uploads\/2023\/12\/Bf06-luxometro.jpg","width":800,"height":800,"caption":"Bf06-luxometro"},{"@type":"BreadcrumbList","@id":"https:\/\/abaa.mx\/tienda\/bf06-luxometro-0-a-40-000-lx-0-a-3-716-fc\/#breadcrumb","itemListElement":[{"@type":"ListItem","position":1,"name":"Inicio","item":"https:\/\/abaa.mx\/tienda\/"},{"@type":"ListItem","position":2,"name":"Tienda","item":"https:\/\/abaa.mx\/tienda\/"},{"@type":"ListItem","position":3,"name":"Bf06-luxometro 0 a 40.000 lx (0 a 3.716 fc)"}]},{"@type":"WebSite","@id":"https:\/\/abaa.mx\/tienda\/#website","url":"https:\/\/abaa.mx\/tienda\/","name":"Abaa tienda online","description":"Instrumentos de medici\u00f3n","publisher":{"@id":"https:\/\/abaa.mx\/tienda\/#organization"},"potentialAction":[{"@type":"SearchAction","target":{"@type":"EntryPoint","urlTemplate":"https:\/\/abaa.mx\/tienda\/?s={search_term_string}"},"query-input":{"@type":"PropertyValueSpecification","valueRequired":true,"valueName":"search_term_string"}}],"inLanguage":"es"},{"@type":"Organization","@id":"https:\/\/abaa.mx\/tienda\/#organization","name":"Abaa tienda online","url":"https:\/\/abaa.mx\/tienda\/","logo":{"@type":"ImageObject","inLanguage":"es","@id":"https:\/\/abaa.mx\/tienda\/#\/schema\/logo\/image\/","url":"https:\/\/abaa.mx\/tienda\/wp-content\/uploads\/2024\/01\/abaa-metrologia-tienda.png","contentUrl":"https:\/\/abaa.mx\/tienda\/wp-content\/uploads\/2024\/01\/abaa-metrologia-tienda.png","width":300,"height":141,"caption":"Abaa tienda online"},"image":{"@id":"https:\/\/abaa.mx\/tienda\/#\/schema\/logo\/image\/"}}]}},"_links":{"self":[{"href":"https:\/\/abaa.mx\/tienda\/wp-json\/wp\/v2\/product\/8696","targetHints":{"allow":["GET"]}}],"collection":[{"href":"https:\/\/abaa.mx\/tienda\/wp-json\/wp\/v2\/product"}],"about":[{"href":"https:\/\/abaa.mx\/tienda\/wp-json\/wp\/v2\/types\/product"}],"replies":[{"embeddable":true,"href":"https:\/\/abaa.mx\/tienda\/wp-json\/wp\/v2\/comments?post=8696"}],"wp:featuredmedia":[{"embeddable":true,"href":"https:\/\/abaa.mx\/tienda\/wp-json\/wp\/v2\/media\/9786"}],"wp:attachment":[{"href":"https:\/\/abaa.mx\/tienda\/wp-json\/wp\/v2\/media?parent=8696"}],"wp:term":[{"taxonomy":"product_brand","embeddable":true,"href":"https:\/\/abaa.mx\/tienda\/wp-json\/wp\/v2\/product_brand?post=8696"},{"taxonomy":"product_cat","embeddable":true,"href":"https:\/\/abaa.mx\/tienda\/wp-json\/wp\/v2\/product_cat?post=8696"},{"taxonomy":"product_tag","embeddable":true,"href":"https:\/\/abaa.mx\/tienda\/wp-json\/wp\/v2\/product_tag?post=8696"}],"curies":[{"name":"wp","href":"https:\/\/api.w.org\/{rel}","templated":true}]}}