{"id":8688,"date":"2023-11-09T17:04:17","date_gmt":"2023-11-09T17:04:17","guid":{"rendered":"https:\/\/abaa.mx\/tienda\/?post_type=product&#038;p=8688"},"modified":"2023-11-09T17:04:17","modified_gmt":"2023-11-09T17:04:17","slug":"positector-dpm-l-dew-point-meter-logger-dpml","status":"publish","type":"product","link":"https:\/\/abaa.mx\/tienda\/positector-dpm-l-dew-point-meter-logger-dpml\/","title":{"rendered":"PosiTector DPM L Dew Point Meter Logger &#8211; DPML"},"content":{"rendered":"<p>PosiTector DPM L Dew Point Meter Logger &#8211; DPML.<\/p>\n","protected":false},"excerpt":{"rendered":"<p>Se adhiere a estructuras de acero para medir y registrar par\u00e1metros ambientales de manera sin dependencia durante hasta 200 d\u00edas. Los conjuntos de datos almacenados se pueden bajar utilizando un cuerpo de medidor PosiTector Advanced o un dispositivo capaz Apple \/ Android.<\/p>\n<ul>\n<li>Ranura de seguridad Kensington para protecci\u00f3n antirrobo. Kensington Lock se vende por separado.<\/li>\n<li>Registra los par\u00e1metros a intervalos seleccionados por el usuario desde 1 min. a 8 hrs.<\/li>\n<li>Utiliza bater\u00edas comunes de celda de moneda de litio (CR2032).<\/li>\n<li>Almacenamiento en memoria interna de 10,000 conjuntos de datos (60,000 lecturas).<\/li>\n<li>Cada conjunto de datos almacenado tiene fecha y hora estampadas.<\/li>\n<li>Garant\u00eda de dos a\u00f1os.<\/li>\n<li>Recinto sellado ambientalmente &#8211; resistente a la intemperie, a prueba de polvo y a prueba de golpes &#8211; cumple o supera IP65.<\/li>\n<li>Cumple con los est\u00e1ndares nacionales e internacionales, incluidos ISO y ASTM.<\/li>\n<li>Certificado de calibraci\u00f3n que muestra la trazabilidad al NIST incluido.<\/li>\n<li>Los sensores de precisi\u00f3n de respuesta r\u00e1pida proporcionan lecturas precisas y repetibles.<\/li>\n<\/ul>\n","protected":false},"featured_media":8690,"comment_status":"open","ping_status":"closed","template":"","meta":{"_joinchat":[]},"product_brand":[],"product_cat":[117],"product_tag":[],"class_list":{"0":"post-8688","1":"product","2":"type-product","3":"status-publish","4":"has-post-thumbnail","6":"product_cat-medidores-de-punto-de-rocio","8":"first","9":"instock","10":"shipping-taxable","11":"product-type-simple"},"yoast_head":"<!-- This site is optimized with the Yoast SEO plugin v26.4 - https:\/\/yoast.com\/wordpress\/plugins\/seo\/ -->\n<title>PosiTector DPM L Dew Point Meter Logger - DPML - Abaa tienda online<\/title>\n<meta name=\"robots\" content=\"index, follow, max-snippet:-1, max-image-preview:large, max-video-preview:-1\" \/>\n<link rel=\"canonical\" href=\"https:\/\/abaa.mx\/tienda\/positector-dpm-l-dew-point-meter-logger-dpml\/\" \/>\n<meta property=\"og:locale\" content=\"es_MX\" \/>\n<meta property=\"og:type\" content=\"article\" \/>\n<meta property=\"og:title\" content=\"PosiTector DPM L Dew Point Meter Logger - DPML - Abaa tienda online\" \/>\n<meta property=\"og:description\" content=\"Se adhiere a estructuras de acero para medir y registrar par\u00e1metros ambientales de manera sin dependencia durante hasta 200 d\u00edas. Los conjuntos de datos almacenados se pueden bajar utilizando un cuerpo de medidor PosiTector Advanced o un dispositivo capaz Apple \/ Android.   Ranura de seguridad Kensington para protecci\u00f3n antirrobo. Kensington Lock se vende por separado.  Registra los par\u00e1metros a intervalos seleccionados por el usuario desde 1 min. a 8 hrs.  Utiliza bater\u00edas comunes de celda de moneda de litio (CR2032).  Almacenamiento en memoria interna de 10,000 conjuntos de datos (60,000 lecturas).  Cada conjunto de datos almacenado tiene fecha y hora estampadas.  Garant\u00eda de dos a\u00f1os.  Recinto sellado ambientalmente - resistente a la intemperie, a prueba de polvo y a prueba de golpes - cumple o supera IP65.  Cumple con los est\u00e1ndares nacionales e internacionales, incluidos ISO y ASTM.  Certificado de calibraci\u00f3n que muestra la trazabilidad al NIST incluido.  Los sensores de precisi\u00f3n de respuesta r\u00e1pida proporcionan lecturas precisas y repetibles.\" \/>\n<meta property=\"og:url\" content=\"https:\/\/abaa.mx\/tienda\/positector-dpm-l-dew-point-meter-logger-dpml\/\" \/>\n<meta property=\"og:site_name\" content=\"Abaa tienda online\" \/>\n<meta property=\"og:image\" content=\"https:\/\/abaa.mx\/tienda\/wp-content\/uploads\/2023\/11\/DEFELSKO-DPML.jpg\" \/>\n\t<meta property=\"og:image:width\" content=\"1100\" \/>\n\t<meta property=\"og:image:height\" content=\"1089\" \/>\n\t<meta property=\"og:image:type\" content=\"image\/jpeg\" \/>\n<meta name=\"twitter:card\" content=\"summary_large_image\" \/>\n<meta name=\"twitter:label1\" content=\"Tiempo de lectura\" \/>\n\t<meta name=\"twitter:data1\" content=\"1 minuto\" \/>\n<script type=\"application\/ld+json\" class=\"yoast-schema-graph\">{\"@context\":\"https:\/\/schema.org\",\"@graph\":[{\"@type\":\"WebPage\",\"@id\":\"https:\/\/abaa.mx\/tienda\/positector-dpm-l-dew-point-meter-logger-dpml\/\",\"url\":\"https:\/\/abaa.mx\/tienda\/positector-dpm-l-dew-point-meter-logger-dpml\/\",\"name\":\"PosiTector DPM L Dew Point Meter Logger - DPML - Abaa tienda online\",\"isPartOf\":{\"@id\":\"https:\/\/abaa.mx\/tienda\/#website\"},\"primaryImageOfPage\":{\"@id\":\"https:\/\/abaa.mx\/tienda\/positector-dpm-l-dew-point-meter-logger-dpml\/#primaryimage\"},\"image\":{\"@id\":\"https:\/\/abaa.mx\/tienda\/positector-dpm-l-dew-point-meter-logger-dpml\/#primaryimage\"},\"thumbnailUrl\":\"https:\/\/abaa.mx\/tienda\/wp-content\/uploads\/2023\/11\/DEFELSKO-DPML.jpg\",\"datePublished\":\"2023-11-09T17:04:17+00:00\",\"breadcrumb\":{\"@id\":\"https:\/\/abaa.mx\/tienda\/positector-dpm-l-dew-point-meter-logger-dpml\/#breadcrumb\"},\"inLanguage\":\"es\",\"potentialAction\":[{\"@type\":\"ReadAction\",\"target\":[\"https:\/\/abaa.mx\/tienda\/positector-dpm-l-dew-point-meter-logger-dpml\/\"]}]},{\"@type\":\"ImageObject\",\"inLanguage\":\"es\",\"@id\":\"https:\/\/abaa.mx\/tienda\/positector-dpm-l-dew-point-meter-logger-dpml\/#primaryimage\",\"url\":\"https:\/\/abaa.mx\/tienda\/wp-content\/uploads\/2023\/11\/DEFELSKO-DPML.jpg\",\"contentUrl\":\"https:\/\/abaa.mx\/tienda\/wp-content\/uploads\/2023\/11\/DEFELSKO-DPML.jpg\",\"width\":1100,\"height\":1089,\"caption\":\"DEFELSKO-DPML\"},{\"@type\":\"BreadcrumbList\",\"@id\":\"https:\/\/abaa.mx\/tienda\/positector-dpm-l-dew-point-meter-logger-dpml\/#breadcrumb\",\"itemListElement\":[{\"@type\":\"ListItem\",\"position\":1,\"name\":\"Inicio\",\"item\":\"https:\/\/abaa.mx\/tienda\/\"},{\"@type\":\"ListItem\",\"position\":2,\"name\":\"Tienda\",\"item\":\"https:\/\/abaa.mx\/tienda\/\"},{\"@type\":\"ListItem\",\"position\":3,\"name\":\"PosiTector DPM L Dew Point Meter Logger &#8211; DPML\"}]},{\"@type\":\"WebSite\",\"@id\":\"https:\/\/abaa.mx\/tienda\/#website\",\"url\":\"https:\/\/abaa.mx\/tienda\/\",\"name\":\"Abaa tienda online\",\"description\":\"Instrumentos de medici\u00f3n\",\"publisher\":{\"@id\":\"https:\/\/abaa.mx\/tienda\/#organization\"},\"potentialAction\":[{\"@type\":\"SearchAction\",\"target\":{\"@type\":\"EntryPoint\",\"urlTemplate\":\"https:\/\/abaa.mx\/tienda\/?s={search_term_string}\"},\"query-input\":{\"@type\":\"PropertyValueSpecification\",\"valueRequired\":true,\"valueName\":\"search_term_string\"}}],\"inLanguage\":\"es\"},{\"@type\":\"Organization\",\"@id\":\"https:\/\/abaa.mx\/tienda\/#organization\",\"name\":\"Abaa tienda online\",\"url\":\"https:\/\/abaa.mx\/tienda\/\",\"logo\":{\"@type\":\"ImageObject\",\"inLanguage\":\"es\",\"@id\":\"https:\/\/abaa.mx\/tienda\/#\/schema\/logo\/image\/\",\"url\":\"https:\/\/abaa.mx\/tienda\/wp-content\/uploads\/2024\/01\/abaa-metrologia-tienda.png\",\"contentUrl\":\"https:\/\/abaa.mx\/tienda\/wp-content\/uploads\/2024\/01\/abaa-metrologia-tienda.png\",\"width\":300,\"height\":141,\"caption\":\"Abaa tienda online\"},\"image\":{\"@id\":\"https:\/\/abaa.mx\/tienda\/#\/schema\/logo\/image\/\"}}]}<\/script>\n<!-- \/ Yoast SEO plugin. -->","yoast_head_json":{"title":"PosiTector DPM L Dew Point Meter Logger - DPML - Abaa tienda online","robots":{"index":"index","follow":"follow","max-snippet":"max-snippet:-1","max-image-preview":"max-image-preview:large","max-video-preview":"max-video-preview:-1"},"canonical":"https:\/\/abaa.mx\/tienda\/positector-dpm-l-dew-point-meter-logger-dpml\/","og_locale":"es_MX","og_type":"article","og_title":"PosiTector DPM L Dew Point Meter Logger - DPML - Abaa tienda online","og_description":"Se adhiere a estructuras de acero para medir y registrar par\u00e1metros ambientales de manera sin dependencia durante hasta 200 d\u00edas. Los conjuntos de datos almacenados se pueden bajar utilizando un cuerpo de medidor PosiTector Advanced o un dispositivo capaz Apple \/ Android.   Ranura de seguridad Kensington para protecci\u00f3n antirrobo. Kensington Lock se vende por separado.  Registra los par\u00e1metros a intervalos seleccionados por el usuario desde 1 min. a 8 hrs.  Utiliza bater\u00edas comunes de celda de moneda de litio (CR2032).  Almacenamiento en memoria interna de 10,000 conjuntos de datos (60,000 lecturas).  Cada conjunto de datos almacenado tiene fecha y hora estampadas.  Garant\u00eda de dos a\u00f1os.  Recinto sellado ambientalmente - resistente a la intemperie, a prueba de polvo y a prueba de golpes - cumple o supera IP65.  Cumple con los est\u00e1ndares nacionales e internacionales, incluidos ISO y ASTM.  Certificado de calibraci\u00f3n que muestra la trazabilidad al NIST incluido.  Los sensores de precisi\u00f3n de respuesta r\u00e1pida proporcionan lecturas precisas y repetibles.","og_url":"https:\/\/abaa.mx\/tienda\/positector-dpm-l-dew-point-meter-logger-dpml\/","og_site_name":"Abaa tienda online","og_image":[{"width":1100,"height":1089,"url":"https:\/\/abaa.mx\/tienda\/wp-content\/uploads\/2023\/11\/DEFELSKO-DPML.jpg","type":"image\/jpeg"}],"twitter_card":"summary_large_image","twitter_misc":{"Tiempo de lectura":"1 minuto"},"schema":{"@context":"https:\/\/schema.org","@graph":[{"@type":"WebPage","@id":"https:\/\/abaa.mx\/tienda\/positector-dpm-l-dew-point-meter-logger-dpml\/","url":"https:\/\/abaa.mx\/tienda\/positector-dpm-l-dew-point-meter-logger-dpml\/","name":"PosiTector DPM L Dew Point Meter Logger - DPML - Abaa tienda online","isPartOf":{"@id":"https:\/\/abaa.mx\/tienda\/#website"},"primaryImageOfPage":{"@id":"https:\/\/abaa.mx\/tienda\/positector-dpm-l-dew-point-meter-logger-dpml\/#primaryimage"},"image":{"@id":"https:\/\/abaa.mx\/tienda\/positector-dpm-l-dew-point-meter-logger-dpml\/#primaryimage"},"thumbnailUrl":"https:\/\/abaa.mx\/tienda\/wp-content\/uploads\/2023\/11\/DEFELSKO-DPML.jpg","datePublished":"2023-11-09T17:04:17+00:00","breadcrumb":{"@id":"https:\/\/abaa.mx\/tienda\/positector-dpm-l-dew-point-meter-logger-dpml\/#breadcrumb"},"inLanguage":"es","potentialAction":[{"@type":"ReadAction","target":["https:\/\/abaa.mx\/tienda\/positector-dpm-l-dew-point-meter-logger-dpml\/"]}]},{"@type":"ImageObject","inLanguage":"es","@id":"https:\/\/abaa.mx\/tienda\/positector-dpm-l-dew-point-meter-logger-dpml\/#primaryimage","url":"https:\/\/abaa.mx\/tienda\/wp-content\/uploads\/2023\/11\/DEFELSKO-DPML.jpg","contentUrl":"https:\/\/abaa.mx\/tienda\/wp-content\/uploads\/2023\/11\/DEFELSKO-DPML.jpg","width":1100,"height":1089,"caption":"DEFELSKO-DPML"},{"@type":"BreadcrumbList","@id":"https:\/\/abaa.mx\/tienda\/positector-dpm-l-dew-point-meter-logger-dpml\/#breadcrumb","itemListElement":[{"@type":"ListItem","position":1,"name":"Inicio","item":"https:\/\/abaa.mx\/tienda\/"},{"@type":"ListItem","position":2,"name":"Tienda","item":"https:\/\/abaa.mx\/tienda\/"},{"@type":"ListItem","position":3,"name":"PosiTector DPM L Dew Point Meter Logger &#8211; DPML"}]},{"@type":"WebSite","@id":"https:\/\/abaa.mx\/tienda\/#website","url":"https:\/\/abaa.mx\/tienda\/","name":"Abaa tienda online","description":"Instrumentos de medici\u00f3n","publisher":{"@id":"https:\/\/abaa.mx\/tienda\/#organization"},"potentialAction":[{"@type":"SearchAction","target":{"@type":"EntryPoint","urlTemplate":"https:\/\/abaa.mx\/tienda\/?s={search_term_string}"},"query-input":{"@type":"PropertyValueSpecification","valueRequired":true,"valueName":"search_term_string"}}],"inLanguage":"es"},{"@type":"Organization","@id":"https:\/\/abaa.mx\/tienda\/#organization","name":"Abaa tienda online","url":"https:\/\/abaa.mx\/tienda\/","logo":{"@type":"ImageObject","inLanguage":"es","@id":"https:\/\/abaa.mx\/tienda\/#\/schema\/logo\/image\/","url":"https:\/\/abaa.mx\/tienda\/wp-content\/uploads\/2024\/01\/abaa-metrologia-tienda.png","contentUrl":"https:\/\/abaa.mx\/tienda\/wp-content\/uploads\/2024\/01\/abaa-metrologia-tienda.png","width":300,"height":141,"caption":"Abaa tienda online"},"image":{"@id":"https:\/\/abaa.mx\/tienda\/#\/schema\/logo\/image\/"}}]}},"_links":{"self":[{"href":"https:\/\/abaa.mx\/tienda\/wp-json\/wp\/v2\/product\/8688","targetHints":{"allow":["GET"]}}],"collection":[{"href":"https:\/\/abaa.mx\/tienda\/wp-json\/wp\/v2\/product"}],"about":[{"href":"https:\/\/abaa.mx\/tienda\/wp-json\/wp\/v2\/types\/product"}],"replies":[{"embeddable":true,"href":"https:\/\/abaa.mx\/tienda\/wp-json\/wp\/v2\/comments?post=8688"}],"wp:featuredmedia":[{"embeddable":true,"href":"https:\/\/abaa.mx\/tienda\/wp-json\/wp\/v2\/media\/8690"}],"wp:attachment":[{"href":"https:\/\/abaa.mx\/tienda\/wp-json\/wp\/v2\/media?parent=8688"}],"wp:term":[{"taxonomy":"product_brand","embeddable":true,"href":"https:\/\/abaa.mx\/tienda\/wp-json\/wp\/v2\/product_brand?post=8688"},{"taxonomy":"product_cat","embeddable":true,"href":"https:\/\/abaa.mx\/tienda\/wp-json\/wp\/v2\/product_cat?post=8688"},{"taxonomy":"product_tag","embeddable":true,"href":"https:\/\/abaa.mx\/tienda\/wp-json\/wp\/v2\/product_tag?post=8688"}],"curies":[{"name":"wp","href":"https:\/\/api.w.org\/{rel}","templated":true}]}}