{"id":8685,"date":"2023-11-09T16:40:58","date_gmt":"2023-11-09T16:40:58","guid":{"rendered":"https:\/\/abaa.mx\/tienda\/?post_type=product&#038;p=8685"},"modified":"2023-11-09T16:47:16","modified_gmt":"2023-11-09T16:47:16","slug":"generador-y-probador-de-senales-de-voltaje-y-corriente-cc-ss7012","status":"publish","type":"product","link":"https:\/\/abaa.mx\/tienda\/generador-y-probador-de-senales-de-voltaje-y-corriente-cc-ss7012\/","title":{"rendered":"Generador y probador de se\u00f1ales de voltaje y corriente CC &#8211; SS7012"},"content":{"rendered":"<p>Generador y probador de se\u00f1ales de voltaje y corriente CC &#8211; SS7012.<\/p>\n","protected":false},"excerpt":{"rendered":"<p><strong>Especificaciones generales,<\/strong> SS7012 Procedimiento de salida de fuente: sumidero \/ fuente bipolar M\u00e9todo de conversi\u00f3n A \/ D: Delta-Sigma <strong>Coeficientes de temperatura (abastecimiento):<\/strong><\/p>\n<ul>\n<li>Temperatura y humedad de funcionamiento: 0 a 40 \u00b0 C, 80% de HR o menos (sin condensaci\u00f3n) Protecci\u00f3n de E \/ S: 50 mA, con fusibles (suministro y medici\u00f3n).<\/li>\n<li>Funci\u00f3n de ajuste cero: dentro de \u00b1 100 cuentas (V, A y medici\u00f3n).<\/li>\n<li>Fuente de alimentaci\u00f3n: Cuatro bater\u00edas alcalinas LR6 o bater\u00edas HR6 Ni-MH, o ADAPTADOR DE CA 9445-02 \/ -03.<\/li>\n<li>Funciones adicionales: pantalla de desbordamiento, comunicaci\u00f3n USB, monitor.<\/li>\n<li>Voltaje de resistencia: 370 Vrms CA a 1 mA durante 15 segundos (terminales fuente-medida).<\/li>\n<li>Pantalla: LCD de cinco d\u00edgitos (&#8220;28000&#8221;).<\/li>\n<li>Tiempo de funcionamiento continuo: (con bater\u00edas Ni-MH de 2500 mAh completamente cargadas).<\/li>\n<\/ul>\n<ul>\n<li>\u00b1 (0,005% del ajuste + 30 \u00b5V) \/ \u00b0 C (CV: 2,5 V).<\/li>\n<li>\u00b1 (0,005% del ajuste + 0,2 mV) \/ \u00b0 C (CV: 25 V).<\/li>\n<li>\u00b1 (0,005% del ajuste + 0,2 \u00b5A) \/ \u00b0 C (CC: 25 mA).<\/li>\n<li>\u00b1 (0,005% del ajuste + 0,05 \u00b0 C) \/ \u00b0 C (TC (\u00b0 C): K, E, J, T y N).<\/li>\n<li>\u00b1 (0,005% del ajuste + 0,1 \u00b0 C) \/ \u00b0 C (TC (\u00b0 C): R, S y B).<\/li>\n<li>\u00b1 (0.01% del ajuste + 0.1 \u00b0 C) \/ \u00b0 C (TC (RJ): K, E, J, T, R, S, B y N).<\/li>\n<\/ul>\n<p>\u00b1 0,005?\/ \u00b0 C (Rs)\u00a0<b>Coeficientes de temperatura (medici\u00f3n):<\/b><\/p>\n<ul>\n<li>\u00b1 (0.005% lectura + 10 \u00b5V) \/ \u00b0 C (V: 2.5V).<\/li>\n<li>\u00b1 (0,005% lectura + 0,1 mV) \/ \u00b0 C (V: 25 V).<\/li>\n<li>\u00b1 (0.005% rdg. + 0.1 \u00b5A) \/ \u00b0 C (A: 25mA).<\/li>\n<li>\u00b1 0.05 \u00b0 C \/ \u00b0 C (TEMP).<\/li>\n<li>\u00b1 (0.01% lectura + 1 \u00b5A) \/ \u00b0 C (CV MONITOR: 2.5V y 25V).<\/li>\n<li>\u00b1 (0.01% lectura + 1 mV) \/ \u00b0 C (CC MONITOR: 25mA).<\/li>\n<li>\u00b1 0.05 \u00b0 C \/ \u00b0 C (MONITOR TC (RJ)).<\/li>\n<\/ul>\n","protected":false},"featured_media":8686,"comment_status":"open","ping_status":"closed","template":"","meta":{"_joinchat":[]},"product_brand":[],"product_cat":[116],"product_tag":[],"class_list":{"0":"post-8685","1":"product","2":"type-product","3":"status-publish","4":"has-post-thumbnail","6":"product_cat-medidores-de-potencia-electrica","8":"first","9":"instock","10":"shipping-taxable","11":"product-type-simple"},"yoast_head":"<!-- This site is optimized with the Yoast SEO plugin v26.4 - https:\/\/yoast.com\/wordpress\/plugins\/seo\/ -->\n<title>Generador y probador de se\u00f1ales de voltaje y corriente CC - SS7012 - Abaa tienda online<\/title>\n<meta name=\"robots\" content=\"index, follow, max-snippet:-1, max-image-preview:large, max-video-preview:-1\" \/>\n<link rel=\"canonical\" href=\"https:\/\/abaa.mx\/tienda\/generador-y-probador-de-senales-de-voltaje-y-corriente-cc-ss7012\/\" \/>\n<meta property=\"og:locale\" content=\"es_MX\" \/>\n<meta property=\"og:type\" content=\"article\" \/>\n<meta property=\"og:title\" content=\"Generador y probador de se\u00f1ales de voltaje y corriente CC - SS7012 - Abaa tienda online\" \/>\n<meta property=\"og:description\" content=\"Especificaciones generales, SS7012 Procedimiento de salida de fuente: sumidero \/ fuente bipolar M\u00e9todo de conversi\u00f3n A \/ D: Delta-Sigma Coeficientes de temperatura (abastecimiento):   Temperatura y humedad de funcionamiento: 0 a 40 \u00b0 C, 80% de HR o menos (sin condensaci\u00f3n) Protecci\u00f3n de E \/ S: 50 mA, con fusibles (suministro y medici\u00f3n).  Funci\u00f3n de ajuste cero: dentro de \u00b1 100 cuentas (V, A y medici\u00f3n).  Fuente de alimentaci\u00f3n: Cuatro bater\u00edas alcalinas LR6 o bater\u00edas HR6 Ni-MH, o ADAPTADOR DE CA 9445-02 \/ -03.  Funciones adicionales: pantalla de desbordamiento, comunicaci\u00f3n USB, monitor.  Voltaje de resistencia: 370 Vrms CA a 1 mA durante 15 segundos (terminales fuente-medida).  Pantalla: LCD de cinco d\u00edgitos (&quot;28000&quot;).  Tiempo de funcionamiento continuo: (con bater\u00edas Ni-MH de 2500 mAh completamente cargadas).    \u00b1 (0,005% del ajuste + 30 \u00b5V) \/ \u00b0 C (CV: 2,5 V).  \u00b1 (0,005% del ajuste + 0,2 mV) \/ \u00b0 C (CV: 25 V).  \u00b1 (0,005% del ajuste + 0,2 \u00b5A) \/ \u00b0 C (CC: 25 mA).  \u00b1 (0,005% del ajuste + 0,05 \u00b0 C) \/ \u00b0 C (TC (\u00b0 C): K, E, J, T y N).  \u00b1 (0,005% del ajuste + 0,1 \u00b0 C) \/ \u00b0 C (TC (\u00b0 C): R, S y B).  \u00b1 (0.01% del ajuste + 0.1 \u00b0 C) \/ \u00b0 C (TC (RJ): K, E, J, T, R, S, B y N).  \u00b1 0,005?\/ \u00b0 C (Rs)\u00a0Coeficientes de temperatura (medici\u00f3n):   \u00b1 (0.005% lectura + 10 \u00b5V) \/ \u00b0 C (V: 2.5V).  \u00b1 (0,005% lectura + 0,1 mV) \/ \u00b0 C (V: 25 V).  \u00b1 (0.005% rdg. + 0.1 \u00b5A) \/ \u00b0 C (A: 25mA).  \u00b1 0.05 \u00b0 C \/ \u00b0 C (TEMP).  \u00b1 (0.01% lectura + 1 \u00b5A) \/ \u00b0 C (CV MONITOR: 2.5V y 25V).  \u00b1 (0.01% lectura + 1 mV) \/ \u00b0 C (CC MONITOR: 25mA).  \u00b1 0.05 \u00b0 C \/ \u00b0 C (MONITOR TC (RJ)).\" \/>\n<meta property=\"og:url\" content=\"https:\/\/abaa.mx\/tienda\/generador-y-probador-de-senales-de-voltaje-y-corriente-cc-ss7012\/\" \/>\n<meta property=\"og:site_name\" content=\"Abaa tienda online\" \/>\n<meta property=\"article:modified_time\" content=\"2023-11-09T16:47:16+00:00\" \/>\n<meta property=\"og:image\" content=\"https:\/\/abaa.mx\/tienda\/wp-content\/uploads\/2023\/11\/HIOKI-S57012.jpg\" \/>\n\t<meta property=\"og:image:width\" content=\"410\" \/>\n\t<meta property=\"og:image:height\" content=\"576\" \/>\n\t<meta property=\"og:image:type\" content=\"image\/jpeg\" \/>\n<meta name=\"twitter:card\" content=\"summary_large_image\" \/>\n<meta name=\"twitter:label1\" content=\"Tiempo de lectura\" \/>\n\t<meta name=\"twitter:data1\" content=\"1 minuto\" \/>\n<script type=\"application\/ld+json\" class=\"yoast-schema-graph\">{\"@context\":\"https:\/\/schema.org\",\"@graph\":[{\"@type\":\"WebPage\",\"@id\":\"https:\/\/abaa.mx\/tienda\/generador-y-probador-de-senales-de-voltaje-y-corriente-cc-ss7012\/\",\"url\":\"https:\/\/abaa.mx\/tienda\/generador-y-probador-de-senales-de-voltaje-y-corriente-cc-ss7012\/\",\"name\":\"Generador y probador de se\u00f1ales de voltaje y corriente CC - SS7012 - Abaa tienda online\",\"isPartOf\":{\"@id\":\"https:\/\/abaa.mx\/tienda\/#website\"},\"primaryImageOfPage\":{\"@id\":\"https:\/\/abaa.mx\/tienda\/generador-y-probador-de-senales-de-voltaje-y-corriente-cc-ss7012\/#primaryimage\"},\"image\":{\"@id\":\"https:\/\/abaa.mx\/tienda\/generador-y-probador-de-senales-de-voltaje-y-corriente-cc-ss7012\/#primaryimage\"},\"thumbnailUrl\":\"https:\/\/abaa.mx\/tienda\/wp-content\/uploads\/2023\/11\/HIOKI-S57012.jpg\",\"datePublished\":\"2023-11-09T16:40:58+00:00\",\"dateModified\":\"2023-11-09T16:47:16+00:00\",\"breadcrumb\":{\"@id\":\"https:\/\/abaa.mx\/tienda\/generador-y-probador-de-senales-de-voltaje-y-corriente-cc-ss7012\/#breadcrumb\"},\"inLanguage\":\"es\",\"potentialAction\":[{\"@type\":\"ReadAction\",\"target\":[\"https:\/\/abaa.mx\/tienda\/generador-y-probador-de-senales-de-voltaje-y-corriente-cc-ss7012\/\"]}]},{\"@type\":\"ImageObject\",\"inLanguage\":\"es\",\"@id\":\"https:\/\/abaa.mx\/tienda\/generador-y-probador-de-senales-de-voltaje-y-corriente-cc-ss7012\/#primaryimage\",\"url\":\"https:\/\/abaa.mx\/tienda\/wp-content\/uploads\/2023\/11\/HIOKI-S57012.jpg\",\"contentUrl\":\"https:\/\/abaa.mx\/tienda\/wp-content\/uploads\/2023\/11\/HIOKI-S57012.jpg\",\"width\":410,\"height\":576,\"caption\":\"HIOKI-S57012\"},{\"@type\":\"BreadcrumbList\",\"@id\":\"https:\/\/abaa.mx\/tienda\/generador-y-probador-de-senales-de-voltaje-y-corriente-cc-ss7012\/#breadcrumb\",\"itemListElement\":[{\"@type\":\"ListItem\",\"position\":1,\"name\":\"Inicio\",\"item\":\"https:\/\/abaa.mx\/tienda\/\"},{\"@type\":\"ListItem\",\"position\":2,\"name\":\"Tienda\",\"item\":\"https:\/\/abaa.mx\/tienda\/\"},{\"@type\":\"ListItem\",\"position\":3,\"name\":\"Generador y probador de se\u00f1ales de voltaje y corriente CC &#8211; SS7012\"}]},{\"@type\":\"WebSite\",\"@id\":\"https:\/\/abaa.mx\/tienda\/#website\",\"url\":\"https:\/\/abaa.mx\/tienda\/\",\"name\":\"Abaa tienda online\",\"description\":\"Instrumentos de medici\u00f3n\",\"publisher\":{\"@id\":\"https:\/\/abaa.mx\/tienda\/#organization\"},\"potentialAction\":[{\"@type\":\"SearchAction\",\"target\":{\"@type\":\"EntryPoint\",\"urlTemplate\":\"https:\/\/abaa.mx\/tienda\/?s={search_term_string}\"},\"query-input\":{\"@type\":\"PropertyValueSpecification\",\"valueRequired\":true,\"valueName\":\"search_term_string\"}}],\"inLanguage\":\"es\"},{\"@type\":\"Organization\",\"@id\":\"https:\/\/abaa.mx\/tienda\/#organization\",\"name\":\"Abaa tienda online\",\"url\":\"https:\/\/abaa.mx\/tienda\/\",\"logo\":{\"@type\":\"ImageObject\",\"inLanguage\":\"es\",\"@id\":\"https:\/\/abaa.mx\/tienda\/#\/schema\/logo\/image\/\",\"url\":\"https:\/\/abaa.mx\/tienda\/wp-content\/uploads\/2024\/01\/abaa-metrologia-tienda.png\",\"contentUrl\":\"https:\/\/abaa.mx\/tienda\/wp-content\/uploads\/2024\/01\/abaa-metrologia-tienda.png\",\"width\":300,\"height\":141,\"caption\":\"Abaa tienda online\"},\"image\":{\"@id\":\"https:\/\/abaa.mx\/tienda\/#\/schema\/logo\/image\/\"}}]}<\/script>\n<!-- \/ Yoast SEO plugin. -->","yoast_head_json":{"title":"Generador y probador de se\u00f1ales de voltaje y corriente CC - SS7012 - Abaa tienda online","robots":{"index":"index","follow":"follow","max-snippet":"max-snippet:-1","max-image-preview":"max-image-preview:large","max-video-preview":"max-video-preview:-1"},"canonical":"https:\/\/abaa.mx\/tienda\/generador-y-probador-de-senales-de-voltaje-y-corriente-cc-ss7012\/","og_locale":"es_MX","og_type":"article","og_title":"Generador y probador de se\u00f1ales de voltaje y corriente CC - SS7012 - Abaa tienda online","og_description":"Especificaciones generales, SS7012 Procedimiento de salida de fuente: sumidero \/ fuente bipolar M\u00e9todo de conversi\u00f3n A \/ D: Delta-Sigma Coeficientes de temperatura (abastecimiento):   Temperatura y humedad de funcionamiento: 0 a 40 \u00b0 C, 80% de HR o menos (sin condensaci\u00f3n) Protecci\u00f3n de E \/ S: 50 mA, con fusibles (suministro y medici\u00f3n).  Funci\u00f3n de ajuste cero: dentro de \u00b1 100 cuentas (V, A y medici\u00f3n).  Fuente de alimentaci\u00f3n: Cuatro bater\u00edas alcalinas LR6 o bater\u00edas HR6 Ni-MH, o ADAPTADOR DE CA 9445-02 \/ -03.  Funciones adicionales: pantalla de desbordamiento, comunicaci\u00f3n USB, monitor.  Voltaje de resistencia: 370 Vrms CA a 1 mA durante 15 segundos (terminales fuente-medida).  Pantalla: LCD de cinco d\u00edgitos (\"28000\").  Tiempo de funcionamiento continuo: (con bater\u00edas Ni-MH de 2500 mAh completamente cargadas).    \u00b1 (0,005% del ajuste + 30 \u00b5V) \/ \u00b0 C (CV: 2,5 V).  \u00b1 (0,005% del ajuste + 0,2 mV) \/ \u00b0 C (CV: 25 V).  \u00b1 (0,005% del ajuste + 0,2 \u00b5A) \/ \u00b0 C (CC: 25 mA).  \u00b1 (0,005% del ajuste + 0,05 \u00b0 C) \/ \u00b0 C (TC (\u00b0 C): K, E, J, T y N).  \u00b1 (0,005% del ajuste + 0,1 \u00b0 C) \/ \u00b0 C (TC (\u00b0 C): R, S y B).  \u00b1 (0.01% del ajuste + 0.1 \u00b0 C) \/ \u00b0 C (TC (RJ): K, E, J, T, R, S, B y N).  \u00b1 0,005?\/ \u00b0 C (Rs)\u00a0Coeficientes de temperatura (medici\u00f3n):   \u00b1 (0.005% lectura + 10 \u00b5V) \/ \u00b0 C (V: 2.5V).  \u00b1 (0,005% lectura + 0,1 mV) \/ \u00b0 C (V: 25 V).  \u00b1 (0.005% rdg. + 0.1 \u00b5A) \/ \u00b0 C (A: 25mA).  \u00b1 0.05 \u00b0 C \/ \u00b0 C (TEMP).  \u00b1 (0.01% lectura + 1 \u00b5A) \/ \u00b0 C (CV MONITOR: 2.5V y 25V).  \u00b1 (0.01% lectura + 1 mV) \/ \u00b0 C (CC MONITOR: 25mA).  \u00b1 0.05 \u00b0 C \/ \u00b0 C (MONITOR TC (RJ)).","og_url":"https:\/\/abaa.mx\/tienda\/generador-y-probador-de-senales-de-voltaje-y-corriente-cc-ss7012\/","og_site_name":"Abaa tienda online","article_modified_time":"2023-11-09T16:47:16+00:00","og_image":[{"width":410,"height":576,"url":"https:\/\/abaa.mx\/tienda\/wp-content\/uploads\/2023\/11\/HIOKI-S57012.jpg","type":"image\/jpeg"}],"twitter_card":"summary_large_image","twitter_misc":{"Tiempo de lectura":"1 minuto"},"schema":{"@context":"https:\/\/schema.org","@graph":[{"@type":"WebPage","@id":"https:\/\/abaa.mx\/tienda\/generador-y-probador-de-senales-de-voltaje-y-corriente-cc-ss7012\/","url":"https:\/\/abaa.mx\/tienda\/generador-y-probador-de-senales-de-voltaje-y-corriente-cc-ss7012\/","name":"Generador y probador de se\u00f1ales de voltaje y corriente CC - SS7012 - Abaa tienda online","isPartOf":{"@id":"https:\/\/abaa.mx\/tienda\/#website"},"primaryImageOfPage":{"@id":"https:\/\/abaa.mx\/tienda\/generador-y-probador-de-senales-de-voltaje-y-corriente-cc-ss7012\/#primaryimage"},"image":{"@id":"https:\/\/abaa.mx\/tienda\/generador-y-probador-de-senales-de-voltaje-y-corriente-cc-ss7012\/#primaryimage"},"thumbnailUrl":"https:\/\/abaa.mx\/tienda\/wp-content\/uploads\/2023\/11\/HIOKI-S57012.jpg","datePublished":"2023-11-09T16:40:58+00:00","dateModified":"2023-11-09T16:47:16+00:00","breadcrumb":{"@id":"https:\/\/abaa.mx\/tienda\/generador-y-probador-de-senales-de-voltaje-y-corriente-cc-ss7012\/#breadcrumb"},"inLanguage":"es","potentialAction":[{"@type":"ReadAction","target":["https:\/\/abaa.mx\/tienda\/generador-y-probador-de-senales-de-voltaje-y-corriente-cc-ss7012\/"]}]},{"@type":"ImageObject","inLanguage":"es","@id":"https:\/\/abaa.mx\/tienda\/generador-y-probador-de-senales-de-voltaje-y-corriente-cc-ss7012\/#primaryimage","url":"https:\/\/abaa.mx\/tienda\/wp-content\/uploads\/2023\/11\/HIOKI-S57012.jpg","contentUrl":"https:\/\/abaa.mx\/tienda\/wp-content\/uploads\/2023\/11\/HIOKI-S57012.jpg","width":410,"height":576,"caption":"HIOKI-S57012"},{"@type":"BreadcrumbList","@id":"https:\/\/abaa.mx\/tienda\/generador-y-probador-de-senales-de-voltaje-y-corriente-cc-ss7012\/#breadcrumb","itemListElement":[{"@type":"ListItem","position":1,"name":"Inicio","item":"https:\/\/abaa.mx\/tienda\/"},{"@type":"ListItem","position":2,"name":"Tienda","item":"https:\/\/abaa.mx\/tienda\/"},{"@type":"ListItem","position":3,"name":"Generador y probador de se\u00f1ales de voltaje y corriente CC &#8211; SS7012"}]},{"@type":"WebSite","@id":"https:\/\/abaa.mx\/tienda\/#website","url":"https:\/\/abaa.mx\/tienda\/","name":"Abaa tienda online","description":"Instrumentos de medici\u00f3n","publisher":{"@id":"https:\/\/abaa.mx\/tienda\/#organization"},"potentialAction":[{"@type":"SearchAction","target":{"@type":"EntryPoint","urlTemplate":"https:\/\/abaa.mx\/tienda\/?s={search_term_string}"},"query-input":{"@type":"PropertyValueSpecification","valueRequired":true,"valueName":"search_term_string"}}],"inLanguage":"es"},{"@type":"Organization","@id":"https:\/\/abaa.mx\/tienda\/#organization","name":"Abaa tienda online","url":"https:\/\/abaa.mx\/tienda\/","logo":{"@type":"ImageObject","inLanguage":"es","@id":"https:\/\/abaa.mx\/tienda\/#\/schema\/logo\/image\/","url":"https:\/\/abaa.mx\/tienda\/wp-content\/uploads\/2024\/01\/abaa-metrologia-tienda.png","contentUrl":"https:\/\/abaa.mx\/tienda\/wp-content\/uploads\/2024\/01\/abaa-metrologia-tienda.png","width":300,"height":141,"caption":"Abaa tienda online"},"image":{"@id":"https:\/\/abaa.mx\/tienda\/#\/schema\/logo\/image\/"}}]}},"_links":{"self":[{"href":"https:\/\/abaa.mx\/tienda\/wp-json\/wp\/v2\/product\/8685","targetHints":{"allow":["GET"]}}],"collection":[{"href":"https:\/\/abaa.mx\/tienda\/wp-json\/wp\/v2\/product"}],"about":[{"href":"https:\/\/abaa.mx\/tienda\/wp-json\/wp\/v2\/types\/product"}],"replies":[{"embeddable":true,"href":"https:\/\/abaa.mx\/tienda\/wp-json\/wp\/v2\/comments?post=8685"}],"wp:featuredmedia":[{"embeddable":true,"href":"https:\/\/abaa.mx\/tienda\/wp-json\/wp\/v2\/media\/8686"}],"wp:attachment":[{"href":"https:\/\/abaa.mx\/tienda\/wp-json\/wp\/v2\/media?parent=8685"}],"wp:term":[{"taxonomy":"product_brand","embeddable":true,"href":"https:\/\/abaa.mx\/tienda\/wp-json\/wp\/v2\/product_brand?post=8685"},{"taxonomy":"product_cat","embeddable":true,"href":"https:\/\/abaa.mx\/tienda\/wp-json\/wp\/v2\/product_cat?post=8685"},{"taxonomy":"product_tag","embeddable":true,"href":"https:\/\/abaa.mx\/tienda\/wp-json\/wp\/v2\/product_tag?post=8685"}],"curies":[{"name":"wp","href":"https:\/\/api.w.org\/{rel}","templated":true}]}}