{"id":8683,"date":"2023-11-09T16:34:56","date_gmt":"2023-11-09T16:34:56","guid":{"rendered":"https:\/\/abaa.mx\/tienda\/?post_type=product&#038;p=8683"},"modified":"2023-11-09T16:34:57","modified_gmt":"2023-11-09T16:34:57","slug":"decada-de-resistencia-lutron-rbox408","status":"publish","type":"product","link":"https:\/\/abaa.mx\/tienda\/decada-de-resistencia-lutron-rbox408\/","title":{"rendered":"Decada de Resistencia, Lutron &#8211; RBOX408"},"content":{"rendered":"<p>Decada de Resistencia, Lutron &#8211; RBOX408.<\/p>\n","protected":false},"excerpt":{"rendered":"<p>CAJA DE RESISTENCIA A LA DECADA ISO-9001, CE, IEC1010<\/p>\n<p><b>Aplicaciones:<\/b><\/p>\n<ul>\n<li>Servicios de radio y televisi\u00f3n.<\/li>\n<li>Carcasa de pl\u00e1stico ABS, componentes resistentes.<\/li>\n<li>Aplicaciones generales Soluci\u00f3n de problemas, mantenimiento Educaci\u00f3n y formaci\u00f3n profesional Pruebas de l\u00ednea de producci\u00f3n.<\/li>\n<li>1 a 11,111,110 ohmios, amplio rango y alta resoluci\u00f3n (1 ohm por paso), herramientas pr\u00e1cticas y vers\u00e1tiles.<\/li>\n<li>Con siete d\u00e9cadas de resistencia.<\/li>\n<li>Interruptores deslizantes que permiten al usuario simplemente sumar o restar el valor deseado.<\/li>\n<li>Dise\u00f1o de investigaci\u00f3n y desarrollo Laboratorio de f\u00edsica.<\/li>\n<li>Terminales con postes de uni\u00f3n de m\u00faltiples v\u00edas, uno para cambiar la carcasa del escudo.<\/li>\n<li>Normas de trabajo.<\/li>\n<li>Tama\u00f1o de bolsillo, que ofrece un rendimiento preciso y confiable.<\/li>\n<\/ul>\n<p><b>ESPECIFICACIONES:<\/b><\/p>\n<ul>\n<li>Resistencia perdida interna: 0.3 ohmios m\u00e1x.<\/li>\n<li>Rango: 1 a 11,111, 110 ohm (1 ohm por paso)<\/li>\n<li>Fuente de alimentaci\u00f3n: Ninguna<\/li>\n<li>Exactitud: 1% de resistencias utilizadas en todo.<\/li>\n<li>Potencia: 1 W.* No agregue el voltaje sobre AC \/ DC 250 V a los terminales de resistencia de salida, incluso su soporte La potencia es inferior a 1 W.<\/li>\n<\/ul>\n","protected":false},"featured_media":8684,"comment_status":"open","ping_status":"closed","template":"","meta":{"_joinchat":[]},"product_brand":[],"product_cat":[116],"product_tag":[],"class_list":{"0":"post-8683","1":"product","2":"type-product","3":"status-publish","4":"has-post-thumbnail","6":"product_cat-medidores-de-potencia-electrica","8":"first","9":"instock","10":"shipping-taxable","11":"product-type-simple"},"yoast_head":"<!-- This site is optimized with the Yoast SEO plugin v26.4 - https:\/\/yoast.com\/wordpress\/plugins\/seo\/ -->\n<title>Decada de Resistencia, Lutron - RBOX408 - Abaa tienda online<\/title>\n<meta name=\"robots\" content=\"index, follow, max-snippet:-1, max-image-preview:large, max-video-preview:-1\" \/>\n<link rel=\"canonical\" href=\"https:\/\/abaa.mx\/tienda\/decada-de-resistencia-lutron-rbox408\/\" \/>\n<meta property=\"og:locale\" content=\"es_MX\" \/>\n<meta property=\"og:type\" content=\"article\" \/>\n<meta property=\"og:title\" content=\"Decada de Resistencia, Lutron - RBOX408 - Abaa tienda online\" \/>\n<meta property=\"og:description\" content=\"CAJA DE RESISTENCIA A LA DECADA ISO-9001, CE, IEC1010  Aplicaciones:   Servicios de radio y televisi\u00f3n.  Carcasa de pl\u00e1stico ABS, componentes resistentes.  Aplicaciones generales Soluci\u00f3n de problemas, mantenimiento Educaci\u00f3n y formaci\u00f3n profesional Pruebas de l\u00ednea de producci\u00f3n.  1 a 11,111,110 ohmios, amplio rango y alta resoluci\u00f3n (1 ohm por paso), herramientas pr\u00e1cticas y vers\u00e1tiles.  Con siete d\u00e9cadas de resistencia.  Interruptores deslizantes que permiten al usuario simplemente sumar o restar el valor deseado.  Dise\u00f1o de investigaci\u00f3n y desarrollo Laboratorio de f\u00edsica.  Terminales con postes de uni\u00f3n de m\u00faltiples v\u00edas, uno para cambiar la carcasa del escudo.  Normas de trabajo.  Tama\u00f1o de bolsillo, que ofrece un rendimiento preciso y confiable.  ESPECIFICACIONES:   Resistencia perdida interna: 0.3 ohmios m\u00e1x.  Rango: 1 a 11,111, 110 ohm (1 ohm por paso)  Fuente de alimentaci\u00f3n: Ninguna  Exactitud: 1% de resistencias utilizadas en todo.  Potencia: 1 W.* No agregue el voltaje sobre AC \/ DC 250 V a los terminales de resistencia de salida, incluso su soporte La potencia es inferior a 1 W.\" \/>\n<meta property=\"og:url\" content=\"https:\/\/abaa.mx\/tienda\/decada-de-resistencia-lutron-rbox408\/\" \/>\n<meta property=\"og:site_name\" content=\"Abaa tienda online\" \/>\n<meta property=\"article:modified_time\" content=\"2023-11-09T16:34:57+00:00\" \/>\n<meta property=\"og:image\" content=\"https:\/\/abaa.mx\/tienda\/wp-content\/uploads\/2023\/11\/LUTRON-RBOX408.jpg\" \/>\n\t<meta property=\"og:image:width\" content=\"516\" \/>\n\t<meta property=\"og:image:height\" content=\"539\" \/>\n\t<meta property=\"og:image:type\" content=\"image\/jpeg\" \/>\n<meta name=\"twitter:card\" content=\"summary_large_image\" \/>\n<meta name=\"twitter:label1\" content=\"Tiempo de lectura\" \/>\n\t<meta name=\"twitter:data1\" content=\"1 minuto\" \/>\n<script type=\"application\/ld+json\" class=\"yoast-schema-graph\">{\"@context\":\"https:\/\/schema.org\",\"@graph\":[{\"@type\":\"WebPage\",\"@id\":\"https:\/\/abaa.mx\/tienda\/decada-de-resistencia-lutron-rbox408\/\",\"url\":\"https:\/\/abaa.mx\/tienda\/decada-de-resistencia-lutron-rbox408\/\",\"name\":\"Decada de Resistencia, Lutron - RBOX408 - Abaa tienda online\",\"isPartOf\":{\"@id\":\"https:\/\/abaa.mx\/tienda\/#website\"},\"primaryImageOfPage\":{\"@id\":\"https:\/\/abaa.mx\/tienda\/decada-de-resistencia-lutron-rbox408\/#primaryimage\"},\"image\":{\"@id\":\"https:\/\/abaa.mx\/tienda\/decada-de-resistencia-lutron-rbox408\/#primaryimage\"},\"thumbnailUrl\":\"https:\/\/abaa.mx\/tienda\/wp-content\/uploads\/2023\/11\/LUTRON-RBOX408.jpg\",\"datePublished\":\"2023-11-09T16:34:56+00:00\",\"dateModified\":\"2023-11-09T16:34:57+00:00\",\"breadcrumb\":{\"@id\":\"https:\/\/abaa.mx\/tienda\/decada-de-resistencia-lutron-rbox408\/#breadcrumb\"},\"inLanguage\":\"es\",\"potentialAction\":[{\"@type\":\"ReadAction\",\"target\":[\"https:\/\/abaa.mx\/tienda\/decada-de-resistencia-lutron-rbox408\/\"]}]},{\"@type\":\"ImageObject\",\"inLanguage\":\"es\",\"@id\":\"https:\/\/abaa.mx\/tienda\/decada-de-resistencia-lutron-rbox408\/#primaryimage\",\"url\":\"https:\/\/abaa.mx\/tienda\/wp-content\/uploads\/2023\/11\/LUTRON-RBOX408.jpg\",\"contentUrl\":\"https:\/\/abaa.mx\/tienda\/wp-content\/uploads\/2023\/11\/LUTRON-RBOX408.jpg\",\"width\":516,\"height\":539,\"caption\":\"LUTRON-RBOX408\"},{\"@type\":\"BreadcrumbList\",\"@id\":\"https:\/\/abaa.mx\/tienda\/decada-de-resistencia-lutron-rbox408\/#breadcrumb\",\"itemListElement\":[{\"@type\":\"ListItem\",\"position\":1,\"name\":\"Inicio\",\"item\":\"https:\/\/abaa.mx\/tienda\/\"},{\"@type\":\"ListItem\",\"position\":2,\"name\":\"Tienda\",\"item\":\"https:\/\/abaa.mx\/tienda\/\"},{\"@type\":\"ListItem\",\"position\":3,\"name\":\"Decada de Resistencia, Lutron &#8211; RBOX408\"}]},{\"@type\":\"WebSite\",\"@id\":\"https:\/\/abaa.mx\/tienda\/#website\",\"url\":\"https:\/\/abaa.mx\/tienda\/\",\"name\":\"Abaa tienda online\",\"description\":\"Instrumentos de medici\u00f3n\",\"publisher\":{\"@id\":\"https:\/\/abaa.mx\/tienda\/#organization\"},\"potentialAction\":[{\"@type\":\"SearchAction\",\"target\":{\"@type\":\"EntryPoint\",\"urlTemplate\":\"https:\/\/abaa.mx\/tienda\/?s={search_term_string}\"},\"query-input\":{\"@type\":\"PropertyValueSpecification\",\"valueRequired\":true,\"valueName\":\"search_term_string\"}}],\"inLanguage\":\"es\"},{\"@type\":\"Organization\",\"@id\":\"https:\/\/abaa.mx\/tienda\/#organization\",\"name\":\"Abaa tienda online\",\"url\":\"https:\/\/abaa.mx\/tienda\/\",\"logo\":{\"@type\":\"ImageObject\",\"inLanguage\":\"es\",\"@id\":\"https:\/\/abaa.mx\/tienda\/#\/schema\/logo\/image\/\",\"url\":\"https:\/\/abaa.mx\/tienda\/wp-content\/uploads\/2024\/01\/abaa-metrologia-tienda.png\",\"contentUrl\":\"https:\/\/abaa.mx\/tienda\/wp-content\/uploads\/2024\/01\/abaa-metrologia-tienda.png\",\"width\":300,\"height\":141,\"caption\":\"Abaa tienda online\"},\"image\":{\"@id\":\"https:\/\/abaa.mx\/tienda\/#\/schema\/logo\/image\/\"}}]}<\/script>\n<!-- \/ Yoast SEO plugin. -->","yoast_head_json":{"title":"Decada de Resistencia, Lutron - RBOX408 - Abaa tienda online","robots":{"index":"index","follow":"follow","max-snippet":"max-snippet:-1","max-image-preview":"max-image-preview:large","max-video-preview":"max-video-preview:-1"},"canonical":"https:\/\/abaa.mx\/tienda\/decada-de-resistencia-lutron-rbox408\/","og_locale":"es_MX","og_type":"article","og_title":"Decada de Resistencia, Lutron - RBOX408 - Abaa tienda online","og_description":"CAJA DE RESISTENCIA A LA DECADA ISO-9001, CE, IEC1010  Aplicaciones:   Servicios de radio y televisi\u00f3n.  Carcasa de pl\u00e1stico ABS, componentes resistentes.  Aplicaciones generales Soluci\u00f3n de problemas, mantenimiento Educaci\u00f3n y formaci\u00f3n profesional Pruebas de l\u00ednea de producci\u00f3n.  1 a 11,111,110 ohmios, amplio rango y alta resoluci\u00f3n (1 ohm por paso), herramientas pr\u00e1cticas y vers\u00e1tiles.  Con siete d\u00e9cadas de resistencia.  Interruptores deslizantes que permiten al usuario simplemente sumar o restar el valor deseado.  Dise\u00f1o de investigaci\u00f3n y desarrollo Laboratorio de f\u00edsica.  Terminales con postes de uni\u00f3n de m\u00faltiples v\u00edas, uno para cambiar la carcasa del escudo.  Normas de trabajo.  Tama\u00f1o de bolsillo, que ofrece un rendimiento preciso y confiable.  ESPECIFICACIONES:   Resistencia perdida interna: 0.3 ohmios m\u00e1x.  Rango: 1 a 11,111, 110 ohm (1 ohm por paso)  Fuente de alimentaci\u00f3n: Ninguna  Exactitud: 1% de resistencias utilizadas en todo.  Potencia: 1 W.* No agregue el voltaje sobre AC \/ DC 250 V a los terminales de resistencia de salida, incluso su soporte La potencia es inferior a 1 W.","og_url":"https:\/\/abaa.mx\/tienda\/decada-de-resistencia-lutron-rbox408\/","og_site_name":"Abaa tienda online","article_modified_time":"2023-11-09T16:34:57+00:00","og_image":[{"width":516,"height":539,"url":"https:\/\/abaa.mx\/tienda\/wp-content\/uploads\/2023\/11\/LUTRON-RBOX408.jpg","type":"image\/jpeg"}],"twitter_card":"summary_large_image","twitter_misc":{"Tiempo de lectura":"1 minuto"},"schema":{"@context":"https:\/\/schema.org","@graph":[{"@type":"WebPage","@id":"https:\/\/abaa.mx\/tienda\/decada-de-resistencia-lutron-rbox408\/","url":"https:\/\/abaa.mx\/tienda\/decada-de-resistencia-lutron-rbox408\/","name":"Decada de Resistencia, Lutron - RBOX408 - Abaa tienda online","isPartOf":{"@id":"https:\/\/abaa.mx\/tienda\/#website"},"primaryImageOfPage":{"@id":"https:\/\/abaa.mx\/tienda\/decada-de-resistencia-lutron-rbox408\/#primaryimage"},"image":{"@id":"https:\/\/abaa.mx\/tienda\/decada-de-resistencia-lutron-rbox408\/#primaryimage"},"thumbnailUrl":"https:\/\/abaa.mx\/tienda\/wp-content\/uploads\/2023\/11\/LUTRON-RBOX408.jpg","datePublished":"2023-11-09T16:34:56+00:00","dateModified":"2023-11-09T16:34:57+00:00","breadcrumb":{"@id":"https:\/\/abaa.mx\/tienda\/decada-de-resistencia-lutron-rbox408\/#breadcrumb"},"inLanguage":"es","potentialAction":[{"@type":"ReadAction","target":["https:\/\/abaa.mx\/tienda\/decada-de-resistencia-lutron-rbox408\/"]}]},{"@type":"ImageObject","inLanguage":"es","@id":"https:\/\/abaa.mx\/tienda\/decada-de-resistencia-lutron-rbox408\/#primaryimage","url":"https:\/\/abaa.mx\/tienda\/wp-content\/uploads\/2023\/11\/LUTRON-RBOX408.jpg","contentUrl":"https:\/\/abaa.mx\/tienda\/wp-content\/uploads\/2023\/11\/LUTRON-RBOX408.jpg","width":516,"height":539,"caption":"LUTRON-RBOX408"},{"@type":"BreadcrumbList","@id":"https:\/\/abaa.mx\/tienda\/decada-de-resistencia-lutron-rbox408\/#breadcrumb","itemListElement":[{"@type":"ListItem","position":1,"name":"Inicio","item":"https:\/\/abaa.mx\/tienda\/"},{"@type":"ListItem","position":2,"name":"Tienda","item":"https:\/\/abaa.mx\/tienda\/"},{"@type":"ListItem","position":3,"name":"Decada de Resistencia, Lutron &#8211; RBOX408"}]},{"@type":"WebSite","@id":"https:\/\/abaa.mx\/tienda\/#website","url":"https:\/\/abaa.mx\/tienda\/","name":"Abaa tienda online","description":"Instrumentos de medici\u00f3n","publisher":{"@id":"https:\/\/abaa.mx\/tienda\/#organization"},"potentialAction":[{"@type":"SearchAction","target":{"@type":"EntryPoint","urlTemplate":"https:\/\/abaa.mx\/tienda\/?s={search_term_string}"},"query-input":{"@type":"PropertyValueSpecification","valueRequired":true,"valueName":"search_term_string"}}],"inLanguage":"es"},{"@type":"Organization","@id":"https:\/\/abaa.mx\/tienda\/#organization","name":"Abaa tienda online","url":"https:\/\/abaa.mx\/tienda\/","logo":{"@type":"ImageObject","inLanguage":"es","@id":"https:\/\/abaa.mx\/tienda\/#\/schema\/logo\/image\/","url":"https:\/\/abaa.mx\/tienda\/wp-content\/uploads\/2024\/01\/abaa-metrologia-tienda.png","contentUrl":"https:\/\/abaa.mx\/tienda\/wp-content\/uploads\/2024\/01\/abaa-metrologia-tienda.png","width":300,"height":141,"caption":"Abaa tienda online"},"image":{"@id":"https:\/\/abaa.mx\/tienda\/#\/schema\/logo\/image\/"}}]}},"_links":{"self":[{"href":"https:\/\/abaa.mx\/tienda\/wp-json\/wp\/v2\/product\/8683","targetHints":{"allow":["GET"]}}],"collection":[{"href":"https:\/\/abaa.mx\/tienda\/wp-json\/wp\/v2\/product"}],"about":[{"href":"https:\/\/abaa.mx\/tienda\/wp-json\/wp\/v2\/types\/product"}],"replies":[{"embeddable":true,"href":"https:\/\/abaa.mx\/tienda\/wp-json\/wp\/v2\/comments?post=8683"}],"wp:featuredmedia":[{"embeddable":true,"href":"https:\/\/abaa.mx\/tienda\/wp-json\/wp\/v2\/media\/8684"}],"wp:attachment":[{"href":"https:\/\/abaa.mx\/tienda\/wp-json\/wp\/v2\/media?parent=8683"}],"wp:term":[{"taxonomy":"product_brand","embeddable":true,"href":"https:\/\/abaa.mx\/tienda\/wp-json\/wp\/v2\/product_brand?post=8683"},{"taxonomy":"product_cat","embeddable":true,"href":"https:\/\/abaa.mx\/tienda\/wp-json\/wp\/v2\/product_cat?post=8683"},{"taxonomy":"product_tag","embeddable":true,"href":"https:\/\/abaa.mx\/tienda\/wp-json\/wp\/v2\/product_tag?post=8683"}],"curies":[{"name":"wp","href":"https:\/\/api.w.org\/{rel}","templated":true}]}}