{"id":8679,"date":"2023-11-09T16:26:27","date_gmt":"2023-11-09T16:26:27","guid":{"rendered":"https:\/\/abaa.mx\/tienda\/?post_type=product&#038;p=8679"},"modified":"2023-11-09T16:26:28","modified_gmt":"2023-11-09T16:26:28","slug":"medidor-de-rotacion-de-fase-digital-sin-contacto-metalico-pd312910","status":"publish","type":"product","link":"https:\/\/abaa.mx\/tienda\/medidor-de-rotacion-de-fase-digital-sin-contacto-metalico-pd312910\/","title":{"rendered":"Medidor de Rotaci\u00f3n de Fase Digital Sin Contacto Met\u00e1lico &#8211; PD312910"},"content":{"rendered":"<p>Medidor de Rotaci\u00f3n de Fase Digital Sin Contacto Met\u00e1lico &#8211; PD312910.<\/p>\n","protected":false},"excerpt":{"rendered":"<p>La tecnolog\u00eda de detecci\u00f3n y medici\u00f3n de voltaje sin contacto de Hioki coloca la eficacia y la seguridad como consideraciones prioritarias con la meta de resguardar a los clientes del servicio que precisan hacer trabajos el\u00e9ctricos en el lugar como una parte de renovaciones y ampliaciones de plantas de fabricaci\u00f3n y edificios. El modelo PD3129-diez es una rotaci\u00f3n de etapa sin contacto que detecta la etapa del flujo de corriente el\u00e9ctrica dentro de los cables apartados sin utilizar clips met\u00e1licos de tensi\u00f3n de contacto. La flecha verde se\u00f1ala la fase habitual , que puede ser \u00fatil para informes visuales que documentan la finalizaci\u00f3n adecuada del trabajo el\u00e9ctrico. CAT IV 600 V, CAT III 1000 V.<\/p>\n<p><b>Caracter\u00edsticas principales:<\/b><\/p>\n<ul>\n<li>Simplemente abrazaderas en el aislamiento del cable.<\/li>\n<li>Bips intermitentes indican fase positiva; se\u00f1ales de tono continuo fase inversa.<\/li>\n<li>CAT III 1000V.<\/li>\n<li>La flecha LED verde muestra claramente la direcci\u00f3n de fase, perfecta para informes visuales.<\/li>\n<li>Funciones: Detecci\u00f3n de fase (positiva y negativa).<\/li>\n<li>El indicador LED giratorio muestra la secuencia de fases para una fuente de alimentaci\u00f3n trif\u00e1sica de un vistazo.<\/li>\n<li>La base magn\u00e9tica permite asegurar el instrumento en un panel de distribuci\u00f3n.<\/li>\n<\/ul>\n","protected":false},"featured_media":8680,"comment_status":"open","ping_status":"closed","template":"","meta":{"_joinchat":[]},"product_brand":[],"product_cat":[116],"product_tag":[],"class_list":{"0":"post-8679","1":"product","2":"type-product","3":"status-publish","4":"has-post-thumbnail","6":"product_cat-medidores-de-potencia-electrica","8":"first","9":"instock","10":"shipping-taxable","11":"product-type-simple"},"yoast_head":"<!-- This site is optimized with the Yoast SEO plugin v26.4 - https:\/\/yoast.com\/wordpress\/plugins\/seo\/ -->\n<title>Medidor de Rotaci\u00f3n de Fase Digital Sin Contacto Met\u00e1lico - PD312910 - Abaa tienda online<\/title>\n<meta name=\"robots\" content=\"index, follow, max-snippet:-1, max-image-preview:large, max-video-preview:-1\" \/>\n<link rel=\"canonical\" href=\"https:\/\/abaa.mx\/tienda\/medidor-de-rotacion-de-fase-digital-sin-contacto-metalico-pd312910\/\" \/>\n<meta property=\"og:locale\" content=\"es_MX\" \/>\n<meta property=\"og:type\" content=\"article\" \/>\n<meta property=\"og:title\" content=\"Medidor de Rotaci\u00f3n de Fase Digital Sin Contacto Met\u00e1lico - PD312910 - Abaa tienda online\" \/>\n<meta property=\"og:description\" content=\"La tecnolog\u00eda de detecci\u00f3n y medici\u00f3n de voltaje sin contacto de Hioki coloca la eficacia y la seguridad como consideraciones prioritarias con la meta de resguardar a los clientes del servicio que precisan hacer trabajos el\u00e9ctricos en el lugar como una parte de renovaciones y ampliaciones de plantas de fabricaci\u00f3n y edificios. El modelo PD3129-diez es una rotaci\u00f3n de etapa sin contacto que detecta la etapa del flujo de corriente el\u00e9ctrica dentro de los cables apartados sin utilizar clips met\u00e1licos de tensi\u00f3n de contacto. La flecha verde se\u00f1ala la fase habitual , que puede ser \u00fatil para informes visuales que documentan la finalizaci\u00f3n adecuada del trabajo el\u00e9ctrico. CAT IV 600 V, CAT III 1000 V.  Caracter\u00edsticas principales:   Simplemente abrazaderas en el aislamiento del cable.  Bips intermitentes indican fase positiva; se\u00f1ales de tono continuo fase inversa.  CAT III 1000V.  La flecha LED verde muestra claramente la direcci\u00f3n de fase, perfecta para informes visuales.  Funciones: Detecci\u00f3n de fase (positiva y negativa).  El indicador LED giratorio muestra la secuencia de fases para una fuente de alimentaci\u00f3n trif\u00e1sica de un vistazo.  La base magn\u00e9tica permite asegurar el instrumento en un panel de distribuci\u00f3n.\" \/>\n<meta property=\"og:url\" content=\"https:\/\/abaa.mx\/tienda\/medidor-de-rotacion-de-fase-digital-sin-contacto-metalico-pd312910\/\" \/>\n<meta property=\"og:site_name\" content=\"Abaa tienda online\" \/>\n<meta property=\"article:modified_time\" content=\"2023-11-09T16:26:28+00:00\" \/>\n<meta property=\"og:image\" content=\"https:\/\/abaa.mx\/tienda\/wp-content\/uploads\/2023\/11\/HIOKI-PD312910.jpg\" \/>\n\t<meta property=\"og:image:width\" content=\"501\" \/>\n\t<meta property=\"og:image:height\" content=\"371\" \/>\n\t<meta property=\"og:image:type\" content=\"image\/jpeg\" \/>\n<meta name=\"twitter:card\" content=\"summary_large_image\" \/>\n<meta name=\"twitter:label1\" content=\"Tiempo de lectura\" \/>\n\t<meta name=\"twitter:data1\" content=\"1 minuto\" \/>\n<script type=\"application\/ld+json\" class=\"yoast-schema-graph\">{\"@context\":\"https:\/\/schema.org\",\"@graph\":[{\"@type\":\"WebPage\",\"@id\":\"https:\/\/abaa.mx\/tienda\/medidor-de-rotacion-de-fase-digital-sin-contacto-metalico-pd312910\/\",\"url\":\"https:\/\/abaa.mx\/tienda\/medidor-de-rotacion-de-fase-digital-sin-contacto-metalico-pd312910\/\",\"name\":\"Medidor de Rotaci\u00f3n de Fase Digital Sin Contacto Met\u00e1lico - PD312910 - Abaa tienda online\",\"isPartOf\":{\"@id\":\"https:\/\/abaa.mx\/tienda\/#website\"},\"primaryImageOfPage\":{\"@id\":\"https:\/\/abaa.mx\/tienda\/medidor-de-rotacion-de-fase-digital-sin-contacto-metalico-pd312910\/#primaryimage\"},\"image\":{\"@id\":\"https:\/\/abaa.mx\/tienda\/medidor-de-rotacion-de-fase-digital-sin-contacto-metalico-pd312910\/#primaryimage\"},\"thumbnailUrl\":\"https:\/\/abaa.mx\/tienda\/wp-content\/uploads\/2023\/11\/HIOKI-PD312910.jpg\",\"datePublished\":\"2023-11-09T16:26:27+00:00\",\"dateModified\":\"2023-11-09T16:26:28+00:00\",\"breadcrumb\":{\"@id\":\"https:\/\/abaa.mx\/tienda\/medidor-de-rotacion-de-fase-digital-sin-contacto-metalico-pd312910\/#breadcrumb\"},\"inLanguage\":\"es\",\"potentialAction\":[{\"@type\":\"ReadAction\",\"target\":[\"https:\/\/abaa.mx\/tienda\/medidor-de-rotacion-de-fase-digital-sin-contacto-metalico-pd312910\/\"]}]},{\"@type\":\"ImageObject\",\"inLanguage\":\"es\",\"@id\":\"https:\/\/abaa.mx\/tienda\/medidor-de-rotacion-de-fase-digital-sin-contacto-metalico-pd312910\/#primaryimage\",\"url\":\"https:\/\/abaa.mx\/tienda\/wp-content\/uploads\/2023\/11\/HIOKI-PD312910.jpg\",\"contentUrl\":\"https:\/\/abaa.mx\/tienda\/wp-content\/uploads\/2023\/11\/HIOKI-PD312910.jpg\",\"width\":501,\"height\":371,\"caption\":\"HIOKI-PD312910\"},{\"@type\":\"BreadcrumbList\",\"@id\":\"https:\/\/abaa.mx\/tienda\/medidor-de-rotacion-de-fase-digital-sin-contacto-metalico-pd312910\/#breadcrumb\",\"itemListElement\":[{\"@type\":\"ListItem\",\"position\":1,\"name\":\"Inicio\",\"item\":\"https:\/\/abaa.mx\/tienda\/\"},{\"@type\":\"ListItem\",\"position\":2,\"name\":\"Tienda\",\"item\":\"https:\/\/abaa.mx\/tienda\/\"},{\"@type\":\"ListItem\",\"position\":3,\"name\":\"Medidor de Rotaci\u00f3n de Fase Digital Sin Contacto Met\u00e1lico &#8211; PD312910\"}]},{\"@type\":\"WebSite\",\"@id\":\"https:\/\/abaa.mx\/tienda\/#website\",\"url\":\"https:\/\/abaa.mx\/tienda\/\",\"name\":\"Abaa tienda online\",\"description\":\"Instrumentos de medici\u00f3n\",\"publisher\":{\"@id\":\"https:\/\/abaa.mx\/tienda\/#organization\"},\"potentialAction\":[{\"@type\":\"SearchAction\",\"target\":{\"@type\":\"EntryPoint\",\"urlTemplate\":\"https:\/\/abaa.mx\/tienda\/?s={search_term_string}\"},\"query-input\":{\"@type\":\"PropertyValueSpecification\",\"valueRequired\":true,\"valueName\":\"search_term_string\"}}],\"inLanguage\":\"es\"},{\"@type\":\"Organization\",\"@id\":\"https:\/\/abaa.mx\/tienda\/#organization\",\"name\":\"Abaa tienda online\",\"url\":\"https:\/\/abaa.mx\/tienda\/\",\"logo\":{\"@type\":\"ImageObject\",\"inLanguage\":\"es\",\"@id\":\"https:\/\/abaa.mx\/tienda\/#\/schema\/logo\/image\/\",\"url\":\"https:\/\/abaa.mx\/tienda\/wp-content\/uploads\/2024\/01\/abaa-metrologia-tienda.png\",\"contentUrl\":\"https:\/\/abaa.mx\/tienda\/wp-content\/uploads\/2024\/01\/abaa-metrologia-tienda.png\",\"width\":300,\"height\":141,\"caption\":\"Abaa tienda online\"},\"image\":{\"@id\":\"https:\/\/abaa.mx\/tienda\/#\/schema\/logo\/image\/\"}}]}<\/script>\n<!-- \/ Yoast SEO plugin. -->","yoast_head_json":{"title":"Medidor de Rotaci\u00f3n de Fase Digital Sin Contacto Met\u00e1lico - PD312910 - Abaa tienda online","robots":{"index":"index","follow":"follow","max-snippet":"max-snippet:-1","max-image-preview":"max-image-preview:large","max-video-preview":"max-video-preview:-1"},"canonical":"https:\/\/abaa.mx\/tienda\/medidor-de-rotacion-de-fase-digital-sin-contacto-metalico-pd312910\/","og_locale":"es_MX","og_type":"article","og_title":"Medidor de Rotaci\u00f3n de Fase Digital Sin Contacto Met\u00e1lico - PD312910 - Abaa tienda online","og_description":"La tecnolog\u00eda de detecci\u00f3n y medici\u00f3n de voltaje sin contacto de Hioki coloca la eficacia y la seguridad como consideraciones prioritarias con la meta de resguardar a los clientes del servicio que precisan hacer trabajos el\u00e9ctricos en el lugar como una parte de renovaciones y ampliaciones de plantas de fabricaci\u00f3n y edificios. El modelo PD3129-diez es una rotaci\u00f3n de etapa sin contacto que detecta la etapa del flujo de corriente el\u00e9ctrica dentro de los cables apartados sin utilizar clips met\u00e1licos de tensi\u00f3n de contacto. La flecha verde se\u00f1ala la fase habitual , que puede ser \u00fatil para informes visuales que documentan la finalizaci\u00f3n adecuada del trabajo el\u00e9ctrico. CAT IV 600 V, CAT III 1000 V.  Caracter\u00edsticas principales:   Simplemente abrazaderas en el aislamiento del cable.  Bips intermitentes indican fase positiva; se\u00f1ales de tono continuo fase inversa.  CAT III 1000V.  La flecha LED verde muestra claramente la direcci\u00f3n de fase, perfecta para informes visuales.  Funciones: Detecci\u00f3n de fase (positiva y negativa).  El indicador LED giratorio muestra la secuencia de fases para una fuente de alimentaci\u00f3n trif\u00e1sica de un vistazo.  La base magn\u00e9tica permite asegurar el instrumento en un panel de distribuci\u00f3n.","og_url":"https:\/\/abaa.mx\/tienda\/medidor-de-rotacion-de-fase-digital-sin-contacto-metalico-pd312910\/","og_site_name":"Abaa tienda online","article_modified_time":"2023-11-09T16:26:28+00:00","og_image":[{"width":501,"height":371,"url":"https:\/\/abaa.mx\/tienda\/wp-content\/uploads\/2023\/11\/HIOKI-PD312910.jpg","type":"image\/jpeg"}],"twitter_card":"summary_large_image","twitter_misc":{"Tiempo de lectura":"1 minuto"},"schema":{"@context":"https:\/\/schema.org","@graph":[{"@type":"WebPage","@id":"https:\/\/abaa.mx\/tienda\/medidor-de-rotacion-de-fase-digital-sin-contacto-metalico-pd312910\/","url":"https:\/\/abaa.mx\/tienda\/medidor-de-rotacion-de-fase-digital-sin-contacto-metalico-pd312910\/","name":"Medidor de Rotaci\u00f3n de Fase Digital Sin Contacto Met\u00e1lico - PD312910 - Abaa tienda online","isPartOf":{"@id":"https:\/\/abaa.mx\/tienda\/#website"},"primaryImageOfPage":{"@id":"https:\/\/abaa.mx\/tienda\/medidor-de-rotacion-de-fase-digital-sin-contacto-metalico-pd312910\/#primaryimage"},"image":{"@id":"https:\/\/abaa.mx\/tienda\/medidor-de-rotacion-de-fase-digital-sin-contacto-metalico-pd312910\/#primaryimage"},"thumbnailUrl":"https:\/\/abaa.mx\/tienda\/wp-content\/uploads\/2023\/11\/HIOKI-PD312910.jpg","datePublished":"2023-11-09T16:26:27+00:00","dateModified":"2023-11-09T16:26:28+00:00","breadcrumb":{"@id":"https:\/\/abaa.mx\/tienda\/medidor-de-rotacion-de-fase-digital-sin-contacto-metalico-pd312910\/#breadcrumb"},"inLanguage":"es","potentialAction":[{"@type":"ReadAction","target":["https:\/\/abaa.mx\/tienda\/medidor-de-rotacion-de-fase-digital-sin-contacto-metalico-pd312910\/"]}]},{"@type":"ImageObject","inLanguage":"es","@id":"https:\/\/abaa.mx\/tienda\/medidor-de-rotacion-de-fase-digital-sin-contacto-metalico-pd312910\/#primaryimage","url":"https:\/\/abaa.mx\/tienda\/wp-content\/uploads\/2023\/11\/HIOKI-PD312910.jpg","contentUrl":"https:\/\/abaa.mx\/tienda\/wp-content\/uploads\/2023\/11\/HIOKI-PD312910.jpg","width":501,"height":371,"caption":"HIOKI-PD312910"},{"@type":"BreadcrumbList","@id":"https:\/\/abaa.mx\/tienda\/medidor-de-rotacion-de-fase-digital-sin-contacto-metalico-pd312910\/#breadcrumb","itemListElement":[{"@type":"ListItem","position":1,"name":"Inicio","item":"https:\/\/abaa.mx\/tienda\/"},{"@type":"ListItem","position":2,"name":"Tienda","item":"https:\/\/abaa.mx\/tienda\/"},{"@type":"ListItem","position":3,"name":"Medidor de Rotaci\u00f3n de Fase Digital Sin Contacto Met\u00e1lico &#8211; PD312910"}]},{"@type":"WebSite","@id":"https:\/\/abaa.mx\/tienda\/#website","url":"https:\/\/abaa.mx\/tienda\/","name":"Abaa tienda online","description":"Instrumentos de medici\u00f3n","publisher":{"@id":"https:\/\/abaa.mx\/tienda\/#organization"},"potentialAction":[{"@type":"SearchAction","target":{"@type":"EntryPoint","urlTemplate":"https:\/\/abaa.mx\/tienda\/?s={search_term_string}"},"query-input":{"@type":"PropertyValueSpecification","valueRequired":true,"valueName":"search_term_string"}}],"inLanguage":"es"},{"@type":"Organization","@id":"https:\/\/abaa.mx\/tienda\/#organization","name":"Abaa tienda online","url":"https:\/\/abaa.mx\/tienda\/","logo":{"@type":"ImageObject","inLanguage":"es","@id":"https:\/\/abaa.mx\/tienda\/#\/schema\/logo\/image\/","url":"https:\/\/abaa.mx\/tienda\/wp-content\/uploads\/2024\/01\/abaa-metrologia-tienda.png","contentUrl":"https:\/\/abaa.mx\/tienda\/wp-content\/uploads\/2024\/01\/abaa-metrologia-tienda.png","width":300,"height":141,"caption":"Abaa tienda online"},"image":{"@id":"https:\/\/abaa.mx\/tienda\/#\/schema\/logo\/image\/"}}]}},"_links":{"self":[{"href":"https:\/\/abaa.mx\/tienda\/wp-json\/wp\/v2\/product\/8679","targetHints":{"allow":["GET"]}}],"collection":[{"href":"https:\/\/abaa.mx\/tienda\/wp-json\/wp\/v2\/product"}],"about":[{"href":"https:\/\/abaa.mx\/tienda\/wp-json\/wp\/v2\/types\/product"}],"replies":[{"embeddable":true,"href":"https:\/\/abaa.mx\/tienda\/wp-json\/wp\/v2\/comments?post=8679"}],"wp:featuredmedia":[{"embeddable":true,"href":"https:\/\/abaa.mx\/tienda\/wp-json\/wp\/v2\/media\/8680"}],"wp:attachment":[{"href":"https:\/\/abaa.mx\/tienda\/wp-json\/wp\/v2\/media?parent=8679"}],"wp:term":[{"taxonomy":"product_brand","embeddable":true,"href":"https:\/\/abaa.mx\/tienda\/wp-json\/wp\/v2\/product_brand?post=8679"},{"taxonomy":"product_cat","embeddable":true,"href":"https:\/\/abaa.mx\/tienda\/wp-json\/wp\/v2\/product_cat?post=8679"},{"taxonomy":"product_tag","embeddable":true,"href":"https:\/\/abaa.mx\/tienda\/wp-json\/wp\/v2\/product_tag?post=8679"}],"curies":[{"name":"wp","href":"https:\/\/api.w.org\/{rel}","templated":true}]}}