{"id":8675,"date":"2023-11-09T16:22:50","date_gmt":"2023-11-09T16:22:50","guid":{"rendered":"https:\/\/abaa.mx\/tienda\/?post_type=product&#038;p=8675"},"modified":"2023-11-09T16:22:50","modified_gmt":"2023-11-09T16:22:50","slug":"medidor-de-rotacion-de-fase-mecanico-hioki-312601","status":"publish","type":"product","link":"https:\/\/abaa.mx\/tienda\/medidor-de-rotacion-de-fase-mecanico-hioki-312601\/","title":{"rendered":"Medidor de Rotaci\u00f3n de Fase Mecanico, Hioki &#8211; 312601"},"content":{"rendered":"<p>Medidor de Rotaci\u00f3n de Fase Mecanico, Hioki &#8211; 312601.<\/p>\n","protected":false},"excerpt":{"rendered":"<p>El Hioki 3126-10 es un medidor de rotaci\u00f3n de fase con un rango de detecci\u00f3n de 110V a 480V.<\/p>\n<p><b>Caracter\u00edsticas principales:<\/b><\/p>\n<ul>\n<li>El disco giratorio indica la secuencia de fase para una fuente de alimentaci\u00f3n trif\u00e1sica de un vistazo.<\/li>\n<li>Dise\u00f1o compacto y liviano convenientemente port\u00e1til.<\/li>\n<li>Estuche blando incluido.<\/li>\n<\/ul>\n<p><b>Especificaciones b\u00e1sicas:<\/b><\/p>\n<ul>\n<li>Longitud del cable de conexi\u00f3n 1.2 m(R: rojo, S: blanco, T: azul), con clip y porta fusibles (fusible 700V\/0.5A).<\/li>\n<li>L\u00edmite de tiempo 30 minutos \/ 220 V AC, 4 minutos \/ 480 V AC.<\/li>\n<li>Accesorios Estuche de transporte \u00d7 1, manual de instrucciones \u00d7 1, fusible de repuesto \u00d7 1.<\/li>\n<li>Rango de tensi\u00f3n 110 a 480 V CA (40 Hz a 70 Hz).<\/li>\n<\/ul>\n","protected":false},"featured_media":8678,"comment_status":"open","ping_status":"closed","template":"","meta":{"_joinchat":[]},"product_brand":[],"product_cat":[116],"product_tag":[],"class_list":{"0":"post-8675","1":"product","2":"type-product","3":"status-publish","4":"has-post-thumbnail","6":"product_cat-medidores-de-potencia-electrica","8":"first","9":"instock","10":"shipping-taxable","11":"product-type-simple"},"yoast_head":"<!-- This site is optimized with the Yoast SEO plugin v26.4 - https:\/\/yoast.com\/wordpress\/plugins\/seo\/ -->\n<title>Medidor de Rotaci\u00f3n de Fase Mecanico, Hioki - 312601 - Abaa tienda online<\/title>\n<meta name=\"robots\" content=\"index, follow, max-snippet:-1, max-image-preview:large, max-video-preview:-1\" \/>\n<link rel=\"canonical\" href=\"https:\/\/abaa.mx\/tienda\/medidor-de-rotacion-de-fase-mecanico-hioki-312601\/\" \/>\n<meta property=\"og:locale\" content=\"es_MX\" \/>\n<meta property=\"og:type\" content=\"article\" \/>\n<meta property=\"og:title\" content=\"Medidor de Rotaci\u00f3n de Fase Mecanico, Hioki - 312601 - Abaa tienda online\" \/>\n<meta property=\"og:description\" content=\"El Hioki 3126-10 es un medidor de rotaci\u00f3n de fase con un rango de detecci\u00f3n de 110V a 480V.  Caracter\u00edsticas principales:   El disco giratorio indica la secuencia de fase para una fuente de alimentaci\u00f3n trif\u00e1sica de un vistazo.  Dise\u00f1o compacto y liviano convenientemente port\u00e1til.  Estuche blando incluido.  Especificaciones b\u00e1sicas:   Longitud del cable de conexi\u00f3n 1.2 m(R: rojo, S: blanco, T: azul), con clip y porta fusibles (fusible 700V\/0.5A).  L\u00edmite de tiempo 30 minutos \/ 220 V AC, 4 minutos \/ 480 V AC.  Accesorios Estuche de transporte \u00d7 1, manual de instrucciones \u00d7 1, fusible de repuesto \u00d7 1.  Rango de tensi\u00f3n 110 a 480 V CA (40 Hz a 70 Hz).\" \/>\n<meta property=\"og:url\" content=\"https:\/\/abaa.mx\/tienda\/medidor-de-rotacion-de-fase-mecanico-hioki-312601\/\" \/>\n<meta property=\"og:site_name\" content=\"Abaa tienda online\" \/>\n<meta property=\"og:image\" content=\"https:\/\/abaa.mx\/tienda\/wp-content\/uploads\/2023\/11\/HIOKI-312601.jpg\" \/>\n\t<meta property=\"og:image:width\" content=\"558\" \/>\n\t<meta property=\"og:image:height\" content=\"481\" \/>\n\t<meta property=\"og:image:type\" content=\"image\/jpeg\" \/>\n<meta name=\"twitter:card\" content=\"summary_large_image\" \/>\n<meta name=\"twitter:label1\" content=\"Tiempo de lectura\" \/>\n\t<meta name=\"twitter:data1\" content=\"1 minuto\" \/>\n<script type=\"application\/ld+json\" class=\"yoast-schema-graph\">{\"@context\":\"https:\/\/schema.org\",\"@graph\":[{\"@type\":\"WebPage\",\"@id\":\"https:\/\/abaa.mx\/tienda\/medidor-de-rotacion-de-fase-mecanico-hioki-312601\/\",\"url\":\"https:\/\/abaa.mx\/tienda\/medidor-de-rotacion-de-fase-mecanico-hioki-312601\/\",\"name\":\"Medidor de Rotaci\u00f3n de Fase Mecanico, Hioki - 312601 - Abaa tienda online\",\"isPartOf\":{\"@id\":\"https:\/\/abaa.mx\/tienda\/#website\"},\"primaryImageOfPage\":{\"@id\":\"https:\/\/abaa.mx\/tienda\/medidor-de-rotacion-de-fase-mecanico-hioki-312601\/#primaryimage\"},\"image\":{\"@id\":\"https:\/\/abaa.mx\/tienda\/medidor-de-rotacion-de-fase-mecanico-hioki-312601\/#primaryimage\"},\"thumbnailUrl\":\"https:\/\/abaa.mx\/tienda\/wp-content\/uploads\/2023\/11\/HIOKI-312601.jpg\",\"datePublished\":\"2023-11-09T16:22:50+00:00\",\"breadcrumb\":{\"@id\":\"https:\/\/abaa.mx\/tienda\/medidor-de-rotacion-de-fase-mecanico-hioki-312601\/#breadcrumb\"},\"inLanguage\":\"es\",\"potentialAction\":[{\"@type\":\"ReadAction\",\"target\":[\"https:\/\/abaa.mx\/tienda\/medidor-de-rotacion-de-fase-mecanico-hioki-312601\/\"]}]},{\"@type\":\"ImageObject\",\"inLanguage\":\"es\",\"@id\":\"https:\/\/abaa.mx\/tienda\/medidor-de-rotacion-de-fase-mecanico-hioki-312601\/#primaryimage\",\"url\":\"https:\/\/abaa.mx\/tienda\/wp-content\/uploads\/2023\/11\/HIOKI-312601.jpg\",\"contentUrl\":\"https:\/\/abaa.mx\/tienda\/wp-content\/uploads\/2023\/11\/HIOKI-312601.jpg\",\"width\":558,\"height\":481,\"caption\":\"HIOKI-312601\"},{\"@type\":\"BreadcrumbList\",\"@id\":\"https:\/\/abaa.mx\/tienda\/medidor-de-rotacion-de-fase-mecanico-hioki-312601\/#breadcrumb\",\"itemListElement\":[{\"@type\":\"ListItem\",\"position\":1,\"name\":\"Inicio\",\"item\":\"https:\/\/abaa.mx\/tienda\/\"},{\"@type\":\"ListItem\",\"position\":2,\"name\":\"Tienda\",\"item\":\"https:\/\/abaa.mx\/tienda\/\"},{\"@type\":\"ListItem\",\"position\":3,\"name\":\"Medidor de Rotaci\u00f3n de Fase Mecanico, Hioki &#8211; 312601\"}]},{\"@type\":\"WebSite\",\"@id\":\"https:\/\/abaa.mx\/tienda\/#website\",\"url\":\"https:\/\/abaa.mx\/tienda\/\",\"name\":\"Abaa tienda online\",\"description\":\"Instrumentos de medici\u00f3n\",\"publisher\":{\"@id\":\"https:\/\/abaa.mx\/tienda\/#organization\"},\"potentialAction\":[{\"@type\":\"SearchAction\",\"target\":{\"@type\":\"EntryPoint\",\"urlTemplate\":\"https:\/\/abaa.mx\/tienda\/?s={search_term_string}\"},\"query-input\":{\"@type\":\"PropertyValueSpecification\",\"valueRequired\":true,\"valueName\":\"search_term_string\"}}],\"inLanguage\":\"es\"},{\"@type\":\"Organization\",\"@id\":\"https:\/\/abaa.mx\/tienda\/#organization\",\"name\":\"Abaa tienda online\",\"url\":\"https:\/\/abaa.mx\/tienda\/\",\"logo\":{\"@type\":\"ImageObject\",\"inLanguage\":\"es\",\"@id\":\"https:\/\/abaa.mx\/tienda\/#\/schema\/logo\/image\/\",\"url\":\"https:\/\/abaa.mx\/tienda\/wp-content\/uploads\/2024\/01\/abaa-metrologia-tienda.png\",\"contentUrl\":\"https:\/\/abaa.mx\/tienda\/wp-content\/uploads\/2024\/01\/abaa-metrologia-tienda.png\",\"width\":300,\"height\":141,\"caption\":\"Abaa tienda online\"},\"image\":{\"@id\":\"https:\/\/abaa.mx\/tienda\/#\/schema\/logo\/image\/\"}}]}<\/script>\n<!-- \/ Yoast SEO plugin. -->","yoast_head_json":{"title":"Medidor de Rotaci\u00f3n de Fase Mecanico, Hioki - 312601 - Abaa tienda online","robots":{"index":"index","follow":"follow","max-snippet":"max-snippet:-1","max-image-preview":"max-image-preview:large","max-video-preview":"max-video-preview:-1"},"canonical":"https:\/\/abaa.mx\/tienda\/medidor-de-rotacion-de-fase-mecanico-hioki-312601\/","og_locale":"es_MX","og_type":"article","og_title":"Medidor de Rotaci\u00f3n de Fase Mecanico, Hioki - 312601 - Abaa tienda online","og_description":"El Hioki 3126-10 es un medidor de rotaci\u00f3n de fase con un rango de detecci\u00f3n de 110V a 480V.  Caracter\u00edsticas principales:   El disco giratorio indica la secuencia de fase para una fuente de alimentaci\u00f3n trif\u00e1sica de un vistazo.  Dise\u00f1o compacto y liviano convenientemente port\u00e1til.  Estuche blando incluido.  Especificaciones b\u00e1sicas:   Longitud del cable de conexi\u00f3n 1.2 m(R: rojo, S: blanco, T: azul), con clip y porta fusibles (fusible 700V\/0.5A).  L\u00edmite de tiempo 30 minutos \/ 220 V AC, 4 minutos \/ 480 V AC.  Accesorios Estuche de transporte \u00d7 1, manual de instrucciones \u00d7 1, fusible de repuesto \u00d7 1.  Rango de tensi\u00f3n 110 a 480 V CA (40 Hz a 70 Hz).","og_url":"https:\/\/abaa.mx\/tienda\/medidor-de-rotacion-de-fase-mecanico-hioki-312601\/","og_site_name":"Abaa tienda online","og_image":[{"width":558,"height":481,"url":"https:\/\/abaa.mx\/tienda\/wp-content\/uploads\/2023\/11\/HIOKI-312601.jpg","type":"image\/jpeg"}],"twitter_card":"summary_large_image","twitter_misc":{"Tiempo de lectura":"1 minuto"},"schema":{"@context":"https:\/\/schema.org","@graph":[{"@type":"WebPage","@id":"https:\/\/abaa.mx\/tienda\/medidor-de-rotacion-de-fase-mecanico-hioki-312601\/","url":"https:\/\/abaa.mx\/tienda\/medidor-de-rotacion-de-fase-mecanico-hioki-312601\/","name":"Medidor de Rotaci\u00f3n de Fase Mecanico, Hioki - 312601 - Abaa tienda online","isPartOf":{"@id":"https:\/\/abaa.mx\/tienda\/#website"},"primaryImageOfPage":{"@id":"https:\/\/abaa.mx\/tienda\/medidor-de-rotacion-de-fase-mecanico-hioki-312601\/#primaryimage"},"image":{"@id":"https:\/\/abaa.mx\/tienda\/medidor-de-rotacion-de-fase-mecanico-hioki-312601\/#primaryimage"},"thumbnailUrl":"https:\/\/abaa.mx\/tienda\/wp-content\/uploads\/2023\/11\/HIOKI-312601.jpg","datePublished":"2023-11-09T16:22:50+00:00","breadcrumb":{"@id":"https:\/\/abaa.mx\/tienda\/medidor-de-rotacion-de-fase-mecanico-hioki-312601\/#breadcrumb"},"inLanguage":"es","potentialAction":[{"@type":"ReadAction","target":["https:\/\/abaa.mx\/tienda\/medidor-de-rotacion-de-fase-mecanico-hioki-312601\/"]}]},{"@type":"ImageObject","inLanguage":"es","@id":"https:\/\/abaa.mx\/tienda\/medidor-de-rotacion-de-fase-mecanico-hioki-312601\/#primaryimage","url":"https:\/\/abaa.mx\/tienda\/wp-content\/uploads\/2023\/11\/HIOKI-312601.jpg","contentUrl":"https:\/\/abaa.mx\/tienda\/wp-content\/uploads\/2023\/11\/HIOKI-312601.jpg","width":558,"height":481,"caption":"HIOKI-312601"},{"@type":"BreadcrumbList","@id":"https:\/\/abaa.mx\/tienda\/medidor-de-rotacion-de-fase-mecanico-hioki-312601\/#breadcrumb","itemListElement":[{"@type":"ListItem","position":1,"name":"Inicio","item":"https:\/\/abaa.mx\/tienda\/"},{"@type":"ListItem","position":2,"name":"Tienda","item":"https:\/\/abaa.mx\/tienda\/"},{"@type":"ListItem","position":3,"name":"Medidor de Rotaci\u00f3n de Fase Mecanico, Hioki &#8211; 312601"}]},{"@type":"WebSite","@id":"https:\/\/abaa.mx\/tienda\/#website","url":"https:\/\/abaa.mx\/tienda\/","name":"Abaa tienda online","description":"Instrumentos de medici\u00f3n","publisher":{"@id":"https:\/\/abaa.mx\/tienda\/#organization"},"potentialAction":[{"@type":"SearchAction","target":{"@type":"EntryPoint","urlTemplate":"https:\/\/abaa.mx\/tienda\/?s={search_term_string}"},"query-input":{"@type":"PropertyValueSpecification","valueRequired":true,"valueName":"search_term_string"}}],"inLanguage":"es"},{"@type":"Organization","@id":"https:\/\/abaa.mx\/tienda\/#organization","name":"Abaa tienda online","url":"https:\/\/abaa.mx\/tienda\/","logo":{"@type":"ImageObject","inLanguage":"es","@id":"https:\/\/abaa.mx\/tienda\/#\/schema\/logo\/image\/","url":"https:\/\/abaa.mx\/tienda\/wp-content\/uploads\/2024\/01\/abaa-metrologia-tienda.png","contentUrl":"https:\/\/abaa.mx\/tienda\/wp-content\/uploads\/2024\/01\/abaa-metrologia-tienda.png","width":300,"height":141,"caption":"Abaa tienda online"},"image":{"@id":"https:\/\/abaa.mx\/tienda\/#\/schema\/logo\/image\/"}}]}},"_links":{"self":[{"href":"https:\/\/abaa.mx\/tienda\/wp-json\/wp\/v2\/product\/8675","targetHints":{"allow":["GET"]}}],"collection":[{"href":"https:\/\/abaa.mx\/tienda\/wp-json\/wp\/v2\/product"}],"about":[{"href":"https:\/\/abaa.mx\/tienda\/wp-json\/wp\/v2\/types\/product"}],"replies":[{"embeddable":true,"href":"https:\/\/abaa.mx\/tienda\/wp-json\/wp\/v2\/comments?post=8675"}],"wp:featuredmedia":[{"embeddable":true,"href":"https:\/\/abaa.mx\/tienda\/wp-json\/wp\/v2\/media\/8678"}],"wp:attachment":[{"href":"https:\/\/abaa.mx\/tienda\/wp-json\/wp\/v2\/media?parent=8675"}],"wp:term":[{"taxonomy":"product_brand","embeddable":true,"href":"https:\/\/abaa.mx\/tienda\/wp-json\/wp\/v2\/product_brand?post=8675"},{"taxonomy":"product_cat","embeddable":true,"href":"https:\/\/abaa.mx\/tienda\/wp-json\/wp\/v2\/product_cat?post=8675"},{"taxonomy":"product_tag","embeddable":true,"href":"https:\/\/abaa.mx\/tienda\/wp-json\/wp\/v2\/product_tag?post=8675"}],"curies":[{"name":"wp","href":"https:\/\/api.w.org\/{rel}","templated":true}]}}