{"id":8674,"date":"2023-11-09T16:17:15","date_gmt":"2023-11-09T16:17:15","guid":{"rendered":"https:\/\/abaa.mx\/tienda\/?post_type=product&#038;p=8674"},"modified":"2023-11-09T16:17:16","modified_gmt":"2023-11-09T16:17:16","slug":"medidor-de-rotacion-de-fase-y-voltimetro-sin-contacto-metalico-hioki-pd3259","status":"publish","type":"product","link":"https:\/\/abaa.mx\/tienda\/medidor-de-rotacion-de-fase-y-voltimetro-sin-contacto-metalico-hioki-pd3259\/","title":{"rendered":"Medidor de Rotaci\u00f3n de Fase y Volt\u00edmetro Sin Contacto Met\u00e1lico, Hioki &#8211; PD3259"},"content":{"rendered":"<p>Medidor de Rotaci\u00f3n de Fase y Volt\u00edmetro Sin Contacto Met\u00e1lico, Hioki &#8211; PD3259.<\/p>\n","protected":false},"excerpt":{"rendered":"<p>La tecnolog\u00eda de detecci\u00f3n y medici\u00f3n de voltaje sin contacto de Hioki pone la eficacia y la seguridad como consideraciones prioritarias con la meta de proteger a los clientes que necesitan hacer trabajos el\u00e9ctricos en el sitio como una parte de renovaciones y ampliaciones de plantas de fabricaci\u00f3n y inmuebles. El descubridor de fase digital PD3259 le permite medir el voltaje trif\u00e1sico y detectar la secuencia de etapa simult\u00e1neamente con solo cortar cables cubiertos, asegurando completamente ning\u00fan contacto con las partes met\u00e1licas para una seguridad m\u00e1xima. CAT IV 600 V.<\/p>\n<p><b>Caracter\u00edsticas principales:<\/b><\/p>\n<ul>\n<li>Comprobaci\u00f3n de detecci\u00f3n de fase e inspecci\u00f3n de voltaje de l\u00ednea a l\u00ednea al mismo tiempo.<\/li>\n<li>Simplemente enganche en el aislamiento del cable.<\/li>\n<li>Comprobaci\u00f3n de detecci\u00f3n de fase f\u00e1cil e intuitiva con luz de fondo y zumbador.<\/li>\n<li>Ideal para fotos de certificaci\u00f3n de trabajo, que ofrece visualizaci\u00f3n simult\u00e1nea de secuencia de fase y voltaje trif\u00e1sico.<\/li>\n<li>La primera detecci\u00f3n y prueba de voltaje de contacto no met\u00e1lico del mundo.<\/li>\n<\/ul>\n","protected":false},"featured_media":8677,"comment_status":"open","ping_status":"closed","template":"","meta":{"_joinchat":[]},"product_brand":[],"product_cat":[116],"product_tag":[],"class_list":{"0":"post-8674","1":"product","2":"type-product","3":"status-publish","4":"has-post-thumbnail","6":"product_cat-medidores-de-potencia-electrica","8":"first","9":"instock","10":"shipping-taxable","11":"product-type-simple"},"yoast_head":"<!-- This site is optimized with the Yoast SEO plugin v26.4 - https:\/\/yoast.com\/wordpress\/plugins\/seo\/ -->\n<title>Medidor de Rotaci\u00f3n de Fase y Volt\u00edmetro Sin Contacto Met\u00e1lico, Hioki - PD3259 - Abaa tienda online<\/title>\n<meta name=\"robots\" content=\"index, follow, max-snippet:-1, max-image-preview:large, max-video-preview:-1\" \/>\n<link rel=\"canonical\" href=\"https:\/\/abaa.mx\/tienda\/medidor-de-rotacion-de-fase-y-voltimetro-sin-contacto-metalico-hioki-pd3259\/\" \/>\n<meta property=\"og:locale\" content=\"es_MX\" \/>\n<meta property=\"og:type\" content=\"article\" \/>\n<meta property=\"og:title\" content=\"Medidor de Rotaci\u00f3n de Fase y Volt\u00edmetro Sin Contacto Met\u00e1lico, Hioki - PD3259 - Abaa tienda online\" \/>\n<meta property=\"og:description\" content=\"La tecnolog\u00eda de detecci\u00f3n y medici\u00f3n de voltaje sin contacto de Hioki pone la eficacia y la seguridad como consideraciones prioritarias con la meta de proteger a los clientes que necesitan hacer trabajos el\u00e9ctricos en el sitio como una parte de renovaciones y ampliaciones de plantas de fabricaci\u00f3n y inmuebles. El descubridor de fase digital PD3259 le permite medir el voltaje trif\u00e1sico y detectar la secuencia de etapa simult\u00e1neamente con solo cortar cables cubiertos, asegurando completamente ning\u00fan contacto con las partes met\u00e1licas para una seguridad m\u00e1xima. CAT IV 600 V.  Caracter\u00edsticas principales:   Comprobaci\u00f3n de detecci\u00f3n de fase e inspecci\u00f3n de voltaje de l\u00ednea a l\u00ednea al mismo tiempo.  Simplemente enganche en el aislamiento del cable.  Comprobaci\u00f3n de detecci\u00f3n de fase f\u00e1cil e intuitiva con luz de fondo y zumbador.  Ideal para fotos de certificaci\u00f3n de trabajo, que ofrece visualizaci\u00f3n simult\u00e1nea de secuencia de fase y voltaje trif\u00e1sico.  La primera detecci\u00f3n y prueba de voltaje de contacto no met\u00e1lico del mundo.\" \/>\n<meta property=\"og:url\" content=\"https:\/\/abaa.mx\/tienda\/medidor-de-rotacion-de-fase-y-voltimetro-sin-contacto-metalico-hioki-pd3259\/\" \/>\n<meta property=\"og:site_name\" content=\"Abaa tienda online\" \/>\n<meta property=\"article:modified_time\" content=\"2023-11-09T16:17:16+00:00\" \/>\n<meta property=\"og:image\" content=\"https:\/\/abaa.mx\/tienda\/wp-content\/uploads\/2023\/11\/HIOKI-PD3259.jpg\" \/>\n\t<meta property=\"og:image:width\" content=\"539\" \/>\n\t<meta property=\"og:image:height\" content=\"456\" \/>\n\t<meta property=\"og:image:type\" content=\"image\/jpeg\" \/>\n<meta name=\"twitter:card\" content=\"summary_large_image\" \/>\n<meta name=\"twitter:label1\" content=\"Tiempo de lectura\" \/>\n\t<meta name=\"twitter:data1\" content=\"1 minuto\" \/>\n<script type=\"application\/ld+json\" class=\"yoast-schema-graph\">{\"@context\":\"https:\/\/schema.org\",\"@graph\":[{\"@type\":\"WebPage\",\"@id\":\"https:\/\/abaa.mx\/tienda\/medidor-de-rotacion-de-fase-y-voltimetro-sin-contacto-metalico-hioki-pd3259\/\",\"url\":\"https:\/\/abaa.mx\/tienda\/medidor-de-rotacion-de-fase-y-voltimetro-sin-contacto-metalico-hioki-pd3259\/\",\"name\":\"Medidor de Rotaci\u00f3n de Fase y Volt\u00edmetro Sin Contacto Met\u00e1lico, Hioki - PD3259 - Abaa tienda online\",\"isPartOf\":{\"@id\":\"https:\/\/abaa.mx\/tienda\/#website\"},\"primaryImageOfPage\":{\"@id\":\"https:\/\/abaa.mx\/tienda\/medidor-de-rotacion-de-fase-y-voltimetro-sin-contacto-metalico-hioki-pd3259\/#primaryimage\"},\"image\":{\"@id\":\"https:\/\/abaa.mx\/tienda\/medidor-de-rotacion-de-fase-y-voltimetro-sin-contacto-metalico-hioki-pd3259\/#primaryimage\"},\"thumbnailUrl\":\"https:\/\/abaa.mx\/tienda\/wp-content\/uploads\/2023\/11\/HIOKI-PD3259.jpg\",\"datePublished\":\"2023-11-09T16:17:15+00:00\",\"dateModified\":\"2023-11-09T16:17:16+00:00\",\"breadcrumb\":{\"@id\":\"https:\/\/abaa.mx\/tienda\/medidor-de-rotacion-de-fase-y-voltimetro-sin-contacto-metalico-hioki-pd3259\/#breadcrumb\"},\"inLanguage\":\"es\",\"potentialAction\":[{\"@type\":\"ReadAction\",\"target\":[\"https:\/\/abaa.mx\/tienda\/medidor-de-rotacion-de-fase-y-voltimetro-sin-contacto-metalico-hioki-pd3259\/\"]}]},{\"@type\":\"ImageObject\",\"inLanguage\":\"es\",\"@id\":\"https:\/\/abaa.mx\/tienda\/medidor-de-rotacion-de-fase-y-voltimetro-sin-contacto-metalico-hioki-pd3259\/#primaryimage\",\"url\":\"https:\/\/abaa.mx\/tienda\/wp-content\/uploads\/2023\/11\/HIOKI-PD3259.jpg\",\"contentUrl\":\"https:\/\/abaa.mx\/tienda\/wp-content\/uploads\/2023\/11\/HIOKI-PD3259.jpg\",\"width\":539,\"height\":456,\"caption\":\"HIOKI-PD3259\"},{\"@type\":\"BreadcrumbList\",\"@id\":\"https:\/\/abaa.mx\/tienda\/medidor-de-rotacion-de-fase-y-voltimetro-sin-contacto-metalico-hioki-pd3259\/#breadcrumb\",\"itemListElement\":[{\"@type\":\"ListItem\",\"position\":1,\"name\":\"Inicio\",\"item\":\"https:\/\/abaa.mx\/tienda\/\"},{\"@type\":\"ListItem\",\"position\":2,\"name\":\"Tienda\",\"item\":\"https:\/\/abaa.mx\/tienda\/\"},{\"@type\":\"ListItem\",\"position\":3,\"name\":\"Medidor de Rotaci\u00f3n de Fase y Volt\u00edmetro Sin Contacto Met\u00e1lico, Hioki &#8211; PD3259\"}]},{\"@type\":\"WebSite\",\"@id\":\"https:\/\/abaa.mx\/tienda\/#website\",\"url\":\"https:\/\/abaa.mx\/tienda\/\",\"name\":\"Abaa tienda online\",\"description\":\"Instrumentos de medici\u00f3n\",\"publisher\":{\"@id\":\"https:\/\/abaa.mx\/tienda\/#organization\"},\"potentialAction\":[{\"@type\":\"SearchAction\",\"target\":{\"@type\":\"EntryPoint\",\"urlTemplate\":\"https:\/\/abaa.mx\/tienda\/?s={search_term_string}\"},\"query-input\":{\"@type\":\"PropertyValueSpecification\",\"valueRequired\":true,\"valueName\":\"search_term_string\"}}],\"inLanguage\":\"es\"},{\"@type\":\"Organization\",\"@id\":\"https:\/\/abaa.mx\/tienda\/#organization\",\"name\":\"Abaa tienda online\",\"url\":\"https:\/\/abaa.mx\/tienda\/\",\"logo\":{\"@type\":\"ImageObject\",\"inLanguage\":\"es\",\"@id\":\"https:\/\/abaa.mx\/tienda\/#\/schema\/logo\/image\/\",\"url\":\"https:\/\/abaa.mx\/tienda\/wp-content\/uploads\/2024\/01\/abaa-metrologia-tienda.png\",\"contentUrl\":\"https:\/\/abaa.mx\/tienda\/wp-content\/uploads\/2024\/01\/abaa-metrologia-tienda.png\",\"width\":300,\"height\":141,\"caption\":\"Abaa tienda online\"},\"image\":{\"@id\":\"https:\/\/abaa.mx\/tienda\/#\/schema\/logo\/image\/\"}}]}<\/script>\n<!-- \/ Yoast SEO plugin. -->","yoast_head_json":{"title":"Medidor de Rotaci\u00f3n de Fase y Volt\u00edmetro Sin Contacto Met\u00e1lico, Hioki - PD3259 - Abaa tienda online","robots":{"index":"index","follow":"follow","max-snippet":"max-snippet:-1","max-image-preview":"max-image-preview:large","max-video-preview":"max-video-preview:-1"},"canonical":"https:\/\/abaa.mx\/tienda\/medidor-de-rotacion-de-fase-y-voltimetro-sin-contacto-metalico-hioki-pd3259\/","og_locale":"es_MX","og_type":"article","og_title":"Medidor de Rotaci\u00f3n de Fase y Volt\u00edmetro Sin Contacto Met\u00e1lico, Hioki - PD3259 - Abaa tienda online","og_description":"La tecnolog\u00eda de detecci\u00f3n y medici\u00f3n de voltaje sin contacto de Hioki pone la eficacia y la seguridad como consideraciones prioritarias con la meta de proteger a los clientes que necesitan hacer trabajos el\u00e9ctricos en el sitio como una parte de renovaciones y ampliaciones de plantas de fabricaci\u00f3n y inmuebles. El descubridor de fase digital PD3259 le permite medir el voltaje trif\u00e1sico y detectar la secuencia de etapa simult\u00e1neamente con solo cortar cables cubiertos, asegurando completamente ning\u00fan contacto con las partes met\u00e1licas para una seguridad m\u00e1xima. CAT IV 600 V.  Caracter\u00edsticas principales:   Comprobaci\u00f3n de detecci\u00f3n de fase e inspecci\u00f3n de voltaje de l\u00ednea a l\u00ednea al mismo tiempo.  Simplemente enganche en el aislamiento del cable.  Comprobaci\u00f3n de detecci\u00f3n de fase f\u00e1cil e intuitiva con luz de fondo y zumbador.  Ideal para fotos de certificaci\u00f3n de trabajo, que ofrece visualizaci\u00f3n simult\u00e1nea de secuencia de fase y voltaje trif\u00e1sico.  La primera detecci\u00f3n y prueba de voltaje de contacto no met\u00e1lico del mundo.","og_url":"https:\/\/abaa.mx\/tienda\/medidor-de-rotacion-de-fase-y-voltimetro-sin-contacto-metalico-hioki-pd3259\/","og_site_name":"Abaa tienda online","article_modified_time":"2023-11-09T16:17:16+00:00","og_image":[{"width":539,"height":456,"url":"https:\/\/abaa.mx\/tienda\/wp-content\/uploads\/2023\/11\/HIOKI-PD3259.jpg","type":"image\/jpeg"}],"twitter_card":"summary_large_image","twitter_misc":{"Tiempo de lectura":"1 minuto"},"schema":{"@context":"https:\/\/schema.org","@graph":[{"@type":"WebPage","@id":"https:\/\/abaa.mx\/tienda\/medidor-de-rotacion-de-fase-y-voltimetro-sin-contacto-metalico-hioki-pd3259\/","url":"https:\/\/abaa.mx\/tienda\/medidor-de-rotacion-de-fase-y-voltimetro-sin-contacto-metalico-hioki-pd3259\/","name":"Medidor de Rotaci\u00f3n de Fase y Volt\u00edmetro Sin Contacto Met\u00e1lico, Hioki - PD3259 - Abaa tienda online","isPartOf":{"@id":"https:\/\/abaa.mx\/tienda\/#website"},"primaryImageOfPage":{"@id":"https:\/\/abaa.mx\/tienda\/medidor-de-rotacion-de-fase-y-voltimetro-sin-contacto-metalico-hioki-pd3259\/#primaryimage"},"image":{"@id":"https:\/\/abaa.mx\/tienda\/medidor-de-rotacion-de-fase-y-voltimetro-sin-contacto-metalico-hioki-pd3259\/#primaryimage"},"thumbnailUrl":"https:\/\/abaa.mx\/tienda\/wp-content\/uploads\/2023\/11\/HIOKI-PD3259.jpg","datePublished":"2023-11-09T16:17:15+00:00","dateModified":"2023-11-09T16:17:16+00:00","breadcrumb":{"@id":"https:\/\/abaa.mx\/tienda\/medidor-de-rotacion-de-fase-y-voltimetro-sin-contacto-metalico-hioki-pd3259\/#breadcrumb"},"inLanguage":"es","potentialAction":[{"@type":"ReadAction","target":["https:\/\/abaa.mx\/tienda\/medidor-de-rotacion-de-fase-y-voltimetro-sin-contacto-metalico-hioki-pd3259\/"]}]},{"@type":"ImageObject","inLanguage":"es","@id":"https:\/\/abaa.mx\/tienda\/medidor-de-rotacion-de-fase-y-voltimetro-sin-contacto-metalico-hioki-pd3259\/#primaryimage","url":"https:\/\/abaa.mx\/tienda\/wp-content\/uploads\/2023\/11\/HIOKI-PD3259.jpg","contentUrl":"https:\/\/abaa.mx\/tienda\/wp-content\/uploads\/2023\/11\/HIOKI-PD3259.jpg","width":539,"height":456,"caption":"HIOKI-PD3259"},{"@type":"BreadcrumbList","@id":"https:\/\/abaa.mx\/tienda\/medidor-de-rotacion-de-fase-y-voltimetro-sin-contacto-metalico-hioki-pd3259\/#breadcrumb","itemListElement":[{"@type":"ListItem","position":1,"name":"Inicio","item":"https:\/\/abaa.mx\/tienda\/"},{"@type":"ListItem","position":2,"name":"Tienda","item":"https:\/\/abaa.mx\/tienda\/"},{"@type":"ListItem","position":3,"name":"Medidor de Rotaci\u00f3n de Fase y Volt\u00edmetro Sin Contacto Met\u00e1lico, Hioki &#8211; PD3259"}]},{"@type":"WebSite","@id":"https:\/\/abaa.mx\/tienda\/#website","url":"https:\/\/abaa.mx\/tienda\/","name":"Abaa tienda online","description":"Instrumentos de medici\u00f3n","publisher":{"@id":"https:\/\/abaa.mx\/tienda\/#organization"},"potentialAction":[{"@type":"SearchAction","target":{"@type":"EntryPoint","urlTemplate":"https:\/\/abaa.mx\/tienda\/?s={search_term_string}"},"query-input":{"@type":"PropertyValueSpecification","valueRequired":true,"valueName":"search_term_string"}}],"inLanguage":"es"},{"@type":"Organization","@id":"https:\/\/abaa.mx\/tienda\/#organization","name":"Abaa tienda online","url":"https:\/\/abaa.mx\/tienda\/","logo":{"@type":"ImageObject","inLanguage":"es","@id":"https:\/\/abaa.mx\/tienda\/#\/schema\/logo\/image\/","url":"https:\/\/abaa.mx\/tienda\/wp-content\/uploads\/2024\/01\/abaa-metrologia-tienda.png","contentUrl":"https:\/\/abaa.mx\/tienda\/wp-content\/uploads\/2024\/01\/abaa-metrologia-tienda.png","width":300,"height":141,"caption":"Abaa tienda online"},"image":{"@id":"https:\/\/abaa.mx\/tienda\/#\/schema\/logo\/image\/"}}]}},"_links":{"self":[{"href":"https:\/\/abaa.mx\/tienda\/wp-json\/wp\/v2\/product\/8674","targetHints":{"allow":["GET"]}}],"collection":[{"href":"https:\/\/abaa.mx\/tienda\/wp-json\/wp\/v2\/product"}],"about":[{"href":"https:\/\/abaa.mx\/tienda\/wp-json\/wp\/v2\/types\/product"}],"replies":[{"embeddable":true,"href":"https:\/\/abaa.mx\/tienda\/wp-json\/wp\/v2\/comments?post=8674"}],"wp:featuredmedia":[{"embeddable":true,"href":"https:\/\/abaa.mx\/tienda\/wp-json\/wp\/v2\/media\/8677"}],"wp:attachment":[{"href":"https:\/\/abaa.mx\/tienda\/wp-json\/wp\/v2\/media?parent=8674"}],"wp:term":[{"taxonomy":"product_brand","embeddable":true,"href":"https:\/\/abaa.mx\/tienda\/wp-json\/wp\/v2\/product_brand?post=8674"},{"taxonomy":"product_cat","embeddable":true,"href":"https:\/\/abaa.mx\/tienda\/wp-json\/wp\/v2\/product_cat?post=8674"},{"taxonomy":"product_tag","embeddable":true,"href":"https:\/\/abaa.mx\/tienda\/wp-json\/wp\/v2\/product_tag?post=8674"}],"curies":[{"name":"wp","href":"https:\/\/api.w.org\/{rel}","templated":true}]}}