{"id":8670,"date":"2023-11-09T15:24:14","date_gmt":"2023-11-09T15:24:14","guid":{"rendered":"https:\/\/abaa.mx\/tienda\/?post_type=product&#038;p=8670"},"modified":"2023-11-09T15:24:14","modified_gmt":"2023-11-09T15:24:14","slug":"wattmetro-digital-profesional-dw6163","status":"publish","type":"product","link":"https:\/\/abaa.mx\/tienda\/wattmetro-digital-profesional-dw6163\/","title":{"rendered":"Wattmetro Digital Profesional &#8211; DW6163"},"content":{"rendered":"<p>Wattmetro Digital Profesional &#8211; DW6163.<\/p>\n","protected":false},"excerpt":{"rendered":"<p>El wattmetro de precisi\u00f3n profesional modelo LT-DW6163 tiene una resoluci\u00f3n de 1 W en su pantalla digital y tiene tiene un circuito LSI que da alta fiabilidad y durabilidad operado con bater\u00eda.<\/p>\n<p><strong>Caracter\u00edsticas primordiales<\/strong> : Medici\u00f3n en capacidad real. Medici\u00f3n en RMS real para ACV, AC, Watt:0a6000Wx1W. Aspecto de poder : 0.01 a 1.00 x 0.01 P, ACV:0a600VX01V. ACA:0a1000Ax001A. Entrada ACV impedancia : diez Mega OH Retenci\u00f3n de Datos, Graba ( Max., Min. ). Los siguientes complementos son opcionales y no se tienen dentro en la distribuci\u00f3n est\u00e1ndar: Interfaz para computadora RS232\/USB. Programa opcional para obtener datos SW-U801-WIN, SW-E802.<\/p>\n<ul>\n<li><strong>Contenido de la Caja:<\/strong> Manual de instrucciones, 1 par de puntas de prueba (rojo &amp; negro).<\/li>\n<li><strong>Dimensiones y peso<\/strong>: 398 g\/0.88 LB 190 x 88 x 40 mm (7.5 x 3.5 x 1.6 inch).<\/li>\n<li><strong>Condiciones de Operaci\u00f3n<\/strong>: 0oC a 50oC (32oF a 122oF) Menor que 80% de RH.<\/li>\n<li><strong>Unidades de medici\u00f3n<\/strong>: ACV, ACA, WATT, PF.<\/li>\n<\/ul>\n","protected":false},"featured_media":8671,"comment_status":"open","ping_status":"closed","template":"","meta":{"_joinchat":[]},"product_brand":[],"product_cat":[116],"product_tag":[],"class_list":{"0":"post-8670","1":"product","2":"type-product","3":"status-publish","4":"has-post-thumbnail","6":"product_cat-medidores-de-potencia-electrica","8":"first","9":"instock","10":"shipping-taxable","11":"product-type-simple"},"yoast_head":"<!-- This site is optimized with the Yoast SEO plugin v26.4 - https:\/\/yoast.com\/wordpress\/plugins\/seo\/ -->\n<title>Wattmetro Digital Profesional - DW6163 - Abaa tienda online<\/title>\n<meta name=\"robots\" content=\"index, follow, max-snippet:-1, max-image-preview:large, max-video-preview:-1\" \/>\n<link rel=\"canonical\" href=\"https:\/\/abaa.mx\/tienda\/wattmetro-digital-profesional-dw6163\/\" \/>\n<meta property=\"og:locale\" content=\"es_MX\" \/>\n<meta property=\"og:type\" content=\"article\" \/>\n<meta property=\"og:title\" content=\"Wattmetro Digital Profesional - DW6163 - Abaa tienda online\" \/>\n<meta property=\"og:description\" content=\"El wattmetro de precisi\u00f3n profesional modelo LT-DW6163 tiene una resoluci\u00f3n de 1 W en su pantalla digital y tiene tiene un circuito LSI que da alta fiabilidad y durabilidad operado con bater\u00eda.  Caracter\u00edsticas primordiales : Medici\u00f3n en capacidad real. Medici\u00f3n en RMS real para ACV, AC, Watt:0a6000Wx1W. Aspecto de poder : 0.01 a 1.00 x 0.01 P, ACV:0a600VX01V. ACA:0a1000Ax001A. Entrada ACV impedancia : diez Mega OH Retenci\u00f3n de Datos, Graba ( Max., Min. ). Los siguientes complementos son opcionales y no se tienen dentro en la distribuci\u00f3n est\u00e1ndar: Interfaz para computadora RS232\/USB. Programa opcional para obtener datos SW-U801-WIN, SW-E802.   Contenido de la Caja: Manual de instrucciones, 1 par de puntas de prueba (rojo &amp; negro).  Dimensiones y peso: 398 g\/0.88 LB 190 x 88 x 40 mm (7.5 x 3.5 x 1.6 inch).  Condiciones de Operaci\u00f3n: 0oC a 50oC (32oF a 122oF) Menor que 80% de RH.  Unidades de medici\u00f3n: ACV, ACA, WATT, PF.\" \/>\n<meta property=\"og:url\" content=\"https:\/\/abaa.mx\/tienda\/wattmetro-digital-profesional-dw6163\/\" \/>\n<meta property=\"og:site_name\" content=\"Abaa tienda online\" \/>\n<meta property=\"og:image\" content=\"https:\/\/abaa.mx\/tienda\/wp-content\/uploads\/2023\/11\/LUTRON-DW6163.jpg\" \/>\n\t<meta property=\"og:image:width\" content=\"381\" \/>\n\t<meta property=\"og:image:height\" content=\"561\" \/>\n\t<meta property=\"og:image:type\" content=\"image\/jpeg\" \/>\n<meta name=\"twitter:card\" content=\"summary_large_image\" \/>\n<meta name=\"twitter:label1\" content=\"Tiempo de lectura\" \/>\n\t<meta name=\"twitter:data1\" content=\"1 minuto\" \/>\n<script type=\"application\/ld+json\" class=\"yoast-schema-graph\">{\"@context\":\"https:\/\/schema.org\",\"@graph\":[{\"@type\":\"WebPage\",\"@id\":\"https:\/\/abaa.mx\/tienda\/wattmetro-digital-profesional-dw6163\/\",\"url\":\"https:\/\/abaa.mx\/tienda\/wattmetro-digital-profesional-dw6163\/\",\"name\":\"Wattmetro Digital Profesional - DW6163 - Abaa tienda online\",\"isPartOf\":{\"@id\":\"https:\/\/abaa.mx\/tienda\/#website\"},\"primaryImageOfPage\":{\"@id\":\"https:\/\/abaa.mx\/tienda\/wattmetro-digital-profesional-dw6163\/#primaryimage\"},\"image\":{\"@id\":\"https:\/\/abaa.mx\/tienda\/wattmetro-digital-profesional-dw6163\/#primaryimage\"},\"thumbnailUrl\":\"https:\/\/abaa.mx\/tienda\/wp-content\/uploads\/2023\/11\/LUTRON-DW6163.jpg\",\"datePublished\":\"2023-11-09T15:24:14+00:00\",\"breadcrumb\":{\"@id\":\"https:\/\/abaa.mx\/tienda\/wattmetro-digital-profesional-dw6163\/#breadcrumb\"},\"inLanguage\":\"es\",\"potentialAction\":[{\"@type\":\"ReadAction\",\"target\":[\"https:\/\/abaa.mx\/tienda\/wattmetro-digital-profesional-dw6163\/\"]}]},{\"@type\":\"ImageObject\",\"inLanguage\":\"es\",\"@id\":\"https:\/\/abaa.mx\/tienda\/wattmetro-digital-profesional-dw6163\/#primaryimage\",\"url\":\"https:\/\/abaa.mx\/tienda\/wp-content\/uploads\/2023\/11\/LUTRON-DW6163.jpg\",\"contentUrl\":\"https:\/\/abaa.mx\/tienda\/wp-content\/uploads\/2023\/11\/LUTRON-DW6163.jpg\",\"width\":381,\"height\":561,\"caption\":\"LUTRON-DW6163\"},{\"@type\":\"BreadcrumbList\",\"@id\":\"https:\/\/abaa.mx\/tienda\/wattmetro-digital-profesional-dw6163\/#breadcrumb\",\"itemListElement\":[{\"@type\":\"ListItem\",\"position\":1,\"name\":\"Inicio\",\"item\":\"https:\/\/abaa.mx\/tienda\/\"},{\"@type\":\"ListItem\",\"position\":2,\"name\":\"Tienda\",\"item\":\"https:\/\/abaa.mx\/tienda\/\"},{\"@type\":\"ListItem\",\"position\":3,\"name\":\"Wattmetro Digital Profesional &#8211; DW6163\"}]},{\"@type\":\"WebSite\",\"@id\":\"https:\/\/abaa.mx\/tienda\/#website\",\"url\":\"https:\/\/abaa.mx\/tienda\/\",\"name\":\"Abaa tienda online\",\"description\":\"Instrumentos de medici\u00f3n\",\"publisher\":{\"@id\":\"https:\/\/abaa.mx\/tienda\/#organization\"},\"potentialAction\":[{\"@type\":\"SearchAction\",\"target\":{\"@type\":\"EntryPoint\",\"urlTemplate\":\"https:\/\/abaa.mx\/tienda\/?s={search_term_string}\"},\"query-input\":{\"@type\":\"PropertyValueSpecification\",\"valueRequired\":true,\"valueName\":\"search_term_string\"}}],\"inLanguage\":\"es\"},{\"@type\":\"Organization\",\"@id\":\"https:\/\/abaa.mx\/tienda\/#organization\",\"name\":\"Abaa tienda online\",\"url\":\"https:\/\/abaa.mx\/tienda\/\",\"logo\":{\"@type\":\"ImageObject\",\"inLanguage\":\"es\",\"@id\":\"https:\/\/abaa.mx\/tienda\/#\/schema\/logo\/image\/\",\"url\":\"https:\/\/abaa.mx\/tienda\/wp-content\/uploads\/2024\/01\/abaa-metrologia-tienda.png\",\"contentUrl\":\"https:\/\/abaa.mx\/tienda\/wp-content\/uploads\/2024\/01\/abaa-metrologia-tienda.png\",\"width\":300,\"height\":141,\"caption\":\"Abaa tienda online\"},\"image\":{\"@id\":\"https:\/\/abaa.mx\/tienda\/#\/schema\/logo\/image\/\"}}]}<\/script>\n<!-- \/ Yoast SEO plugin. -->","yoast_head_json":{"title":"Wattmetro Digital Profesional - DW6163 - Abaa tienda online","robots":{"index":"index","follow":"follow","max-snippet":"max-snippet:-1","max-image-preview":"max-image-preview:large","max-video-preview":"max-video-preview:-1"},"canonical":"https:\/\/abaa.mx\/tienda\/wattmetro-digital-profesional-dw6163\/","og_locale":"es_MX","og_type":"article","og_title":"Wattmetro Digital Profesional - DW6163 - Abaa tienda online","og_description":"El wattmetro de precisi\u00f3n profesional modelo LT-DW6163 tiene una resoluci\u00f3n de 1 W en su pantalla digital y tiene tiene un circuito LSI que da alta fiabilidad y durabilidad operado con bater\u00eda.  Caracter\u00edsticas primordiales : Medici\u00f3n en capacidad real. Medici\u00f3n en RMS real para ACV, AC, Watt:0a6000Wx1W. Aspecto de poder : 0.01 a 1.00 x 0.01 P, ACV:0a600VX01V. ACA:0a1000Ax001A. Entrada ACV impedancia : diez Mega OH Retenci\u00f3n de Datos, Graba ( Max., Min. ). Los siguientes complementos son opcionales y no se tienen dentro en la distribuci\u00f3n est\u00e1ndar: Interfaz para computadora RS232\/USB. Programa opcional para obtener datos SW-U801-WIN, SW-E802.   Contenido de la Caja: Manual de instrucciones, 1 par de puntas de prueba (rojo &amp; negro).  Dimensiones y peso: 398 g\/0.88 LB 190 x 88 x 40 mm (7.5 x 3.5 x 1.6 inch).  Condiciones de Operaci\u00f3n: 0oC a 50oC (32oF a 122oF) Menor que 80% de RH.  Unidades de medici\u00f3n: ACV, ACA, WATT, PF.","og_url":"https:\/\/abaa.mx\/tienda\/wattmetro-digital-profesional-dw6163\/","og_site_name":"Abaa tienda online","og_image":[{"width":381,"height":561,"url":"https:\/\/abaa.mx\/tienda\/wp-content\/uploads\/2023\/11\/LUTRON-DW6163.jpg","type":"image\/jpeg"}],"twitter_card":"summary_large_image","twitter_misc":{"Tiempo de lectura":"1 minuto"},"schema":{"@context":"https:\/\/schema.org","@graph":[{"@type":"WebPage","@id":"https:\/\/abaa.mx\/tienda\/wattmetro-digital-profesional-dw6163\/","url":"https:\/\/abaa.mx\/tienda\/wattmetro-digital-profesional-dw6163\/","name":"Wattmetro Digital Profesional - DW6163 - Abaa tienda online","isPartOf":{"@id":"https:\/\/abaa.mx\/tienda\/#website"},"primaryImageOfPage":{"@id":"https:\/\/abaa.mx\/tienda\/wattmetro-digital-profesional-dw6163\/#primaryimage"},"image":{"@id":"https:\/\/abaa.mx\/tienda\/wattmetro-digital-profesional-dw6163\/#primaryimage"},"thumbnailUrl":"https:\/\/abaa.mx\/tienda\/wp-content\/uploads\/2023\/11\/LUTRON-DW6163.jpg","datePublished":"2023-11-09T15:24:14+00:00","breadcrumb":{"@id":"https:\/\/abaa.mx\/tienda\/wattmetro-digital-profesional-dw6163\/#breadcrumb"},"inLanguage":"es","potentialAction":[{"@type":"ReadAction","target":["https:\/\/abaa.mx\/tienda\/wattmetro-digital-profesional-dw6163\/"]}]},{"@type":"ImageObject","inLanguage":"es","@id":"https:\/\/abaa.mx\/tienda\/wattmetro-digital-profesional-dw6163\/#primaryimage","url":"https:\/\/abaa.mx\/tienda\/wp-content\/uploads\/2023\/11\/LUTRON-DW6163.jpg","contentUrl":"https:\/\/abaa.mx\/tienda\/wp-content\/uploads\/2023\/11\/LUTRON-DW6163.jpg","width":381,"height":561,"caption":"LUTRON-DW6163"},{"@type":"BreadcrumbList","@id":"https:\/\/abaa.mx\/tienda\/wattmetro-digital-profesional-dw6163\/#breadcrumb","itemListElement":[{"@type":"ListItem","position":1,"name":"Inicio","item":"https:\/\/abaa.mx\/tienda\/"},{"@type":"ListItem","position":2,"name":"Tienda","item":"https:\/\/abaa.mx\/tienda\/"},{"@type":"ListItem","position":3,"name":"Wattmetro Digital Profesional &#8211; DW6163"}]},{"@type":"WebSite","@id":"https:\/\/abaa.mx\/tienda\/#website","url":"https:\/\/abaa.mx\/tienda\/","name":"Abaa tienda online","description":"Instrumentos de medici\u00f3n","publisher":{"@id":"https:\/\/abaa.mx\/tienda\/#organization"},"potentialAction":[{"@type":"SearchAction","target":{"@type":"EntryPoint","urlTemplate":"https:\/\/abaa.mx\/tienda\/?s={search_term_string}"},"query-input":{"@type":"PropertyValueSpecification","valueRequired":true,"valueName":"search_term_string"}}],"inLanguage":"es"},{"@type":"Organization","@id":"https:\/\/abaa.mx\/tienda\/#organization","name":"Abaa tienda online","url":"https:\/\/abaa.mx\/tienda\/","logo":{"@type":"ImageObject","inLanguage":"es","@id":"https:\/\/abaa.mx\/tienda\/#\/schema\/logo\/image\/","url":"https:\/\/abaa.mx\/tienda\/wp-content\/uploads\/2024\/01\/abaa-metrologia-tienda.png","contentUrl":"https:\/\/abaa.mx\/tienda\/wp-content\/uploads\/2024\/01\/abaa-metrologia-tienda.png","width":300,"height":141,"caption":"Abaa tienda online"},"image":{"@id":"https:\/\/abaa.mx\/tienda\/#\/schema\/logo\/image\/"}}]}},"_links":{"self":[{"href":"https:\/\/abaa.mx\/tienda\/wp-json\/wp\/v2\/product\/8670","targetHints":{"allow":["GET"]}}],"collection":[{"href":"https:\/\/abaa.mx\/tienda\/wp-json\/wp\/v2\/product"}],"about":[{"href":"https:\/\/abaa.mx\/tienda\/wp-json\/wp\/v2\/types\/product"}],"replies":[{"embeddable":true,"href":"https:\/\/abaa.mx\/tienda\/wp-json\/wp\/v2\/comments?post=8670"}],"wp:featuredmedia":[{"embeddable":true,"href":"https:\/\/abaa.mx\/tienda\/wp-json\/wp\/v2\/media\/8671"}],"wp:attachment":[{"href":"https:\/\/abaa.mx\/tienda\/wp-json\/wp\/v2\/media?parent=8670"}],"wp:term":[{"taxonomy":"product_brand","embeddable":true,"href":"https:\/\/abaa.mx\/tienda\/wp-json\/wp\/v2\/product_brand?post=8670"},{"taxonomy":"product_cat","embeddable":true,"href":"https:\/\/abaa.mx\/tienda\/wp-json\/wp\/v2\/product_cat?post=8670"},{"taxonomy":"product_tag","embeddable":true,"href":"https:\/\/abaa.mx\/tienda\/wp-json\/wp\/v2\/product_tag?post=8670"}],"curies":[{"name":"wp","href":"https:\/\/api.w.org\/{rel}","templated":true}]}}