{"id":8663,"date":"2023-11-09T14:52:49","date_gmt":"2023-11-09T14:52:49","guid":{"rendered":"https:\/\/abaa.mx\/tienda\/?post_type=product&#038;p=8663"},"modified":"2023-11-09T14:52:50","modified_gmt":"2023-11-09T14:52:50","slug":"detector-de-voltaje-50-600v-lvd15","status":"publish","type":"product","link":"https:\/\/abaa.mx\/tienda\/detector-de-voltaje-50-600v-lvd15\/","title":{"rendered":"Detector de voltaje 50-600V &#8211; LVD15"},"content":{"rendered":"<h5 class=\"product-single__title\">Detector de voltaje 50-600V &#8211; LVD15.<\/h5>\n","protected":false},"excerpt":{"rendered":"<p>El Descubridor de voltaje SW-LVD15 sin contacto est\u00e1 desarrollado para contrastar la presencia de voltaje de corriente alterna, el usuario con un tono intermitente y un parpadeo del LED de se\u00f1alizaci\u00f3n. Se usan para advertir la tensi\u00f3n en puntos de venta, accesorios de iluminaci\u00f3n, interruptores, cables y cables o para localizar una ruptura en un alambre.<\/p>\n<p><strong>Peculiaridades primordiales<\/strong> : LED brillante y el sonido de la alarma audible cuando el voltaje esta presente. Dise\u00f1ado para la detecci\u00f3n de tensi\u00f3n sin contacto. Puede utilizarse para hallar una ruptura en un alambre. Funci\u00f3n de linterna. Interruptor ON\/OFF para una mayor duraci\u00f3n de bater\u00eda.<\/p>\n<p><b>Voltaje detectado:<\/b> 50VCA a 1000 VCA.<\/p>\n<p><b>Frecuencia:<\/b> 50 &#8211; 500 Hz.<\/p>\n<p><b>Condiciones de Operaci\u00f3n<\/b> a. Temperatura : 0\u00ba a 40\u00b0C b. Humedad : &lt; 80% R.H. c. Altitud : 2000m sobre nivel del mar.<\/p>\n","protected":false},"featured_media":8665,"comment_status":"open","ping_status":"closed","template":"","meta":{"_joinchat":[]},"product_brand":[],"product_cat":[116],"product_tag":[],"class_list":{"0":"post-8663","1":"product","2":"type-product","3":"status-publish","4":"has-post-thumbnail","6":"product_cat-medidores-de-potencia-electrica","8":"first","9":"instock","10":"shipping-taxable","11":"product-type-simple"},"yoast_head":"<!-- This site is optimized with the Yoast SEO plugin v26.4 - https:\/\/yoast.com\/wordpress\/plugins\/seo\/ -->\n<title>Detector de voltaje 50-600V - LVD15 - Abaa tienda online<\/title>\n<meta name=\"robots\" content=\"index, follow, max-snippet:-1, max-image-preview:large, max-video-preview:-1\" \/>\n<link rel=\"canonical\" href=\"https:\/\/abaa.mx\/tienda\/detector-de-voltaje-50-600v-lvd15\/\" \/>\n<meta property=\"og:locale\" content=\"es_MX\" \/>\n<meta property=\"og:type\" content=\"article\" \/>\n<meta property=\"og:title\" content=\"Detector de voltaje 50-600V - LVD15 - Abaa tienda online\" \/>\n<meta property=\"og:description\" content=\"El Descubridor de voltaje SW-LVD15 sin contacto est\u00e1 desarrollado para contrastar la presencia de voltaje de corriente alterna, el usuario con un tono intermitente y un parpadeo del LED de se\u00f1alizaci\u00f3n. Se usan para advertir la tensi\u00f3n en puntos de venta, accesorios de iluminaci\u00f3n, interruptores, cables y cables o para localizar una ruptura en un alambre.  Peculiaridades primordiales : LED brillante y el sonido de la alarma audible cuando el voltaje esta presente. Dise\u00f1ado para la detecci\u00f3n de tensi\u00f3n sin contacto. Puede utilizarse para hallar una ruptura en un alambre. Funci\u00f3n de linterna. Interruptor ON\/OFF para una mayor duraci\u00f3n de bater\u00eda.  Voltaje detectado: 50VCA a 1000 VCA.  Frecuencia: 50 - 500 Hz.  Condiciones de Operaci\u00f3n a. Temperatura : 0\u00ba a 40\u00b0C b. Humedad : &lt; 80% R.H. c. Altitud : 2000m sobre nivel del mar.\" \/>\n<meta property=\"og:url\" content=\"https:\/\/abaa.mx\/tienda\/detector-de-voltaje-50-600v-lvd15\/\" \/>\n<meta property=\"og:site_name\" content=\"Abaa tienda online\" \/>\n<meta property=\"article:modified_time\" content=\"2023-11-09T14:52:50+00:00\" \/>\n<meta property=\"og:image\" content=\"https:\/\/abaa.mx\/tienda\/wp-content\/uploads\/2023\/11\/SEW-LVD15.jpg\" \/>\n\t<meta property=\"og:image:width\" content=\"502\" \/>\n\t<meta property=\"og:image:height\" content=\"468\" \/>\n\t<meta property=\"og:image:type\" content=\"image\/jpeg\" \/>\n<meta name=\"twitter:card\" content=\"summary_large_image\" \/>\n<meta name=\"twitter:label1\" content=\"Tiempo de lectura\" \/>\n\t<meta name=\"twitter:data1\" content=\"1 minuto\" \/>\n<script type=\"application\/ld+json\" class=\"yoast-schema-graph\">{\"@context\":\"https:\/\/schema.org\",\"@graph\":[{\"@type\":\"WebPage\",\"@id\":\"https:\/\/abaa.mx\/tienda\/detector-de-voltaje-50-600v-lvd15\/\",\"url\":\"https:\/\/abaa.mx\/tienda\/detector-de-voltaje-50-600v-lvd15\/\",\"name\":\"Detector de voltaje 50-600V - LVD15 - Abaa tienda online\",\"isPartOf\":{\"@id\":\"https:\/\/abaa.mx\/tienda\/#website\"},\"primaryImageOfPage\":{\"@id\":\"https:\/\/abaa.mx\/tienda\/detector-de-voltaje-50-600v-lvd15\/#primaryimage\"},\"image\":{\"@id\":\"https:\/\/abaa.mx\/tienda\/detector-de-voltaje-50-600v-lvd15\/#primaryimage\"},\"thumbnailUrl\":\"https:\/\/abaa.mx\/tienda\/wp-content\/uploads\/2023\/11\/SEW-LVD15.jpg\",\"datePublished\":\"2023-11-09T14:52:49+00:00\",\"dateModified\":\"2023-11-09T14:52:50+00:00\",\"breadcrumb\":{\"@id\":\"https:\/\/abaa.mx\/tienda\/detector-de-voltaje-50-600v-lvd15\/#breadcrumb\"},\"inLanguage\":\"es\",\"potentialAction\":[{\"@type\":\"ReadAction\",\"target\":[\"https:\/\/abaa.mx\/tienda\/detector-de-voltaje-50-600v-lvd15\/\"]}]},{\"@type\":\"ImageObject\",\"inLanguage\":\"es\",\"@id\":\"https:\/\/abaa.mx\/tienda\/detector-de-voltaje-50-600v-lvd15\/#primaryimage\",\"url\":\"https:\/\/abaa.mx\/tienda\/wp-content\/uploads\/2023\/11\/SEW-LVD15.jpg\",\"contentUrl\":\"https:\/\/abaa.mx\/tienda\/wp-content\/uploads\/2023\/11\/SEW-LVD15.jpg\",\"width\":502,\"height\":468,\"caption\":\"SEW-LVD15\"},{\"@type\":\"BreadcrumbList\",\"@id\":\"https:\/\/abaa.mx\/tienda\/detector-de-voltaje-50-600v-lvd15\/#breadcrumb\",\"itemListElement\":[{\"@type\":\"ListItem\",\"position\":1,\"name\":\"Inicio\",\"item\":\"https:\/\/abaa.mx\/tienda\/\"},{\"@type\":\"ListItem\",\"position\":2,\"name\":\"Tienda\",\"item\":\"https:\/\/abaa.mx\/tienda\/\"},{\"@type\":\"ListItem\",\"position\":3,\"name\":\"Detector de voltaje 50-600V &#8211; LVD15\"}]},{\"@type\":\"WebSite\",\"@id\":\"https:\/\/abaa.mx\/tienda\/#website\",\"url\":\"https:\/\/abaa.mx\/tienda\/\",\"name\":\"Abaa tienda online\",\"description\":\"Instrumentos de medici\u00f3n\",\"publisher\":{\"@id\":\"https:\/\/abaa.mx\/tienda\/#organization\"},\"potentialAction\":[{\"@type\":\"SearchAction\",\"target\":{\"@type\":\"EntryPoint\",\"urlTemplate\":\"https:\/\/abaa.mx\/tienda\/?s={search_term_string}\"},\"query-input\":{\"@type\":\"PropertyValueSpecification\",\"valueRequired\":true,\"valueName\":\"search_term_string\"}}],\"inLanguage\":\"es\"},{\"@type\":\"Organization\",\"@id\":\"https:\/\/abaa.mx\/tienda\/#organization\",\"name\":\"Abaa tienda online\",\"url\":\"https:\/\/abaa.mx\/tienda\/\",\"logo\":{\"@type\":\"ImageObject\",\"inLanguage\":\"es\",\"@id\":\"https:\/\/abaa.mx\/tienda\/#\/schema\/logo\/image\/\",\"url\":\"https:\/\/abaa.mx\/tienda\/wp-content\/uploads\/2024\/01\/abaa-metrologia-tienda.png\",\"contentUrl\":\"https:\/\/abaa.mx\/tienda\/wp-content\/uploads\/2024\/01\/abaa-metrologia-tienda.png\",\"width\":300,\"height\":141,\"caption\":\"Abaa tienda online\"},\"image\":{\"@id\":\"https:\/\/abaa.mx\/tienda\/#\/schema\/logo\/image\/\"}}]}<\/script>\n<!-- \/ Yoast SEO plugin. -->","yoast_head_json":{"title":"Detector de voltaje 50-600V - LVD15 - Abaa tienda online","robots":{"index":"index","follow":"follow","max-snippet":"max-snippet:-1","max-image-preview":"max-image-preview:large","max-video-preview":"max-video-preview:-1"},"canonical":"https:\/\/abaa.mx\/tienda\/detector-de-voltaje-50-600v-lvd15\/","og_locale":"es_MX","og_type":"article","og_title":"Detector de voltaje 50-600V - LVD15 - Abaa tienda online","og_description":"El Descubridor de voltaje SW-LVD15 sin contacto est\u00e1 desarrollado para contrastar la presencia de voltaje de corriente alterna, el usuario con un tono intermitente y un parpadeo del LED de se\u00f1alizaci\u00f3n. Se usan para advertir la tensi\u00f3n en puntos de venta, accesorios de iluminaci\u00f3n, interruptores, cables y cables o para localizar una ruptura en un alambre.  Peculiaridades primordiales : LED brillante y el sonido de la alarma audible cuando el voltaje esta presente. Dise\u00f1ado para la detecci\u00f3n de tensi\u00f3n sin contacto. Puede utilizarse para hallar una ruptura en un alambre. Funci\u00f3n de linterna. Interruptor ON\/OFF para una mayor duraci\u00f3n de bater\u00eda.  Voltaje detectado: 50VCA a 1000 VCA.  Frecuencia: 50 - 500 Hz.  Condiciones de Operaci\u00f3n a. Temperatura : 0\u00ba a 40\u00b0C b. Humedad : &lt; 80% R.H. c. Altitud : 2000m sobre nivel del mar.","og_url":"https:\/\/abaa.mx\/tienda\/detector-de-voltaje-50-600v-lvd15\/","og_site_name":"Abaa tienda online","article_modified_time":"2023-11-09T14:52:50+00:00","og_image":[{"width":502,"height":468,"url":"https:\/\/abaa.mx\/tienda\/wp-content\/uploads\/2023\/11\/SEW-LVD15.jpg","type":"image\/jpeg"}],"twitter_card":"summary_large_image","twitter_misc":{"Tiempo de lectura":"1 minuto"},"schema":{"@context":"https:\/\/schema.org","@graph":[{"@type":"WebPage","@id":"https:\/\/abaa.mx\/tienda\/detector-de-voltaje-50-600v-lvd15\/","url":"https:\/\/abaa.mx\/tienda\/detector-de-voltaje-50-600v-lvd15\/","name":"Detector de voltaje 50-600V - LVD15 - Abaa tienda online","isPartOf":{"@id":"https:\/\/abaa.mx\/tienda\/#website"},"primaryImageOfPage":{"@id":"https:\/\/abaa.mx\/tienda\/detector-de-voltaje-50-600v-lvd15\/#primaryimage"},"image":{"@id":"https:\/\/abaa.mx\/tienda\/detector-de-voltaje-50-600v-lvd15\/#primaryimage"},"thumbnailUrl":"https:\/\/abaa.mx\/tienda\/wp-content\/uploads\/2023\/11\/SEW-LVD15.jpg","datePublished":"2023-11-09T14:52:49+00:00","dateModified":"2023-11-09T14:52:50+00:00","breadcrumb":{"@id":"https:\/\/abaa.mx\/tienda\/detector-de-voltaje-50-600v-lvd15\/#breadcrumb"},"inLanguage":"es","potentialAction":[{"@type":"ReadAction","target":["https:\/\/abaa.mx\/tienda\/detector-de-voltaje-50-600v-lvd15\/"]}]},{"@type":"ImageObject","inLanguage":"es","@id":"https:\/\/abaa.mx\/tienda\/detector-de-voltaje-50-600v-lvd15\/#primaryimage","url":"https:\/\/abaa.mx\/tienda\/wp-content\/uploads\/2023\/11\/SEW-LVD15.jpg","contentUrl":"https:\/\/abaa.mx\/tienda\/wp-content\/uploads\/2023\/11\/SEW-LVD15.jpg","width":502,"height":468,"caption":"SEW-LVD15"},{"@type":"BreadcrumbList","@id":"https:\/\/abaa.mx\/tienda\/detector-de-voltaje-50-600v-lvd15\/#breadcrumb","itemListElement":[{"@type":"ListItem","position":1,"name":"Inicio","item":"https:\/\/abaa.mx\/tienda\/"},{"@type":"ListItem","position":2,"name":"Tienda","item":"https:\/\/abaa.mx\/tienda\/"},{"@type":"ListItem","position":3,"name":"Detector de voltaje 50-600V &#8211; LVD15"}]},{"@type":"WebSite","@id":"https:\/\/abaa.mx\/tienda\/#website","url":"https:\/\/abaa.mx\/tienda\/","name":"Abaa tienda online","description":"Instrumentos de medici\u00f3n","publisher":{"@id":"https:\/\/abaa.mx\/tienda\/#organization"},"potentialAction":[{"@type":"SearchAction","target":{"@type":"EntryPoint","urlTemplate":"https:\/\/abaa.mx\/tienda\/?s={search_term_string}"},"query-input":{"@type":"PropertyValueSpecification","valueRequired":true,"valueName":"search_term_string"}}],"inLanguage":"es"},{"@type":"Organization","@id":"https:\/\/abaa.mx\/tienda\/#organization","name":"Abaa tienda online","url":"https:\/\/abaa.mx\/tienda\/","logo":{"@type":"ImageObject","inLanguage":"es","@id":"https:\/\/abaa.mx\/tienda\/#\/schema\/logo\/image\/","url":"https:\/\/abaa.mx\/tienda\/wp-content\/uploads\/2024\/01\/abaa-metrologia-tienda.png","contentUrl":"https:\/\/abaa.mx\/tienda\/wp-content\/uploads\/2024\/01\/abaa-metrologia-tienda.png","width":300,"height":141,"caption":"Abaa tienda online"},"image":{"@id":"https:\/\/abaa.mx\/tienda\/#\/schema\/logo\/image\/"}}]}},"_links":{"self":[{"href":"https:\/\/abaa.mx\/tienda\/wp-json\/wp\/v2\/product\/8663","targetHints":{"allow":["GET"]}}],"collection":[{"href":"https:\/\/abaa.mx\/tienda\/wp-json\/wp\/v2\/product"}],"about":[{"href":"https:\/\/abaa.mx\/tienda\/wp-json\/wp\/v2\/types\/product"}],"replies":[{"embeddable":true,"href":"https:\/\/abaa.mx\/tienda\/wp-json\/wp\/v2\/comments?post=8663"}],"wp:featuredmedia":[{"embeddable":true,"href":"https:\/\/abaa.mx\/tienda\/wp-json\/wp\/v2\/media\/8665"}],"wp:attachment":[{"href":"https:\/\/abaa.mx\/tienda\/wp-json\/wp\/v2\/media?parent=8663"}],"wp:term":[{"taxonomy":"product_brand","embeddable":true,"href":"https:\/\/abaa.mx\/tienda\/wp-json\/wp\/v2\/product_brand?post=8663"},{"taxonomy":"product_cat","embeddable":true,"href":"https:\/\/abaa.mx\/tienda\/wp-json\/wp\/v2\/product_cat?post=8663"},{"taxonomy":"product_tag","embeddable":true,"href":"https:\/\/abaa.mx\/tienda\/wp-json\/wp\/v2\/product_tag?post=8663"}],"curies":[{"name":"wp","href":"https:\/\/api.w.org\/{rel}","templated":true}]}}