{"id":8661,"date":"2023-12-08T20:26:34","date_gmt":"2023-12-08T20:26:34","guid":{"rendered":"https:\/\/abaa.mx\/tienda\/?post_type=product&#038;p=8661"},"modified":"2023-12-08T20:27:47","modified_gmt":"2023-12-08T20:27:47","slug":"datalogger-bl30-trotec","status":"publish","type":"product","link":"https:\/\/abaa.mx\/tienda\/datalogger-bl30-trotec\/","title":{"rendered":"Datalogger bl30 trotec"},"content":{"rendered":"<p>El medidor BL30 es un registrador de datos ultra-compacto para el control clim\u00e1tico, dise\u00f1ado para medir y registrar la temperatura del aire y la humedad relativa. Adem\u00e1s es un instrumento de medici\u00f3n de gran precisi\u00f3n especialmente robusto que destaca por su r\u00e1pido tiempo de reacci\u00f3n.<\/p>\n<p>El medidor de humedad y temperatura ambiental BL30 es un instrumento que almacena los valores obtenidos en el propio medidor. Puede observar la temperatura y humedad que hay en cada instante gracias a su extenso display incorporado en el propio aparato.<\/p>\n<p>El software de an\u00e1lisis para PC incluido junto al equipo BL30 proporciona funciones de evaluaci\u00f3n y documentaci\u00f3n de todos los valores de medici\u00f3n incluyendo la hora y fecha, as\u00ed como informaci\u00f3n sobre cualquier umbral de alarma que haya sido superado.<\/p>\n<p>Los resultados de la medici\u00f3n se guardan en el registrador de datos y se transmiten a un PC mediante un cable USB.<br \/>\nEl datalogger para el control clim\u00e1tico BL30 puede utilizarse junto con el software gratuito MultiMeasure Studio (STD) para evaluar y configurar medidas.La versi\u00f3n profesional de este mismo software (opcional) permite adem\u00e1s, entre otras cosas, exportar datos en tablas Excel o bien crear informes automatizados para llevar a cabo un examen adecuado.<\/p>\n<p><strong>\u00d3ptimo para:<\/strong><\/p>\n<ul>\n<li>Determinar la causa del moho y da\u00f1os por humedad.<\/li>\n<li>Protocolizar los datos clim\u00e1ticos en archivos y almacenes.<\/li>\n<li>Almacenar la humedad y temperatura en transporte de alimentos, containers, museos, laboratorios, cl\u00ednicas, floristerias.<\/li>\n<\/ul>\n<p><strong>Resumen de algunos detalles t\u00e9cnicos del BL30:<\/strong><br \/>\n<strong>Temperatura de aire:<\/strong><\/p>\n<ul>\n<li>Rango de medici\u00f3n: -40 \u00b0C a +70 \u00b0C (-40 \u00b0F a +158 \u00b0F).<\/li>\n<li>Resoluci\u00f3n: 0,1 \u00b0C.<\/li>\n<li>Precisi\u00f3n: m\u00e1x. \u00b11 \u00b0C.<\/li>\n<\/ul>\n<p><strong>Humedad relativa:<\/strong><\/p>\n<ul>\n<li>Rango de medici\u00f3n: 0% a 100%.<\/li>\n<li>Resoluci\u00f3n. 0,1%.<\/li>\n<li>Precisi\u00f3n: m\u00e1x. 3%.<\/li>\n<\/ul>\n<p><strong>General:<\/strong><\/p>\n<ul>\n<li>Dimensiones: 94 x 50 x 32\u00a0mm<\/li>\n<li>Peso: 91g (incl. bater\u00eda)<\/li>\n<li><strong>Funciones:<\/strong>\u00a0Indicaci\u00f3n del valor m\u00e1ximo y m\u00ednimo, fecha y hora; alarma, visualizaci\u00f3n de la temperatura del aire en \u00b0C y \u00b0F; ciclo de medici\u00f3n seleccionable de 1 segundo a 24 horas, medici\u00f3n permanente<\/li>\n<li><strong>Suministro:<\/strong>\u00a0Medidor, bater\u00eda, software de an\u00e1lisis para PC, soporte con candado, manual de instrucciones, cable USB<\/li>\n<\/ul>\n","protected":false},"excerpt":{"rendered":"<p>El BL30 es un registrador de datos ultra-compacto para registrar a largo plazo la temperatura del aire y la humedad relativa del aire en espacios habitables, oficinas o almacenes. Para el empleo estacionario se incluye en el suministro un soporte de pared con cierre.<\/p>\n","protected":false},"featured_media":9708,"comment_status":"open","ping_status":"closed","template":"","meta":{"_joinchat":[]},"product_brand":[],"product_cat":[15],"product_tag":[],"class_list":{"0":"post-8661","1":"product","2":"type-product","3":"status-publish","4":"has-post-thumbnail","6":"product_cat-sin-categorizar","8":"first","9":"instock","10":"shipping-taxable","11":"product-type-simple"},"yoast_head":"<!-- This site is optimized with the Yoast SEO plugin v26.4 - https:\/\/yoast.com\/wordpress\/plugins\/seo\/ -->\n<title>Datalogger bl30 trotec - Abaa tienda online<\/title>\n<meta name=\"robots\" content=\"index, follow, max-snippet:-1, max-image-preview:large, max-video-preview:-1\" \/>\n<link rel=\"canonical\" href=\"https:\/\/abaa.mx\/tienda\/datalogger-bl30-trotec\/\" \/>\n<meta property=\"og:locale\" content=\"es_MX\" \/>\n<meta property=\"og:type\" content=\"article\" \/>\n<meta property=\"og:title\" content=\"Datalogger bl30 trotec - Abaa tienda online\" \/>\n<meta property=\"og:description\" content=\"El BL30 es un registrador de datos ultra-compacto para registrar a largo plazo la temperatura del aire y la humedad relativa del aire en espacios habitables, oficinas o almacenes. Para el empleo estacionario se incluye en el suministro un soporte de pared con cierre.\" \/>\n<meta property=\"og:url\" content=\"https:\/\/abaa.mx\/tienda\/datalogger-bl30-trotec\/\" \/>\n<meta property=\"og:site_name\" content=\"Abaa tienda online\" \/>\n<meta property=\"article:modified_time\" content=\"2023-12-08T20:27:47+00:00\" \/>\n<meta property=\"og:image\" content=\"https:\/\/abaa.mx\/tienda\/wp-content\/uploads\/2023\/12\/Datalogger-bl30-trotec.jpg\" \/>\n\t<meta property=\"og:image:width\" content=\"950\" \/>\n\t<meta property=\"og:image:height\" content=\"950\" \/>\n\t<meta property=\"og:image:type\" content=\"image\/jpeg\" \/>\n<meta name=\"twitter:card\" content=\"summary_large_image\" \/>\n<meta name=\"twitter:label1\" content=\"Tiempo de lectura\" \/>\n\t<meta name=\"twitter:data1\" content=\"2 minutos\" \/>\n<script type=\"application\/ld+json\" class=\"yoast-schema-graph\">{\"@context\":\"https:\/\/schema.org\",\"@graph\":[{\"@type\":\"WebPage\",\"@id\":\"https:\/\/abaa.mx\/tienda\/datalogger-bl30-trotec\/\",\"url\":\"https:\/\/abaa.mx\/tienda\/datalogger-bl30-trotec\/\",\"name\":\"Datalogger bl30 trotec - Abaa tienda online\",\"isPartOf\":{\"@id\":\"https:\/\/abaa.mx\/tienda\/#website\"},\"primaryImageOfPage\":{\"@id\":\"https:\/\/abaa.mx\/tienda\/datalogger-bl30-trotec\/#primaryimage\"},\"image\":{\"@id\":\"https:\/\/abaa.mx\/tienda\/datalogger-bl30-trotec\/#primaryimage\"},\"thumbnailUrl\":\"https:\/\/abaa.mx\/tienda\/wp-content\/uploads\/2023\/12\/Datalogger-bl30-trotec.jpg\",\"datePublished\":\"2023-12-08T20:26:34+00:00\",\"dateModified\":\"2023-12-08T20:27:47+00:00\",\"breadcrumb\":{\"@id\":\"https:\/\/abaa.mx\/tienda\/datalogger-bl30-trotec\/#breadcrumb\"},\"inLanguage\":\"es\",\"potentialAction\":[{\"@type\":\"ReadAction\",\"target\":[\"https:\/\/abaa.mx\/tienda\/datalogger-bl30-trotec\/\"]}]},{\"@type\":\"ImageObject\",\"inLanguage\":\"es\",\"@id\":\"https:\/\/abaa.mx\/tienda\/datalogger-bl30-trotec\/#primaryimage\",\"url\":\"https:\/\/abaa.mx\/tienda\/wp-content\/uploads\/2023\/12\/Datalogger-bl30-trotec.jpg\",\"contentUrl\":\"https:\/\/abaa.mx\/tienda\/wp-content\/uploads\/2023\/12\/Datalogger-bl30-trotec.jpg\",\"width\":950,\"height\":950,\"caption\":\"Datalogger bl30 trotec\"},{\"@type\":\"BreadcrumbList\",\"@id\":\"https:\/\/abaa.mx\/tienda\/datalogger-bl30-trotec\/#breadcrumb\",\"itemListElement\":[{\"@type\":\"ListItem\",\"position\":1,\"name\":\"Inicio\",\"item\":\"https:\/\/abaa.mx\/tienda\/\"},{\"@type\":\"ListItem\",\"position\":2,\"name\":\"Tienda\",\"item\":\"https:\/\/abaa.mx\/tienda\/\"},{\"@type\":\"ListItem\",\"position\":3,\"name\":\"Datalogger bl30 trotec\"}]},{\"@type\":\"WebSite\",\"@id\":\"https:\/\/abaa.mx\/tienda\/#website\",\"url\":\"https:\/\/abaa.mx\/tienda\/\",\"name\":\"Abaa tienda online\",\"description\":\"Instrumentos de medici\u00f3n\",\"publisher\":{\"@id\":\"https:\/\/abaa.mx\/tienda\/#organization\"},\"potentialAction\":[{\"@type\":\"SearchAction\",\"target\":{\"@type\":\"EntryPoint\",\"urlTemplate\":\"https:\/\/abaa.mx\/tienda\/?s={search_term_string}\"},\"query-input\":{\"@type\":\"PropertyValueSpecification\",\"valueRequired\":true,\"valueName\":\"search_term_string\"}}],\"inLanguage\":\"es\"},{\"@type\":\"Organization\",\"@id\":\"https:\/\/abaa.mx\/tienda\/#organization\",\"name\":\"Abaa tienda online\",\"url\":\"https:\/\/abaa.mx\/tienda\/\",\"logo\":{\"@type\":\"ImageObject\",\"inLanguage\":\"es\",\"@id\":\"https:\/\/abaa.mx\/tienda\/#\/schema\/logo\/image\/\",\"url\":\"https:\/\/abaa.mx\/tienda\/wp-content\/uploads\/2024\/01\/abaa-metrologia-tienda.png\",\"contentUrl\":\"https:\/\/abaa.mx\/tienda\/wp-content\/uploads\/2024\/01\/abaa-metrologia-tienda.png\",\"width\":300,\"height\":141,\"caption\":\"Abaa tienda online\"},\"image\":{\"@id\":\"https:\/\/abaa.mx\/tienda\/#\/schema\/logo\/image\/\"}}]}<\/script>\n<!-- \/ Yoast SEO plugin. -->","yoast_head_json":{"title":"Datalogger bl30 trotec - Abaa tienda online","robots":{"index":"index","follow":"follow","max-snippet":"max-snippet:-1","max-image-preview":"max-image-preview:large","max-video-preview":"max-video-preview:-1"},"canonical":"https:\/\/abaa.mx\/tienda\/datalogger-bl30-trotec\/","og_locale":"es_MX","og_type":"article","og_title":"Datalogger bl30 trotec - Abaa tienda online","og_description":"El BL30 es un registrador de datos ultra-compacto para registrar a largo plazo la temperatura del aire y la humedad relativa del aire en espacios habitables, oficinas o almacenes. Para el empleo estacionario se incluye en el suministro un soporte de pared con cierre.","og_url":"https:\/\/abaa.mx\/tienda\/datalogger-bl30-trotec\/","og_site_name":"Abaa tienda online","article_modified_time":"2023-12-08T20:27:47+00:00","og_image":[{"width":950,"height":950,"url":"https:\/\/abaa.mx\/tienda\/wp-content\/uploads\/2023\/12\/Datalogger-bl30-trotec.jpg","type":"image\/jpeg"}],"twitter_card":"summary_large_image","twitter_misc":{"Tiempo de lectura":"2 minutos"},"schema":{"@context":"https:\/\/schema.org","@graph":[{"@type":"WebPage","@id":"https:\/\/abaa.mx\/tienda\/datalogger-bl30-trotec\/","url":"https:\/\/abaa.mx\/tienda\/datalogger-bl30-trotec\/","name":"Datalogger bl30 trotec - Abaa tienda online","isPartOf":{"@id":"https:\/\/abaa.mx\/tienda\/#website"},"primaryImageOfPage":{"@id":"https:\/\/abaa.mx\/tienda\/datalogger-bl30-trotec\/#primaryimage"},"image":{"@id":"https:\/\/abaa.mx\/tienda\/datalogger-bl30-trotec\/#primaryimage"},"thumbnailUrl":"https:\/\/abaa.mx\/tienda\/wp-content\/uploads\/2023\/12\/Datalogger-bl30-trotec.jpg","datePublished":"2023-12-08T20:26:34+00:00","dateModified":"2023-12-08T20:27:47+00:00","breadcrumb":{"@id":"https:\/\/abaa.mx\/tienda\/datalogger-bl30-trotec\/#breadcrumb"},"inLanguage":"es","potentialAction":[{"@type":"ReadAction","target":["https:\/\/abaa.mx\/tienda\/datalogger-bl30-trotec\/"]}]},{"@type":"ImageObject","inLanguage":"es","@id":"https:\/\/abaa.mx\/tienda\/datalogger-bl30-trotec\/#primaryimage","url":"https:\/\/abaa.mx\/tienda\/wp-content\/uploads\/2023\/12\/Datalogger-bl30-trotec.jpg","contentUrl":"https:\/\/abaa.mx\/tienda\/wp-content\/uploads\/2023\/12\/Datalogger-bl30-trotec.jpg","width":950,"height":950,"caption":"Datalogger bl30 trotec"},{"@type":"BreadcrumbList","@id":"https:\/\/abaa.mx\/tienda\/datalogger-bl30-trotec\/#breadcrumb","itemListElement":[{"@type":"ListItem","position":1,"name":"Inicio","item":"https:\/\/abaa.mx\/tienda\/"},{"@type":"ListItem","position":2,"name":"Tienda","item":"https:\/\/abaa.mx\/tienda\/"},{"@type":"ListItem","position":3,"name":"Datalogger bl30 trotec"}]},{"@type":"WebSite","@id":"https:\/\/abaa.mx\/tienda\/#website","url":"https:\/\/abaa.mx\/tienda\/","name":"Abaa tienda online","description":"Instrumentos de medici\u00f3n","publisher":{"@id":"https:\/\/abaa.mx\/tienda\/#organization"},"potentialAction":[{"@type":"SearchAction","target":{"@type":"EntryPoint","urlTemplate":"https:\/\/abaa.mx\/tienda\/?s={search_term_string}"},"query-input":{"@type":"PropertyValueSpecification","valueRequired":true,"valueName":"search_term_string"}}],"inLanguage":"es"},{"@type":"Organization","@id":"https:\/\/abaa.mx\/tienda\/#organization","name":"Abaa tienda online","url":"https:\/\/abaa.mx\/tienda\/","logo":{"@type":"ImageObject","inLanguage":"es","@id":"https:\/\/abaa.mx\/tienda\/#\/schema\/logo\/image\/","url":"https:\/\/abaa.mx\/tienda\/wp-content\/uploads\/2024\/01\/abaa-metrologia-tienda.png","contentUrl":"https:\/\/abaa.mx\/tienda\/wp-content\/uploads\/2024\/01\/abaa-metrologia-tienda.png","width":300,"height":141,"caption":"Abaa tienda online"},"image":{"@id":"https:\/\/abaa.mx\/tienda\/#\/schema\/logo\/image\/"}}]}},"_links":{"self":[{"href":"https:\/\/abaa.mx\/tienda\/wp-json\/wp\/v2\/product\/8661","targetHints":{"allow":["GET"]}}],"collection":[{"href":"https:\/\/abaa.mx\/tienda\/wp-json\/wp\/v2\/product"}],"about":[{"href":"https:\/\/abaa.mx\/tienda\/wp-json\/wp\/v2\/types\/product"}],"replies":[{"embeddable":true,"href":"https:\/\/abaa.mx\/tienda\/wp-json\/wp\/v2\/comments?post=8661"}],"wp:featuredmedia":[{"embeddable":true,"href":"https:\/\/abaa.mx\/tienda\/wp-json\/wp\/v2\/media\/9708"}],"wp:attachment":[{"href":"https:\/\/abaa.mx\/tienda\/wp-json\/wp\/v2\/media?parent=8661"}],"wp:term":[{"taxonomy":"product_brand","embeddable":true,"href":"https:\/\/abaa.mx\/tienda\/wp-json\/wp\/v2\/product_brand?post=8661"},{"taxonomy":"product_cat","embeddable":true,"href":"https:\/\/abaa.mx\/tienda\/wp-json\/wp\/v2\/product_cat?post=8661"},{"taxonomy":"product_tag","embeddable":true,"href":"https:\/\/abaa.mx\/tienda\/wp-json\/wp\/v2\/product_tag?post=8661"}],"curies":[{"name":"wp","href":"https:\/\/api.w.org\/{rel}","templated":true}]}}