{"id":8651,"date":"2023-11-08T20:04:38","date_gmt":"2023-11-08T20:04:38","guid":{"rendered":"https:\/\/abaa.mx\/tienda\/?post_type=product&#038;p=8651"},"modified":"2023-11-08T20:04:39","modified_gmt":"2023-11-08T20:04:39","slug":"bristle-blaster-set-electrico-monti-power-nueva-version-se1160bmc","status":"publish","type":"product","link":"https:\/\/abaa.mx\/tienda\/bristle-blaster-set-electrico-monti-power-nueva-version-se1160bmc\/","title":{"rendered":"Bristle Blaster Set El\u00e9ctrico, Monti Power Nueva Versi\u00f3n SE1160BMC"},"content":{"rendered":"<p>Bristle Blaster Set El\u00e9ctrico, Monti Power Nueva Versi\u00f3n SE1160BMC.<\/p>\n","protected":false},"excerpt":{"rendered":"<p><strong>Bristle Blaster (el\u00e9ctrico individual) .<\/strong><\/p>\n<ul>\n<li>Sistema adaptador de 23 mm.<\/li>\n<li>Lanzador de 5 cerdas, cinturones acero, 23 mm.<\/li>\n<li>Barra de acelerador, acero 23 mm.<\/li>\n<li>Lanzador de cerdas, unidad de accionamiento el\u00e9ctrica, 900W, incluido interruptor, tapa de protecci\u00f3n, empunadura con absorci\u00f3n de vibraciones, gancho de seguridad, rosca interna adicional para posici\u00f3n alternativa de la empunadura.<\/li>\n<li>Lanzador de 5 cerdas, correas, acero, 11 mm.<\/li>\n<li>Embalado en una caja de herramientas de PE.<\/li>\n<li>Sistema adaptador 11 mm.<\/li>\n<\/ul>\n<p><strong>230V 50\/60Hz 120V 50\/60Hz SE-1060-BMC SE-1160-BMC<\/strong><\/p>\n<p><strong>Lanzador de cerdasConjunto El\u00e9ctrico (900W) \u2013conacero inoxidable cinturones<\/strong><\/p>\n<p>&nbsp;<\/p>\n<ul>\n<li>230V 50\/60Hz 120V 50\/60Hz SE-1061-SS-BMC SE-1161-SS-BM.<\/li>\n<li>Barra aceleradora, inoxidable acero, 23 mm.<\/li>\n<li>Lanzador de 10 cerdas cinturones, inoxidable acero, 23 mm.<\/li>\n<li>Sistema Adaptador 23mm.<\/li>\n<li>Lanzador de cerdas unidad de accionamiento el\u00e9ctrica, 900W incluido Interruptor de hombre muerto, tapa de protecci\u00f3n, empunadura con absorci\u00f3n de vibraciones, gancho de seguridad, rosca interna adicional para posici\u00f3n alternativa de la empunadura.<\/li>\n<li>Embalado en una caja de herramientas de PE.<\/li>\n<\/ul>\n","protected":false},"featured_media":8652,"comment_status":"open","ping_status":"closed","template":"","meta":{"_joinchat":[]},"product_brand":[],"product_cat":[115],"product_tag":[],"class_list":{"0":"post-8651","1":"product","2":"type-product","3":"status-publish","4":"has-post-thumbnail","6":"product_cat-medidores-de-perfil-de-anclaje","8":"first","9":"instock","10":"shipping-taxable","11":"product-type-simple"},"yoast_head":"<!-- This site is optimized with the Yoast SEO plugin v26.4 - https:\/\/yoast.com\/wordpress\/plugins\/seo\/ -->\n<title>Bristle Blaster Set El\u00e9ctrico, Monti Power Nueva Versi\u00f3n SE1160BMC - Abaa tienda online<\/title>\n<meta name=\"robots\" content=\"index, follow, max-snippet:-1, max-image-preview:large, max-video-preview:-1\" \/>\n<link rel=\"canonical\" href=\"https:\/\/abaa.mx\/tienda\/bristle-blaster-set-electrico-monti-power-nueva-version-se1160bmc\/\" \/>\n<meta property=\"og:locale\" content=\"es_MX\" \/>\n<meta property=\"og:type\" content=\"article\" \/>\n<meta property=\"og:title\" content=\"Bristle Blaster Set El\u00e9ctrico, Monti Power Nueva Versi\u00f3n SE1160BMC - Abaa tienda online\" \/>\n<meta property=\"og:description\" content=\"Bristle Blaster (el\u00e9ctrico individual) .   Sistema adaptador de 23 mm.  Lanzador de 5 cerdas, cinturones acero, 23 mm.  Barra de acelerador, acero 23 mm.  Lanzador de cerdas, unidad de accionamiento el\u00e9ctrica, 900W, incluido interruptor, tapa de protecci\u00f3n, empunadura con absorci\u00f3n de vibraciones, gancho de seguridad, rosca interna adicional para posici\u00f3n alternativa de la empunadura.  Lanzador de 5 cerdas, correas, acero, 11 mm.  Embalado en una caja de herramientas de PE.  Sistema adaptador 11 mm.  230V 50\/60Hz 120V 50\/60Hz SE-1060-BMC SE-1160-BMC  Lanzador de cerdasConjunto El\u00e9ctrico (900W) \u2013conacero inoxidable cinturones  &nbsp;   230V 50\/60Hz 120V 50\/60Hz SE-1061-SS-BMC SE-1161-SS-BM.  Barra aceleradora, inoxidable acero, 23 mm.  Lanzador de 10 cerdas cinturones, inoxidable acero, 23 mm.  Sistema Adaptador 23mm.  Lanzador de cerdas unidad de accionamiento el\u00e9ctrica, 900W incluido Interruptor de hombre muerto, tapa de protecci\u00f3n, empunadura con absorci\u00f3n de vibraciones, gancho de seguridad, rosca interna adicional para posici\u00f3n alternativa de la empunadura.  Embalado en una caja de herramientas de PE.\" \/>\n<meta property=\"og:url\" content=\"https:\/\/abaa.mx\/tienda\/bristle-blaster-set-electrico-monti-power-nueva-version-se1160bmc\/\" \/>\n<meta property=\"og:site_name\" content=\"Abaa tienda online\" \/>\n<meta property=\"article:modified_time\" content=\"2023-11-08T20:04:39+00:00\" \/>\n<meta property=\"og:image\" content=\"https:\/\/abaa.mx\/tienda\/wp-content\/uploads\/2023\/11\/MONTI-POWER-SE1160BMC.jpg\" \/>\n\t<meta property=\"og:image:width\" content=\"497\" \/>\n\t<meta property=\"og:image:height\" content=\"422\" \/>\n\t<meta property=\"og:image:type\" content=\"image\/jpeg\" \/>\n<meta name=\"twitter:card\" content=\"summary_large_image\" \/>\n<meta name=\"twitter:label1\" content=\"Tiempo de lectura\" \/>\n\t<meta name=\"twitter:data1\" content=\"1 minuto\" \/>\n<script type=\"application\/ld+json\" class=\"yoast-schema-graph\">{\"@context\":\"https:\/\/schema.org\",\"@graph\":[{\"@type\":\"WebPage\",\"@id\":\"https:\/\/abaa.mx\/tienda\/bristle-blaster-set-electrico-monti-power-nueva-version-se1160bmc\/\",\"url\":\"https:\/\/abaa.mx\/tienda\/bristle-blaster-set-electrico-monti-power-nueva-version-se1160bmc\/\",\"name\":\"Bristle Blaster Set El\u00e9ctrico, Monti Power Nueva Versi\u00f3n SE1160BMC - Abaa tienda online\",\"isPartOf\":{\"@id\":\"https:\/\/abaa.mx\/tienda\/#website\"},\"primaryImageOfPage\":{\"@id\":\"https:\/\/abaa.mx\/tienda\/bristle-blaster-set-electrico-monti-power-nueva-version-se1160bmc\/#primaryimage\"},\"image\":{\"@id\":\"https:\/\/abaa.mx\/tienda\/bristle-blaster-set-electrico-monti-power-nueva-version-se1160bmc\/#primaryimage\"},\"thumbnailUrl\":\"https:\/\/abaa.mx\/tienda\/wp-content\/uploads\/2023\/11\/MONTI-POWER-SE1160BMC.jpg\",\"datePublished\":\"2023-11-08T20:04:38+00:00\",\"dateModified\":\"2023-11-08T20:04:39+00:00\",\"breadcrumb\":{\"@id\":\"https:\/\/abaa.mx\/tienda\/bristle-blaster-set-electrico-monti-power-nueva-version-se1160bmc\/#breadcrumb\"},\"inLanguage\":\"es\",\"potentialAction\":[{\"@type\":\"ReadAction\",\"target\":[\"https:\/\/abaa.mx\/tienda\/bristle-blaster-set-electrico-monti-power-nueva-version-se1160bmc\/\"]}]},{\"@type\":\"ImageObject\",\"inLanguage\":\"es\",\"@id\":\"https:\/\/abaa.mx\/tienda\/bristle-blaster-set-electrico-monti-power-nueva-version-se1160bmc\/#primaryimage\",\"url\":\"https:\/\/abaa.mx\/tienda\/wp-content\/uploads\/2023\/11\/MONTI-POWER-SE1160BMC.jpg\",\"contentUrl\":\"https:\/\/abaa.mx\/tienda\/wp-content\/uploads\/2023\/11\/MONTI-POWER-SE1160BMC.jpg\",\"width\":497,\"height\":422,\"caption\":\"MONTI POWER-SE1160BMC\"},{\"@type\":\"BreadcrumbList\",\"@id\":\"https:\/\/abaa.mx\/tienda\/bristle-blaster-set-electrico-monti-power-nueva-version-se1160bmc\/#breadcrumb\",\"itemListElement\":[{\"@type\":\"ListItem\",\"position\":1,\"name\":\"Inicio\",\"item\":\"https:\/\/abaa.mx\/tienda\/\"},{\"@type\":\"ListItem\",\"position\":2,\"name\":\"Tienda\",\"item\":\"https:\/\/abaa.mx\/tienda\/\"},{\"@type\":\"ListItem\",\"position\":3,\"name\":\"Bristle Blaster Set El\u00e9ctrico, Monti Power Nueva Versi\u00f3n SE1160BMC\"}]},{\"@type\":\"WebSite\",\"@id\":\"https:\/\/abaa.mx\/tienda\/#website\",\"url\":\"https:\/\/abaa.mx\/tienda\/\",\"name\":\"Abaa tienda online\",\"description\":\"Instrumentos de medici\u00f3n\",\"publisher\":{\"@id\":\"https:\/\/abaa.mx\/tienda\/#organization\"},\"potentialAction\":[{\"@type\":\"SearchAction\",\"target\":{\"@type\":\"EntryPoint\",\"urlTemplate\":\"https:\/\/abaa.mx\/tienda\/?s={search_term_string}\"},\"query-input\":{\"@type\":\"PropertyValueSpecification\",\"valueRequired\":true,\"valueName\":\"search_term_string\"}}],\"inLanguage\":\"es\"},{\"@type\":\"Organization\",\"@id\":\"https:\/\/abaa.mx\/tienda\/#organization\",\"name\":\"Abaa tienda online\",\"url\":\"https:\/\/abaa.mx\/tienda\/\",\"logo\":{\"@type\":\"ImageObject\",\"inLanguage\":\"es\",\"@id\":\"https:\/\/abaa.mx\/tienda\/#\/schema\/logo\/image\/\",\"url\":\"https:\/\/abaa.mx\/tienda\/wp-content\/uploads\/2024\/01\/abaa-metrologia-tienda.png\",\"contentUrl\":\"https:\/\/abaa.mx\/tienda\/wp-content\/uploads\/2024\/01\/abaa-metrologia-tienda.png\",\"width\":300,\"height\":141,\"caption\":\"Abaa tienda online\"},\"image\":{\"@id\":\"https:\/\/abaa.mx\/tienda\/#\/schema\/logo\/image\/\"}}]}<\/script>\n<!-- \/ Yoast SEO plugin. -->","yoast_head_json":{"title":"Bristle Blaster Set El\u00e9ctrico, Monti Power Nueva Versi\u00f3n SE1160BMC - Abaa tienda online","robots":{"index":"index","follow":"follow","max-snippet":"max-snippet:-1","max-image-preview":"max-image-preview:large","max-video-preview":"max-video-preview:-1"},"canonical":"https:\/\/abaa.mx\/tienda\/bristle-blaster-set-electrico-monti-power-nueva-version-se1160bmc\/","og_locale":"es_MX","og_type":"article","og_title":"Bristle Blaster Set El\u00e9ctrico, Monti Power Nueva Versi\u00f3n SE1160BMC - Abaa tienda online","og_description":"Bristle Blaster (el\u00e9ctrico individual) .   Sistema adaptador de 23 mm.  Lanzador de 5 cerdas, cinturones acero, 23 mm.  Barra de acelerador, acero 23 mm.  Lanzador de cerdas, unidad de accionamiento el\u00e9ctrica, 900W, incluido interruptor, tapa de protecci\u00f3n, empunadura con absorci\u00f3n de vibraciones, gancho de seguridad, rosca interna adicional para posici\u00f3n alternativa de la empunadura.  Lanzador de 5 cerdas, correas, acero, 11 mm.  Embalado en una caja de herramientas de PE.  Sistema adaptador 11 mm.  230V 50\/60Hz 120V 50\/60Hz SE-1060-BMC SE-1160-BMC  Lanzador de cerdasConjunto El\u00e9ctrico (900W) \u2013conacero inoxidable cinturones  &nbsp;   230V 50\/60Hz 120V 50\/60Hz SE-1061-SS-BMC SE-1161-SS-BM.  Barra aceleradora, inoxidable acero, 23 mm.  Lanzador de 10 cerdas cinturones, inoxidable acero, 23 mm.  Sistema Adaptador 23mm.  Lanzador de cerdas unidad de accionamiento el\u00e9ctrica, 900W incluido Interruptor de hombre muerto, tapa de protecci\u00f3n, empunadura con absorci\u00f3n de vibraciones, gancho de seguridad, rosca interna adicional para posici\u00f3n alternativa de la empunadura.  Embalado en una caja de herramientas de PE.","og_url":"https:\/\/abaa.mx\/tienda\/bristle-blaster-set-electrico-monti-power-nueva-version-se1160bmc\/","og_site_name":"Abaa tienda online","article_modified_time":"2023-11-08T20:04:39+00:00","og_image":[{"width":497,"height":422,"url":"https:\/\/abaa.mx\/tienda\/wp-content\/uploads\/2023\/11\/MONTI-POWER-SE1160BMC.jpg","type":"image\/jpeg"}],"twitter_card":"summary_large_image","twitter_misc":{"Tiempo de lectura":"1 minuto"},"schema":{"@context":"https:\/\/schema.org","@graph":[{"@type":"WebPage","@id":"https:\/\/abaa.mx\/tienda\/bristle-blaster-set-electrico-monti-power-nueva-version-se1160bmc\/","url":"https:\/\/abaa.mx\/tienda\/bristle-blaster-set-electrico-monti-power-nueva-version-se1160bmc\/","name":"Bristle Blaster Set El\u00e9ctrico, Monti Power Nueva Versi\u00f3n SE1160BMC - Abaa tienda online","isPartOf":{"@id":"https:\/\/abaa.mx\/tienda\/#website"},"primaryImageOfPage":{"@id":"https:\/\/abaa.mx\/tienda\/bristle-blaster-set-electrico-monti-power-nueva-version-se1160bmc\/#primaryimage"},"image":{"@id":"https:\/\/abaa.mx\/tienda\/bristle-blaster-set-electrico-monti-power-nueva-version-se1160bmc\/#primaryimage"},"thumbnailUrl":"https:\/\/abaa.mx\/tienda\/wp-content\/uploads\/2023\/11\/MONTI-POWER-SE1160BMC.jpg","datePublished":"2023-11-08T20:04:38+00:00","dateModified":"2023-11-08T20:04:39+00:00","breadcrumb":{"@id":"https:\/\/abaa.mx\/tienda\/bristle-blaster-set-electrico-monti-power-nueva-version-se1160bmc\/#breadcrumb"},"inLanguage":"es","potentialAction":[{"@type":"ReadAction","target":["https:\/\/abaa.mx\/tienda\/bristle-blaster-set-electrico-monti-power-nueva-version-se1160bmc\/"]}]},{"@type":"ImageObject","inLanguage":"es","@id":"https:\/\/abaa.mx\/tienda\/bristle-blaster-set-electrico-monti-power-nueva-version-se1160bmc\/#primaryimage","url":"https:\/\/abaa.mx\/tienda\/wp-content\/uploads\/2023\/11\/MONTI-POWER-SE1160BMC.jpg","contentUrl":"https:\/\/abaa.mx\/tienda\/wp-content\/uploads\/2023\/11\/MONTI-POWER-SE1160BMC.jpg","width":497,"height":422,"caption":"MONTI POWER-SE1160BMC"},{"@type":"BreadcrumbList","@id":"https:\/\/abaa.mx\/tienda\/bristle-blaster-set-electrico-monti-power-nueva-version-se1160bmc\/#breadcrumb","itemListElement":[{"@type":"ListItem","position":1,"name":"Inicio","item":"https:\/\/abaa.mx\/tienda\/"},{"@type":"ListItem","position":2,"name":"Tienda","item":"https:\/\/abaa.mx\/tienda\/"},{"@type":"ListItem","position":3,"name":"Bristle Blaster Set El\u00e9ctrico, Monti Power Nueva Versi\u00f3n SE1160BMC"}]},{"@type":"WebSite","@id":"https:\/\/abaa.mx\/tienda\/#website","url":"https:\/\/abaa.mx\/tienda\/","name":"Abaa tienda online","description":"Instrumentos de medici\u00f3n","publisher":{"@id":"https:\/\/abaa.mx\/tienda\/#organization"},"potentialAction":[{"@type":"SearchAction","target":{"@type":"EntryPoint","urlTemplate":"https:\/\/abaa.mx\/tienda\/?s={search_term_string}"},"query-input":{"@type":"PropertyValueSpecification","valueRequired":true,"valueName":"search_term_string"}}],"inLanguage":"es"},{"@type":"Organization","@id":"https:\/\/abaa.mx\/tienda\/#organization","name":"Abaa tienda online","url":"https:\/\/abaa.mx\/tienda\/","logo":{"@type":"ImageObject","inLanguage":"es","@id":"https:\/\/abaa.mx\/tienda\/#\/schema\/logo\/image\/","url":"https:\/\/abaa.mx\/tienda\/wp-content\/uploads\/2024\/01\/abaa-metrologia-tienda.png","contentUrl":"https:\/\/abaa.mx\/tienda\/wp-content\/uploads\/2024\/01\/abaa-metrologia-tienda.png","width":300,"height":141,"caption":"Abaa tienda online"},"image":{"@id":"https:\/\/abaa.mx\/tienda\/#\/schema\/logo\/image\/"}}]}},"_links":{"self":[{"href":"https:\/\/abaa.mx\/tienda\/wp-json\/wp\/v2\/product\/8651","targetHints":{"allow":["GET"]}}],"collection":[{"href":"https:\/\/abaa.mx\/tienda\/wp-json\/wp\/v2\/product"}],"about":[{"href":"https:\/\/abaa.mx\/tienda\/wp-json\/wp\/v2\/types\/product"}],"replies":[{"embeddable":true,"href":"https:\/\/abaa.mx\/tienda\/wp-json\/wp\/v2\/comments?post=8651"}],"wp:featuredmedia":[{"embeddable":true,"href":"https:\/\/abaa.mx\/tienda\/wp-json\/wp\/v2\/media\/8652"}],"wp:attachment":[{"href":"https:\/\/abaa.mx\/tienda\/wp-json\/wp\/v2\/media?parent=8651"}],"wp:term":[{"taxonomy":"product_brand","embeddable":true,"href":"https:\/\/abaa.mx\/tienda\/wp-json\/wp\/v2\/product_brand?post=8651"},{"taxonomy":"product_cat","embeddable":true,"href":"https:\/\/abaa.mx\/tienda\/wp-json\/wp\/v2\/product_cat?post=8651"},{"taxonomy":"product_tag","embeddable":true,"href":"https:\/\/abaa.mx\/tienda\/wp-json\/wp\/v2\/product_tag?post=8651"}],"curies":[{"name":"wp","href":"https:\/\/api.w.org\/{rel}","templated":true}]}}