{"id":8649,"date":"2023-11-08T19:55:00","date_gmt":"2023-11-08T19:55:00","guid":{"rendered":"https:\/\/abaa.mx\/tienda\/?post_type=product&#038;p=8649"},"modified":"2023-11-08T19:55:01","modified_gmt":"2023-11-08T19:55:01","slug":"medidor-de-orificio-de-boquilla-pblast","status":"publish","type":"product","link":"https:\/\/abaa.mx\/tienda\/medidor-de-orificio-de-boquilla-pblast\/","title":{"rendered":"Medidor de orificio de boquilla &#8211; PBLAST"},"content":{"rendered":"<p>Medidor de orificio de boquilla &#8211; PBLAST.<\/p>\n","protected":false},"excerpt":{"rendered":"<p><strong> Descripci\u00f3n: <\/strong><\/p>\n<p>Verificador de Apertura de Boquilla para Abrasivo (Analizador de Eficacia de Presi\u00f3n).<\/p>\n<p><b>Caracter\u00edsticas:<\/b><\/p>\n<p>La boquilla de salida de abrasivo de un aparato de aspersi\u00f3n de abrasivos a presi\u00f3n est\u00e1 sosten a sufrir desgaste a lo largo de la limpieza abrasiva. El desgaste puede resultar en un aumento del di\u00e1metro interno de la boquilla resultando en p\u00e9rdida de presi\u00f3n, disminuci\u00f3n de perfil de anclaje, avance mas lento , mayor consumo de abrasivo por metro cuadrado y los muy altos costes relacionados con el incumplimiento de los tiempos de distribuci\u00f3n , los grados de limpieza y el perfil de anclaje. Compruebe de forma continua el di\u00e1metro de la boquilla de aspersi\u00f3n de abrasivo para mantener en estado perfecto el rendimiento del medio abrasivo y la eficacia del trabajo durante sus procesos de preparaci\u00f3n superficial.<\/p>\n","protected":false},"featured_media":8650,"comment_status":"open","ping_status":"closed","template":"","meta":{"_joinchat":[]},"product_brand":[],"product_cat":[115],"product_tag":[],"class_list":{"0":"post-8649","1":"product","2":"type-product","3":"status-publish","4":"has-post-thumbnail","6":"product_cat-medidores-de-perfil-de-anclaje","8":"first","9":"instock","10":"shipping-taxable","11":"product-type-simple"},"yoast_head":"<!-- This site is optimized with the Yoast SEO plugin v26.4 - https:\/\/yoast.com\/wordpress\/plugins\/seo\/ -->\n<title>Medidor de orificio de boquilla - PBLAST - Abaa tienda online<\/title>\n<meta name=\"robots\" content=\"index, follow, max-snippet:-1, max-image-preview:large, max-video-preview:-1\" \/>\n<link rel=\"canonical\" href=\"https:\/\/abaa.mx\/tienda\/medidor-de-orificio-de-boquilla-pblast\/\" \/>\n<meta property=\"og:locale\" content=\"es_MX\" \/>\n<meta property=\"og:type\" content=\"article\" \/>\n<meta property=\"og:title\" content=\"Medidor de orificio de boquilla - PBLAST - Abaa tienda online\" \/>\n<meta property=\"og:description\" content=\"Descripci\u00f3n:   Verificador de Apertura de Boquilla para Abrasivo (Analizador de Eficacia de Presi\u00f3n).  Caracter\u00edsticas:  La boquilla de salida de abrasivo de un aparato de aspersi\u00f3n de abrasivos a presi\u00f3n est\u00e1 sosten a sufrir desgaste a lo largo de la limpieza abrasiva. El desgaste puede resultar en un aumento del di\u00e1metro interno de la boquilla resultando en p\u00e9rdida de presi\u00f3n, disminuci\u00f3n de perfil de anclaje, avance mas lento , mayor consumo de abrasivo por metro cuadrado y los muy altos costes relacionados con el incumplimiento de los tiempos de distribuci\u00f3n , los grados de limpieza y el perfil de anclaje. Compruebe de forma continua el di\u00e1metro de la boquilla de aspersi\u00f3n de abrasivo para mantener en estado perfecto el rendimiento del medio abrasivo y la eficacia del trabajo durante sus procesos de preparaci\u00f3n superficial.\" \/>\n<meta property=\"og:url\" content=\"https:\/\/abaa.mx\/tienda\/medidor-de-orificio-de-boquilla-pblast\/\" \/>\n<meta property=\"og:site_name\" content=\"Abaa tienda online\" \/>\n<meta property=\"article:modified_time\" content=\"2023-11-08T19:55:01+00:00\" \/>\n<meta property=\"og:image\" content=\"https:\/\/abaa.mx\/tienda\/wp-content\/uploads\/2023\/11\/DEFELSKO-PBLAST.jpg\" \/>\n\t<meta property=\"og:image:width\" content=\"511\" \/>\n\t<meta property=\"og:image:height\" content=\"487\" \/>\n\t<meta property=\"og:image:type\" content=\"image\/jpeg\" \/>\n<meta name=\"twitter:card\" content=\"summary_large_image\" \/>\n<meta name=\"twitter:label1\" content=\"Tiempo de lectura\" \/>\n\t<meta name=\"twitter:data1\" content=\"1 minuto\" \/>\n<script type=\"application\/ld+json\" class=\"yoast-schema-graph\">{\"@context\":\"https:\/\/schema.org\",\"@graph\":[{\"@type\":\"WebPage\",\"@id\":\"https:\/\/abaa.mx\/tienda\/medidor-de-orificio-de-boquilla-pblast\/\",\"url\":\"https:\/\/abaa.mx\/tienda\/medidor-de-orificio-de-boquilla-pblast\/\",\"name\":\"Medidor de orificio de boquilla - PBLAST - Abaa tienda online\",\"isPartOf\":{\"@id\":\"https:\/\/abaa.mx\/tienda\/#website\"},\"primaryImageOfPage\":{\"@id\":\"https:\/\/abaa.mx\/tienda\/medidor-de-orificio-de-boquilla-pblast\/#primaryimage\"},\"image\":{\"@id\":\"https:\/\/abaa.mx\/tienda\/medidor-de-orificio-de-boquilla-pblast\/#primaryimage\"},\"thumbnailUrl\":\"https:\/\/abaa.mx\/tienda\/wp-content\/uploads\/2023\/11\/DEFELSKO-PBLAST.jpg\",\"datePublished\":\"2023-11-08T19:55:00+00:00\",\"dateModified\":\"2023-11-08T19:55:01+00:00\",\"breadcrumb\":{\"@id\":\"https:\/\/abaa.mx\/tienda\/medidor-de-orificio-de-boquilla-pblast\/#breadcrumb\"},\"inLanguage\":\"es\",\"potentialAction\":[{\"@type\":\"ReadAction\",\"target\":[\"https:\/\/abaa.mx\/tienda\/medidor-de-orificio-de-boquilla-pblast\/\"]}]},{\"@type\":\"ImageObject\",\"inLanguage\":\"es\",\"@id\":\"https:\/\/abaa.mx\/tienda\/medidor-de-orificio-de-boquilla-pblast\/#primaryimage\",\"url\":\"https:\/\/abaa.mx\/tienda\/wp-content\/uploads\/2023\/11\/DEFELSKO-PBLAST.jpg\",\"contentUrl\":\"https:\/\/abaa.mx\/tienda\/wp-content\/uploads\/2023\/11\/DEFELSKO-PBLAST.jpg\",\"width\":511,\"height\":487,\"caption\":\"DEFELSKO-PBLAST\"},{\"@type\":\"BreadcrumbList\",\"@id\":\"https:\/\/abaa.mx\/tienda\/medidor-de-orificio-de-boquilla-pblast\/#breadcrumb\",\"itemListElement\":[{\"@type\":\"ListItem\",\"position\":1,\"name\":\"Inicio\",\"item\":\"https:\/\/abaa.mx\/tienda\/\"},{\"@type\":\"ListItem\",\"position\":2,\"name\":\"Tienda\",\"item\":\"https:\/\/abaa.mx\/tienda\/\"},{\"@type\":\"ListItem\",\"position\":3,\"name\":\"Medidor de orificio de boquilla &#8211; PBLAST\"}]},{\"@type\":\"WebSite\",\"@id\":\"https:\/\/abaa.mx\/tienda\/#website\",\"url\":\"https:\/\/abaa.mx\/tienda\/\",\"name\":\"Abaa tienda online\",\"description\":\"Instrumentos de medici\u00f3n\",\"publisher\":{\"@id\":\"https:\/\/abaa.mx\/tienda\/#organization\"},\"potentialAction\":[{\"@type\":\"SearchAction\",\"target\":{\"@type\":\"EntryPoint\",\"urlTemplate\":\"https:\/\/abaa.mx\/tienda\/?s={search_term_string}\"},\"query-input\":{\"@type\":\"PropertyValueSpecification\",\"valueRequired\":true,\"valueName\":\"search_term_string\"}}],\"inLanguage\":\"es\"},{\"@type\":\"Organization\",\"@id\":\"https:\/\/abaa.mx\/tienda\/#organization\",\"name\":\"Abaa tienda online\",\"url\":\"https:\/\/abaa.mx\/tienda\/\",\"logo\":{\"@type\":\"ImageObject\",\"inLanguage\":\"es\",\"@id\":\"https:\/\/abaa.mx\/tienda\/#\/schema\/logo\/image\/\",\"url\":\"https:\/\/abaa.mx\/tienda\/wp-content\/uploads\/2024\/01\/abaa-metrologia-tienda.png\",\"contentUrl\":\"https:\/\/abaa.mx\/tienda\/wp-content\/uploads\/2024\/01\/abaa-metrologia-tienda.png\",\"width\":300,\"height\":141,\"caption\":\"Abaa tienda online\"},\"image\":{\"@id\":\"https:\/\/abaa.mx\/tienda\/#\/schema\/logo\/image\/\"}}]}<\/script>\n<!-- \/ Yoast SEO plugin. -->","yoast_head_json":{"title":"Medidor de orificio de boquilla - PBLAST - Abaa tienda online","robots":{"index":"index","follow":"follow","max-snippet":"max-snippet:-1","max-image-preview":"max-image-preview:large","max-video-preview":"max-video-preview:-1"},"canonical":"https:\/\/abaa.mx\/tienda\/medidor-de-orificio-de-boquilla-pblast\/","og_locale":"es_MX","og_type":"article","og_title":"Medidor de orificio de boquilla - PBLAST - Abaa tienda online","og_description":"Descripci\u00f3n:   Verificador de Apertura de Boquilla para Abrasivo (Analizador de Eficacia de Presi\u00f3n).  Caracter\u00edsticas:  La boquilla de salida de abrasivo de un aparato de aspersi\u00f3n de abrasivos a presi\u00f3n est\u00e1 sosten a sufrir desgaste a lo largo de la limpieza abrasiva. El desgaste puede resultar en un aumento del di\u00e1metro interno de la boquilla resultando en p\u00e9rdida de presi\u00f3n, disminuci\u00f3n de perfil de anclaje, avance mas lento , mayor consumo de abrasivo por metro cuadrado y los muy altos costes relacionados con el incumplimiento de los tiempos de distribuci\u00f3n , los grados de limpieza y el perfil de anclaje. Compruebe de forma continua el di\u00e1metro de la boquilla de aspersi\u00f3n de abrasivo para mantener en estado perfecto el rendimiento del medio abrasivo y la eficacia del trabajo durante sus procesos de preparaci\u00f3n superficial.","og_url":"https:\/\/abaa.mx\/tienda\/medidor-de-orificio-de-boquilla-pblast\/","og_site_name":"Abaa tienda online","article_modified_time":"2023-11-08T19:55:01+00:00","og_image":[{"width":511,"height":487,"url":"https:\/\/abaa.mx\/tienda\/wp-content\/uploads\/2023\/11\/DEFELSKO-PBLAST.jpg","type":"image\/jpeg"}],"twitter_card":"summary_large_image","twitter_misc":{"Tiempo de lectura":"1 minuto"},"schema":{"@context":"https:\/\/schema.org","@graph":[{"@type":"WebPage","@id":"https:\/\/abaa.mx\/tienda\/medidor-de-orificio-de-boquilla-pblast\/","url":"https:\/\/abaa.mx\/tienda\/medidor-de-orificio-de-boquilla-pblast\/","name":"Medidor de orificio de boquilla - PBLAST - Abaa tienda online","isPartOf":{"@id":"https:\/\/abaa.mx\/tienda\/#website"},"primaryImageOfPage":{"@id":"https:\/\/abaa.mx\/tienda\/medidor-de-orificio-de-boquilla-pblast\/#primaryimage"},"image":{"@id":"https:\/\/abaa.mx\/tienda\/medidor-de-orificio-de-boquilla-pblast\/#primaryimage"},"thumbnailUrl":"https:\/\/abaa.mx\/tienda\/wp-content\/uploads\/2023\/11\/DEFELSKO-PBLAST.jpg","datePublished":"2023-11-08T19:55:00+00:00","dateModified":"2023-11-08T19:55:01+00:00","breadcrumb":{"@id":"https:\/\/abaa.mx\/tienda\/medidor-de-orificio-de-boquilla-pblast\/#breadcrumb"},"inLanguage":"es","potentialAction":[{"@type":"ReadAction","target":["https:\/\/abaa.mx\/tienda\/medidor-de-orificio-de-boquilla-pblast\/"]}]},{"@type":"ImageObject","inLanguage":"es","@id":"https:\/\/abaa.mx\/tienda\/medidor-de-orificio-de-boquilla-pblast\/#primaryimage","url":"https:\/\/abaa.mx\/tienda\/wp-content\/uploads\/2023\/11\/DEFELSKO-PBLAST.jpg","contentUrl":"https:\/\/abaa.mx\/tienda\/wp-content\/uploads\/2023\/11\/DEFELSKO-PBLAST.jpg","width":511,"height":487,"caption":"DEFELSKO-PBLAST"},{"@type":"BreadcrumbList","@id":"https:\/\/abaa.mx\/tienda\/medidor-de-orificio-de-boquilla-pblast\/#breadcrumb","itemListElement":[{"@type":"ListItem","position":1,"name":"Inicio","item":"https:\/\/abaa.mx\/tienda\/"},{"@type":"ListItem","position":2,"name":"Tienda","item":"https:\/\/abaa.mx\/tienda\/"},{"@type":"ListItem","position":3,"name":"Medidor de orificio de boquilla &#8211; PBLAST"}]},{"@type":"WebSite","@id":"https:\/\/abaa.mx\/tienda\/#website","url":"https:\/\/abaa.mx\/tienda\/","name":"Abaa tienda online","description":"Instrumentos de medici\u00f3n","publisher":{"@id":"https:\/\/abaa.mx\/tienda\/#organization"},"potentialAction":[{"@type":"SearchAction","target":{"@type":"EntryPoint","urlTemplate":"https:\/\/abaa.mx\/tienda\/?s={search_term_string}"},"query-input":{"@type":"PropertyValueSpecification","valueRequired":true,"valueName":"search_term_string"}}],"inLanguage":"es"},{"@type":"Organization","@id":"https:\/\/abaa.mx\/tienda\/#organization","name":"Abaa tienda online","url":"https:\/\/abaa.mx\/tienda\/","logo":{"@type":"ImageObject","inLanguage":"es","@id":"https:\/\/abaa.mx\/tienda\/#\/schema\/logo\/image\/","url":"https:\/\/abaa.mx\/tienda\/wp-content\/uploads\/2024\/01\/abaa-metrologia-tienda.png","contentUrl":"https:\/\/abaa.mx\/tienda\/wp-content\/uploads\/2024\/01\/abaa-metrologia-tienda.png","width":300,"height":141,"caption":"Abaa tienda online"},"image":{"@id":"https:\/\/abaa.mx\/tienda\/#\/schema\/logo\/image\/"}}]}},"_links":{"self":[{"href":"https:\/\/abaa.mx\/tienda\/wp-json\/wp\/v2\/product\/8649","targetHints":{"allow":["GET"]}}],"collection":[{"href":"https:\/\/abaa.mx\/tienda\/wp-json\/wp\/v2\/product"}],"about":[{"href":"https:\/\/abaa.mx\/tienda\/wp-json\/wp\/v2\/types\/product"}],"replies":[{"embeddable":true,"href":"https:\/\/abaa.mx\/tienda\/wp-json\/wp\/v2\/comments?post=8649"}],"wp:featuredmedia":[{"embeddable":true,"href":"https:\/\/abaa.mx\/tienda\/wp-json\/wp\/v2\/media\/8650"}],"wp:attachment":[{"href":"https:\/\/abaa.mx\/tienda\/wp-json\/wp\/v2\/media?parent=8649"}],"wp:term":[{"taxonomy":"product_brand","embeddable":true,"href":"https:\/\/abaa.mx\/tienda\/wp-json\/wp\/v2\/product_brand?post=8649"},{"taxonomy":"product_cat","embeddable":true,"href":"https:\/\/abaa.mx\/tienda\/wp-json\/wp\/v2\/product_cat?post=8649"},{"taxonomy":"product_tag","embeddable":true,"href":"https:\/\/abaa.mx\/tienda\/wp-json\/wp\/v2\/product_tag?post=8649"}],"curies":[{"name":"wp","href":"https:\/\/api.w.org\/{rel}","templated":true}]}}