{"id":8643,"date":"2023-11-08T19:23:46","date_gmt":"2023-11-08T19:23:46","guid":{"rendered":"https:\/\/abaa.mx\/tienda\/?post_type=product&#038;p=8643"},"modified":"2023-11-08T19:23:46","modified_gmt":"2023-11-08T19:23:46","slug":"medidor-de-perfil-de-anclaje-positector-spg-s-sonda-separada-spgs1-e","status":"publish","type":"product","link":"https:\/\/abaa.mx\/tienda\/medidor-de-perfil-de-anclaje-positector-spg-s-sonda-separada-spgs1-e\/","title":{"rendered":"Medidor de perfil de anclaje PosiTector SPG-S sonda separada &#8211; SPGS1-E"},"content":{"rendered":"<p>Medidor de perfil de anclaje PosiTector SPG-S sonda separada &#8211; SPGS1-E.<\/p>\n","protected":false},"excerpt":{"rendered":"<p><b>Caracter\u00edsticas Principales:<\/b><\/p>\n<p>Guarda 250 lecturas en 1 carpeta. Transferencia de datos v\u00eda USB a una computadora genere reportes de manera f\u00e1cil de sus datos medidos en segundos. Exporte sus datos a la suite de datos PosiSoft Desktop o sincron\u00edcelos en la nube utilizando PosiSoft.net donde obtendr\u00e1 opciones de reporteo y almacenamiento auxiliares. Elija entre una variedad de sondas para diferentes aplicaciones.<\/p>\n<p><b>Aplicaciones:<\/b><br \/>\nCumple con los especificaciones de medici\u00f3n requeridos por la norma ASTM D4417 m\u00e9todo B, la SSPC-PA17,US. Navy NSI 009-30, SANS 5772. El instrumento necesita de una sucesi\u00f3n de mediciones para promediar un valor que representa una hondura de penetraci\u00f3n del abrasivo en la superficie met\u00e1lica. Rango\/Precisi\u00f3n: Sistema m\u00e9trico: 0 \u2013 500 ?m, +\/-(5 ?m + 5%) Imperial: (0 \u2013 20 mils) +\/-(0.2 mil + 5%) Condiciones de Operaci\u00f3n: Temperatura 0 a 50\u00b0C.<\/p>\n<p><b>Unidades de medici\u00f3n:<\/b><\/p>\n<p>Cumple con los especificaciones de medici\u00f3n requeridos por la norma ASTM D4417 m\u00e9todo B, la SSPC-PA17,US. Navy NSI 009-30, SANS 5772. El instrumento necesita de una sucesi\u00f3n de mediciones para promediar un valor que representa una hondura de penetraci\u00f3n del abrasivo en la superficie met\u00e1lica. Rango\/Precisi\u00f3n: Sistema m\u00e9trico: 0 \u2013 500 ?m, +\/-(5 ?m + 5%) Imperial: (0 \u2013 20 mils) +\/-(0.2 mil + 5%) Condiciones de Operaci\u00f3n: Temperatura 0 a 50\u00b0C.<\/p>\n","protected":false},"featured_media":8644,"comment_status":"open","ping_status":"closed","template":"","meta":{"_joinchat":[]},"product_brand":[],"product_cat":[115],"product_tag":[],"class_list":{"0":"post-8643","1":"product","2":"type-product","3":"status-publish","4":"has-post-thumbnail","6":"product_cat-medidores-de-perfil-de-anclaje","8":"first","9":"instock","10":"shipping-taxable","11":"product-type-simple"},"yoast_head":"<!-- This site is optimized with the Yoast SEO plugin v26.4 - https:\/\/yoast.com\/wordpress\/plugins\/seo\/ -->\n<title>Medidor de perfil de anclaje PosiTector SPG-S sonda separada - SPGS1-E - Abaa tienda online<\/title>\n<meta name=\"robots\" content=\"index, follow, max-snippet:-1, max-image-preview:large, max-video-preview:-1\" \/>\n<link rel=\"canonical\" href=\"https:\/\/abaa.mx\/tienda\/medidor-de-perfil-de-anclaje-positector-spg-s-sonda-separada-spgs1-e\/\" \/>\n<meta property=\"og:locale\" content=\"es_MX\" \/>\n<meta property=\"og:type\" content=\"article\" \/>\n<meta property=\"og:title\" content=\"Medidor de perfil de anclaje PosiTector SPG-S sonda separada - SPGS1-E - Abaa tienda online\" \/>\n<meta property=\"og:description\" content=\"Caracter\u00edsticas Principales:  Guarda 250 lecturas en 1 carpeta. Transferencia de datos v\u00eda USB a una computadora genere reportes de manera f\u00e1cil de sus datos medidos en segundos. Exporte sus datos a la suite de datos PosiSoft Desktop o sincron\u00edcelos en la nube utilizando PosiSoft.net donde obtendr\u00e1 opciones de reporteo y almacenamiento auxiliares. Elija entre una variedad de sondas para diferentes aplicaciones.  Aplicaciones: Cumple con los especificaciones de medici\u00f3n requeridos por la norma ASTM D4417 m\u00e9todo B, la SSPC-PA17,US. Navy NSI 009-30, SANS 5772. El instrumento necesita de una sucesi\u00f3n de mediciones para promediar un valor que representa una hondura de penetraci\u00f3n del abrasivo en la superficie met\u00e1lica. Rango\/Precisi\u00f3n: Sistema m\u00e9trico: 0 \u2013 500 ?m, +\/-(5 ?m + 5%) Imperial: (0 \u2013 20 mils) +\/-(0.2 mil + 5%) Condiciones de Operaci\u00f3n: Temperatura 0 a 50\u00b0C.  Unidades de medici\u00f3n:  Cumple con los especificaciones de medici\u00f3n requeridos por la norma ASTM D4417 m\u00e9todo B, la SSPC-PA17,US. Navy NSI 009-30, SANS 5772. El instrumento necesita de una sucesi\u00f3n de mediciones para promediar un valor que representa una hondura de penetraci\u00f3n del abrasivo en la superficie met\u00e1lica. Rango\/Precisi\u00f3n: Sistema m\u00e9trico: 0 \u2013 500 ?m, +\/-(5 ?m + 5%) Imperial: (0 \u2013 20 mils) +\/-(0.2 mil + 5%) Condiciones de Operaci\u00f3n: Temperatura 0 a 50\u00b0C.\" \/>\n<meta property=\"og:url\" content=\"https:\/\/abaa.mx\/tienda\/medidor-de-perfil-de-anclaje-positector-spg-s-sonda-separada-spgs1-e\/\" \/>\n<meta property=\"og:site_name\" content=\"Abaa tienda online\" \/>\n<meta property=\"og:image\" content=\"https:\/\/abaa.mx\/tienda\/wp-content\/uploads\/2023\/11\/DEFESLKO-SPGS1-E.jpg\" \/>\n\t<meta property=\"og:image:width\" content=\"357\" \/>\n\t<meta property=\"og:image:height\" content=\"435\" \/>\n\t<meta property=\"og:image:type\" content=\"image\/jpeg\" \/>\n<meta name=\"twitter:card\" content=\"summary_large_image\" \/>\n<meta name=\"twitter:label1\" content=\"Tiempo de lectura\" \/>\n\t<meta name=\"twitter:data1\" content=\"1 minuto\" \/>\n<script type=\"application\/ld+json\" class=\"yoast-schema-graph\">{\"@context\":\"https:\/\/schema.org\",\"@graph\":[{\"@type\":\"WebPage\",\"@id\":\"https:\/\/abaa.mx\/tienda\/medidor-de-perfil-de-anclaje-positector-spg-s-sonda-separada-spgs1-e\/\",\"url\":\"https:\/\/abaa.mx\/tienda\/medidor-de-perfil-de-anclaje-positector-spg-s-sonda-separada-spgs1-e\/\",\"name\":\"Medidor de perfil de anclaje PosiTector SPG-S sonda separada - SPGS1-E - Abaa tienda online\",\"isPartOf\":{\"@id\":\"https:\/\/abaa.mx\/tienda\/#website\"},\"primaryImageOfPage\":{\"@id\":\"https:\/\/abaa.mx\/tienda\/medidor-de-perfil-de-anclaje-positector-spg-s-sonda-separada-spgs1-e\/#primaryimage\"},\"image\":{\"@id\":\"https:\/\/abaa.mx\/tienda\/medidor-de-perfil-de-anclaje-positector-spg-s-sonda-separada-spgs1-e\/#primaryimage\"},\"thumbnailUrl\":\"https:\/\/abaa.mx\/tienda\/wp-content\/uploads\/2023\/11\/DEFESLKO-SPGS1-E.jpg\",\"datePublished\":\"2023-11-08T19:23:46+00:00\",\"breadcrumb\":{\"@id\":\"https:\/\/abaa.mx\/tienda\/medidor-de-perfil-de-anclaje-positector-spg-s-sonda-separada-spgs1-e\/#breadcrumb\"},\"inLanguage\":\"es\",\"potentialAction\":[{\"@type\":\"ReadAction\",\"target\":[\"https:\/\/abaa.mx\/tienda\/medidor-de-perfil-de-anclaje-positector-spg-s-sonda-separada-spgs1-e\/\"]}]},{\"@type\":\"ImageObject\",\"inLanguage\":\"es\",\"@id\":\"https:\/\/abaa.mx\/tienda\/medidor-de-perfil-de-anclaje-positector-spg-s-sonda-separada-spgs1-e\/#primaryimage\",\"url\":\"https:\/\/abaa.mx\/tienda\/wp-content\/uploads\/2023\/11\/DEFESLKO-SPGS1-E.jpg\",\"contentUrl\":\"https:\/\/abaa.mx\/tienda\/wp-content\/uploads\/2023\/11\/DEFESLKO-SPGS1-E.jpg\",\"width\":357,\"height\":435,\"caption\":\"DEFESLKO-SPGS1-E\"},{\"@type\":\"BreadcrumbList\",\"@id\":\"https:\/\/abaa.mx\/tienda\/medidor-de-perfil-de-anclaje-positector-spg-s-sonda-separada-spgs1-e\/#breadcrumb\",\"itemListElement\":[{\"@type\":\"ListItem\",\"position\":1,\"name\":\"Inicio\",\"item\":\"https:\/\/abaa.mx\/tienda\/\"},{\"@type\":\"ListItem\",\"position\":2,\"name\":\"Tienda\",\"item\":\"https:\/\/abaa.mx\/tienda\/\"},{\"@type\":\"ListItem\",\"position\":3,\"name\":\"Medidor de perfil de anclaje PosiTector SPG-S sonda separada &#8211; SPGS1-E\"}]},{\"@type\":\"WebSite\",\"@id\":\"https:\/\/abaa.mx\/tienda\/#website\",\"url\":\"https:\/\/abaa.mx\/tienda\/\",\"name\":\"Abaa tienda online\",\"description\":\"Instrumentos de medici\u00f3n\",\"publisher\":{\"@id\":\"https:\/\/abaa.mx\/tienda\/#organization\"},\"potentialAction\":[{\"@type\":\"SearchAction\",\"target\":{\"@type\":\"EntryPoint\",\"urlTemplate\":\"https:\/\/abaa.mx\/tienda\/?s={search_term_string}\"},\"query-input\":{\"@type\":\"PropertyValueSpecification\",\"valueRequired\":true,\"valueName\":\"search_term_string\"}}],\"inLanguage\":\"es\"},{\"@type\":\"Organization\",\"@id\":\"https:\/\/abaa.mx\/tienda\/#organization\",\"name\":\"Abaa tienda online\",\"url\":\"https:\/\/abaa.mx\/tienda\/\",\"logo\":{\"@type\":\"ImageObject\",\"inLanguage\":\"es\",\"@id\":\"https:\/\/abaa.mx\/tienda\/#\/schema\/logo\/image\/\",\"url\":\"https:\/\/abaa.mx\/tienda\/wp-content\/uploads\/2024\/01\/abaa-metrologia-tienda.png\",\"contentUrl\":\"https:\/\/abaa.mx\/tienda\/wp-content\/uploads\/2024\/01\/abaa-metrologia-tienda.png\",\"width\":300,\"height\":141,\"caption\":\"Abaa tienda online\"},\"image\":{\"@id\":\"https:\/\/abaa.mx\/tienda\/#\/schema\/logo\/image\/\"}}]}<\/script>\n<!-- \/ Yoast SEO plugin. -->","yoast_head_json":{"title":"Medidor de perfil de anclaje PosiTector SPG-S sonda separada - SPGS1-E - Abaa tienda online","robots":{"index":"index","follow":"follow","max-snippet":"max-snippet:-1","max-image-preview":"max-image-preview:large","max-video-preview":"max-video-preview:-1"},"canonical":"https:\/\/abaa.mx\/tienda\/medidor-de-perfil-de-anclaje-positector-spg-s-sonda-separada-spgs1-e\/","og_locale":"es_MX","og_type":"article","og_title":"Medidor de perfil de anclaje PosiTector SPG-S sonda separada - SPGS1-E - Abaa tienda online","og_description":"Caracter\u00edsticas Principales:  Guarda 250 lecturas en 1 carpeta. Transferencia de datos v\u00eda USB a una computadora genere reportes de manera f\u00e1cil de sus datos medidos en segundos. Exporte sus datos a la suite de datos PosiSoft Desktop o sincron\u00edcelos en la nube utilizando PosiSoft.net donde obtendr\u00e1 opciones de reporteo y almacenamiento auxiliares. Elija entre una variedad de sondas para diferentes aplicaciones.  Aplicaciones: Cumple con los especificaciones de medici\u00f3n requeridos por la norma ASTM D4417 m\u00e9todo B, la SSPC-PA17,US. Navy NSI 009-30, SANS 5772. El instrumento necesita de una sucesi\u00f3n de mediciones para promediar un valor que representa una hondura de penetraci\u00f3n del abrasivo en la superficie met\u00e1lica. Rango\/Precisi\u00f3n: Sistema m\u00e9trico: 0 \u2013 500 ?m, +\/-(5 ?m + 5%) Imperial: (0 \u2013 20 mils) +\/-(0.2 mil + 5%) Condiciones de Operaci\u00f3n: Temperatura 0 a 50\u00b0C.  Unidades de medici\u00f3n:  Cumple con los especificaciones de medici\u00f3n requeridos por la norma ASTM D4417 m\u00e9todo B, la SSPC-PA17,US. Navy NSI 009-30, SANS 5772. El instrumento necesita de una sucesi\u00f3n de mediciones para promediar un valor que representa una hondura de penetraci\u00f3n del abrasivo en la superficie met\u00e1lica. Rango\/Precisi\u00f3n: Sistema m\u00e9trico: 0 \u2013 500 ?m, +\/-(5 ?m + 5%) Imperial: (0 \u2013 20 mils) +\/-(0.2 mil + 5%) Condiciones de Operaci\u00f3n: Temperatura 0 a 50\u00b0C.","og_url":"https:\/\/abaa.mx\/tienda\/medidor-de-perfil-de-anclaje-positector-spg-s-sonda-separada-spgs1-e\/","og_site_name":"Abaa tienda online","og_image":[{"width":357,"height":435,"url":"https:\/\/abaa.mx\/tienda\/wp-content\/uploads\/2023\/11\/DEFESLKO-SPGS1-E.jpg","type":"image\/jpeg"}],"twitter_card":"summary_large_image","twitter_misc":{"Tiempo de lectura":"1 minuto"},"schema":{"@context":"https:\/\/schema.org","@graph":[{"@type":"WebPage","@id":"https:\/\/abaa.mx\/tienda\/medidor-de-perfil-de-anclaje-positector-spg-s-sonda-separada-spgs1-e\/","url":"https:\/\/abaa.mx\/tienda\/medidor-de-perfil-de-anclaje-positector-spg-s-sonda-separada-spgs1-e\/","name":"Medidor de perfil de anclaje PosiTector SPG-S sonda separada - SPGS1-E - Abaa tienda online","isPartOf":{"@id":"https:\/\/abaa.mx\/tienda\/#website"},"primaryImageOfPage":{"@id":"https:\/\/abaa.mx\/tienda\/medidor-de-perfil-de-anclaje-positector-spg-s-sonda-separada-spgs1-e\/#primaryimage"},"image":{"@id":"https:\/\/abaa.mx\/tienda\/medidor-de-perfil-de-anclaje-positector-spg-s-sonda-separada-spgs1-e\/#primaryimage"},"thumbnailUrl":"https:\/\/abaa.mx\/tienda\/wp-content\/uploads\/2023\/11\/DEFESLKO-SPGS1-E.jpg","datePublished":"2023-11-08T19:23:46+00:00","breadcrumb":{"@id":"https:\/\/abaa.mx\/tienda\/medidor-de-perfil-de-anclaje-positector-spg-s-sonda-separada-spgs1-e\/#breadcrumb"},"inLanguage":"es","potentialAction":[{"@type":"ReadAction","target":["https:\/\/abaa.mx\/tienda\/medidor-de-perfil-de-anclaje-positector-spg-s-sonda-separada-spgs1-e\/"]}]},{"@type":"ImageObject","inLanguage":"es","@id":"https:\/\/abaa.mx\/tienda\/medidor-de-perfil-de-anclaje-positector-spg-s-sonda-separada-spgs1-e\/#primaryimage","url":"https:\/\/abaa.mx\/tienda\/wp-content\/uploads\/2023\/11\/DEFESLKO-SPGS1-E.jpg","contentUrl":"https:\/\/abaa.mx\/tienda\/wp-content\/uploads\/2023\/11\/DEFESLKO-SPGS1-E.jpg","width":357,"height":435,"caption":"DEFESLKO-SPGS1-E"},{"@type":"BreadcrumbList","@id":"https:\/\/abaa.mx\/tienda\/medidor-de-perfil-de-anclaje-positector-spg-s-sonda-separada-spgs1-e\/#breadcrumb","itemListElement":[{"@type":"ListItem","position":1,"name":"Inicio","item":"https:\/\/abaa.mx\/tienda\/"},{"@type":"ListItem","position":2,"name":"Tienda","item":"https:\/\/abaa.mx\/tienda\/"},{"@type":"ListItem","position":3,"name":"Medidor de perfil de anclaje PosiTector SPG-S sonda separada &#8211; SPGS1-E"}]},{"@type":"WebSite","@id":"https:\/\/abaa.mx\/tienda\/#website","url":"https:\/\/abaa.mx\/tienda\/","name":"Abaa tienda online","description":"Instrumentos de medici\u00f3n","publisher":{"@id":"https:\/\/abaa.mx\/tienda\/#organization"},"potentialAction":[{"@type":"SearchAction","target":{"@type":"EntryPoint","urlTemplate":"https:\/\/abaa.mx\/tienda\/?s={search_term_string}"},"query-input":{"@type":"PropertyValueSpecification","valueRequired":true,"valueName":"search_term_string"}}],"inLanguage":"es"},{"@type":"Organization","@id":"https:\/\/abaa.mx\/tienda\/#organization","name":"Abaa tienda online","url":"https:\/\/abaa.mx\/tienda\/","logo":{"@type":"ImageObject","inLanguage":"es","@id":"https:\/\/abaa.mx\/tienda\/#\/schema\/logo\/image\/","url":"https:\/\/abaa.mx\/tienda\/wp-content\/uploads\/2024\/01\/abaa-metrologia-tienda.png","contentUrl":"https:\/\/abaa.mx\/tienda\/wp-content\/uploads\/2024\/01\/abaa-metrologia-tienda.png","width":300,"height":141,"caption":"Abaa tienda online"},"image":{"@id":"https:\/\/abaa.mx\/tienda\/#\/schema\/logo\/image\/"}}]}},"_links":{"self":[{"href":"https:\/\/abaa.mx\/tienda\/wp-json\/wp\/v2\/product\/8643","targetHints":{"allow":["GET"]}}],"collection":[{"href":"https:\/\/abaa.mx\/tienda\/wp-json\/wp\/v2\/product"}],"about":[{"href":"https:\/\/abaa.mx\/tienda\/wp-json\/wp\/v2\/types\/product"}],"replies":[{"embeddable":true,"href":"https:\/\/abaa.mx\/tienda\/wp-json\/wp\/v2\/comments?post=8643"}],"wp:featuredmedia":[{"embeddable":true,"href":"https:\/\/abaa.mx\/tienda\/wp-json\/wp\/v2\/media\/8644"}],"wp:attachment":[{"href":"https:\/\/abaa.mx\/tienda\/wp-json\/wp\/v2\/media?parent=8643"}],"wp:term":[{"taxonomy":"product_brand","embeddable":true,"href":"https:\/\/abaa.mx\/tienda\/wp-json\/wp\/v2\/product_brand?post=8643"},{"taxonomy":"product_cat","embeddable":true,"href":"https:\/\/abaa.mx\/tienda\/wp-json\/wp\/v2\/product_cat?post=8643"},{"taxonomy":"product_tag","embeddable":true,"href":"https:\/\/abaa.mx\/tienda\/wp-json\/wp\/v2\/product_tag?post=8643"}],"curies":[{"name":"wp","href":"https:\/\/api.w.org\/{rel}","templated":true}]}}