{"id":8636,"date":"2023-11-08T18:54:57","date_gmt":"2023-11-08T18:54:57","guid":{"rendered":"https:\/\/abaa.mx\/tienda\/?post_type=product&#038;p=8636"},"modified":"2023-11-08T18:54:58","modified_gmt":"2023-11-08T18:54:58","slug":"medidor-de-perfil-de-anclaje-con-linterna-ktals","status":"publish","type":"product","link":"https:\/\/abaa.mx\/tienda\/medidor-de-perfil-de-anclaje-con-linterna-ktals\/","title":{"rendered":"Medidor de perfil de Anclaje con linterna &#8211; KTALS"},"content":{"rendered":"<p>Medidor de perfil de Anclaje con linterna &#8211; KTALS.<\/p>\n","protected":false},"excerpt":{"rendered":"<p>El Comparador de perfil de anclaje modelo DF-KTA cumple con los requerimientos de los est\u00e1ndares ASTM D-4417 M\u00e9todos de Prueba de Campo para Medir el Perfil de la Superficie de Acero Limpiado a Presi\u00f3n con Abrasivo (Test Methods for Measuring Surface Profile of Abrasive Blast Cleaned Steel), que describe tres m\u00e9todos para cuantificar la hondura del perfil de la superficie generado en un sustrato de acero (comparadores visuales, micr\u00f3metros de profundidad y cinta de r\u00e9plica).<\/p>\n<p>La industria de los recubrimientos industriales protectores desde hace mucho tiempo reconoci\u00f3 la relevancia de la hondura del perfil de la \u00e1rea (generado por la limpieza abrasiva y ciertas herramientas el\u00e9ctricas) como medio para aumentar el \u00e1rea superficial y progresar la adhesi\u00f3n del revestimiento al sustrato subyacente.<\/p>\n","protected":false},"featured_media":8637,"comment_status":"open","ping_status":"closed","template":"","meta":{"_joinchat":[]},"product_brand":[],"product_cat":[115],"product_tag":[],"class_list":{"0":"post-8636","1":"product","2":"type-product","3":"status-publish","4":"has-post-thumbnail","6":"product_cat-medidores-de-perfil-de-anclaje","8":"first","9":"instock","10":"shipping-taxable","11":"product-type-simple"},"yoast_head":"<!-- This site is optimized with the Yoast SEO plugin v26.4 - https:\/\/yoast.com\/wordpress\/plugins\/seo\/ -->\n<title>Medidor de perfil de Anclaje con linterna - KTALS - Abaa tienda online<\/title>\n<meta name=\"robots\" content=\"index, follow, max-snippet:-1, max-image-preview:large, max-video-preview:-1\" \/>\n<link rel=\"canonical\" href=\"https:\/\/abaa.mx\/tienda\/medidor-de-perfil-de-anclaje-con-linterna-ktals\/\" \/>\n<meta property=\"og:locale\" content=\"es_MX\" \/>\n<meta property=\"og:type\" content=\"article\" \/>\n<meta property=\"og:title\" content=\"Medidor de perfil de Anclaje con linterna - KTALS - Abaa tienda online\" \/>\n<meta property=\"og:description\" content=\"El Comparador de perfil de anclaje modelo DF-KTA cumple con los requerimientos de los est\u00e1ndares ASTM D-4417 M\u00e9todos de Prueba de Campo para Medir el Perfil de la Superficie de Acero Limpiado a Presi\u00f3n con Abrasivo (Test Methods for Measuring Surface Profile of Abrasive Blast Cleaned Steel), que describe tres m\u00e9todos para cuantificar la hondura del perfil de la superficie generado en un sustrato de acero (comparadores visuales, micr\u00f3metros de profundidad y cinta de r\u00e9plica).  La industria de los recubrimientos industriales protectores desde hace mucho tiempo reconoci\u00f3 la relevancia de la hondura del perfil de la \u00e1rea (generado por la limpieza abrasiva y ciertas herramientas el\u00e9ctricas) como medio para aumentar el \u00e1rea superficial y progresar la adhesi\u00f3n del revestimiento al sustrato subyacente.\" \/>\n<meta property=\"og:url\" content=\"https:\/\/abaa.mx\/tienda\/medidor-de-perfil-de-anclaje-con-linterna-ktals\/\" \/>\n<meta property=\"og:site_name\" content=\"Abaa tienda online\" \/>\n<meta property=\"article:modified_time\" content=\"2023-11-08T18:54:58+00:00\" \/>\n<meta property=\"og:image\" content=\"https:\/\/abaa.mx\/tienda\/wp-content\/uploads\/2023\/11\/KEANE-TATOR-KTALS.jpg\" \/>\n\t<meta property=\"og:image:width\" content=\"442\" \/>\n\t<meta property=\"og:image:height\" content=\"475\" \/>\n\t<meta property=\"og:image:type\" content=\"image\/jpeg\" \/>\n<meta name=\"twitter:card\" content=\"summary_large_image\" \/>\n<meta name=\"twitter:label1\" content=\"Tiempo de lectura\" \/>\n\t<meta name=\"twitter:data1\" content=\"1 minuto\" \/>\n<script type=\"application\/ld+json\" class=\"yoast-schema-graph\">{\"@context\":\"https:\/\/schema.org\",\"@graph\":[{\"@type\":\"WebPage\",\"@id\":\"https:\/\/abaa.mx\/tienda\/medidor-de-perfil-de-anclaje-con-linterna-ktals\/\",\"url\":\"https:\/\/abaa.mx\/tienda\/medidor-de-perfil-de-anclaje-con-linterna-ktals\/\",\"name\":\"Medidor de perfil de Anclaje con linterna - KTALS - Abaa tienda online\",\"isPartOf\":{\"@id\":\"https:\/\/abaa.mx\/tienda\/#website\"},\"primaryImageOfPage\":{\"@id\":\"https:\/\/abaa.mx\/tienda\/medidor-de-perfil-de-anclaje-con-linterna-ktals\/#primaryimage\"},\"image\":{\"@id\":\"https:\/\/abaa.mx\/tienda\/medidor-de-perfil-de-anclaje-con-linterna-ktals\/#primaryimage\"},\"thumbnailUrl\":\"https:\/\/abaa.mx\/tienda\/wp-content\/uploads\/2023\/11\/KEANE-TATOR-KTALS.jpg\",\"datePublished\":\"2023-11-08T18:54:57+00:00\",\"dateModified\":\"2023-11-08T18:54:58+00:00\",\"breadcrumb\":{\"@id\":\"https:\/\/abaa.mx\/tienda\/medidor-de-perfil-de-anclaje-con-linterna-ktals\/#breadcrumb\"},\"inLanguage\":\"es\",\"potentialAction\":[{\"@type\":\"ReadAction\",\"target\":[\"https:\/\/abaa.mx\/tienda\/medidor-de-perfil-de-anclaje-con-linterna-ktals\/\"]}]},{\"@type\":\"ImageObject\",\"inLanguage\":\"es\",\"@id\":\"https:\/\/abaa.mx\/tienda\/medidor-de-perfil-de-anclaje-con-linterna-ktals\/#primaryimage\",\"url\":\"https:\/\/abaa.mx\/tienda\/wp-content\/uploads\/2023\/11\/KEANE-TATOR-KTALS.jpg\",\"contentUrl\":\"https:\/\/abaa.mx\/tienda\/wp-content\/uploads\/2023\/11\/KEANE-TATOR-KTALS.jpg\",\"width\":442,\"height\":475,\"caption\":\"KEANE TATOR-KTALS\"},{\"@type\":\"BreadcrumbList\",\"@id\":\"https:\/\/abaa.mx\/tienda\/medidor-de-perfil-de-anclaje-con-linterna-ktals\/#breadcrumb\",\"itemListElement\":[{\"@type\":\"ListItem\",\"position\":1,\"name\":\"Inicio\",\"item\":\"https:\/\/abaa.mx\/tienda\/\"},{\"@type\":\"ListItem\",\"position\":2,\"name\":\"Tienda\",\"item\":\"https:\/\/abaa.mx\/tienda\/\"},{\"@type\":\"ListItem\",\"position\":3,\"name\":\"Medidor de perfil de Anclaje con linterna &#8211; KTALS\"}]},{\"@type\":\"WebSite\",\"@id\":\"https:\/\/abaa.mx\/tienda\/#website\",\"url\":\"https:\/\/abaa.mx\/tienda\/\",\"name\":\"Abaa tienda online\",\"description\":\"Instrumentos de medici\u00f3n\",\"publisher\":{\"@id\":\"https:\/\/abaa.mx\/tienda\/#organization\"},\"potentialAction\":[{\"@type\":\"SearchAction\",\"target\":{\"@type\":\"EntryPoint\",\"urlTemplate\":\"https:\/\/abaa.mx\/tienda\/?s={search_term_string}\"},\"query-input\":{\"@type\":\"PropertyValueSpecification\",\"valueRequired\":true,\"valueName\":\"search_term_string\"}}],\"inLanguage\":\"es\"},{\"@type\":\"Organization\",\"@id\":\"https:\/\/abaa.mx\/tienda\/#organization\",\"name\":\"Abaa tienda online\",\"url\":\"https:\/\/abaa.mx\/tienda\/\",\"logo\":{\"@type\":\"ImageObject\",\"inLanguage\":\"es\",\"@id\":\"https:\/\/abaa.mx\/tienda\/#\/schema\/logo\/image\/\",\"url\":\"https:\/\/abaa.mx\/tienda\/wp-content\/uploads\/2024\/01\/abaa-metrologia-tienda.png\",\"contentUrl\":\"https:\/\/abaa.mx\/tienda\/wp-content\/uploads\/2024\/01\/abaa-metrologia-tienda.png\",\"width\":300,\"height\":141,\"caption\":\"Abaa tienda online\"},\"image\":{\"@id\":\"https:\/\/abaa.mx\/tienda\/#\/schema\/logo\/image\/\"}}]}<\/script>\n<!-- \/ Yoast SEO plugin. -->","yoast_head_json":{"title":"Medidor de perfil de Anclaje con linterna - KTALS - Abaa tienda online","robots":{"index":"index","follow":"follow","max-snippet":"max-snippet:-1","max-image-preview":"max-image-preview:large","max-video-preview":"max-video-preview:-1"},"canonical":"https:\/\/abaa.mx\/tienda\/medidor-de-perfil-de-anclaje-con-linterna-ktals\/","og_locale":"es_MX","og_type":"article","og_title":"Medidor de perfil de Anclaje con linterna - KTALS - Abaa tienda online","og_description":"El Comparador de perfil de anclaje modelo DF-KTA cumple con los requerimientos de los est\u00e1ndares ASTM D-4417 M\u00e9todos de Prueba de Campo para Medir el Perfil de la Superficie de Acero Limpiado a Presi\u00f3n con Abrasivo (Test Methods for Measuring Surface Profile of Abrasive Blast Cleaned Steel), que describe tres m\u00e9todos para cuantificar la hondura del perfil de la superficie generado en un sustrato de acero (comparadores visuales, micr\u00f3metros de profundidad y cinta de r\u00e9plica).  La industria de los recubrimientos industriales protectores desde hace mucho tiempo reconoci\u00f3 la relevancia de la hondura del perfil de la \u00e1rea (generado por la limpieza abrasiva y ciertas herramientas el\u00e9ctricas) como medio para aumentar el \u00e1rea superficial y progresar la adhesi\u00f3n del revestimiento al sustrato subyacente.","og_url":"https:\/\/abaa.mx\/tienda\/medidor-de-perfil-de-anclaje-con-linterna-ktals\/","og_site_name":"Abaa tienda online","article_modified_time":"2023-11-08T18:54:58+00:00","og_image":[{"width":442,"height":475,"url":"https:\/\/abaa.mx\/tienda\/wp-content\/uploads\/2023\/11\/KEANE-TATOR-KTALS.jpg","type":"image\/jpeg"}],"twitter_card":"summary_large_image","twitter_misc":{"Tiempo de lectura":"1 minuto"},"schema":{"@context":"https:\/\/schema.org","@graph":[{"@type":"WebPage","@id":"https:\/\/abaa.mx\/tienda\/medidor-de-perfil-de-anclaje-con-linterna-ktals\/","url":"https:\/\/abaa.mx\/tienda\/medidor-de-perfil-de-anclaje-con-linterna-ktals\/","name":"Medidor de perfil de Anclaje con linterna - KTALS - Abaa tienda online","isPartOf":{"@id":"https:\/\/abaa.mx\/tienda\/#website"},"primaryImageOfPage":{"@id":"https:\/\/abaa.mx\/tienda\/medidor-de-perfil-de-anclaje-con-linterna-ktals\/#primaryimage"},"image":{"@id":"https:\/\/abaa.mx\/tienda\/medidor-de-perfil-de-anclaje-con-linterna-ktals\/#primaryimage"},"thumbnailUrl":"https:\/\/abaa.mx\/tienda\/wp-content\/uploads\/2023\/11\/KEANE-TATOR-KTALS.jpg","datePublished":"2023-11-08T18:54:57+00:00","dateModified":"2023-11-08T18:54:58+00:00","breadcrumb":{"@id":"https:\/\/abaa.mx\/tienda\/medidor-de-perfil-de-anclaje-con-linterna-ktals\/#breadcrumb"},"inLanguage":"es","potentialAction":[{"@type":"ReadAction","target":["https:\/\/abaa.mx\/tienda\/medidor-de-perfil-de-anclaje-con-linterna-ktals\/"]}]},{"@type":"ImageObject","inLanguage":"es","@id":"https:\/\/abaa.mx\/tienda\/medidor-de-perfil-de-anclaje-con-linterna-ktals\/#primaryimage","url":"https:\/\/abaa.mx\/tienda\/wp-content\/uploads\/2023\/11\/KEANE-TATOR-KTALS.jpg","contentUrl":"https:\/\/abaa.mx\/tienda\/wp-content\/uploads\/2023\/11\/KEANE-TATOR-KTALS.jpg","width":442,"height":475,"caption":"KEANE TATOR-KTALS"},{"@type":"BreadcrumbList","@id":"https:\/\/abaa.mx\/tienda\/medidor-de-perfil-de-anclaje-con-linterna-ktals\/#breadcrumb","itemListElement":[{"@type":"ListItem","position":1,"name":"Inicio","item":"https:\/\/abaa.mx\/tienda\/"},{"@type":"ListItem","position":2,"name":"Tienda","item":"https:\/\/abaa.mx\/tienda\/"},{"@type":"ListItem","position":3,"name":"Medidor de perfil de Anclaje con linterna &#8211; KTALS"}]},{"@type":"WebSite","@id":"https:\/\/abaa.mx\/tienda\/#website","url":"https:\/\/abaa.mx\/tienda\/","name":"Abaa tienda online","description":"Instrumentos de medici\u00f3n","publisher":{"@id":"https:\/\/abaa.mx\/tienda\/#organization"},"potentialAction":[{"@type":"SearchAction","target":{"@type":"EntryPoint","urlTemplate":"https:\/\/abaa.mx\/tienda\/?s={search_term_string}"},"query-input":{"@type":"PropertyValueSpecification","valueRequired":true,"valueName":"search_term_string"}}],"inLanguage":"es"},{"@type":"Organization","@id":"https:\/\/abaa.mx\/tienda\/#organization","name":"Abaa tienda online","url":"https:\/\/abaa.mx\/tienda\/","logo":{"@type":"ImageObject","inLanguage":"es","@id":"https:\/\/abaa.mx\/tienda\/#\/schema\/logo\/image\/","url":"https:\/\/abaa.mx\/tienda\/wp-content\/uploads\/2024\/01\/abaa-metrologia-tienda.png","contentUrl":"https:\/\/abaa.mx\/tienda\/wp-content\/uploads\/2024\/01\/abaa-metrologia-tienda.png","width":300,"height":141,"caption":"Abaa tienda online"},"image":{"@id":"https:\/\/abaa.mx\/tienda\/#\/schema\/logo\/image\/"}}]}},"_links":{"self":[{"href":"https:\/\/abaa.mx\/tienda\/wp-json\/wp\/v2\/product\/8636","targetHints":{"allow":["GET"]}}],"collection":[{"href":"https:\/\/abaa.mx\/tienda\/wp-json\/wp\/v2\/product"}],"about":[{"href":"https:\/\/abaa.mx\/tienda\/wp-json\/wp\/v2\/types\/product"}],"replies":[{"embeddable":true,"href":"https:\/\/abaa.mx\/tienda\/wp-json\/wp\/v2\/comments?post=8636"}],"wp:featuredmedia":[{"embeddable":true,"href":"https:\/\/abaa.mx\/tienda\/wp-json\/wp\/v2\/media\/8637"}],"wp:attachment":[{"href":"https:\/\/abaa.mx\/tienda\/wp-json\/wp\/v2\/media?parent=8636"}],"wp:term":[{"taxonomy":"product_brand","embeddable":true,"href":"https:\/\/abaa.mx\/tienda\/wp-json\/wp\/v2\/product_brand?post=8636"},{"taxonomy":"product_cat","embeddable":true,"href":"https:\/\/abaa.mx\/tienda\/wp-json\/wp\/v2\/product_cat?post=8636"},{"taxonomy":"product_tag","embeddable":true,"href":"https:\/\/abaa.mx\/tienda\/wp-json\/wp\/v2\/product_tag?post=8636"}],"curies":[{"name":"wp","href":"https:\/\/api.w.org\/{rel}","templated":true}]}}