{"id":8634,"date":"2023-11-08T18:23:09","date_gmt":"2023-11-08T18:23:09","guid":{"rendered":"https:\/\/abaa.mx\/tienda\/?post_type=product&#038;p=8634"},"modified":"2023-11-08T18:23:10","modified_gmt":"2023-11-08T18:23:10","slug":"medidor-de-cloruro-y-sales-solubles-sp7310","status":"publish","type":"product","link":"https:\/\/abaa.mx\/tienda\/medidor-de-cloruro-y-sales-solubles-sp7310\/","title":{"rendered":"Medidor de cloruro y sales solubles &#8211; SP7310"},"content":{"rendered":"<p>Medidor de cloruro y sales solubles &#8211; SP7310.<\/p>\n","protected":false},"excerpt":{"rendered":"<p><b>Medidor de Cloruro y Sales Solubles<\/b> :<\/p>\n<p>Kit de ensayo de cloruros cumple con los est\u00e1ndares ISO 8502-6 e ISO 8502-9 que describen el m\u00e9todo Bresle para valorar el nivel de sales solubles usando un parche o muestreador Bresle, agua destilada y un medidor de conductividad. La conductividad es, principalmente , directamente proporcional a la concentraci\u00f3n de iones de cloruro disueltos en la soluci\u00f3n.<\/p>\n<p><b>Caracter\u00edsticas principales:<\/b><\/p>\n<p>El kit incluye el aparato preciso para efectuar un test de Bresle, el que servir\u00e1 para se\u00f1alar el nivel de poluci\u00f3n por sales solubles en superficies limpiadas a alta presi\u00f3n, antes de utilizar el revestimiento. En el kit asimismo est\u00e1 incluyendo un medidor de conductividad para valorar iones de sales solubles, tales como cloruros, sulfatos y nitratos.<\/p>\n<p><b>Aplicaciones:<\/b><\/p>\n<ul>\n<li>Evaluaci\u00f3n de contaminaci\u00f3n de superficies en embarcaciones sometidas a trabajos de mantenimiento y restauraci\u00f3n.<\/li>\n<li>Evaluaci\u00f3n de limpiezas en superficies de acero preparadas en zonas selv\u00e1ticas tropicales.<\/li>\n<li>Evaluaci\u00f3n de superficies sand-blasteadas en zonas marinas donde la presencia de sales y cloruros es invisible para el ojo humano.<\/li>\n<li>Para prevenir la oxidaci\u00f3n bajo recubrimiento debe detectar menos de 20 mg de cloruro de sodio por metro cuadrado para garantizar una limpieza libre de sales seg\u00fan reglamento de la IMO PSPC.<\/li>\n<\/ul>\n","protected":false},"featured_media":8635,"comment_status":"open","ping_status":"closed","template":"","meta":{"_joinchat":[]},"product_brand":[],"product_cat":[115],"product_tag":[],"class_list":{"0":"post-8634","1":"product","2":"type-product","3":"status-publish","4":"has-post-thumbnail","6":"product_cat-medidores-de-perfil-de-anclaje","8":"first","9":"instock","10":"shipping-taxable","11":"product-type-simple"},"yoast_head":"<!-- This site is optimized with the Yoast SEO plugin v26.4 - https:\/\/yoast.com\/wordpress\/plugins\/seo\/ -->\n<title>Medidor de cloruro y sales solubles - SP7310 - Abaa tienda online<\/title>\n<meta name=\"robots\" content=\"index, follow, max-snippet:-1, max-image-preview:large, max-video-preview:-1\" \/>\n<link rel=\"canonical\" href=\"https:\/\/abaa.mx\/tienda\/medidor-de-cloruro-y-sales-solubles-sp7310\/\" \/>\n<meta property=\"og:locale\" content=\"es_MX\" \/>\n<meta property=\"og:type\" content=\"article\" \/>\n<meta property=\"og:title\" content=\"Medidor de cloruro y sales solubles - SP7310 - Abaa tienda online\" \/>\n<meta property=\"og:description\" content=\"Medidor de Cloruro y Sales Solubles :  Kit de ensayo de cloruros cumple con los est\u00e1ndares ISO 8502-6 e ISO 8502-9 que describen el m\u00e9todo Bresle para valorar el nivel de sales solubles usando un parche o muestreador Bresle, agua destilada y un medidor de conductividad. La conductividad es, principalmente , directamente proporcional a la concentraci\u00f3n de iones de cloruro disueltos en la soluci\u00f3n.  Caracter\u00edsticas principales:  El kit incluye el aparato preciso para efectuar un test de Bresle, el que servir\u00e1 para se\u00f1alar el nivel de poluci\u00f3n por sales solubles en superficies limpiadas a alta presi\u00f3n, antes de utilizar el revestimiento. En el kit asimismo est\u00e1 incluyendo un medidor de conductividad para valorar iones de sales solubles, tales como cloruros, sulfatos y nitratos.  Aplicaciones:   Evaluaci\u00f3n de contaminaci\u00f3n de superficies en embarcaciones sometidas a trabajos de mantenimiento y restauraci\u00f3n.  Evaluaci\u00f3n de limpiezas en superficies de acero preparadas en zonas selv\u00e1ticas tropicales.  Evaluaci\u00f3n de superficies sand-blasteadas en zonas marinas donde la presencia de sales y cloruros es invisible para el ojo humano.  Para prevenir la oxidaci\u00f3n bajo recubrimiento debe detectar menos de 20 mg de cloruro de sodio por metro cuadrado para garantizar una limpieza libre de sales seg\u00fan reglamento de la IMO PSPC.\" \/>\n<meta property=\"og:url\" content=\"https:\/\/abaa.mx\/tienda\/medidor-de-cloruro-y-sales-solubles-sp7310\/\" \/>\n<meta property=\"og:site_name\" content=\"Abaa tienda online\" \/>\n<meta property=\"article:modified_time\" content=\"2023-11-08T18:23:10+00:00\" \/>\n<meta property=\"og:image\" content=\"https:\/\/abaa.mx\/tienda\/wp-content\/uploads\/2023\/11\/TQC-SP7310.jpg\" \/>\n\t<meta property=\"og:image:width\" content=\"595\" \/>\n\t<meta property=\"og:image:height\" content=\"357\" \/>\n\t<meta property=\"og:image:type\" content=\"image\/jpeg\" \/>\n<meta name=\"twitter:card\" content=\"summary_large_image\" \/>\n<meta name=\"twitter:label1\" content=\"Tiempo de lectura\" \/>\n\t<meta name=\"twitter:data1\" content=\"1 minuto\" \/>\n<script type=\"application\/ld+json\" class=\"yoast-schema-graph\">{\"@context\":\"https:\/\/schema.org\",\"@graph\":[{\"@type\":\"WebPage\",\"@id\":\"https:\/\/abaa.mx\/tienda\/medidor-de-cloruro-y-sales-solubles-sp7310\/\",\"url\":\"https:\/\/abaa.mx\/tienda\/medidor-de-cloruro-y-sales-solubles-sp7310\/\",\"name\":\"Medidor de cloruro y sales solubles - SP7310 - Abaa tienda online\",\"isPartOf\":{\"@id\":\"https:\/\/abaa.mx\/tienda\/#website\"},\"primaryImageOfPage\":{\"@id\":\"https:\/\/abaa.mx\/tienda\/medidor-de-cloruro-y-sales-solubles-sp7310\/#primaryimage\"},\"image\":{\"@id\":\"https:\/\/abaa.mx\/tienda\/medidor-de-cloruro-y-sales-solubles-sp7310\/#primaryimage\"},\"thumbnailUrl\":\"https:\/\/abaa.mx\/tienda\/wp-content\/uploads\/2023\/11\/TQC-SP7310.jpg\",\"datePublished\":\"2023-11-08T18:23:09+00:00\",\"dateModified\":\"2023-11-08T18:23:10+00:00\",\"breadcrumb\":{\"@id\":\"https:\/\/abaa.mx\/tienda\/medidor-de-cloruro-y-sales-solubles-sp7310\/#breadcrumb\"},\"inLanguage\":\"es\",\"potentialAction\":[{\"@type\":\"ReadAction\",\"target\":[\"https:\/\/abaa.mx\/tienda\/medidor-de-cloruro-y-sales-solubles-sp7310\/\"]}]},{\"@type\":\"ImageObject\",\"inLanguage\":\"es\",\"@id\":\"https:\/\/abaa.mx\/tienda\/medidor-de-cloruro-y-sales-solubles-sp7310\/#primaryimage\",\"url\":\"https:\/\/abaa.mx\/tienda\/wp-content\/uploads\/2023\/11\/TQC-SP7310.jpg\",\"contentUrl\":\"https:\/\/abaa.mx\/tienda\/wp-content\/uploads\/2023\/11\/TQC-SP7310.jpg\",\"width\":595,\"height\":357,\"caption\":\"TQC-SP7310\"},{\"@type\":\"BreadcrumbList\",\"@id\":\"https:\/\/abaa.mx\/tienda\/medidor-de-cloruro-y-sales-solubles-sp7310\/#breadcrumb\",\"itemListElement\":[{\"@type\":\"ListItem\",\"position\":1,\"name\":\"Inicio\",\"item\":\"https:\/\/abaa.mx\/tienda\/\"},{\"@type\":\"ListItem\",\"position\":2,\"name\":\"Tienda\",\"item\":\"https:\/\/abaa.mx\/tienda\/\"},{\"@type\":\"ListItem\",\"position\":3,\"name\":\"Medidor de cloruro y sales solubles &#8211; SP7310\"}]},{\"@type\":\"WebSite\",\"@id\":\"https:\/\/abaa.mx\/tienda\/#website\",\"url\":\"https:\/\/abaa.mx\/tienda\/\",\"name\":\"Abaa tienda online\",\"description\":\"Instrumentos de medici\u00f3n\",\"publisher\":{\"@id\":\"https:\/\/abaa.mx\/tienda\/#organization\"},\"potentialAction\":[{\"@type\":\"SearchAction\",\"target\":{\"@type\":\"EntryPoint\",\"urlTemplate\":\"https:\/\/abaa.mx\/tienda\/?s={search_term_string}\"},\"query-input\":{\"@type\":\"PropertyValueSpecification\",\"valueRequired\":true,\"valueName\":\"search_term_string\"}}],\"inLanguage\":\"es\"},{\"@type\":\"Organization\",\"@id\":\"https:\/\/abaa.mx\/tienda\/#organization\",\"name\":\"Abaa tienda online\",\"url\":\"https:\/\/abaa.mx\/tienda\/\",\"logo\":{\"@type\":\"ImageObject\",\"inLanguage\":\"es\",\"@id\":\"https:\/\/abaa.mx\/tienda\/#\/schema\/logo\/image\/\",\"url\":\"https:\/\/abaa.mx\/tienda\/wp-content\/uploads\/2024\/01\/abaa-metrologia-tienda.png\",\"contentUrl\":\"https:\/\/abaa.mx\/tienda\/wp-content\/uploads\/2024\/01\/abaa-metrologia-tienda.png\",\"width\":300,\"height\":141,\"caption\":\"Abaa tienda online\"},\"image\":{\"@id\":\"https:\/\/abaa.mx\/tienda\/#\/schema\/logo\/image\/\"}}]}<\/script>\n<!-- \/ Yoast SEO plugin. -->","yoast_head_json":{"title":"Medidor de cloruro y sales solubles - SP7310 - Abaa tienda online","robots":{"index":"index","follow":"follow","max-snippet":"max-snippet:-1","max-image-preview":"max-image-preview:large","max-video-preview":"max-video-preview:-1"},"canonical":"https:\/\/abaa.mx\/tienda\/medidor-de-cloruro-y-sales-solubles-sp7310\/","og_locale":"es_MX","og_type":"article","og_title":"Medidor de cloruro y sales solubles - SP7310 - Abaa tienda online","og_description":"Medidor de Cloruro y Sales Solubles :  Kit de ensayo de cloruros cumple con los est\u00e1ndares ISO 8502-6 e ISO 8502-9 que describen el m\u00e9todo Bresle para valorar el nivel de sales solubles usando un parche o muestreador Bresle, agua destilada y un medidor de conductividad. La conductividad es, principalmente , directamente proporcional a la concentraci\u00f3n de iones de cloruro disueltos en la soluci\u00f3n.  Caracter\u00edsticas principales:  El kit incluye el aparato preciso para efectuar un test de Bresle, el que servir\u00e1 para se\u00f1alar el nivel de poluci\u00f3n por sales solubles en superficies limpiadas a alta presi\u00f3n, antes de utilizar el revestimiento. En el kit asimismo est\u00e1 incluyendo un medidor de conductividad para valorar iones de sales solubles, tales como cloruros, sulfatos y nitratos.  Aplicaciones:   Evaluaci\u00f3n de contaminaci\u00f3n de superficies en embarcaciones sometidas a trabajos de mantenimiento y restauraci\u00f3n.  Evaluaci\u00f3n de limpiezas en superficies de acero preparadas en zonas selv\u00e1ticas tropicales.  Evaluaci\u00f3n de superficies sand-blasteadas en zonas marinas donde la presencia de sales y cloruros es invisible para el ojo humano.  Para prevenir la oxidaci\u00f3n bajo recubrimiento debe detectar menos de 20 mg de cloruro de sodio por metro cuadrado para garantizar una limpieza libre de sales seg\u00fan reglamento de la IMO PSPC.","og_url":"https:\/\/abaa.mx\/tienda\/medidor-de-cloruro-y-sales-solubles-sp7310\/","og_site_name":"Abaa tienda online","article_modified_time":"2023-11-08T18:23:10+00:00","og_image":[{"width":595,"height":357,"url":"https:\/\/abaa.mx\/tienda\/wp-content\/uploads\/2023\/11\/TQC-SP7310.jpg","type":"image\/jpeg"}],"twitter_card":"summary_large_image","twitter_misc":{"Tiempo de lectura":"1 minuto"},"schema":{"@context":"https:\/\/schema.org","@graph":[{"@type":"WebPage","@id":"https:\/\/abaa.mx\/tienda\/medidor-de-cloruro-y-sales-solubles-sp7310\/","url":"https:\/\/abaa.mx\/tienda\/medidor-de-cloruro-y-sales-solubles-sp7310\/","name":"Medidor de cloruro y sales solubles - SP7310 - Abaa tienda online","isPartOf":{"@id":"https:\/\/abaa.mx\/tienda\/#website"},"primaryImageOfPage":{"@id":"https:\/\/abaa.mx\/tienda\/medidor-de-cloruro-y-sales-solubles-sp7310\/#primaryimage"},"image":{"@id":"https:\/\/abaa.mx\/tienda\/medidor-de-cloruro-y-sales-solubles-sp7310\/#primaryimage"},"thumbnailUrl":"https:\/\/abaa.mx\/tienda\/wp-content\/uploads\/2023\/11\/TQC-SP7310.jpg","datePublished":"2023-11-08T18:23:09+00:00","dateModified":"2023-11-08T18:23:10+00:00","breadcrumb":{"@id":"https:\/\/abaa.mx\/tienda\/medidor-de-cloruro-y-sales-solubles-sp7310\/#breadcrumb"},"inLanguage":"es","potentialAction":[{"@type":"ReadAction","target":["https:\/\/abaa.mx\/tienda\/medidor-de-cloruro-y-sales-solubles-sp7310\/"]}]},{"@type":"ImageObject","inLanguage":"es","@id":"https:\/\/abaa.mx\/tienda\/medidor-de-cloruro-y-sales-solubles-sp7310\/#primaryimage","url":"https:\/\/abaa.mx\/tienda\/wp-content\/uploads\/2023\/11\/TQC-SP7310.jpg","contentUrl":"https:\/\/abaa.mx\/tienda\/wp-content\/uploads\/2023\/11\/TQC-SP7310.jpg","width":595,"height":357,"caption":"TQC-SP7310"},{"@type":"BreadcrumbList","@id":"https:\/\/abaa.mx\/tienda\/medidor-de-cloruro-y-sales-solubles-sp7310\/#breadcrumb","itemListElement":[{"@type":"ListItem","position":1,"name":"Inicio","item":"https:\/\/abaa.mx\/tienda\/"},{"@type":"ListItem","position":2,"name":"Tienda","item":"https:\/\/abaa.mx\/tienda\/"},{"@type":"ListItem","position":3,"name":"Medidor de cloruro y sales solubles &#8211; SP7310"}]},{"@type":"WebSite","@id":"https:\/\/abaa.mx\/tienda\/#website","url":"https:\/\/abaa.mx\/tienda\/","name":"Abaa tienda online","description":"Instrumentos de medici\u00f3n","publisher":{"@id":"https:\/\/abaa.mx\/tienda\/#organization"},"potentialAction":[{"@type":"SearchAction","target":{"@type":"EntryPoint","urlTemplate":"https:\/\/abaa.mx\/tienda\/?s={search_term_string}"},"query-input":{"@type":"PropertyValueSpecification","valueRequired":true,"valueName":"search_term_string"}}],"inLanguage":"es"},{"@type":"Organization","@id":"https:\/\/abaa.mx\/tienda\/#organization","name":"Abaa tienda online","url":"https:\/\/abaa.mx\/tienda\/","logo":{"@type":"ImageObject","inLanguage":"es","@id":"https:\/\/abaa.mx\/tienda\/#\/schema\/logo\/image\/","url":"https:\/\/abaa.mx\/tienda\/wp-content\/uploads\/2024\/01\/abaa-metrologia-tienda.png","contentUrl":"https:\/\/abaa.mx\/tienda\/wp-content\/uploads\/2024\/01\/abaa-metrologia-tienda.png","width":300,"height":141,"caption":"Abaa tienda online"},"image":{"@id":"https:\/\/abaa.mx\/tienda\/#\/schema\/logo\/image\/"}}]}},"_links":{"self":[{"href":"https:\/\/abaa.mx\/tienda\/wp-json\/wp\/v2\/product\/8634","targetHints":{"allow":["GET"]}}],"collection":[{"href":"https:\/\/abaa.mx\/tienda\/wp-json\/wp\/v2\/product"}],"about":[{"href":"https:\/\/abaa.mx\/tienda\/wp-json\/wp\/v2\/types\/product"}],"replies":[{"embeddable":true,"href":"https:\/\/abaa.mx\/tienda\/wp-json\/wp\/v2\/comments?post=8634"}],"wp:featuredmedia":[{"embeddable":true,"href":"https:\/\/abaa.mx\/tienda\/wp-json\/wp\/v2\/media\/8635"}],"wp:attachment":[{"href":"https:\/\/abaa.mx\/tienda\/wp-json\/wp\/v2\/media?parent=8634"}],"wp:term":[{"taxonomy":"product_brand","embeddable":true,"href":"https:\/\/abaa.mx\/tienda\/wp-json\/wp\/v2\/product_brand?post=8634"},{"taxonomy":"product_cat","embeddable":true,"href":"https:\/\/abaa.mx\/tienda\/wp-json\/wp\/v2\/product_cat?post=8634"},{"taxonomy":"product_tag","embeddable":true,"href":"https:\/\/abaa.mx\/tienda\/wp-json\/wp\/v2\/product_tag?post=8634"}],"curies":[{"name":"wp","href":"https:\/\/api.w.org\/{rel}","templated":true}]}}