{"id":8631,"date":"2023-11-08T15:52:29","date_gmt":"2023-11-08T15:52:29","guid":{"rendered":"https:\/\/abaa.mx\/tienda\/?post_type=product&#038;p=8631"},"modified":"2023-11-08T15:52:29","modified_gmt":"2023-11-08T15:52:29","slug":"medidor-de-humedad-de-mesa-granos-y-semillas-gmm","status":"publish","type":"product","link":"https:\/\/abaa.mx\/tienda\/medidor-de-humedad-de-mesa-granos-y-semillas-gmm\/","title":{"rendered":"Medidor de Humedad de Mesa, Granos y Semillas &#8211; GMM"},"content":{"rendered":"<p>Medidor de Humedad de Mesa, Granos y Semillas &#8211; GMM.<\/p>\n","protected":false},"excerpt":{"rendered":"<p><strong>Con su asistencia mejorar\u00e1 la rentabilidad de sus cosechas:<\/strong><\/p>\n<ul>\n<li>conocer\u00e1 la excelencia de sus granos.<\/li>\n<li>ahorrar\u00e1 el tiempo y el dinero del descuento durante la venta.<\/li>\n<li>reducir\u00e1 el peligro de recalentamiento del grano en los silos y la aparici\u00f3n de moho.<\/li>\n<li>va a poder almacenar el grano de forma segura a lo largo de un buen tiempo.<\/li>\n<li>va a poder controlar la humedad de los cereales antes de ponerlos a la venta.<\/li>\n<\/ul>\n","protected":false},"featured_media":8632,"comment_status":"open","ping_status":"closed","template":"","meta":{"_joinchat":[]},"product_brand":[],"product_cat":[114],"product_tag":[],"class_list":{"0":"post-8631","1":"product","2":"type-product","3":"status-publish","4":"has-post-thumbnail","6":"product_cat-medidor-de-humedad-en-materiales","8":"first","9":"instock","10":"shipping-taxable","11":"product-type-simple"},"yoast_head":"<!-- This site is optimized with the Yoast SEO plugin v26.4 - https:\/\/yoast.com\/wordpress\/plugins\/seo\/ -->\n<title>Medidor de Humedad de Mesa, Granos y Semillas - GMM - Abaa tienda online<\/title>\n<meta name=\"robots\" content=\"index, follow, max-snippet:-1, max-image-preview:large, max-video-preview:-1\" \/>\n<link rel=\"canonical\" href=\"https:\/\/abaa.mx\/tienda\/medidor-de-humedad-de-mesa-granos-y-semillas-gmm\/\" \/>\n<meta property=\"og:locale\" content=\"es_MX\" \/>\n<meta property=\"og:type\" content=\"article\" \/>\n<meta property=\"og:title\" content=\"Medidor de Humedad de Mesa, Granos y Semillas - GMM - Abaa tienda online\" \/>\n<meta property=\"og:description\" content=\"Con su asistencia mejorar\u00e1 la rentabilidad de sus cosechas:   conocer\u00e1 la excelencia de sus granos.  ahorrar\u00e1 el tiempo y el dinero del descuento durante la venta.  reducir\u00e1 el peligro de recalentamiento del grano en los silos y la aparici\u00f3n de moho.  va a poder almacenar el grano de forma segura a lo largo de un buen tiempo.  va a poder controlar la humedad de los cereales antes de ponerlos a la venta.\" \/>\n<meta property=\"og:url\" content=\"https:\/\/abaa.mx\/tienda\/medidor-de-humedad-de-mesa-granos-y-semillas-gmm\/\" \/>\n<meta property=\"og:site_name\" content=\"Abaa tienda online\" \/>\n<meta property=\"og:image\" content=\"https:\/\/abaa.mx\/tienda\/wp-content\/uploads\/2023\/11\/DRAMINSKI-GMM.jpg\" \/>\n\t<meta property=\"og:image:width\" content=\"513\" \/>\n\t<meta property=\"og:image:height\" content=\"451\" \/>\n\t<meta property=\"og:image:type\" content=\"image\/jpeg\" \/>\n<meta name=\"twitter:card\" content=\"summary_large_image\" \/>\n<meta name=\"twitter:label1\" content=\"Tiempo de lectura\" \/>\n\t<meta name=\"twitter:data1\" content=\"1 minuto\" \/>\n<script type=\"application\/ld+json\" class=\"yoast-schema-graph\">{\"@context\":\"https:\/\/schema.org\",\"@graph\":[{\"@type\":\"WebPage\",\"@id\":\"https:\/\/abaa.mx\/tienda\/medidor-de-humedad-de-mesa-granos-y-semillas-gmm\/\",\"url\":\"https:\/\/abaa.mx\/tienda\/medidor-de-humedad-de-mesa-granos-y-semillas-gmm\/\",\"name\":\"Medidor de Humedad de Mesa, Granos y Semillas - GMM - Abaa tienda online\",\"isPartOf\":{\"@id\":\"https:\/\/abaa.mx\/tienda\/#website\"},\"primaryImageOfPage\":{\"@id\":\"https:\/\/abaa.mx\/tienda\/medidor-de-humedad-de-mesa-granos-y-semillas-gmm\/#primaryimage\"},\"image\":{\"@id\":\"https:\/\/abaa.mx\/tienda\/medidor-de-humedad-de-mesa-granos-y-semillas-gmm\/#primaryimage\"},\"thumbnailUrl\":\"https:\/\/abaa.mx\/tienda\/wp-content\/uploads\/2023\/11\/DRAMINSKI-GMM.jpg\",\"datePublished\":\"2023-11-08T15:52:29+00:00\",\"breadcrumb\":{\"@id\":\"https:\/\/abaa.mx\/tienda\/medidor-de-humedad-de-mesa-granos-y-semillas-gmm\/#breadcrumb\"},\"inLanguage\":\"es\",\"potentialAction\":[{\"@type\":\"ReadAction\",\"target\":[\"https:\/\/abaa.mx\/tienda\/medidor-de-humedad-de-mesa-granos-y-semillas-gmm\/\"]}]},{\"@type\":\"ImageObject\",\"inLanguage\":\"es\",\"@id\":\"https:\/\/abaa.mx\/tienda\/medidor-de-humedad-de-mesa-granos-y-semillas-gmm\/#primaryimage\",\"url\":\"https:\/\/abaa.mx\/tienda\/wp-content\/uploads\/2023\/11\/DRAMINSKI-GMM.jpg\",\"contentUrl\":\"https:\/\/abaa.mx\/tienda\/wp-content\/uploads\/2023\/11\/DRAMINSKI-GMM.jpg\",\"width\":513,\"height\":451,\"caption\":\"DRAMINSKI-GMM\"},{\"@type\":\"BreadcrumbList\",\"@id\":\"https:\/\/abaa.mx\/tienda\/medidor-de-humedad-de-mesa-granos-y-semillas-gmm\/#breadcrumb\",\"itemListElement\":[{\"@type\":\"ListItem\",\"position\":1,\"name\":\"Inicio\",\"item\":\"https:\/\/abaa.mx\/tienda\/\"},{\"@type\":\"ListItem\",\"position\":2,\"name\":\"Tienda\",\"item\":\"https:\/\/abaa.mx\/tienda\/\"},{\"@type\":\"ListItem\",\"position\":3,\"name\":\"Medidor de Humedad de Mesa, Granos y Semillas &#8211; GMM\"}]},{\"@type\":\"WebSite\",\"@id\":\"https:\/\/abaa.mx\/tienda\/#website\",\"url\":\"https:\/\/abaa.mx\/tienda\/\",\"name\":\"Abaa tienda online\",\"description\":\"Instrumentos de medici\u00f3n\",\"publisher\":{\"@id\":\"https:\/\/abaa.mx\/tienda\/#organization\"},\"potentialAction\":[{\"@type\":\"SearchAction\",\"target\":{\"@type\":\"EntryPoint\",\"urlTemplate\":\"https:\/\/abaa.mx\/tienda\/?s={search_term_string}\"},\"query-input\":{\"@type\":\"PropertyValueSpecification\",\"valueRequired\":true,\"valueName\":\"search_term_string\"}}],\"inLanguage\":\"es\"},{\"@type\":\"Organization\",\"@id\":\"https:\/\/abaa.mx\/tienda\/#organization\",\"name\":\"Abaa tienda online\",\"url\":\"https:\/\/abaa.mx\/tienda\/\",\"logo\":{\"@type\":\"ImageObject\",\"inLanguage\":\"es\",\"@id\":\"https:\/\/abaa.mx\/tienda\/#\/schema\/logo\/image\/\",\"url\":\"https:\/\/abaa.mx\/tienda\/wp-content\/uploads\/2024\/01\/abaa-metrologia-tienda.png\",\"contentUrl\":\"https:\/\/abaa.mx\/tienda\/wp-content\/uploads\/2024\/01\/abaa-metrologia-tienda.png\",\"width\":300,\"height\":141,\"caption\":\"Abaa tienda online\"},\"image\":{\"@id\":\"https:\/\/abaa.mx\/tienda\/#\/schema\/logo\/image\/\"}}]}<\/script>\n<!-- \/ Yoast SEO plugin. -->","yoast_head_json":{"title":"Medidor de Humedad de Mesa, Granos y Semillas - GMM - Abaa tienda online","robots":{"index":"index","follow":"follow","max-snippet":"max-snippet:-1","max-image-preview":"max-image-preview:large","max-video-preview":"max-video-preview:-1"},"canonical":"https:\/\/abaa.mx\/tienda\/medidor-de-humedad-de-mesa-granos-y-semillas-gmm\/","og_locale":"es_MX","og_type":"article","og_title":"Medidor de Humedad de Mesa, Granos y Semillas - GMM - Abaa tienda online","og_description":"Con su asistencia mejorar\u00e1 la rentabilidad de sus cosechas:   conocer\u00e1 la excelencia de sus granos.  ahorrar\u00e1 el tiempo y el dinero del descuento durante la venta.  reducir\u00e1 el peligro de recalentamiento del grano en los silos y la aparici\u00f3n de moho.  va a poder almacenar el grano de forma segura a lo largo de un buen tiempo.  va a poder controlar la humedad de los cereales antes de ponerlos a la venta.","og_url":"https:\/\/abaa.mx\/tienda\/medidor-de-humedad-de-mesa-granos-y-semillas-gmm\/","og_site_name":"Abaa tienda online","og_image":[{"width":513,"height":451,"url":"https:\/\/abaa.mx\/tienda\/wp-content\/uploads\/2023\/11\/DRAMINSKI-GMM.jpg","type":"image\/jpeg"}],"twitter_card":"summary_large_image","twitter_misc":{"Tiempo de lectura":"1 minuto"},"schema":{"@context":"https:\/\/schema.org","@graph":[{"@type":"WebPage","@id":"https:\/\/abaa.mx\/tienda\/medidor-de-humedad-de-mesa-granos-y-semillas-gmm\/","url":"https:\/\/abaa.mx\/tienda\/medidor-de-humedad-de-mesa-granos-y-semillas-gmm\/","name":"Medidor de Humedad de Mesa, Granos y Semillas - GMM - Abaa tienda online","isPartOf":{"@id":"https:\/\/abaa.mx\/tienda\/#website"},"primaryImageOfPage":{"@id":"https:\/\/abaa.mx\/tienda\/medidor-de-humedad-de-mesa-granos-y-semillas-gmm\/#primaryimage"},"image":{"@id":"https:\/\/abaa.mx\/tienda\/medidor-de-humedad-de-mesa-granos-y-semillas-gmm\/#primaryimage"},"thumbnailUrl":"https:\/\/abaa.mx\/tienda\/wp-content\/uploads\/2023\/11\/DRAMINSKI-GMM.jpg","datePublished":"2023-11-08T15:52:29+00:00","breadcrumb":{"@id":"https:\/\/abaa.mx\/tienda\/medidor-de-humedad-de-mesa-granos-y-semillas-gmm\/#breadcrumb"},"inLanguage":"es","potentialAction":[{"@type":"ReadAction","target":["https:\/\/abaa.mx\/tienda\/medidor-de-humedad-de-mesa-granos-y-semillas-gmm\/"]}]},{"@type":"ImageObject","inLanguage":"es","@id":"https:\/\/abaa.mx\/tienda\/medidor-de-humedad-de-mesa-granos-y-semillas-gmm\/#primaryimage","url":"https:\/\/abaa.mx\/tienda\/wp-content\/uploads\/2023\/11\/DRAMINSKI-GMM.jpg","contentUrl":"https:\/\/abaa.mx\/tienda\/wp-content\/uploads\/2023\/11\/DRAMINSKI-GMM.jpg","width":513,"height":451,"caption":"DRAMINSKI-GMM"},{"@type":"BreadcrumbList","@id":"https:\/\/abaa.mx\/tienda\/medidor-de-humedad-de-mesa-granos-y-semillas-gmm\/#breadcrumb","itemListElement":[{"@type":"ListItem","position":1,"name":"Inicio","item":"https:\/\/abaa.mx\/tienda\/"},{"@type":"ListItem","position":2,"name":"Tienda","item":"https:\/\/abaa.mx\/tienda\/"},{"@type":"ListItem","position":3,"name":"Medidor de Humedad de Mesa, Granos y Semillas &#8211; GMM"}]},{"@type":"WebSite","@id":"https:\/\/abaa.mx\/tienda\/#website","url":"https:\/\/abaa.mx\/tienda\/","name":"Abaa tienda online","description":"Instrumentos de medici\u00f3n","publisher":{"@id":"https:\/\/abaa.mx\/tienda\/#organization"},"potentialAction":[{"@type":"SearchAction","target":{"@type":"EntryPoint","urlTemplate":"https:\/\/abaa.mx\/tienda\/?s={search_term_string}"},"query-input":{"@type":"PropertyValueSpecification","valueRequired":true,"valueName":"search_term_string"}}],"inLanguage":"es"},{"@type":"Organization","@id":"https:\/\/abaa.mx\/tienda\/#organization","name":"Abaa tienda online","url":"https:\/\/abaa.mx\/tienda\/","logo":{"@type":"ImageObject","inLanguage":"es","@id":"https:\/\/abaa.mx\/tienda\/#\/schema\/logo\/image\/","url":"https:\/\/abaa.mx\/tienda\/wp-content\/uploads\/2024\/01\/abaa-metrologia-tienda.png","contentUrl":"https:\/\/abaa.mx\/tienda\/wp-content\/uploads\/2024\/01\/abaa-metrologia-tienda.png","width":300,"height":141,"caption":"Abaa tienda online"},"image":{"@id":"https:\/\/abaa.mx\/tienda\/#\/schema\/logo\/image\/"}}]}},"_links":{"self":[{"href":"https:\/\/abaa.mx\/tienda\/wp-json\/wp\/v2\/product\/8631","targetHints":{"allow":["GET"]}}],"collection":[{"href":"https:\/\/abaa.mx\/tienda\/wp-json\/wp\/v2\/product"}],"about":[{"href":"https:\/\/abaa.mx\/tienda\/wp-json\/wp\/v2\/types\/product"}],"replies":[{"embeddable":true,"href":"https:\/\/abaa.mx\/tienda\/wp-json\/wp\/v2\/comments?post=8631"}],"wp:featuredmedia":[{"embeddable":true,"href":"https:\/\/abaa.mx\/tienda\/wp-json\/wp\/v2\/media\/8632"}],"wp:attachment":[{"href":"https:\/\/abaa.mx\/tienda\/wp-json\/wp\/v2\/media?parent=8631"}],"wp:term":[{"taxonomy":"product_brand","embeddable":true,"href":"https:\/\/abaa.mx\/tienda\/wp-json\/wp\/v2\/product_brand?post=8631"},{"taxonomy":"product_cat","embeddable":true,"href":"https:\/\/abaa.mx\/tienda\/wp-json\/wp\/v2\/product_cat?post=8631"},{"taxonomy":"product_tag","embeddable":true,"href":"https:\/\/abaa.mx\/tienda\/wp-json\/wp\/v2\/product_tag?post=8631"}],"curies":[{"name":"wp","href":"https:\/\/api.w.org\/{rel}","templated":true}]}}