{"id":8627,"date":"2023-11-08T15:40:51","date_gmt":"2023-11-08T15:40:51","guid":{"rendered":"https:\/\/abaa.mx\/tienda\/?post_type=product&#038;p=8627"},"modified":"2023-11-08T15:40:52","modified_gmt":"2023-11-08T15:40:52","slug":"medidor-de-actividad-de-agua-modelo-clasico-hd3a","status":"publish","type":"product","link":"https:\/\/abaa.mx\/tienda\/medidor-de-actividad-de-agua-modelo-clasico-hd3a\/","title":{"rendered":"Medidor de Actividad de Agua Modelo Cl\u00e1sico &#8211; HD3A"},"content":{"rendered":"<p>Medidor de Actividad de Agua Modelo Cl\u00e1sico &#8211; HD3A.<\/p>\n","protected":false},"excerpt":{"rendered":"<p><b>Medidor de actividad de agua en alimentos, modelo cl\u00e1sico<\/b> ;<\/p>\n<p>La actividad del agua o tambi\u00e9n llamado \u201caw\u201d, indica el contenido de agua libre cuando el alimento es estable , mide la posibilidad de proliferaci\u00f3n microbiana. Los formuladores de alimentos utilizan la actividad del agua para predecir cu\u00e1nto afectar\u00e1 la migraci\u00f3n de la humedad a su producto, de modo que escoger el bulto adecuado y el m\u00e9todo de almacenaje para reducir el uso de antis\u00e9pticos.<\/p>\n<p><b>Caracter\u00edsticas:<\/b><\/p>\n<ul>\n<li>El medidor de actividad del agua de HD-3A es un equipo de medida del \u00a0solo-punto, adoptando el sensor WSC-4 de la alta precisi\u00f3n.<\/li>\n<li>El dise\u00f1o profesional asegura funcionamiento estable y confiable.<\/li>\n<li>El dise\u00f1o razonable de la estructura proporciona una operaci\u00f3n m\u00e1s f\u00e1cil.<\/li>\n<li>R\u00e1pido en la calibraci\u00f3n y la medida: necesita solamente 10 minutos.<\/li>\n<li>Libre de calibraci\u00f3n repetida.<\/li>\n<li>Exhibici\u00f3n del LCD del alto brillo.<\/li>\n<li>Equipado con la impresora, conveniente para registrar datos.<\/li>\n<li>Larga vida, alta exactitud, s\u00f3lido, l\u00edquido, polvo son medibles.<\/li>\n<\/ul>\n","protected":false},"featured_media":8628,"comment_status":"open","ping_status":"closed","template":"","meta":{"_joinchat":[]},"product_brand":[],"product_cat":[114],"product_tag":[],"class_list":{"0":"post-8627","1":"product","2":"type-product","3":"status-publish","4":"has-post-thumbnail","6":"product_cat-medidor-de-humedad-en-materiales","8":"first","9":"instock","10":"shipping-taxable","11":"product-type-simple"},"yoast_head":"<!-- This site is optimized with the Yoast SEO plugin v26.4 - https:\/\/yoast.com\/wordpress\/plugins\/seo\/ -->\n<title>Medidor de Actividad de Agua Modelo Cl\u00e1sico - HD3A - Abaa tienda online<\/title>\n<meta name=\"robots\" content=\"index, follow, max-snippet:-1, max-image-preview:large, max-video-preview:-1\" \/>\n<link rel=\"canonical\" href=\"https:\/\/abaa.mx\/tienda\/medidor-de-actividad-de-agua-modelo-clasico-hd3a\/\" \/>\n<meta property=\"og:locale\" content=\"es_MX\" \/>\n<meta property=\"og:type\" content=\"article\" \/>\n<meta property=\"og:title\" content=\"Medidor de Actividad de Agua Modelo Cl\u00e1sico - HD3A - Abaa tienda online\" \/>\n<meta property=\"og:description\" content=\"Medidor de actividad de agua en alimentos, modelo cl\u00e1sico ;  La actividad del agua o tambi\u00e9n llamado \u201caw\u201d, indica el contenido de agua libre cuando el alimento es estable , mide la posibilidad de proliferaci\u00f3n microbiana. Los formuladores de alimentos utilizan la actividad del agua para predecir cu\u00e1nto afectar\u00e1 la migraci\u00f3n de la humedad a su producto, de modo que escoger el bulto adecuado y el m\u00e9todo de almacenaje para reducir el uso de antis\u00e9pticos.  Caracter\u00edsticas:   El medidor de actividad del agua de HD-3A es un equipo de medida del \u00a0solo-punto, adoptando el sensor WSC-4 de la alta precisi\u00f3n.  El dise\u00f1o profesional asegura funcionamiento estable y confiable.  El dise\u00f1o razonable de la estructura proporciona una operaci\u00f3n m\u00e1s f\u00e1cil.  R\u00e1pido en la calibraci\u00f3n y la medida: necesita solamente 10 minutos.  Libre de calibraci\u00f3n repetida.  Exhibici\u00f3n del LCD del alto brillo.  Equipado con la impresora, conveniente para registrar datos.  Larga vida, alta exactitud, s\u00f3lido, l\u00edquido, polvo son medibles.\" \/>\n<meta property=\"og:url\" content=\"https:\/\/abaa.mx\/tienda\/medidor-de-actividad-de-agua-modelo-clasico-hd3a\/\" \/>\n<meta property=\"og:site_name\" content=\"Abaa tienda online\" \/>\n<meta property=\"article:modified_time\" content=\"2023-11-08T15:40:52+00:00\" \/>\n<meta property=\"og:image\" content=\"https:\/\/abaa.mx\/tienda\/wp-content\/uploads\/2023\/11\/NADE-SCIENTIFIC-HD3A.jpg\" \/>\n\t<meta property=\"og:image:width\" content=\"622\" \/>\n\t<meta property=\"og:image:height\" content=\"492\" \/>\n\t<meta property=\"og:image:type\" content=\"image\/jpeg\" \/>\n<meta name=\"twitter:card\" content=\"summary_large_image\" \/>\n<meta name=\"twitter:label1\" content=\"Tiempo de lectura\" \/>\n\t<meta name=\"twitter:data1\" content=\"1 minuto\" \/>\n<script type=\"application\/ld+json\" class=\"yoast-schema-graph\">{\"@context\":\"https:\/\/schema.org\",\"@graph\":[{\"@type\":\"WebPage\",\"@id\":\"https:\/\/abaa.mx\/tienda\/medidor-de-actividad-de-agua-modelo-clasico-hd3a\/\",\"url\":\"https:\/\/abaa.mx\/tienda\/medidor-de-actividad-de-agua-modelo-clasico-hd3a\/\",\"name\":\"Medidor de Actividad de Agua Modelo Cl\u00e1sico - HD3A - Abaa tienda online\",\"isPartOf\":{\"@id\":\"https:\/\/abaa.mx\/tienda\/#website\"},\"primaryImageOfPage\":{\"@id\":\"https:\/\/abaa.mx\/tienda\/medidor-de-actividad-de-agua-modelo-clasico-hd3a\/#primaryimage\"},\"image\":{\"@id\":\"https:\/\/abaa.mx\/tienda\/medidor-de-actividad-de-agua-modelo-clasico-hd3a\/#primaryimage\"},\"thumbnailUrl\":\"https:\/\/abaa.mx\/tienda\/wp-content\/uploads\/2023\/11\/NADE-SCIENTIFIC-HD3A.jpg\",\"datePublished\":\"2023-11-08T15:40:51+00:00\",\"dateModified\":\"2023-11-08T15:40:52+00:00\",\"breadcrumb\":{\"@id\":\"https:\/\/abaa.mx\/tienda\/medidor-de-actividad-de-agua-modelo-clasico-hd3a\/#breadcrumb\"},\"inLanguage\":\"es\",\"potentialAction\":[{\"@type\":\"ReadAction\",\"target\":[\"https:\/\/abaa.mx\/tienda\/medidor-de-actividad-de-agua-modelo-clasico-hd3a\/\"]}]},{\"@type\":\"ImageObject\",\"inLanguage\":\"es\",\"@id\":\"https:\/\/abaa.mx\/tienda\/medidor-de-actividad-de-agua-modelo-clasico-hd3a\/#primaryimage\",\"url\":\"https:\/\/abaa.mx\/tienda\/wp-content\/uploads\/2023\/11\/NADE-SCIENTIFIC-HD3A.jpg\",\"contentUrl\":\"https:\/\/abaa.mx\/tienda\/wp-content\/uploads\/2023\/11\/NADE-SCIENTIFIC-HD3A.jpg\",\"width\":622,\"height\":492,\"caption\":\"NADE-SCIENTIFIC-HD3A\"},{\"@type\":\"BreadcrumbList\",\"@id\":\"https:\/\/abaa.mx\/tienda\/medidor-de-actividad-de-agua-modelo-clasico-hd3a\/#breadcrumb\",\"itemListElement\":[{\"@type\":\"ListItem\",\"position\":1,\"name\":\"Inicio\",\"item\":\"https:\/\/abaa.mx\/tienda\/\"},{\"@type\":\"ListItem\",\"position\":2,\"name\":\"Tienda\",\"item\":\"https:\/\/abaa.mx\/tienda\/\"},{\"@type\":\"ListItem\",\"position\":3,\"name\":\"Medidor de Actividad de Agua Modelo Cl\u00e1sico &#8211; HD3A\"}]},{\"@type\":\"WebSite\",\"@id\":\"https:\/\/abaa.mx\/tienda\/#website\",\"url\":\"https:\/\/abaa.mx\/tienda\/\",\"name\":\"Abaa tienda online\",\"description\":\"Instrumentos de medici\u00f3n\",\"publisher\":{\"@id\":\"https:\/\/abaa.mx\/tienda\/#organization\"},\"potentialAction\":[{\"@type\":\"SearchAction\",\"target\":{\"@type\":\"EntryPoint\",\"urlTemplate\":\"https:\/\/abaa.mx\/tienda\/?s={search_term_string}\"},\"query-input\":{\"@type\":\"PropertyValueSpecification\",\"valueRequired\":true,\"valueName\":\"search_term_string\"}}],\"inLanguage\":\"es\"},{\"@type\":\"Organization\",\"@id\":\"https:\/\/abaa.mx\/tienda\/#organization\",\"name\":\"Abaa tienda online\",\"url\":\"https:\/\/abaa.mx\/tienda\/\",\"logo\":{\"@type\":\"ImageObject\",\"inLanguage\":\"es\",\"@id\":\"https:\/\/abaa.mx\/tienda\/#\/schema\/logo\/image\/\",\"url\":\"https:\/\/abaa.mx\/tienda\/wp-content\/uploads\/2024\/01\/abaa-metrologia-tienda.png\",\"contentUrl\":\"https:\/\/abaa.mx\/tienda\/wp-content\/uploads\/2024\/01\/abaa-metrologia-tienda.png\",\"width\":300,\"height\":141,\"caption\":\"Abaa tienda online\"},\"image\":{\"@id\":\"https:\/\/abaa.mx\/tienda\/#\/schema\/logo\/image\/\"}}]}<\/script>\n<!-- \/ Yoast SEO plugin. -->","yoast_head_json":{"title":"Medidor de Actividad de Agua Modelo Cl\u00e1sico - HD3A - Abaa tienda online","robots":{"index":"index","follow":"follow","max-snippet":"max-snippet:-1","max-image-preview":"max-image-preview:large","max-video-preview":"max-video-preview:-1"},"canonical":"https:\/\/abaa.mx\/tienda\/medidor-de-actividad-de-agua-modelo-clasico-hd3a\/","og_locale":"es_MX","og_type":"article","og_title":"Medidor de Actividad de Agua Modelo Cl\u00e1sico - HD3A - Abaa tienda online","og_description":"Medidor de actividad de agua en alimentos, modelo cl\u00e1sico ;  La actividad del agua o tambi\u00e9n llamado \u201caw\u201d, indica el contenido de agua libre cuando el alimento es estable , mide la posibilidad de proliferaci\u00f3n microbiana. Los formuladores de alimentos utilizan la actividad del agua para predecir cu\u00e1nto afectar\u00e1 la migraci\u00f3n de la humedad a su producto, de modo que escoger el bulto adecuado y el m\u00e9todo de almacenaje para reducir el uso de antis\u00e9pticos.  Caracter\u00edsticas:   El medidor de actividad del agua de HD-3A es un equipo de medida del \u00a0solo-punto, adoptando el sensor WSC-4 de la alta precisi\u00f3n.  El dise\u00f1o profesional asegura funcionamiento estable y confiable.  El dise\u00f1o razonable de la estructura proporciona una operaci\u00f3n m\u00e1s f\u00e1cil.  R\u00e1pido en la calibraci\u00f3n y la medida: necesita solamente 10 minutos.  Libre de calibraci\u00f3n repetida.  Exhibici\u00f3n del LCD del alto brillo.  Equipado con la impresora, conveniente para registrar datos.  Larga vida, alta exactitud, s\u00f3lido, l\u00edquido, polvo son medibles.","og_url":"https:\/\/abaa.mx\/tienda\/medidor-de-actividad-de-agua-modelo-clasico-hd3a\/","og_site_name":"Abaa tienda online","article_modified_time":"2023-11-08T15:40:52+00:00","og_image":[{"width":622,"height":492,"url":"https:\/\/abaa.mx\/tienda\/wp-content\/uploads\/2023\/11\/NADE-SCIENTIFIC-HD3A.jpg","type":"image\/jpeg"}],"twitter_card":"summary_large_image","twitter_misc":{"Tiempo de lectura":"1 minuto"},"schema":{"@context":"https:\/\/schema.org","@graph":[{"@type":"WebPage","@id":"https:\/\/abaa.mx\/tienda\/medidor-de-actividad-de-agua-modelo-clasico-hd3a\/","url":"https:\/\/abaa.mx\/tienda\/medidor-de-actividad-de-agua-modelo-clasico-hd3a\/","name":"Medidor de Actividad de Agua Modelo Cl\u00e1sico - HD3A - Abaa tienda online","isPartOf":{"@id":"https:\/\/abaa.mx\/tienda\/#website"},"primaryImageOfPage":{"@id":"https:\/\/abaa.mx\/tienda\/medidor-de-actividad-de-agua-modelo-clasico-hd3a\/#primaryimage"},"image":{"@id":"https:\/\/abaa.mx\/tienda\/medidor-de-actividad-de-agua-modelo-clasico-hd3a\/#primaryimage"},"thumbnailUrl":"https:\/\/abaa.mx\/tienda\/wp-content\/uploads\/2023\/11\/NADE-SCIENTIFIC-HD3A.jpg","datePublished":"2023-11-08T15:40:51+00:00","dateModified":"2023-11-08T15:40:52+00:00","breadcrumb":{"@id":"https:\/\/abaa.mx\/tienda\/medidor-de-actividad-de-agua-modelo-clasico-hd3a\/#breadcrumb"},"inLanguage":"es","potentialAction":[{"@type":"ReadAction","target":["https:\/\/abaa.mx\/tienda\/medidor-de-actividad-de-agua-modelo-clasico-hd3a\/"]}]},{"@type":"ImageObject","inLanguage":"es","@id":"https:\/\/abaa.mx\/tienda\/medidor-de-actividad-de-agua-modelo-clasico-hd3a\/#primaryimage","url":"https:\/\/abaa.mx\/tienda\/wp-content\/uploads\/2023\/11\/NADE-SCIENTIFIC-HD3A.jpg","contentUrl":"https:\/\/abaa.mx\/tienda\/wp-content\/uploads\/2023\/11\/NADE-SCIENTIFIC-HD3A.jpg","width":622,"height":492,"caption":"NADE-SCIENTIFIC-HD3A"},{"@type":"BreadcrumbList","@id":"https:\/\/abaa.mx\/tienda\/medidor-de-actividad-de-agua-modelo-clasico-hd3a\/#breadcrumb","itemListElement":[{"@type":"ListItem","position":1,"name":"Inicio","item":"https:\/\/abaa.mx\/tienda\/"},{"@type":"ListItem","position":2,"name":"Tienda","item":"https:\/\/abaa.mx\/tienda\/"},{"@type":"ListItem","position":3,"name":"Medidor de Actividad de Agua Modelo Cl\u00e1sico &#8211; HD3A"}]},{"@type":"WebSite","@id":"https:\/\/abaa.mx\/tienda\/#website","url":"https:\/\/abaa.mx\/tienda\/","name":"Abaa tienda online","description":"Instrumentos de medici\u00f3n","publisher":{"@id":"https:\/\/abaa.mx\/tienda\/#organization"},"potentialAction":[{"@type":"SearchAction","target":{"@type":"EntryPoint","urlTemplate":"https:\/\/abaa.mx\/tienda\/?s={search_term_string}"},"query-input":{"@type":"PropertyValueSpecification","valueRequired":true,"valueName":"search_term_string"}}],"inLanguage":"es"},{"@type":"Organization","@id":"https:\/\/abaa.mx\/tienda\/#organization","name":"Abaa tienda online","url":"https:\/\/abaa.mx\/tienda\/","logo":{"@type":"ImageObject","inLanguage":"es","@id":"https:\/\/abaa.mx\/tienda\/#\/schema\/logo\/image\/","url":"https:\/\/abaa.mx\/tienda\/wp-content\/uploads\/2024\/01\/abaa-metrologia-tienda.png","contentUrl":"https:\/\/abaa.mx\/tienda\/wp-content\/uploads\/2024\/01\/abaa-metrologia-tienda.png","width":300,"height":141,"caption":"Abaa tienda online"},"image":{"@id":"https:\/\/abaa.mx\/tienda\/#\/schema\/logo\/image\/"}}]}},"_links":{"self":[{"href":"https:\/\/abaa.mx\/tienda\/wp-json\/wp\/v2\/product\/8627","targetHints":{"allow":["GET"]}}],"collection":[{"href":"https:\/\/abaa.mx\/tienda\/wp-json\/wp\/v2\/product"}],"about":[{"href":"https:\/\/abaa.mx\/tienda\/wp-json\/wp\/v2\/types\/product"}],"replies":[{"embeddable":true,"href":"https:\/\/abaa.mx\/tienda\/wp-json\/wp\/v2\/comments?post=8627"}],"wp:featuredmedia":[{"embeddable":true,"href":"https:\/\/abaa.mx\/tienda\/wp-json\/wp\/v2\/media\/8628"}],"wp:attachment":[{"href":"https:\/\/abaa.mx\/tienda\/wp-json\/wp\/v2\/media?parent=8627"}],"wp:term":[{"taxonomy":"product_brand","embeddable":true,"href":"https:\/\/abaa.mx\/tienda\/wp-json\/wp\/v2\/product_brand?post=8627"},{"taxonomy":"product_cat","embeddable":true,"href":"https:\/\/abaa.mx\/tienda\/wp-json\/wp\/v2\/product_cat?post=8627"},{"taxonomy":"product_tag","embeddable":true,"href":"https:\/\/abaa.mx\/tienda\/wp-json\/wp\/v2\/product_tag?post=8627"}],"curies":[{"name":"wp","href":"https:\/\/api.w.org\/{rel}","templated":true}]}}