{"id":8625,"date":"2023-11-08T15:21:53","date_gmt":"2023-11-08T15:21:53","guid":{"rendered":"https:\/\/abaa.mx\/tienda\/?post_type=product&#038;p=8625"},"modified":"2023-11-08T15:21:54","modified_gmt":"2023-11-08T15:21:54","slug":"medidor-de-actividad-de-agua-modelo-inteligente-hd6","status":"publish","type":"product","link":"https:\/\/abaa.mx\/tienda\/medidor-de-actividad-de-agua-modelo-inteligente-hd6\/","title":{"rendered":"Medidor de actividad de agua modelo inteligente &#8211; HD6"},"content":{"rendered":"<p>Medidor de actividad de agua modelo inteligente &#8211; HD6.<\/p>\n","protected":false},"excerpt":{"rendered":"<p>El medidor de actividad del agua o tambi\u00e9n llamado \u201caw\u201d, se\u00f1ala el contenido de agua libre cuando el alimento es permanente , mide la oportunidad de proliferaci\u00f3n microbiana. Los formuladores de alimentos usan la actividad del agua para adivinar cu\u00e1nto afectar\u00e1 la migraci\u00f3n de la humedad a su producto, de modo que seleccionar el bulto conveniente y el procedimiento de almacenamiento para reducir la utilizaci\u00f3n de as\u00e9pticos.<\/p>\n<p><b>Caracter\u00edsticas:<\/b><\/p>\n<ul>\n<li>Interfaz f\u00e1cil de operar.<\/li>\n<li>Alta estabilidad.<\/li>\n<li>El tiempo de medici\u00f3n m\u00e1s corto es 4-5 minutos solamente.<\/li>\n<li>El sensor importado dentro del sensor tiene buena estabilidad y alta exactitud.<\/li>\n<li>Es conveniente probar diversas clases de material, tales como s\u00f3lido, l\u00edquido, polvo, todo es aceptable.<\/li>\n<li>Tiene puerto RS232 y puerto USB, se puede conectar a la mini-impresora.<\/li>\n<li>No hay necesidad de calibrar cada vez que se utiliza.<\/li>\n<li>Puede reservar 5000 sistemas de resultados de la prueba, y los resultados se pueden ahorrar a la PC.<\/li>\n<li>Resistente a productos qu\u00edmicos. El resultado de la prueba se mantiene confiable cuando se prueban diferentes tipos de material de volatilidad.<\/li>\n<li>Zumbido cuando finaliza la medici\u00f3n o finaliza la calibraci\u00f3n.<\/li>\n<li>Mejor programa de procesamiento de datos conduce a m\u00e1s resultados de pruebas de precisi\u00f3n.<\/li>\n<li>La impresora opcional de la aguja, puede imprimir datos.<\/li>\n<li>Largo tiempo de vida en bater\u00eda con buen funcionamiento sin aver\u00eda.<\/li>\n<li>Puede ahorrar valor en tiempo real de la prueba o resultado final de la prueba. El usuario tambi\u00e9n puede configurar la hora para guardar los datos. Todos los datos pueden ser transmitidos a la PC y guardados como archivo\/hoja.<\/li>\n<\/ul>\n","protected":false},"featured_media":8626,"comment_status":"open","ping_status":"closed","template":"","meta":{"_joinchat":[]},"product_brand":[],"product_cat":[114],"product_tag":[],"class_list":{"0":"post-8625","1":"product","2":"type-product","3":"status-publish","4":"has-post-thumbnail","6":"product_cat-medidor-de-humedad-en-materiales","8":"first","9":"instock","10":"shipping-taxable","11":"product-type-simple"},"yoast_head":"<!-- This site is optimized with the Yoast SEO plugin v26.4 - https:\/\/yoast.com\/wordpress\/plugins\/seo\/ -->\n<title>Medidor de actividad de agua modelo inteligente - HD6 - Abaa tienda online<\/title>\n<meta name=\"robots\" content=\"index, follow, max-snippet:-1, max-image-preview:large, max-video-preview:-1\" \/>\n<link rel=\"canonical\" href=\"https:\/\/abaa.mx\/tienda\/medidor-de-actividad-de-agua-modelo-inteligente-hd6\/\" \/>\n<meta property=\"og:locale\" content=\"es_MX\" \/>\n<meta property=\"og:type\" content=\"article\" \/>\n<meta property=\"og:title\" content=\"Medidor de actividad de agua modelo inteligente - HD6 - Abaa tienda online\" \/>\n<meta property=\"og:description\" content=\"El medidor de actividad del agua o tambi\u00e9n llamado \u201caw\u201d, se\u00f1ala el contenido de agua libre cuando el alimento es permanente , mide la oportunidad de proliferaci\u00f3n microbiana. Los formuladores de alimentos usan la actividad del agua para adivinar cu\u00e1nto afectar\u00e1 la migraci\u00f3n de la humedad a su producto, de modo que seleccionar el bulto conveniente y el procedimiento de almacenamiento para reducir la utilizaci\u00f3n de as\u00e9pticos.  Caracter\u00edsticas:   Interfaz f\u00e1cil de operar.  Alta estabilidad.  El tiempo de medici\u00f3n m\u00e1s corto es 4-5 minutos solamente.  El sensor importado dentro del sensor tiene buena estabilidad y alta exactitud.  Es conveniente probar diversas clases de material, tales como s\u00f3lido, l\u00edquido, polvo, todo es aceptable.  Tiene puerto RS232 y puerto USB, se puede conectar a la mini-impresora.  No hay necesidad de calibrar cada vez que se utiliza.  Puede reservar 5000 sistemas de resultados de la prueba, y los resultados se pueden ahorrar a la PC.  Resistente a productos qu\u00edmicos. El resultado de la prueba se mantiene confiable cuando se prueban diferentes tipos de material de volatilidad.  Zumbido cuando finaliza la medici\u00f3n o finaliza la calibraci\u00f3n.  Mejor programa de procesamiento de datos conduce a m\u00e1s resultados de pruebas de precisi\u00f3n.  La impresora opcional de la aguja, puede imprimir datos.  Largo tiempo de vida en bater\u00eda con buen funcionamiento sin aver\u00eda.  Puede ahorrar valor en tiempo real de la prueba o resultado final de la prueba. El usuario tambi\u00e9n puede configurar la hora para guardar los datos. Todos los datos pueden ser transmitidos a la PC y guardados como archivo\/hoja.\" \/>\n<meta property=\"og:url\" content=\"https:\/\/abaa.mx\/tienda\/medidor-de-actividad-de-agua-modelo-inteligente-hd6\/\" \/>\n<meta property=\"og:site_name\" content=\"Abaa tienda online\" \/>\n<meta property=\"article:modified_time\" content=\"2023-11-08T15:21:54+00:00\" \/>\n<meta property=\"og:image\" content=\"https:\/\/abaa.mx\/tienda\/wp-content\/uploads\/2023\/11\/NADE-SCIENTIFIC-HD6.jpg\" \/>\n\t<meta property=\"og:image:width\" content=\"427\" \/>\n\t<meta property=\"og:image:height\" content=\"443\" \/>\n\t<meta property=\"og:image:type\" content=\"image\/jpeg\" \/>\n<meta name=\"twitter:card\" content=\"summary_large_image\" \/>\n<meta name=\"twitter:label1\" content=\"Tiempo de lectura\" \/>\n\t<meta name=\"twitter:data1\" content=\"1 minuto\" \/>\n<script type=\"application\/ld+json\" class=\"yoast-schema-graph\">{\"@context\":\"https:\/\/schema.org\",\"@graph\":[{\"@type\":\"WebPage\",\"@id\":\"https:\/\/abaa.mx\/tienda\/medidor-de-actividad-de-agua-modelo-inteligente-hd6\/\",\"url\":\"https:\/\/abaa.mx\/tienda\/medidor-de-actividad-de-agua-modelo-inteligente-hd6\/\",\"name\":\"Medidor de actividad de agua modelo inteligente - HD6 - Abaa tienda online\",\"isPartOf\":{\"@id\":\"https:\/\/abaa.mx\/tienda\/#website\"},\"primaryImageOfPage\":{\"@id\":\"https:\/\/abaa.mx\/tienda\/medidor-de-actividad-de-agua-modelo-inteligente-hd6\/#primaryimage\"},\"image\":{\"@id\":\"https:\/\/abaa.mx\/tienda\/medidor-de-actividad-de-agua-modelo-inteligente-hd6\/#primaryimage\"},\"thumbnailUrl\":\"https:\/\/abaa.mx\/tienda\/wp-content\/uploads\/2023\/11\/NADE-SCIENTIFIC-HD6.jpg\",\"datePublished\":\"2023-11-08T15:21:53+00:00\",\"dateModified\":\"2023-11-08T15:21:54+00:00\",\"breadcrumb\":{\"@id\":\"https:\/\/abaa.mx\/tienda\/medidor-de-actividad-de-agua-modelo-inteligente-hd6\/#breadcrumb\"},\"inLanguage\":\"es\",\"potentialAction\":[{\"@type\":\"ReadAction\",\"target\":[\"https:\/\/abaa.mx\/tienda\/medidor-de-actividad-de-agua-modelo-inteligente-hd6\/\"]}]},{\"@type\":\"ImageObject\",\"inLanguage\":\"es\",\"@id\":\"https:\/\/abaa.mx\/tienda\/medidor-de-actividad-de-agua-modelo-inteligente-hd6\/#primaryimage\",\"url\":\"https:\/\/abaa.mx\/tienda\/wp-content\/uploads\/2023\/11\/NADE-SCIENTIFIC-HD6.jpg\",\"contentUrl\":\"https:\/\/abaa.mx\/tienda\/wp-content\/uploads\/2023\/11\/NADE-SCIENTIFIC-HD6.jpg\",\"width\":427,\"height\":443,\"caption\":\"NADE SCIENTIFIC-HD6\"},{\"@type\":\"BreadcrumbList\",\"@id\":\"https:\/\/abaa.mx\/tienda\/medidor-de-actividad-de-agua-modelo-inteligente-hd6\/#breadcrumb\",\"itemListElement\":[{\"@type\":\"ListItem\",\"position\":1,\"name\":\"Inicio\",\"item\":\"https:\/\/abaa.mx\/tienda\/\"},{\"@type\":\"ListItem\",\"position\":2,\"name\":\"Tienda\",\"item\":\"https:\/\/abaa.mx\/tienda\/\"},{\"@type\":\"ListItem\",\"position\":3,\"name\":\"Medidor de actividad de agua modelo inteligente &#8211; HD6\"}]},{\"@type\":\"WebSite\",\"@id\":\"https:\/\/abaa.mx\/tienda\/#website\",\"url\":\"https:\/\/abaa.mx\/tienda\/\",\"name\":\"Abaa tienda online\",\"description\":\"Instrumentos de medici\u00f3n\",\"publisher\":{\"@id\":\"https:\/\/abaa.mx\/tienda\/#organization\"},\"potentialAction\":[{\"@type\":\"SearchAction\",\"target\":{\"@type\":\"EntryPoint\",\"urlTemplate\":\"https:\/\/abaa.mx\/tienda\/?s={search_term_string}\"},\"query-input\":{\"@type\":\"PropertyValueSpecification\",\"valueRequired\":true,\"valueName\":\"search_term_string\"}}],\"inLanguage\":\"es\"},{\"@type\":\"Organization\",\"@id\":\"https:\/\/abaa.mx\/tienda\/#organization\",\"name\":\"Abaa tienda online\",\"url\":\"https:\/\/abaa.mx\/tienda\/\",\"logo\":{\"@type\":\"ImageObject\",\"inLanguage\":\"es\",\"@id\":\"https:\/\/abaa.mx\/tienda\/#\/schema\/logo\/image\/\",\"url\":\"https:\/\/abaa.mx\/tienda\/wp-content\/uploads\/2024\/01\/abaa-metrologia-tienda.png\",\"contentUrl\":\"https:\/\/abaa.mx\/tienda\/wp-content\/uploads\/2024\/01\/abaa-metrologia-tienda.png\",\"width\":300,\"height\":141,\"caption\":\"Abaa tienda online\"},\"image\":{\"@id\":\"https:\/\/abaa.mx\/tienda\/#\/schema\/logo\/image\/\"}}]}<\/script>\n<!-- \/ Yoast SEO plugin. -->","yoast_head_json":{"title":"Medidor de actividad de agua modelo inteligente - HD6 - Abaa tienda online","robots":{"index":"index","follow":"follow","max-snippet":"max-snippet:-1","max-image-preview":"max-image-preview:large","max-video-preview":"max-video-preview:-1"},"canonical":"https:\/\/abaa.mx\/tienda\/medidor-de-actividad-de-agua-modelo-inteligente-hd6\/","og_locale":"es_MX","og_type":"article","og_title":"Medidor de actividad de agua modelo inteligente - HD6 - Abaa tienda online","og_description":"El medidor de actividad del agua o tambi\u00e9n llamado \u201caw\u201d, se\u00f1ala el contenido de agua libre cuando el alimento es permanente , mide la oportunidad de proliferaci\u00f3n microbiana. Los formuladores de alimentos usan la actividad del agua para adivinar cu\u00e1nto afectar\u00e1 la migraci\u00f3n de la humedad a su producto, de modo que seleccionar el bulto conveniente y el procedimiento de almacenamiento para reducir la utilizaci\u00f3n de as\u00e9pticos.  Caracter\u00edsticas:   Interfaz f\u00e1cil de operar.  Alta estabilidad.  El tiempo de medici\u00f3n m\u00e1s corto es 4-5 minutos solamente.  El sensor importado dentro del sensor tiene buena estabilidad y alta exactitud.  Es conveniente probar diversas clases de material, tales como s\u00f3lido, l\u00edquido, polvo, todo es aceptable.  Tiene puerto RS232 y puerto USB, se puede conectar a la mini-impresora.  No hay necesidad de calibrar cada vez que se utiliza.  Puede reservar 5000 sistemas de resultados de la prueba, y los resultados se pueden ahorrar a la PC.  Resistente a productos qu\u00edmicos. El resultado de la prueba se mantiene confiable cuando se prueban diferentes tipos de material de volatilidad.  Zumbido cuando finaliza la medici\u00f3n o finaliza la calibraci\u00f3n.  Mejor programa de procesamiento de datos conduce a m\u00e1s resultados de pruebas de precisi\u00f3n.  La impresora opcional de la aguja, puede imprimir datos.  Largo tiempo de vida en bater\u00eda con buen funcionamiento sin aver\u00eda.  Puede ahorrar valor en tiempo real de la prueba o resultado final de la prueba. El usuario tambi\u00e9n puede configurar la hora para guardar los datos. Todos los datos pueden ser transmitidos a la PC y guardados como archivo\/hoja.","og_url":"https:\/\/abaa.mx\/tienda\/medidor-de-actividad-de-agua-modelo-inteligente-hd6\/","og_site_name":"Abaa tienda online","article_modified_time":"2023-11-08T15:21:54+00:00","og_image":[{"width":427,"height":443,"url":"https:\/\/abaa.mx\/tienda\/wp-content\/uploads\/2023\/11\/NADE-SCIENTIFIC-HD6.jpg","type":"image\/jpeg"}],"twitter_card":"summary_large_image","twitter_misc":{"Tiempo de lectura":"1 minuto"},"schema":{"@context":"https:\/\/schema.org","@graph":[{"@type":"WebPage","@id":"https:\/\/abaa.mx\/tienda\/medidor-de-actividad-de-agua-modelo-inteligente-hd6\/","url":"https:\/\/abaa.mx\/tienda\/medidor-de-actividad-de-agua-modelo-inteligente-hd6\/","name":"Medidor de actividad de agua modelo inteligente - HD6 - Abaa tienda online","isPartOf":{"@id":"https:\/\/abaa.mx\/tienda\/#website"},"primaryImageOfPage":{"@id":"https:\/\/abaa.mx\/tienda\/medidor-de-actividad-de-agua-modelo-inteligente-hd6\/#primaryimage"},"image":{"@id":"https:\/\/abaa.mx\/tienda\/medidor-de-actividad-de-agua-modelo-inteligente-hd6\/#primaryimage"},"thumbnailUrl":"https:\/\/abaa.mx\/tienda\/wp-content\/uploads\/2023\/11\/NADE-SCIENTIFIC-HD6.jpg","datePublished":"2023-11-08T15:21:53+00:00","dateModified":"2023-11-08T15:21:54+00:00","breadcrumb":{"@id":"https:\/\/abaa.mx\/tienda\/medidor-de-actividad-de-agua-modelo-inteligente-hd6\/#breadcrumb"},"inLanguage":"es","potentialAction":[{"@type":"ReadAction","target":["https:\/\/abaa.mx\/tienda\/medidor-de-actividad-de-agua-modelo-inteligente-hd6\/"]}]},{"@type":"ImageObject","inLanguage":"es","@id":"https:\/\/abaa.mx\/tienda\/medidor-de-actividad-de-agua-modelo-inteligente-hd6\/#primaryimage","url":"https:\/\/abaa.mx\/tienda\/wp-content\/uploads\/2023\/11\/NADE-SCIENTIFIC-HD6.jpg","contentUrl":"https:\/\/abaa.mx\/tienda\/wp-content\/uploads\/2023\/11\/NADE-SCIENTIFIC-HD6.jpg","width":427,"height":443,"caption":"NADE SCIENTIFIC-HD6"},{"@type":"BreadcrumbList","@id":"https:\/\/abaa.mx\/tienda\/medidor-de-actividad-de-agua-modelo-inteligente-hd6\/#breadcrumb","itemListElement":[{"@type":"ListItem","position":1,"name":"Inicio","item":"https:\/\/abaa.mx\/tienda\/"},{"@type":"ListItem","position":2,"name":"Tienda","item":"https:\/\/abaa.mx\/tienda\/"},{"@type":"ListItem","position":3,"name":"Medidor de actividad de agua modelo inteligente &#8211; HD6"}]},{"@type":"WebSite","@id":"https:\/\/abaa.mx\/tienda\/#website","url":"https:\/\/abaa.mx\/tienda\/","name":"Abaa tienda online","description":"Instrumentos de medici\u00f3n","publisher":{"@id":"https:\/\/abaa.mx\/tienda\/#organization"},"potentialAction":[{"@type":"SearchAction","target":{"@type":"EntryPoint","urlTemplate":"https:\/\/abaa.mx\/tienda\/?s={search_term_string}"},"query-input":{"@type":"PropertyValueSpecification","valueRequired":true,"valueName":"search_term_string"}}],"inLanguage":"es"},{"@type":"Organization","@id":"https:\/\/abaa.mx\/tienda\/#organization","name":"Abaa tienda online","url":"https:\/\/abaa.mx\/tienda\/","logo":{"@type":"ImageObject","inLanguage":"es","@id":"https:\/\/abaa.mx\/tienda\/#\/schema\/logo\/image\/","url":"https:\/\/abaa.mx\/tienda\/wp-content\/uploads\/2024\/01\/abaa-metrologia-tienda.png","contentUrl":"https:\/\/abaa.mx\/tienda\/wp-content\/uploads\/2024\/01\/abaa-metrologia-tienda.png","width":300,"height":141,"caption":"Abaa tienda online"},"image":{"@id":"https:\/\/abaa.mx\/tienda\/#\/schema\/logo\/image\/"}}]}},"_links":{"self":[{"href":"https:\/\/abaa.mx\/tienda\/wp-json\/wp\/v2\/product\/8625","targetHints":{"allow":["GET"]}}],"collection":[{"href":"https:\/\/abaa.mx\/tienda\/wp-json\/wp\/v2\/product"}],"about":[{"href":"https:\/\/abaa.mx\/tienda\/wp-json\/wp\/v2\/types\/product"}],"replies":[{"embeddable":true,"href":"https:\/\/abaa.mx\/tienda\/wp-json\/wp\/v2\/comments?post=8625"}],"wp:featuredmedia":[{"embeddable":true,"href":"https:\/\/abaa.mx\/tienda\/wp-json\/wp\/v2\/media\/8626"}],"wp:attachment":[{"href":"https:\/\/abaa.mx\/tienda\/wp-json\/wp\/v2\/media?parent=8625"}],"wp:term":[{"taxonomy":"product_brand","embeddable":true,"href":"https:\/\/abaa.mx\/tienda\/wp-json\/wp\/v2\/product_brand?post=8625"},{"taxonomy":"product_cat","embeddable":true,"href":"https:\/\/abaa.mx\/tienda\/wp-json\/wp\/v2\/product_cat?post=8625"},{"taxonomy":"product_tag","embeddable":true,"href":"https:\/\/abaa.mx\/tienda\/wp-json\/wp\/v2\/product_tag?post=8625"}],"curies":[{"name":"wp","href":"https:\/\/api.w.org\/{rel}","templated":true}]}}