{"id":8622,"date":"2023-11-08T15:18:08","date_gmt":"2023-11-08T15:18:08","guid":{"rendered":"https:\/\/abaa.mx\/tienda\/?post_type=product&#038;p=8622"},"modified":"2023-11-30T16:35:08","modified_gmt":"2023-11-30T16:35:08","slug":"medidor-humedad-rdm-3-pkg-rdm3-pkg","status":"publish","type":"product","link":"https:\/\/abaa.mx\/tienda\/medidor-humedad-rdm-3-pkg-rdm3-pkg\/","title":{"rendered":"Medidor humedad RDM-3-PKG"},"content":{"rendered":"<p>Medidor humedad RDM-3\/PKG &#8211; RDM3-PKG.<\/p>\n","protected":false},"excerpt":{"rendered":"<p>El RDM-3 es un medidor de humedad de mano lleno de caracter\u00edsticas , y es id\u00f3neo para las industrias de madera y madera. El RDM-3 es perfecto para cualquier persona que necesite recopilar y analizar informaci\u00f3n estad\u00edstica clave.<\/p>\n<p><b>Caracter\u00edsticas del producto:<br \/>\n<\/b><\/p>\n<ul>\n<li>Corrige para 69 especies de madera individuales y la temperatura (\u00b0 F y \u00b0 C).<\/li>\n<li>Peso: 11 oz.<\/li>\n<li>Pantalla digital clara y brillante.<\/li>\n<li>La alarma audible y ajustable lo alerta cuando se ha alcanzado su MC preseleccionada.<\/li>\n<li>El software opcional le permite descargar lecturas a su computadora y generar informes de Excel.<\/li>\n<li>Las clavijas de contacto integrales montadas en la parte superior del medidor proporcionan una penetraci\u00f3n de 5\/16 &#8220;.<\/li>\n<li>El temporizador de apagado autom\u00e1tico ahorra bater\u00eda.<\/li>\n<li>Bater\u00eda de 9V.<\/li>\n<li>La construcci\u00f3n robusta garantiza a\u00f1os de uso confiable.<\/li>\n<li>1% de resoluci\u00f3n MC.<\/li>\n<li>Temperatura de funcionamiento -4 \u00b0 a158 \u00b0 F (-20 \u00b0 &#8211; 70 \u00b0 C).<\/li>\n<li>El conector incorporado acepta cualquier electrodo Delmhorst.<\/li>\n<li>Escala de madera del 5% -60%.<\/li>\n<li>Tama\u00f1o: 8 \u00bd &#8220;x 3 3\/8&#8221; x 1 \u00be &#8220;.<\/li>\n<li>Ver lecturas almacenadas en la pantalla.<\/li>\n<li>1 a\u00f1o de garant\u00eda.<\/li>\n<li>Organice las lecturas por trabajo para una referencia f\u00e1cil.<\/li>\n<li>Almacene hasta 1400 lecturas con sello de fecha y hora.<\/li>\n<li>Estuche r\u00edgido de pl\u00e1stico.<\/li>\n<\/ul>\n","protected":false},"featured_media":8624,"comment_status":"open","ping_status":"closed","template":"","meta":{"_joinchat":[]},"product_brand":[],"product_cat":[114],"product_tag":[],"class_list":{"0":"post-8622","1":"product","2":"type-product","3":"status-publish","4":"has-post-thumbnail","6":"product_cat-medidor-de-humedad-en-materiales","8":"first","9":"instock","10":"shipping-taxable","11":"product-type-simple"},"yoast_head":"<!-- This site is optimized with the Yoast SEO plugin v26.4 - https:\/\/yoast.com\/wordpress\/plugins\/seo\/ -->\n<title>Medidor humedad RDM-3-PKG - Abaa tienda online<\/title>\n<meta name=\"robots\" content=\"index, follow, max-snippet:-1, max-image-preview:large, max-video-preview:-1\" \/>\n<link rel=\"canonical\" href=\"https:\/\/abaa.mx\/tienda\/medidor-humedad-rdm-3-pkg-rdm3-pkg\/\" \/>\n<meta property=\"og:locale\" content=\"es_MX\" \/>\n<meta property=\"og:type\" content=\"article\" \/>\n<meta property=\"og:title\" content=\"Medidor humedad RDM-3-PKG - Abaa tienda online\" \/>\n<meta property=\"og:description\" content=\"El RDM-3 es un medidor de humedad de mano lleno de caracter\u00edsticas , y es id\u00f3neo para las industrias de madera y madera. El RDM-3 es perfecto para cualquier persona que necesite recopilar y analizar informaci\u00f3n estad\u00edstica clave.  Caracter\u00edsticas del producto:    Corrige para 69 especies de madera individuales y la temperatura (\u00b0 F y \u00b0 C).  Peso: 11 oz.  Pantalla digital clara y brillante.  La alarma audible y ajustable lo alerta cuando se ha alcanzado su MC preseleccionada.  El software opcional le permite descargar lecturas a su computadora y generar informes de Excel.  Las clavijas de contacto integrales montadas en la parte superior del medidor proporcionan una penetraci\u00f3n de 5\/16 &quot;.  El temporizador de apagado autom\u00e1tico ahorra bater\u00eda.  Bater\u00eda de 9V.  La construcci\u00f3n robusta garantiza a\u00f1os de uso confiable.  1% de resoluci\u00f3n MC.  Temperatura de funcionamiento -4 \u00b0 a158 \u00b0 F (-20 \u00b0 - 70 \u00b0 C).  El conector incorporado acepta cualquier electrodo Delmhorst.  Escala de madera del 5% -60%.  Tama\u00f1o: 8 \u00bd &quot;x 3 3\/8&quot; x 1 \u00be &quot;.  Ver lecturas almacenadas en la pantalla.  1 a\u00f1o de garant\u00eda.  Organice las lecturas por trabajo para una referencia f\u00e1cil.  Almacene hasta 1400 lecturas con sello de fecha y hora.  Estuche r\u00edgido de pl\u00e1stico.\" \/>\n<meta property=\"og:url\" content=\"https:\/\/abaa.mx\/tienda\/medidor-humedad-rdm-3-pkg-rdm3-pkg\/\" \/>\n<meta property=\"og:site_name\" content=\"Abaa tienda online\" \/>\n<meta property=\"article:modified_time\" content=\"2023-11-30T16:35:08+00:00\" \/>\n<meta property=\"og:image\" content=\"https:\/\/abaa.mx\/tienda\/wp-content\/uploads\/2023\/11\/DELMHORTS-RDM3-PKG-1.jpg\" \/>\n\t<meta property=\"og:image:width\" content=\"479\" \/>\n\t<meta property=\"og:image:height\" content=\"590\" \/>\n\t<meta property=\"og:image:type\" content=\"image\/jpeg\" \/>\n<meta name=\"twitter:card\" content=\"summary_large_image\" \/>\n<meta name=\"twitter:label1\" content=\"Tiempo de lectura\" \/>\n\t<meta name=\"twitter:data1\" content=\"1 minuto\" \/>\n<script type=\"application\/ld+json\" class=\"yoast-schema-graph\">{\"@context\":\"https:\/\/schema.org\",\"@graph\":[{\"@type\":\"WebPage\",\"@id\":\"https:\/\/abaa.mx\/tienda\/medidor-humedad-rdm-3-pkg-rdm3-pkg\/\",\"url\":\"https:\/\/abaa.mx\/tienda\/medidor-humedad-rdm-3-pkg-rdm3-pkg\/\",\"name\":\"Medidor humedad RDM-3-PKG - Abaa tienda online\",\"isPartOf\":{\"@id\":\"https:\/\/abaa.mx\/tienda\/#website\"},\"primaryImageOfPage\":{\"@id\":\"https:\/\/abaa.mx\/tienda\/medidor-humedad-rdm-3-pkg-rdm3-pkg\/#primaryimage\"},\"image\":{\"@id\":\"https:\/\/abaa.mx\/tienda\/medidor-humedad-rdm-3-pkg-rdm3-pkg\/#primaryimage\"},\"thumbnailUrl\":\"https:\/\/abaa.mx\/tienda\/wp-content\/uploads\/2023\/11\/DELMHORTS-RDM3-PKG-1.jpg\",\"datePublished\":\"2023-11-08T15:18:08+00:00\",\"dateModified\":\"2023-11-30T16:35:08+00:00\",\"breadcrumb\":{\"@id\":\"https:\/\/abaa.mx\/tienda\/medidor-humedad-rdm-3-pkg-rdm3-pkg\/#breadcrumb\"},\"inLanguage\":\"es\",\"potentialAction\":[{\"@type\":\"ReadAction\",\"target\":[\"https:\/\/abaa.mx\/tienda\/medidor-humedad-rdm-3-pkg-rdm3-pkg\/\"]}]},{\"@type\":\"ImageObject\",\"inLanguage\":\"es\",\"@id\":\"https:\/\/abaa.mx\/tienda\/medidor-humedad-rdm-3-pkg-rdm3-pkg\/#primaryimage\",\"url\":\"https:\/\/abaa.mx\/tienda\/wp-content\/uploads\/2023\/11\/DELMHORTS-RDM3-PKG-1.jpg\",\"contentUrl\":\"https:\/\/abaa.mx\/tienda\/wp-content\/uploads\/2023\/11\/DELMHORTS-RDM3-PKG-1.jpg\",\"width\":479,\"height\":590,\"caption\":\"DELMHORTS-RDM3-PKG\"},{\"@type\":\"BreadcrumbList\",\"@id\":\"https:\/\/abaa.mx\/tienda\/medidor-humedad-rdm-3-pkg-rdm3-pkg\/#breadcrumb\",\"itemListElement\":[{\"@type\":\"ListItem\",\"position\":1,\"name\":\"Inicio\",\"item\":\"https:\/\/abaa.mx\/tienda\/\"},{\"@type\":\"ListItem\",\"position\":2,\"name\":\"Tienda\",\"item\":\"https:\/\/abaa.mx\/tienda\/\"},{\"@type\":\"ListItem\",\"position\":3,\"name\":\"Medidor humedad RDM-3-PKG\"}]},{\"@type\":\"WebSite\",\"@id\":\"https:\/\/abaa.mx\/tienda\/#website\",\"url\":\"https:\/\/abaa.mx\/tienda\/\",\"name\":\"Abaa tienda online\",\"description\":\"Instrumentos de medici\u00f3n\",\"publisher\":{\"@id\":\"https:\/\/abaa.mx\/tienda\/#organization\"},\"potentialAction\":[{\"@type\":\"SearchAction\",\"target\":{\"@type\":\"EntryPoint\",\"urlTemplate\":\"https:\/\/abaa.mx\/tienda\/?s={search_term_string}\"},\"query-input\":{\"@type\":\"PropertyValueSpecification\",\"valueRequired\":true,\"valueName\":\"search_term_string\"}}],\"inLanguage\":\"es\"},{\"@type\":\"Organization\",\"@id\":\"https:\/\/abaa.mx\/tienda\/#organization\",\"name\":\"Abaa tienda online\",\"url\":\"https:\/\/abaa.mx\/tienda\/\",\"logo\":{\"@type\":\"ImageObject\",\"inLanguage\":\"es\",\"@id\":\"https:\/\/abaa.mx\/tienda\/#\/schema\/logo\/image\/\",\"url\":\"https:\/\/abaa.mx\/tienda\/wp-content\/uploads\/2024\/01\/abaa-metrologia-tienda.png\",\"contentUrl\":\"https:\/\/abaa.mx\/tienda\/wp-content\/uploads\/2024\/01\/abaa-metrologia-tienda.png\",\"width\":300,\"height\":141,\"caption\":\"Abaa tienda online\"},\"image\":{\"@id\":\"https:\/\/abaa.mx\/tienda\/#\/schema\/logo\/image\/\"}}]}<\/script>\n<!-- \/ Yoast SEO plugin. -->","yoast_head_json":{"title":"Medidor humedad RDM-3-PKG - Abaa tienda online","robots":{"index":"index","follow":"follow","max-snippet":"max-snippet:-1","max-image-preview":"max-image-preview:large","max-video-preview":"max-video-preview:-1"},"canonical":"https:\/\/abaa.mx\/tienda\/medidor-humedad-rdm-3-pkg-rdm3-pkg\/","og_locale":"es_MX","og_type":"article","og_title":"Medidor humedad RDM-3-PKG - Abaa tienda online","og_description":"El RDM-3 es un medidor de humedad de mano lleno de caracter\u00edsticas , y es id\u00f3neo para las industrias de madera y madera. El RDM-3 es perfecto para cualquier persona que necesite recopilar y analizar informaci\u00f3n estad\u00edstica clave.  Caracter\u00edsticas del producto:    Corrige para 69 especies de madera individuales y la temperatura (\u00b0 F y \u00b0 C).  Peso: 11 oz.  Pantalla digital clara y brillante.  La alarma audible y ajustable lo alerta cuando se ha alcanzado su MC preseleccionada.  El software opcional le permite descargar lecturas a su computadora y generar informes de Excel.  Las clavijas de contacto integrales montadas en la parte superior del medidor proporcionan una penetraci\u00f3n de 5\/16 \".  El temporizador de apagado autom\u00e1tico ahorra bater\u00eda.  Bater\u00eda de 9V.  La construcci\u00f3n robusta garantiza a\u00f1os de uso confiable.  1% de resoluci\u00f3n MC.  Temperatura de funcionamiento -4 \u00b0 a158 \u00b0 F (-20 \u00b0 - 70 \u00b0 C).  El conector incorporado acepta cualquier electrodo Delmhorst.  Escala de madera del 5% -60%.  Tama\u00f1o: 8 \u00bd \"x 3 3\/8\" x 1 \u00be \".  Ver lecturas almacenadas en la pantalla.  1 a\u00f1o de garant\u00eda.  Organice las lecturas por trabajo para una referencia f\u00e1cil.  Almacene hasta 1400 lecturas con sello de fecha y hora.  Estuche r\u00edgido de pl\u00e1stico.","og_url":"https:\/\/abaa.mx\/tienda\/medidor-humedad-rdm-3-pkg-rdm3-pkg\/","og_site_name":"Abaa tienda online","article_modified_time":"2023-11-30T16:35:08+00:00","og_image":[{"width":479,"height":590,"url":"https:\/\/abaa.mx\/tienda\/wp-content\/uploads\/2023\/11\/DELMHORTS-RDM3-PKG-1.jpg","type":"image\/jpeg"}],"twitter_card":"summary_large_image","twitter_misc":{"Tiempo de lectura":"1 minuto"},"schema":{"@context":"https:\/\/schema.org","@graph":[{"@type":"WebPage","@id":"https:\/\/abaa.mx\/tienda\/medidor-humedad-rdm-3-pkg-rdm3-pkg\/","url":"https:\/\/abaa.mx\/tienda\/medidor-humedad-rdm-3-pkg-rdm3-pkg\/","name":"Medidor humedad RDM-3-PKG - Abaa tienda online","isPartOf":{"@id":"https:\/\/abaa.mx\/tienda\/#website"},"primaryImageOfPage":{"@id":"https:\/\/abaa.mx\/tienda\/medidor-humedad-rdm-3-pkg-rdm3-pkg\/#primaryimage"},"image":{"@id":"https:\/\/abaa.mx\/tienda\/medidor-humedad-rdm-3-pkg-rdm3-pkg\/#primaryimage"},"thumbnailUrl":"https:\/\/abaa.mx\/tienda\/wp-content\/uploads\/2023\/11\/DELMHORTS-RDM3-PKG-1.jpg","datePublished":"2023-11-08T15:18:08+00:00","dateModified":"2023-11-30T16:35:08+00:00","breadcrumb":{"@id":"https:\/\/abaa.mx\/tienda\/medidor-humedad-rdm-3-pkg-rdm3-pkg\/#breadcrumb"},"inLanguage":"es","potentialAction":[{"@type":"ReadAction","target":["https:\/\/abaa.mx\/tienda\/medidor-humedad-rdm-3-pkg-rdm3-pkg\/"]}]},{"@type":"ImageObject","inLanguage":"es","@id":"https:\/\/abaa.mx\/tienda\/medidor-humedad-rdm-3-pkg-rdm3-pkg\/#primaryimage","url":"https:\/\/abaa.mx\/tienda\/wp-content\/uploads\/2023\/11\/DELMHORTS-RDM3-PKG-1.jpg","contentUrl":"https:\/\/abaa.mx\/tienda\/wp-content\/uploads\/2023\/11\/DELMHORTS-RDM3-PKG-1.jpg","width":479,"height":590,"caption":"DELMHORTS-RDM3-PKG"},{"@type":"BreadcrumbList","@id":"https:\/\/abaa.mx\/tienda\/medidor-humedad-rdm-3-pkg-rdm3-pkg\/#breadcrumb","itemListElement":[{"@type":"ListItem","position":1,"name":"Inicio","item":"https:\/\/abaa.mx\/tienda\/"},{"@type":"ListItem","position":2,"name":"Tienda","item":"https:\/\/abaa.mx\/tienda\/"},{"@type":"ListItem","position":3,"name":"Medidor humedad RDM-3-PKG"}]},{"@type":"WebSite","@id":"https:\/\/abaa.mx\/tienda\/#website","url":"https:\/\/abaa.mx\/tienda\/","name":"Abaa tienda online","description":"Instrumentos de medici\u00f3n","publisher":{"@id":"https:\/\/abaa.mx\/tienda\/#organization"},"potentialAction":[{"@type":"SearchAction","target":{"@type":"EntryPoint","urlTemplate":"https:\/\/abaa.mx\/tienda\/?s={search_term_string}"},"query-input":{"@type":"PropertyValueSpecification","valueRequired":true,"valueName":"search_term_string"}}],"inLanguage":"es"},{"@type":"Organization","@id":"https:\/\/abaa.mx\/tienda\/#organization","name":"Abaa tienda online","url":"https:\/\/abaa.mx\/tienda\/","logo":{"@type":"ImageObject","inLanguage":"es","@id":"https:\/\/abaa.mx\/tienda\/#\/schema\/logo\/image\/","url":"https:\/\/abaa.mx\/tienda\/wp-content\/uploads\/2024\/01\/abaa-metrologia-tienda.png","contentUrl":"https:\/\/abaa.mx\/tienda\/wp-content\/uploads\/2024\/01\/abaa-metrologia-tienda.png","width":300,"height":141,"caption":"Abaa tienda online"},"image":{"@id":"https:\/\/abaa.mx\/tienda\/#\/schema\/logo\/image\/"}}]}},"_links":{"self":[{"href":"https:\/\/abaa.mx\/tienda\/wp-json\/wp\/v2\/product\/8622","targetHints":{"allow":["GET"]}}],"collection":[{"href":"https:\/\/abaa.mx\/tienda\/wp-json\/wp\/v2\/product"}],"about":[{"href":"https:\/\/abaa.mx\/tienda\/wp-json\/wp\/v2\/types\/product"}],"replies":[{"embeddable":true,"href":"https:\/\/abaa.mx\/tienda\/wp-json\/wp\/v2\/comments?post=8622"}],"wp:featuredmedia":[{"embeddable":true,"href":"https:\/\/abaa.mx\/tienda\/wp-json\/wp\/v2\/media\/8624"}],"wp:attachment":[{"href":"https:\/\/abaa.mx\/tienda\/wp-json\/wp\/v2\/media?parent=8622"}],"wp:term":[{"taxonomy":"product_brand","embeddable":true,"href":"https:\/\/abaa.mx\/tienda\/wp-json\/wp\/v2\/product_brand?post=8622"},{"taxonomy":"product_cat","embeddable":true,"href":"https:\/\/abaa.mx\/tienda\/wp-json\/wp\/v2\/product_cat?post=8622"},{"taxonomy":"product_tag","embeddable":true,"href":"https:\/\/abaa.mx\/tienda\/wp-json\/wp\/v2\/product_tag?post=8622"}],"curies":[{"name":"wp","href":"https:\/\/api.w.org\/{rel}","templated":true}]}}